{"id":20565,"date":"2021-03-30T16:06:29","date_gmt":"2021-03-30T14:06:29","guid":{"rendered":"https:\/\/catapa.be\/?page_id=20565"},"modified":"2021-12-14T10:31:27","modified_gmt":"2021-12-14T09:31:27","slug":"become-a-member","status":"publish","type":"page","link":"https:\/\/catapa.be\/en\/act-now\/become-a-member\/","title":{"rendered":"Become a member!"},"content":{"rendered":"<div class=\"wpb-content-wrapper\"><p>[vc_row][vc_column][vc_column_text]<\/p>\n<h2><strong>The General Meeting of CATAPA<\/strong><\/h2>\n<p>The General Meeting (GM) is the highest decision-making body of a non-profit organization. The GM consists of all members of CATAPA. All members have equal voting rights in the GM. New members receive the right to vote once their membership has been approved at the beginning of the next GM.<\/p>\n<p>The members of the GM decide together on changes to the articles of association, the appointment and resignation of the members of the board, the approval of the accounts and the budget&#8230; This may sound administrative, but it is a concrete way to get to know the organization better and to have your say in the direction we take!<\/p>\n<p>The GM meets at least once a year, usually in April or May (virtually in times of pandemic). Exceptionally, an Extraordinary GM can be convened. All members are personally invited to the meeting, and receive the agenda and accompanying documents such as the annual report and the budget in advance.[\/vc_column_text][vc_tta_tabs active_section=&#8221;1&#8243;][vc_tta_section title=&#8221;How do I become a member?&#8221; tab_id=&#8221;how-to-become-a-member&#8221;][vc_column_text]CATAPA is always open to new members!<\/p>\n<ul>\n<li>Members endorse <a href=\"https:\/\/catapa.be\/en\/about-us\/vision-mission\/\">the vision and mission of CATAPA<\/a><\/li>\n<li>As a member of the GM you pay an annual membership fee of \u20ac 20<\/li>\n<li>All members together form the GM and are invited to the annual and extraordinary meetings<\/li>\n<li>All members have equal voting rights in the GM<\/li>\n<\/ul>\n<p>You can register your membership <a href=\"https:\/\/docs.google.com\/forms\/d\/e\/1FAIpQLSeoIhKWaUxvbbmHuRR_zbw0B_3YqRSoGHSFQxx_Wq6g1_GiRw\/viewform?vc=0&amp;c=0&amp;w=1&amp;flr=0\">using this form<\/a>. You can transfer the membership of 20 \u20ac to <strong>BE49 9795 2861 7871<\/strong> to CATAPA, with the message \u201c<strong>GM membership [year]<\/strong>\u201d.<\/p>\n<p>New memberships will be approved at the beginning of the next GM.<\/p>\n<p>More information about the rights and obligations, and procedures associated with membership of the GM, can be found <a href=\"https:\/\/catapa.be\/?p=27175#rights-and-obligations-members\">here<\/a>.[\/vc_column_text][\/vc_tta_section][vc_tta_section title=&#8221;Rights and obligations of the members&#8221; tab_id=&#8221;rights-and-obligations-members&#8221;][vc_column_text]The GM consists of all members of CATAPA. All members have equal voting rights in the GM. Members subscribe to the mission and vision of CATAPA and pay an annual membership of 20 euros.<\/p>\n<p>New members are nominated by the Board of Directors at the AGM, which approves their entry.<\/p>\n<p>Members can withdraw from the organisation at any time by sending a formal letter (by e-mail) to the president of the board. The resignation will take effect one month after this writing.<\/p>\n<p>When a member of the GM acts contrary to the objectives of the organisation as formulated in the mission and vision, membership can be terminated.<\/p>\n<p>The GM decides on:<\/p>\n<ul>\n<li>the amendment of the articles of association<\/li>\n<li>the appointment and resignation of the members of the board<\/li>\n<li>the granting of discharge of the members of the board<\/li>\n<li>the approval of the budget and the accounts<\/li>\n<li>the dissolution of the association<\/li>\n<li>the exclusion of a member of the GM<\/li>\n<li>the conversion of the association into a company with a social purpose<\/li>\n<\/ul>\n<p>The GM meets at least once a year, usually in April or May (virtually in times of pandemic). Exceptionally, an Extraordinary General Meeting can be convened.<\/p>\n<p>All members are personally invited to the meeting, and receive the agenda and accompanying documents such as the annual report and the budget in advance.<\/p>\n<p>At least half of the members must be present or represented in order to validly deliberate. Decisions are taken by simple majority of the votes of the members present or represented.<\/p>\n<p>Members who are unable to attend the GM can be represented by another member by means of a signed proxy, which must be submitted in advance to the president of CATAPA. Each member can hold a maximum of two proxies.<\/p>\n<p>If you wish, you can consult <a href=\"https:\/\/www.staatsbladmonitor.be\/bedrijfsfiche.html?ondernemingsnummer=0895316433\">the full articles of association here<\/a> (in Dutch).[\/vc_column_text][\/vc_tta_section][\/vc_tta_tabs][vc_column_text]If you have any questions about the responsibilities of the GM, about how to become a member, or if you are facing financial barriers to accessing membership, you can contact us via <u>fien.vandenbussche [at] catapa.be<\/u><\/p>\n<p>See you soon at our next General Meeting![\/vc_column_text][\/vc_column][\/vc_row]<\/p>\n<\/div>","protected":false},"excerpt":{"rendered":"<p>[vc_row][vc_column][vc_column_text] The General Meeting of CATAPA The General Meeting (GM) is the highest decision-making body of a non-profit organization. The GM consists of all members of CATAPA. All members have equal voting rights in the<br \/><a class=\"read-more\" href=\"https:\/\/catapa.be\/en\/act-now\/become-a-member\/\">Read More<\/a><\/p>\n","protected":false},"author":10,"featured_media":0,"parent":2690,"menu_order":0,"comment_status":"closed","ping_status":"closed","template":"","meta":{"_exactmetrics_skip_tracking":false,"_exactmetrics_sitenote_active":false,"_exactmetrics_sitenote_note":"","_exactmetrics_sitenote_category":0,"jetpack_post_was_ever_published":false,"footnotes":""},"class_list":["post-20565","page","type-page","status-publish","hentry"],"yoast_head":"<!-- This site is optimized with the Yoast SEO plugin v26.8 - https:\/\/yoast.com\/product\/yoast-seo-wordpress\/ -->\n<title>Become a member! - CATAPA vzw<\/title>\n<meta name=\"robots\" content=\"index, follow, max-snippet:-1, max-image-preview:large, max-video-preview:-1\" \/>\n<link rel=\"canonical\" href=\"https:\/\/catapa.be\/en\/act-now\/become-a-member\/\" \/>\n<meta property=\"og:locale\" content=\"en_US\" \/>\n<meta property=\"og:type\" content=\"article\" \/>\n<meta property=\"og:title\" content=\"Become a member! - CATAPA vzw\" \/>\n<meta property=\"og:description\" content=\"[vc_row][vc_column][vc_column_text] The General Meeting of CATAPA The General Meeting (GM) is the highest decision-making body of a non-profit organization. The GM consists of all members of CATAPA. All members have equal voting rights in theRead More\" \/>\n<meta property=\"og:url\" content=\"https:\/\/catapa.be\/en\/act-now\/become-a-member\/\" \/>\n<meta property=\"og:site_name\" content=\"CATAPA vzw\" \/>\n<meta property=\"article:publisher\" content=\"https:\/\/www.facebook.com\/catapa.belgium\/\" \/>\n<meta property=\"article:modified_time\" content=\"2021-12-14T09:31:27+00:00\" \/>\n<meta name=\"twitter:card\" content=\"summary_large_image\" \/>\n<meta name=\"twitter:site\" content=\"@CATAPA_Belgica\" \/>\n<meta name=\"twitter:label1\" content=\"Est. reading time\" \/>\n\t<meta name=\"twitter:data1\" content=\"3 minutes\" \/>\n<script type=\"application\/ld+json\" class=\"yoast-schema-graph\">{\"@context\":\"https:\/\/schema.org\",\"@graph\":[{\"@type\":\"WebPage\",\"@id\":\"https:\/\/catapa.be\/en\/act-now\/become-a-member\/\",\"url\":\"https:\/\/catapa.be\/en\/act-now\/become-a-member\/\",\"name\":\"Become a member! - CATAPA vzw\",\"isPartOf\":{\"@id\":\"https:\/\/catapa.be\/en\/#website\"},\"datePublished\":\"2021-03-30T14:06:29+00:00\",\"dateModified\":\"2021-12-14T09:31:27+00:00\",\"breadcrumb\":{\"@id\":\"https:\/\/catapa.be\/en\/act-now\/become-a-member\/#breadcrumb\"},\"inLanguage\":\"en-US\",\"potentialAction\":[{\"@type\":\"ReadAction\",\"target\":[\"https:\/\/catapa.be\/en\/act-now\/become-a-member\/\"]}]},{\"@type\":\"BreadcrumbList\",\"@id\":\"https:\/\/catapa.be\/en\/act-now\/become-a-member\/#breadcrumb\",\"itemListElement\":[{\"@type\":\"ListItem\",\"position\":1,\"name\":\"Home\",\"item\":\"https:\/\/catapa.be\/en\/\"},{\"@type\":\"ListItem\",\"position\":2,\"name\":\"Act Now\",\"item\":\"https:\/\/catapa.be\/en\/act-now\/\"},{\"@type\":\"ListItem\",\"position\":3,\"name\":\"Become a member!\"}]},{\"@type\":\"WebSite\",\"@id\":\"https:\/\/catapa.be\/en\/#website\",\"url\":\"https:\/\/catapa.be\/en\/\",\"name\":\"CATAPA vzw\",\"description\":\"Comit\u00e9 Acad\u00e9mico T\u00e9cnico de Asesoramiento a Problemas Ambientales\",\"publisher\":{\"@id\":\"https:\/\/catapa.be\/en\/#organization\"},\"potentialAction\":[{\"@type\":\"SearchAction\",\"target\":{\"@type\":\"EntryPoint\",\"urlTemplate\":\"https:\/\/catapa.be\/en\/?s={search_term_string}\"},\"query-input\":{\"@type\":\"PropertyValueSpecification\",\"valueRequired\":true,\"valueName\":\"search_term_string\"}}],\"inLanguage\":\"en-US\"},{\"@type\":\"Organization\",\"@id\":\"https:\/\/catapa.be\/en\/#organization\",\"name\":\"CATAPA vzw\",\"url\":\"https:\/\/catapa.be\/en\/\",\"logo\":{\"@type\":\"ImageObject\",\"inLanguage\":\"en-US\",\"@id\":\"https:\/\/catapa.be\/en\/#\/schema\/logo\/image\/\",\"url\":\"https:\/\/i0.wp.com\/catapa.be\/wp-content\/uploads\/2019\/02\/NEW20LOGO20SHORT20PNG1.png?fit=1259%2C1321&ssl=1\",\"contentUrl\":\"https:\/\/i0.wp.com\/catapa.be\/wp-content\/uploads\/2019\/02\/NEW20LOGO20SHORT20PNG1.png?fit=1259%2C1321&ssl=1\",\"width\":1259,\"height\":1321,\"caption\":\"CATAPA vzw\"},\"image\":{\"@id\":\"https:\/\/catapa.be\/en\/#\/schema\/logo\/image\/\"},\"sameAs\":[\"https:\/\/www.facebook.com\/catapa.belgium\/\",\"https:\/\/x.com\/CATAPA_Belgica\",\"https:\/\/www.instagram.com\/catapa_vzw\/\",\"https:\/\/be.linkedin.com\/company\/catapavzw\",\"https:\/\/www.youtube.com\/channel\/UCE52-Fiyv-Fpqf2gi1qhf1g\"]}]}<\/script>\n<!-- \/ Yoast SEO plugin. -->","yoast_head_json":{"title":"Become a member! - CATAPA vzw","robots":{"index":"index","follow":"follow","max-snippet":"max-snippet:-1","max-image-preview":"max-image-preview:large","max-video-preview":"max-video-preview:-1"},"canonical":"https:\/\/catapa.be\/en\/act-now\/become-a-member\/","og_locale":"en_US","og_type":"article","og_title":"Become a member! - CATAPA vzw","og_description":"[vc_row][vc_column][vc_column_text] The General Meeting of CATAPA The General Meeting (GM) is the highest decision-making body of a non-profit organization. The GM consists of all members of CATAPA. All members have equal voting rights in theRead More","og_url":"https:\/\/catapa.be\/en\/act-now\/become-a-member\/","og_site_name":"CATAPA vzw","article_publisher":"https:\/\/www.facebook.com\/catapa.belgium\/","article_modified_time":"2021-12-14T09:31:27+00:00","twitter_card":"summary_large_image","twitter_site":"@CATAPA_Belgica","twitter_misc":{"Est. reading time":"3 minutes"},"schema":{"@context":"https:\/\/schema.org","@graph":[{"@type":"WebPage","@id":"https:\/\/catapa.be\/en\/act-now\/become-a-member\/","url":"https:\/\/catapa.be\/en\/act-now\/become-a-member\/","name":"Become a member! - CATAPA vzw","isPartOf":{"@id":"https:\/\/catapa.be\/en\/#website"},"datePublished":"2021-03-30T14:06:29+00:00","dateModified":"2021-12-14T09:31:27+00:00","breadcrumb":{"@id":"https:\/\/catapa.be\/en\/act-now\/become-a-member\/#breadcrumb"},"inLanguage":"en-US","potentialAction":[{"@type":"ReadAction","target":["https:\/\/catapa.be\/en\/act-now\/become-a-member\/"]}]},{"@type":"BreadcrumbList","@id":"https:\/\/catapa.be\/en\/act-now\/become-a-member\/#breadcrumb","itemListElement":[{"@type":"ListItem","position":1,"name":"Home","item":"https:\/\/catapa.be\/en\/"},{"@type":"ListItem","position":2,"name":"Act Now","item":"https:\/\/catapa.be\/en\/act-now\/"},{"@type":"ListItem","position":3,"name":"Become a member!"}]},{"@type":"WebSite","@id":"https:\/\/catapa.be\/en\/#website","url":"https:\/\/catapa.be\/en\/","name":"CATAPA vzw","description":"Comit\u00e9 Acad\u00e9mico T\u00e9cnico de Asesoramiento a Problemas Ambientales","publisher":{"@id":"https:\/\/catapa.be\/en\/#organization"},"potentialAction":[{"@type":"SearchAction","target":{"@type":"EntryPoint","urlTemplate":"https:\/\/catapa.be\/en\/?s={search_term_string}"},"query-input":{"@type":"PropertyValueSpecification","valueRequired":true,"valueName":"search_term_string"}}],"inLanguage":"en-US"},{"@type":"Organization","@id":"https:\/\/catapa.be\/en\/#organization","name":"CATAPA vzw","url":"https:\/\/catapa.be\/en\/","logo":{"@type":"ImageObject","inLanguage":"en-US","@id":"https:\/\/catapa.be\/en\/#\/schema\/logo\/image\/","url":"https:\/\/i0.wp.com\/catapa.be\/wp-content\/uploads\/2019\/02\/NEW20LOGO20SHORT20PNG1.png?fit=1259%2C1321&ssl=1","contentUrl":"https:\/\/i0.wp.com\/catapa.be\/wp-content\/uploads\/2019\/02\/NEW20LOGO20SHORT20PNG1.png?fit=1259%2C1321&ssl=1","width":1259,"height":1321,"caption":"CATAPA vzw"},"image":{"@id":"https:\/\/catapa.be\/en\/#\/schema\/logo\/image\/"},"sameAs":["https:\/\/www.facebook.com\/catapa.belgium\/","https:\/\/x.com\/CATAPA_Belgica","https:\/\/www.instagram.com\/catapa_vzw\/","https:\/\/be.linkedin.com\/company\/catapavzw","https:\/\/www.youtube.com\/channel\/UCE52-Fiyv-Fpqf2gi1qhf1g"]}]}},"jetpack_sharing_enabled":true,"jetpack_likes_enabled":false,"jetpack-related-posts":[{"id":8849,"url":"https:\/\/catapa.be\/en\/mining-in-paradise\/","url_meta":{"origin":20565,"position":0},"title":"Mining in Paradise","author":"admin","date":"10\/01\/2019","format":false,"excerpt":"Mining in Paradise With the \u00a0campaign\u00a0Mining in Paradise, CATAPA supported the agricultural and environmental organisations in four provinces in the North of Peru that didn't want to allow mining in their region.\u00a0Because of the fact that mining companies harm human rights, cross local development plans and threaten the most bio-diverse\u2026","rel":"","context":"Similar post","block_context":{"text":"Similar post","link":""},"img":{"alt_text":"","src":"","width":0,"height":0},"classes":[]},{"id":33853,"url":"https:\/\/catapa.be\/en\/how-we-work\/catapa-campaigns-and-projects\/right-to-say-no\/right-to-say-no-gathering-in-the-andes-region\/","url_meta":{"origin":20565,"position":1},"title":"Right To Say No Gathering in the Andes Region","author":"Simon Berlo","date":"07\/08\/2023","format":false,"excerpt":"[vc_section][vc_row css=\".vc_custom_1690880892961{margin-top: 0px !important;margin-bottom: 0px !important;border-top-width: 0px !important;border-bottom-width: 0px !important;padding-top: 0px !important;padding-bottom: 0px !important;}\"][vc_column css=\".vc_custom_1690880879850{margin-top: 0px !important;margin-bottom: 0px !important;border-top-width: 0px !important;border-bottom-width: 0px !important;padding-top: 0px !important;padding-bottom: 0px !important;}\"][vc_column_text] Shared knowledge and solidarity in anti-mining struggles [\/vc_column_text][vc_column_text]Every four year, CATAPA\u2019s partners meet in the territory of one of the partner organisations during\u2026","rel":"","context":"Similar post","block_context":{"text":"Similar post","link":""},"img":{"alt_text":"","src":"","width":0,"height":0},"classes":[]},{"id":32644,"url":"https:\/\/catapa.be\/en\/catapa-celebrates-a-new-speaker-tour-with-activists-from-ecuador\/","url_meta":{"origin":20565,"position":2},"title":"The Right to Say No, from Ecuador to Belgium","author":"Estefan\u00eda","date":"07\/02\/2023","format":false,"excerpt":"[vc_row css=\".vc_custom_1675936624176{margin-top: 0px !important;margin-bottom: 0px !important;border-top-width: 0px !important;border-bottom-width: 0px !important;padding-top: 0px !important;padding-bottom: 0px !important;}\"][vc_column width=\"1\/2\"][vc_cta h2=\"CATAPA celebrates a new Speaker Tour with activists from Ecuador\"][\/vc_cta][vc_gallery type=\"flexslider_slide\" interval=\"10\" images=\"32761,32764,32755,32758,32767\" img_size=\"full\"][\/vc_column][vc_column width=\"1\/2\"][vc_cta h2=\"\" style=\"custom\" custom_background=\"#01a053\" custom_text=\"#ffffff\"]For another year, Catapa is inviting several activists from Latin America to share their first-hand account of\u2026","rel":"","context":"Similar post","block_context":{"text":"Similar post","link":""},"img":{"alt_text":"","src":"https:\/\/i0.wp.com\/catapa.be\/wp-content\/uploads\/2023\/02\/webteaser.png?fit=1200%2C675&ssl=1&resize=350%2C200","width":350,"height":200,"srcset":"https:\/\/i0.wp.com\/catapa.be\/wp-content\/uploads\/2023\/02\/webteaser.png?fit=1200%2C675&ssl=1&resize=350%2C200 1x, https:\/\/i0.wp.com\/catapa.be\/wp-content\/uploads\/2023\/02\/webteaser.png?fit=1200%2C675&ssl=1&resize=525%2C300 1.5x, https:\/\/i0.wp.com\/catapa.be\/wp-content\/uploads\/2023\/02\/webteaser.png?fit=1200%2C675&ssl=1&resize=700%2C400 2x, https:\/\/i0.wp.com\/catapa.be\/wp-content\/uploads\/2023\/02\/webteaser.png?fit=1200%2C675&ssl=1&resize=1050%2C600 3x"},"classes":[]},{"id":20579,"url":"https:\/\/catapa.be\/es\/actua-ahora\/hazte-miembro\/","url_meta":{"origin":20565,"position":3},"title":"\u00a1Hazte miembro!","author":"Alberto V\u00e1zquez Ruiz","date":"30\/03\/2021","format":false,"excerpt":"[vc_row][vc_column][vc_column_text] La Asamblea General de CATAPA La Asamblea General (AG) es el m\u00e1ximo \u00f3rgano de toma de decisiones de una organizaci\u00f3n sin fines de lucro. La AG est\u00e1 formada por quienes tengan membres\u00eda dentro de CATAPA. La membres\u00eda implica un derecho de voto igual dentro de la AG. Cada nueva\u2026","rel":"","context":"Similar post","block_context":{"text":"Similar post","link":""},"img":{"alt_text":"","src":"","width":0,"height":0},"classes":[]},{"id":2688,"url":"https:\/\/catapa.be\/en\/how-we-work\/partners\/","url_meta":{"origin":20565,"position":4},"title":"Partners","author":"Alienor de Sas","date":"20\/05\/2018","format":false,"excerpt":"[vc_row][vc_column width=\"1\/2\"][vc_single_image image=\"11574\" img_size=\"medium\" alignment=\"center\"][vc_custom_heading text=\"Bolivia\" font_container=\"tag:h2|text_align:center|color:%23009c55\" google_fonts=\"font_family:Quicksand%3A300%2Cregular%2C700|font_style:700%20bold%20regular%3A700%3Anormal\"][vc_tta_pageable no_fill_content_area=\"1\" active_section=\"0\" pagination_color=\"black\" tab_position=\"top\"][vc_tta_section title=\"Sectie 1\" tab_id=\"CEPA-EN\"][vc_column_text] CEPA Our Bolivian partner organization is CEPA, Centro de Ecolog\u00eda y Pueblos Andinos, (Centre for Ecology and the Peoples of the Andes). CEPA \u2013 as its name suggests\u2013 focuses on ecological problems and the indigenous\u2026","rel":"","context":"Similar post","block_context":{"text":"Similar post","link":""},"img":{"alt_text":"","src":"https:\/\/i0.wp.com\/catapa.be\/wp-content\/uploads\/2019\/01\/cepa.jpg?resize=350%2C200","width":350,"height":200},"classes":[]},{"id":20576,"url":"https:\/\/catapa.be\/nl\/doe-mee\/word-lid\/","url_meta":{"origin":20565,"position":5},"title":"Word lid!","author":"Alberto V\u00e1zquez Ruiz","date":"30\/03\/2021","format":false,"excerpt":"[vc_row][vc_column][vc_column_text] De Algemene Vergadering van CATAPA De Algemene Vergadering (AV) is het hoogste beslissingsorgaan van een VZW. De AV bestaat uit alle leden van CATAPA. Alle leden hebben gelijk stemrecht in de AV. Nieuwe leden verkrijgen stemrecht eens hun lidmaatschap is goedgekeurd aan het begin van de eerstvolgende AV. Samen\u2026","rel":"","context":"Similar post","block_context":{"text":"Similar post","link":""},"img":{"alt_text":"","src":"","width":0,"height":0},"classes":[]}],"_links":{"self":[{"href":"https:\/\/catapa.be\/en\/wp-json\/wp\/v2\/pages\/20565","targetHints":{"allow":["GET"]}}],"collection":[{"href":"https:\/\/catapa.be\/en\/wp-json\/wp\/v2\/pages"}],"about":[{"href":"https:\/\/catapa.be\/en\/wp-json\/wp\/v2\/types\/page"}],"author":[{"embeddable":true,"href":"https:\/\/catapa.be\/en\/wp-json\/wp\/v2\/users\/10"}],"replies":[{"embeddable":true,"href":"https:\/\/catapa.be\/en\/wp-json\/wp\/v2\/comments?post=20565"}],"version-history":[{"count":8,"href":"https:\/\/catapa.be\/en\/wp-json\/wp\/v2\/pages\/20565\/revisions"}],"predecessor-version":[{"id":27255,"href":"https:\/\/catapa.be\/en\/wp-json\/wp\/v2\/pages\/20565\/revisions\/27255"}],"up":[{"embeddable":true,"href":"https:\/\/catapa.be\/en\/wp-json\/wp\/v2\/pages\/2690"}],"wp:attachment":[{"href":"https:\/\/catapa.be\/en\/wp-json\/wp\/v2\/media?parent=20565"}],"curies":[{"name":"wp","href":"https:\/\/api.w.org\/{rel}","templated":true}]}}