{"id":2682,"date":"2018-05-20T10:10:11","date_gmt":"2018-05-20T10:10:11","guid":{"rendered":"http:\/\/catapa.be\/?page_id=2682"},"modified":"2020-01-20T09:44:12","modified_gmt":"2020-01-20T08:44:12","slug":"strategy","status":"publish","type":"page","link":"https:\/\/catapa.be\/en\/how-we-work\/strategy\/","title":{"rendered":"Strategy"},"content":{"rendered":"<div class=\"wpb-content-wrapper\"><p>[vc_row css=&#8221;.vc_custom_1533807373745{margin-top: -50px !important;margin-bottom: 50px !important;}&#8221;][vc_column][vc_cta h2=&#8221;CATAPA is a critical movement of active citizens.&#8221; h4=&#8221;Across borders, we fight in a horizontal way for a world where exploitation of non-sustainable resources won\u2019t be any longer needed.&#8221; style=&#8221;custom&#8221; css_animation=&#8221;none&#8221; custom_background=&#8221;#01a053&#8243; custom_text=&#8221;#ffffff&#8221;][\/vc_cta][\/vc_column][\/vc_row][vc_row full_width=&#8221;stretch_row&#8221; content_placement=&#8221;middle&#8221; css=&#8221;.vc_custom_1533808586582{margin-top: -100px !important;background-color: #f7f7f7 !important;}&#8221;][vc_column][vc_column_text]<span style=\"font-weight: 400;\">CATAPA\u00a0is\u00a0a critical <strong>movement<\/strong> of active citizens. Across borders, we fight in an horizontal way for a world where exploitation of non-sustainable resources won\u2019t be any longer needed. We engage for a transition towards a model that guarantees socio-ecological and economic justice. Catapa is a voluntary movement and is part of a global <strong>network<\/strong>\u00a0of grassroots movements in which we bring different main actors in touch and foster mutual strengthening and support.<\/span><\/p>\n<p><span style=\"font-weight: 400;\">Through <strong>educational activities<\/strong> and <strong>campaigns<\/strong> we raise awareness of the issues linked to the metal industry. We encourage the public to adopt a critical use of products containing metal and to react towards all the forms of injustice that go along with open-pit mining. Through that, we aim to create a society living in a more conscious and reasonable manner, and therefore consuming less resources. We organize <a href=\"https:\/\/catapa.be\/en\/act-now\/lectures-and-workshops\/\">workshops and lectures<\/a> in Brussels and Flanders, directed towards high school students and (young) adults. In addition to a broad range of events, we also organize yearly educational activities such as our Open Min(e)d week. On those occasions we invite guest lecturers from our partner organizations to give speeches during one week in universities and academies, and to share their stories during specific events. Another important yearly event is our documentary festival \u2013 <i>Doculatino<\/i> \u2013 that takes place in different Flemish cities as well as in Brussels. Eventually, through the <a href=\"https:\/\/catapa.be\/en\/act-now\/become-a-change-maker\/\">Changemakers programme,<\/a> we offer Catapistas a training during which they can acquire useful skills that would allow them to become inspiring changemakers and take concrete actions to bring positive change in the world.<\/span><\/p>\n<p><span style=\"font-weight: 400;\">Trough <strong>research<\/strong> we look for alternative consumption and production models. We work on this in cooperation with academies and universities (for instance, through support with<a href=\"\/?page_id=2696\"> thesis<\/a>). Together with our <a href=\"https:\/\/catapa.be\/en\/how-we-work\/partners\/\">partners<\/a> from <a href=\"https:\/\/catapa.be\/en\/cases\/peru\/\">Peru<\/a>, <a href=\"https:\/\/catapa.be\/en\/cases\/colombia\/\">Colombia<\/a>, <a href=\"https:\/\/catapa.be\/en\/cases\/ecuador\/\">Ecuador<\/a> and <a href=\"https:\/\/catapa.be\/en\/bolivia\/\">Bolivia<\/a> we search for solutions concerning the pollution caused by mining and we map the impacts of exploitation sites. As an example we are running a project \u2013 in cooperation with the organization GRUFIDES as well as with local communities from Cajamarca in Peru \u2013 to test the quality of water in the areas where mining sites are present and verify it is drinkable. In Bolivia we are working in cooperation with CEPA and CORIDUP to install rainwater recollection devices. This latter project is motivated by the fact that the groundwater in the region has been seriously contaminated as a consequence of decades of mining activities. These are only a few of our running projects in Latin America (<em>see cases<\/em>). Catapa only takes action upon request and in cooperation with local communities. In Europe we also look for alternatives. The <a href=\"https:\/\/catapa.be\/en\/project-nemo\/\">NEMO project<\/a> for example aims at introducing a new ecofriendly technology for the recycling of metals from mining waste. In this project CATAPA will represent the perspective of the local communities on the introduction of the new technologies towards other project partners.<\/span><\/p>\n<p><span style=\"font-weight: 400;\">Our awareness and research-related projects are momentarily organized under the <a href=\"https:\/\/catapa.be\/en\/how-we-work\/catapa-campaigns-and-projects\/\"><strong>Make ICT Fair<\/strong> campaign,<\/a>\u00a0on which we work with other 10 European partners. The objective of this three-year long campaign is to reach a more sustainable system where human rights and the environment are respected throughout the whole ICT supply chain, from the extraction of the metals to the assemblage and consumption of the final products.<\/span><\/p>\n<p><span style=\"font-weight: 400;\">We also try to raise awareness among key actors of the metal circuit \u00a0&#8211; production companies but also important customers and public buyers, such as government institutions and schools \u2013 regarding the different issues existing. Doing so, we aim to work together on potential solutions. For the next few years, we plan to put our attention on public procurement through the <a href=\"https:\/\/catapa.be\/en\/fair-ict-flanders\/\">project <strong>Fair ICT Flanders<\/strong><\/a>. The objective is to encourage both government institutions and companies to choose for sustainable and fair ICT products, and therefore, to have a positive impact upon the offer of fair and sustainable alternatives. This latter project is part of a great deal of the CATAPA <strong>lobbying<\/strong> action, through which we strive to convince local, national and European authorities to support more sustainable alternatives. With this objective in mind, we organized for example in January 2018 a conference within the European Parliament called <a href=\"https:\/\/catapa.be\/en\/defensoras\/\">&#8220;Women, gender equality and climate justice: a case for the <em>defensoras<\/em>&#8220;<\/a><\/span><span style=\"font-weight: 400;\">,<\/span><span style=\"font-weight: 400;\">\u00a0with the aim to show the necessity of addressing issues linked with women rights within the extractive industry<\/span><span style=\"font-weight: 400;\">. <\/span>[\/vc_column_text][\/vc_column][\/vc_row]<\/p>\n<\/div>","protected":false},"excerpt":{"rendered":"<p>[vc_row css=&#8221;.vc_custom_1533807373745{margin-top: -50px !important;margin-bottom: 50px !important;}&#8221;][vc_column][vc_cta h2=&#8221;CATAPA is a critical movement of active citizens.&#8221; h4=&#8221;Across borders, we fight in a horizontal way for a world where exploitation of non-sustainable resources won\u2019t be any longer needed.&#8221;<br \/><a class=\"read-more\" href=\"https:\/\/catapa.be\/en\/how-we-work\/strategy\/\">Read More<\/a><\/p>\n","protected":false},"author":2,"featured_media":0,"parent":2680,"menu_order":1,"comment_status":"closed","ping_status":"closed","template":"","meta":{"_exactmetrics_skip_tracking":false,"_exactmetrics_sitenote_active":false,"_exactmetrics_sitenote_note":"","_exactmetrics_sitenote_category":0,"jetpack_post_was_ever_published":false,"footnotes":""},"class_list":["post-2682","page","type-page","status-publish","hentry"],"yoast_head":"<!-- This site is optimized with the Yoast SEO plugin v26.8 - https:\/\/yoast.com\/product\/yoast-seo-wordpress\/ -->\n<title>Strategy - CATAPA vzw<\/title>\n<meta name=\"robots\" content=\"index, follow, max-snippet:-1, max-image-preview:large, max-video-preview:-1\" \/>\n<link rel=\"canonical\" href=\"https:\/\/catapa.be\/en\/how-we-work\/strategy\/\" \/>\n<meta property=\"og:locale\" content=\"en_US\" \/>\n<meta property=\"og:type\" content=\"article\" \/>\n<meta property=\"og:title\" content=\"Strategy - CATAPA vzw\" \/>\n<meta property=\"og:description\" content=\"[vc_row css=&#8221;.vc_custom_1533807373745{margin-top: -50px !important;margin-bottom: 50px !important;}&#8221;][vc_column][vc_cta h2=&#8221;CATAPA is a critical movement of active citizens.&#8221; h4=&#8221;Across borders, we fight in a horizontal way for a world where exploitation of non-sustainable resources won\u2019t be any longer needed.&#8221;Read More\" \/>\n<meta property=\"og:url\" content=\"https:\/\/catapa.be\/en\/how-we-work\/strategy\/\" \/>\n<meta property=\"og:site_name\" content=\"CATAPA vzw\" \/>\n<meta property=\"article:publisher\" content=\"https:\/\/www.facebook.com\/catapa.belgium\/\" \/>\n<meta property=\"article:modified_time\" content=\"2020-01-20T08:44:12+00:00\" \/>\n<meta name=\"twitter:card\" content=\"summary_large_image\" \/>\n<meta name=\"twitter:site\" content=\"@CATAPA_Belgica\" \/>\n<meta name=\"twitter:label1\" content=\"Est. reading time\" \/>\n\t<meta name=\"twitter:data1\" content=\"4 minutes\" \/>\n<script type=\"application\/ld+json\" class=\"yoast-schema-graph\">{\"@context\":\"https:\/\/schema.org\",\"@graph\":[{\"@type\":\"WebPage\",\"@id\":\"https:\/\/catapa.be\/en\/how-we-work\/strategy\/\",\"url\":\"https:\/\/catapa.be\/en\/how-we-work\/strategy\/\",\"name\":\"Strategy - CATAPA vzw\",\"isPartOf\":{\"@id\":\"https:\/\/catapa.be\/en\/#website\"},\"datePublished\":\"2018-05-20T10:10:11+00:00\",\"dateModified\":\"2020-01-20T08:44:12+00:00\",\"breadcrumb\":{\"@id\":\"https:\/\/catapa.be\/en\/how-we-work\/strategy\/#breadcrumb\"},\"inLanguage\":\"en-US\",\"potentialAction\":[{\"@type\":\"ReadAction\",\"target\":[\"https:\/\/catapa.be\/en\/how-we-work\/strategy\/\"]}]},{\"@type\":\"BreadcrumbList\",\"@id\":\"https:\/\/catapa.be\/en\/how-we-work\/strategy\/#breadcrumb\",\"itemListElement\":[{\"@type\":\"ListItem\",\"position\":1,\"name\":\"Home\",\"item\":\"https:\/\/catapa.be\/en\/\"},{\"@type\":\"ListItem\",\"position\":2,\"name\":\"How we work\",\"item\":\"https:\/\/catapa.be\/en\/how-we-work\/\"},{\"@type\":\"ListItem\",\"position\":3,\"name\":\"Strategy\"}]},{\"@type\":\"WebSite\",\"@id\":\"https:\/\/catapa.be\/en\/#website\",\"url\":\"https:\/\/catapa.be\/en\/\",\"name\":\"CATAPA vzw\",\"description\":\"Comit\u00e9 Acad\u00e9mico T\u00e9cnico de Asesoramiento a Problemas Ambientales\",\"publisher\":{\"@id\":\"https:\/\/catapa.be\/en\/#organization\"},\"potentialAction\":[{\"@type\":\"SearchAction\",\"target\":{\"@type\":\"EntryPoint\",\"urlTemplate\":\"https:\/\/catapa.be\/en\/?s={search_term_string}\"},\"query-input\":{\"@type\":\"PropertyValueSpecification\",\"valueRequired\":true,\"valueName\":\"search_term_string\"}}],\"inLanguage\":\"en-US\"},{\"@type\":\"Organization\",\"@id\":\"https:\/\/catapa.be\/en\/#organization\",\"name\":\"CATAPA vzw\",\"url\":\"https:\/\/catapa.be\/en\/\",\"logo\":{\"@type\":\"ImageObject\",\"inLanguage\":\"en-US\",\"@id\":\"https:\/\/catapa.be\/en\/#\/schema\/logo\/image\/\",\"url\":\"https:\/\/i0.wp.com\/catapa.be\/wp-content\/uploads\/2019\/02\/NEW20LOGO20SHORT20PNG1.png?fit=1259%2C1321&ssl=1\",\"contentUrl\":\"https:\/\/i0.wp.com\/catapa.be\/wp-content\/uploads\/2019\/02\/NEW20LOGO20SHORT20PNG1.png?fit=1259%2C1321&ssl=1\",\"width\":1259,\"height\":1321,\"caption\":\"CATAPA vzw\"},\"image\":{\"@id\":\"https:\/\/catapa.be\/en\/#\/schema\/logo\/image\/\"},\"sameAs\":[\"https:\/\/www.facebook.com\/catapa.belgium\/\",\"https:\/\/x.com\/CATAPA_Belgica\",\"https:\/\/www.instagram.com\/catapa_vzw\/\",\"https:\/\/be.linkedin.com\/company\/catapavzw\",\"https:\/\/www.youtube.com\/channel\/UCE52-Fiyv-Fpqf2gi1qhf1g\"]}]}<\/script>\n<!-- \/ Yoast SEO plugin. -->","yoast_head_json":{"title":"Strategy - CATAPA vzw","robots":{"index":"index","follow":"follow","max-snippet":"max-snippet:-1","max-image-preview":"max-image-preview:large","max-video-preview":"max-video-preview:-1"},"canonical":"https:\/\/catapa.be\/en\/how-we-work\/strategy\/","og_locale":"en_US","og_type":"article","og_title":"Strategy - CATAPA vzw","og_description":"[vc_row css=&#8221;.vc_custom_1533807373745{margin-top: -50px !important;margin-bottom: 50px !important;}&#8221;][vc_column][vc_cta h2=&#8221;CATAPA is a critical movement of active citizens.&#8221; h4=&#8221;Across borders, we fight in a horizontal way for a world where exploitation of non-sustainable resources won\u2019t be any longer needed.&#8221;Read More","og_url":"https:\/\/catapa.be\/en\/how-we-work\/strategy\/","og_site_name":"CATAPA vzw","article_publisher":"https:\/\/www.facebook.com\/catapa.belgium\/","article_modified_time":"2020-01-20T08:44:12+00:00","twitter_card":"summary_large_image","twitter_site":"@CATAPA_Belgica","twitter_misc":{"Est. reading time":"4 minutes"},"schema":{"@context":"https:\/\/schema.org","@graph":[{"@type":"WebPage","@id":"https:\/\/catapa.be\/en\/how-we-work\/strategy\/","url":"https:\/\/catapa.be\/en\/how-we-work\/strategy\/","name":"Strategy - CATAPA vzw","isPartOf":{"@id":"https:\/\/catapa.be\/en\/#website"},"datePublished":"2018-05-20T10:10:11+00:00","dateModified":"2020-01-20T08:44:12+00:00","breadcrumb":{"@id":"https:\/\/catapa.be\/en\/how-we-work\/strategy\/#breadcrumb"},"inLanguage":"en-US","potentialAction":[{"@type":"ReadAction","target":["https:\/\/catapa.be\/en\/how-we-work\/strategy\/"]}]},{"@type":"BreadcrumbList","@id":"https:\/\/catapa.be\/en\/how-we-work\/strategy\/#breadcrumb","itemListElement":[{"@type":"ListItem","position":1,"name":"Home","item":"https:\/\/catapa.be\/en\/"},{"@type":"ListItem","position":2,"name":"How we work","item":"https:\/\/catapa.be\/en\/how-we-work\/"},{"@type":"ListItem","position":3,"name":"Strategy"}]},{"@type":"WebSite","@id":"https:\/\/catapa.be\/en\/#website","url":"https:\/\/catapa.be\/en\/","name":"CATAPA vzw","description":"Comit\u00e9 Acad\u00e9mico T\u00e9cnico de Asesoramiento a Problemas Ambientales","publisher":{"@id":"https:\/\/catapa.be\/en\/#organization"},"potentialAction":[{"@type":"SearchAction","target":{"@type":"EntryPoint","urlTemplate":"https:\/\/catapa.be\/en\/?s={search_term_string}"},"query-input":{"@type":"PropertyValueSpecification","valueRequired":true,"valueName":"search_term_string"}}],"inLanguage":"en-US"},{"@type":"Organization","@id":"https:\/\/catapa.be\/en\/#organization","name":"CATAPA vzw","url":"https:\/\/catapa.be\/en\/","logo":{"@type":"ImageObject","inLanguage":"en-US","@id":"https:\/\/catapa.be\/en\/#\/schema\/logo\/image\/","url":"https:\/\/i0.wp.com\/catapa.be\/wp-content\/uploads\/2019\/02\/NEW20LOGO20SHORT20PNG1.png?fit=1259%2C1321&ssl=1","contentUrl":"https:\/\/i0.wp.com\/catapa.be\/wp-content\/uploads\/2019\/02\/NEW20LOGO20SHORT20PNG1.png?fit=1259%2C1321&ssl=1","width":1259,"height":1321,"caption":"CATAPA vzw"},"image":{"@id":"https:\/\/catapa.be\/en\/#\/schema\/logo\/image\/"},"sameAs":["https:\/\/www.facebook.com\/catapa.belgium\/","https:\/\/x.com\/CATAPA_Belgica","https:\/\/www.instagram.com\/catapa_vzw\/","https:\/\/be.linkedin.com\/company\/catapavzw","https:\/\/www.youtube.com\/channel\/UCE52-Fiyv-Fpqf2gi1qhf1g"]}]}},"jetpack_sharing_enabled":true,"jetpack_likes_enabled":true,"jetpack-related-posts":[{"id":2659,"url":"https:\/\/catapa.be\/en\/about-us\/catapistas\/","url_meta":{"origin":2682,"position":0},"title":"Catapistas","author":"Alienor de Sas","date":"20\/05\/2018","format":false,"excerpt":"[vc_row equal_height=\"yes\" css=\".vc_custom_1535398842996{margin-top: 0px !important;margin-bottom: 0px !important;}\"][vc_column css_animation=\"none\" css=\".vc_custom_1535398905449{margin-top: 0px !important;margin-bottom: 0px !important;}\"][vc_cta h2=\"The Catapistas\" h4=\"We are a group of around 100 volunteers and more than 1000 subscribers. We offer a specific and action-oriented involvement for anyone who is committed to a more sustainable society.\" style=\"custom\" custom_background=\"#009c55\" custom_text=\"#ffffff\"][\/vc_cta][\/vc_column][\/vc_row][vc_row full_width=\"stretch_row\" content_placement=\"middle\"\u2026","rel":"","context":"Similar post","block_context":{"text":"Similar post","link":""},"img":{"alt_text":"","src":"","width":0,"height":0},"classes":[]},{"id":2944,"url":"https:\/\/catapa.be\/nl\/over-ons\/catapistas\/","url_meta":{"origin":2682,"position":1},"title":"Catapistas","author":"Alienor de Sas","date":"20\/05\/2018","format":false,"excerpt":"[vc_row equal_height=\"yes\" css=\".vc_custom_1535399082269{margin-top: 0px !important;margin-bottom: 0px !important;}\"][vc_column css_animation=\"none\" css=\".vc_custom_1535399089494{margin-top: 0px !important;margin-bottom: 0px !important;}\"][vc_cta h2=\"De Catapistas\" h4=\"We zijn met een 100-tal jonge vrijwilligers en meer dan 1000 ge\u00efnteresseerden. We bieden een concreet en actiegericht engagement aan iedereen die zich wil inzetten voor een duurzame samenleving.\" style=\"custom\" custom_background=\"#01a053\" custom_text=\"#ffffff\"][\/vc_cta][\/vc_column][\/vc_row][vc_row full_width=\"stretch_row\" content_placement=\"middle\" css=\".vc_custom_1535399100609{margin-top:\u2026","rel":"","context":"Similar post","block_context":{"text":"Similar post","link":""},"img":{"alt_text":"","src":"","width":0,"height":0},"classes":[]},{"id":2940,"url":"https:\/\/catapa.be\/es\/sobre-nosotros\/catapistas\/","url_meta":{"origin":2682,"position":2},"title":"Catapistas","author":"Alienor de Sas","date":"20\/05\/2018","format":false,"excerpt":"[vc_row equal_height=\"yes\" css=\".vc_custom_1535399346438{margin-top: 0px !important;margin-bottom: 0px !important;}\"][vc_column css_animation=\"none\" css=\".vc_custom_1535399353662{margin-top: 0px !important;margin-bottom: 0px !important;}\"][vc_cta h2=\"Los Catapistas\" h4=\"Somos unos 100 j\u00f3venes voluntarios y m\u00e1s de 1000 simpatizantes. Ofrecemos un compromiso concreto y orientado hacia la acci\u00f3n para quienes est\u00e1n comprometidos con un mundo sostenible.\" style=\"custom\" custom_background=\"#01a053\" custom_text=\"#ffffff\"][\/vc_cta][\/vc_column][\/vc_row][vc_row full_width=\"stretch_row\" content_placement=\"middle\" css=\".vc_custom_1535399374493{margin-top: 0px !important;margin-bottom:\u2026","rel":"","context":"Similar post","block_context":{"text":"Similar post","link":""},"img":{"alt_text":"","src":"","width":0,"height":0},"classes":[]},{"id":3005,"url":"https:\/\/catapa.be\/nl\/catapa-vzw-homepagina\/","url_meta":{"origin":2682,"position":3},"title":"Home","author":"Alienor de Sas","date":"20\/05\/2011","format":false,"excerpt":"[vc_row css=\".vc_custom_1698400141878{margin-top: 1px !important;margin-bottom: 1px !important;border-top-width: 0px !important;border-bottom-width: 0px !important;padding-top: 0px !important;padding-bottom: 0px !important;}\"][vc_column width=\"1\/4\"][vc_cta h2=\"Het recht om 'nee' te zeggen\" txt_align=\"center\" shape=\"square\" add_button=\"bottom\" btn_title=\"De campagne\" btn_color=\"orange\" btn_align=\"center\" btn_link=\"url:https%3A%2F%2Fcatapa.be%2Fnl%2Fons-werk%2Fcampagnes%2Fhet-recht-om-nee-te-zeggen%2F|title:Het%20recht%20om%20'nee'%20te%20zeggen\"]We steunen gemeenschappen hun recht om 'nee' te zeggen tegen mijnbouw en het maatschappelijke systeem dat mijnbouw noodzakelijk maakt. In de Andesregio\u2026","rel":"","context":"Similar post","block_context":{"text":"Similar post","link":""},"img":{"alt_text":"","src":"https:\/\/i0.wp.com\/catapa.be\/wp-content\/uploads\/2023\/10\/Right-to-say-no-250.png?resize=350%2C200&ssl=1","width":350,"height":200},"classes":[]},{"id":2657,"url":"https:\/\/catapa.be\/en\/about-us\/vision-mission\/","url_meta":{"origin":2682,"position":4},"title":"Vision &#038; Mission","author":"Alienor de Sas","date":"20\/05\/2018","format":false,"excerpt":"[vc_row css=\".vc_custom_1533807373745{margin-top: -50px !important;margin-bottom: 50px !important;}\"][vc_column][vc_cta h2=\"Catapa strives...\" h4=\"... towards a world in which the extraction of non-renewable resources is no longer necessary by contributing to the transition towards a model that demines, degrows and moves.\" style=\"custom\" css_animation=\"none\" custom_background=\"#009c55\" custom_text=\"#ffffff\"][\/vc_cta][\/vc_column][\/vc_row][vc_row full_width=\"stretch_row\" content_placement=\"middle\" css=\".vc_custom_1533808586582{margin-top: -100px !important;background-color: #f7f7f7 !important;}\"][vc_column][vc_custom_heading text=\"CATAPA DEMINES\" font_container=\"tag:h2|text_align:center\"\u2026","rel":"","context":"Similar post","block_context":{"text":"Similar post","link":""},"img":{"alt_text":"","src":"","width":0,"height":0},"classes":[]},{"id":701,"url":"https:\/\/catapa.be\/en\/","url_meta":{"origin":2682,"position":5},"title":"Home","author":"Alienor de Sas","date":"20\/05\/2011","format":false,"excerpt":"[vc_row full_width=\"stretch_row\"][vc_column][vc_cta h2=\"The right to say 'no'\" txt_align=\"center\" shape=\"square\" add_button=\"bottom\" btn_title=\"Support the campaign\" btn_color=\"orange\" btn_align=\"center\" btn_link=\"url:https%3A%2F%2Fcatapa.be%2Fen%2Fhow-we-work%2Fcatapa-campaigns-and-projects%2Fright-to-say-no|title:The%20right%20to%20say%20'no'\"]We support communities' right to say 'no' to mining and the system that makes mining necessary. In the Andes region and here![\/vc_cta][\/vc_column][vc_column css=\".vc_custom_1535376096604{margin-top: 0px !important;margin-bottom: 0px !important;border-top-width: 0px !important;border-bottom-width: 0px !important;padding-top: 0px !important;padding-bottom: 0px !important;}\"][vc_column_text\u2026","rel":"","context":"Similar post","block_context":{"text":"Similar post","link":""},"img":{"alt_text":"","src":"","width":0,"height":0},"classes":[]}],"_links":{"self":[{"href":"https:\/\/catapa.be\/en\/wp-json\/wp\/v2\/pages\/2682","targetHints":{"allow":["GET"]}}],"collection":[{"href":"https:\/\/catapa.be\/en\/wp-json\/wp\/v2\/pages"}],"about":[{"href":"https:\/\/catapa.be\/en\/wp-json\/wp\/v2\/types\/page"}],"author":[{"embeddable":true,"href":"https:\/\/catapa.be\/en\/wp-json\/wp\/v2\/users\/2"}],"replies":[{"embeddable":true,"href":"https:\/\/catapa.be\/en\/wp-json\/wp\/v2\/comments?post=2682"}],"version-history":[{"count":17,"href":"https:\/\/catapa.be\/en\/wp-json\/wp\/v2\/pages\/2682\/revisions"}],"predecessor-version":[{"id":12913,"href":"https:\/\/catapa.be\/en\/wp-json\/wp\/v2\/pages\/2682\/revisions\/12913"}],"up":[{"embeddable":true,"href":"https:\/\/catapa.be\/en\/wp-json\/wp\/v2\/pages\/2680"}],"wp:attachment":[{"href":"https:\/\/catapa.be\/en\/wp-json\/wp\/v2\/media?parent=2682"}],"curies":[{"name":"wp","href":"https:\/\/api.w.org\/{rel}","templated":true}]}}