{"id":2692,"date":"2018-05-20T10:12:49","date_gmt":"2018-05-20T08:12:49","guid":{"rendered":"http:\/\/catapa.be\/?page_id=2692"},"modified":"2020-12-03T14:03:20","modified_gmt":"2020-12-03T13:03:20","slug":"conscious-consumer","status":"publish","type":"page","link":"https:\/\/catapa.be\/en\/act-now\/conscious-consumer\/","title":{"rendered":"Conscious Consumer"},"content":{"rendered":"<div class=\"wpb-content-wrapper\"><p>[vc_row equal_height=&#8221;yes&#8221;][vc_column css_animation=&#8221;none&#8221;][vc_cta h2=&#8221;CONSCIOUS CONSUMPTION IN 6 STEPS&#8221; h4=&#8221;Gold in your laptop, silver in your watch, copper in electricity cables and aluminium in your soft drink can: the worldwide demand for metals is increasing exponentially at the expense of people and the environment. Every day we come into contact with products that contain metals, without considering their impact. Moreover, people often unconsciously invest in mining through, for example, investments or pension funds. It is practically impossible to stop using polluting metals for the time being, but there are ways to consume more consciously.&#8221; style=&#8221;custom&#8221; custom_background=&#8221;#01a053&#8243; custom_text=&#8221;#ffffff&#8221;]<\/p>\n<h3 style=\"text-align: center;\"><strong>Here are our six steps towards a conscious and environmental-friendly way of life: <\/strong><\/h3>\n<h3 style=\"text-align: center;\"><strong><i>Reduce, Reuse, Repair, Recycle, Redesign <\/i>and<i> Reinvest<\/i>!<\/strong><\/h3>\n<p>[\/vc_cta][\/vc_column][vc_column][\/vc_column][\/vc_row][vc_row full_width=&#8221;stretch_row&#8221; content_placement=&#8221;middle&#8221; css=&#8221;.vc_custom_1534947891952{background-color: #f7f7f7 !important;}&#8221;][vc_column][vc_column_text]<\/p>\n<h1><b>Step 1: Reduce<\/b><\/h1>\n<p><span style=\"font-weight: 400;\">&#8216;Consuless&#8217; or consume less. It is that simple. Dwell for a moment on your future purchases. Do you really need that new gadget or the latest version of your favourite smartphone brand? Why would you buy a new product if you still have one that works? Marketing incites consumers to always buy the latest model, because of the aging software or because of a crack in your screen. If you are aware of the fact that smartphones and other ICT devices are full of valuable metals (gold, copper, cobalt, nickel, etc.) that are being mined with a negative impact on people and the environment, you might reconsider the purchase of a new device. Our message is fairly simple: use your current products longer and do not buy nor use anything you do not really need. <\/span><\/p>\n<p><i><span style=\"font-weight: 400;\">\u201cThe most sustainable phone is the one you already own.\u201d<\/span><\/i><\/p>\n<p><span style=\"font-weight: 400;\">Or choose environmental-friendly alternatives if they are in stock. In that respect, a ring made out of wood or coconut is more beautiful than a golden one!<\/span><\/p>\n<p>&nbsp;<\/p>\n<h1><b>Step 2: Reuse <\/b><\/h1>\n<p><span style=\"font-weight: 400;\"><img data-recalc-dims=\"1\" loading=\"lazy\" decoding=\"async\" class=\"wp-image-8684 alignright\" src=\"https:\/\/i0.wp.com\/catapa.be\/wp-content\/uploads\/2018\/12\/Reuse-Black-Friday-300x225.jpg?resize=439%2C331\" alt=\"\" width=\"439\" height=\"331\" srcset=\"https:\/\/i0.wp.com\/catapa.be\/wp-content\/uploads\/2018\/12\/Reuse-Black-Friday.jpg?resize=300%2C225&amp;ssl=1 300w, https:\/\/i0.wp.com\/catapa.be\/wp-content\/uploads\/2018\/12\/Reuse-Black-Friday.jpg?zoom=2&amp;resize=439%2C331&amp;ssl=1 878w\" sizes=\"auto, (max-width: 439px) 100vw, 439px\" \/>Second-hand or <\/span><i><span style=\"font-weight: 400;\">vintage<\/span><\/i><span style=\"font-weight: 400;\"> is in. Your grandmother&#8217;s golden jewel can give you a trendy vintage look. For us, the same goes for other items that contain precious metals, such as electronics! Sell your smartphone or give it away when you are no longer using it. To friends, to family or just to the thrift shop. And if you really need a new one, buy a refurbished one! Refurbished smartphones or laptops are devices that have already been used, but have been repaired and upgraded when necessary. If you buy a refurbished device, make sure it comes from a company that offers you at least one year warranty. <\/span><\/p>\n<p>&nbsp;<\/p>\n<p>&nbsp;<\/p>\n<h1><b>Step 3: Repair <\/b><\/h1>\n<p><span style=\"font-weight: 400;\">Do it yourself: repair! Unfortunately, electronic devices are often deliberately designed with a limited lifespan, a method called <\/span><i><span style=\"font-weight: 400;\">planned obsolescence<\/span><\/i><span style=\"font-weight: 400;\">. Small parts of the device fail after a while, making it impossible to use the entire device, even if other parts still work. Do you want to fix it yourself? Visit <\/span><a href=\"https:\/\/nl.ifixit.com\/\"><span style=\"font-weight: 400;\">iFixit<\/span> <\/a><span style=\"font-weight: 400;\">and find the manual and\/or video for your device. Not all smartphones are equally easy to repair. Laptops, on the other hand, usually are. Not such a do-it-yourselfer? Visit a Repair Caf\u00e9 or a local repair shop with your electronics and electric devices.<\/span><\/p>\n<p>&nbsp;<\/p>\n<h1><b>Step 4: Recycle<\/b><\/h1>\n<p><i><span style=\"font-weight: 400;\"><img data-recalc-dims=\"1\" loading=\"lazy\" decoding=\"async\" class=\"wp-image-8687 alignright\" src=\"https:\/\/i0.wp.com\/catapa.be\/wp-content\/uploads\/2018\/12\/Recyclage-300x216.jpg?resize=412%2C297\" alt=\"\" width=\"412\" height=\"297\" srcset=\"https:\/\/i0.wp.com\/catapa.be\/wp-content\/uploads\/2018\/12\/Recyclage.jpg?resize=300%2C216&amp;ssl=1 300w, https:\/\/i0.wp.com\/catapa.be\/wp-content\/uploads\/2018\/12\/Recyclage.jpg?resize=768%2C552&amp;ssl=1 768w, https:\/\/i0.wp.com\/catapa.be\/wp-content\/uploads\/2018\/12\/Recyclage.jpg?resize=1024%2C736&amp;ssl=1 1024w, https:\/\/i0.wp.com\/catapa.be\/wp-content\/uploads\/2018\/12\/Recyclage.jpg?w=1200&amp;ssl=1 1200w\" sizes=\"auto, (max-width: 412px) 100vw, 412px\" \/>Urban mining<\/span><\/i><span style=\"font-weight: 400;\"> or, in other words, recycle. In Belgium, only 5% of mobile phones and smartphones are recycled.\u00a0This is because the collection of devices is not going without a hitch. Everybody has a desk drawer filled with old mobile phones and chargers or a broken computer in the attic. If your old electronics can no longer be repaired, take them to a <\/span><a href=\"https:\/\/www.recupel.be\/nl\/\"><span style=\"font-weight: 400;\">Recupel<\/span><\/a> <span style=\"font-weight: 400;\">collection point. Recupel removes all your data and ensures that the product is processed correctly. If we could collect all the old electronic appliances and correctly recycle the precious metals, there will be less need to extract new materials and thus less associated pollution. Not open pit mining, but urban <\/span><i><span style=\"font-weight: 400;\">mining<\/span><\/i><span style=\"font-weight: 400;\">: the &#8216;mining&#8217; of our electronic waste or, in other words, recycling!<\/span><\/p>\n<p>&nbsp;<\/p>\n<h1><b>Step 5: Redesign<\/b><\/h1>\n<p><span style=\"font-weight: 400;\">Are you a born inventor or engineer? Use your knowledge to design products that last longer, are easy to repair or reuse and require little energy to recycle. Or to make things less difficult for you: there are already interesting initiatives on the market that are based on this principle and that you can support. For example, the <a href=\"https:\/\/www.fairphone.com\/en\/\">Fairphone<\/a>: a modular smartphone that is easier to repair and designed to last longer. We have no knowledge about the existence of modular laptops, but there is a big difference between the different types. Nowadays, extremely thin laptops exist in which all parts are glued together and are therefore difficult to replace. When purchasing a new laptop, make sure that you can easily replace broken parts in the future and that, in the event of a small defect, you can simply replace parts instead of having to buy a new device.<\/span><\/p>\n<p>&nbsp;<\/p>\n<h1><b>Step 6: Reinvest<\/b><\/h1>\n<p><span style=\"font-weight: 400;\">Did you know that even your investments can have an impact on the environment? Commercial banks promote investment opportunities in mining multinationals to customers as one of the safest and most interesting investments. Belgian banks invest billions in large mining companies and subsequently in their damaging mining projects. <\/span><\/p>\n<p><span style=\"font-weight: 400;\">What can you do about it?<\/span><\/p>\n<ul>\n<li style=\"list-style-type: none;\">\n<ul>\n<li><span style=\"font-weight: 400;\">Ask your bank if they invest in the mining industry and what they do about it. By asking this, you can, as a customer, increase the pressure on your bank to invest more sustainably. A sample letter can be found on the <a href=\"https:\/\/bankwijzer.be\/nl\/nieuws\/2018\/investeringen-in-controversi%C3%ABle-mijnbouw-nieuwe-cijfers\/\">Bank Guide<\/a>. Not satisfied with the answer? Change banks!<\/span><\/li>\n<\/ul>\n<\/li>\n<\/ul>\n<ul>\n<li style=\"list-style-type: none;\">\n<ul>\n<li style=\"font-weight: 400;\"><span style=\"font-weight: 400;\">Do you invest on the stock exchange? Do not invest in mining projects, check your bank&#8217;s share packages thoroughly before buying them.<\/span><\/li>\n<\/ul>\n<\/li>\n<\/ul>\n<ul>\n<li style=\"list-style-type: none;\">\n<ul>\n<li>Invest in sustainable alternatives<\/li>\n<\/ul>\n<\/li>\n<\/ul>\n<p>[\/vc_column_text][\/vc_column][\/vc_row][vc_row full_width=&#8221;stretch_row&#8221; content_placement=&#8221;middle&#8221; css=&#8221;.vc_custom_1536069048015{background: #f7f7f7 url(http:\/\/catapa.be\/wp-content\/uploads\/2018\/09\/Bernain_bewerkt-02.jpg?id=7942) !important;background-position: center !important;background-repeat: no-repeat !important;background-size: cover !important;}&#8221;][vc_column][\/vc_column][\/vc_row]<\/p>\n<\/div>","protected":false},"excerpt":{"rendered":"<p>[vc_row equal_height=&#8221;yes&#8221;][vc_column css_animation=&#8221;none&#8221;][vc_cta h2=&#8221;CONSCIOUS CONSUMPTION IN 6 STEPS&#8221; h4=&#8221;Gold in your laptop, silver in your watch, copper in electricity cables and aluminium in your soft drink can: the worldwide demand for metals is increasing exponentially<br \/><a class=\"read-more\" href=\"https:\/\/catapa.be\/en\/act-now\/conscious-consumer\/\">Read More<\/a><\/p>\n","protected":false},"author":2,"featured_media":0,"parent":2690,"menu_order":1,"comment_status":"closed","ping_status":"closed","template":"","meta":{"_exactmetrics_skip_tracking":false,"_exactmetrics_sitenote_active":false,"_exactmetrics_sitenote_note":"","_exactmetrics_sitenote_category":0,"jetpack_post_was_ever_published":false,"footnotes":""},"class_list":["post-2692","page","type-page","status-publish","hentry"],"yoast_head":"<!-- This site is optimized with the Yoast SEO plugin v26.8 - https:\/\/yoast.com\/product\/yoast-seo-wordpress\/ -->\n<title>Conscious Consumer - CATAPA vzw<\/title>\n<meta name=\"robots\" content=\"index, follow, max-snippet:-1, max-image-preview:large, max-video-preview:-1\" \/>\n<link rel=\"canonical\" href=\"https:\/\/catapa.be\/en\/act-now\/conscious-consumer\/\" \/>\n<meta property=\"og:locale\" content=\"en_US\" \/>\n<meta property=\"og:type\" content=\"article\" \/>\n<meta property=\"og:title\" content=\"Conscious Consumer - CATAPA vzw\" \/>\n<meta property=\"og:description\" content=\"[vc_row equal_height=&#8221;yes&#8221;][vc_column css_animation=&#8221;none&#8221;][vc_cta h2=&#8221;CONSCIOUS CONSUMPTION IN 6 STEPS&#8221; h4=&#8221;Gold in your laptop, silver in your watch, copper in electricity cables and aluminium in your soft drink can: the worldwide demand for metals is increasing exponentiallyRead More\" \/>\n<meta property=\"og:url\" content=\"https:\/\/catapa.be\/en\/act-now\/conscious-consumer\/\" \/>\n<meta property=\"og:site_name\" content=\"CATAPA vzw\" \/>\n<meta property=\"article:publisher\" content=\"https:\/\/www.facebook.com\/catapa.belgium\/\" \/>\n<meta property=\"article:modified_time\" content=\"2020-12-03T13:03:20+00:00\" \/>\n<meta property=\"og:image\" content=\"http:\/\/catapa.be\/wp-content\/uploads\/2018\/12\/Reuse-Black-Friday-300x225.jpg\" \/>\n<meta name=\"twitter:card\" content=\"summary_large_image\" \/>\n<meta name=\"twitter:site\" content=\"@CATAPA_Belgica\" \/>\n<meta name=\"twitter:label1\" content=\"Est. reading time\" \/>\n\t<meta name=\"twitter:data1\" content=\"5 minutes\" \/>\n<script type=\"application\/ld+json\" class=\"yoast-schema-graph\">{\"@context\":\"https:\/\/schema.org\",\"@graph\":[{\"@type\":\"WebPage\",\"@id\":\"https:\/\/catapa.be\/en\/act-now\/conscious-consumer\/\",\"url\":\"https:\/\/catapa.be\/en\/act-now\/conscious-consumer\/\",\"name\":\"Conscious Consumer - CATAPA vzw\",\"isPartOf\":{\"@id\":\"https:\/\/catapa.be\/en\/#website\"},\"primaryImageOfPage\":{\"@id\":\"https:\/\/catapa.be\/en\/act-now\/conscious-consumer\/#primaryimage\"},\"image\":{\"@id\":\"https:\/\/catapa.be\/en\/act-now\/conscious-consumer\/#primaryimage\"},\"thumbnailUrl\":\"http:\/\/catapa.be\/wp-content\/uploads\/2018\/12\/Reuse-Black-Friday-300x225.jpg\",\"datePublished\":\"2018-05-20T08:12:49+00:00\",\"dateModified\":\"2020-12-03T13:03:20+00:00\",\"breadcrumb\":{\"@id\":\"https:\/\/catapa.be\/en\/act-now\/conscious-consumer\/#breadcrumb\"},\"inLanguage\":\"en-US\",\"potentialAction\":[{\"@type\":\"ReadAction\",\"target\":[\"https:\/\/catapa.be\/en\/act-now\/conscious-consumer\/\"]}]},{\"@type\":\"ImageObject\",\"inLanguage\":\"en-US\",\"@id\":\"https:\/\/catapa.be\/en\/act-now\/conscious-consumer\/#primaryimage\",\"url\":\"http:\/\/catapa.be\/wp-content\/uploads\/2018\/12\/Reuse-Black-Friday-300x225.jpg\",\"contentUrl\":\"http:\/\/catapa.be\/wp-content\/uploads\/2018\/12\/Reuse-Black-Friday-300x225.jpg\"},{\"@type\":\"BreadcrumbList\",\"@id\":\"https:\/\/catapa.be\/en\/act-now\/conscious-consumer\/#breadcrumb\",\"itemListElement\":[{\"@type\":\"ListItem\",\"position\":1,\"name\":\"Home\",\"item\":\"https:\/\/catapa.be\/en\/\"},{\"@type\":\"ListItem\",\"position\":2,\"name\":\"Act Now\",\"item\":\"https:\/\/catapa.be\/en\/act-now\/\"},{\"@type\":\"ListItem\",\"position\":3,\"name\":\"Conscious Consumer\"}]},{\"@type\":\"WebSite\",\"@id\":\"https:\/\/catapa.be\/en\/#website\",\"url\":\"https:\/\/catapa.be\/en\/\",\"name\":\"CATAPA vzw\",\"description\":\"Comit\u00e9 Acad\u00e9mico T\u00e9cnico de Asesoramiento a Problemas Ambientales\",\"publisher\":{\"@id\":\"https:\/\/catapa.be\/en\/#organization\"},\"potentialAction\":[{\"@type\":\"SearchAction\",\"target\":{\"@type\":\"EntryPoint\",\"urlTemplate\":\"https:\/\/catapa.be\/en\/?s={search_term_string}\"},\"query-input\":{\"@type\":\"PropertyValueSpecification\",\"valueRequired\":true,\"valueName\":\"search_term_string\"}}],\"inLanguage\":\"en-US\"},{\"@type\":\"Organization\",\"@id\":\"https:\/\/catapa.be\/en\/#organization\",\"name\":\"CATAPA vzw\",\"url\":\"https:\/\/catapa.be\/en\/\",\"logo\":{\"@type\":\"ImageObject\",\"inLanguage\":\"en-US\",\"@id\":\"https:\/\/catapa.be\/en\/#\/schema\/logo\/image\/\",\"url\":\"https:\/\/i0.wp.com\/catapa.be\/wp-content\/uploads\/2019\/02\/NEW20LOGO20SHORT20PNG1.png?fit=1259%2C1321&ssl=1\",\"contentUrl\":\"https:\/\/i0.wp.com\/catapa.be\/wp-content\/uploads\/2019\/02\/NEW20LOGO20SHORT20PNG1.png?fit=1259%2C1321&ssl=1\",\"width\":1259,\"height\":1321,\"caption\":\"CATAPA vzw\"},\"image\":{\"@id\":\"https:\/\/catapa.be\/en\/#\/schema\/logo\/image\/\"},\"sameAs\":[\"https:\/\/www.facebook.com\/catapa.belgium\/\",\"https:\/\/x.com\/CATAPA_Belgica\",\"https:\/\/www.instagram.com\/catapa_vzw\/\",\"https:\/\/be.linkedin.com\/company\/catapavzw\",\"https:\/\/www.youtube.com\/channel\/UCE52-Fiyv-Fpqf2gi1qhf1g\"]}]}<\/script>\n<!-- \/ Yoast SEO plugin. -->","yoast_head_json":{"title":"Conscious Consumer - CATAPA vzw","robots":{"index":"index","follow":"follow","max-snippet":"max-snippet:-1","max-image-preview":"max-image-preview:large","max-video-preview":"max-video-preview:-1"},"canonical":"https:\/\/catapa.be\/en\/act-now\/conscious-consumer\/","og_locale":"en_US","og_type":"article","og_title":"Conscious Consumer - CATAPA vzw","og_description":"[vc_row equal_height=&#8221;yes&#8221;][vc_column css_animation=&#8221;none&#8221;][vc_cta h2=&#8221;CONSCIOUS CONSUMPTION IN 6 STEPS&#8221; h4=&#8221;Gold in your laptop, silver in your watch, copper in electricity cables and aluminium in your soft drink can: the worldwide demand for metals is increasing exponentiallyRead More","og_url":"https:\/\/catapa.be\/en\/act-now\/conscious-consumer\/","og_site_name":"CATAPA vzw","article_publisher":"https:\/\/www.facebook.com\/catapa.belgium\/","article_modified_time":"2020-12-03T13:03:20+00:00","og_image":[{"url":"http:\/\/catapa.be\/wp-content\/uploads\/2018\/12\/Reuse-Black-Friday-300x225.jpg","type":"","width":"","height":""}],"twitter_card":"summary_large_image","twitter_site":"@CATAPA_Belgica","twitter_misc":{"Est. reading time":"5 minutes"},"schema":{"@context":"https:\/\/schema.org","@graph":[{"@type":"WebPage","@id":"https:\/\/catapa.be\/en\/act-now\/conscious-consumer\/","url":"https:\/\/catapa.be\/en\/act-now\/conscious-consumer\/","name":"Conscious Consumer - CATAPA vzw","isPartOf":{"@id":"https:\/\/catapa.be\/en\/#website"},"primaryImageOfPage":{"@id":"https:\/\/catapa.be\/en\/act-now\/conscious-consumer\/#primaryimage"},"image":{"@id":"https:\/\/catapa.be\/en\/act-now\/conscious-consumer\/#primaryimage"},"thumbnailUrl":"http:\/\/catapa.be\/wp-content\/uploads\/2018\/12\/Reuse-Black-Friday-300x225.jpg","datePublished":"2018-05-20T08:12:49+00:00","dateModified":"2020-12-03T13:03:20+00:00","breadcrumb":{"@id":"https:\/\/catapa.be\/en\/act-now\/conscious-consumer\/#breadcrumb"},"inLanguage":"en-US","potentialAction":[{"@type":"ReadAction","target":["https:\/\/catapa.be\/en\/act-now\/conscious-consumer\/"]}]},{"@type":"ImageObject","inLanguage":"en-US","@id":"https:\/\/catapa.be\/en\/act-now\/conscious-consumer\/#primaryimage","url":"http:\/\/catapa.be\/wp-content\/uploads\/2018\/12\/Reuse-Black-Friday-300x225.jpg","contentUrl":"http:\/\/catapa.be\/wp-content\/uploads\/2018\/12\/Reuse-Black-Friday-300x225.jpg"},{"@type":"BreadcrumbList","@id":"https:\/\/catapa.be\/en\/act-now\/conscious-consumer\/#breadcrumb","itemListElement":[{"@type":"ListItem","position":1,"name":"Home","item":"https:\/\/catapa.be\/en\/"},{"@type":"ListItem","position":2,"name":"Act Now","item":"https:\/\/catapa.be\/en\/act-now\/"},{"@type":"ListItem","position":3,"name":"Conscious Consumer"}]},{"@type":"WebSite","@id":"https:\/\/catapa.be\/en\/#website","url":"https:\/\/catapa.be\/en\/","name":"CATAPA vzw","description":"Comit\u00e9 Acad\u00e9mico T\u00e9cnico de Asesoramiento a Problemas Ambientales","publisher":{"@id":"https:\/\/catapa.be\/en\/#organization"},"potentialAction":[{"@type":"SearchAction","target":{"@type":"EntryPoint","urlTemplate":"https:\/\/catapa.be\/en\/?s={search_term_string}"},"query-input":{"@type":"PropertyValueSpecification","valueRequired":true,"valueName":"search_term_string"}}],"inLanguage":"en-US"},{"@type":"Organization","@id":"https:\/\/catapa.be\/en\/#organization","name":"CATAPA vzw","url":"https:\/\/catapa.be\/en\/","logo":{"@type":"ImageObject","inLanguage":"en-US","@id":"https:\/\/catapa.be\/en\/#\/schema\/logo\/image\/","url":"https:\/\/i0.wp.com\/catapa.be\/wp-content\/uploads\/2019\/02\/NEW20LOGO20SHORT20PNG1.png?fit=1259%2C1321&ssl=1","contentUrl":"https:\/\/i0.wp.com\/catapa.be\/wp-content\/uploads\/2019\/02\/NEW20LOGO20SHORT20PNG1.png?fit=1259%2C1321&ssl=1","width":1259,"height":1321,"caption":"CATAPA vzw"},"image":{"@id":"https:\/\/catapa.be\/en\/#\/schema\/logo\/image\/"},"sameAs":["https:\/\/www.facebook.com\/catapa.belgium\/","https:\/\/x.com\/CATAPA_Belgica","https:\/\/www.instagram.com\/catapa_vzw\/","https:\/\/be.linkedin.com\/company\/catapavzw","https:\/\/www.youtube.com\/channel\/UCE52-Fiyv-Fpqf2gi1qhf1g"]}]}},"jetpack_sharing_enabled":true,"jetpack_likes_enabled":true,"jetpack-related-posts":[{"id":2682,"url":"https:\/\/catapa.be\/en\/how-we-work\/strategy\/","url_meta":{"origin":2692,"position":0},"title":"Strategy","author":"Alienor de Sas","date":"20\/05\/2018","format":false,"excerpt":"[vc_row css=\".vc_custom_1533807373745{margin-top: -50px !important;margin-bottom: 50px !important;}\"][vc_column][vc_cta h2=\"CATAPA is a critical movement of active citizens.\" h4=\"Across borders, we fight in a horizontal way for a world where exploitation of non-sustainable resources won\u2019t be any longer needed.\" style=\"custom\" css_animation=\"none\" custom_background=\"#01a053\" custom_text=\"#ffffff\"][\/vc_cta][\/vc_column][\/vc_row][vc_row full_width=\"stretch_row\" content_placement=\"middle\" css=\".vc_custom_1533808586582{margin-top: -100px !important;background-color: #f7f7f7 !important;}\"][vc_column][vc_column_text]CATAPA\u00a0is\u00a0a critical movement of active\u2026","rel":"","context":"Similar post","block_context":{"text":"Similar post","link":""},"img":{"alt_text":"","src":"","width":0,"height":0},"classes":[]},{"id":2659,"url":"https:\/\/catapa.be\/en\/about-us\/catapistas\/","url_meta":{"origin":2692,"position":1},"title":"Catapistas","author":"Alienor de Sas","date":"20\/05\/2018","format":false,"excerpt":"[vc_row equal_height=\"yes\" css=\".vc_custom_1535398842996{margin-top: 0px !important;margin-bottom: 0px !important;}\"][vc_column css_animation=\"none\" css=\".vc_custom_1535398905449{margin-top: 0px !important;margin-bottom: 0px !important;}\"][vc_cta h2=\"The Catapistas\" h4=\"We are a group of around 100 volunteers and more than 1000 subscribers. We offer a specific and action-oriented involvement for anyone who is committed to a more sustainable society.\" style=\"custom\" custom_background=\"#009c55\" custom_text=\"#ffffff\"][\/vc_cta][\/vc_column][\/vc_row][vc_row full_width=\"stretch_row\" content_placement=\"middle\"\u2026","rel":"","context":"Similar post","block_context":{"text":"Similar post","link":""},"img":{"alt_text":"","src":"","width":0,"height":0},"classes":[]},{"id":2880,"url":"https:\/\/catapa.be\/en\/act-now\/lectures-and-workshops\/","url_meta":{"origin":2692,"position":2},"title":"Workshops","author":"Alienor de Sas","date":"23\/05\/2018","format":false,"excerpt":"[vc_row][vc_column][vc_cta h2=\"Overview workshops CATAPA\" style=\"custom\" custom_background=\"#009c55\" custom_text=\"#ffffff\"][\/vc_cta][vc_tta_tour][vc_tta_section title=\"Limits to Growth & Right To Say No\" tab_id=\"1622664127802-61e53e14-366b\"][vc_custom_heading text=\"Limits to Growth\" font_container=\"tag:h2|font_size:20|text_align:center\" google_fonts=\"font_family:Quicksand%3A300%2Cregular%2C700|font_style:700%20bold%20regular%3A700%3Anormal\"][vc_cta h2=\"\" shape=\"square\" add_icon=\"left\" i_icon_fontawesome=\"fa fa-info\" i_color=\"custom\" i_size=\"lg\" i_custom_color=\"#009c55\"]Target group: 18+ Duration: 1,5 - 2 hours Group size: 15-25 people Language: Dutch or English Price: \u20ac 250 (or according to\u2026","rel":"","context":"Similar post","block_context":{"text":"Similar post","link":""},"img":{"alt_text":"","src":"https:\/\/i0.wp.com\/catapa.be\/wp-content\/uploads\/2021\/06\/unnamed-1-300x107.png?resize=350%2C200&ssl=1","width":350,"height":200},"classes":[]},{"id":2661,"url":"https:\/\/catapa.be\/en\/about-us\/our-history\/","url_meta":{"origin":2692,"position":3},"title":"Our history","author":"Alienor de Sas","date":"20\/05\/2018","format":false,"excerpt":"[vc_row full_width=\"stretch_row\" content_placement=\"middle\"][vc_column][vc_cta h2=\"From BelBol to...\" h4=\"...a horizontal movement with partner organisations in Peru, Colombia, Ecuador and Bolivia; and with plenty of ongoing projects in Flanders, Europe and Latin America.\" style=\"custom\" custom_background=\"#01a053\" custom_text=\"#ffffff\"][\/vc_cta][\/vc_column][\/vc_row][vc_row full_width=\"stretch_row\" equal_height=\"yes\" css=\".vc_custom_1535455217709{background-color: #f7f7f7 !important;}\" el_id=\"table-of-contents\"][vc_column css_animation=\"none\" width=\"1\/2\"][vc_column_text css=\".vc_custom_1653735292505{padding-left: 50px !important;}\"] Table of contents 2003-2007: from BelBol\u2026","rel":"","context":"Similar post","block_context":{"text":"Similar post","link":""},"img":{"alt_text":"","src":"https:\/\/i0.wp.com\/catapa.be\/wp-content\/uploads\/2019\/01\/mining-in-paradise-300x300.png?resize=350%2C200","width":350,"height":200},"classes":[]},{"id":2940,"url":"https:\/\/catapa.be\/es\/sobre-nosotros\/catapistas\/","url_meta":{"origin":2692,"position":4},"title":"Catapistas","author":"Alienor de Sas","date":"20\/05\/2018","format":false,"excerpt":"[vc_row equal_height=\"yes\" css=\".vc_custom_1535399346438{margin-top: 0px !important;margin-bottom: 0px !important;}\"][vc_column css_animation=\"none\" css=\".vc_custom_1535399353662{margin-top: 0px !important;margin-bottom: 0px !important;}\"][vc_cta h2=\"Los Catapistas\" h4=\"Somos unos 100 j\u00f3venes voluntarios y m\u00e1s de 1000 simpatizantes. Ofrecemos un compromiso concreto y orientado hacia la acci\u00f3n para quienes est\u00e1n comprometidos con un mundo sostenible.\" style=\"custom\" custom_background=\"#01a053\" custom_text=\"#ffffff\"][\/vc_cta][\/vc_column][\/vc_row][vc_row full_width=\"stretch_row\" content_placement=\"middle\" css=\".vc_custom_1535399374493{margin-top: 0px !important;margin-bottom:\u2026","rel":"","context":"Similar post","block_context":{"text":"Similar post","link":""},"img":{"alt_text":"","src":"","width":0,"height":0},"classes":[]},{"id":7629,"url":"https:\/\/catapa.be\/en\/act-now\/become-a-change-maker\/","url_meta":{"origin":2692,"position":5},"title":"Become a Changemaker","author":"Alienor de Sas","date":"27\/08\/2018","format":false,"excerpt":"[vc_row equal_height=\"yes\"][vc_column css_animation=\"none\"][vc_cta h2=\"Are you curious where the metals in your smartphone come from?\" h4=\"Do you know that mining is related to human rights abuses and environmental destruction? Do you want to obtain more knowledge, skills and experience in making a positive change? Then join CATAPA\u2019s changemaker programme. During the\u2026","rel":"","context":"Similar post","block_context":{"text":"Similar post","link":""},"img":{"alt_text":"","src":"https:\/\/i0.wp.com\/catapa.be\/wp-content\/uploads\/2018\/08\/flag_yellow_high-300x200.jpg?resize=350%2C200","width":350,"height":200},"classes":[]}],"_links":{"self":[{"href":"https:\/\/catapa.be\/en\/wp-json\/wp\/v2\/pages\/2692","targetHints":{"allow":["GET"]}}],"collection":[{"href":"https:\/\/catapa.be\/en\/wp-json\/wp\/v2\/pages"}],"about":[{"href":"https:\/\/catapa.be\/en\/wp-json\/wp\/v2\/types\/page"}],"author":[{"embeddable":true,"href":"https:\/\/catapa.be\/en\/wp-json\/wp\/v2\/users\/2"}],"replies":[{"embeddable":true,"href":"https:\/\/catapa.be\/en\/wp-json\/wp\/v2\/comments?post=2692"}],"version-history":[{"count":11,"href":"https:\/\/catapa.be\/en\/wp-json\/wp\/v2\/pages\/2692\/revisions"}],"predecessor-version":[{"id":18697,"href":"https:\/\/catapa.be\/en\/wp-json\/wp\/v2\/pages\/2692\/revisions\/18697"}],"up":[{"embeddable":true,"href":"https:\/\/catapa.be\/en\/wp-json\/wp\/v2\/pages\/2690"}],"wp:attachment":[{"href":"https:\/\/catapa.be\/en\/wp-json\/wp\/v2\/media?parent=2692"}],"curies":[{"name":"wp","href":"https:\/\/api.w.org\/{rel}","templated":true}]}}