{"id":2708,"date":"2018-05-20T10:19:21","date_gmt":"2018-05-20T10:19:21","guid":{"rendered":"http:\/\/catapa.be\/?page_id=2708"},"modified":"2018-07-11T10:54:18","modified_gmt":"2018-07-11T08:54:18","slug":"digital-library","status":"publish","type":"page","link":"https:\/\/catapa.be\/en\/research\/digital-library\/","title":{"rendered":"Digital Library"},"content":{"rendered":"","protected":false},"excerpt":{"rendered":"","protected":false},"author":2,"featured_media":0,"parent":2338,"menu_order":3,"comment_status":"closed","ping_status":"closed","template":"","meta":{"_exactmetrics_skip_tracking":false,"_exactmetrics_sitenote_active":false,"_exactmetrics_sitenote_note":"","_exactmetrics_sitenote_category":0,"jetpack_post_was_ever_published":false,"footnotes":""},"class_list":["post-2708","page","type-page","status-publish","hentry"],"yoast_head":"<!-- This site is optimized with the Yoast SEO plugin v26.8 - https:\/\/yoast.com\/product\/yoast-seo-wordpress\/ -->\n<title>Digital Library - CATAPA vzw<\/title>\n<meta name=\"robots\" content=\"index, follow, max-snippet:-1, max-image-preview:large, max-video-preview:-1\" \/>\n<link rel=\"canonical\" href=\"https:\/\/catapa.be\/en\/research\/digital-library\/\" \/>\n<meta property=\"og:locale\" content=\"en_US\" \/>\n<meta property=\"og:type\" content=\"article\" \/>\n<meta property=\"og:title\" content=\"Digital Library - CATAPA vzw\" \/>\n<meta property=\"og:url\" content=\"https:\/\/catapa.be\/en\/research\/digital-library\/\" \/>\n<meta property=\"og:site_name\" content=\"CATAPA vzw\" \/>\n<meta property=\"article:publisher\" content=\"https:\/\/www.facebook.com\/catapa.belgium\/\" \/>\n<meta property=\"article:modified_time\" content=\"2018-07-11T08:54:18+00:00\" \/>\n<meta name=\"twitter:card\" content=\"summary_large_image\" \/>\n<meta name=\"twitter:site\" content=\"@CATAPA_Belgica\" \/>\n<script type=\"application\/ld+json\" class=\"yoast-schema-graph\">{\"@context\":\"https:\/\/schema.org\",\"@graph\":[{\"@type\":\"WebPage\",\"@id\":\"https:\/\/catapa.be\/en\/research\/digital-library\/\",\"url\":\"https:\/\/catapa.be\/en\/research\/digital-library\/\",\"name\":\"Digital Library - CATAPA vzw\",\"isPartOf\":{\"@id\":\"https:\/\/catapa.be\/en\/#website\"},\"datePublished\":\"2018-05-20T10:19:21+00:00\",\"dateModified\":\"2018-07-11T08:54:18+00:00\",\"breadcrumb\":{\"@id\":\"https:\/\/catapa.be\/en\/research\/digital-library\/#breadcrumb\"},\"inLanguage\":\"en-US\",\"potentialAction\":[{\"@type\":\"ReadAction\",\"target\":[\"https:\/\/catapa.be\/en\/research\/digital-library\/\"]}]},{\"@type\":\"BreadcrumbList\",\"@id\":\"https:\/\/catapa.be\/en\/research\/digital-library\/#breadcrumb\",\"itemListElement\":[{\"@type\":\"ListItem\",\"position\":1,\"name\":\"Home\",\"item\":\"https:\/\/catapa.be\/en\/\"},{\"@type\":\"ListItem\",\"position\":2,\"name\":\"Research and Mining\",\"item\":\"https:\/\/catapa.be\/en\/research\/\"},{\"@type\":\"ListItem\",\"position\":3,\"name\":\"Digital Library\"}]},{\"@type\":\"WebSite\",\"@id\":\"https:\/\/catapa.be\/en\/#website\",\"url\":\"https:\/\/catapa.be\/en\/\",\"name\":\"CATAPA vzw\",\"description\":\"Comit\u00e9 Acad\u00e9mico T\u00e9cnico de Asesoramiento a Problemas Ambientales\",\"publisher\":{\"@id\":\"https:\/\/catapa.be\/en\/#organization\"},\"potentialAction\":[{\"@type\":\"SearchAction\",\"target\":{\"@type\":\"EntryPoint\",\"urlTemplate\":\"https:\/\/catapa.be\/en\/?s={search_term_string}\"},\"query-input\":{\"@type\":\"PropertyValueSpecification\",\"valueRequired\":true,\"valueName\":\"search_term_string\"}}],\"inLanguage\":\"en-US\"},{\"@type\":\"Organization\",\"@id\":\"https:\/\/catapa.be\/en\/#organization\",\"name\":\"CATAPA vzw\",\"url\":\"https:\/\/catapa.be\/en\/\",\"logo\":{\"@type\":\"ImageObject\",\"inLanguage\":\"en-US\",\"@id\":\"https:\/\/catapa.be\/en\/#\/schema\/logo\/image\/\",\"url\":\"https:\/\/i0.wp.com\/catapa.be\/wp-content\/uploads\/2019\/02\/NEW20LOGO20SHORT20PNG1.png?fit=1259%2C1321&ssl=1\",\"contentUrl\":\"https:\/\/i0.wp.com\/catapa.be\/wp-content\/uploads\/2019\/02\/NEW20LOGO20SHORT20PNG1.png?fit=1259%2C1321&ssl=1\",\"width\":1259,\"height\":1321,\"caption\":\"CATAPA vzw\"},\"image\":{\"@id\":\"https:\/\/catapa.be\/en\/#\/schema\/logo\/image\/\"},\"sameAs\":[\"https:\/\/www.facebook.com\/catapa.belgium\/\",\"https:\/\/x.com\/CATAPA_Belgica\",\"https:\/\/www.instagram.com\/catapa_vzw\/\",\"https:\/\/be.linkedin.com\/company\/catapavzw\",\"https:\/\/www.youtube.com\/channel\/UCE52-Fiyv-Fpqf2gi1qhf1g\"]}]}<\/script>\n<!-- \/ Yoast SEO plugin. -->","yoast_head_json":{"title":"Digital Library - CATAPA vzw","robots":{"index":"index","follow":"follow","max-snippet":"max-snippet:-1","max-image-preview":"max-image-preview:large","max-video-preview":"max-video-preview:-1"},"canonical":"https:\/\/catapa.be\/en\/research\/digital-library\/","og_locale":"en_US","og_type":"article","og_title":"Digital Library - CATAPA vzw","og_url":"https:\/\/catapa.be\/en\/research\/digital-library\/","og_site_name":"CATAPA vzw","article_publisher":"https:\/\/www.facebook.com\/catapa.belgium\/","article_modified_time":"2018-07-11T08:54:18+00:00","twitter_card":"summary_large_image","twitter_site":"@CATAPA_Belgica","schema":{"@context":"https:\/\/schema.org","@graph":[{"@type":"WebPage","@id":"https:\/\/catapa.be\/en\/research\/digital-library\/","url":"https:\/\/catapa.be\/en\/research\/digital-library\/","name":"Digital Library - CATAPA vzw","isPartOf":{"@id":"https:\/\/catapa.be\/en\/#website"},"datePublished":"2018-05-20T10:19:21+00:00","dateModified":"2018-07-11T08:54:18+00:00","breadcrumb":{"@id":"https:\/\/catapa.be\/en\/research\/digital-library\/#breadcrumb"},"inLanguage":"en-US","potentialAction":[{"@type":"ReadAction","target":["https:\/\/catapa.be\/en\/research\/digital-library\/"]}]},{"@type":"BreadcrumbList","@id":"https:\/\/catapa.be\/en\/research\/digital-library\/#breadcrumb","itemListElement":[{"@type":"ListItem","position":1,"name":"Home","item":"https:\/\/catapa.be\/en\/"},{"@type":"ListItem","position":2,"name":"Research and Mining","item":"https:\/\/catapa.be\/en\/research\/"},{"@type":"ListItem","position":3,"name":"Digital Library"}]},{"@type":"WebSite","@id":"https:\/\/catapa.be\/en\/#website","url":"https:\/\/catapa.be\/en\/","name":"CATAPA vzw","description":"Comit\u00e9 Acad\u00e9mico T\u00e9cnico de Asesoramiento a Problemas Ambientales","publisher":{"@id":"https:\/\/catapa.be\/en\/#organization"},"potentialAction":[{"@type":"SearchAction","target":{"@type":"EntryPoint","urlTemplate":"https:\/\/catapa.be\/en\/?s={search_term_string}"},"query-input":{"@type":"PropertyValueSpecification","valueRequired":true,"valueName":"search_term_string"}}],"inLanguage":"en-US"},{"@type":"Organization","@id":"https:\/\/catapa.be\/en\/#organization","name":"CATAPA vzw","url":"https:\/\/catapa.be\/en\/","logo":{"@type":"ImageObject","inLanguage":"en-US","@id":"https:\/\/catapa.be\/en\/#\/schema\/logo\/image\/","url":"https:\/\/i0.wp.com\/catapa.be\/wp-content\/uploads\/2019\/02\/NEW20LOGO20SHORT20PNG1.png?fit=1259%2C1321&ssl=1","contentUrl":"https:\/\/i0.wp.com\/catapa.be\/wp-content\/uploads\/2019\/02\/NEW20LOGO20SHORT20PNG1.png?fit=1259%2C1321&ssl=1","width":1259,"height":1321,"caption":"CATAPA vzw"},"image":{"@id":"https:\/\/catapa.be\/en\/#\/schema\/logo\/image\/"},"sameAs":["https:\/\/www.facebook.com\/catapa.belgium\/","https:\/\/x.com\/CATAPA_Belgica","https:\/\/www.instagram.com\/catapa_vzw\/","https:\/\/be.linkedin.com\/company\/catapavzw","https:\/\/www.youtube.com\/channel\/UCE52-Fiyv-Fpqf2gi1qhf1g"]}]}},"jetpack_sharing_enabled":true,"jetpack_likes_enabled":true,"jetpack-related-posts":[{"id":15090,"url":"https:\/\/catapa.be\/en\/digital-library\/","url_meta":{"origin":2708,"position":0},"title":"Digital library","author":"Julie Ballet","date":"03\/07\/2020","format":false,"excerpt":"[vc_row][vc_column][vc_column_text el_id=\"e-library\"]CATAPA has a library where you can borrow books and articles written in English, Dutch, Spanish or French. The main theme is mining, but you can also find other themes related to it: Developing countries, development cooperation, voluntary work Environment, ecology, transition, water Extractivism Finances Health, toxic substances Humans\u2026","rel":"","context":"Similar post","block_context":{"text":"Similar post","link":""},"img":{"alt_text":"","src":"","width":0,"height":0},"classes":[]},{"id":3067,"url":"https:\/\/catapa.be\/nl\/onderzoek-en-mijnbouw\/e-library\/","url_meta":{"origin":2708,"position":1},"title":"e-Library","author":"Alienor de Sas","date":"25\/06\/2018","format":false,"excerpt":"","rel":"","context":"Similar post","block_context":{"text":"Similar post","link":""},"img":{"alt_text":"","src":"","width":0,"height":0},"classes":[]},{"id":15088,"url":"https:\/\/catapa.be\/nl\/e-library\/","url_meta":{"origin":2708,"position":2},"title":"e-Library","author":"Julie Ballet","date":"03\/07\/2020","format":false,"excerpt":"[vc_row][vc_column][vc_column_text el_id=\"e-library\"]CATAPA beschikt over een bibliotheek waar je boeken en artikels kan uitlenen in het Nederlands, Engels, Spaans of Frans. Het hoofdthema is mijnbouw, maar je vindt ook andere gerelateerde thema's terug: Armoede Extractivisme Financi\u00ebn Gezondheid, toxische stoffen Inheemse volkeren, Aboriginals Mensenrechten, migratie, politiek Milieu, ecologie, transitie, water Ngo\u2019s, 11.11.11\u2026","rel":"","context":"Similar post","block_context":{"text":"Similar post","link":""},"img":{"alt_text":"","src":"","width":0,"height":0},"classes":[]},{"id":3069,"url":"https:\/\/catapa.be\/es\/investigacion-mineria\/biblioteca-digital\/","url_meta":{"origin":2708,"position":3},"title":"Biblioteca digital","author":"Alienor de Sas","date":"25\/06\/2018","format":false,"excerpt":"","rel":"","context":"Similar post","block_context":{"text":"Similar post","link":""},"img":{"alt_text":"","src":"","width":0,"height":0},"classes":[]},{"id":15092,"url":"https:\/\/catapa.be\/es\/biblioteca-digital\/","url_meta":{"origin":2708,"position":4},"title":"Biblioteca digital","author":"Julie Ballet","date":"03\/07\/2020","format":false,"excerpt":"[vc_row][vc_column][vc_column_text el_id=\"e-library\"]CATAPA dispone de una biblioteca donde puedes prestar libros y art\u00edculos escritos en espa\u00f1ol, ingl\u00e9s, franc\u00e9s y neerland\u00e9s. El tema principal trata la miner\u00eda, pero tambi\u00e9n puedes encontrar temas relacionados con ella: Derechos humanos, migraci\u00f3n, pol\u00edtica Educaci\u00f3n Extractivismo Financias Ind\u00edgenas, aboriginals Medio ambiente, ecolog\u00eda, transici\u00f3n, agua Salud, sustancias t\u00f3xicas\u2026","rel":"","context":"Similar post","block_context":{"text":"Similar post","link":""},"img":{"alt_text":"","src":"","width":0,"height":0},"classes":[]},{"id":2688,"url":"https:\/\/catapa.be\/en\/how-we-work\/partners\/","url_meta":{"origin":2708,"position":5},"title":"Partners","author":"Alienor de Sas","date":"20\/05\/2018","format":false,"excerpt":"[vc_row][vc_column width=\"1\/2\"][vc_single_image image=\"11574\" img_size=\"medium\" alignment=\"center\"][vc_custom_heading text=\"Bolivia\" font_container=\"tag:h2|text_align:center|color:%23009c55\" google_fonts=\"font_family:Quicksand%3A300%2Cregular%2C700|font_style:700%20bold%20regular%3A700%3Anormal\"][vc_tta_pageable no_fill_content_area=\"1\" active_section=\"0\" pagination_color=\"black\" tab_position=\"top\"][vc_tta_section title=\"Sectie 1\" tab_id=\"CEPA-EN\"][vc_column_text] CEPA Our Bolivian partner organization is CEPA, Centro de Ecolog\u00eda y Pueblos Andinos, (Centre for Ecology and the Peoples of the Andes). CEPA \u2013 as its name suggests\u2013 focuses on ecological problems and the indigenous\u2026","rel":"","context":"Similar post","block_context":{"text":"Similar post","link":""},"img":{"alt_text":"","src":"https:\/\/i0.wp.com\/catapa.be\/wp-content\/uploads\/2019\/01\/cepa.jpg?resize=350%2C200","width":350,"height":200},"classes":[]}],"_links":{"self":[{"href":"https:\/\/catapa.be\/en\/wp-json\/wp\/v2\/pages\/2708","targetHints":{"allow":["GET"]}}],"collection":[{"href":"https:\/\/catapa.be\/en\/wp-json\/wp\/v2\/pages"}],"about":[{"href":"https:\/\/catapa.be\/en\/wp-json\/wp\/v2\/types\/page"}],"author":[{"embeddable":true,"href":"https:\/\/catapa.be\/en\/wp-json\/wp\/v2\/users\/2"}],"replies":[{"embeddable":true,"href":"https:\/\/catapa.be\/en\/wp-json\/wp\/v2\/comments?post=2708"}],"version-history":[{"count":1,"href":"https:\/\/catapa.be\/en\/wp-json\/wp\/v2\/pages\/2708\/revisions"}],"predecessor-version":[{"id":2709,"href":"https:\/\/catapa.be\/en\/wp-json\/wp\/v2\/pages\/2708\/revisions\/2709"}],"up":[{"embeddable":true,"href":"https:\/\/catapa.be\/en\/wp-json\/wp\/v2\/pages\/2338"}],"wp:attachment":[{"href":"https:\/\/catapa.be\/en\/wp-json\/wp\/v2\/media?parent=2708"}],"curies":[{"name":"wp","href":"https:\/\/api.w.org\/{rel}","templated":true}]}}