{"id":3083,"date":"2018-06-25T14:22:50","date_gmt":"2018-06-25T12:22:50","guid":{"rendered":"http:\/\/catapa.be\/?page_id=3083"},"modified":"2022-05-28T13:15:58","modified_gmt":"2022-05-28T11:15:58","slug":"guatemala","status":"publish","type":"page","link":"https:\/\/catapa.be\/en\/cases\/guatemala\/","title":{"rendered":"Guatemala"},"content":{"rendered":"<div class=\"wpb-content-wrapper\"><p>[vc_row][vc_column][vc_cta h2=&#8221;Between the villages of San Miguel Ixtahuac\u00e1n and Sipacapa, the Marlin mine has been present since 2005.&#8221; h4=&#8221;The scenario of the Marlin mine serves as a clear warning towards the rest of Guatemala. Whereas San Miguel became divided, the rest of the country united themselves in the protection of their natural resources.&#8221; style=&#8221;custom&#8221; custom_background=&#8221;#01a053&#8243; custom_text=&#8221;#ffffff&#8221;][\/vc_cta][\/vc_column][\/vc_row][vc_row full_width=&#8221;stretch_row&#8221; css=&#8221;.vc_custom_1535454810701{background-color: #efefef !important;}&#8221; el_id=&#8221;table-of-contents&#8221;][vc_column width=&#8221;1\/2&#8243;][vc_column_text]<\/p>\n<h2>Table of contents<\/h2>\n<p><a href=\"#marlin-mine\">Marlin Mine<\/a>[\/vc_column_text][\/vc_column][vc_column width=&#8221;1\/2&#8243;][vc_gmaps link=&#8221;#E-8_JTNDaWZyYW1lJTIwc3JjJTNEJTIyaHR0cHMlM0ElMkYlMkZ3d3cuZ29vZ2xlLmNvbSUyRm1hcHMlMkZlbWJlZCUzRnBiJTNEJTIxMW0xOCUyMTFtMTIlMjExbTMlMjExZDE4NzcwNzQyLjUwMTcxNDU3MiUyMTJkLTkxLjQzNTE1MDcxMTY1MDA0JTIxM2QxNy4xMTU0MDkxMzk5NzMxNjMlMjEybTMlMjExZjAlMjEyZjAlMjEzZjAlMjEzbTIlMjExaTEwMjQlMjEyaTc2OCUyMTRmMTMuMSUyMTNtMyUyMTFtMiUyMTFzMHg4NThlNmFjNDRmNTJhZjc1JTI1M0EweDllYTc3MzJhZWI0NzMxYTElMjEyc1NhbiUyQk1hcmNvcyUyNTJDJTJCR3VhdGVtYWxhJTIxNWUxJTIxM20yJTIxMXNubCUyMTJzYmUlMjE0djE1NDUxNDI5ODc3NzUlMjIlMjB3aWR0aCUzRCUyMjYwMCUyMiUyMGhlaWdodCUzRCUyMjQ1MCUyMiUyMGZyYW1lYm9yZGVyJTNEJTIyMCUyMiUyMHN0eWxlJTNEJTIyYm9yZGVyJTNBMCUyMiUyMGFsbG93ZnVsbHNjcmVlbiUzRSUzQyUyRmlmcmFtZSUzRQ==&#8221; title=&#8221;San Marcos Department, Guatemala&#8221;][\/vc_column][\/vc_row][vc_row full_width=&#8221;stretch_row&#8221; el_id=&#8221;marlin-mine&#8221; css=&#8221;.vc_custom_1563875838106{background-color: #009c55 !important;background-position: center !important;background-repeat: no-repeat !important;background-size: cover !important;}&#8221;][vc_column][vc_custom_heading text=&#8221;Marlin Mine&#8221; font_container=&#8221;tag:h1|font_size:50|text_align:left|color:%23ffffff&#8221; google_fonts=&#8221;font_family:Quicksand%3A300%2Cregular%2C700|font_style:400%20regular%3A400%3Anormal&#8221;][\/vc_column][\/vc_row][vc_row][vc_column][vc_column_text]<\/p>\n<p><span style=\"font-weight: 400;\">San Marcos, the far west of Guatemala. In the lowlands of this department one notices rich coffee plantations. In the highlands the Maya population is concentrated on poor land that is difficult to be farmed. On the border between the villages of San Miguel Ixtahuac\u00e1n and Sipacapa, the Marlin mine has been present since 2005.<\/span><\/p>\n<p><span style=\"font-weight: 400;\">The notorious gold company is owned by the mining giant Goldcorp. It is the first large mining project in Guatemala after 36 years of civil war. The armed conflict, with unequal landownership as its main cause, left the issue mostly unresolved. After a bloody war, the Guatemalan population accepted in 1996 a status quo. Almost one year later a new mining law had been passed, which meant that the royalties on the value of gold bars for export sank from 6% to 1%.<\/span><\/p>\n<p><span style=\"font-weight: 400;\">Foreign mining companies saw an opportunity. By 1998, foreigners suddenly appeared in San Miguel Ixtahuac\u00e1n and Sipacapa with a special interest in \u2018useless\u2019 lands and the location of springs in the area. Rumours spread quickly. Nobody had ever been interested in these remote highlands before. Why this sudden interest? Without an answer to these questions, the lands were quickly sold at double or threefold of the market value.\u00a0 Did they know that the Ministry of Mining had granted these highlands with mining licences? Did they know that 250 000 litres of water an hour were being pumped in order to remove gold from the rocks in a mixture with cyanide? Did they know that the explosions of the open pit mining hole would tear apart their houses?<\/span><\/p>\n<p><span style=\"font-weight: 400;\">\u201dInvestments are development.\u201d There is no lack of grotesque commercials in the Guatemalan media. Every hour of the day the Marlin Mine is loathed. There are enough means to defend the strategic interests of the extractive industry. But is it all about development?<\/span><\/p>\n<p><span style=\"font-weight: 400;\">No one will deny that the mine guarantees financial proceeds. Between 2006 and 2010, 1,5 billion dollars were extracted from the ground. A recent study revealed that, through proceeds, loans and projects, only 5% of this amount actually stays in San Miguel Ixtahuac\u00e1n and Sipacapa, whereas they account 100% for the environmental and health risks.\u00a0<\/span><\/p>\n<p><span style=\"font-weight: 400;\">\u2018Pachamama\u2019 (Mother Earth), a holy notion for the Maya population, would have to be sacrificed for just a fraction of the proceeds. At the start of the mining project, Sipacapa decided to hold an internal referendum which revealed that 97% of the participants did not agree with the imminent exploitation. The authorities ignored them and approved the project anyway.<\/span><\/p>\n<p><span style=\"font-weight: 400;\">In San Miguel Ixtahuac\u00e1n there are also protests. Nevertheless, it is better not to raise your voice in order to prevent a legal marathon session. This has been the destiny of seven \u201ccampesinos\u201d who blocked the entrance of the mine. After months of several different summons, they eventually ceased their fight. Today the community still prevents the police from arresting eight mothers by order of Goldcorp.<\/span><\/p>\n<p><span style=\"font-weight: 400;\">Along with opponents, the mine also has supporters. You cannot blame a miner for fighting for his wage. Goldcorp chooses these privileged very carefully, though. In the first place, it is about people who have something to say in the community, the political leadership. In this way the mine infiltrates very quickly within the communities. The absence of the state is now eagerly filled by Goldcorp. Do you want the street to be reconstructed or a school to be built? Then don\u2019t even mention notions such as \u201cPachamama\u201d. Otherwise the money goes to the neighbouring municipality. So, the leaflets of Goldcorp are plenty of \u2018charity\u2019 and the germ of the conflict is planted again short after the end of the civil war. And sometimes the situation gets out of hand. In 2010 Do\u00f1a Diodora was hit in the eye by a bullet. In the same week the house of Don Miguel Angel was riddled with bullets.\u00a0 Both are outspoken opponents of the mine. The teacher Adilia was harassed outside of her school after she testified about skin disorders of her pupils. Opponents were kidnapped and received death threats. Because of a lack of legal order in San Miguel Ixtahuac\u00e1n, the system in which only the strongest survive is applied. Obviously intimidated by the rising violence, many hide in silence.<\/span><\/p>\n<p><span style=\"font-weight: 400;\">The social damage can be measured by the sale of strong drinks, the increasing domestic violence and the brothels that suddenly appeared\u00a0in San Miguel Ixtahuac\u00e1n. Families are splitting up and brothers and sisters often become each other\u2019s opponent.\u00a0<\/span><\/p>\n<p><span style=\"font-weight: 400;\">The scenario of the Marlin mine serves as a clear warning towards the rest of Guatemala. There have been already 59 plebiscites in the whole country, during which a million of people pronounced themselves against the mining industry in their habitat. Whereas San Miguel became divided, the rest of the country united themselves in the protection of their natural resources.<\/span><\/p>\n<p>[\/vc_column_text][vc_btn title=&#8221;Back to top&#8221; align=&#8221;left&#8221; i_align=&#8221;right&#8221; i_icon_fontawesome=&#8221;fa fa-chevron-right&#8221; add_icon=&#8221;true&#8221; link=&#8221;url:%23table-of-contents|||&#8221;][\/vc_column][\/vc_row]<\/p>\n<\/div>","protected":false},"excerpt":{"rendered":"<p>[vc_row][vc_column][vc_cta h2=&#8221;Between the villages of San Miguel Ixtahuac\u00e1n and Sipacapa, the Marlin mine has been present since 2005.&#8221; h4=&#8221;The scenario of the Marlin mine serves as a clear warning towards the rest of Guatemala. Whereas<br \/><a class=\"read-more\" href=\"https:\/\/catapa.be\/en\/cases\/guatemala\/\">Read More<\/a><\/p>\n","protected":false},"author":2,"featured_media":0,"parent":2703,"menu_order":5,"comment_status":"closed","ping_status":"closed","template":"","meta":{"_exactmetrics_skip_tracking":false,"_exactmetrics_sitenote_active":false,"_exactmetrics_sitenote_note":"","_exactmetrics_sitenote_category":0,"jetpack_post_was_ever_published":false,"footnotes":""},"class_list":["post-3083","page","type-page","status-publish","hentry"],"yoast_head":"<!-- This site is optimized with the Yoast SEO plugin v26.8 - https:\/\/yoast.com\/product\/yoast-seo-wordpress\/ -->\n<title>Guatemala - CATAPA vzw<\/title>\n<meta name=\"robots\" content=\"index, follow, max-snippet:-1, max-image-preview:large, max-video-preview:-1\" \/>\n<link rel=\"canonical\" href=\"https:\/\/catapa.be\/en\/cases\/guatemala\/\" \/>\n<meta property=\"og:locale\" content=\"en_US\" \/>\n<meta property=\"og:type\" content=\"article\" \/>\n<meta property=\"og:title\" content=\"Guatemala - CATAPA vzw\" \/>\n<meta property=\"og:description\" content=\"[vc_row][vc_column][vc_cta h2=&#8221;Between the villages of San Miguel Ixtahuac\u00e1n and Sipacapa, the Marlin mine has been present since 2005.&#8221; h4=&#8221;The scenario of the Marlin mine serves as a clear warning towards the rest of Guatemala. WhereasRead More\" \/>\n<meta property=\"og:url\" content=\"https:\/\/catapa.be\/en\/cases\/guatemala\/\" \/>\n<meta property=\"og:site_name\" content=\"CATAPA vzw\" \/>\n<meta property=\"article:publisher\" content=\"https:\/\/www.facebook.com\/catapa.belgium\/\" \/>\n<meta property=\"article:modified_time\" content=\"2022-05-28T11:15:58+00:00\" \/>\n<meta name=\"twitter:card\" content=\"summary_large_image\" \/>\n<meta name=\"twitter:site\" content=\"@CATAPA_Belgica\" \/>\n<meta name=\"twitter:label1\" content=\"Est. reading time\" \/>\n\t<meta name=\"twitter:data1\" content=\"4 minutes\" \/>\n<script type=\"application\/ld+json\" class=\"yoast-schema-graph\">{\"@context\":\"https:\/\/schema.org\",\"@graph\":[{\"@type\":\"WebPage\",\"@id\":\"https:\/\/catapa.be\/en\/cases\/guatemala\/\",\"url\":\"https:\/\/catapa.be\/en\/cases\/guatemala\/\",\"name\":\"Guatemala - CATAPA vzw\",\"isPartOf\":{\"@id\":\"https:\/\/catapa.be\/en\/#website\"},\"datePublished\":\"2018-06-25T12:22:50+00:00\",\"dateModified\":\"2022-05-28T11:15:58+00:00\",\"breadcrumb\":{\"@id\":\"https:\/\/catapa.be\/en\/cases\/guatemala\/#breadcrumb\"},\"inLanguage\":\"en-US\",\"potentialAction\":[{\"@type\":\"ReadAction\",\"target\":[\"https:\/\/catapa.be\/en\/cases\/guatemala\/\"]}]},{\"@type\":\"BreadcrumbList\",\"@id\":\"https:\/\/catapa.be\/en\/cases\/guatemala\/#breadcrumb\",\"itemListElement\":[{\"@type\":\"ListItem\",\"position\":1,\"name\":\"Home\",\"item\":\"https:\/\/catapa.be\/en\/\"},{\"@type\":\"ListItem\",\"position\":2,\"name\":\"Cases\",\"item\":\"https:\/\/catapa.be\/en\/cases\/\"},{\"@type\":\"ListItem\",\"position\":3,\"name\":\"Guatemala\"}]},{\"@type\":\"WebSite\",\"@id\":\"https:\/\/catapa.be\/en\/#website\",\"url\":\"https:\/\/catapa.be\/en\/\",\"name\":\"CATAPA vzw\",\"description\":\"Comit\u00e9 Acad\u00e9mico T\u00e9cnico de Asesoramiento a Problemas Ambientales\",\"publisher\":{\"@id\":\"https:\/\/catapa.be\/en\/#organization\"},\"potentialAction\":[{\"@type\":\"SearchAction\",\"target\":{\"@type\":\"EntryPoint\",\"urlTemplate\":\"https:\/\/catapa.be\/en\/?s={search_term_string}\"},\"query-input\":{\"@type\":\"PropertyValueSpecification\",\"valueRequired\":true,\"valueName\":\"search_term_string\"}}],\"inLanguage\":\"en-US\"},{\"@type\":\"Organization\",\"@id\":\"https:\/\/catapa.be\/en\/#organization\",\"name\":\"CATAPA vzw\",\"url\":\"https:\/\/catapa.be\/en\/\",\"logo\":{\"@type\":\"ImageObject\",\"inLanguage\":\"en-US\",\"@id\":\"https:\/\/catapa.be\/en\/#\/schema\/logo\/image\/\",\"url\":\"https:\/\/i0.wp.com\/catapa.be\/wp-content\/uploads\/2019\/02\/NEW20LOGO20SHORT20PNG1.png?fit=1259%2C1321&ssl=1\",\"contentUrl\":\"https:\/\/i0.wp.com\/catapa.be\/wp-content\/uploads\/2019\/02\/NEW20LOGO20SHORT20PNG1.png?fit=1259%2C1321&ssl=1\",\"width\":1259,\"height\":1321,\"caption\":\"CATAPA vzw\"},\"image\":{\"@id\":\"https:\/\/catapa.be\/en\/#\/schema\/logo\/image\/\"},\"sameAs\":[\"https:\/\/www.facebook.com\/catapa.belgium\/\",\"https:\/\/x.com\/CATAPA_Belgica\",\"https:\/\/www.instagram.com\/catapa_vzw\/\",\"https:\/\/be.linkedin.com\/company\/catapavzw\",\"https:\/\/www.youtube.com\/channel\/UCE52-Fiyv-Fpqf2gi1qhf1g\"]}]}<\/script>\n<!-- \/ Yoast SEO plugin. -->","yoast_head_json":{"title":"Guatemala - CATAPA vzw","robots":{"index":"index","follow":"follow","max-snippet":"max-snippet:-1","max-image-preview":"max-image-preview:large","max-video-preview":"max-video-preview:-1"},"canonical":"https:\/\/catapa.be\/en\/cases\/guatemala\/","og_locale":"en_US","og_type":"article","og_title":"Guatemala - CATAPA vzw","og_description":"[vc_row][vc_column][vc_cta h2=&#8221;Between the villages of San Miguel Ixtahuac\u00e1n and Sipacapa, the Marlin mine has been present since 2005.&#8221; h4=&#8221;The scenario of the Marlin mine serves as a clear warning towards the rest of Guatemala. WhereasRead More","og_url":"https:\/\/catapa.be\/en\/cases\/guatemala\/","og_site_name":"CATAPA vzw","article_publisher":"https:\/\/www.facebook.com\/catapa.belgium\/","article_modified_time":"2022-05-28T11:15:58+00:00","twitter_card":"summary_large_image","twitter_site":"@CATAPA_Belgica","twitter_misc":{"Est. reading time":"4 minutes"},"schema":{"@context":"https:\/\/schema.org","@graph":[{"@type":"WebPage","@id":"https:\/\/catapa.be\/en\/cases\/guatemala\/","url":"https:\/\/catapa.be\/en\/cases\/guatemala\/","name":"Guatemala - CATAPA vzw","isPartOf":{"@id":"https:\/\/catapa.be\/en\/#website"},"datePublished":"2018-06-25T12:22:50+00:00","dateModified":"2022-05-28T11:15:58+00:00","breadcrumb":{"@id":"https:\/\/catapa.be\/en\/cases\/guatemala\/#breadcrumb"},"inLanguage":"en-US","potentialAction":[{"@type":"ReadAction","target":["https:\/\/catapa.be\/en\/cases\/guatemala\/"]}]},{"@type":"BreadcrumbList","@id":"https:\/\/catapa.be\/en\/cases\/guatemala\/#breadcrumb","itemListElement":[{"@type":"ListItem","position":1,"name":"Home","item":"https:\/\/catapa.be\/en\/"},{"@type":"ListItem","position":2,"name":"Cases","item":"https:\/\/catapa.be\/en\/cases\/"},{"@type":"ListItem","position":3,"name":"Guatemala"}]},{"@type":"WebSite","@id":"https:\/\/catapa.be\/en\/#website","url":"https:\/\/catapa.be\/en\/","name":"CATAPA vzw","description":"Comit\u00e9 Acad\u00e9mico T\u00e9cnico de Asesoramiento a Problemas Ambientales","publisher":{"@id":"https:\/\/catapa.be\/en\/#organization"},"potentialAction":[{"@type":"SearchAction","target":{"@type":"EntryPoint","urlTemplate":"https:\/\/catapa.be\/en\/?s={search_term_string}"},"query-input":{"@type":"PropertyValueSpecification","valueRequired":true,"valueName":"search_term_string"}}],"inLanguage":"en-US"},{"@type":"Organization","@id":"https:\/\/catapa.be\/en\/#organization","name":"CATAPA vzw","url":"https:\/\/catapa.be\/en\/","logo":{"@type":"ImageObject","inLanguage":"en-US","@id":"https:\/\/catapa.be\/en\/#\/schema\/logo\/image\/","url":"https:\/\/i0.wp.com\/catapa.be\/wp-content\/uploads\/2019\/02\/NEW20LOGO20SHORT20PNG1.png?fit=1259%2C1321&ssl=1","contentUrl":"https:\/\/i0.wp.com\/catapa.be\/wp-content\/uploads\/2019\/02\/NEW20LOGO20SHORT20PNG1.png?fit=1259%2C1321&ssl=1","width":1259,"height":1321,"caption":"CATAPA vzw"},"image":{"@id":"https:\/\/catapa.be\/en\/#\/schema\/logo\/image\/"},"sameAs":["https:\/\/www.facebook.com\/catapa.belgium\/","https:\/\/x.com\/CATAPA_Belgica","https:\/\/www.instagram.com\/catapa_vzw\/","https:\/\/be.linkedin.com\/company\/catapavzw","https:\/\/www.youtube.com\/channel\/UCE52-Fiyv-Fpqf2gi1qhf1g"]}]}},"jetpack_sharing_enabled":true,"jetpack_likes_enabled":true,"jetpack-related-posts":[{"id":3085,"url":"https:\/\/catapa.be\/nl\/cases\/guatemala\/","url_meta":{"origin":3083,"position":0},"title":"Guatemala","author":"Alienor de Sas","date":"25\/06\/2018","format":false,"excerpt":"[vc_row][vc_column][vc_cta h2=\"Op de grens van de dorpen San Miguel Ixtahuac\u00e1n en Sipacapa vind je er sinds 2005 de Marlin mijn.\" h4=\"Het scenario van deze mijn diende als een duidelijke waarschuwing voor de rest van Guatemala. Terwijl San Miguel verdeeld raakte, verenigde de rest van het land zich in de bescherming\u2026","rel":"","context":"Similar post","block_context":{"text":"Similar post","link":""},"img":{"alt_text":"","src":"","width":0,"height":0},"classes":[]},{"id":3087,"url":"https:\/\/catapa.be\/es\/casos\/guatemala\/","url_meta":{"origin":3083,"position":1},"title":"Guatemala","author":"Alienor de Sas","date":"25\/06\/2018","format":false,"excerpt":"[vc_row][vc_column][vc_cta h2=\"Entre los municipios de San Miguel Ixtahuac\u00e1n y Sipacapa se encuentra desde 2005 la mina Marlin.\" h4=\"El escenario de esta mina sirve como una clara advertencia para el resto de Guatemala. Mientras San Miguel se divid\u00eda, el resto del pa\u00eds un\u00eda fuerzas para proteger sus recursos naturales.\" style=\"custom\" custom_background=\"#01a053\"\u2026","rel":"","context":"Similar post","block_context":{"text":"Similar post","link":""},"img":{"alt_text":"","src":"","width":0,"height":0},"classes":[]},{"id":2661,"url":"https:\/\/catapa.be\/en\/about-us\/our-history\/","url_meta":{"origin":3083,"position":2},"title":"Our history","author":"Alienor de Sas","date":"20\/05\/2018","format":false,"excerpt":"[vc_row full_width=\"stretch_row\" content_placement=\"middle\"][vc_column][vc_cta h2=\"From BelBol to...\" h4=\"...a horizontal movement with partner organisations in Peru, Colombia, Ecuador and Bolivia; and with plenty of ongoing projects in Flanders, Europe and Latin America.\" style=\"custom\" custom_background=\"#01a053\" custom_text=\"#ffffff\"][\/vc_cta][\/vc_column][\/vc_row][vc_row full_width=\"stretch_row\" equal_height=\"yes\" css=\".vc_custom_1535455217709{background-color: #f7f7f7 !important;}\" el_id=\"table-of-contents\"][vc_column css_animation=\"none\" width=\"1\/2\"][vc_column_text css=\".vc_custom_1653735292505{padding-left: 50px !important;}\"] Table of contents 2003-2007: from BelBol\u2026","rel":"","context":"Similar post","block_context":{"text":"Similar post","link":""},"img":{"alt_text":"","src":"https:\/\/i0.wp.com\/catapa.be\/wp-content\/uploads\/2019\/01\/mining-in-paradise-300x300.png?resize=350%2C200","width":350,"height":200},"classes":[]},{"id":3005,"url":"https:\/\/catapa.be\/nl\/catapa-vzw-homepagina\/","url_meta":{"origin":3083,"position":3},"title":"Home","author":"Alienor de Sas","date":"20\/05\/2011","format":false,"excerpt":"[vc_row css=\".vc_custom_1698400141878{margin-top: 1px !important;margin-bottom: 1px !important;border-top-width: 0px !important;border-bottom-width: 0px !important;padding-top: 0px !important;padding-bottom: 0px !important;}\"][vc_column width=\"1\/4\"][vc_cta h2=\"Het recht om 'nee' te zeggen\" txt_align=\"center\" shape=\"square\" add_button=\"bottom\" btn_title=\"De campagne\" btn_color=\"orange\" btn_align=\"center\" btn_link=\"url:https%3A%2F%2Fcatapa.be%2Fnl%2Fons-werk%2Fcampagnes%2Fhet-recht-om-nee-te-zeggen%2F|title:Het%20recht%20om%20'nee'%20te%20zeggen\"]We steunen gemeenschappen hun recht om 'nee' te zeggen tegen mijnbouw en het maatschappelijke systeem dat mijnbouw noodzakelijk maakt. In de Andesregio\u2026","rel":"","context":"Similar post","block_context":{"text":"Similar post","link":""},"img":{"alt_text":"","src":"https:\/\/i0.wp.com\/catapa.be\/wp-content\/uploads\/2023\/10\/Right-to-say-no-250.png?resize=350%2C200&ssl=1","width":350,"height":200},"classes":[]},{"id":3020,"url":"https:\/\/catapa.be\/nl\/over-ons\/onze-geschiedenis\/","url_meta":{"origin":3083,"position":4},"title":"Onze geschiedenis","author":"Alienor de Sas","date":"20\/05\/2018","format":false,"excerpt":"[vc_row full_width=\"stretch_row\" content_placement=\"middle\"][vc_column][vc_cta h2=\"Van BelBol tot...\" h4=\"\u2026horizontale beweging met partnerorganisaties in Peru, Colombia, Ecuador en Bolivia met tal van lopende projecten in Vlaanderen, Europa en in Latijns-Amerika.\" style=\"custom\" custom_background=\"#01a053\" custom_text=\"#ffffff\"][\/vc_cta][\/vc_column][\/vc_row][vc_row full_width=\"stretch_row\" equal_height=\"yes\" css=\".vc_custom_1535455217709{background-color: #f7f7f7 !important;}\" el_id=\"table-of-contents\"][vc_column css_animation=\"none\" width=\"1\/2\"][vc_column_text css=\".vc_custom_1653737462552{padding-left: 50px !important;}\"] Inhoudstafel 2003-2007: van BelBol tot de start van CATAPA\u2026","rel":"","context":"Similar post","block_context":{"text":"Similar post","link":""},"img":{"alt_text":"","src":"https:\/\/i0.wp.com\/catapa.be\/wp-content\/uploads\/2019\/01\/mining-in-paradise-300x300.png?resize=350%2C200&ssl=1","width":350,"height":200},"classes":[]},{"id":2686,"url":"https:\/\/catapa.be\/en\/how-we-work\/catapa-campaigns-and-projects\/","url_meta":{"origin":3083,"position":5},"title":"Campaigns and projects","author":"Alienor de Sas","date":"20\/05\/2018","format":false,"excerpt":"[vc_row css=\".vc_custom_1533807373745{margin-top: -50px !important;margin-bottom: 50px !important;}\"][vc_column width=\"1\/2\"][vc_cta h2=\"We work project- and campaign-based.\" h4=\"The campaign Make ICT Fair and the projects NEMO and Fair ICT Flanders currently take up most of our work.\" style=\"custom\" css_animation=\"none\" custom_background=\"#01a053\" custom_text=\"#ffffff\"][\/vc_cta][\/vc_column][vc_column width=\"1\/2\"][vc_cta h2=\"Current Campaign\" style=\"custom\" add_button=\"bottom\" btn_title=\"More about Ctrl Alt Delete\" btn_color=\"danger\" css_animation=\"none\" custom_background=\"#1801c6\" custom_text=\"#ffffff\"\u2026","rel":"","context":"Similar post","block_context":{"text":"Similar post","link":""},"img":{"alt_text":"geplande veroudering ctrl alt delete campagne","src":"https:\/\/i0.wp.com\/catapa.be\/wp-content\/uploads\/2021\/11\/cropped-cropped-ctrlaltdel-150x150.png?resize=350%2C200&ssl=1","width":350,"height":200},"classes":[]}],"_links":{"self":[{"href":"https:\/\/catapa.be\/en\/wp-json\/wp\/v2\/pages\/3083","targetHints":{"allow":["GET"]}}],"collection":[{"href":"https:\/\/catapa.be\/en\/wp-json\/wp\/v2\/pages"}],"about":[{"href":"https:\/\/catapa.be\/en\/wp-json\/wp\/v2\/types\/page"}],"author":[{"embeddable":true,"href":"https:\/\/catapa.be\/en\/wp-json\/wp\/v2\/users\/2"}],"replies":[{"embeddable":true,"href":"https:\/\/catapa.be\/en\/wp-json\/wp\/v2\/comments?post=3083"}],"version-history":[{"count":8,"href":"https:\/\/catapa.be\/en\/wp-json\/wp\/v2\/pages\/3083\/revisions"}],"predecessor-version":[{"id":29763,"href":"https:\/\/catapa.be\/en\/wp-json\/wp\/v2\/pages\/3083\/revisions\/29763"}],"up":[{"embeddable":true,"href":"https:\/\/catapa.be\/en\/wp-json\/wp\/v2\/pages\/2703"}],"wp:attachment":[{"href":"https:\/\/catapa.be\/en\/wp-json\/wp\/v2\/media?parent=3083"}],"curies":[{"name":"wp","href":"https:\/\/api.w.org\/{rel}","templated":true}]}}