{"id":32425,"date":"2023-01-19T11:15:02","date_gmt":"2023-01-19T10:15:02","guid":{"rendered":"https:\/\/catapa.be\/privacy-graveyard\/"},"modified":"2023-01-19T11:15:02","modified_gmt":"2023-01-19T10:15:02","slug":"privacy-graveyard","status":"publish","type":"page","link":"https:\/\/catapa.be\/en\/privacy-graveyard\/","title":{"rendered":"privacy-graveyard"},"content":{"rendered":"","protected":false},"excerpt":{"rendered":"","protected":false},"author":1,"featured_media":0,"parent":0,"menu_order":0,"comment_status":"closed","ping_status":"closed","template":"","meta":{"_exactmetrics_skip_tracking":false,"_exactmetrics_sitenote_active":false,"_exactmetrics_sitenote_note":"","_exactmetrics_sitenote_category":0,"jetpack_post_was_ever_published":false,"footnotes":""},"class_list":["post-32425","page","type-page","status-publish","hentry"],"yoast_head":"<!-- This site is optimized with the Yoast SEO plugin v26.8 - https:\/\/yoast.com\/product\/yoast-seo-wordpress\/ -->\n<title>privacy-graveyard - CATAPA vzw<\/title>\n<meta name=\"robots\" content=\"index, follow, max-snippet:-1, max-image-preview:large, max-video-preview:-1\" \/>\n<link rel=\"canonical\" href=\"https:\/\/catapa.be\/en\/privacy-graveyard\/\" \/>\n<meta property=\"og:locale\" content=\"en_US\" \/>\n<meta property=\"og:type\" content=\"article\" \/>\n<meta property=\"og:title\" content=\"privacy-graveyard - CATAPA vzw\" \/>\n<meta property=\"og:url\" content=\"https:\/\/catapa.be\/en\/privacy-graveyard\/\" \/>\n<meta property=\"og:site_name\" content=\"CATAPA vzw\" \/>\n<meta property=\"article:publisher\" content=\"https:\/\/www.facebook.com\/catapa.belgium\/\" \/>\n<meta name=\"twitter:card\" content=\"summary_large_image\" \/>\n<meta name=\"twitter:site\" content=\"@CATAPA_Belgica\" \/>\n<script type=\"application\/ld+json\" class=\"yoast-schema-graph\">{\"@context\":\"https:\/\/schema.org\",\"@graph\":[{\"@type\":\"WebPage\",\"@id\":\"https:\/\/catapa.be\/en\/privacy-graveyard\/\",\"url\":\"https:\/\/catapa.be\/en\/privacy-graveyard\/\",\"name\":\"privacy-graveyard - CATAPA vzw\",\"isPartOf\":{\"@id\":\"https:\/\/catapa.be\/en\/#website\"},\"datePublished\":\"2023-01-19T10:15:02+00:00\",\"breadcrumb\":{\"@id\":\"https:\/\/catapa.be\/en\/privacy-graveyard\/#breadcrumb\"},\"inLanguage\":\"en-US\",\"potentialAction\":[{\"@type\":\"ReadAction\",\"target\":[\"https:\/\/catapa.be\/en\/privacy-graveyard\/\"]}]},{\"@type\":\"BreadcrumbList\",\"@id\":\"https:\/\/catapa.be\/en\/privacy-graveyard\/#breadcrumb\",\"itemListElement\":[{\"@type\":\"ListItem\",\"position\":1,\"name\":\"Home\",\"item\":\"https:\/\/catapa.be\/en\/\"},{\"@type\":\"ListItem\",\"position\":2,\"name\":\"privacy-graveyard\"}]},{\"@type\":\"WebSite\",\"@id\":\"https:\/\/catapa.be\/en\/#website\",\"url\":\"https:\/\/catapa.be\/en\/\",\"name\":\"CATAPA vzw\",\"description\":\"Comit\u00e9 Acad\u00e9mico T\u00e9cnico de Asesoramiento a Problemas Ambientales\",\"publisher\":{\"@id\":\"https:\/\/catapa.be\/en\/#organization\"},\"potentialAction\":[{\"@type\":\"SearchAction\",\"target\":{\"@type\":\"EntryPoint\",\"urlTemplate\":\"https:\/\/catapa.be\/en\/?s={search_term_string}\"},\"query-input\":{\"@type\":\"PropertyValueSpecification\",\"valueRequired\":true,\"valueName\":\"search_term_string\"}}],\"inLanguage\":\"en-US\"},{\"@type\":\"Organization\",\"@id\":\"https:\/\/catapa.be\/en\/#organization\",\"name\":\"CATAPA vzw\",\"url\":\"https:\/\/catapa.be\/en\/\",\"logo\":{\"@type\":\"ImageObject\",\"inLanguage\":\"en-US\",\"@id\":\"https:\/\/catapa.be\/en\/#\/schema\/logo\/image\/\",\"url\":\"https:\/\/i0.wp.com\/catapa.be\/wp-content\/uploads\/2019\/02\/NEW20LOGO20SHORT20PNG1.png?fit=1259%2C1321&ssl=1\",\"contentUrl\":\"https:\/\/i0.wp.com\/catapa.be\/wp-content\/uploads\/2019\/02\/NEW20LOGO20SHORT20PNG1.png?fit=1259%2C1321&ssl=1\",\"width\":1259,\"height\":1321,\"caption\":\"CATAPA vzw\"},\"image\":{\"@id\":\"https:\/\/catapa.be\/en\/#\/schema\/logo\/image\/\"},\"sameAs\":[\"https:\/\/www.facebook.com\/catapa.belgium\/\",\"https:\/\/x.com\/CATAPA_Belgica\",\"https:\/\/www.instagram.com\/catapa_vzw\/\",\"https:\/\/be.linkedin.com\/company\/catapavzw\",\"https:\/\/www.youtube.com\/channel\/UCE52-Fiyv-Fpqf2gi1qhf1g\"]}]}<\/script>\n<!-- \/ Yoast SEO plugin. -->","yoast_head_json":{"title":"privacy-graveyard - CATAPA vzw","robots":{"index":"index","follow":"follow","max-snippet":"max-snippet:-1","max-image-preview":"max-image-preview:large","max-video-preview":"max-video-preview:-1"},"canonical":"https:\/\/catapa.be\/en\/privacy-graveyard\/","og_locale":"en_US","og_type":"article","og_title":"privacy-graveyard - CATAPA vzw","og_url":"https:\/\/catapa.be\/en\/privacy-graveyard\/","og_site_name":"CATAPA vzw","article_publisher":"https:\/\/www.facebook.com\/catapa.belgium\/","twitter_card":"summary_large_image","twitter_site":"@CATAPA_Belgica","schema":{"@context":"https:\/\/schema.org","@graph":[{"@type":"WebPage","@id":"https:\/\/catapa.be\/en\/privacy-graveyard\/","url":"https:\/\/catapa.be\/en\/privacy-graveyard\/","name":"privacy-graveyard - CATAPA vzw","isPartOf":{"@id":"https:\/\/catapa.be\/en\/#website"},"datePublished":"2023-01-19T10:15:02+00:00","breadcrumb":{"@id":"https:\/\/catapa.be\/en\/privacy-graveyard\/#breadcrumb"},"inLanguage":"en-US","potentialAction":[{"@type":"ReadAction","target":["https:\/\/catapa.be\/en\/privacy-graveyard\/"]}]},{"@type":"BreadcrumbList","@id":"https:\/\/catapa.be\/en\/privacy-graveyard\/#breadcrumb","itemListElement":[{"@type":"ListItem","position":1,"name":"Home","item":"https:\/\/catapa.be\/en\/"},{"@type":"ListItem","position":2,"name":"privacy-graveyard"}]},{"@type":"WebSite","@id":"https:\/\/catapa.be\/en\/#website","url":"https:\/\/catapa.be\/en\/","name":"CATAPA vzw","description":"Comit\u00e9 Acad\u00e9mico T\u00e9cnico de Asesoramiento a Problemas Ambientales","publisher":{"@id":"https:\/\/catapa.be\/en\/#organization"},"potentialAction":[{"@type":"SearchAction","target":{"@type":"EntryPoint","urlTemplate":"https:\/\/catapa.be\/en\/?s={search_term_string}"},"query-input":{"@type":"PropertyValueSpecification","valueRequired":true,"valueName":"search_term_string"}}],"inLanguage":"en-US"},{"@type":"Organization","@id":"https:\/\/catapa.be\/en\/#organization","name":"CATAPA vzw","url":"https:\/\/catapa.be\/en\/","logo":{"@type":"ImageObject","inLanguage":"en-US","@id":"https:\/\/catapa.be\/en\/#\/schema\/logo\/image\/","url":"https:\/\/i0.wp.com\/catapa.be\/wp-content\/uploads\/2019\/02\/NEW20LOGO20SHORT20PNG1.png?fit=1259%2C1321&ssl=1","contentUrl":"https:\/\/i0.wp.com\/catapa.be\/wp-content\/uploads\/2019\/02\/NEW20LOGO20SHORT20PNG1.png?fit=1259%2C1321&ssl=1","width":1259,"height":1321,"caption":"CATAPA vzw"},"image":{"@id":"https:\/\/catapa.be\/en\/#\/schema\/logo\/image\/"},"sameAs":["https:\/\/www.facebook.com\/catapa.belgium\/","https:\/\/x.com\/CATAPA_Belgica","https:\/\/www.instagram.com\/catapa_vzw\/","https:\/\/be.linkedin.com\/company\/catapavzw","https:\/\/www.youtube.com\/channel\/UCE52-Fiyv-Fpqf2gi1qhf1g"]}]}},"jetpack_sharing_enabled":true,"jetpack_likes_enabled":true,"jetpack-related-posts":[{"id":32424,"url":"https:\/\/catapa.be\/en\/algemene-voorwaarden-graveyard\/","url_meta":{"origin":32425,"position":0},"title":"algemene-voorwaarden-graveyard","author":"admin","date":"19\/01\/2023","format":false,"excerpt":"","rel":"","context":"Similar post","block_context":{"text":"Similar post","link":""},"img":{"alt_text":"","src":"","width":0,"height":0},"classes":[]},{"id":8311,"url":"https:\/\/catapa.be\/en\/gdpr-policy-cookies-info\/","url_meta":{"origin":32425,"position":1},"title":"GDPR &#8211; Privacy Statement &#8211; Cookies Info","author":"H\u00e9ctor Cabezudo","date":"14\/10\/2018","format":false,"excerpt":"[vc_row][vc_column][vc_column_text] GDPR - Privacy Statement [\/vc_column_text][vc_column_text]CATAPA vzw\u00a0attaches great importance to the protection of your personal data (and respects your privacy). In this privacy statement we want to provide clear and transparent information about how we deal with personal data. We do everything to ensure your privacy and therefore we treat\u2026","rel":"","context":"Similar post","block_context":{"text":"Similar post","link":""},"img":{"alt_text":"","src":"","width":0,"height":0},"classes":[]},{"id":9793,"url":"https:\/\/catapa.be\/nl\/avg-privacyverklaring-cookies-info\/","url_meta":{"origin":32425,"position":2},"title":"AVG &#8211; Privacyverklaring &#8211; Cookies Info","author":"H\u00e9ctor Cabezudo","date":"19\/02\/2019","format":false,"excerpt":"[vc_row][vc_column][vc_column_text] AVG - Privacyverklaring [\/vc_column_text][vc_column_text]CATAPA vzw hecht veel waarde aan de bescherming van uw persoonsgegevens (en dat uw privacy wordt gerespecteerd). In deze privacyverklaring willen we heldere en transparante informatie geven over hoe wij omgaan met persoonsgegevens. Wij doen er alles aan om uw privacy te waarborgen en gaan daarom\u2026","rel":"","context":"Similar post","block_context":{"text":"Similar post","link":""},"img":{"alt_text":"","src":"","width":0,"height":0},"classes":[]},{"id":28011,"url":"https:\/\/catapa.be\/nl\/ctrlaltdelete-doe-mee-2\/","url_meta":{"origin":32425,"position":3},"title":"DOE MEE!","author":"Mathieu Cieters","date":"17\/02\/2022","format":false,"excerpt":"[vc_row css=\".vc_custom_1645369009320{padding-top: 0px !important;padding-right: 0px !important;padding-bottom: 0px !important;padding-left: 20px !important;background-color: #fdf22a !important;}\"][vc_column width=\"1\/2\"][vc_column_text el_class=\"blauwetekst schreefloos hoofdletters\" css=\".vc_custom_1645369211614{padding-top: 35px !important;}\"]Doe mee & Stop #ExpresDefect![\/vc_column_text][vc_column_text el_class=\"blauwetekst schreefloos kleinetekst\"]De Ctrl Alt Delete campagne wil geplande veroudering en dus #ExpresDefect een halt toeroepen. Het bewust ontwerpen van producten met een korte levensduur is niet\u2026","rel":"","context":"Similar post","block_context":{"text":"Similar post","link":""},"img":{"alt_text":"","src":"","width":0,"height":0},"classes":[]}],"_links":{"self":[{"href":"https:\/\/catapa.be\/en\/wp-json\/wp\/v2\/pages\/32425","targetHints":{"allow":["GET"]}}],"collection":[{"href":"https:\/\/catapa.be\/en\/wp-json\/wp\/v2\/pages"}],"about":[{"href":"https:\/\/catapa.be\/en\/wp-json\/wp\/v2\/types\/page"}],"author":[{"embeddable":true,"href":"https:\/\/catapa.be\/en\/wp-json\/wp\/v2\/users\/1"}],"replies":[{"embeddable":true,"href":"https:\/\/catapa.be\/en\/wp-json\/wp\/v2\/comments?post=32425"}],"version-history":[{"count":0,"href":"https:\/\/catapa.be\/en\/wp-json\/wp\/v2\/pages\/32425\/revisions"}],"wp:attachment":[{"href":"https:\/\/catapa.be\/en\/wp-json\/wp\/v2\/media?parent=32425"}],"curies":[{"name":"wp","href":"https:\/\/api.w.org\/{rel}","templated":true}]}}