{"id":33610,"date":"2023-05-15T15:44:08","date_gmt":"2023-05-15T13:44:08","guid":{"rendered":"https:\/\/catapa.be\/?page_id=33610"},"modified":"2023-05-15T15:44:08","modified_gmt":"2023-05-15T13:44:08","slug":"historical-cases","status":"publish","type":"page","link":"https:\/\/catapa.be\/en\/historical-cases\/","title":{"rendered":"Historical cases"},"content":{"rendered":"","protected":false},"excerpt":{"rendered":"","protected":false},"author":68,"featured_media":0,"parent":0,"menu_order":0,"comment_status":"closed","ping_status":"closed","template":"","meta":{"_exactmetrics_skip_tracking":false,"_exactmetrics_sitenote_active":false,"_exactmetrics_sitenote_note":"","_exactmetrics_sitenote_category":0,"jetpack_post_was_ever_published":false,"footnotes":""},"class_list":["post-33610","page","type-page","status-publish","hentry"],"yoast_head":"<!-- This site is optimized with the Yoast SEO plugin v26.8 - https:\/\/yoast.com\/product\/yoast-seo-wordpress\/ -->\n<title>Historical cases - CATAPA vzw<\/title>\n<meta name=\"robots\" content=\"index, follow, max-snippet:-1, max-image-preview:large, max-video-preview:-1\" \/>\n<link rel=\"canonical\" href=\"https:\/\/catapa.be\/en\/historical-cases\/\" \/>\n<meta property=\"og:locale\" content=\"en_US\" \/>\n<meta property=\"og:type\" content=\"article\" \/>\n<meta property=\"og:title\" content=\"Historical cases - CATAPA vzw\" \/>\n<meta property=\"og:url\" content=\"https:\/\/catapa.be\/en\/historical-cases\/\" \/>\n<meta property=\"og:site_name\" content=\"CATAPA vzw\" \/>\n<meta property=\"article:publisher\" content=\"https:\/\/www.facebook.com\/catapa.belgium\/\" \/>\n<meta name=\"twitter:card\" content=\"summary_large_image\" \/>\n<meta name=\"twitter:site\" content=\"@CATAPA_Belgica\" \/>\n<script type=\"application\/ld+json\" class=\"yoast-schema-graph\">{\"@context\":\"https:\/\/schema.org\",\"@graph\":[{\"@type\":\"WebPage\",\"@id\":\"https:\/\/catapa.be\/en\/historical-cases\/\",\"url\":\"https:\/\/catapa.be\/en\/historical-cases\/\",\"name\":\"Historical cases - CATAPA vzw\",\"isPartOf\":{\"@id\":\"https:\/\/catapa.be\/en\/#website\"},\"datePublished\":\"2023-05-15T13:44:08+00:00\",\"breadcrumb\":{\"@id\":\"https:\/\/catapa.be\/en\/historical-cases\/#breadcrumb\"},\"inLanguage\":\"en-US\",\"potentialAction\":[{\"@type\":\"ReadAction\",\"target\":[\"https:\/\/catapa.be\/en\/historical-cases\/\"]}]},{\"@type\":\"BreadcrumbList\",\"@id\":\"https:\/\/catapa.be\/en\/historical-cases\/#breadcrumb\",\"itemListElement\":[{\"@type\":\"ListItem\",\"position\":1,\"name\":\"Home\",\"item\":\"https:\/\/catapa.be\/en\/\"},{\"@type\":\"ListItem\",\"position\":2,\"name\":\"Historical cases\"}]},{\"@type\":\"WebSite\",\"@id\":\"https:\/\/catapa.be\/en\/#website\",\"url\":\"https:\/\/catapa.be\/en\/\",\"name\":\"CATAPA vzw\",\"description\":\"Comit\u00e9 Acad\u00e9mico T\u00e9cnico de Asesoramiento a Problemas Ambientales\",\"publisher\":{\"@id\":\"https:\/\/catapa.be\/en\/#organization\"},\"potentialAction\":[{\"@type\":\"SearchAction\",\"target\":{\"@type\":\"EntryPoint\",\"urlTemplate\":\"https:\/\/catapa.be\/en\/?s={search_term_string}\"},\"query-input\":{\"@type\":\"PropertyValueSpecification\",\"valueRequired\":true,\"valueName\":\"search_term_string\"}}],\"inLanguage\":\"en-US\"},{\"@type\":\"Organization\",\"@id\":\"https:\/\/catapa.be\/en\/#organization\",\"name\":\"CATAPA vzw\",\"url\":\"https:\/\/catapa.be\/en\/\",\"logo\":{\"@type\":\"ImageObject\",\"inLanguage\":\"en-US\",\"@id\":\"https:\/\/catapa.be\/en\/#\/schema\/logo\/image\/\",\"url\":\"https:\/\/i0.wp.com\/catapa.be\/wp-content\/uploads\/2019\/02\/NEW20LOGO20SHORT20PNG1.png?fit=1259%2C1321&ssl=1\",\"contentUrl\":\"https:\/\/i0.wp.com\/catapa.be\/wp-content\/uploads\/2019\/02\/NEW20LOGO20SHORT20PNG1.png?fit=1259%2C1321&ssl=1\",\"width\":1259,\"height\":1321,\"caption\":\"CATAPA vzw\"},\"image\":{\"@id\":\"https:\/\/catapa.be\/en\/#\/schema\/logo\/image\/\"},\"sameAs\":[\"https:\/\/www.facebook.com\/catapa.belgium\/\",\"https:\/\/x.com\/CATAPA_Belgica\",\"https:\/\/www.instagram.com\/catapa_vzw\/\",\"https:\/\/be.linkedin.com\/company\/catapavzw\",\"https:\/\/www.youtube.com\/channel\/UCE52-Fiyv-Fpqf2gi1qhf1g\"]}]}<\/script>\n<!-- \/ Yoast SEO plugin. -->","yoast_head_json":{"title":"Historical cases - CATAPA vzw","robots":{"index":"index","follow":"follow","max-snippet":"max-snippet:-1","max-image-preview":"max-image-preview:large","max-video-preview":"max-video-preview:-1"},"canonical":"https:\/\/catapa.be\/en\/historical-cases\/","og_locale":"en_US","og_type":"article","og_title":"Historical cases - CATAPA vzw","og_url":"https:\/\/catapa.be\/en\/historical-cases\/","og_site_name":"CATAPA vzw","article_publisher":"https:\/\/www.facebook.com\/catapa.belgium\/","twitter_card":"summary_large_image","twitter_site":"@CATAPA_Belgica","schema":{"@context":"https:\/\/schema.org","@graph":[{"@type":"WebPage","@id":"https:\/\/catapa.be\/en\/historical-cases\/","url":"https:\/\/catapa.be\/en\/historical-cases\/","name":"Historical cases - CATAPA vzw","isPartOf":{"@id":"https:\/\/catapa.be\/en\/#website"},"datePublished":"2023-05-15T13:44:08+00:00","breadcrumb":{"@id":"https:\/\/catapa.be\/en\/historical-cases\/#breadcrumb"},"inLanguage":"en-US","potentialAction":[{"@type":"ReadAction","target":["https:\/\/catapa.be\/en\/historical-cases\/"]}]},{"@type":"BreadcrumbList","@id":"https:\/\/catapa.be\/en\/historical-cases\/#breadcrumb","itemListElement":[{"@type":"ListItem","position":1,"name":"Home","item":"https:\/\/catapa.be\/en\/"},{"@type":"ListItem","position":2,"name":"Historical cases"}]},{"@type":"WebSite","@id":"https:\/\/catapa.be\/en\/#website","url":"https:\/\/catapa.be\/en\/","name":"CATAPA vzw","description":"Comit\u00e9 Acad\u00e9mico T\u00e9cnico de Asesoramiento a Problemas Ambientales","publisher":{"@id":"https:\/\/catapa.be\/en\/#organization"},"potentialAction":[{"@type":"SearchAction","target":{"@type":"EntryPoint","urlTemplate":"https:\/\/catapa.be\/en\/?s={search_term_string}"},"query-input":{"@type":"PropertyValueSpecification","valueRequired":true,"valueName":"search_term_string"}}],"inLanguage":"en-US"},{"@type":"Organization","@id":"https:\/\/catapa.be\/en\/#organization","name":"CATAPA vzw","url":"https:\/\/catapa.be\/en\/","logo":{"@type":"ImageObject","inLanguage":"en-US","@id":"https:\/\/catapa.be\/en\/#\/schema\/logo\/image\/","url":"https:\/\/i0.wp.com\/catapa.be\/wp-content\/uploads\/2019\/02\/NEW20LOGO20SHORT20PNG1.png?fit=1259%2C1321&ssl=1","contentUrl":"https:\/\/i0.wp.com\/catapa.be\/wp-content\/uploads\/2019\/02\/NEW20LOGO20SHORT20PNG1.png?fit=1259%2C1321&ssl=1","width":1259,"height":1321,"caption":"CATAPA vzw"},"image":{"@id":"https:\/\/catapa.be\/en\/#\/schema\/logo\/image\/"},"sameAs":["https:\/\/www.facebook.com\/catapa.belgium\/","https:\/\/x.com\/CATAPA_Belgica","https:\/\/www.instagram.com\/catapa_vzw\/","https:\/\/be.linkedin.com\/company\/catapavzw","https:\/\/www.youtube.com\/channel\/UCE52-Fiyv-Fpqf2gi1qhf1g"]}]}},"jetpack_sharing_enabled":true,"jetpack_likes_enabled":true,"jetpack-related-posts":[{"id":2869,"url":"https:\/\/catapa.be\/en\/cases\/romania\/","url_meta":{"origin":33610,"position":0},"title":"Romania","author":"Alienor de Sas","date":"23\/05\/2018","format":false,"excerpt":"[vc_row][vc_column][vc_cta h2=\"In 2000, the Ro\u0219ia Montan\u0103 Gold Corporation announced its intentions to open the largest open pit gold mine in Europe\" h4=\"in Ro\u0219ia Montan\u0103, a Transylvanian village in the Apuseni Mountains. In order to execute this project, the company wanted to blast away 4 mountains, relocate 2.064 privates properties, tear\u2026","rel":"","context":"Similar post","block_context":{"text":"Similar post","link":""},"img":{"alt_text":"","src":"https:\/\/i0.wp.com\/catapa.be\/wp-content\/uploads\/2018\/08\/logo-salvati-rosia-montana_0-266x300.jpg?resize=350%2C200","width":350,"height":200},"classes":[]},{"id":2703,"url":"https:\/\/catapa.be\/en\/cases\/","url_meta":{"origin":33610,"position":1},"title":"Cases","author":"Alienor de Sas","date":"20\/05\/2018","format":false,"excerpt":"","rel":"","context":"Similar post","block_context":{"text":"Similar post","link":""},"img":{"alt_text":"","src":"","width":0,"height":0},"classes":[]},{"id":2995,"url":"https:\/\/catapa.be\/nl\/cases\/","url_meta":{"origin":33610,"position":2},"title":"Cases","author":"Alienor de Sas","date":"20\/05\/2018","format":false,"excerpt":"","rel":"","context":"Similar post","block_context":{"text":"Similar post","link":""},"img":{"alt_text":"","src":"","width":0,"height":0},"classes":[]},{"id":33615,"url":"https:\/\/catapa.be\/nl\/historische-cases\/","url_meta":{"origin":33610,"position":3},"title":"Historische cases","author":"Simon Berlo","date":"15\/05\/2023","format":false,"excerpt":"","rel":"","context":"Similar post","block_context":{"text":"Similar post","link":""},"img":{"alt_text":"","src":"","width":0,"height":0},"classes":[]},{"id":10034,"url":"https:\/\/catapa.be\/nl\/lees-meer-over-onze-activiteiten-en-cases\/","url_meta":{"origin":33610,"position":4},"title":"Lees meer over onze activiteiten en cases","author":"Alienor de Sas","date":"11\/07\/2018","format":false,"excerpt":"","rel":"","context":"Similar post","block_context":{"text":"Similar post","link":""},"img":{"alt_text":"","src":"https:\/\/i0.wp.com\/catapa.be\/wp-content\/uploads\/2018\/08\/Gordo_bewerkt-1.jpg?fit=1200%2C563&ssl=1&resize=350%2C200","width":350,"height":200,"srcset":"https:\/\/i0.wp.com\/catapa.be\/wp-content\/uploads\/2018\/08\/Gordo_bewerkt-1.jpg?fit=1200%2C563&ssl=1&resize=350%2C200 1x, https:\/\/i0.wp.com\/catapa.be\/wp-content\/uploads\/2018\/08\/Gordo_bewerkt-1.jpg?fit=1200%2C563&ssl=1&resize=525%2C300 1.5x, https:\/\/i0.wp.com\/catapa.be\/wp-content\/uploads\/2018\/08\/Gordo_bewerkt-1.jpg?fit=1200%2C563&ssl=1&resize=700%2C400 2x, https:\/\/i0.wp.com\/catapa.be\/wp-content\/uploads\/2018\/08\/Gordo_bewerkt-1.jpg?fit=1200%2C563&ssl=1&resize=1050%2C600 3x"},"classes":[]},{"id":33784,"url":"https:\/\/catapa.be\/en\/how-we-work\/catapa-campaigns-and-projects\/right-to-say-no\/","url_meta":{"origin":33610,"position":5},"title":"Right to Say No","author":"Estefan\u00eda","date":"19\/07\/2023","format":false,"excerpt":"[vc_row][vc_column css=\".vc_custom_1689176990469{margin-top: -150px !important;border-top-width: -150px !important;padding-top: -150px !important;}\"][vc_column_text] What is the Right to say 'No'? We understand The Right to Say No (RTSN) as the inalienable and collective right of a community to say No to extractive projects on the territories \/ lands they are living within. The Right to\u2026","rel":"","context":"Similar post","block_context":{"text":"Similar post","link":""},"img":{"alt_text":"","src":"https:\/\/i0.wp.com\/catapa.be\/wp-content\/uploads\/2023\/02\/WhatsApp-Image-2023-01-18-at-15.52.04-300x200.jpeg?resize=350%2C200&ssl=1","width":350,"height":200},"classes":[]}],"_links":{"self":[{"href":"https:\/\/catapa.be\/en\/wp-json\/wp\/v2\/pages\/33610","targetHints":{"allow":["GET"]}}],"collection":[{"href":"https:\/\/catapa.be\/en\/wp-json\/wp\/v2\/pages"}],"about":[{"href":"https:\/\/catapa.be\/en\/wp-json\/wp\/v2\/types\/page"}],"author":[{"embeddable":true,"href":"https:\/\/catapa.be\/en\/wp-json\/wp\/v2\/users\/68"}],"replies":[{"embeddable":true,"href":"https:\/\/catapa.be\/en\/wp-json\/wp\/v2\/comments?post=33610"}],"version-history":[{"count":2,"href":"https:\/\/catapa.be\/en\/wp-json\/wp\/v2\/pages\/33610\/revisions"}],"predecessor-version":[{"id":33617,"href":"https:\/\/catapa.be\/en\/wp-json\/wp\/v2\/pages\/33610\/revisions\/33617"}],"wp:attachment":[{"href":"https:\/\/catapa.be\/en\/wp-json\/wp\/v2\/media?parent=33610"}],"curies":[{"name":"wp","href":"https:\/\/api.w.org\/{rel}","templated":true}]}}