{"id":37425,"date":"2024-12-19T18:09:13","date_gmt":"2024-12-19T17:09:13","guid":{"rendered":"https:\/\/catapa.be\/integriteit\/"},"modified":"2025-05-29T00:59:23","modified_gmt":"2025-05-28T22:59:23","slug":"integriteit","status":"publish","type":"page","link":"https:\/\/catapa.be\/en\/integriteit\/","title":{"rendered":"Integrity"},"content":{"rendered":"<div class=\"wpb-content-wrapper\"><p>[vc_row][vc_column][vc_column_text css=&#8221;&#8221;]We strive for an organisation free from any form of hatred, discrimination, sexism or other forms of hostility. In doing so, we are aware of existing power systems and are actively committed to breaking them. This is a process that is never finished. It requires constant vigilance and a willingness to keep questioning ourselves critically.<\/p>\n<p>CATAPA is committed to inclusiveness and safety for all, regardless of gender, gender identity and expression, sexual orientation, disability, physical appearance, age, language, body size, race, ethnicity, nationality, religion, socio-economic status or otherwise. Our code of ethics and integrity policy guide this.<\/p>\n<p>Have you experienced or seen something untoward within the framework of CATAPA? Would you like to make a report or start a conversation about it? Send an e-mail to integrity@catapa.be<\/p>\n<p>Would you like to submit a complaint? You can do so via integritycomplaints@catapa.be.<\/p>\n<p><a href=\"https:\/\/catapa.be\/wp-content\/uploads\/2025\/05\/COMPLAINTS-PROCEDURE-en.pdf\">Our procedure for complaints can be found here.<\/a>[\/vc_column_text][\/vc_column][\/vc_row][vc_row css=&#8221;.vc_custom_1734628097678{margin-top: -200px !important;}&#8221;][vc_column width=&#8221;1\/2&#8243;][vc_single_image image=&#8221;37459&#8243; img_size=&#8221;large&#8221; onclick=&#8221;custom_link&#8221; css=&#8221;&#8221; link=&#8221;https:\/\/catapa.be\/wp-content\/uploads\/2025\/05\/CATAPA-code-of-ethics.pdf&#8221;][\/vc_column][vc_column width=&#8221;1\/2&#8243;][vc_single_image image=&#8221;37463&#8243; img_size=&#8221;large&#8221; onclick=&#8221;custom_link&#8221; css=&#8221;&#8221; link=&#8221;https:\/\/catapa.be\/wp-content\/uploads\/2025\/05\/integriteitsbeleid-1-en.docx.pdf&#8221;][\/vc_column][\/vc_row]<\/p>\n<\/div>","protected":false},"excerpt":{"rendered":"<p>[vc_row][vc_column][vc_column_text css=&#8221;&#8221;]We strive for an organisation free from any form of hatred, discrimination, sexism or other forms of hostility. In doing so, we are aware of existing power systems and are actively committed to breaking<br \/><a class=\"read-more\" href=\"https:\/\/catapa.be\/en\/integriteit\/\">Read More<\/a><\/p>\n","protected":false},"author":72,"featured_media":0,"parent":0,"menu_order":0,"comment_status":"closed","ping_status":"closed","template":"","meta":{"_exactmetrics_skip_tracking":false,"_exactmetrics_sitenote_active":false,"_exactmetrics_sitenote_note":"","_exactmetrics_sitenote_category":0,"jetpack_post_was_ever_published":false,"footnotes":""},"class_list":["post-37425","page","type-page","status-publish","hentry"],"yoast_head":"<!-- This site is optimized with the Yoast SEO plugin v26.8 - https:\/\/yoast.com\/product\/yoast-seo-wordpress\/ -->\n<title>Integrity - CATAPA vzw<\/title>\n<meta name=\"robots\" content=\"index, follow, max-snippet:-1, max-image-preview:large, max-video-preview:-1\" \/>\n<link rel=\"canonical\" href=\"https:\/\/catapa.be\/en\/integriteit\/\" \/>\n<meta property=\"og:locale\" content=\"en_US\" \/>\n<meta property=\"og:type\" content=\"article\" \/>\n<meta property=\"og:title\" content=\"Integrity - CATAPA vzw\" \/>\n<meta property=\"og:description\" content=\"[vc_row][vc_column][vc_column_text css=&#8221;&#8221;]We strive for an organisation free from any form of hatred, discrimination, sexism or other forms of hostility. In doing so, we are aware of existing power systems and are actively committed to breakingRead More\" \/>\n<meta property=\"og:url\" content=\"https:\/\/catapa.be\/en\/integriteit\/\" \/>\n<meta property=\"og:site_name\" content=\"CATAPA vzw\" \/>\n<meta property=\"article:publisher\" content=\"https:\/\/www.facebook.com\/catapa.belgium\/\" \/>\n<meta property=\"article:modified_time\" content=\"2025-05-28T22:59:23+00:00\" \/>\n<meta name=\"twitter:card\" content=\"summary_large_image\" \/>\n<meta name=\"twitter:site\" content=\"@CATAPA_Belgica\" \/>\n<meta name=\"twitter:label1\" content=\"Est. reading time\" \/>\n\t<meta name=\"twitter:data1\" content=\"1 minute\" \/>\n<script type=\"application\/ld+json\" class=\"yoast-schema-graph\">{\"@context\":\"https:\/\/schema.org\",\"@graph\":[{\"@type\":\"WebPage\",\"@id\":\"https:\/\/catapa.be\/en\/integriteit\/\",\"url\":\"https:\/\/catapa.be\/en\/integriteit\/\",\"name\":\"Integrity - CATAPA vzw\",\"isPartOf\":{\"@id\":\"https:\/\/catapa.be\/en\/#website\"},\"datePublished\":\"2024-12-19T17:09:13+00:00\",\"dateModified\":\"2025-05-28T22:59:23+00:00\",\"breadcrumb\":{\"@id\":\"https:\/\/catapa.be\/en\/integriteit\/#breadcrumb\"},\"inLanguage\":\"en-US\",\"potentialAction\":[{\"@type\":\"ReadAction\",\"target\":[\"https:\/\/catapa.be\/en\/integriteit\/\"]}]},{\"@type\":\"BreadcrumbList\",\"@id\":\"https:\/\/catapa.be\/en\/integriteit\/#breadcrumb\",\"itemListElement\":[{\"@type\":\"ListItem\",\"position\":1,\"name\":\"Home\",\"item\":\"https:\/\/catapa.be\/en\/\"},{\"@type\":\"ListItem\",\"position\":2,\"name\":\"Integrity\"}]},{\"@type\":\"WebSite\",\"@id\":\"https:\/\/catapa.be\/en\/#website\",\"url\":\"https:\/\/catapa.be\/en\/\",\"name\":\"CATAPA vzw\",\"description\":\"Comit\u00e9 Acad\u00e9mico T\u00e9cnico de Asesoramiento a Problemas Ambientales\",\"publisher\":{\"@id\":\"https:\/\/catapa.be\/en\/#organization\"},\"potentialAction\":[{\"@type\":\"SearchAction\",\"target\":{\"@type\":\"EntryPoint\",\"urlTemplate\":\"https:\/\/catapa.be\/en\/?s={search_term_string}\"},\"query-input\":{\"@type\":\"PropertyValueSpecification\",\"valueRequired\":true,\"valueName\":\"search_term_string\"}}],\"inLanguage\":\"en-US\"},{\"@type\":\"Organization\",\"@id\":\"https:\/\/catapa.be\/en\/#organization\",\"name\":\"CATAPA vzw\",\"url\":\"https:\/\/catapa.be\/en\/\",\"logo\":{\"@type\":\"ImageObject\",\"inLanguage\":\"en-US\",\"@id\":\"https:\/\/catapa.be\/en\/#\/schema\/logo\/image\/\",\"url\":\"https:\/\/i0.wp.com\/catapa.be\/wp-content\/uploads\/2019\/02\/NEW20LOGO20SHORT20PNG1.png?fit=1259%2C1321&ssl=1\",\"contentUrl\":\"https:\/\/i0.wp.com\/catapa.be\/wp-content\/uploads\/2019\/02\/NEW20LOGO20SHORT20PNG1.png?fit=1259%2C1321&ssl=1\",\"width\":1259,\"height\":1321,\"caption\":\"CATAPA vzw\"},\"image\":{\"@id\":\"https:\/\/catapa.be\/en\/#\/schema\/logo\/image\/\"},\"sameAs\":[\"https:\/\/www.facebook.com\/catapa.belgium\/\",\"https:\/\/x.com\/CATAPA_Belgica\",\"https:\/\/www.instagram.com\/catapa_vzw\/\",\"https:\/\/be.linkedin.com\/company\/catapavzw\",\"https:\/\/www.youtube.com\/channel\/UCE52-Fiyv-Fpqf2gi1qhf1g\"]}]}<\/script>\n<!-- \/ Yoast SEO plugin. -->","yoast_head_json":{"title":"Integrity - CATAPA vzw","robots":{"index":"index","follow":"follow","max-snippet":"max-snippet:-1","max-image-preview":"max-image-preview:large","max-video-preview":"max-video-preview:-1"},"canonical":"https:\/\/catapa.be\/en\/integriteit\/","og_locale":"en_US","og_type":"article","og_title":"Integrity - CATAPA vzw","og_description":"[vc_row][vc_column][vc_column_text css=&#8221;&#8221;]We strive for an organisation free from any form of hatred, discrimination, sexism or other forms of hostility. In doing so, we are aware of existing power systems and are actively committed to breakingRead More","og_url":"https:\/\/catapa.be\/en\/integriteit\/","og_site_name":"CATAPA vzw","article_publisher":"https:\/\/www.facebook.com\/catapa.belgium\/","article_modified_time":"2025-05-28T22:59:23+00:00","twitter_card":"summary_large_image","twitter_site":"@CATAPA_Belgica","twitter_misc":{"Est. reading time":"1 minute"},"schema":{"@context":"https:\/\/schema.org","@graph":[{"@type":"WebPage","@id":"https:\/\/catapa.be\/en\/integriteit\/","url":"https:\/\/catapa.be\/en\/integriteit\/","name":"Integrity - CATAPA vzw","isPartOf":{"@id":"https:\/\/catapa.be\/en\/#website"},"datePublished":"2024-12-19T17:09:13+00:00","dateModified":"2025-05-28T22:59:23+00:00","breadcrumb":{"@id":"https:\/\/catapa.be\/en\/integriteit\/#breadcrumb"},"inLanguage":"en-US","potentialAction":[{"@type":"ReadAction","target":["https:\/\/catapa.be\/en\/integriteit\/"]}]},{"@type":"BreadcrumbList","@id":"https:\/\/catapa.be\/en\/integriteit\/#breadcrumb","itemListElement":[{"@type":"ListItem","position":1,"name":"Home","item":"https:\/\/catapa.be\/en\/"},{"@type":"ListItem","position":2,"name":"Integrity"}]},{"@type":"WebSite","@id":"https:\/\/catapa.be\/en\/#website","url":"https:\/\/catapa.be\/en\/","name":"CATAPA vzw","description":"Comit\u00e9 Acad\u00e9mico T\u00e9cnico de Asesoramiento a Problemas Ambientales","publisher":{"@id":"https:\/\/catapa.be\/en\/#organization"},"potentialAction":[{"@type":"SearchAction","target":{"@type":"EntryPoint","urlTemplate":"https:\/\/catapa.be\/en\/?s={search_term_string}"},"query-input":{"@type":"PropertyValueSpecification","valueRequired":true,"valueName":"search_term_string"}}],"inLanguage":"en-US"},{"@type":"Organization","@id":"https:\/\/catapa.be\/en\/#organization","name":"CATAPA vzw","url":"https:\/\/catapa.be\/en\/","logo":{"@type":"ImageObject","inLanguage":"en-US","@id":"https:\/\/catapa.be\/en\/#\/schema\/logo\/image\/","url":"https:\/\/i0.wp.com\/catapa.be\/wp-content\/uploads\/2019\/02\/NEW20LOGO20SHORT20PNG1.png?fit=1259%2C1321&ssl=1","contentUrl":"https:\/\/i0.wp.com\/catapa.be\/wp-content\/uploads\/2019\/02\/NEW20LOGO20SHORT20PNG1.png?fit=1259%2C1321&ssl=1","width":1259,"height":1321,"caption":"CATAPA vzw"},"image":{"@id":"https:\/\/catapa.be\/en\/#\/schema\/logo\/image\/"},"sameAs":["https:\/\/www.facebook.com\/catapa.belgium\/","https:\/\/x.com\/CATAPA_Belgica","https:\/\/www.instagram.com\/catapa_vzw\/","https:\/\/be.linkedin.com\/company\/catapavzw","https:\/\/www.youtube.com\/channel\/UCE52-Fiyv-Fpqf2gi1qhf1g"]}]}},"jetpack_sharing_enabled":true,"jetpack_likes_enabled":true,"jetpack-related-posts":[{"id":36470,"url":"https:\/\/catapa.be\/nl\/integriteit\/","url_meta":{"origin":37425,"position":0},"title":"Integriteit","author":"Koerian","date":"19\/12\/2024","format":false,"excerpt":"[vc_row][vc_column][vc_column_text css=\"\"]We streven naar een organisatie\u00a0 die vrij is van elke vorm van haat, discriminatie, seksisme of andere vormen van vijandigheid. Hierbij zijn we ons bewust van bestaande machtssystemen en we zetten ons actief in om deze te doorbreken. Dit is een proces dat nooit af is. Het vraagt om\u2026","rel":"","context":"Similar post","block_context":{"text":"Similar post","link":""},"img":{"alt_text":"","src":"","width":0,"height":0},"classes":[]},{"id":37426,"url":"https:\/\/catapa.be\/es\/integriteit\/","url_meta":{"origin":37425,"position":1},"title":"Integridad","author":"Koerian","date":"19\/12\/2024","format":false,"excerpt":"[vc_row][vc_column][vc_column_text css=\"\"]Aspiramos a una organizaci\u00f3n libre de cualquier forma de odio, discriminaci\u00f3n, sexismo u otras formas de hostilidad. Para ello, somos conscientes de los sistemas de poder existentes y nos comprometemos activamente a romperlos. Se trata de un proceso que nunca termina. Requiere una vigilancia constante y la voluntad de\u2026","rel":"","context":"Similar post","block_context":{"text":"Similar post","link":""},"img":{"alt_text":"","src":"","width":0,"height":0},"classes":[]},{"id":32644,"url":"https:\/\/catapa.be\/en\/catapa-celebrates-a-new-speaker-tour-with-activists-from-ecuador\/","url_meta":{"origin":37425,"position":2},"title":"The Right to Say No, from Ecuador to Belgium","author":"Estefan\u00eda","date":"07\/02\/2023","format":false,"excerpt":"[vc_row css=\".vc_custom_1675936624176{margin-top: 0px !important;margin-bottom: 0px !important;border-top-width: 0px !important;border-bottom-width: 0px !important;padding-top: 0px !important;padding-bottom: 0px !important;}\"][vc_column width=\"1\/2\"][vc_cta h2=\"CATAPA celebrates a new Speaker Tour with activists from Ecuador\"][\/vc_cta][vc_gallery type=\"flexslider_slide\" interval=\"10\" images=\"32761,32764,32755,32758,32767\" img_size=\"full\"][\/vc_column][vc_column width=\"1\/2\"][vc_cta h2=\"\" style=\"custom\" custom_background=\"#01a053\" custom_text=\"#ffffff\"]For another year, Catapa is inviting several activists from Latin America to share their first-hand account of\u2026","rel":"","context":"Similar post","block_context":{"text":"Similar post","link":""},"img":{"alt_text":"","src":"https:\/\/i0.wp.com\/catapa.be\/wp-content\/uploads\/2023\/02\/webteaser.png?fit=1200%2C675&ssl=1&resize=350%2C200","width":350,"height":200,"srcset":"https:\/\/i0.wp.com\/catapa.be\/wp-content\/uploads\/2023\/02\/webteaser.png?fit=1200%2C675&ssl=1&resize=350%2C200 1x, https:\/\/i0.wp.com\/catapa.be\/wp-content\/uploads\/2023\/02\/webteaser.png?fit=1200%2C675&ssl=1&resize=525%2C300 1.5x, https:\/\/i0.wp.com\/catapa.be\/wp-content\/uploads\/2023\/02\/webteaser.png?fit=1200%2C675&ssl=1&resize=700%2C400 2x, https:\/\/i0.wp.com\/catapa.be\/wp-content\/uploads\/2023\/02\/webteaser.png?fit=1200%2C675&ssl=1&resize=1050%2C600 3x"},"classes":[]},{"id":2682,"url":"https:\/\/catapa.be\/en\/how-we-work\/strategy\/","url_meta":{"origin":37425,"position":3},"title":"Strategy","author":"Alienor de Sas","date":"20\/05\/2018","format":false,"excerpt":"[vc_row css=\".vc_custom_1533807373745{margin-top: -50px !important;margin-bottom: 50px !important;}\"][vc_column][vc_cta h2=\"CATAPA is a critical movement of active citizens.\" h4=\"Across borders, we fight in a horizontal way for a world where exploitation of non-sustainable resources won\u2019t be any longer needed.\" style=\"custom\" css_animation=\"none\" custom_background=\"#01a053\" custom_text=\"#ffffff\"][\/vc_cta][\/vc_column][\/vc_row][vc_row full_width=\"stretch_row\" content_placement=\"middle\" css=\".vc_custom_1533808586582{margin-top: -100px !important;background-color: #f7f7f7 !important;}\"][vc_column][vc_column_text]CATAPA\u00a0is\u00a0a critical movement of active\u2026","rel":"","context":"Similar post","block_context":{"text":"Similar post","link":""},"img":{"alt_text":"","src":"","width":0,"height":0},"classes":[]},{"id":34218,"url":"https:\/\/catapa.be\/submit-organizer-form\/","url_meta":{"origin":37425,"position":4},"title":"Submit Organizer Form","author":"admin","date":"25\/09\/2023","format":false,"excerpt":"[submit_organizer_form]","rel":"","context":"Similar post","block_context":{"text":"Similar post","link":""},"img":{"alt_text":"","src":"","width":0,"height":0},"classes":[]},{"id":34221,"url":"https:\/\/catapa.be\/submit-venue-form\/","url_meta":{"origin":37425,"position":5},"title":"Submit Venue Form","author":"admin","date":"25\/09\/2023","format":false,"excerpt":"[submit_venue_form]","rel":"","context":"Similar post","block_context":{"text":"Similar post","link":""},"img":{"alt_text":"","src":"","width":0,"height":0},"classes":[]}],"_links":{"self":[{"href":"https:\/\/catapa.be\/en\/wp-json\/wp\/v2\/pages\/37425","targetHints":{"allow":["GET"]}}],"collection":[{"href":"https:\/\/catapa.be\/en\/wp-json\/wp\/v2\/pages"}],"about":[{"href":"https:\/\/catapa.be\/en\/wp-json\/wp\/v2\/types\/page"}],"author":[{"embeddable":true,"href":"https:\/\/catapa.be\/en\/wp-json\/wp\/v2\/users\/72"}],"replies":[{"embeddable":true,"href":"https:\/\/catapa.be\/en\/wp-json\/wp\/v2\/comments?post=37425"}],"version-history":[{"count":7,"href":"https:\/\/catapa.be\/en\/wp-json\/wp\/v2\/pages\/37425\/revisions"}],"predecessor-version":[{"id":37466,"href":"https:\/\/catapa.be\/en\/wp-json\/wp\/v2\/pages\/37425\/revisions\/37466"}],"wp:attachment":[{"href":"https:\/\/catapa.be\/en\/wp-json\/wp\/v2\/media?parent=37425"}],"curies":[{"name":"wp","href":"https:\/\/api.w.org\/{rel}","templated":true}]}}