{"id":7629,"date":"2018-08-27T15:46:42","date_gmt":"2018-08-27T13:46:42","guid":{"rendered":"http:\/\/catapa.be\/?page_id=7629"},"modified":"2019-01-25T11:14:00","modified_gmt":"2019-01-25T10:14:00","slug":"become-a-change-maker","status":"publish","type":"page","link":"https:\/\/catapa.be\/en\/act-now\/become-a-change-maker\/","title":{"rendered":"Become a Changemaker"},"content":{"rendered":"<div class=\"wpb-content-wrapper\"><p>[vc_row equal_height=&#8221;yes&#8221;][vc_column css_animation=&#8221;none&#8221;][vc_cta h2=&#8221;Are you curious where the metals in your smartphone come from?&#8221; h4=&#8221;Do you know that mining is related to human rights abuses and environmental destruction? Do you want to obtain more knowledge, skills and experience in making a positive change? Then join CATAPA\u2019s changemaker programme. During the programme you will acquire in-depth knowledge of the ecological and socio-economic impact of mining and acquire skills and strategies of activism. Throughout the year you will gain insight in how a grassroots movement functions and how you can set up public actions and awareness raising activities to create change.&#8221; style=&#8221;custom&#8221; custom_background=&#8221;#01a053&#8243; custom_text=&#8221;#ffffff&#8221;][\/vc_cta][\/vc_column][\/vc_row][vc_row full_width=&#8221;stretch_row&#8221; content_placement=&#8221;middle&#8221; css=&#8221;.vc_custom_1534947891952{background-color: #f7f7f7 !important;}&#8221;][vc_column][vc_column_text]<\/p>\n<h2>What is the Changemakers programme?<\/h2>\n<p><span style=\"font-weight: 400;\">The changemakers programme is designed for people who are concerned about the current global system and its impact on humans and nature, and who want to act for change. As a changemaker, you will receive training and will be guided to take up an active role within CATAPA, according to your own capacities. <\/span><\/p>\n<p><span style=\"font-weight: 400;\">The programme is part of the larger Make ICT Fair project, where we work on awareness raising on the issues in the ICT-industry, with a specific focus on mining.<\/span><\/p>\n<p>&nbsp;<\/p>\n<h2><\/h2>\n<h2>What does the programme look like?<\/h2>\n<p><b>The programme starts in October<\/b><span style=\"font-weight: 400;\">, with a training weekend on the impact of mining, the ICT-industry and on campaigning skills. The exact programme changes every year, so keep an eye on our activity page and\/or on our <a href=\"https:\/\/www.facebook.com\/catapa.belgium\/\">Facebook page<\/a>! This will be followed by the development of a public action. Further onwards, you are invited to join our movement weekend and learn in an interactive way how a movement can contribute to change. We encourage you to use your skills by giving a workshop, organise an awareness raising event, accompany an international guest speaker during the Open Min(e)d week in Belgium\u2026 or come up with your own idea! <\/span><\/p>\n<p><span style=\"font-weight: 400;\">At the end of June, you are invited to an international training in the UK, organised by our partner People &amp; Planet, where you will be able to broaden your knowledge, advance your activist skills and exchange your experiences within an international group. <\/span><\/p>\n<p><span style=\"font-weight: 400;\">Does this sound overwhelming? There is no need to. Everyone can take part at their own pace, and throughout the programme we will organise follow-up moments with all changemakers.<\/span><\/p>\n<div>\n<p>&nbsp;<\/p>\n<h2>Who can attend?<\/h2>\n<p><span style=\"font-weight: 400;\">The changemakers\u2019 programme welcomes everyone who:<\/span><\/p>\n<ul>\n<li style=\"font-weight: 400;\"><span style=\"font-weight: 400;\">is interested in themes of mining, ICT value chains, human rights, sustainable development, international solidarity or related topics. <\/span><\/li>\n<li style=\"font-weight: 400;\"><span style=\"font-weight: 400;\">has the willingness to learn and engage within CATAPA<\/span><\/li>\n<li style=\"font-weight: 400;\"><span style=\"font-weight: 400;\">feels comfortable to communicate in English<\/span><\/li>\n<\/ul>\n<\/div>\n<p>&nbsp;<\/p>\n<h2>How to enroll?<\/h2>\n<p><span style=\"font-weight: 400;\">Ideally, the programme starts in October, or with the international training at the end of June in the UK. However, you don\u2019t need to wait for then to join us. Have a look at how to <a href=\"https:\/\/catapa.be\/en\/act-now\/become-a-volunteer\/\">become a volunteer<\/a>, or come to one of our <a href=\"\/?page_id=2126\">activities<\/a>!<\/span>[\/vc_column_text][\/vc_column][\/vc_row][vc_row full_width=&#8221;stretch_row&#8221; content_placement=&#8221;middle&#8221; css=&#8221;.vc_custom_1535569440099{background: #f7f7f7 url(http:\/\/catapa.be\/wp-content\/uploads\/2018\/08\/DSC3118-1.jpg?id=7822) !important;}&#8221;][vc_column][vc_btn title=&#8221;Do you have questions? Don&#8217;t hesitate to contact us for more information! &#8221; style=&#8221;custom&#8221; custom_background=&#8221;#01a053&#8243; custom_text=&#8221;#ffffff&#8221; size=&#8221;lg&#8221; align=&#8221;center&#8221; i_align=&#8221;right&#8221; i_icon_fontawesome=&#8221;fa fa-chevron-right&#8221; css_animation=&#8221;bounceInDown&#8221; add_icon=&#8221;true&#8221; link=&#8221;url:http%3A%2F%2Fcatapa.be%2Fabout-us%2Fcontact%2F|||&#8221;][\/vc_column][\/vc_row][vc_row css=&#8221;.vc_custom_1535569771265{margin-top: 0px !important;margin-bottom: 0px !important;border-top-width: 0px !important;border-bottom-width: 0px !important;padding-bottom: 0px !important;}&#8221;][vc_column css=&#8221;.vc_custom_1535569730862{margin-top: 0px !important;margin-bottom: 0px !important;border-top-width: 0px !important;border-bottom-width: 0px !important;padding-top: 0px !important;padding-bottom: 0px !important;}&#8221;][vc_column_text]<img data-recalc-dims=\"1\" loading=\"lazy\" decoding=\"async\" class=\"wp-image-7586 alignleft\" src=\"https:\/\/i0.wp.com\/catapa.be\/wp-content\/uploads\/2018\/08\/flag_yellow_high-300x200.jpg?resize=75%2C50\" alt=\"\" width=\"75\" height=\"50\" srcset=\"https:\/\/i0.wp.com\/catapa.be\/wp-content\/uploads\/2018\/08\/flag_yellow_high.jpg?resize=300%2C200&amp;ssl=1 300w, https:\/\/i0.wp.com\/catapa.be\/wp-content\/uploads\/2018\/08\/flag_yellow_high.jpg?resize=768%2C512&amp;ssl=1 768w, https:\/\/i0.wp.com\/catapa.be\/wp-content\/uploads\/2018\/08\/flag_yellow_high.jpg?resize=1024%2C683&amp;ssl=1 1024w, https:\/\/i0.wp.com\/catapa.be\/wp-content\/uploads\/2018\/08\/flag_yellow_high.jpg?w=1280&amp;ssl=1 1280w, https:\/\/i0.wp.com\/catapa.be\/wp-content\/uploads\/2018\/08\/flag_yellow_high.jpg?w=1920&amp;ssl=1 1920w\" sizes=\"auto, (max-width: 75px) 100vw, 75px\" \/>This project is organised with the financial assistance of the European Union. The contents of this publication is the sole responsibility of CATAPA and can under no circumstances be regarded as reflecting the position of the European Union.[\/vc_column_text][\/vc_column][\/vc_row]<\/p>\n<\/div>","protected":false},"excerpt":{"rendered":"<p>[vc_row equal_height=&#8221;yes&#8221;][vc_column css_animation=&#8221;none&#8221;][vc_cta h2=&#8221;Are you curious where the metals in your smartphone come from?&#8221; h4=&#8221;Do you know that mining is related to human rights abuses and environmental destruction? Do you want to obtain more knowledge,<br \/><a class=\"read-more\" href=\"https:\/\/catapa.be\/en\/act-now\/become-a-change-maker\/\">Read More<\/a><\/p>\n","protected":false},"author":2,"featured_media":0,"parent":2690,"menu_order":3,"comment_status":"closed","ping_status":"closed","template":"","meta":{"_exactmetrics_skip_tracking":false,"_exactmetrics_sitenote_active":false,"_exactmetrics_sitenote_note":"","_exactmetrics_sitenote_category":0,"jetpack_post_was_ever_published":false,"footnotes":""},"class_list":["post-7629","page","type-page","status-publish","hentry"],"yoast_head":"<!-- This site is optimized with the Yoast SEO plugin v26.8 - https:\/\/yoast.com\/product\/yoast-seo-wordpress\/ -->\n<title>Become a Changemaker - CATAPA vzw<\/title>\n<meta name=\"robots\" content=\"index, follow, max-snippet:-1, max-image-preview:large, max-video-preview:-1\" \/>\n<link rel=\"canonical\" href=\"https:\/\/catapa.be\/en\/act-now\/become-a-change-maker\/\" \/>\n<meta property=\"og:locale\" content=\"en_US\" \/>\n<meta property=\"og:type\" content=\"article\" \/>\n<meta property=\"og:title\" content=\"Become a Changemaker - CATAPA vzw\" \/>\n<meta property=\"og:description\" content=\"[vc_row equal_height=&#8221;yes&#8221;][vc_column css_animation=&#8221;none&#8221;][vc_cta h2=&#8221;Are you curious where the metals in your smartphone come from?&#8221; h4=&#8221;Do you know that mining is related to human rights abuses and environmental destruction? Do you want to obtain more knowledge,Read More\" \/>\n<meta property=\"og:url\" content=\"https:\/\/catapa.be\/en\/act-now\/become-a-change-maker\/\" \/>\n<meta property=\"og:site_name\" content=\"CATAPA vzw\" \/>\n<meta property=\"article:publisher\" content=\"https:\/\/www.facebook.com\/catapa.belgium\/\" \/>\n<meta property=\"article:modified_time\" content=\"2019-01-25T10:14:00+00:00\" \/>\n<meta property=\"og:image\" content=\"http:\/\/catapa.be\/wp-content\/uploads\/2018\/08\/flag_yellow_high-300x200.jpg\" \/>\n<meta name=\"twitter:card\" content=\"summary_large_image\" \/>\n<meta name=\"twitter:site\" content=\"@CATAPA_Belgica\" \/>\n<meta name=\"twitter:label1\" content=\"Est. reading time\" \/>\n\t<meta name=\"twitter:data1\" content=\"4 minutes\" \/>\n<script type=\"application\/ld+json\" class=\"yoast-schema-graph\">{\"@context\":\"https:\/\/schema.org\",\"@graph\":[{\"@type\":\"WebPage\",\"@id\":\"https:\/\/catapa.be\/en\/act-now\/become-a-change-maker\/\",\"url\":\"https:\/\/catapa.be\/en\/act-now\/become-a-change-maker\/\",\"name\":\"Become a Changemaker - CATAPA vzw\",\"isPartOf\":{\"@id\":\"https:\/\/catapa.be\/en\/#website\"},\"primaryImageOfPage\":{\"@id\":\"https:\/\/catapa.be\/en\/act-now\/become-a-change-maker\/#primaryimage\"},\"image\":{\"@id\":\"https:\/\/catapa.be\/en\/act-now\/become-a-change-maker\/#primaryimage\"},\"thumbnailUrl\":\"http:\/\/catapa.be\/wp-content\/uploads\/2018\/08\/flag_yellow_high-300x200.jpg\",\"datePublished\":\"2018-08-27T13:46:42+00:00\",\"dateModified\":\"2019-01-25T10:14:00+00:00\",\"breadcrumb\":{\"@id\":\"https:\/\/catapa.be\/en\/act-now\/become-a-change-maker\/#breadcrumb\"},\"inLanguage\":\"en-US\",\"potentialAction\":[{\"@type\":\"ReadAction\",\"target\":[\"https:\/\/catapa.be\/en\/act-now\/become-a-change-maker\/\"]}]},{\"@type\":\"ImageObject\",\"inLanguage\":\"en-US\",\"@id\":\"https:\/\/catapa.be\/en\/act-now\/become-a-change-maker\/#primaryimage\",\"url\":\"http:\/\/catapa.be\/wp-content\/uploads\/2018\/08\/flag_yellow_high-300x200.jpg\",\"contentUrl\":\"http:\/\/catapa.be\/wp-content\/uploads\/2018\/08\/flag_yellow_high-300x200.jpg\"},{\"@type\":\"BreadcrumbList\",\"@id\":\"https:\/\/catapa.be\/en\/act-now\/become-a-change-maker\/#breadcrumb\",\"itemListElement\":[{\"@type\":\"ListItem\",\"position\":1,\"name\":\"Home\",\"item\":\"https:\/\/catapa.be\/en\/\"},{\"@type\":\"ListItem\",\"position\":2,\"name\":\"Act Now\",\"item\":\"https:\/\/catapa.be\/en\/act-now\/\"},{\"@type\":\"ListItem\",\"position\":3,\"name\":\"Become a Changemaker\"}]},{\"@type\":\"WebSite\",\"@id\":\"https:\/\/catapa.be\/en\/#website\",\"url\":\"https:\/\/catapa.be\/en\/\",\"name\":\"CATAPA vzw\",\"description\":\"Comit\u00e9 Acad\u00e9mico T\u00e9cnico de Asesoramiento a Problemas Ambientales\",\"publisher\":{\"@id\":\"https:\/\/catapa.be\/en\/#organization\"},\"potentialAction\":[{\"@type\":\"SearchAction\",\"target\":{\"@type\":\"EntryPoint\",\"urlTemplate\":\"https:\/\/catapa.be\/en\/?s={search_term_string}\"},\"query-input\":{\"@type\":\"PropertyValueSpecification\",\"valueRequired\":true,\"valueName\":\"search_term_string\"}}],\"inLanguage\":\"en-US\"},{\"@type\":\"Organization\",\"@id\":\"https:\/\/catapa.be\/en\/#organization\",\"name\":\"CATAPA vzw\",\"url\":\"https:\/\/catapa.be\/en\/\",\"logo\":{\"@type\":\"ImageObject\",\"inLanguage\":\"en-US\",\"@id\":\"https:\/\/catapa.be\/en\/#\/schema\/logo\/image\/\",\"url\":\"https:\/\/i0.wp.com\/catapa.be\/wp-content\/uploads\/2019\/02\/NEW20LOGO20SHORT20PNG1.png?fit=1259%2C1321&ssl=1\",\"contentUrl\":\"https:\/\/i0.wp.com\/catapa.be\/wp-content\/uploads\/2019\/02\/NEW20LOGO20SHORT20PNG1.png?fit=1259%2C1321&ssl=1\",\"width\":1259,\"height\":1321,\"caption\":\"CATAPA vzw\"},\"image\":{\"@id\":\"https:\/\/catapa.be\/en\/#\/schema\/logo\/image\/\"},\"sameAs\":[\"https:\/\/www.facebook.com\/catapa.belgium\/\",\"https:\/\/x.com\/CATAPA_Belgica\",\"https:\/\/www.instagram.com\/catapa_vzw\/\",\"https:\/\/be.linkedin.com\/company\/catapavzw\",\"https:\/\/www.youtube.com\/channel\/UCE52-Fiyv-Fpqf2gi1qhf1g\"]}]}<\/script>\n<!-- \/ Yoast SEO plugin. -->","yoast_head_json":{"title":"Become a Changemaker - CATAPA vzw","robots":{"index":"index","follow":"follow","max-snippet":"max-snippet:-1","max-image-preview":"max-image-preview:large","max-video-preview":"max-video-preview:-1"},"canonical":"https:\/\/catapa.be\/en\/act-now\/become-a-change-maker\/","og_locale":"en_US","og_type":"article","og_title":"Become a Changemaker - CATAPA vzw","og_description":"[vc_row equal_height=&#8221;yes&#8221;][vc_column css_animation=&#8221;none&#8221;][vc_cta h2=&#8221;Are you curious where the metals in your smartphone come from?&#8221; h4=&#8221;Do you know that mining is related to human rights abuses and environmental destruction? Do you want to obtain more knowledge,Read More","og_url":"https:\/\/catapa.be\/en\/act-now\/become-a-change-maker\/","og_site_name":"CATAPA vzw","article_publisher":"https:\/\/www.facebook.com\/catapa.belgium\/","article_modified_time":"2019-01-25T10:14:00+00:00","og_image":[{"url":"http:\/\/catapa.be\/wp-content\/uploads\/2018\/08\/flag_yellow_high-300x200.jpg","type":"","width":"","height":""}],"twitter_card":"summary_large_image","twitter_site":"@CATAPA_Belgica","twitter_misc":{"Est. reading time":"4 minutes"},"schema":{"@context":"https:\/\/schema.org","@graph":[{"@type":"WebPage","@id":"https:\/\/catapa.be\/en\/act-now\/become-a-change-maker\/","url":"https:\/\/catapa.be\/en\/act-now\/become-a-change-maker\/","name":"Become a Changemaker - CATAPA vzw","isPartOf":{"@id":"https:\/\/catapa.be\/en\/#website"},"primaryImageOfPage":{"@id":"https:\/\/catapa.be\/en\/act-now\/become-a-change-maker\/#primaryimage"},"image":{"@id":"https:\/\/catapa.be\/en\/act-now\/become-a-change-maker\/#primaryimage"},"thumbnailUrl":"http:\/\/catapa.be\/wp-content\/uploads\/2018\/08\/flag_yellow_high-300x200.jpg","datePublished":"2018-08-27T13:46:42+00:00","dateModified":"2019-01-25T10:14:00+00:00","breadcrumb":{"@id":"https:\/\/catapa.be\/en\/act-now\/become-a-change-maker\/#breadcrumb"},"inLanguage":"en-US","potentialAction":[{"@type":"ReadAction","target":["https:\/\/catapa.be\/en\/act-now\/become-a-change-maker\/"]}]},{"@type":"ImageObject","inLanguage":"en-US","@id":"https:\/\/catapa.be\/en\/act-now\/become-a-change-maker\/#primaryimage","url":"http:\/\/catapa.be\/wp-content\/uploads\/2018\/08\/flag_yellow_high-300x200.jpg","contentUrl":"http:\/\/catapa.be\/wp-content\/uploads\/2018\/08\/flag_yellow_high-300x200.jpg"},{"@type":"BreadcrumbList","@id":"https:\/\/catapa.be\/en\/act-now\/become-a-change-maker\/#breadcrumb","itemListElement":[{"@type":"ListItem","position":1,"name":"Home","item":"https:\/\/catapa.be\/en\/"},{"@type":"ListItem","position":2,"name":"Act Now","item":"https:\/\/catapa.be\/en\/act-now\/"},{"@type":"ListItem","position":3,"name":"Become a Changemaker"}]},{"@type":"WebSite","@id":"https:\/\/catapa.be\/en\/#website","url":"https:\/\/catapa.be\/en\/","name":"CATAPA vzw","description":"Comit\u00e9 Acad\u00e9mico T\u00e9cnico de Asesoramiento a Problemas Ambientales","publisher":{"@id":"https:\/\/catapa.be\/en\/#organization"},"potentialAction":[{"@type":"SearchAction","target":{"@type":"EntryPoint","urlTemplate":"https:\/\/catapa.be\/en\/?s={search_term_string}"},"query-input":{"@type":"PropertyValueSpecification","valueRequired":true,"valueName":"search_term_string"}}],"inLanguage":"en-US"},{"@type":"Organization","@id":"https:\/\/catapa.be\/en\/#organization","name":"CATAPA vzw","url":"https:\/\/catapa.be\/en\/","logo":{"@type":"ImageObject","inLanguage":"en-US","@id":"https:\/\/catapa.be\/en\/#\/schema\/logo\/image\/","url":"https:\/\/i0.wp.com\/catapa.be\/wp-content\/uploads\/2019\/02\/NEW20LOGO20SHORT20PNG1.png?fit=1259%2C1321&ssl=1","contentUrl":"https:\/\/i0.wp.com\/catapa.be\/wp-content\/uploads\/2019\/02\/NEW20LOGO20SHORT20PNG1.png?fit=1259%2C1321&ssl=1","width":1259,"height":1321,"caption":"CATAPA vzw"},"image":{"@id":"https:\/\/catapa.be\/en\/#\/schema\/logo\/image\/"},"sameAs":["https:\/\/www.facebook.com\/catapa.belgium\/","https:\/\/x.com\/CATAPA_Belgica","https:\/\/www.instagram.com\/catapa_vzw\/","https:\/\/be.linkedin.com\/company\/catapavzw","https:\/\/www.youtube.com\/channel\/UCE52-Fiyv-Fpqf2gi1qhf1g"]}]}},"jetpack_sharing_enabled":true,"jetpack_likes_enabled":true,"jetpack-related-posts":[{"id":2682,"url":"https:\/\/catapa.be\/en\/how-we-work\/strategy\/","url_meta":{"origin":7629,"position":0},"title":"Strategy","author":"Alienor de Sas","date":"20\/05\/2018","format":false,"excerpt":"[vc_row css=\".vc_custom_1533807373745{margin-top: -50px !important;margin-bottom: 50px !important;}\"][vc_column][vc_cta h2=\"CATAPA is a critical movement of active citizens.\" h4=\"Across borders, we fight in a horizontal way for a world where exploitation of non-sustainable resources won\u2019t be any longer needed.\" style=\"custom\" css_animation=\"none\" custom_background=\"#01a053\" custom_text=\"#ffffff\"][\/vc_cta][\/vc_column][\/vc_row][vc_row full_width=\"stretch_row\" content_placement=\"middle\" css=\".vc_custom_1533808586582{margin-top: -100px !important;background-color: #f7f7f7 !important;}\"][vc_column][vc_column_text]CATAPA\u00a0is\u00a0a critical movement of active\u2026","rel":"","context":"Similar post","block_context":{"text":"Similar post","link":""},"img":{"alt_text":"","src":"","width":0,"height":0},"classes":[]},{"id":7631,"url":"https:\/\/catapa.be\/nl\/doe-mee\/word-een-van-onze-changemakers\/","url_meta":{"origin":7629,"position":1},"title":"Word \u00e9\u00e9n van onze changemakers","author":"Alienor de Sas","date":"27\/08\/2018","format":false,"excerpt":"[vc_row equal_height=\"yes\"][vc_column css_animation=\"none\"][vc_cta h2=\"Ben je benieuwd waar de metalen in je smartphone vandaan komen?\" h4=\"Wist je dat mijnbouw vaak mensenrechten schendt en vernietiging van het milieu teweegbrengt? Wil je meer kennis, vaardigheden en ervaring opdoen om bij te dragen aan een positieve verandering? Neem dan deel aan het changemaker-programma van\u2026","rel":"","context":"Similar post","block_context":{"text":"Similar post","link":""},"img":{"alt_text":"","src":"https:\/\/i0.wp.com\/catapa.be\/wp-content\/uploads\/2018\/08\/flag_yellow_high-300x200.jpg?resize=350%2C200&ssl=1","width":350,"height":200},"classes":[]},{"id":7634,"url":"https:\/\/catapa.be\/es\/actua-ahora\/coviertete-en-change-maker\/","url_meta":{"origin":7629,"position":2},"title":"Convi\u00e9rtete en Changemaker","author":"Alienor de Sas","date":"27\/08\/2018","format":false,"excerpt":"[vc_row equal_height=\"yes\"][vc_column css_animation=\"none\"][vc_cta h2=\"\u00bfTienes curiosidad sobre el origen de los metales en tu smartphone?\" h4=\" \u00bfSab\u00edas que la miner\u00eda est\u00e1 muy relacionada con abusos de derechos humanos y destrucci\u00f3n medioambiental? \u00bfTe gustar\u00eda adquirir m\u00e1s conocimientos, desarrollar habilidades y ganar experiencia en llevar a cabo un cambio positivo? Ap\u00fantate a nuestro\u2026","rel":"","context":"Similar post","block_context":{"text":"Similar post","link":""},"img":{"alt_text":"","src":"https:\/\/i0.wp.com\/catapa.be\/wp-content\/uploads\/2018\/08\/flag_yellow_high-300x200.jpg?resize=350%2C200","width":350,"height":200},"classes":[]},{"id":3041,"url":"https:\/\/catapa.be\/nl\/ons-werk\/strategie\/","url_meta":{"origin":7629,"position":3},"title":"Strategie","author":"Alienor de Sas","date":"20\/05\/2018","format":false,"excerpt":"[vc_row css=\".vc_custom_1533807373745{margin-top: -50px !important;margin-bottom: 50px !important;}\"][vc_column][vc_cta h2=\"CATAPA bestaat uit een kritische beweging van actieve burgers.\" h4=\"Over de landsgrenzen heen streven we op een horizontale wijze naar een wereld waarin de ontginning van niet-hernieuwbare grondstoffen niet langer nodig is.\" style=\"custom\" css_animation=\"none\" custom_background=\"#01a053\" custom_text=\"#ffffff\"][\/vc_cta][\/vc_column][\/vc_row][vc_row full_width=\"stretch_row\" content_placement=\"middle\" css=\".vc_custom_1533808586582{margin-top: -100px !important;background-color: #f7f7f7 !important;}\"][vc_column][vc_column_text]CATAPA bestaat\u2026","rel":"","context":"Similar post","block_context":{"text":"Similar post","link":""},"img":{"alt_text":"","src":"","width":0,"height":0},"classes":[]},{"id":6663,"url":"https:\/\/catapa.be\/en\/be-part-of-this-global-change\/","url_meta":{"origin":7629,"position":4},"title":"Take action in this global challenge, become a Changemaker with our activities program","author":"Alienor de Sas","date":"11\/07\/2018","format":false,"excerpt":"","rel":"","context":"Similar post","block_context":{"text":"Similar post","link":""},"img":{"alt_text":"","src":"https:\/\/i0.wp.com\/catapa.be\/wp-content\/uploads\/2018\/08\/DSC2709.jpg?fit=1200%2C563&ssl=1&resize=350%2C200","width":350,"height":200,"srcset":"https:\/\/i0.wp.com\/catapa.be\/wp-content\/uploads\/2018\/08\/DSC2709.jpg?fit=1200%2C563&ssl=1&resize=350%2C200 1x, https:\/\/i0.wp.com\/catapa.be\/wp-content\/uploads\/2018\/08\/DSC2709.jpg?fit=1200%2C563&ssl=1&resize=525%2C300 1.5x, https:\/\/i0.wp.com\/catapa.be\/wp-content\/uploads\/2018\/08\/DSC2709.jpg?fit=1200%2C563&ssl=1&resize=700%2C400 2x, https:\/\/i0.wp.com\/catapa.be\/wp-content\/uploads\/2018\/08\/DSC2709.jpg?fit=1200%2C563&ssl=1&resize=1050%2C600 3x"},"classes":[]},{"id":2880,"url":"https:\/\/catapa.be\/en\/act-now\/lectures-and-workshops\/","url_meta":{"origin":7629,"position":5},"title":"Workshops","author":"Alienor de Sas","date":"23\/05\/2018","format":false,"excerpt":"[vc_row][vc_column][vc_cta h2=\"Overview workshops CATAPA\" style=\"custom\" custom_background=\"#009c55\" custom_text=\"#ffffff\"][\/vc_cta][vc_tta_tour][vc_tta_section title=\"Limits to Growth & Right To Say No\" tab_id=\"1622664127802-61e53e14-366b\"][vc_custom_heading text=\"Limits to Growth\" font_container=\"tag:h2|font_size:20|text_align:center\" google_fonts=\"font_family:Quicksand%3A300%2Cregular%2C700|font_style:700%20bold%20regular%3A700%3Anormal\"][vc_cta h2=\"\" shape=\"square\" add_icon=\"left\" i_icon_fontawesome=\"fa fa-info\" i_color=\"custom\" i_size=\"lg\" i_custom_color=\"#009c55\"]Target group: 18+ Duration: 1,5 - 2 hours Group size: 15-25 people Language: Dutch or English Price: \u20ac 250 (or according to\u2026","rel":"","context":"Similar post","block_context":{"text":"Similar post","link":""},"img":{"alt_text":"","src":"https:\/\/i0.wp.com\/catapa.be\/wp-content\/uploads\/2021\/06\/unnamed-1-300x107.png?resize=350%2C200&ssl=1","width":350,"height":200},"classes":[]}],"_links":{"self":[{"href":"https:\/\/catapa.be\/en\/wp-json\/wp\/v2\/pages\/7629","targetHints":{"allow":["GET"]}}],"collection":[{"href":"https:\/\/catapa.be\/en\/wp-json\/wp\/v2\/pages"}],"about":[{"href":"https:\/\/catapa.be\/en\/wp-json\/wp\/v2\/types\/page"}],"author":[{"embeddable":true,"href":"https:\/\/catapa.be\/en\/wp-json\/wp\/v2\/users\/2"}],"replies":[{"embeddable":true,"href":"https:\/\/catapa.be\/en\/wp-json\/wp\/v2\/comments?post=7629"}],"version-history":[{"count":10,"href":"https:\/\/catapa.be\/en\/wp-json\/wp\/v2\/pages\/7629\/revisions"}],"predecessor-version":[{"id":9187,"href":"https:\/\/catapa.be\/en\/wp-json\/wp\/v2\/pages\/7629\/revisions\/9187"}],"up":[{"embeddable":true,"href":"https:\/\/catapa.be\/en\/wp-json\/wp\/v2\/pages\/2690"}],"wp:attachment":[{"href":"https:\/\/catapa.be\/en\/wp-json\/wp\/v2\/media?parent=7629"}],"curies":[{"name":"wp","href":"https:\/\/api.w.org\/{rel}","templated":true}]}}