{"id":8849,"date":"2019-01-10T18:24:37","date_gmt":"2019-01-10T17:24:37","guid":{"rendered":"http:\/\/catapa.be\/mining-in-paradise\/"},"modified":"2019-01-10T18:24:37","modified_gmt":"2019-01-10T17:24:37","slug":"mining-in-paradise","status":"publish","type":"page","link":"https:\/\/catapa.be\/en\/mining-in-paradise\/","title":{"rendered":"Mining in Paradise"},"content":{"rendered":"<h1 style=\"text-align: center;\">Mining in Paradise<\/h1>\n<p>With the \u00a0campaign\u00a0Mining in Paradise, CATAPA supported the agricultural and environmental organisations in four provinces in the North of Peru that didn&#8217;t want to allow mining in their region.\u00a0Because of the fact that mining companies harm human rights, cross local development plans and threaten the most bio-diverse area in the world, the tropical Andes, as this may cause irreparable damage. Below you find an extensive list of achievements of our campaign.<\/p>\n<p>CATAPA and her partner organisations wanted with this campaign:<\/p>\n<ul>\n<li>To meet the question of information about mining in local farmer communities and support them in the launching of joint actions,<\/li>\n<li>to get the subject of no-go-zones on the agenda of regional and national Peruvian politics,<\/li>\n<li>sensitize citizens in Belgium and other European countries about mining issues in North-Peru,<\/li>\n<li>stimulate international solidarity with the farmer\u2019s population of North Peru.<\/li>\n<\/ul>\n<p>Partly thanks to the help of many volunteers and signers of the petition, our campaign was largely successful.<\/p>\n<h2>THE CAMPAIGN IN PERU<\/h2>\n<h3>On regional level, North-Peru<\/h3>\n<p>&#8211; The Frente, with the support of Red Muqui and CATAPA, has given about ten informative and participative workshops in different villages about mining, globalization and human rights. A total of more than 500 farmers took part in these workshops \u2013 large part of which was young people. About 70% of the population in the predominantly rural area is poor and has little or no access to education, nor information about mining industry.<\/p>\n<p>&#8211; Farmer organisations out of four provinces have stated a joint statement \u2018Zonas libres de miner\u00eda&#8217; (or \u2018No-go zones for mining\u2019) in which they comment why they don\u2019t want any mining activities in their area. Their principal requirements are: a spatial planning process with participation of the local population and respect for the environment, investments in the local development alternatives (agriculture and ecotourism) and the approval of a legal mechanism for consultation of indigenous people.<\/p>\n<p>&#8211; On the 16th of September, which is the third anniversary of a referendum out of which appeared that 97% of the local people preferred not to have any mining activities in their area, public events were organized in the provinces of Ayabaca and Huancabamba. During these events, the declaration and the campaign video were shown. Hundreds of people were present.<\/p>\n<p>&#8211; Thanks to a press conference, the campaign got the attention of different local newspapers and radios. Also the statement was published in El Tiempo de Piura, which is one of the best-read newspapers in the area.<\/p>\n<p>&#8211; The people who are candidate at the election of mayor in the local elections on 3th of October, in four North-Peruvian provinces, have spoken out against a statement, during public debates anterior to the elections. Many of them signed an \u2018ethical pact\u2019, in which they promised to respect the requirements of the declaration. The social organisations will see to it that they keep their promise.<\/p>\n<p>&#8211; Also the two new regional governors in the area promised openly in the media that they will be working on no-go zones for the mining industry. Moreover, the new regional governor of Piura has signed a personal agreement with the farmer organisations, in which he promises not to permit any mining activities in the p\u00e1ramos and cloud forests of the Andes, and to recognize the farmer organisations as \u2018protectors of the p\u00e1ramos&#8217;.<\/p>\n<p>&#8211; On 2nd December 2010, 1 year after the death of two farmer leaders who died because of the mining industry conflict, we finished the local campaign with an event in the farmer community of Segunda y Cajas. During this event, the death of the two leaders was reminded and the information about the campaign was spread in Lima and Europe. Also during this event, hundreds of people were present.<\/p>\n<h3>On national level, in Lima<\/h3>\n<p>&#8211; Many networking was done between NGOs and social communities to enlarge the support of the national and international society. Several international NGOs, such as Oxfam America and Friends of the Earth US, supported this action.<\/p>\n<p>&#8211; The production house Guarango, which had made documentaries about the mining industry problems in Peru before, made, in cooperation with CATAPA two sensitizing campaign videos. These were shown during ten information sessions in the capital, as well as in North-Peru and Europe.<\/p>\n<p>&#8211; With the support of CATAPA and a member of parliament from North-Peru, our partner organisations Fedepaz and Cooperacci\u00f3n organized a national forum in the Peruvian Parliament which threats the campaign theme no-go zones for mining. On this forum many experts gave a lecture, representatives of local farmer organisations gave a speech and debates were held. The forum was commented in various national newspapers.<\/p>\n<p>&#8211; We published four (digital) informative bulletins, in which each time a certain campaign theme was spotlighted. These bulletins were spread by the campaign partners to the general public. On the final event of the campaign in North-Peru, the people present got a summarizing bulletin of the campaign, with pictures of the different activities.<\/p>\n<p>&#8211; In cooperation with our national partners and Friends of the Earth US we sent a critical letter to the stakeholders of Zijin, the Chinese mining company which is the principal stakeholder of the R\u00edo Blanco-mining project in North-Peru. This letter was published in The South China Morning Post, an important Chinese business paper.<\/p>\n<h2>THE CAMPAIGN IN EUROPE<\/h2>\n<p>&#8211; On the 16nd of September, the website mininginparadise.org was launched in 6 languages, with the different campaign videos and an online petition to support the declaration \u2018Zonas libres de Miner\u00eda&#8217;.<\/p>\n<p>&#8211; On invitation of CATAPA, a European lecture series with Peruvian guests was organized. Some of the Peruvian guests were Jos\u00e9 De Echave, whose economist and cofounder of CooperAcci\u00f3n, and the North-Peruvian biologist Fidel Torres. Furthermore were some witnesses of communities that were harmed directly by the mining industry, such as Josefina Aponte, leader of agriculturers of Huancabamba and Magdiel Carri\u00f3n, president of the farmer movement FEPROCCA from Ayabaca. There were lectures with Peruvian lecturers in Great-Britain, Belgium, the Netherlands, Germany, France, Spain and Italy, to argument the need of No-go zones for mining. There were numerous lectures and conferences in Flemish and Walloon colleges and universities, with all together hundreds of people present.<\/p>\n<p>&#8211; The most important activity of this tour was the international conference in Brussels. A hundred of people were present. An extensive article in De Morgen about the conference was written.<\/p>\n<p>&#8211; We wrote a brief investigation paper, the scientific and juridical foundation of the campaign. In cooperation with photographer Danny Veys, we made the Photo-exposition Mining in Paradise?, which portrayed the reality of North-Peru and the impact of the large mining industry elsewhere in the country. This exposition was exposed during some months in Brussels.<\/p>\n<p>&#8211; The e-petition was signed by about 3000 people of 75 different countries and 140 different large and small organisations.<\/p>\n<p>&#8211; We sold (and keep on selling) the delicious CATAPA-coffee Caf\u00e9 por el Para\u00edso, in cooperation with Oxfam Wereldwinkels and Cepicaf\u00e9- a coffee-cooperation in Northern-Peru.<\/p>\n","protected":false},"excerpt":{"rendered":"<p>Mining in Paradise With the \u00a0campaign\u00a0Mining in Paradise, CATAPA supported the agricultural and environmental organisations in four provinces in the North of Peru that didn&#8217;t want to allow mining in their region.\u00a0Because of the fact<br \/><a class=\"read-more\" href=\"https:\/\/catapa.be\/en\/mining-in-paradise\/\">Read More<\/a><\/p>\n","protected":false},"author":1,"featured_media":0,"parent":0,"menu_order":0,"comment_status":"closed","ping_status":"closed","template":"","meta":{"_exactmetrics_skip_tracking":false,"_exactmetrics_sitenote_active":false,"_exactmetrics_sitenote_note":"","_exactmetrics_sitenote_category":0,"jetpack_post_was_ever_published":false,"footnotes":""},"class_list":["post-8849","page","type-page","status-publish","hentry"],"yoast_head":"<!-- This site is optimized with the Yoast SEO plugin v26.8 - https:\/\/yoast.com\/product\/yoast-seo-wordpress\/ -->\n<title>Mining in Paradise - CATAPA vzw<\/title>\n<meta name=\"robots\" content=\"index, follow, max-snippet:-1, max-image-preview:large, max-video-preview:-1\" \/>\n<link rel=\"canonical\" href=\"https:\/\/catapa.be\/en\/mining-in-paradise\/\" \/>\n<meta property=\"og:locale\" content=\"en_US\" \/>\n<meta property=\"og:type\" content=\"article\" \/>\n<meta property=\"og:title\" content=\"Mining in Paradise - CATAPA vzw\" \/>\n<meta property=\"og:description\" content=\"Mining in Paradise With the \u00a0campaign\u00a0Mining in Paradise, CATAPA supported the agricultural and environmental organisations in four provinces in the North of Peru that didn&#8217;t want to allow mining in their region.\u00a0Because of the factRead More\" \/>\n<meta property=\"og:url\" content=\"https:\/\/catapa.be\/en\/mining-in-paradise\/\" \/>\n<meta property=\"og:site_name\" content=\"CATAPA vzw\" \/>\n<meta property=\"article:publisher\" content=\"https:\/\/www.facebook.com\/catapa.belgium\/\" \/>\n<meta name=\"twitter:card\" content=\"summary_large_image\" \/>\n<meta name=\"twitter:site\" content=\"@CATAPA_Belgica\" \/>\n<meta name=\"twitter:label1\" content=\"Est. reading time\" \/>\n\t<meta name=\"twitter:data1\" content=\"6 minutes\" \/>\n<script type=\"application\/ld+json\" class=\"yoast-schema-graph\">{\"@context\":\"https:\/\/schema.org\",\"@graph\":[{\"@type\":\"WebPage\",\"@id\":\"https:\/\/catapa.be\/en\/mining-in-paradise\/\",\"url\":\"https:\/\/catapa.be\/en\/mining-in-paradise\/\",\"name\":\"Mining in Paradise - CATAPA vzw\",\"isPartOf\":{\"@id\":\"https:\/\/catapa.be\/en\/#website\"},\"datePublished\":\"2019-01-10T17:24:37+00:00\",\"breadcrumb\":{\"@id\":\"https:\/\/catapa.be\/en\/mining-in-paradise\/#breadcrumb\"},\"inLanguage\":\"en-US\",\"potentialAction\":[{\"@type\":\"ReadAction\",\"target\":[\"https:\/\/catapa.be\/en\/mining-in-paradise\/\"]}]},{\"@type\":\"BreadcrumbList\",\"@id\":\"https:\/\/catapa.be\/en\/mining-in-paradise\/#breadcrumb\",\"itemListElement\":[{\"@type\":\"ListItem\",\"position\":1,\"name\":\"Home\",\"item\":\"https:\/\/catapa.be\/en\/\"},{\"@type\":\"ListItem\",\"position\":2,\"name\":\"Mining in Paradise\"}]},{\"@type\":\"WebSite\",\"@id\":\"https:\/\/catapa.be\/en\/#website\",\"url\":\"https:\/\/catapa.be\/en\/\",\"name\":\"CATAPA vzw\",\"description\":\"Comit\u00e9 Acad\u00e9mico T\u00e9cnico de Asesoramiento a Problemas Ambientales\",\"publisher\":{\"@id\":\"https:\/\/catapa.be\/en\/#organization\"},\"potentialAction\":[{\"@type\":\"SearchAction\",\"target\":{\"@type\":\"EntryPoint\",\"urlTemplate\":\"https:\/\/catapa.be\/en\/?s={search_term_string}\"},\"query-input\":{\"@type\":\"PropertyValueSpecification\",\"valueRequired\":true,\"valueName\":\"search_term_string\"}}],\"inLanguage\":\"en-US\"},{\"@type\":\"Organization\",\"@id\":\"https:\/\/catapa.be\/en\/#organization\",\"name\":\"CATAPA vzw\",\"url\":\"https:\/\/catapa.be\/en\/\",\"logo\":{\"@type\":\"ImageObject\",\"inLanguage\":\"en-US\",\"@id\":\"https:\/\/catapa.be\/en\/#\/schema\/logo\/image\/\",\"url\":\"https:\/\/i0.wp.com\/catapa.be\/wp-content\/uploads\/2019\/02\/NEW20LOGO20SHORT20PNG1.png?fit=1259%2C1321&ssl=1\",\"contentUrl\":\"https:\/\/i0.wp.com\/catapa.be\/wp-content\/uploads\/2019\/02\/NEW20LOGO20SHORT20PNG1.png?fit=1259%2C1321&ssl=1\",\"width\":1259,\"height\":1321,\"caption\":\"CATAPA vzw\"},\"image\":{\"@id\":\"https:\/\/catapa.be\/en\/#\/schema\/logo\/image\/\"},\"sameAs\":[\"https:\/\/www.facebook.com\/catapa.belgium\/\",\"https:\/\/x.com\/CATAPA_Belgica\",\"https:\/\/www.instagram.com\/catapa_vzw\/\",\"https:\/\/be.linkedin.com\/company\/catapavzw\",\"https:\/\/www.youtube.com\/channel\/UCE52-Fiyv-Fpqf2gi1qhf1g\"]}]}<\/script>\n<!-- \/ Yoast SEO plugin. -->","yoast_head_json":{"title":"Mining in Paradise - CATAPA vzw","robots":{"index":"index","follow":"follow","max-snippet":"max-snippet:-1","max-image-preview":"max-image-preview:large","max-video-preview":"max-video-preview:-1"},"canonical":"https:\/\/catapa.be\/en\/mining-in-paradise\/","og_locale":"en_US","og_type":"article","og_title":"Mining in Paradise - CATAPA vzw","og_description":"Mining in Paradise With the \u00a0campaign\u00a0Mining in Paradise, CATAPA supported the agricultural and environmental organisations in four provinces in the North of Peru that didn&#8217;t want to allow mining in their region.\u00a0Because of the factRead More","og_url":"https:\/\/catapa.be\/en\/mining-in-paradise\/","og_site_name":"CATAPA vzw","article_publisher":"https:\/\/www.facebook.com\/catapa.belgium\/","twitter_card":"summary_large_image","twitter_site":"@CATAPA_Belgica","twitter_misc":{"Est. reading time":"6 minutes"},"schema":{"@context":"https:\/\/schema.org","@graph":[{"@type":"WebPage","@id":"https:\/\/catapa.be\/en\/mining-in-paradise\/","url":"https:\/\/catapa.be\/en\/mining-in-paradise\/","name":"Mining in Paradise - CATAPA vzw","isPartOf":{"@id":"https:\/\/catapa.be\/en\/#website"},"datePublished":"2019-01-10T17:24:37+00:00","breadcrumb":{"@id":"https:\/\/catapa.be\/en\/mining-in-paradise\/#breadcrumb"},"inLanguage":"en-US","potentialAction":[{"@type":"ReadAction","target":["https:\/\/catapa.be\/en\/mining-in-paradise\/"]}]},{"@type":"BreadcrumbList","@id":"https:\/\/catapa.be\/en\/mining-in-paradise\/#breadcrumb","itemListElement":[{"@type":"ListItem","position":1,"name":"Home","item":"https:\/\/catapa.be\/en\/"},{"@type":"ListItem","position":2,"name":"Mining in Paradise"}]},{"@type":"WebSite","@id":"https:\/\/catapa.be\/en\/#website","url":"https:\/\/catapa.be\/en\/","name":"CATAPA vzw","description":"Comit\u00e9 Acad\u00e9mico T\u00e9cnico de Asesoramiento a Problemas Ambientales","publisher":{"@id":"https:\/\/catapa.be\/en\/#organization"},"potentialAction":[{"@type":"SearchAction","target":{"@type":"EntryPoint","urlTemplate":"https:\/\/catapa.be\/en\/?s={search_term_string}"},"query-input":{"@type":"PropertyValueSpecification","valueRequired":true,"valueName":"search_term_string"}}],"inLanguage":"en-US"},{"@type":"Organization","@id":"https:\/\/catapa.be\/en\/#organization","name":"CATAPA vzw","url":"https:\/\/catapa.be\/en\/","logo":{"@type":"ImageObject","inLanguage":"en-US","@id":"https:\/\/catapa.be\/en\/#\/schema\/logo\/image\/","url":"https:\/\/i0.wp.com\/catapa.be\/wp-content\/uploads\/2019\/02\/NEW20LOGO20SHORT20PNG1.png?fit=1259%2C1321&ssl=1","contentUrl":"https:\/\/i0.wp.com\/catapa.be\/wp-content\/uploads\/2019\/02\/NEW20LOGO20SHORT20PNG1.png?fit=1259%2C1321&ssl=1","width":1259,"height":1321,"caption":"CATAPA vzw"},"image":{"@id":"https:\/\/catapa.be\/en\/#\/schema\/logo\/image\/"},"sameAs":["https:\/\/www.facebook.com\/catapa.belgium\/","https:\/\/x.com\/CATAPA_Belgica","https:\/\/www.instagram.com\/catapa_vzw\/","https:\/\/be.linkedin.com\/company\/catapavzw","https:\/\/www.youtube.com\/channel\/UCE52-Fiyv-Fpqf2gi1qhf1g"]}]}},"jetpack_sharing_enabled":true,"jetpack_likes_enabled":true,"jetpack-related-posts":[{"id":8800,"url":"https:\/\/catapa.be\/nl\/mining-in-paradise\/","url_meta":{"origin":8849,"position":0},"title":"Mining in Paradise","author":"admin","date":"10\/01\/2019","format":false,"excerpt":"\u00a0Mining in Paradise Met de Mining in Paradise-campagne steunden CATAPA de boeren- en milieuorganisaties van vier provincies in Noord-Peru, die geen mijnbouw willen toelaten in hun streek. Omdat mijnbouwbedrijven mensenrechten schenden, lokale ontwikkelingsplannen doorkruisen en de meest biodiverse streek op Aarde, de tropische Andes, onherstelbare milieuschade dreigen toe te brengen.\u2026","rel":"","context":"Similar post","block_context":{"text":"Similar post","link":""},"img":{"alt_text":"","src":"","width":0,"height":0},"classes":[]},{"id":3010,"url":"https:\/\/catapa.be\/nl\/cases\/griekenland\/","url_meta":{"origin":8849,"position":1},"title":"Griekenland","author":"Alienor de Sas","date":"23\/05\/2018","format":false,"excerpt":"[vc_row][vc_column][vc_cta h2=\"Skouries is een kleine plaats in de Griekse provincie Halkidiki. Dit schiereiland wordt het geheime paradijs van dit land genoemd.\" h4=\"De wilde natuur, rijke biodiversiteit en mix aan bergen, bossen, zee en strand maken van dit gebied \u00e9\u00e9n van de meest toeristische plaatsen van Griekenland. De mensen in deze\u2026","rel":"","context":"Similar post","block_context":{"text":"Similar post","link":""},"img":{"alt_text":"","src":"https:\/\/i0.wp.com\/catapa.be\/sites\/default\/files\/resize\/wysiwyg\/Cases\/Greece\/greece_hellasgold-300x197.jpg?resize=350%2C200","width":350,"height":200},"classes":[]},{"id":33786,"url":"https:\/\/catapa.be\/nl\/ons-werk\/campagnes\/het-recht-om-nee-te-zeggen\/","url_meta":{"origin":8849,"position":2},"title":"Het recht om &#8216;nee&#8217; te zeggen","author":"Estefan\u00eda","date":"19\/07\/2023","format":false,"excerpt":"[vc_row full_width=\"stretch_row\" css=\".vc_custom_1535376197063{margin-bottom: 0px !important;border-bottom-width: 0px !important;padding-bottom: 0px !important;background-color: #efefef !important;}\" el_id=\"nieuwste-artikelen\"][vc_column css=\".vc_custom_1535376096604{margin-top: 0px !important;margin-bottom: 0px !important;border-top-width: 0px !important;border-bottom-width: 0px !important;padding-top: 0px !important;padding-bottom: 0px !important;}\"][vc_cta h2=\"Steun het recht om 'nee' te zeggen!\" add_button=\"bottom\" btn_title=\"Doneer en steun het recht om 'nee' te zeggen\" btn_color=\"success\" btn_align=\"center\" btn_link=\"url:https%3A%2F%2Fcatapa.be%2Fnl%2Fdoe-mee%2Fdoneer-nu%2F|target:_blank\"]Vraag je je af hoe je\u2026","rel":"","context":"Similar post","block_context":{"text":"Similar post","link":""},"img":{"alt_text":"","src":"https:\/\/i0.wp.com\/catapa.be\/wp-content\/uploads\/2023\/02\/WhatsApp-Image-2023-01-18-at-15.52.04-300x200.jpeg?resize=350%2C200&ssl=1","width":350,"height":200},"classes":[]},{"id":28013,"url":"https:\/\/catapa.be\/nl\/ctrlaltdelete-events-news\/","url_meta":{"origin":8849,"position":3},"title":"EVENTS &#038; NEWS","author":"Mathieu Cieters","date":"17\/02\/2022","format":false,"excerpt":"[vc_row css=\".vc_custom_1649090957178{padding-top: 35px !important;padding-right: 20px !important;padding-left: 20px !important;background-color: #1767fd !important;}\" el_id=\"Events\"][vc_column][vc_column_text css=\".vc_custom_1648119292424{padding-top: 35px !important;}\" el_class=\"wittetekst schreefloos hoofdletters\"]Evenementen[\/vc_column_text][vc_row_inner gap=\"1\" css=\".vc_custom_1697561463276{padding-top: 0px !important;padding-bottom: 0px !important;}\"][vc_column_inner css=\".vc_custom_1697561501310{border-radius: 1px !important;}\" offset=\"vc_col-lg-4\/5\"][\/vc_column_inner][\/vc_row_inner][\/vc_column][\/vc_row][vc_row css=\".vc_custom_1698421825488{padding-top: 35px !important;padding-right: 20px !important;padding-left: 20px !important;background-color: #ffffff !important;}\" el_id=\"Afgelopen\"][vc_column][vc_column_text css=\".vc_custom_1648128385625{padding-top: 35px !important;}\" el_class=\"blauwetekst schreefloos hoofdletters\"]Bekijk hier onze afgelopen acties[\/vc_column_text][vc_row_inner css=\".vc_custom_1705928145796{padding-top: 0px !important;padding-bottom:\u2026","rel":"","context":"Similar post","block_context":{"text":"Similar post","link":""},"img":{"alt_text":"","src":"https:\/\/i0.wp.com\/catapa.be\/wp-content\/uploads\/2023\/10\/Ctrl-Alt-Del-Stop-ExpresDefect-logo.png?fit=250%2C250&ssl=1&resize=350%2C200","width":350,"height":200},"classes":[]},{"id":3005,"url":"https:\/\/catapa.be\/nl\/catapa-vzw-homepagina\/","url_meta":{"origin":8849,"position":4},"title":"Home","author":"Alienor de Sas","date":"20\/05\/2011","format":false,"excerpt":"[vc_row css=\".vc_custom_1698400141878{margin-top: 1px !important;margin-bottom: 1px !important;border-top-width: 0px !important;border-bottom-width: 0px !important;padding-top: 0px !important;padding-bottom: 0px !important;}\"][vc_column width=\"1\/4\"][vc_cta h2=\"Het recht om 'nee' te zeggen\" txt_align=\"center\" shape=\"square\" add_button=\"bottom\" btn_title=\"De campagne\" btn_color=\"orange\" btn_align=\"center\" btn_link=\"url:https%3A%2F%2Fcatapa.be%2Fnl%2Fons-werk%2Fcampagnes%2Fhet-recht-om-nee-te-zeggen%2F|title:Het%20recht%20om%20'nee'%20te%20zeggen\"]We steunen gemeenschappen hun recht om 'nee' te zeggen tegen mijnbouw en het maatschappelijke systeem dat mijnbouw noodzakelijk maakt. In de Andesregio\u2026","rel":"","context":"Similar post","block_context":{"text":"Similar post","link":""},"img":{"alt_text":"","src":"https:\/\/i0.wp.com\/catapa.be\/wp-content\/uploads\/2023\/10\/Right-to-say-no-250.png?resize=350%2C200&ssl=1","width":350,"height":200},"classes":[]},{"id":30728,"url":"https:\/\/catapa.be\/nl\/ons-werk\/afgelopen-campagnes-en-projecten\/","url_meta":{"origin":8849,"position":5},"title":"Afgelopen campagnes en projecten","author":"Truike Geerts","date":"05\/07\/2022","format":false,"excerpt":"[vc_row][vc_column][vc_column_text] Zie hier een overzicht van onze afgeronde campagnes en (meerjaren)projecten: [\/vc_column_text][vc_row_inner][vc_column_inner width=\"1\/3\"][vc_hoverbox image=\"11217\" primary_title=\"\" hover_title=\"Fair ICT Flanders\" hover_title_font_container=\"font_size:50|color:%23ffffff\" hover_title_use_theme_fonts=\"yes\" hover_background_color=\"custom\" use_custom_fonts_hover_title=\"true\" hover_custom_background=\"#009c55\"]Project 2019-2021[\/vc_hoverbox][\/vc_column_inner][vc_column_inner width=\"1\/3\"][vc_hoverbox image=\"12434\" primary_title=\"\" hover_title=\"Make ICT Fair\" hover_title_font_container=\"font_size:50|color:%23ffffff\" hover_title_use_theme_fonts=\"yes\" hover_background_color=\"custom\" use_custom_fonts_hover_title=\"true\" hover_custom_background=\"#009c55\"]Campagne 2017-2021[\/vc_hoverbox][\/vc_column_inner][vc_column_inner width=\"1\/3\"][vc_hoverbox image=\"9198\" primary_title=\"\" hover_title=\"Defensoras\" hover_title_font_container=\"font_size:50|color:%23ffffff\" hover_title_use_theme_fonts=\"yes\" hover_background_color=\"custom\" use_custom_fonts_hover_title=\"true\" hover_custom_background=\"#009c55\"]Project 2018-2019[\/vc_hoverbox][\/vc_column_inner][\/vc_row_inner][vc_row_inner][vc_column_inner width=\"1\/3\"][vc_hoverbox image=\"26886\" primary_title=\"\" hover_title=\"Generatie\u2026","rel":"","context":"Similar post","block_context":{"text":"Similar post","link":""},"img":{"alt_text":"","src":"","width":0,"height":0},"classes":[]}],"_links":{"self":[{"href":"https:\/\/catapa.be\/en\/wp-json\/wp\/v2\/pages\/8849","targetHints":{"allow":["GET"]}}],"collection":[{"href":"https:\/\/catapa.be\/en\/wp-json\/wp\/v2\/pages"}],"about":[{"href":"https:\/\/catapa.be\/en\/wp-json\/wp\/v2\/types\/page"}],"author":[{"embeddable":true,"href":"https:\/\/catapa.be\/en\/wp-json\/wp\/v2\/users\/1"}],"replies":[{"embeddable":true,"href":"https:\/\/catapa.be\/en\/wp-json\/wp\/v2\/comments?post=8849"}],"version-history":[{"count":0,"href":"https:\/\/catapa.be\/en\/wp-json\/wp\/v2\/pages\/8849\/revisions"}],"wp:attachment":[{"href":"https:\/\/catapa.be\/en\/wp-json\/wp\/v2\/media?parent=8849"}],"curies":[{"name":"wp","href":"https:\/\/api.w.org\/{rel}","templated":true}]}}