{"id":2938,"date":"2018-06-25T12:00:56","date_gmt":"2018-06-25T10:00:56","guid":{"rendered":"http:\/\/catapa.be\/?page_id=2938"},"modified":"2018-08-21T15:34:22","modified_gmt":"2018-08-21T13:34:22","slug":"sobre-nosotros","status":"publish","type":"page","link":"https:\/\/catapa.be\/es\/sobre-nosotros\/","title":{"rendered":"Sobre CATAPA"},"content":{"rendered":"","protected":false},"excerpt":{"rendered":"","protected":false},"author":2,"featured_media":0,"parent":0,"menu_order":0,"comment_status":"closed","ping_status":"closed","template":"","meta":{"_exactmetrics_skip_tracking":false,"_exactmetrics_sitenote_active":false,"_exactmetrics_sitenote_note":"","_exactmetrics_sitenote_category":0,"jetpack_post_was_ever_published":false,"footnotes":""},"class_list":["post-2938","page","type-page","status-publish","hentry"],"yoast_head":"<!-- This site is optimized with the Yoast SEO plugin v26.8 - https:\/\/yoast.com\/product\/yoast-seo-wordpress\/ -->\n<title>Sobre CATAPA - CATAPA vzw<\/title>\n<meta name=\"robots\" content=\"index, follow, max-snippet:-1, max-image-preview:large, max-video-preview:-1\" \/>\n<link rel=\"canonical\" href=\"https:\/\/catapa.be\/es\/sobre-nosotros\/\" \/>\n<meta property=\"og:locale\" content=\"es_ES\" \/>\n<meta property=\"og:type\" content=\"article\" \/>\n<meta property=\"og:title\" content=\"Sobre CATAPA - CATAPA vzw\" \/>\n<meta property=\"og:url\" content=\"https:\/\/catapa.be\/es\/sobre-nosotros\/\" \/>\n<meta property=\"og:site_name\" content=\"CATAPA vzw\" \/>\n<meta property=\"article:publisher\" content=\"https:\/\/www.facebook.com\/catapa.belgium\/\" \/>\n<meta property=\"article:modified_time\" content=\"2018-08-21T13:34:22+00:00\" \/>\n<meta name=\"twitter:card\" content=\"summary_large_image\" \/>\n<meta name=\"twitter:site\" content=\"@CATAPA_Belgica\" \/>\n<script type=\"application\/ld+json\" class=\"yoast-schema-graph\">{\"@context\":\"https:\/\/schema.org\",\"@graph\":[{\"@type\":\"WebPage\",\"@id\":\"https:\/\/catapa.be\/es\/sobre-nosotros\/\",\"url\":\"https:\/\/catapa.be\/es\/sobre-nosotros\/\",\"name\":\"Sobre CATAPA - CATAPA vzw\",\"isPartOf\":{\"@id\":\"https:\/\/catapa.be\/es\/#website\"},\"datePublished\":\"2018-06-25T10:00:56+00:00\",\"dateModified\":\"2018-08-21T13:34:22+00:00\",\"breadcrumb\":{\"@id\":\"https:\/\/catapa.be\/es\/sobre-nosotros\/#breadcrumb\"},\"inLanguage\":\"es-ES\",\"potentialAction\":[{\"@type\":\"ReadAction\",\"target\":[\"https:\/\/catapa.be\/es\/sobre-nosotros\/\"]}]},{\"@type\":\"BreadcrumbList\",\"@id\":\"https:\/\/catapa.be\/es\/sobre-nosotros\/#breadcrumb\",\"itemListElement\":[{\"@type\":\"ListItem\",\"position\":1,\"name\":\"Home\",\"item\":\"https:\/\/catapa.be\/es\/\"},{\"@type\":\"ListItem\",\"position\":2,\"name\":\"Sobre CATAPA\"}]},{\"@type\":\"WebSite\",\"@id\":\"https:\/\/catapa.be\/es\/#website\",\"url\":\"https:\/\/catapa.be\/es\/\",\"name\":\"CATAPA vzw\",\"description\":\"Comit\u00e9 Acad\u00e9mico T\u00e9cnico de Asesoramiento a Problemas Ambientales\",\"publisher\":{\"@id\":\"https:\/\/catapa.be\/es\/#organization\"},\"potentialAction\":[{\"@type\":\"SearchAction\",\"target\":{\"@type\":\"EntryPoint\",\"urlTemplate\":\"https:\/\/catapa.be\/es\/?s={search_term_string}\"},\"query-input\":{\"@type\":\"PropertyValueSpecification\",\"valueRequired\":true,\"valueName\":\"search_term_string\"}}],\"inLanguage\":\"es-ES\"},{\"@type\":\"Organization\",\"@id\":\"https:\/\/catapa.be\/es\/#organization\",\"name\":\"CATAPA vzw\",\"url\":\"https:\/\/catapa.be\/es\/\",\"logo\":{\"@type\":\"ImageObject\",\"inLanguage\":\"es-ES\",\"@id\":\"https:\/\/catapa.be\/es\/#\/schema\/logo\/image\/\",\"url\":\"https:\/\/i0.wp.com\/catapa.be\/wp-content\/uploads\/2019\/02\/NEW20LOGO20SHORT20PNG1.png?fit=1259%2C1321&ssl=1\",\"contentUrl\":\"https:\/\/i0.wp.com\/catapa.be\/wp-content\/uploads\/2019\/02\/NEW20LOGO20SHORT20PNG1.png?fit=1259%2C1321&ssl=1\",\"width\":1259,\"height\":1321,\"caption\":\"CATAPA vzw\"},\"image\":{\"@id\":\"https:\/\/catapa.be\/es\/#\/schema\/logo\/image\/\"},\"sameAs\":[\"https:\/\/www.facebook.com\/catapa.belgium\/\",\"https:\/\/x.com\/CATAPA_Belgica\",\"https:\/\/www.instagram.com\/catapa_vzw\/\",\"https:\/\/be.linkedin.com\/company\/catapavzw\",\"https:\/\/www.youtube.com\/channel\/UCE52-Fiyv-Fpqf2gi1qhf1g\"]}]}<\/script>\n<!-- \/ Yoast SEO plugin. -->","yoast_head_json":{"title":"Sobre CATAPA - CATAPA vzw","robots":{"index":"index","follow":"follow","max-snippet":"max-snippet:-1","max-image-preview":"max-image-preview:large","max-video-preview":"max-video-preview:-1"},"canonical":"https:\/\/catapa.be\/es\/sobre-nosotros\/","og_locale":"es_ES","og_type":"article","og_title":"Sobre CATAPA - CATAPA vzw","og_url":"https:\/\/catapa.be\/es\/sobre-nosotros\/","og_site_name":"CATAPA vzw","article_publisher":"https:\/\/www.facebook.com\/catapa.belgium\/","article_modified_time":"2018-08-21T13:34:22+00:00","twitter_card":"summary_large_image","twitter_site":"@CATAPA_Belgica","schema":{"@context":"https:\/\/schema.org","@graph":[{"@type":"WebPage","@id":"https:\/\/catapa.be\/es\/sobre-nosotros\/","url":"https:\/\/catapa.be\/es\/sobre-nosotros\/","name":"Sobre CATAPA - CATAPA vzw","isPartOf":{"@id":"https:\/\/catapa.be\/es\/#website"},"datePublished":"2018-06-25T10:00:56+00:00","dateModified":"2018-08-21T13:34:22+00:00","breadcrumb":{"@id":"https:\/\/catapa.be\/es\/sobre-nosotros\/#breadcrumb"},"inLanguage":"es-ES","potentialAction":[{"@type":"ReadAction","target":["https:\/\/catapa.be\/es\/sobre-nosotros\/"]}]},{"@type":"BreadcrumbList","@id":"https:\/\/catapa.be\/es\/sobre-nosotros\/#breadcrumb","itemListElement":[{"@type":"ListItem","position":1,"name":"Home","item":"https:\/\/catapa.be\/es\/"},{"@type":"ListItem","position":2,"name":"Sobre CATAPA"}]},{"@type":"WebSite","@id":"https:\/\/catapa.be\/es\/#website","url":"https:\/\/catapa.be\/es\/","name":"CATAPA vzw","description":"Comit\u00e9 Acad\u00e9mico T\u00e9cnico de Asesoramiento a Problemas Ambientales","publisher":{"@id":"https:\/\/catapa.be\/es\/#organization"},"potentialAction":[{"@type":"SearchAction","target":{"@type":"EntryPoint","urlTemplate":"https:\/\/catapa.be\/es\/?s={search_term_string}"},"query-input":{"@type":"PropertyValueSpecification","valueRequired":true,"valueName":"search_term_string"}}],"inLanguage":"es-ES"},{"@type":"Organization","@id":"https:\/\/catapa.be\/es\/#organization","name":"CATAPA vzw","url":"https:\/\/catapa.be\/es\/","logo":{"@type":"ImageObject","inLanguage":"es-ES","@id":"https:\/\/catapa.be\/es\/#\/schema\/logo\/image\/","url":"https:\/\/i0.wp.com\/catapa.be\/wp-content\/uploads\/2019\/02\/NEW20LOGO20SHORT20PNG1.png?fit=1259%2C1321&ssl=1","contentUrl":"https:\/\/i0.wp.com\/catapa.be\/wp-content\/uploads\/2019\/02\/NEW20LOGO20SHORT20PNG1.png?fit=1259%2C1321&ssl=1","width":1259,"height":1321,"caption":"CATAPA vzw"},"image":{"@id":"https:\/\/catapa.be\/es\/#\/schema\/logo\/image\/"},"sameAs":["https:\/\/www.facebook.com\/catapa.belgium\/","https:\/\/x.com\/CATAPA_Belgica","https:\/\/www.instagram.com\/catapa_vzw\/","https:\/\/be.linkedin.com\/company\/catapavzw","https:\/\/www.youtube.com\/channel\/UCE52-Fiyv-Fpqf2gi1qhf1g"]}]}},"jetpack_sharing_enabled":true,"jetpack_likes_enabled":true,"jetpack-related-posts":[{"id":10059,"url":"https:\/\/catapa.be\/es\/participa-en-nuestro-simposio-sobre-mineria\/","url_meta":{"origin":2938,"position":0},"title":"Participa en nuestro simposio sobre miner\u00eda","author":"admin","date":"25\/02\/2019","format":false,"excerpt":"","rel":"","context":"Entrada similar","block_context":{"text":"Entrada similar","link":""},"img":{"alt_text":"","src":"https:\/\/i0.wp.com\/catapa.be\/wp-content\/uploads\/2018\/08\/stafichukanatoly.jpg?fit=1200%2C803&ssl=1&resize=350%2C200","width":350,"height":200,"srcset":"https:\/\/i0.wp.com\/catapa.be\/wp-content\/uploads\/2018\/08\/stafichukanatoly.jpg?fit=1200%2C803&ssl=1&resize=350%2C200 1x, https:\/\/i0.wp.com\/catapa.be\/wp-content\/uploads\/2018\/08\/stafichukanatoly.jpg?fit=1200%2C803&ssl=1&resize=525%2C300 1.5x, https:\/\/i0.wp.com\/catapa.be\/wp-content\/uploads\/2018\/08\/stafichukanatoly.jpg?fit=1200%2C803&ssl=1&resize=700%2C400 2x, https:\/\/i0.wp.com\/catapa.be\/wp-content\/uploads\/2018\/08\/stafichukanatoly.jpg?fit=1200%2C803&ssl=1&resize=1050%2C600 3x"},"classes":[]},{"id":10035,"url":"https:\/\/catapa.be\/es\/informate-sobre-nuestras-actividades-y-casos\/","url_meta":{"origin":2938,"position":1},"title":"Inf\u00f3rmate sobre nuestras actividades y casos","author":"Alienor de Sas","date":"11\/07\/2018","format":false,"excerpt":"","rel":"","context":"Entrada similar","block_context":{"text":"Entrada similar","link":""},"img":{"alt_text":"","src":"https:\/\/i0.wp.com\/catapa.be\/wp-content\/uploads\/2018\/08\/Gordo_bewerkt-1.jpg?fit=1200%2C563&ssl=1&resize=350%2C200","width":350,"height":200,"srcset":"https:\/\/i0.wp.com\/catapa.be\/wp-content\/uploads\/2018\/08\/Gordo_bewerkt-1.jpg?fit=1200%2C563&ssl=1&resize=350%2C200 1x, https:\/\/i0.wp.com\/catapa.be\/wp-content\/uploads\/2018\/08\/Gordo_bewerkt-1.jpg?fit=1200%2C563&ssl=1&resize=525%2C300 1.5x, https:\/\/i0.wp.com\/catapa.be\/wp-content\/uploads\/2018\/08\/Gordo_bewerkt-1.jpg?fit=1200%2C563&ssl=1&resize=700%2C400 2x, https:\/\/i0.wp.com\/catapa.be\/wp-content\/uploads\/2018\/08\/Gordo_bewerkt-1.jpg?fit=1200%2C563&ssl=1&resize=1050%2C600 3x"},"classes":[]},{"id":7560,"url":"https:\/\/catapa.be\/es\/sobre-nosotros\/blog-2\/","url_meta":{"origin":2938,"position":2},"title":"Blog","author":"Alienor de Sas","date":"23\/08\/2018","format":false,"excerpt":"[vc_row css=\".vc_custom_1535134005031{margin-top: 0px !important;border-top-width: 0px !important;padding-top: 0px !important;}\"][vc_column][vc_basic_grid post_type=\"post\" max_items=\"100\" gap=\"15\" item=\"7496\" grid_id=\"vc_gid:1553080685937-20e71499-e61c-4\" exclude=\"9224, 9207, 10566\"][\/vc_column][\/vc_row]","rel":"","context":"Entrada similar","block_context":{"text":"Entrada similar","link":""},"img":{"alt_text":"","src":"","width":0,"height":0},"classes":[]},{"id":2948,"url":"https:\/\/catapa.be\/es\/sobre-nosotros\/contacto\/","url_meta":{"origin":2938,"position":3},"title":"Contacto","author":"Alienor de Sas","date":"22\/07\/2017","format":false,"excerpt":"[vc_row full_width=\"stretch_row_content_no_spaces\" css=\".vc_custom_1500665013519{padding-bottom: 0px !important;}\"][vc_column][\/vc_column][\/vc_row]","rel":"","context":"Entrada similar","block_context":{"text":"Entrada similar","link":""},"img":{"alt_text":"","src":"","width":0,"height":0},"classes":[]},{"id":20579,"url":"https:\/\/catapa.be\/es\/actua-ahora\/hazte-miembro\/","url_meta":{"origin":2938,"position":4},"title":"\u00a1Hazte miembro!","author":"Alberto V\u00e1zquez Ruiz","date":"30\/03\/2021","format":false,"excerpt":"[vc_row][vc_column][vc_column_text] La Asamblea General de CATAPA La Asamblea General (AG) es el m\u00e1ximo \u00f3rgano de toma de decisiones de una organizaci\u00f3n sin fines de lucro. La AG est\u00e1 formada por quienes tengan membres\u00eda dentro de CATAPA. La membres\u00eda implica un derecho de voto igual dentro de la AG. Cada nueva\u2026","rel":"","context":"Entrada similar","block_context":{"text":"Entrada similar","link":""},"img":{"alt_text":"","src":"","width":0,"height":0},"classes":[]},{"id":3007,"url":"https:\/\/catapa.be\/es\/","url_meta":{"origin":2938,"position":5},"title":"Home","author":"Alienor de Sas","date":"20\/05\/2011","format":false,"excerpt":"[vc_row][vc_column][vc_column_text css=\".vc_custom_1550249085836{margin-top: 0px !important;margin-bottom: 0px !important;border-top-width: 0px !important;border-bottom-width: 0px !important;padding-top: 0px !important;padding-bottom: 0px !important;}\"] \u00daltimos art\u00edculos \/ Visita el blog [\/vc_column_text][vc_basic_grid post_type=\"post\" max_items=\"4\" element_width=\"3\" gap=\"15\" item=\"7496\" grid_id=\"vc_gid:1693567007909-e169daf3-b9f0-0\" css=\".vc_custom_1551197336803{margin-top: 0px !important;margin-bottom: 0px !important;border-top-width: 0px !important;border-bottom-width: 0px !important;padding-top: 0px !important;padding-bottom: 0px !important;}\" exclude=\"9207, 9206, 9196, 9224, 7595, 7585\"][vc_wp_text][events per_page=\"3\" show_event_types=\"false\" show_categories=\"false\" show_filters=\"false\"][\/vc_wp_text][\/vc_column][\/vc_row][vc_row\u2026","rel":"","context":"Entrada similar","block_context":{"text":"Entrada similar","link":""},"img":{"alt_text":"","src":"","width":0,"height":0},"classes":[]}],"_links":{"self":[{"href":"https:\/\/catapa.be\/es\/wp-json\/wp\/v2\/pages\/2938","targetHints":{"allow":["GET"]}}],"collection":[{"href":"https:\/\/catapa.be\/es\/wp-json\/wp\/v2\/pages"}],"about":[{"href":"https:\/\/catapa.be\/es\/wp-json\/wp\/v2\/types\/page"}],"author":[{"embeddable":true,"href":"https:\/\/catapa.be\/es\/wp-json\/wp\/v2\/users\/2"}],"replies":[{"embeddable":true,"href":"https:\/\/catapa.be\/es\/wp-json\/wp\/v2\/comments?post=2938"}],"version-history":[{"count":3,"href":"https:\/\/catapa.be\/es\/wp-json\/wp\/v2\/pages\/2938\/revisions"}],"predecessor-version":[{"id":6683,"href":"https:\/\/catapa.be\/es\/wp-json\/wp\/v2\/pages\/2938\/revisions\/6683"}],"wp:attachment":[{"href":"https:\/\/catapa.be\/es\/wp-json\/wp\/v2\/media?parent=2938"}],"curies":[{"name":"wp","href":"https:\/\/api.w.org\/{rel}","templated":true}]}}