{"id":2940,"date":"2018-05-20T08:57:16","date_gmt":"2018-05-20T06:57:16","guid":{"rendered":"http:\/\/catapa.be\/?page_id=2940"},"modified":"2019-02-28T15:44:38","modified_gmt":"2019-02-28T14:44:38","slug":"catapistas","status":"publish","type":"page","link":"https:\/\/catapa.be\/es\/sobre-nosotros\/catapistas\/","title":{"rendered":"Catapistas"},"content":{"rendered":"<div class=\"wpb-content-wrapper\"><p>[vc_row equal_height=&#8221;yes&#8221; css=&#8221;.vc_custom_1535399346438{margin-top: 0px !important;margin-bottom: 0px !important;}&#8221;][vc_column css_animation=&#8221;none&#8221; css=&#8221;.vc_custom_1535399353662{margin-top: 0px !important;margin-bottom: 0px !important;}&#8221;][vc_cta h2=&#8221;Los Catapistas&#8221; h4=&#8221;Somos unos 100 j\u00f3venes voluntarios y m\u00e1s de 1000 simpatizantes. Ofrecemos un compromiso concreto y orientado hacia la acci\u00f3n para quienes est\u00e1n comprometidos con un mundo sostenible.&#8221; style=&#8221;custom&#8221; custom_background=&#8221;#01a053&#8243; custom_text=&#8221;#ffffff&#8221;][\/vc_cta][\/vc_column][\/vc_row][vc_row full_width=&#8221;stretch_row&#8221; content_placement=&#8221;middle&#8221; css=&#8221;.vc_custom_1535399374493{margin-top: 0px !important;margin-bottom: 0px !important;background-color: #f7f7f7 !important;}&#8221;][vc_column css=&#8221;.vc_custom_1535399380145{margin-top: 0px !important;margin-bottom: 0px !important;}&#8221;][vc_column_text]<\/p>\n<h2>Nos enfocamos en la explotaci\u00f3n de metales y minerales&#8230;<\/h2>\n<p>&#8230; ya que estos est\u00e1n involucrados en todos los grandes temas relacionados con la crisis medioambiental y los problemas Norte-Sur, como la contaminaci\u00f3n, el cambio clim\u00e1tico, la escasez de agua, la deforestaci\u00f3n, los conflictos, la corrupci\u00f3n, las condiciones laborales, el (inaplicable) Derecho Internacional, la desregulaci\u00f3n, el endeudamiento y la p\u00e9rdida de Democracia en los pa\u00edses del Sur, etc.<\/p>\n<p>Los Catapistas contribuyen por medio de la sensibilizaci\u00f3n, la creaci\u00f3n de redes de contactos, la investigaci\u00f3n, el\u00a0<em>lobby<\/em>\u00a0(presi\u00f3n pol\u00edtica) y\/o con el intercambio, con el objetivo de que CATAPA sea la vanguardia, tanto en\u00a0 B\u00e9lgica como en el plano internacional, que cuestione esta problem\u00e1tica creciente y proporcione alternativas hacia una miner\u00eda responsable. Trabajamos en dos grandes grupos divididos en &#8220;grupos de trabajo del sur&#8221; y &#8220;grupos de trabajo del norte&#8221;.[\/vc_column_text][vc_btn title=&#8221;Conoce a nuestros Grupos de Trabajo&#8221; style=&#8221;custom&#8221; custom_background=&#8221;#01a053&#8243; custom_text=&#8221;#ffffff&#8221; size=&#8221;lg&#8221; align=&#8221;left&#8221; i_align=&#8221;right&#8221; i_icon_fontawesome=&#8221;fa fa-chevron-right&#8221; css_animation=&#8221;bounceInDown&#8221; add_icon=&#8221;true&#8221; link=&#8221;url:http%3A%2F%2Fcatapa.be%2Fes%2Flabor%2Fgrupos-de-trabajo%2F|||&#8221;][\/vc_column][\/vc_row][vc_row content_placement=&#8221;middle&#8221; css=&#8221;.vc_custom_1536140533958{margin-top: 0px !important;margin-bottom: 0px !important;}&#8221;][vc_column width=&#8221;1\/2&#8243; css=&#8221;.vc_custom_1535399400192{margin-top: 0px !important;margin-bottom: 0px !important;}&#8221;][vc_video link=&#8221;https:\/\/www.youtube.com\/watch?v=A5OHZ2dw660&amp;t=2s&#8221; align=&#8221;center&#8221; title=&#8221;\u00bfTe unes a nosotros?&#8221;][\/vc_column][vc_column width=&#8221;1\/2&#8243; css=&#8221;.vc_custom_1535399406443{margin-top: 0px !important;margin-bottom: 0px !important;}&#8221;][vc_images_carousel images=&#8221;6813,6506,6509,6503&#8243; img_size=&#8221;full&#8221; autoplay=&#8221;yes&#8221; wrap=&#8221;yes&#8221; css=&#8221;.vc_custom_1536065827818{margin-right: 50px !important;margin-left: 50px !important;}&#8221; title=&#8221;Galer\u00eda de los Catapistas&#8221;][\/vc_column][\/vc_row]<\/p>\n<\/div>","protected":false},"excerpt":{"rendered":"<p>[vc_row equal_height=&#8221;yes&#8221; css=&#8221;.vc_custom_1535399346438{margin-top: 0px !important;margin-bottom: 0px !important;}&#8221;][vc_column css_animation=&#8221;none&#8221; css=&#8221;.vc_custom_1535399353662{margin-top: 0px !important;margin-bottom: 0px !important;}&#8221;][vc_cta h2=&#8221;Los Catapistas&#8221; h4=&#8221;Somos unos 100 j\u00f3venes voluntarios y m\u00e1s de 1000 simpatizantes. Ofrecemos un compromiso concreto y orientado hacia la acci\u00f3n para<br \/><a class=\"read-more\" href=\"https:\/\/catapa.be\/es\/sobre-nosotros\/catapistas\/\">Read More<\/a><\/p>\n","protected":false},"author":2,"featured_media":0,"parent":2938,"menu_order":3,"comment_status":"closed","ping_status":"closed","template":"","meta":{"_exactmetrics_skip_tracking":false,"_exactmetrics_sitenote_active":false,"_exactmetrics_sitenote_note":"","_exactmetrics_sitenote_category":0,"jetpack_post_was_ever_published":false,"footnotes":""},"class_list":["post-2940","page","type-page","status-publish","hentry"],"yoast_head":"<!-- This site is optimized with the Yoast SEO plugin v26.8 - https:\/\/yoast.com\/product\/yoast-seo-wordpress\/ -->\n<title>Catapistas - CATAPA vzw<\/title>\n<meta name=\"robots\" content=\"index, follow, max-snippet:-1, max-image-preview:large, max-video-preview:-1\" \/>\n<link rel=\"canonical\" href=\"https:\/\/catapa.be\/es\/sobre-nosotros\/catapistas\/\" \/>\n<meta property=\"og:locale\" content=\"es_ES\" \/>\n<meta property=\"og:type\" content=\"article\" \/>\n<meta property=\"og:title\" content=\"Catapistas - CATAPA vzw\" \/>\n<meta property=\"og:description\" content=\"[vc_row equal_height=&#8221;yes&#8221; css=&#8221;.vc_custom_1535399346438{margin-top: 0px !important;margin-bottom: 0px !important;}&#8221;][vc_column css_animation=&#8221;none&#8221; css=&#8221;.vc_custom_1535399353662{margin-top: 0px !important;margin-bottom: 0px !important;}&#8221;][vc_cta h2=&#8221;Los Catapistas&#8221; h4=&#8221;Somos unos 100 j\u00f3venes voluntarios y m\u00e1s de 1000 simpatizantes. Ofrecemos un compromiso concreto y orientado hacia la acci\u00f3n paraRead More\" \/>\n<meta property=\"og:url\" content=\"https:\/\/catapa.be\/es\/sobre-nosotros\/catapistas\/\" \/>\n<meta property=\"og:site_name\" content=\"CATAPA vzw\" \/>\n<meta property=\"article:publisher\" content=\"https:\/\/www.facebook.com\/catapa.belgium\/\" \/>\n<meta property=\"article:modified_time\" content=\"2019-02-28T14:44:38+00:00\" \/>\n<meta name=\"twitter:card\" content=\"summary_large_image\" \/>\n<meta name=\"twitter:site\" content=\"@CATAPA_Belgica\" \/>\n<meta name=\"twitter:label1\" content=\"Tiempo de lectura\" \/>\n\t<meta name=\"twitter:data1\" content=\"2 minutes\" \/>\n<script type=\"application\/ld+json\" class=\"yoast-schema-graph\">{\"@context\":\"https:\/\/schema.org\",\"@graph\":[{\"@type\":\"WebPage\",\"@id\":\"https:\/\/catapa.be\/es\/sobre-nosotros\/catapistas\/\",\"url\":\"https:\/\/catapa.be\/es\/sobre-nosotros\/catapistas\/\",\"name\":\"Catapistas - CATAPA vzw\",\"isPartOf\":{\"@id\":\"https:\/\/catapa.be\/es\/#website\"},\"datePublished\":\"2018-05-20T06:57:16+00:00\",\"dateModified\":\"2019-02-28T14:44:38+00:00\",\"breadcrumb\":{\"@id\":\"https:\/\/catapa.be\/es\/sobre-nosotros\/catapistas\/#breadcrumb\"},\"inLanguage\":\"es-ES\",\"potentialAction\":[{\"@type\":\"ReadAction\",\"target\":[\"https:\/\/catapa.be\/es\/sobre-nosotros\/catapistas\/\"]}]},{\"@type\":\"BreadcrumbList\",\"@id\":\"https:\/\/catapa.be\/es\/sobre-nosotros\/catapistas\/#breadcrumb\",\"itemListElement\":[{\"@type\":\"ListItem\",\"position\":1,\"name\":\"Home\",\"item\":\"https:\/\/catapa.be\/es\/\"},{\"@type\":\"ListItem\",\"position\":2,\"name\":\"Sobre CATAPA\",\"item\":\"https:\/\/catapa.be\/es\/sobre-nosotros\/\"},{\"@type\":\"ListItem\",\"position\":3,\"name\":\"Catapistas\"}]},{\"@type\":\"WebSite\",\"@id\":\"https:\/\/catapa.be\/es\/#website\",\"url\":\"https:\/\/catapa.be\/es\/\",\"name\":\"CATAPA vzw\",\"description\":\"Comit\u00e9 Acad\u00e9mico T\u00e9cnico de Asesoramiento a Problemas Ambientales\",\"publisher\":{\"@id\":\"https:\/\/catapa.be\/es\/#organization\"},\"potentialAction\":[{\"@type\":\"SearchAction\",\"target\":{\"@type\":\"EntryPoint\",\"urlTemplate\":\"https:\/\/catapa.be\/es\/?s={search_term_string}\"},\"query-input\":{\"@type\":\"PropertyValueSpecification\",\"valueRequired\":true,\"valueName\":\"search_term_string\"}}],\"inLanguage\":\"es-ES\"},{\"@type\":\"Organization\",\"@id\":\"https:\/\/catapa.be\/es\/#organization\",\"name\":\"CATAPA vzw\",\"url\":\"https:\/\/catapa.be\/es\/\",\"logo\":{\"@type\":\"ImageObject\",\"inLanguage\":\"es-ES\",\"@id\":\"https:\/\/catapa.be\/es\/#\/schema\/logo\/image\/\",\"url\":\"https:\/\/i0.wp.com\/catapa.be\/wp-content\/uploads\/2019\/02\/NEW20LOGO20SHORT20PNG1.png?fit=1259%2C1321&ssl=1\",\"contentUrl\":\"https:\/\/i0.wp.com\/catapa.be\/wp-content\/uploads\/2019\/02\/NEW20LOGO20SHORT20PNG1.png?fit=1259%2C1321&ssl=1\",\"width\":1259,\"height\":1321,\"caption\":\"CATAPA vzw\"},\"image\":{\"@id\":\"https:\/\/catapa.be\/es\/#\/schema\/logo\/image\/\"},\"sameAs\":[\"https:\/\/www.facebook.com\/catapa.belgium\/\",\"https:\/\/x.com\/CATAPA_Belgica\",\"https:\/\/www.instagram.com\/catapa_vzw\/\",\"https:\/\/be.linkedin.com\/company\/catapavzw\",\"https:\/\/www.youtube.com\/channel\/UCE52-Fiyv-Fpqf2gi1qhf1g\"]}]}<\/script>\n<!-- \/ Yoast SEO plugin. -->","yoast_head_json":{"title":"Catapistas - CATAPA vzw","robots":{"index":"index","follow":"follow","max-snippet":"max-snippet:-1","max-image-preview":"max-image-preview:large","max-video-preview":"max-video-preview:-1"},"canonical":"https:\/\/catapa.be\/es\/sobre-nosotros\/catapistas\/","og_locale":"es_ES","og_type":"article","og_title":"Catapistas - CATAPA vzw","og_description":"[vc_row equal_height=&#8221;yes&#8221; css=&#8221;.vc_custom_1535399346438{margin-top: 0px !important;margin-bottom: 0px !important;}&#8221;][vc_column css_animation=&#8221;none&#8221; css=&#8221;.vc_custom_1535399353662{margin-top: 0px !important;margin-bottom: 0px !important;}&#8221;][vc_cta h2=&#8221;Los Catapistas&#8221; h4=&#8221;Somos unos 100 j\u00f3venes voluntarios y m\u00e1s de 1000 simpatizantes. Ofrecemos un compromiso concreto y orientado hacia la acci\u00f3n paraRead More","og_url":"https:\/\/catapa.be\/es\/sobre-nosotros\/catapistas\/","og_site_name":"CATAPA vzw","article_publisher":"https:\/\/www.facebook.com\/catapa.belgium\/","article_modified_time":"2019-02-28T14:44:38+00:00","twitter_card":"summary_large_image","twitter_site":"@CATAPA_Belgica","twitter_misc":{"Tiempo de lectura":"2 minutes"},"schema":{"@context":"https:\/\/schema.org","@graph":[{"@type":"WebPage","@id":"https:\/\/catapa.be\/es\/sobre-nosotros\/catapistas\/","url":"https:\/\/catapa.be\/es\/sobre-nosotros\/catapistas\/","name":"Catapistas - CATAPA vzw","isPartOf":{"@id":"https:\/\/catapa.be\/es\/#website"},"datePublished":"2018-05-20T06:57:16+00:00","dateModified":"2019-02-28T14:44:38+00:00","breadcrumb":{"@id":"https:\/\/catapa.be\/es\/sobre-nosotros\/catapistas\/#breadcrumb"},"inLanguage":"es-ES","potentialAction":[{"@type":"ReadAction","target":["https:\/\/catapa.be\/es\/sobre-nosotros\/catapistas\/"]}]},{"@type":"BreadcrumbList","@id":"https:\/\/catapa.be\/es\/sobre-nosotros\/catapistas\/#breadcrumb","itemListElement":[{"@type":"ListItem","position":1,"name":"Home","item":"https:\/\/catapa.be\/es\/"},{"@type":"ListItem","position":2,"name":"Sobre CATAPA","item":"https:\/\/catapa.be\/es\/sobre-nosotros\/"},{"@type":"ListItem","position":3,"name":"Catapistas"}]},{"@type":"WebSite","@id":"https:\/\/catapa.be\/es\/#website","url":"https:\/\/catapa.be\/es\/","name":"CATAPA vzw","description":"Comit\u00e9 Acad\u00e9mico T\u00e9cnico de Asesoramiento a Problemas Ambientales","publisher":{"@id":"https:\/\/catapa.be\/es\/#organization"},"potentialAction":[{"@type":"SearchAction","target":{"@type":"EntryPoint","urlTemplate":"https:\/\/catapa.be\/es\/?s={search_term_string}"},"query-input":{"@type":"PropertyValueSpecification","valueRequired":true,"valueName":"search_term_string"}}],"inLanguage":"es-ES"},{"@type":"Organization","@id":"https:\/\/catapa.be\/es\/#organization","name":"CATAPA vzw","url":"https:\/\/catapa.be\/es\/","logo":{"@type":"ImageObject","inLanguage":"es-ES","@id":"https:\/\/catapa.be\/es\/#\/schema\/logo\/image\/","url":"https:\/\/i0.wp.com\/catapa.be\/wp-content\/uploads\/2019\/02\/NEW20LOGO20SHORT20PNG1.png?fit=1259%2C1321&ssl=1","contentUrl":"https:\/\/i0.wp.com\/catapa.be\/wp-content\/uploads\/2019\/02\/NEW20LOGO20SHORT20PNG1.png?fit=1259%2C1321&ssl=1","width":1259,"height":1321,"caption":"CATAPA vzw"},"image":{"@id":"https:\/\/catapa.be\/es\/#\/schema\/logo\/image\/"},"sameAs":["https:\/\/www.facebook.com\/catapa.belgium\/","https:\/\/x.com\/CATAPA_Belgica","https:\/\/www.instagram.com\/catapa_vzw\/","https:\/\/be.linkedin.com\/company\/catapavzw","https:\/\/www.youtube.com\/channel\/UCE52-Fiyv-Fpqf2gi1qhf1g"]}]}},"jetpack_sharing_enabled":true,"jetpack_likes_enabled":true,"jetpack-related-posts":[{"id":3005,"url":"https:\/\/catapa.be\/nl\/catapa-vzw-homepagina\/","url_meta":{"origin":2940,"position":0},"title":"Home","author":"Alienor de Sas","date":"20\/05\/2011","format":false,"excerpt":"[vc_row css=\".vc_custom_1698400141878{margin-top: 1px !important;margin-bottom: 1px !important;border-top-width: 0px !important;border-bottom-width: 0px !important;padding-top: 0px !important;padding-bottom: 0px !important;}\"][vc_column width=\"1\/4\"][vc_cta h2=\"Het recht om 'nee' te zeggen\" txt_align=\"center\" shape=\"square\" add_button=\"bottom\" btn_title=\"De campagne\" btn_color=\"orange\" btn_align=\"center\" btn_link=\"url:https%3A%2F%2Fcatapa.be%2Fnl%2Fons-werk%2Fcampagnes%2Fhet-recht-om-nee-te-zeggen%2F|title:Het%20recht%20om%20'nee'%20te%20zeggen\"]We steunen gemeenschappen hun recht om 'nee' te zeggen tegen mijnbouw en het maatschappelijke systeem dat mijnbouw noodzakelijk maakt. In de Andesregio\u2026","rel":"","context":"Entrada similar","block_context":{"text":"Entrada similar","link":""},"img":{"alt_text":"","src":"https:\/\/i0.wp.com\/catapa.be\/wp-content\/uploads\/2023\/10\/Right-to-say-no-250.png?resize=350%2C200&ssl=1","width":350,"height":200},"classes":[]},{"id":701,"url":"https:\/\/catapa.be\/en\/catapa-vzw-homepage\/","url_meta":{"origin":2940,"position":1},"title":"Home","author":"Alienor de Sas","date":"20\/05\/2011","format":false,"excerpt":"[vc_row full_width=\"stretch_row\"][vc_column][vc_cta h2=\"The right to say 'no'\" txt_align=\"center\" shape=\"square\" add_button=\"bottom\" btn_title=\"Support the campaign\" btn_color=\"orange\" btn_align=\"center\" btn_link=\"url:https%3A%2F%2Fcatapa.be%2Fen%2Fhow-we-work%2Fcatapa-campaigns-and-projects%2Fright-to-say-no|title:The%20right%20to%20say%20'no'\"]We support communities' right to say 'no' to mining and the system that makes mining necessary. In the Andes region and here![\/vc_cta][\/vc_column][vc_column css=\".vc_custom_1535376096604{margin-top: 0px !important;margin-bottom: 0px !important;border-top-width: 0px !important;border-bottom-width: 0px !important;padding-top: 0px !important;padding-bottom: 0px !important;}\"][vc_column_text\u2026","rel":"","context":"Entrada similar","block_context":{"text":"Entrada similar","link":""},"img":{"alt_text":"","src":"","width":0,"height":0},"classes":[]},{"id":3007,"url":"https:\/\/catapa.be\/es\/","url_meta":{"origin":2940,"position":2},"title":"Home","author":"Alienor de Sas","date":"20\/05\/2011","format":false,"excerpt":"[vc_row][vc_column][vc_column_text css=\".vc_custom_1550249085836{margin-top: 0px !important;margin-bottom: 0px !important;border-top-width: 0px !important;border-bottom-width: 0px !important;padding-top: 0px !important;padding-bottom: 0px !important;}\"] \u00daltimos art\u00edculos \/ Visita el blog [\/vc_column_text][vc_basic_grid post_type=\"post\" max_items=\"4\" element_width=\"3\" gap=\"15\" item=\"7496\" grid_id=\"vc_gid:1693567007909-e169daf3-b9f0-0\" css=\".vc_custom_1551197336803{margin-top: 0px !important;margin-bottom: 0px !important;border-top-width: 0px !important;border-bottom-width: 0px !important;padding-top: 0px !important;padding-bottom: 0px !important;}\" exclude=\"9207, 9206, 9196, 9224, 7595, 7585\"][vc_wp_text][events per_page=\"3\" show_event_types=\"false\" show_categories=\"false\" show_filters=\"false\"][\/vc_wp_text][\/vc_column][\/vc_row][vc_row\u2026","rel":"","context":"Entrada similar","block_context":{"text":"Entrada similar","link":""},"img":{"alt_text":"","src":"","width":0,"height":0},"classes":[]},{"id":18471,"url":"https:\/\/catapa.be\/en\/welcome-to-catapas-wordpress-workshop\/","url_meta":{"origin":2940,"position":3},"title":"Welcome to CATAPA&#8217;s WordPress Workshop","author":"admin","date":"25\/11\/2020","format":false,"excerpt":"[vc_row full_width=\"stretch_row\" content_placement=\"middle\" css=\".vc_custom_1536679173597{background-color: #009c55 !important;background-position: center !important;background-repeat: no-repeat !important;background-size: cover !important;}\"][vc_column width=\"1\/2\" css=\".vc_custom_1535037681167{padding-top: 0px !important;padding-right: 35px !important;padding-bottom: 0px !important;padding-left: 35px !important;}\"][vc_custom_heading text=\"What do you know about mining?\" font_container=\"tag:h2|font_size:35|text_align:left|color:%23ffffff\" google_fonts=\"font_family:Quicksand%3A300%2Cregular%2C700|font_style:400%20regular%3A400%3Anormal\"][vc_custom_heading text=\"There is an unlimited appetite for resources on a biophysically limited earth. The resource issues will be high on the\u2026","rel":"","context":"Entrada similar","block_context":{"text":"Entrada similar","link":""},"img":{"alt_text":"","src":"https:\/\/i0.wp.com\/catapa.be\/wp-content\/uploads\/2020\/11\/CATAPAs-WordPRess.png?fit=1200%2C547&ssl=1&resize=350%2C200","width":350,"height":200,"srcset":"https:\/\/i0.wp.com\/catapa.be\/wp-content\/uploads\/2020\/11\/CATAPAs-WordPRess.png?fit=1200%2C547&ssl=1&resize=350%2C200 1x, https:\/\/i0.wp.com\/catapa.be\/wp-content\/uploads\/2020\/11\/CATAPAs-WordPRess.png?fit=1200%2C547&ssl=1&resize=525%2C300 1.5x, https:\/\/i0.wp.com\/catapa.be\/wp-content\/uploads\/2020\/11\/CATAPAs-WordPRess.png?fit=1200%2C547&ssl=1&resize=700%2C400 2x, https:\/\/i0.wp.com\/catapa.be\/wp-content\/uploads\/2020\/11\/CATAPAs-WordPRess.png?fit=1200%2C547&ssl=1&resize=1050%2C600 3x"},"classes":[]},{"id":2659,"url":"https:\/\/catapa.be\/en\/about-us\/catapistas\/","url_meta":{"origin":2940,"position":4},"title":"Catapistas","author":"Alienor de Sas","date":"20\/05\/2018","format":false,"excerpt":"[vc_row equal_height=\"yes\" css=\".vc_custom_1535398842996{margin-top: 0px !important;margin-bottom: 0px !important;}\"][vc_column css_animation=\"none\" css=\".vc_custom_1535398905449{margin-top: 0px !important;margin-bottom: 0px !important;}\"][vc_cta h2=\"The Catapistas\" h4=\"We are a group of around 100 volunteers and more than 1000 subscribers. We offer a specific and action-oriented involvement for anyone who is committed to a more sustainable society.\" style=\"custom\" custom_background=\"#009c55\" custom_text=\"#ffffff\"][\/vc_cta][\/vc_column][\/vc_row][vc_row full_width=\"stretch_row\" content_placement=\"middle\"\u2026","rel":"","context":"Entrada similar","block_context":{"text":"Entrada similar","link":""},"img":{"alt_text":"","src":"","width":0,"height":0},"classes":[]},{"id":33785,"url":"https:\/\/catapa.be\/es\/labor\/campanas\/right-to-say-no\/","url_meta":{"origin":2940,"position":5},"title":"Right To Say No","author":"Estefan\u00eda","date":"19\/07\/2023","format":false,"excerpt":"[vc_row css=\".vc_custom_1689176811223{margin-bottom: -25px !important;border-bottom-width: -25px !important;padding-bottom: -25px !important;}\"][vc_column css=\".vc_custom_1689176990469{margin-top: -150px !important;border-top-width: -150px !important;padding-top: -150px !important;}\"][vc_column_text] \u00bfQu\u00e9 es RTSN? Entendemos el Derecho a Decir No como el derecho inalienable y colectivo de una comunidad a decir No a proyectos extractivos en los territorios que habitan. El Derecho a Decir No se\u2026","rel":"","context":"Entrada similar","block_context":{"text":"Entrada similar","link":""},"img":{"alt_text":"","src":"https:\/\/i0.wp.com\/catapa.be\/wp-content\/uploads\/2023\/02\/WhatsApp-Image-2023-01-18-at-15.52.04-300x200.jpeg?resize=350%2C200&ssl=1","width":350,"height":200},"classes":[]}],"_links":{"self":[{"href":"https:\/\/catapa.be\/es\/wp-json\/wp\/v2\/pages\/2940","targetHints":{"allow":["GET"]}}],"collection":[{"href":"https:\/\/catapa.be\/es\/wp-json\/wp\/v2\/pages"}],"about":[{"href":"https:\/\/catapa.be\/es\/wp-json\/wp\/v2\/types\/page"}],"author":[{"embeddable":true,"href":"https:\/\/catapa.be\/es\/wp-json\/wp\/v2\/users\/2"}],"replies":[{"embeddable":true,"href":"https:\/\/catapa.be\/es\/wp-json\/wp\/v2\/comments?post=2940"}],"version-history":[{"count":18,"href":"https:\/\/catapa.be\/es\/wp-json\/wp\/v2\/pages\/2940\/revisions"}],"predecessor-version":[{"id":10283,"href":"https:\/\/catapa.be\/es\/wp-json\/wp\/v2\/pages\/2940\/revisions\/10283"}],"up":[{"embeddable":true,"href":"https:\/\/catapa.be\/es\/wp-json\/wp\/v2\/pages\/2938"}],"wp:attachment":[{"href":"https:\/\/catapa.be\/es\/wp-json\/wp\/v2\/media?parent=2940"}],"curies":[{"name":"wp","href":"https:\/\/api.w.org\/{rel}","templated":true}]}}