{"id":2948,"date":"2017-07-22T00:40:51","date_gmt":"2017-07-21T22:40:51","guid":{"rendered":"http:\/\/catapa.be\/?page_id=2948"},"modified":"2019-09-04T09:44:41","modified_gmt":"2019-09-04T07:44:41","slug":"contacto","status":"publish","type":"page","link":"https:\/\/catapa.be\/es\/sobre-nosotros\/contacto\/","title":{"rendered":"Contacto"},"content":{"rendered":"<div class=\"wpb-content-wrapper\"><p>[vc_row full_width=&#8221;stretch_row_content_no_spaces&#8221; css=&#8221;.vc_custom_1500665013519{padding-bottom: 0px !important;}&#8221;][vc_column]\n        <section class=\"contact-form-wrap\">\n            <div class=\"container\">\n                <div class=\"row\">\n                    <div class=\"col-md-12\">\n\t                                            <div class=\"contact-form\">\n                            <div class=\"row\">\n                                <div class=\"col-xs-12 col-sm-12 col-md-6 contact-option\">\n                                    <div class=\"contact-option_rsp\">\n\t                                    <h3>Escr\u00edbenos<\/h3>                                        <form action=\"\/es\/wp-json\/wp\/v2\/pages\/2948\" method=\"post\" id=\"contactform\">\n                                            <div class=\"form-group\">\n                                                <input class=\"form-control\" placeholder=\"Nombre\" name=\"contact_name\" value=\"\">\n\t                                                                                        <\/div>\n                                            <!-- \/\/ end .form-group -->\n                                            <div class=\"form-group\">\n                                                <input type=\"email\" class=\"form-control\" placeholder=\"Correo electr\u00f3nico\" name=\"contact_email\" value=\"\">\n\t                                                                                        <\/div>\n                                            <!-- \/\/ end .form-group -->\n                                            <div class=\"form-group\">\n                                                <input class=\"form-control\" placeholder=\"Tel\u00e9fono\" name=\"contact_phone\" value=\"\">\n\t                                                                                        <\/div>\n                                            <!-- \/\/ end .form-group -->\n                                            <div class=\"form-group\">\n                                                <textarea placeholder=\"Mensaje\" class=\"form-control\" name=\"contact_message\" rows=\"5\"><\/textarea>\n                                            <\/div>\n                                            <!-- \/\/ end .form-group -->\n                                            <input type=\"hidden\" id=\"contact_form\" name=\"contact_form\" value=\"8d2bea810b\" \/><input type=\"hidden\" name=\"_wp_http_referer\" value=\"\/es\/wp-json\/wp\/v2\/pages\/2948\" \/>                                            <button name=\"contact_submit\" class=\"btn btn-default btn-submit\" id=\"contact-btn\">Enviar<\/button>\n                                        <\/form>\n                                    <\/div>\n                                <\/div>\n                                <div class=\"col-xs-12 col-sm-12 col-md-6\">\n                                    <div class=\"contact-address\">\n                                                                                <h3>Contacto<\/h3>\n                                        \t                                                                            <div class=\"contact-details\">\n                                            <i class=\"fa fa-user\" aria-hidden=\"true\"><\/i>\n\t                                                                                        <h6>Direcci\u00f3n<\/h6>\n\t                                                                                    <p> Koningin Maria Hendrikaplein 5, bus 401 <br> 9000 Gante <br> B\u00e9lgica <\/p>                                        <\/div>\n                                        <br>\n                                                                                                                        <div class=\"contact-details\">\n                                            <i class=\"fa fa-envelope-o\" aria-hidden=\"true\"><\/i>\n\t                                                                                        <h6>Correo electr\u00f3nico<\/h6>\n\t                                        \t                                        <p>info@catapa.be <br>                                        <\/div>\n                                        <br>\n                                                                                                                        <div class=\"contact-details\">\n                                            <i class=\"fa fa-phone\" aria-hidden=\"true\"><\/i>\n\t                                                                                        <h6>Tel\u00e9fono<\/h6>\n\t                                        \t                                        <p>+32 (0)92428755<\/p>                                        <\/div>\n                                                                            <\/div>\n                                <\/div>\n                            <\/div>\n                        <\/div>\n                    <\/div>\n                <\/div>\n                <div class=\"row\">\n                    <div class=\"col-md-12\">\n                        <p class=\"contact-center\">OR<\/p>\n                    <\/div>\n                <\/div>\n            <\/div>\n        <\/section>\n        <!-- Google map will appear here! Edit the Latitude, Longitude and Zoom Level below using data-attr-*  -->\n        <script type=\"text\/javascript\">\n            \/* ================================================\n\t\t\tStyled Google Maps\n\t\t\t================================================ *\/\n            \/\/ Want to customize colors? go to snazzymaps.com\n            function myMap() {\n                var maplat = jQuery('#map').data('lat');\n                var maplon = jQuery('#map').data('lon');\n                var mapzoom = parseInt(jQuery('#map').data('zoom'));\n                \/\/ Styles a map in night mode.\n                var map = new google.maps.Map(document.getElementById('map'), {\n                    center: {lat: maplat, lng: maplon},\n                    zoom: mapzoom,\n                    scrollwheel: false,\n                    styles: [{\n                        \"elementType\": \"geometry\",\n                        \"stylers\": [{\n                            \"color\": \"#f5f5f5\"\n                        }]\n                    }, {\n                        \"elementType\": \"labels.icon\",\n                        \"stylers\": [{\n                            \"visibility\": \"off\"\n                        }]\n                    }, {\n                        \"elementType\": \"labels.text.fill\",\n                        \"stylers\": [{\n                            \"color\": \"#616161\"\n                        }]\n                    }, {\n                        \"elementType\": \"labels.text.stroke\",\n                        \"stylers\": [{\n                            \"color\": \"#f5f5f5\"\n                        }]\n                    }, {\n                        \"featureType\": \"administrative.land_parcel\",\n                        \"elementType\": \"labels.text.fill\",\n                        \"stylers\": [{\n                            \"color\": \"#bdbdbd\"\n                        }]\n                    }, {\n                        \"featureType\": \"poi\",\n                        \"elementType\": \"geometry\",\n                        \"stylers\": [{\n                            \"color\": \"#eeeeee\"\n                        }]\n                    }, {\n                        \"featureType\": \"poi\",\n                        \"elementType\": \"labels.text.fill\",\n                        \"stylers\": [{\n                            \"color\": \"#757575\"\n                        }]\n                    }, {\n                        \"featureType\": \"poi.park\",\n                        \"elementType\": \"geometry\",\n                        \"stylers\": [{\n                            \"color\": \"#e5e5e5\"\n                        }]\n                    }, {\n                        \"featureType\": \"poi.park\",\n                        \"elementType\": \"labels.text.fill\",\n                        \"stylers\": [{\n                            \"color\": \"#9e9e9e\"\n                        }]\n                    }, {\n                        \"featureType\": \"road\",\n                        \"elementType\": \"geometry\",\n                        \"stylers\": [{\n                            \"color\": \"#ffffff\"\n                        }]\n                    }, {\n                        \"featureType\": \"road.arterial\",\n                        \"elementType\": \"labels.text.fill\",\n                        \"stylers\": [{\n                            \"color\": \"#757575\"\n                        }]\n                    }, {\n                        \"featureType\": \"road.highway\",\n                        \"elementType\": \"geometry\",\n                        \"stylers\": [{\n                            \"color\": \"#dadada\"\n                        }]\n                    }, {\n                        \"featureType\": \"road.highway\",\n                        \"elementType\": \"labels.text.fill\",\n                        \"stylers\": [{\n                            \"color\": \"#616161\"\n                        }]\n                    }, {\n                        \"featureType\": \"road.local\",\n                        \"elementType\": \"labels.text.fill\",\n                        \"stylers\": [{\n                            \"color\": \"#9e9e9e\"\n                        }]\n                    }, {\n                        \"featureType\": \"transit.line\",\n                        \"elementType\": \"geometry\",\n                        \"stylers\": [{\n                            \"color\": \"#e5e5e5\"\n                        }]\n                    }, {\n                        \"featureType\": \"transit.station\",\n                        \"elementType\": \"geometry\",\n                        \"stylers\": [{\n                            \"color\": \"#eeeeee\"\n                        }]\n                    }, {\n                        \"featureType\": \"water\",\n                        \"elementType\": \"geometry\",\n                        \"stylers\": [{\n                            \"color\": \"#c9c9c9\"\n                        }]\n                    }, {\n                        \"featureType\": \"water\",\n                        \"elementType\": \"labels.text.fill\",\n                        \"stylers\": [{\n                            \"color\": \"#9e9e9e\"\n                        }]\n                    }]\n                });\n                var marker = new google.maps.Marker({\n                    position: {lat: maplat, lng: maplon},\n                    map: map,\n                    title: 'We are here!'\n                });\n            }\n        <\/script>\n        <div id=\"map\" data-lat=\"51.0370545\" data-lon=\"3.7116981\" data-zoom=\"15\"><\/div>\n                <script src=\"https:\/\/maps.googleapis.com\/maps\/api\/js?callback=myMap&key=AIzaSyCsFC7ENOsBeVGH3DqUWpwr5ZxLYNJores\"><\/script>\n\n\t\t[\/vc_column][\/vc_row]<\/p>\n<\/div>","protected":false},"excerpt":{"rendered":"<p>[vc_row full_width=&#8221;stretch_row_content_no_spaces&#8221; css=&#8221;.vc_custom_1500665013519{padding-bottom: 0px !important;}&#8221;][vc_column][\/vc_column][\/vc_row]<\/p>\n","protected":false},"author":2,"featured_media":0,"parent":2938,"menu_order":4,"comment_status":"closed","ping_status":"closed","template":"","meta":{"_exactmetrics_skip_tracking":false,"_exactmetrics_sitenote_active":false,"_exactmetrics_sitenote_note":"","_exactmetrics_sitenote_category":0,"jetpack_post_was_ever_published":false,"footnotes":""},"class_list":["post-2948","page","type-page","status-publish","hentry"],"yoast_head":"<!-- This site is optimized with the Yoast SEO plugin v26.8 - https:\/\/yoast.com\/product\/yoast-seo-wordpress\/ -->\n<title>Contacto - CATAPA vzw<\/title>\n<meta name=\"robots\" content=\"index, follow, max-snippet:-1, max-image-preview:large, max-video-preview:-1\" \/>\n<link rel=\"canonical\" href=\"https:\/\/catapa.be\/es\/sobre-nosotros\/contacto\/\" \/>\n<meta property=\"og:locale\" content=\"es_ES\" \/>\n<meta property=\"og:type\" content=\"article\" \/>\n<meta property=\"og:title\" content=\"Contacto - CATAPA vzw\" \/>\n<meta property=\"og:description\" content=\"[vc_row full_width=&#8221;stretch_row_content_no_spaces&#8221; css=&#8221;.vc_custom_1500665013519{padding-bottom: 0px !important;}&#8221;][vc_column][\/vc_column][\/vc_row]\" \/>\n<meta property=\"og:url\" content=\"https:\/\/catapa.be\/es\/sobre-nosotros\/contacto\/\" \/>\n<meta property=\"og:site_name\" content=\"CATAPA vzw\" \/>\n<meta property=\"article:publisher\" content=\"https:\/\/www.facebook.com\/catapa.belgium\/\" \/>\n<meta property=\"article:modified_time\" content=\"2019-09-04T07:44:41+00:00\" \/>\n<meta name=\"twitter:card\" content=\"summary_large_image\" \/>\n<meta name=\"twitter:site\" content=\"@CATAPA_Belgica\" \/>\n<script type=\"application\/ld+json\" class=\"yoast-schema-graph\">{\"@context\":\"https:\/\/schema.org\",\"@graph\":[{\"@type\":\"WebPage\",\"@id\":\"https:\/\/catapa.be\/es\/sobre-nosotros\/contacto\/\",\"url\":\"https:\/\/catapa.be\/es\/sobre-nosotros\/contacto\/\",\"name\":\"Contacto - CATAPA vzw\",\"isPartOf\":{\"@id\":\"https:\/\/catapa.be\/es\/#website\"},\"datePublished\":\"2017-07-21T22:40:51+00:00\",\"dateModified\":\"2019-09-04T07:44:41+00:00\",\"breadcrumb\":{\"@id\":\"https:\/\/catapa.be\/es\/sobre-nosotros\/contacto\/#breadcrumb\"},\"inLanguage\":\"es-ES\",\"potentialAction\":[{\"@type\":\"ReadAction\",\"target\":[\"https:\/\/catapa.be\/es\/sobre-nosotros\/contacto\/\"]}]},{\"@type\":\"BreadcrumbList\",\"@id\":\"https:\/\/catapa.be\/es\/sobre-nosotros\/contacto\/#breadcrumb\",\"itemListElement\":[{\"@type\":\"ListItem\",\"position\":1,\"name\":\"Home\",\"item\":\"https:\/\/catapa.be\/es\/\"},{\"@type\":\"ListItem\",\"position\":2,\"name\":\"Sobre CATAPA\",\"item\":\"https:\/\/catapa.be\/es\/sobre-nosotros\/\"},{\"@type\":\"ListItem\",\"position\":3,\"name\":\"Contacto\"}]},{\"@type\":\"WebSite\",\"@id\":\"https:\/\/catapa.be\/es\/#website\",\"url\":\"https:\/\/catapa.be\/es\/\",\"name\":\"CATAPA vzw\",\"description\":\"Comit\u00e9 Acad\u00e9mico T\u00e9cnico de Asesoramiento a Problemas Ambientales\",\"publisher\":{\"@id\":\"https:\/\/catapa.be\/es\/#organization\"},\"potentialAction\":[{\"@type\":\"SearchAction\",\"target\":{\"@type\":\"EntryPoint\",\"urlTemplate\":\"https:\/\/catapa.be\/es\/?s={search_term_string}\"},\"query-input\":{\"@type\":\"PropertyValueSpecification\",\"valueRequired\":true,\"valueName\":\"search_term_string\"}}],\"inLanguage\":\"es-ES\"},{\"@type\":\"Organization\",\"@id\":\"https:\/\/catapa.be\/es\/#organization\",\"name\":\"CATAPA vzw\",\"url\":\"https:\/\/catapa.be\/es\/\",\"logo\":{\"@type\":\"ImageObject\",\"inLanguage\":\"es-ES\",\"@id\":\"https:\/\/catapa.be\/es\/#\/schema\/logo\/image\/\",\"url\":\"https:\/\/i0.wp.com\/catapa.be\/wp-content\/uploads\/2019\/02\/NEW20LOGO20SHORT20PNG1.png?fit=1259%2C1321&ssl=1\",\"contentUrl\":\"https:\/\/i0.wp.com\/catapa.be\/wp-content\/uploads\/2019\/02\/NEW20LOGO20SHORT20PNG1.png?fit=1259%2C1321&ssl=1\",\"width\":1259,\"height\":1321,\"caption\":\"CATAPA vzw\"},\"image\":{\"@id\":\"https:\/\/catapa.be\/es\/#\/schema\/logo\/image\/\"},\"sameAs\":[\"https:\/\/www.facebook.com\/catapa.belgium\/\",\"https:\/\/x.com\/CATAPA_Belgica\",\"https:\/\/www.instagram.com\/catapa_vzw\/\",\"https:\/\/be.linkedin.com\/company\/catapavzw\",\"https:\/\/www.youtube.com\/channel\/UCE52-Fiyv-Fpqf2gi1qhf1g\"]}]}<\/script>\n<!-- \/ Yoast SEO plugin. -->","yoast_head_json":{"title":"Contacto - CATAPA vzw","robots":{"index":"index","follow":"follow","max-snippet":"max-snippet:-1","max-image-preview":"max-image-preview:large","max-video-preview":"max-video-preview:-1"},"canonical":"https:\/\/catapa.be\/es\/sobre-nosotros\/contacto\/","og_locale":"es_ES","og_type":"article","og_title":"Contacto - CATAPA vzw","og_description":"[vc_row full_width=&#8221;stretch_row_content_no_spaces&#8221; css=&#8221;.vc_custom_1500665013519{padding-bottom: 0px !important;}&#8221;][vc_column][\/vc_column][\/vc_row]","og_url":"https:\/\/catapa.be\/es\/sobre-nosotros\/contacto\/","og_site_name":"CATAPA vzw","article_publisher":"https:\/\/www.facebook.com\/catapa.belgium\/","article_modified_time":"2019-09-04T07:44:41+00:00","twitter_card":"summary_large_image","twitter_site":"@CATAPA_Belgica","schema":{"@context":"https:\/\/schema.org","@graph":[{"@type":"WebPage","@id":"https:\/\/catapa.be\/es\/sobre-nosotros\/contacto\/","url":"https:\/\/catapa.be\/es\/sobre-nosotros\/contacto\/","name":"Contacto - CATAPA vzw","isPartOf":{"@id":"https:\/\/catapa.be\/es\/#website"},"datePublished":"2017-07-21T22:40:51+00:00","dateModified":"2019-09-04T07:44:41+00:00","breadcrumb":{"@id":"https:\/\/catapa.be\/es\/sobre-nosotros\/contacto\/#breadcrumb"},"inLanguage":"es-ES","potentialAction":[{"@type":"ReadAction","target":["https:\/\/catapa.be\/es\/sobre-nosotros\/contacto\/"]}]},{"@type":"BreadcrumbList","@id":"https:\/\/catapa.be\/es\/sobre-nosotros\/contacto\/#breadcrumb","itemListElement":[{"@type":"ListItem","position":1,"name":"Home","item":"https:\/\/catapa.be\/es\/"},{"@type":"ListItem","position":2,"name":"Sobre CATAPA","item":"https:\/\/catapa.be\/es\/sobre-nosotros\/"},{"@type":"ListItem","position":3,"name":"Contacto"}]},{"@type":"WebSite","@id":"https:\/\/catapa.be\/es\/#website","url":"https:\/\/catapa.be\/es\/","name":"CATAPA vzw","description":"Comit\u00e9 Acad\u00e9mico T\u00e9cnico de Asesoramiento a Problemas Ambientales","publisher":{"@id":"https:\/\/catapa.be\/es\/#organization"},"potentialAction":[{"@type":"SearchAction","target":{"@type":"EntryPoint","urlTemplate":"https:\/\/catapa.be\/es\/?s={search_term_string}"},"query-input":{"@type":"PropertyValueSpecification","valueRequired":true,"valueName":"search_term_string"}}],"inLanguage":"es-ES"},{"@type":"Organization","@id":"https:\/\/catapa.be\/es\/#organization","name":"CATAPA vzw","url":"https:\/\/catapa.be\/es\/","logo":{"@type":"ImageObject","inLanguage":"es-ES","@id":"https:\/\/catapa.be\/es\/#\/schema\/logo\/image\/","url":"https:\/\/i0.wp.com\/catapa.be\/wp-content\/uploads\/2019\/02\/NEW20LOGO20SHORT20PNG1.png?fit=1259%2C1321&ssl=1","contentUrl":"https:\/\/i0.wp.com\/catapa.be\/wp-content\/uploads\/2019\/02\/NEW20LOGO20SHORT20PNG1.png?fit=1259%2C1321&ssl=1","width":1259,"height":1321,"caption":"CATAPA vzw"},"image":{"@id":"https:\/\/catapa.be\/es\/#\/schema\/logo\/image\/"},"sameAs":["https:\/\/www.facebook.com\/catapa.belgium\/","https:\/\/x.com\/CATAPA_Belgica","https:\/\/www.instagram.com\/catapa_vzw\/","https:\/\/be.linkedin.com\/company\/catapavzw","https:\/\/www.youtube.com\/channel\/UCE52-Fiyv-Fpqf2gi1qhf1g"]}]}},"jetpack_sharing_enabled":true,"jetpack_likes_enabled":true,"jetpack-related-posts":[{"id":2969,"url":"https:\/\/catapa.be\/es\/actua-ahora\/consume-con-consciencia\/","url_meta":{"origin":2948,"position":0},"title":"Consume conscientemente","author":"Alienor de Sas","date":"20\/05\/2018","format":false,"excerpt":"[vc_row equal_height=\"yes\"][vc_column css_animation=\"none\"][vc_cta h2=\"CONSUMIR DE FORMA CONSCIENTE EN 6 PASOS\" h4=\"Oro en el port\u00e1til, plata en el reloj, cobre en los cables el\u00e9ctricos y aluminio en las latas de refresco: la demanda mundial de metales aumenta exponencialmente a expensas de las personas y del medio ambiente. Todos los d\u00edas entramos\u2026","rel":"","context":"Entrada similar","block_context":{"text":"Entrada similar","link":""},"img":{"alt_text":"","src":"https:\/\/i0.wp.com\/catapa.be\/wp-content\/uploads\/2018\/12\/Reuse-Black-Friday-300x225.jpg?resize=350%2C200&ssl=1","width":350,"height":200},"classes":[]},{"id":37426,"url":"https:\/\/catapa.be\/es\/integriteit\/","url_meta":{"origin":2948,"position":1},"title":"Integridad","author":"Koerian","date":"19\/12\/2024","format":false,"excerpt":"[vc_row][vc_column][vc_column_text css=\"\"]Aspiramos a una organizaci\u00f3n libre de cualquier forma de odio, discriminaci\u00f3n, sexismo u otras formas de hostilidad. Para ello, somos conscientes de los sistemas de poder existentes y nos comprometemos activamente a romperlos. Se trata de un proceso que nunca termina. Requiere una vigilancia constante y la voluntad de\u2026","rel":"","context":"Entrada similar","block_context":{"text":"Entrada similar","link":""},"img":{"alt_text":"","src":"","width":0,"height":0},"classes":[]},{"id":9795,"url":"https:\/\/catapa.be\/es\/rgpd-declaracion-de-privacidad-cookies-info\/","url_meta":{"origin":2948,"position":2},"title":"RGPD &#8211; Declaraci\u00f3n de privacidad &#8211; Cookies Info","author":"H\u00e9ctor Cabezudo","date":"19\/02\/2019","format":false,"excerpt":"[vc_row][vc_column][vc_column_text] RGPD - Declaraci\u00f3n de privacidad [\/vc_column_text][vc_column_text]CATAPA vzw otorga gran importancia a la protecci\u00f3n de sus datos personales (y respeta su privacidad). En esta declaraci\u00f3n de privacidad proporcionaremos informaci\u00f3n clara y transparente sobre c\u00f3mo manejamos los datos personales. Hacemos todos los esfuerzos posibles para garantizar su privacidad y, por lo\u2026","rel":"","context":"Entrada similar","block_context":{"text":"Entrada similar","link":""},"img":{"alt_text":"","src":"","width":0,"height":0},"classes":[]},{"id":15092,"url":"https:\/\/catapa.be\/es\/biblioteca-digital\/","url_meta":{"origin":2948,"position":3},"title":"Biblioteca digital","author":"Julie Ballet","date":"03\/07\/2020","format":false,"excerpt":"[vc_row][vc_column][vc_column_text el_id=\"e-library\"]CATAPA dispone de una biblioteca donde puedes prestar libros y art\u00edculos escritos en espa\u00f1ol, ingl\u00e9s, franc\u00e9s y neerland\u00e9s. El tema principal trata la miner\u00eda, pero tambi\u00e9n puedes encontrar temas relacionados con ella: Derechos humanos, migraci\u00f3n, pol\u00edtica Educaci\u00f3n Extractivismo Financias Ind\u00edgenas, aboriginals Medio ambiente, ecolog\u00eda, transici\u00f3n, agua Salud, sustancias t\u00f3xicas\u2026","rel":"","context":"Entrada similar","block_context":{"text":"Entrada similar","link":""},"img":{"alt_text":"","src":"","width":0,"height":0},"classes":[]},{"id":20579,"url":"https:\/\/catapa.be\/es\/actua-ahora\/hazte-miembro\/","url_meta":{"origin":2948,"position":4},"title":"\u00a1Hazte miembro!","author":"Alberto V\u00e1zquez Ruiz","date":"30\/03\/2021","format":false,"excerpt":"[vc_row][vc_column][vc_column_text] La Asamblea General de CATAPA La Asamblea General (AG) es el m\u00e1ximo \u00f3rgano de toma de decisiones de una organizaci\u00f3n sin fines de lucro. La AG est\u00e1 formada por quienes tengan membres\u00eda dentro de CATAPA. La membres\u00eda implica un derecho de voto igual dentro de la AG. Cada nueva\u2026","rel":"","context":"Entrada similar","block_context":{"text":"Entrada similar","link":""},"img":{"alt_text":"","src":"","width":0,"height":0},"classes":[]},{"id":2952,"url":"https:\/\/catapa.be\/es\/sobre-nosotros\/nuestra-historia\/","url_meta":{"origin":2948,"position":5},"title":"Nuestra historia","author":"Alienor de Sas","date":"20\/05\/2018","format":false,"excerpt":"[vc_row full_width=\"stretch_row\" content_placement=\"middle\"][vc_column][vc_cta h2=\"Desde BelBol hasta...\" h4=\"...un movimiento horizontal con organizaciones asociadas en Per\u00fa, Colombia, Ecuador y Bolivia; y con muchos proyectos en marcha en Flandes, Europa y en Am\u00e9rica Latina.\" style=\"custom\" custom_background=\"#01a053\" custom_text=\"#ffffff\"][\/vc_cta][\/vc_column][\/vc_row][vc_row full_width=\"stretch_row\" equal_height=\"yes\" css=\".vc_custom_1535455217709{background-color: #f7f7f7 !important;}\" el_id=\"table-of-contents\"][vc_column css_animation=\"none\" width=\"1\/2\"][vc_column_text css=\".vc_custom_1653737512501{padding-left: 50px !important;}\"] \u00cdndice 2003-2007: desde BelBol hasta\u2026","rel":"","context":"Entrada similar","block_context":{"text":"Entrada similar","link":""},"img":{"alt_text":"","src":"https:\/\/i0.wp.com\/catapa.be\/wp-content\/uploads\/2019\/01\/mining-in-paradise-300x300.png?resize=350%2C200&ssl=1","width":350,"height":200},"classes":[]}],"_links":{"self":[{"href":"https:\/\/catapa.be\/es\/wp-json\/wp\/v2\/pages\/2948","targetHints":{"allow":["GET"]}}],"collection":[{"href":"https:\/\/catapa.be\/es\/wp-json\/wp\/v2\/pages"}],"about":[{"href":"https:\/\/catapa.be\/es\/wp-json\/wp\/v2\/types\/page"}],"author":[{"embeddable":true,"href":"https:\/\/catapa.be\/es\/wp-json\/wp\/v2\/users\/2"}],"replies":[{"embeddable":true,"href":"https:\/\/catapa.be\/es\/wp-json\/wp\/v2\/comments?post=2948"}],"version-history":[{"count":6,"href":"https:\/\/catapa.be\/es\/wp-json\/wp\/v2\/pages\/2948\/revisions"}],"predecessor-version":[{"id":11810,"href":"https:\/\/catapa.be\/es\/wp-json\/wp\/v2\/pages\/2948\/revisions\/11810"}],"up":[{"embeddable":true,"href":"https:\/\/catapa.be\/es\/wp-json\/wp\/v2\/pages\/2938"}],"wp:attachment":[{"href":"https:\/\/catapa.be\/es\/wp-json\/wp\/v2\/media?parent=2948"}],"curies":[{"name":"wp","href":"https:\/\/api.w.org\/{rel}","templated":true}]}}