{"id":2955,"date":"2018-05-20T08:56:28","date_gmt":"2018-05-20T06:56:28","guid":{"rendered":"http:\/\/catapa.be\/?page_id=2955"},"modified":"2020-07-02T13:46:02","modified_gmt":"2020-07-02T11:46:02","slug":"vision-y-mision","status":"publish","type":"page","link":"https:\/\/catapa.be\/es\/sobre-nosotros\/vision-y-mision\/","title":{"rendered":"Visi\u00f3n y Misi\u00f3n"},"content":{"rendered":"<div class=\"wpb-content-wrapper\"><p>[vc_row css=&#8221;.vc_custom_1533807373745{margin-top: -50px !important;margin-bottom: 50px !important;}&#8221;][vc_column][vc_cta h2=&#8221;CATAPA aspira&#8230;&#8221; h4=&#8221;\u2026 a un mundo en el que la extracci\u00f3n de materias primas no renovables ya no sea necesaria, apostando por una transici\u00f3n hacia un modelo que desmina, decrece, y mueve.&#8221; style=&#8221;custom&#8221; css_animation=&#8221;none&#8221; custom_background=&#8221;#01a053&#8243; custom_text=&#8221;#ffffff&#8221;][\/vc_cta][\/vc_column][\/vc_row][vc_row full_width=&#8221;stretch_row&#8221; content_placement=&#8221;middle&#8221; css=&#8221;.vc_custom_1533808586582{margin-top: -100px !important;background-color: #f7f7f7 !important;}&#8221;][vc_column][vc_custom_heading text=&#8221;CATAPA DESMINA&#8221; font_container=&#8221;tag:h2|text_align:center&#8221; google_fonts=&#8221;font_family:Quicksand%3A300%2Cregular%2C700|font_style:400%20regular%3A400%3Anormal&#8221;][vc_empty_space height=&#8221;10px&#8221;][vc_column_text]<\/p>\n<p style=\"text-align: justify;\"><span style=\"font-weight: 400;\">En su lucha por una sociedad justa, en la que los seres humanos y la naturaleza conviven en equilibrio, CATAPA se enfoca en el impacto de la <strong>miner\u00eda<\/strong>.\u00a0<\/span><\/p>\n<p style=\"text-align: justify;\"><span style=\"font-weight: 400;\">La extracci\u00f3n de materias primas no renovables siempre va acompa\u00f1ada de un impacto social y ecol\u00f3gico y genera conflictos.<\/span><\/p>\n<p style=\"text-align: justify;\"><span style=\"font-weight: 400;\">Para alcanzar ese mundo justo, CATAPA, por un lado, denuncia la injusticia relacionada con la miner\u00eda y, por otro, busca activamente alternativas a esta.<\/span><\/p>\n<p style=\"text-align: justify;\"><span style=\"font-weight: 400;\">CATAPA contribuye activamente a la mitigaci\u00f3n tanto del calentamiento global como de la p\u00e9rdida de biodiversidad, pues la extracci\u00f3n de materias primas como minerales y combustibles es responsable de una gran parte de las emisiones de di\u00f3xido de carbono<\/span> <span style=\"font-weight: 400;\">y de la p\u00e9rdida de biodiversidad en el planeta.<\/span><\/p>\n<p style=\"text-align: justify;\"><span style=\"font-weight: 400;\">En general CATAPA lucha por un modelo en que las materias primas no renovables permanezcan donde pertenecen: en la tierra.<\/span><\/p>\n<p>[\/vc_column_text][vc_btn title=&#8221;Las soluciones al problema de las materias primas allanan el camino hacia un mundo justo.&#8221; style=&#8221;custom&#8221; custom_background=&#8221;#009c55&#8243; custom_text=&#8221;#ffffff&#8221; shape=&#8221;square&#8221; align=&#8221;center&#8221; css=&#8221;.vc_custom_1593595762249{background-color: #009c55 !important;}&#8221;][vc_empty_space][vc_empty_space][vc_custom_heading text=&#8221;CATAPA DECRECE&#8221; font_container=&#8221;tag:h2|text_align:center&#8221; google_fonts=&#8221;font_family:Quicksand%3A300%2Cregular%2C700|font_style:400%20regular%3A400%3Anormal&#8221;][vc_empty_space height=&#8221;10px&#8221;][vc_column_text]<\/p>\n<p style=\"text-align: justify;\"><span style=\"font-weight: 400;\">Los seres humanos est\u00e1n alcanzando los l\u00edmites naturales del planeta. La actual econom\u00eda del crecimiento se basa en una demanda imparable y un hambre insaciable de materias primas no renovables, un modelo irreconciliable con los l\u00edmites f\u00edsicos del planeta. Las relaciones de poder desequilibradas ponen tanto las relaciones interpersonales como las relaciones entre las personas y el medio ambiente bajo una presi\u00f3n permanente.<\/span><\/p>\n<p style=\"text-align: justify;\"><span style=\"font-weight: 400;\">CATAPA es una fuerza impulsora en la transici\u00f3n hacia un sistema econ\u00f3mico de <\/span><em>decrecimiento<\/em><span style=\"font-weight: 400;\">, sobrepasando la econom\u00eda basada en el crecimiento, con el fin de lograr una sociedad m\u00e1s consciente y m\u00e1s modesta para as\u00ed reducir el uso de nuevas materias primas. Esta econom\u00eda est\u00e1 en funci\u00f3n de la justicia social y ecol\u00f3gica.<\/span><\/p>\n<p style=\"text-align: justify;\"><span style=\"font-weight: 400;\">Las empresas, los pol\u00edticos, los banqueros, los consumidores, los acad\u00e9micos, y la sociedad civil tienen una responsabilidad com\u00fan. La oferta y la demanda deben ajustarse a la capacidad de carga de nuestro planeta y al bienestar de todas las personas.<\/span><\/p>\n<p style=\"text-align: justify;\"><span style=\"font-weight: 400;\">La transici\u00f3n hacia un sistema de <em><strong>decrecimiento<\/strong> <\/em>ser\u00e1 social y justa o no ser\u00e1.<\/span><\/p>\n<p>[\/vc_column_text][vc_btn title=&#8221;El crecimiento ilimitado va en contra de la realidad de un planeta finito.&#8221; style=&#8221;custom&#8221; custom_background=&#8221;#009c55&#8243; custom_text=&#8221;#ffffff&#8221; shape=&#8221;square&#8221; align=&#8221;center&#8221;][vc_empty_space][vc_empty_space][vc_custom_heading text=&#8221;CATAPA MUEVE&#8221; font_container=&#8221;tag:h2|text_align:center&#8221; google_fonts=&#8221;font_family:Quicksand%3A300%2Cregular%2C700|font_style:400%20regular%3A400%3Anormal&#8221;][vc_empty_space height=&#8221;10px&#8221;][vc_column_text]<\/p>\n<p style=\"text-align: justify;\"><span style=\"font-weight: 400;\">CATAPA es un movimiento que encarna la transformaci\u00f3n hacia la justicia social y ecol\u00f3gica entre y dentro de las sociedades.<\/span><\/p>\n<p style=\"text-align: justify;\"><span style=\"font-weight: 400;\">CATAPA construye alianzas con varios movimientos alrededor del mundo que unen las luchas locales, nacionales y mundiales. Es desde esta conexi\u00f3n y solidaridad mundial que el cambio previsto tendr\u00e1 lugar. Una fuerte conexi\u00f3n con Am\u00e9rica Latina forma parte del\u00a0 ADN de CATAPA.<\/span><\/p>\n<p style=\"text-align: justify;\"><span style=\"font-weight: 400;\">CATAPA participa en <strong>asociaciones mundiales<\/strong> para dar voz a los defensores de los derechos humanos, para protegerlos y fortalecerlos. A su vez tambi\u00e9n lucha por un mundo libre de todas las formas de dominaci\u00f3n y explotaci\u00f3n, como el neoliberalismo, el neoextractivismo, el neocolonialismo, el militarismo, etc. En este mundo, el derecho a la autodeterminaci\u00f3n est\u00e1 garantizado, tambi\u00e9n para las comunidades que se ven enfrentadas con estas formas de opresi\u00f3n.<\/span><\/p>\n<p style=\"text-align: justify;\"><span style=\"font-weight: 400;\">Mediante enfoques y soluciones creativas a los problemas sociales relacionados con la miner\u00eda y mediante campa\u00f1as vibrantes, CATAPA quiere aumentar la ciudadan\u00eda cr\u00edtica y activa de manera pac\u00edfica.<\/span><\/p>\n<p style=\"text-align: justify;\"><span style=\"font-weight: 400;\">CATAPA como movimiento tiene una estructura horizontal y un fuerte car\u00e1cter voluntario y din\u00e1mico.<\/span><\/p>\n<p>[\/vc_column_text][vc_btn title=&#8221;CATAPA forma parte de un movimiento mundial que lucha por la justicia social y ambiental.&#8221; style=&#8221;custom&#8221; custom_background=&#8221;#009c55&#8243; custom_text=&#8221;#ffffff&#8221; shape=&#8221;square&#8221; align=&#8221;center&#8221;][\/vc_column][\/vc_row]<\/p>\n<\/div>","protected":false},"excerpt":{"rendered":"<p>[vc_row css=&#8221;.vc_custom_1533807373745{margin-top: -50px !important;margin-bottom: 50px !important;}&#8221;][vc_column][vc_cta h2=&#8221;CATAPA aspira&#8230;&#8221; h4=&#8221;\u2026 a un mundo en el que la extracci\u00f3n de materias primas no renovables ya no sea necesaria, apostando por una transici\u00f3n hacia un modelo que desmina,<br \/><a class=\"read-more\" href=\"https:\/\/catapa.be\/es\/sobre-nosotros\/vision-y-mision\/\">Read More<\/a><\/p>\n","protected":false},"author":2,"featured_media":0,"parent":2938,"menu_order":1,"comment_status":"closed","ping_status":"closed","template":"","meta":{"_exactmetrics_skip_tracking":false,"_exactmetrics_sitenote_active":false,"_exactmetrics_sitenote_note":"","_exactmetrics_sitenote_category":0,"jetpack_post_was_ever_published":false,"footnotes":""},"class_list":["post-2955","page","type-page","status-publish","hentry"],"yoast_head":"<!-- This site is optimized with the Yoast SEO plugin v26.8 - https:\/\/yoast.com\/product\/yoast-seo-wordpress\/ -->\n<title>Visi\u00f3n y Misi\u00f3n - CATAPA vzw<\/title>\n<meta name=\"robots\" content=\"index, follow, max-snippet:-1, max-image-preview:large, max-video-preview:-1\" \/>\n<link rel=\"canonical\" href=\"https:\/\/catapa.be\/es\/sobre-nosotros\/vision-y-mision\/\" \/>\n<meta property=\"og:locale\" content=\"es_ES\" \/>\n<meta property=\"og:type\" content=\"article\" \/>\n<meta property=\"og:title\" content=\"Visi\u00f3n y Misi\u00f3n - CATAPA vzw\" \/>\n<meta property=\"og:description\" content=\"[vc_row css=&#8221;.vc_custom_1533807373745{margin-top: -50px !important;margin-bottom: 50px !important;}&#8221;][vc_column][vc_cta h2=&#8221;CATAPA aspira&#8230;&#8221; h4=&#8221;\u2026 a un mundo en el que la extracci\u00f3n de materias primas no renovables ya no sea necesaria, apostando por una transici\u00f3n hacia un modelo que desmina,Read More\" \/>\n<meta property=\"og:url\" content=\"https:\/\/catapa.be\/es\/sobre-nosotros\/vision-y-mision\/\" \/>\n<meta property=\"og:site_name\" content=\"CATAPA vzw\" \/>\n<meta property=\"article:publisher\" content=\"https:\/\/www.facebook.com\/catapa.belgium\/\" \/>\n<meta property=\"article:modified_time\" content=\"2020-07-02T11:46:02+00:00\" \/>\n<meta name=\"twitter:card\" content=\"summary_large_image\" \/>\n<meta name=\"twitter:site\" content=\"@CATAPA_Belgica\" \/>\n<meta name=\"twitter:label1\" content=\"Tiempo de lectura\" \/>\n\t<meta name=\"twitter:data1\" content=\"4 minutes\" \/>\n<script type=\"application\/ld+json\" class=\"yoast-schema-graph\">{\"@context\":\"https:\/\/schema.org\",\"@graph\":[{\"@type\":\"WebPage\",\"@id\":\"https:\/\/catapa.be\/es\/sobre-nosotros\/vision-y-mision\/\",\"url\":\"https:\/\/catapa.be\/es\/sobre-nosotros\/vision-y-mision\/\",\"name\":\"Visi\u00f3n y Misi\u00f3n - CATAPA vzw\",\"isPartOf\":{\"@id\":\"https:\/\/catapa.be\/es\/#website\"},\"datePublished\":\"2018-05-20T06:56:28+00:00\",\"dateModified\":\"2020-07-02T11:46:02+00:00\",\"breadcrumb\":{\"@id\":\"https:\/\/catapa.be\/es\/sobre-nosotros\/vision-y-mision\/#breadcrumb\"},\"inLanguage\":\"es-ES\",\"potentialAction\":[{\"@type\":\"ReadAction\",\"target\":[\"https:\/\/catapa.be\/es\/sobre-nosotros\/vision-y-mision\/\"]}]},{\"@type\":\"BreadcrumbList\",\"@id\":\"https:\/\/catapa.be\/es\/sobre-nosotros\/vision-y-mision\/#breadcrumb\",\"itemListElement\":[{\"@type\":\"ListItem\",\"position\":1,\"name\":\"Home\",\"item\":\"https:\/\/catapa.be\/es\/\"},{\"@type\":\"ListItem\",\"position\":2,\"name\":\"Sobre CATAPA\",\"item\":\"https:\/\/catapa.be\/es\/sobre-nosotros\/\"},{\"@type\":\"ListItem\",\"position\":3,\"name\":\"Visi\u00f3n y Misi\u00f3n\"}]},{\"@type\":\"WebSite\",\"@id\":\"https:\/\/catapa.be\/es\/#website\",\"url\":\"https:\/\/catapa.be\/es\/\",\"name\":\"CATAPA vzw\",\"description\":\"Comit\u00e9 Acad\u00e9mico T\u00e9cnico de Asesoramiento a Problemas Ambientales\",\"publisher\":{\"@id\":\"https:\/\/catapa.be\/es\/#organization\"},\"potentialAction\":[{\"@type\":\"SearchAction\",\"target\":{\"@type\":\"EntryPoint\",\"urlTemplate\":\"https:\/\/catapa.be\/es\/?s={search_term_string}\"},\"query-input\":{\"@type\":\"PropertyValueSpecification\",\"valueRequired\":true,\"valueName\":\"search_term_string\"}}],\"inLanguage\":\"es-ES\"},{\"@type\":\"Organization\",\"@id\":\"https:\/\/catapa.be\/es\/#organization\",\"name\":\"CATAPA vzw\",\"url\":\"https:\/\/catapa.be\/es\/\",\"logo\":{\"@type\":\"ImageObject\",\"inLanguage\":\"es-ES\",\"@id\":\"https:\/\/catapa.be\/es\/#\/schema\/logo\/image\/\",\"url\":\"https:\/\/i0.wp.com\/catapa.be\/wp-content\/uploads\/2019\/02\/NEW20LOGO20SHORT20PNG1.png?fit=1259%2C1321&ssl=1\",\"contentUrl\":\"https:\/\/i0.wp.com\/catapa.be\/wp-content\/uploads\/2019\/02\/NEW20LOGO20SHORT20PNG1.png?fit=1259%2C1321&ssl=1\",\"width\":1259,\"height\":1321,\"caption\":\"CATAPA vzw\"},\"image\":{\"@id\":\"https:\/\/catapa.be\/es\/#\/schema\/logo\/image\/\"},\"sameAs\":[\"https:\/\/www.facebook.com\/catapa.belgium\/\",\"https:\/\/x.com\/CATAPA_Belgica\",\"https:\/\/www.instagram.com\/catapa_vzw\/\",\"https:\/\/be.linkedin.com\/company\/catapavzw\",\"https:\/\/www.youtube.com\/channel\/UCE52-Fiyv-Fpqf2gi1qhf1g\"]}]}<\/script>\n<!-- \/ Yoast SEO plugin. -->","yoast_head_json":{"title":"Visi\u00f3n y Misi\u00f3n - CATAPA vzw","robots":{"index":"index","follow":"follow","max-snippet":"max-snippet:-1","max-image-preview":"max-image-preview:large","max-video-preview":"max-video-preview:-1"},"canonical":"https:\/\/catapa.be\/es\/sobre-nosotros\/vision-y-mision\/","og_locale":"es_ES","og_type":"article","og_title":"Visi\u00f3n y Misi\u00f3n - CATAPA vzw","og_description":"[vc_row css=&#8221;.vc_custom_1533807373745{margin-top: -50px !important;margin-bottom: 50px !important;}&#8221;][vc_column][vc_cta h2=&#8221;CATAPA aspira&#8230;&#8221; h4=&#8221;\u2026 a un mundo en el que la extracci\u00f3n de materias primas no renovables ya no sea necesaria, apostando por una transici\u00f3n hacia un modelo que desmina,Read More","og_url":"https:\/\/catapa.be\/es\/sobre-nosotros\/vision-y-mision\/","og_site_name":"CATAPA vzw","article_publisher":"https:\/\/www.facebook.com\/catapa.belgium\/","article_modified_time":"2020-07-02T11:46:02+00:00","twitter_card":"summary_large_image","twitter_site":"@CATAPA_Belgica","twitter_misc":{"Tiempo de lectura":"4 minutes"},"schema":{"@context":"https:\/\/schema.org","@graph":[{"@type":"WebPage","@id":"https:\/\/catapa.be\/es\/sobre-nosotros\/vision-y-mision\/","url":"https:\/\/catapa.be\/es\/sobre-nosotros\/vision-y-mision\/","name":"Visi\u00f3n y Misi\u00f3n - CATAPA vzw","isPartOf":{"@id":"https:\/\/catapa.be\/es\/#website"},"datePublished":"2018-05-20T06:56:28+00:00","dateModified":"2020-07-02T11:46:02+00:00","breadcrumb":{"@id":"https:\/\/catapa.be\/es\/sobre-nosotros\/vision-y-mision\/#breadcrumb"},"inLanguage":"es-ES","potentialAction":[{"@type":"ReadAction","target":["https:\/\/catapa.be\/es\/sobre-nosotros\/vision-y-mision\/"]}]},{"@type":"BreadcrumbList","@id":"https:\/\/catapa.be\/es\/sobre-nosotros\/vision-y-mision\/#breadcrumb","itemListElement":[{"@type":"ListItem","position":1,"name":"Home","item":"https:\/\/catapa.be\/es\/"},{"@type":"ListItem","position":2,"name":"Sobre CATAPA","item":"https:\/\/catapa.be\/es\/sobre-nosotros\/"},{"@type":"ListItem","position":3,"name":"Visi\u00f3n y Misi\u00f3n"}]},{"@type":"WebSite","@id":"https:\/\/catapa.be\/es\/#website","url":"https:\/\/catapa.be\/es\/","name":"CATAPA vzw","description":"Comit\u00e9 Acad\u00e9mico T\u00e9cnico de Asesoramiento a Problemas Ambientales","publisher":{"@id":"https:\/\/catapa.be\/es\/#organization"},"potentialAction":[{"@type":"SearchAction","target":{"@type":"EntryPoint","urlTemplate":"https:\/\/catapa.be\/es\/?s={search_term_string}"},"query-input":{"@type":"PropertyValueSpecification","valueRequired":true,"valueName":"search_term_string"}}],"inLanguage":"es-ES"},{"@type":"Organization","@id":"https:\/\/catapa.be\/es\/#organization","name":"CATAPA vzw","url":"https:\/\/catapa.be\/es\/","logo":{"@type":"ImageObject","inLanguage":"es-ES","@id":"https:\/\/catapa.be\/es\/#\/schema\/logo\/image\/","url":"https:\/\/i0.wp.com\/catapa.be\/wp-content\/uploads\/2019\/02\/NEW20LOGO20SHORT20PNG1.png?fit=1259%2C1321&ssl=1","contentUrl":"https:\/\/i0.wp.com\/catapa.be\/wp-content\/uploads\/2019\/02\/NEW20LOGO20SHORT20PNG1.png?fit=1259%2C1321&ssl=1","width":1259,"height":1321,"caption":"CATAPA vzw"},"image":{"@id":"https:\/\/catapa.be\/es\/#\/schema\/logo\/image\/"},"sameAs":["https:\/\/www.facebook.com\/catapa.belgium\/","https:\/\/x.com\/CATAPA_Belgica","https:\/\/www.instagram.com\/catapa_vzw\/","https:\/\/be.linkedin.com\/company\/catapavzw","https:\/\/www.youtube.com\/channel\/UCE52-Fiyv-Fpqf2gi1qhf1g"]}]}},"jetpack_sharing_enabled":true,"jetpack_likes_enabled":true,"jetpack-related-posts":[{"id":2940,"url":"https:\/\/catapa.be\/es\/sobre-nosotros\/catapistas\/","url_meta":{"origin":2955,"position":0},"title":"Catapistas","author":"Alienor de Sas","date":"20\/05\/2018","format":false,"excerpt":"[vc_row equal_height=\"yes\" css=\".vc_custom_1535399346438{margin-top: 0px !important;margin-bottom: 0px !important;}\"][vc_column css_animation=\"none\" css=\".vc_custom_1535399353662{margin-top: 0px !important;margin-bottom: 0px !important;}\"][vc_cta h2=\"Los Catapistas\" h4=\"Somos unos 100 j\u00f3venes voluntarios y m\u00e1s de 1000 simpatizantes. Ofrecemos un compromiso concreto y orientado hacia la acci\u00f3n para quienes est\u00e1n comprometidos con un mundo sostenible.\" style=\"custom\" custom_background=\"#01a053\" custom_text=\"#ffffff\"][\/vc_cta][\/vc_column][\/vc_row][vc_row full_width=\"stretch_row\" content_placement=\"middle\" css=\".vc_custom_1535399374493{margin-top: 0px !important;margin-bottom:\u2026","rel":"","context":"Entrada similar","block_context":{"text":"Entrada similar","link":""},"img":{"alt_text":"","src":"","width":0,"height":0},"classes":[]},{"id":33785,"url":"https:\/\/catapa.be\/es\/labor\/campanas\/right-to-say-no\/","url_meta":{"origin":2955,"position":1},"title":"Right To Say No","author":"Estefan\u00eda","date":"19\/07\/2023","format":false,"excerpt":"[vc_row css=\".vc_custom_1689176811223{margin-bottom: -25px !important;border-bottom-width: -25px !important;padding-bottom: -25px !important;}\"][vc_column css=\".vc_custom_1689176990469{margin-top: -150px !important;border-top-width: -150px !important;padding-top: -150px !important;}\"][vc_column_text] \u00bfQu\u00e9 es RTSN? Entendemos el Derecho a Decir No como el derecho inalienable y colectivo de una comunidad a decir No a proyectos extractivos en los territorios que habitan. El Derecho a Decir No se\u2026","rel":"","context":"Entrada similar","block_context":{"text":"Entrada similar","link":""},"img":{"alt_text":"","src":"https:\/\/i0.wp.com\/catapa.be\/wp-content\/uploads\/2023\/02\/WhatsApp-Image-2023-01-18-at-15.52.04-300x200.jpeg?resize=350%2C200&ssl=1","width":350,"height":200},"classes":[]},{"id":2944,"url":"https:\/\/catapa.be\/nl\/over-ons\/catapistas\/","url_meta":{"origin":2955,"position":2},"title":"Catapistas","author":"Alienor de Sas","date":"20\/05\/2018","format":false,"excerpt":"[vc_row equal_height=\"yes\" css=\".vc_custom_1535399082269{margin-top: 0px !important;margin-bottom: 0px !important;}\"][vc_column css_animation=\"none\" css=\".vc_custom_1535399089494{margin-top: 0px !important;margin-bottom: 0px !important;}\"][vc_cta h2=\"De Catapistas\" h4=\"We zijn met een 100-tal jonge vrijwilligers en meer dan 1000 ge\u00efnteresseerden. We bieden een concreet en actiegericht engagement aan iedereen die zich wil inzetten voor een duurzame samenleving.\" style=\"custom\" custom_background=\"#01a053\" custom_text=\"#ffffff\"][\/vc_cta][\/vc_column][\/vc_row][vc_row full_width=\"stretch_row\" content_placement=\"middle\" css=\".vc_custom_1535399100609{margin-top:\u2026","rel":"","context":"Entrada similar","block_context":{"text":"Entrada similar","link":""},"img":{"alt_text":"","src":"","width":0,"height":0},"classes":[]},{"id":2979,"url":"https:\/\/catapa.be\/es\/actua-ahora\/dona-ahora\/","url_meta":{"origin":2955,"position":3},"title":"Dona ahora","author":"Alienor de Sas","date":"20\/05\/2018","format":false,"excerpt":"[vc_row equal_height=\"yes\"][vc_column css_animation=\"none\"][vc_cta h2=\"Colabora con CATAPA\" h4=\"CATAPA es un movimiento cr\u00edtico y tenaz, en constante crecimiento, que se atreve a luchar por un planeta m\u00e1s sostenible y justo. Desde CATAPA apoyamos sociedades en Latinoam\u00e9rica que se encuentran amenazadas por proyectos mineros masivos y por el impacto social y ecol\u00f3gico de\u2026","rel":"","context":"Entrada similar","block_context":{"text":"Entrada similar","link":""},"img":{"alt_text":"","src":"","width":0,"height":0},"classes":[]},{"id":2659,"url":"https:\/\/catapa.be\/en\/about-us\/catapistas\/","url_meta":{"origin":2955,"position":4},"title":"Catapistas","author":"Alienor de Sas","date":"20\/05\/2018","format":false,"excerpt":"[vc_row equal_height=\"yes\" css=\".vc_custom_1535398842996{margin-top: 0px !important;margin-bottom: 0px !important;}\"][vc_column css_animation=\"none\" css=\".vc_custom_1535398905449{margin-top: 0px !important;margin-bottom: 0px !important;}\"][vc_cta h2=\"The Catapistas\" h4=\"We are a group of around 100 volunteers and more than 1000 subscribers. We offer a specific and action-oriented involvement for anyone who is committed to a more sustainable society.\" style=\"custom\" custom_background=\"#009c55\" custom_text=\"#ffffff\"][\/vc_cta][\/vc_column][\/vc_row][vc_row full_width=\"stretch_row\" content_placement=\"middle\"\u2026","rel":"","context":"Entrada similar","block_context":{"text":"Entrada similar","link":""},"img":{"alt_text":"","src":"","width":0,"height":0},"classes":[]},{"id":3052,"url":"https:\/\/catapa.be\/es\/actua-ahora\/ponencias-y-talleres\/","url_meta":{"origin":2955,"position":5},"title":"Talleres","author":"Alienor de Sas","date":"23\/05\/2018","format":false,"excerpt":"[vc_row][vc_column][vc_cta h2=\"Resumen de talleres CATAPA\" style=\"custom\" custom_background=\"#009c55\" custom_text=\"#ffffff\"][\/vc_cta][vc_tta_tour][vc_tta_section title=\"Los l\u00edmites del crecimiento\" tab_id=\"1622664968691-cabd0016-57d7\"][vc_custom_heading text=\"Los l\u00edmites del crecimiento\" font_container=\"tag:h2|font_size:20|text_align:center\" google_fonts=\"font_family:Quicksand%3A300%2Cregular%2C700|font_style:700%20bold%20regular%3A700%3Anormal\"][vc_cta h2=\"\" shape=\"square\" add_icon=\"left\" i_icon_fontawesome=\"fa fa-info\" i_color=\"custom\" i_size=\"lg\" i_custom_color=\"#009c55\"]Orientado a mayores de 18 a\u00f1os Duraci\u00f3n: 2-3 horas (se puede adaptar seg\u00fan las necesidades) Tama\u00f1o del grupo: 15-25 personas Idioma: Neerland\u00e9s o ingl\u00e9s\u2026","rel":"","context":"Entrada similar","block_context":{"text":"Entrada similar","link":""},"img":{"alt_text":"","src":"https:\/\/i2.wp.com\/catapa.be\/wp-content\/uploads\/2021\/06\/unnamed-1.png?resize=350%2C200&ssl=1","width":350,"height":200},"classes":[]}],"_links":{"self":[{"href":"https:\/\/catapa.be\/es\/wp-json\/wp\/v2\/pages\/2955","targetHints":{"allow":["GET"]}}],"collection":[{"href":"https:\/\/catapa.be\/es\/wp-json\/wp\/v2\/pages"}],"about":[{"href":"https:\/\/catapa.be\/es\/wp-json\/wp\/v2\/types\/page"}],"author":[{"embeddable":true,"href":"https:\/\/catapa.be\/es\/wp-json\/wp\/v2\/users\/2"}],"replies":[{"embeddable":true,"href":"https:\/\/catapa.be\/es\/wp-json\/wp\/v2\/comments?post=2955"}],"version-history":[{"count":13,"href":"https:\/\/catapa.be\/es\/wp-json\/wp\/v2\/pages\/2955\/revisions"}],"predecessor-version":[{"id":15064,"href":"https:\/\/catapa.be\/es\/wp-json\/wp\/v2\/pages\/2955\/revisions\/15064"}],"up":[{"embeddable":true,"href":"https:\/\/catapa.be\/es\/wp-json\/wp\/v2\/pages\/2938"}],"wp:attachment":[{"href":"https:\/\/catapa.be\/es\/wp-json\/wp\/v2\/media?parent=2955"}],"curies":[{"name":"wp","href":"https:\/\/api.w.org\/{rel}","templated":true}]}}