{"id":2959,"date":"2018-06-25T12:12:55","date_gmt":"2018-06-25T12:12:55","guid":{"rendered":"http:\/\/catapa.be\/?page_id=2959"},"modified":"2018-06-25T12:24:39","modified_gmt":"2018-06-25T12:24:39","slug":"trabaja-con-nosotros","status":"publish","type":"page","link":"https:\/\/catapa.be\/es\/trabaja-con-nosotros\/","title":{"rendered":"Trabaja con CATAPA"},"content":{"rendered":"","protected":false},"excerpt":{"rendered":"","protected":false},"author":2,"featured_media":0,"parent":0,"menu_order":0,"comment_status":"closed","ping_status":"closed","template":"","meta":{"_exactmetrics_skip_tracking":false,"_exactmetrics_sitenote_active":false,"_exactmetrics_sitenote_note":"","_exactmetrics_sitenote_category":0,"jetpack_post_was_ever_published":false,"footnotes":""},"class_list":["post-2959","page","type-page","status-publish","hentry"],"yoast_head":"<!-- This site is optimized with the Yoast SEO plugin v26.8 - https:\/\/yoast.com\/product\/yoast-seo-wordpress\/ -->\n<title>Trabaja con CATAPA - CATAPA vzw<\/title>\n<meta name=\"robots\" content=\"index, follow, max-snippet:-1, max-image-preview:large, max-video-preview:-1\" \/>\n<link rel=\"canonical\" href=\"https:\/\/catapa.be\/es\/trabaja-con-nosotros\/\" \/>\n<meta property=\"og:locale\" content=\"es_ES\" \/>\n<meta property=\"og:type\" content=\"article\" \/>\n<meta property=\"og:title\" content=\"Trabaja con CATAPA - CATAPA vzw\" \/>\n<meta property=\"og:url\" content=\"https:\/\/catapa.be\/es\/trabaja-con-nosotros\/\" \/>\n<meta property=\"og:site_name\" content=\"CATAPA vzw\" \/>\n<meta property=\"article:publisher\" content=\"https:\/\/www.facebook.com\/catapa.belgium\/\" \/>\n<meta property=\"article:modified_time\" content=\"2018-06-25T12:24:39+00:00\" \/>\n<meta name=\"twitter:card\" content=\"summary_large_image\" \/>\n<meta name=\"twitter:site\" content=\"@CATAPA_Belgica\" \/>\n<script type=\"application\/ld+json\" class=\"yoast-schema-graph\">{\"@context\":\"https:\/\/schema.org\",\"@graph\":[{\"@type\":\"WebPage\",\"@id\":\"https:\/\/catapa.be\/es\/trabaja-con-nosotros\/\",\"url\":\"https:\/\/catapa.be\/es\/trabaja-con-nosotros\/\",\"name\":\"Trabaja con CATAPA - CATAPA vzw\",\"isPartOf\":{\"@id\":\"https:\/\/catapa.be\/es\/#website\"},\"datePublished\":\"2018-06-25T12:12:55+00:00\",\"dateModified\":\"2018-06-25T12:24:39+00:00\",\"breadcrumb\":{\"@id\":\"https:\/\/catapa.be\/es\/trabaja-con-nosotros\/#breadcrumb\"},\"inLanguage\":\"es-ES\",\"potentialAction\":[{\"@type\":\"ReadAction\",\"target\":[\"https:\/\/catapa.be\/es\/trabaja-con-nosotros\/\"]}]},{\"@type\":\"BreadcrumbList\",\"@id\":\"https:\/\/catapa.be\/es\/trabaja-con-nosotros\/#breadcrumb\",\"itemListElement\":[{\"@type\":\"ListItem\",\"position\":1,\"name\":\"Home\",\"item\":\"https:\/\/catapa.be\/es\/\"},{\"@type\":\"ListItem\",\"position\":2,\"name\":\"Trabaja con CATAPA\"}]},{\"@type\":\"WebSite\",\"@id\":\"https:\/\/catapa.be\/es\/#website\",\"url\":\"https:\/\/catapa.be\/es\/\",\"name\":\"CATAPA vzw\",\"description\":\"Comit\u00e9 Acad\u00e9mico T\u00e9cnico de Asesoramiento a Problemas Ambientales\",\"publisher\":{\"@id\":\"https:\/\/catapa.be\/es\/#organization\"},\"potentialAction\":[{\"@type\":\"SearchAction\",\"target\":{\"@type\":\"EntryPoint\",\"urlTemplate\":\"https:\/\/catapa.be\/es\/?s={search_term_string}\"},\"query-input\":{\"@type\":\"PropertyValueSpecification\",\"valueRequired\":true,\"valueName\":\"search_term_string\"}}],\"inLanguage\":\"es-ES\"},{\"@type\":\"Organization\",\"@id\":\"https:\/\/catapa.be\/es\/#organization\",\"name\":\"CATAPA vzw\",\"url\":\"https:\/\/catapa.be\/es\/\",\"logo\":{\"@type\":\"ImageObject\",\"inLanguage\":\"es-ES\",\"@id\":\"https:\/\/catapa.be\/es\/#\/schema\/logo\/image\/\",\"url\":\"https:\/\/i0.wp.com\/catapa.be\/wp-content\/uploads\/2019\/02\/NEW20LOGO20SHORT20PNG1.png?fit=1259%2C1321&ssl=1\",\"contentUrl\":\"https:\/\/i0.wp.com\/catapa.be\/wp-content\/uploads\/2019\/02\/NEW20LOGO20SHORT20PNG1.png?fit=1259%2C1321&ssl=1\",\"width\":1259,\"height\":1321,\"caption\":\"CATAPA vzw\"},\"image\":{\"@id\":\"https:\/\/catapa.be\/es\/#\/schema\/logo\/image\/\"},\"sameAs\":[\"https:\/\/www.facebook.com\/catapa.belgium\/\",\"https:\/\/x.com\/CATAPA_Belgica\",\"https:\/\/www.instagram.com\/catapa_vzw\/\",\"https:\/\/be.linkedin.com\/company\/catapavzw\",\"https:\/\/www.youtube.com\/channel\/UCE52-Fiyv-Fpqf2gi1qhf1g\"]}]}<\/script>\n<!-- \/ Yoast SEO plugin. -->","yoast_head_json":{"title":"Trabaja con CATAPA - CATAPA vzw","robots":{"index":"index","follow":"follow","max-snippet":"max-snippet:-1","max-image-preview":"max-image-preview:large","max-video-preview":"max-video-preview:-1"},"canonical":"https:\/\/catapa.be\/es\/trabaja-con-nosotros\/","og_locale":"es_ES","og_type":"article","og_title":"Trabaja con CATAPA - CATAPA vzw","og_url":"https:\/\/catapa.be\/es\/trabaja-con-nosotros\/","og_site_name":"CATAPA vzw","article_publisher":"https:\/\/www.facebook.com\/catapa.belgium\/","article_modified_time":"2018-06-25T12:24:39+00:00","twitter_card":"summary_large_image","twitter_site":"@CATAPA_Belgica","schema":{"@context":"https:\/\/schema.org","@graph":[{"@type":"WebPage","@id":"https:\/\/catapa.be\/es\/trabaja-con-nosotros\/","url":"https:\/\/catapa.be\/es\/trabaja-con-nosotros\/","name":"Trabaja con CATAPA - CATAPA vzw","isPartOf":{"@id":"https:\/\/catapa.be\/es\/#website"},"datePublished":"2018-06-25T12:12:55+00:00","dateModified":"2018-06-25T12:24:39+00:00","breadcrumb":{"@id":"https:\/\/catapa.be\/es\/trabaja-con-nosotros\/#breadcrumb"},"inLanguage":"es-ES","potentialAction":[{"@type":"ReadAction","target":["https:\/\/catapa.be\/es\/trabaja-con-nosotros\/"]}]},{"@type":"BreadcrumbList","@id":"https:\/\/catapa.be\/es\/trabaja-con-nosotros\/#breadcrumb","itemListElement":[{"@type":"ListItem","position":1,"name":"Home","item":"https:\/\/catapa.be\/es\/"},{"@type":"ListItem","position":2,"name":"Trabaja con CATAPA"}]},{"@type":"WebSite","@id":"https:\/\/catapa.be\/es\/#website","url":"https:\/\/catapa.be\/es\/","name":"CATAPA vzw","description":"Comit\u00e9 Acad\u00e9mico T\u00e9cnico de Asesoramiento a Problemas Ambientales","publisher":{"@id":"https:\/\/catapa.be\/es\/#organization"},"potentialAction":[{"@type":"SearchAction","target":{"@type":"EntryPoint","urlTemplate":"https:\/\/catapa.be\/es\/?s={search_term_string}"},"query-input":{"@type":"PropertyValueSpecification","valueRequired":true,"valueName":"search_term_string"}}],"inLanguage":"es-ES"},{"@type":"Organization","@id":"https:\/\/catapa.be\/es\/#organization","name":"CATAPA vzw","url":"https:\/\/catapa.be\/es\/","logo":{"@type":"ImageObject","inLanguage":"es-ES","@id":"https:\/\/catapa.be\/es\/#\/schema\/logo\/image\/","url":"https:\/\/i0.wp.com\/catapa.be\/wp-content\/uploads\/2019\/02\/NEW20LOGO20SHORT20PNG1.png?fit=1259%2C1321&ssl=1","contentUrl":"https:\/\/i0.wp.com\/catapa.be\/wp-content\/uploads\/2019\/02\/NEW20LOGO20SHORT20PNG1.png?fit=1259%2C1321&ssl=1","width":1259,"height":1321,"caption":"CATAPA vzw"},"image":{"@id":"https:\/\/catapa.be\/es\/#\/schema\/logo\/image\/"},"sameAs":["https:\/\/www.facebook.com\/catapa.belgium\/","https:\/\/x.com\/CATAPA_Belgica","https:\/\/www.instagram.com\/catapa_vzw\/","https:\/\/be.linkedin.com\/company\/catapavzw","https:\/\/www.youtube.com\/channel\/UCE52-Fiyv-Fpqf2gi1qhf1g"]}]}},"jetpack_sharing_enabled":true,"jetpack_likes_enabled":true,"jetpack-related-posts":[{"id":7634,"url":"https:\/\/catapa.be\/es\/actua-ahora\/coviertete-en-change-maker\/","url_meta":{"origin":2959,"position":0},"title":"Convi\u00e9rtete en Changemaker","author":"Alienor de Sas","date":"27\/08\/2018","format":false,"excerpt":"[vc_row equal_height=\"yes\"][vc_column css_animation=\"none\"][vc_cta h2=\"\u00bfTienes curiosidad sobre el origen de los metales en tu smartphone?\" h4=\" \u00bfSab\u00edas que la miner\u00eda est\u00e1 muy relacionada con abusos de derechos humanos y destrucci\u00f3n medioambiental? \u00bfTe gustar\u00eda adquirir m\u00e1s conocimientos, desarrollar habilidades y ganar experiencia en llevar a cabo un cambio positivo? Ap\u00fantate a nuestro\u2026","rel":"","context":"Entrada similar","block_context":{"text":"Entrada similar","link":""},"img":{"alt_text":"","src":"https:\/\/i0.wp.com\/catapa.be\/wp-content\/uploads\/2018\/08\/flag_yellow_high-300x200.jpg?resize=350%2C200","width":350,"height":200},"classes":[]},{"id":3039,"url":"https:\/\/catapa.be\/es\/labor\/colaboraciones\/","url_meta":{"origin":2959,"position":1},"title":"Colaboraciones","author":"Alienor de Sas","date":"20\/05\/2018","format":false,"excerpt":"[vc_row][vc_column width=\"1\/2\"][vc_single_image image=\"11576\" img_size=\"medium\" alignment=\"center\"][vc_custom_heading text=\"Bolivia\" font_container=\"tag:h2|text_align:center|color:%23009c55\" google_fonts=\"font_family:Quicksand%3A300%2Cregular%2C700|font_style:700%20bold%20regular%3A700%3Anormal\"][vc_tta_pageable no_fill_content_area=\"1\" active_section=\"0\" pagination_color=\"black\" tab_position=\"top\"][vc_tta_section title=\"Sectie 1\" tab_id=\"CEPA-ES\"][vc_column_text] CEPA En Bolivia cooperamos con CEPA (el Centro de Ecolog\u00eda y Pueblos Andinos), una organizaci\u00f3n con una doble orientaci\u00f3n: los problemas ambientales y la poblaci\u00f3n ind\u00edgena. Centro de Ecolog\u00eda La contaminaci\u00f3n est\u00e1 muy presenta en\u2026","rel":"","context":"Entrada similar","block_context":{"text":"Entrada similar","link":""},"img":{"alt_text":"","src":"https:\/\/i0.wp.com\/catapa.be\/wp-content\/uploads\/2019\/01\/cepa.jpg?resize=350%2C200","width":350,"height":200},"classes":[]},{"id":8371,"url":"https:\/\/catapa.be\/es\/labor\/grupos-de-trabajo-2\/","url_meta":{"origin":2959,"position":2},"title":"Grupos de trabajo","author":"admin","date":"04\/12\/2018","format":false,"excerpt":"[vc_row css=\".vc_custom_1533807373745{margin-top: -50px !important;margin-bottom: 50px !important;}\"][vc_column][vc_cta h2=\"El trabajo de CATAPA...\" h4=\"... se divide en ``grupos de trabajo del sur``, que se refiere al trabajo que realizamos directamente con nuestras organizaciones asociadas en Latino Am\u00e9rica; y ``grupos de trabajo del norte``, que incluye todo lo que se realiza desde B\u00e9lgica, donde\u2026","rel":"","context":"Entrada similar","block_context":{"text":"Entrada similar","link":""},"img":{"alt_text":"","src":"","width":0,"height":0},"classes":[]},{"id":3048,"url":"https:\/\/catapa.be\/es\/labor\/grupos-de-trabajo\/","url_meta":{"origin":2959,"position":3},"title":"Grupos de trabajo","author":"Alienor de Sas","date":"20\/05\/2018","format":false,"excerpt":"[vc_row css=\".vc_custom_1533807373745{margin-top: -50px !important;margin-bottom: 50px !important;}\"][vc_column][vc_cta 0=\"h4=``...se\" 1=\"divide\" 2=\"en\" 3=\"``grupos\" 4=\"de\" 5=\"trabajo\" 6=\"del\" 7=\"Sur``,\" 8=\"que\" 9=\"alberga\" 10=\"nuestro\" 11=\"trabajo\" 12=\"directo\" 13=\"con\" 14=\"las\" 15=\"organizaciones\" 16=\"asociadas\" 17=\"en\" 18=\"Am\u00e9rica\" 19=\"Latina;\" 20=\"y\" 21=\"``grupos\" 22=\"de\" 23=\"trabajo\" 24=\"del\" 25=\"Norte``,\" 26=\"que\" 27=\"incluye\" 28=\"todas\" 29=\"las\" 30=\"actividades\" 31=\"que\" 32=\"se\" 33=\"llevan\" 34=\"a\" 35=\"cabo\" 36=\"desde\" 37=\"B\u00e9lgica,\" 38=\"donde\" 39=\"se\" 40=\"encuentra\" 41=\"la\" 42=\"sede\" 43=\"de\"\u2026","rel":"","context":"Entrada similar","block_context":{"text":"Entrada similar","link":""},"img":{"alt_text":"","src":"","width":0,"height":0},"classes":[]},{"id":32866,"url":"https:\/\/catapa.be\/es\/el-derecho-a-decir-no-desde-ecuador-hasta-belgica\/","url_meta":{"origin":2959,"position":4},"title":"El Derecho a Decir No, desde Ecuador hasta B\u00e9lgica","author":"Estefan\u00eda","date":"07\/02\/2023","format":false,"excerpt":"[vc_row css=\".vc_custom_1675936624176{margin-top: 0px !important;margin-bottom: 0px !important;border-top-width: 0px !important;border-bottom-width: 0px !important;padding-top: 0px !important;padding-bottom: 0px !important;}\"][vc_column width=\"1\/2\"][vc_cta h2=\"CATAPA celebra un nuevo Speaker Tour junto a activistas de Ecuador\"][\/vc_cta][vc_gallery type=\"flexslider_slide\" interval=\"10\" images=\"32763,32766,32757,32760,32769\" img_size=\"full\"][\/vc_column][vc_column width=\"1\/2\"][vc_cta h2=\"\" style=\"custom\" custom_background=\"#01a053\" custom_text=\"#ffffff\"]Un a\u00f1o m\u00e1s CATAPA invita a varias activistas de Latinoam\u00e9rica para dar a conocer de primera\u2026","rel":"","context":"Entrada similar","block_context":{"text":"Entrada similar","link":""},"img":{"alt_text":"","src":"https:\/\/i0.wp.com\/catapa.be\/wp-content\/uploads\/2023\/02\/webteaser.png?fit=1200%2C675&ssl=1&resize=350%2C200","width":350,"height":200,"srcset":"https:\/\/i0.wp.com\/catapa.be\/wp-content\/uploads\/2023\/02\/webteaser.png?fit=1200%2C675&ssl=1&resize=350%2C200 1x, https:\/\/i0.wp.com\/catapa.be\/wp-content\/uploads\/2023\/02\/webteaser.png?fit=1200%2C675&ssl=1&resize=525%2C300 1.5x, https:\/\/i0.wp.com\/catapa.be\/wp-content\/uploads\/2023\/02\/webteaser.png?fit=1200%2C675&ssl=1&resize=700%2C400 2x, https:\/\/i0.wp.com\/catapa.be\/wp-content\/uploads\/2023\/02\/webteaser.png?fit=1200%2C675&ssl=1&resize=1050%2C600 3x"},"classes":[]},{"id":2952,"url":"https:\/\/catapa.be\/es\/sobre-nosotros\/nuestra-historia\/","url_meta":{"origin":2959,"position":5},"title":"Nuestra historia","author":"Alienor de Sas","date":"20\/05\/2018","format":false,"excerpt":"[vc_row full_width=\"stretch_row\" content_placement=\"middle\"][vc_column][vc_cta h2=\"Desde BelBol hasta...\" h4=\"...un movimiento horizontal con organizaciones asociadas en Per\u00fa, Colombia, Ecuador y Bolivia; y con muchos proyectos en marcha en Flandes, Europa y en Am\u00e9rica Latina.\" style=\"custom\" custom_background=\"#01a053\" custom_text=\"#ffffff\"][\/vc_cta][\/vc_column][\/vc_row][vc_row full_width=\"stretch_row\" equal_height=\"yes\" css=\".vc_custom_1535455217709{background-color: #f7f7f7 !important;}\" el_id=\"table-of-contents\"][vc_column css_animation=\"none\" width=\"1\/2\"][vc_column_text css=\".vc_custom_1653737512501{padding-left: 50px !important;}\"] \u00cdndice 2003-2007: desde BelBol hasta\u2026","rel":"","context":"Entrada similar","block_context":{"text":"Entrada similar","link":""},"img":{"alt_text":"","src":"https:\/\/i0.wp.com\/catapa.be\/wp-content\/uploads\/2019\/01\/mining-in-paradise-300x300.png?resize=350%2C200&ssl=1","width":350,"height":200},"classes":[]}],"_links":{"self":[{"href":"https:\/\/catapa.be\/es\/wp-json\/wp\/v2\/pages\/2959","targetHints":{"allow":["GET"]}}],"collection":[{"href":"https:\/\/catapa.be\/es\/wp-json\/wp\/v2\/pages"}],"about":[{"href":"https:\/\/catapa.be\/es\/wp-json\/wp\/v2\/types\/page"}],"author":[{"embeddable":true,"href":"https:\/\/catapa.be\/es\/wp-json\/wp\/v2\/users\/2"}],"replies":[{"embeddable":true,"href":"https:\/\/catapa.be\/es\/wp-json\/wp\/v2\/comments?post=2959"}],"version-history":[{"count":2,"href":"https:\/\/catapa.be\/es\/wp-json\/wp\/v2\/pages\/2959\/revisions"}],"predecessor-version":[{"id":2976,"href":"https:\/\/catapa.be\/es\/wp-json\/wp\/v2\/pages\/2959\/revisions\/2976"}],"wp:attachment":[{"href":"https:\/\/catapa.be\/es\/wp-json\/wp\/v2\/media?parent=2959"}],"curies":[{"name":"wp","href":"https:\/\/api.w.org\/{rel}","templated":true}]}}