{"id":2962,"date":"2018-06-25T12:14:37","date_gmt":"2018-06-25T10:14:37","guid":{"rendered":"http:\/\/catapa.be\/?page_id=2962"},"modified":"2018-07-24T13:50:32","modified_gmt":"2018-07-24T11:50:32","slug":"actua-ahora","status":"publish","type":"page","link":"https:\/\/catapa.be\/es\/actua-ahora\/","title":{"rendered":"Act\u00faa ahora"},"content":{"rendered":"","protected":false},"excerpt":{"rendered":"","protected":false},"author":2,"featured_media":0,"parent":0,"menu_order":0,"comment_status":"closed","ping_status":"closed","template":"","meta":{"_exactmetrics_skip_tracking":false,"_exactmetrics_sitenote_active":false,"_exactmetrics_sitenote_note":"","_exactmetrics_sitenote_category":0,"jetpack_post_was_ever_published":false,"footnotes":""},"class_list":["post-2962","page","type-page","status-publish","hentry"],"yoast_head":"<!-- This site is optimized with the Yoast SEO plugin v26.8 - https:\/\/yoast.com\/product\/yoast-seo-wordpress\/ -->\n<title>Act\u00faa ahora - CATAPA vzw<\/title>\n<meta name=\"robots\" content=\"index, follow, max-snippet:-1, max-image-preview:large, max-video-preview:-1\" \/>\n<link rel=\"canonical\" href=\"https:\/\/catapa.be\/es\/actua-ahora\/\" \/>\n<meta property=\"og:locale\" content=\"es_ES\" \/>\n<meta property=\"og:type\" content=\"article\" \/>\n<meta property=\"og:title\" content=\"Act\u00faa ahora - CATAPA vzw\" \/>\n<meta property=\"og:url\" content=\"https:\/\/catapa.be\/es\/actua-ahora\/\" \/>\n<meta property=\"og:site_name\" content=\"CATAPA vzw\" \/>\n<meta property=\"article:publisher\" content=\"https:\/\/www.facebook.com\/catapa.belgium\/\" \/>\n<meta property=\"article:modified_time\" content=\"2018-07-24T11:50:32+00:00\" \/>\n<meta name=\"twitter:card\" content=\"summary_large_image\" \/>\n<meta name=\"twitter:site\" content=\"@CATAPA_Belgica\" \/>\n<script type=\"application\/ld+json\" class=\"yoast-schema-graph\">{\"@context\":\"https:\/\/schema.org\",\"@graph\":[{\"@type\":\"WebPage\",\"@id\":\"https:\/\/catapa.be\/es\/actua-ahora\/\",\"url\":\"https:\/\/catapa.be\/es\/actua-ahora\/\",\"name\":\"Act\u00faa ahora - CATAPA vzw\",\"isPartOf\":{\"@id\":\"https:\/\/catapa.be\/es\/#website\"},\"datePublished\":\"2018-06-25T10:14:37+00:00\",\"dateModified\":\"2018-07-24T11:50:32+00:00\",\"breadcrumb\":{\"@id\":\"https:\/\/catapa.be\/es\/actua-ahora\/#breadcrumb\"},\"inLanguage\":\"es-ES\",\"potentialAction\":[{\"@type\":\"ReadAction\",\"target\":[\"https:\/\/catapa.be\/es\/actua-ahora\/\"]}]},{\"@type\":\"BreadcrumbList\",\"@id\":\"https:\/\/catapa.be\/es\/actua-ahora\/#breadcrumb\",\"itemListElement\":[{\"@type\":\"ListItem\",\"position\":1,\"name\":\"Home\",\"item\":\"https:\/\/catapa.be\/es\/\"},{\"@type\":\"ListItem\",\"position\":2,\"name\":\"Act\u00faa ahora\"}]},{\"@type\":\"WebSite\",\"@id\":\"https:\/\/catapa.be\/es\/#website\",\"url\":\"https:\/\/catapa.be\/es\/\",\"name\":\"CATAPA vzw\",\"description\":\"Comit\u00e9 Acad\u00e9mico T\u00e9cnico de Asesoramiento a Problemas Ambientales\",\"publisher\":{\"@id\":\"https:\/\/catapa.be\/es\/#organization\"},\"potentialAction\":[{\"@type\":\"SearchAction\",\"target\":{\"@type\":\"EntryPoint\",\"urlTemplate\":\"https:\/\/catapa.be\/es\/?s={search_term_string}\"},\"query-input\":{\"@type\":\"PropertyValueSpecification\",\"valueRequired\":true,\"valueName\":\"search_term_string\"}}],\"inLanguage\":\"es-ES\"},{\"@type\":\"Organization\",\"@id\":\"https:\/\/catapa.be\/es\/#organization\",\"name\":\"CATAPA vzw\",\"url\":\"https:\/\/catapa.be\/es\/\",\"logo\":{\"@type\":\"ImageObject\",\"inLanguage\":\"es-ES\",\"@id\":\"https:\/\/catapa.be\/es\/#\/schema\/logo\/image\/\",\"url\":\"https:\/\/i0.wp.com\/catapa.be\/wp-content\/uploads\/2019\/02\/NEW20LOGO20SHORT20PNG1.png?fit=1259%2C1321&ssl=1\",\"contentUrl\":\"https:\/\/i0.wp.com\/catapa.be\/wp-content\/uploads\/2019\/02\/NEW20LOGO20SHORT20PNG1.png?fit=1259%2C1321&ssl=1\",\"width\":1259,\"height\":1321,\"caption\":\"CATAPA vzw\"},\"image\":{\"@id\":\"https:\/\/catapa.be\/es\/#\/schema\/logo\/image\/\"},\"sameAs\":[\"https:\/\/www.facebook.com\/catapa.belgium\/\",\"https:\/\/x.com\/CATAPA_Belgica\",\"https:\/\/www.instagram.com\/catapa_vzw\/\",\"https:\/\/be.linkedin.com\/company\/catapavzw\",\"https:\/\/www.youtube.com\/channel\/UCE52-Fiyv-Fpqf2gi1qhf1g\"]}]}<\/script>\n<!-- \/ Yoast SEO plugin. -->","yoast_head_json":{"title":"Act\u00faa ahora - CATAPA vzw","robots":{"index":"index","follow":"follow","max-snippet":"max-snippet:-1","max-image-preview":"max-image-preview:large","max-video-preview":"max-video-preview:-1"},"canonical":"https:\/\/catapa.be\/es\/actua-ahora\/","og_locale":"es_ES","og_type":"article","og_title":"Act\u00faa ahora - CATAPA vzw","og_url":"https:\/\/catapa.be\/es\/actua-ahora\/","og_site_name":"CATAPA vzw","article_publisher":"https:\/\/www.facebook.com\/catapa.belgium\/","article_modified_time":"2018-07-24T11:50:32+00:00","twitter_card":"summary_large_image","twitter_site":"@CATAPA_Belgica","schema":{"@context":"https:\/\/schema.org","@graph":[{"@type":"WebPage","@id":"https:\/\/catapa.be\/es\/actua-ahora\/","url":"https:\/\/catapa.be\/es\/actua-ahora\/","name":"Act\u00faa ahora - CATAPA vzw","isPartOf":{"@id":"https:\/\/catapa.be\/es\/#website"},"datePublished":"2018-06-25T10:14:37+00:00","dateModified":"2018-07-24T11:50:32+00:00","breadcrumb":{"@id":"https:\/\/catapa.be\/es\/actua-ahora\/#breadcrumb"},"inLanguage":"es-ES","potentialAction":[{"@type":"ReadAction","target":["https:\/\/catapa.be\/es\/actua-ahora\/"]}]},{"@type":"BreadcrumbList","@id":"https:\/\/catapa.be\/es\/actua-ahora\/#breadcrumb","itemListElement":[{"@type":"ListItem","position":1,"name":"Home","item":"https:\/\/catapa.be\/es\/"},{"@type":"ListItem","position":2,"name":"Act\u00faa ahora"}]},{"@type":"WebSite","@id":"https:\/\/catapa.be\/es\/#website","url":"https:\/\/catapa.be\/es\/","name":"CATAPA vzw","description":"Comit\u00e9 Acad\u00e9mico T\u00e9cnico de Asesoramiento a Problemas Ambientales","publisher":{"@id":"https:\/\/catapa.be\/es\/#organization"},"potentialAction":[{"@type":"SearchAction","target":{"@type":"EntryPoint","urlTemplate":"https:\/\/catapa.be\/es\/?s={search_term_string}"},"query-input":{"@type":"PropertyValueSpecification","valueRequired":true,"valueName":"search_term_string"}}],"inLanguage":"es-ES"},{"@type":"Organization","@id":"https:\/\/catapa.be\/es\/#organization","name":"CATAPA vzw","url":"https:\/\/catapa.be\/es\/","logo":{"@type":"ImageObject","inLanguage":"es-ES","@id":"https:\/\/catapa.be\/es\/#\/schema\/logo\/image\/","url":"https:\/\/i0.wp.com\/catapa.be\/wp-content\/uploads\/2019\/02\/NEW20LOGO20SHORT20PNG1.png?fit=1259%2C1321&ssl=1","contentUrl":"https:\/\/i0.wp.com\/catapa.be\/wp-content\/uploads\/2019\/02\/NEW20LOGO20SHORT20PNG1.png?fit=1259%2C1321&ssl=1","width":1259,"height":1321,"caption":"CATAPA vzw"},"image":{"@id":"https:\/\/catapa.be\/es\/#\/schema\/logo\/image\/"},"sameAs":["https:\/\/www.facebook.com\/catapa.belgium\/","https:\/\/x.com\/CATAPA_Belgica","https:\/\/www.instagram.com\/catapa_vzw\/","https:\/\/be.linkedin.com\/company\/catapavzw","https:\/\/www.youtube.com\/channel\/UCE52-Fiyv-Fpqf2gi1qhf1g"]}]}},"jetpack_sharing_enabled":true,"jetpack_likes_enabled":true,"jetpack-related-posts":[{"id":2977,"url":"https:\/\/catapa.be\/es\/actua-ahora\/practicas\/","url_meta":{"origin":2962,"position":0},"title":"Pr\u00e1cticas","author":"Alienor de Sas","date":"25\/06\/2018","format":false,"excerpt":"[vc_row full_width=\"stretch_row\" content_placement=\"middle\" css=\".vc_custom_1534947891952{background-color: #f7f7f7 !important;}\"][vc_column][vc_column_text] \u00bfTe interesar\u00eda realizar tus pr\u00e1cticas \/ pasant\u00edas con nosotros? \u00a1Escr\u00edbenos! Cada a\u00f1o tenemos una cantidad limitada de plazas disponibles en nuestra oficina en Gante o con alguno de nuestros colaboradores locales en Per\u00fa, Bolivia y Colombia. Las pr\u00e1cticas \/ pasant\u00edas son posibles tanto en\u2026","rel":"","context":"Entrada similar","block_context":{"text":"Entrada similar","link":""},"img":{"alt_text":"","src":"","width":0,"height":0},"classes":[]},{"id":2979,"url":"https:\/\/catapa.be\/es\/actua-ahora\/dona-ahora\/","url_meta":{"origin":2962,"position":1},"title":"Dona ahora","author":"Alienor de Sas","date":"20\/05\/2018","format":false,"excerpt":"[vc_row equal_height=\"yes\"][vc_column css_animation=\"none\"][vc_cta h2=\"Colabora con CATAPA\" h4=\"CATAPA es un movimiento cr\u00edtico y tenaz, en constante crecimiento, que se atreve a luchar por un planeta m\u00e1s sostenible y justo. Desde CATAPA apoyamos sociedades en Latinoam\u00e9rica que se encuentran amenazadas por proyectos mineros masivos y por el impacto social y ecol\u00f3gico de\u2026","rel":"","context":"Entrada similar","block_context":{"text":"Entrada similar","link":""},"img":{"alt_text":"","src":"","width":0,"height":0},"classes":[]},{"id":2966,"url":"https:\/\/catapa.be\/es\/actua-ahora\/hazte-voluntario-a\/","url_meta":{"origin":2962,"position":2},"title":"Hazte voluntario\/a","author":"Alienor de Sas","date":"20\/05\/2018","format":false,"excerpt":"[vc_row equal_height=\"yes\"][vc_column css_animation=\"none\"][vc_cta h2=\"Siendo voluntario\/a...\" h4=\"...puedes ser parte de CATAPA de una forma significativa y concreta. Te animamos a buscar y encontrar algo que tenga que ver con tus intereses personales y capacidades, y, as\u00ed, podr\u00e1s formar parte de ese cambio que el medio ambiente y las personas necesitan.\" style=\"custom\"\u2026","rel":"","context":"Entrada similar","block_context":{"text":"Entrada similar","link":""},"img":{"alt_text":"","src":"","width":0,"height":0},"classes":[]},{"id":3052,"url":"https:\/\/catapa.be\/es\/actua-ahora\/ponencias-y-talleres\/","url_meta":{"origin":2962,"position":3},"title":"Talleres","author":"Alienor de Sas","date":"23\/05\/2018","format":false,"excerpt":"[vc_row][vc_column][vc_cta h2=\"Resumen de talleres CATAPA\" style=\"custom\" custom_background=\"#009c55\" custom_text=\"#ffffff\"][\/vc_cta][vc_tta_tour][vc_tta_section title=\"Los l\u00edmites del crecimiento\" tab_id=\"1622664968691-cabd0016-57d7\"][vc_custom_heading text=\"Los l\u00edmites del crecimiento\" font_container=\"tag:h2|font_size:20|text_align:center\" google_fonts=\"font_family:Quicksand%3A300%2Cregular%2C700|font_style:700%20bold%20regular%3A700%3Anormal\"][vc_cta h2=\"\" shape=\"square\" add_icon=\"left\" i_icon_fontawesome=\"fa fa-info\" i_color=\"custom\" i_size=\"lg\" i_custom_color=\"#009c55\"]Orientado a mayores de 18 a\u00f1os Duraci\u00f3n: 2-3 horas (se puede adaptar seg\u00fan las necesidades) Tama\u00f1o del grupo: 15-25 personas Idioma: Neerland\u00e9s o ingl\u00e9s\u2026","rel":"","context":"Entrada similar","block_context":{"text":"Entrada similar","link":""},"img":{"alt_text":"","src":"https:\/\/i2.wp.com\/catapa.be\/wp-content\/uploads\/2021\/06\/unnamed-1.png?resize=350%2C200&ssl=1","width":350,"height":200},"classes":[]},{"id":20579,"url":"https:\/\/catapa.be\/es\/actua-ahora\/hazte-miembro\/","url_meta":{"origin":2962,"position":4},"title":"\u00a1Hazte miembro!","author":"Alberto V\u00e1zquez Ruiz","date":"30\/03\/2021","format":false,"excerpt":"[vc_row][vc_column][vc_column_text] La Asamblea General de CATAPA La Asamblea General (AG) es el m\u00e1ximo \u00f3rgano de toma de decisiones de una organizaci\u00f3n sin fines de lucro. La AG est\u00e1 formada por quienes tengan membres\u00eda dentro de CATAPA. La membres\u00eda implica un derecho de voto igual dentro de la AG. Cada nueva\u2026","rel":"","context":"Entrada similar","block_context":{"text":"Entrada similar","link":""},"img":{"alt_text":"","src":"","width":0,"height":0},"classes":[]},{"id":7634,"url":"https:\/\/catapa.be\/es\/actua-ahora\/coviertete-en-change-maker\/","url_meta":{"origin":2962,"position":5},"title":"Convi\u00e9rtete en Changemaker","author":"Alienor de Sas","date":"27\/08\/2018","format":false,"excerpt":"[vc_row equal_height=\"yes\"][vc_column css_animation=\"none\"][vc_cta h2=\"\u00bfTienes curiosidad sobre el origen de los metales en tu smartphone?\" h4=\" \u00bfSab\u00edas que la miner\u00eda est\u00e1 muy relacionada con abusos de derechos humanos y destrucci\u00f3n medioambiental? \u00bfTe gustar\u00eda adquirir m\u00e1s conocimientos, desarrollar habilidades y ganar experiencia en llevar a cabo un cambio positivo? Ap\u00fantate a nuestro\u2026","rel":"","context":"Entrada similar","block_context":{"text":"Entrada similar","link":""},"img":{"alt_text":"","src":"https:\/\/i0.wp.com\/catapa.be\/wp-content\/uploads\/2018\/08\/flag_yellow_high-300x200.jpg?resize=350%2C200","width":350,"height":200},"classes":[]}],"_links":{"self":[{"href":"https:\/\/catapa.be\/es\/wp-json\/wp\/v2\/pages\/2962","targetHints":{"allow":["GET"]}}],"collection":[{"href":"https:\/\/catapa.be\/es\/wp-json\/wp\/v2\/pages"}],"about":[{"href":"https:\/\/catapa.be\/es\/wp-json\/wp\/v2\/types\/page"}],"author":[{"embeddable":true,"href":"https:\/\/catapa.be\/es\/wp-json\/wp\/v2\/users\/2"}],"replies":[{"embeddable":true,"href":"https:\/\/catapa.be\/es\/wp-json\/wp\/v2\/comments?post=2962"}],"version-history":[{"count":5,"href":"https:\/\/catapa.be\/es\/wp-json\/wp\/v2\/pages\/2962\/revisions"}],"predecessor-version":[{"id":6696,"href":"https:\/\/catapa.be\/es\/wp-json\/wp\/v2\/pages\/2962\/revisions\/6696"}],"wp:attachment":[{"href":"https:\/\/catapa.be\/es\/wp-json\/wp\/v2\/media?parent=2962"}],"curies":[{"name":"wp","href":"https:\/\/api.w.org\/{rel}","templated":true}]}}