{"id":2966,"date":"2018-05-20T10:13:26","date_gmt":"2018-05-20T08:13:26","guid":{"rendered":"http:\/\/catapa.be\/?page_id=2966"},"modified":"2020-07-01T16:19:59","modified_gmt":"2020-07-01T14:19:59","slug":"hazte-voluntario-a","status":"publish","type":"page","link":"https:\/\/catapa.be\/es\/actua-ahora\/hazte-voluntario-a\/","title":{"rendered":"Hazte voluntario\/a"},"content":{"rendered":"<div class=\"wpb-content-wrapper\"><p>[vc_row equal_height=&#8221;yes&#8221;][vc_column css_animation=&#8221;none&#8221;][vc_cta h2=&#8221;Siendo voluntario\/a&#8230;&#8221; h4=&#8221;&#8230;puedes ser parte de CATAPA de una forma significativa y concreta. Te animamos a buscar y encontrar algo que tenga que ver con tus intereses personales y capacidades, y, as\u00ed, podr\u00e1s formar parte de ese cambio que el medio ambiente y las personas necesitan.&#8221; style=&#8221;custom&#8221; custom_background=&#8221;#01a053&#8243; custom_text=&#8221;#ffffff&#8221;][\/vc_cta][\/vc_column][\/vc_row][vc_row full_width=&#8221;stretch_row&#8221; content_placement=&#8221;middle&#8221; css=&#8221;.vc_custom_1534947891952{background-color: #f7f7f7 !important;}&#8221;][vc_column][vc_column_text]<\/p>\n<h2 style=\"text-align: center;\">\u00bfEst\u00e1s interesado\/a en CATAPA y te gustar\u00eda ganar experiencia en una organizaci\u00f3n din\u00e1mica de voluntarios?<\/h2>\n<h2 style=\"text-align: center;\"><strong><a href=\"https:\/\/catapa.be\/es\/sobre-nosotros\/contacto\/\">\u00a1Contacta con nosotros!<\/a><\/strong><\/h2>\n<p>&nbsp;<\/p>\n<p>Primero de todo queremos decirte que \u00a1estamos encantados de que est\u00e9s considerando la idea de hacerte Catapista! Como Catapista puedes contribuir de diferentes formas y en diferentes temas, dependiendo de lo que se te d\u00e9 bien y de las habilidades que quieras mejorar. Si est\u00e1s interesado\/a, por favor no dudes en contactarnos a trav\u00e9s de info@catapa.be .<\/p>\n<p>&nbsp;<\/p>\n<p>Aqu\u00ed te dejamos un par de ideas sobre c\u00f3mo podr\u00edas colaborar siendo Catapista:<\/p>\n<ul>\n<li>Organizar eventos, coordinar y\/o echar una mano durante los eventos (sirviendo cerveza, cocinando&#8230;)<\/li>\n<li>Revisar art\u00edculos e informes, escribirlos y\/o realizar su seguimiento<\/li>\n<li>Hacer seguimiento de la legislaci\u00f3n (a nivel europeo o internacional)<\/li>\n<li>Tareas de promoci\u00f3n<\/li>\n<li>Orientar y ayudar a los ponentes invitados<\/li>\n<li>Administraci\u00f3n<\/li>\n<li>Colaborar en los casos de estudio<\/li>\n<li>Trabajo de investigaci\u00f3n en el Norte y\/o en el Sur<\/li>\n<\/ul>\n<p>Si tienes alguna otra idea o habilidad con la que crees que podr\u00edas ser parte del movimiento, \u00a1no dudes en cont\u00e1rnoslo![\/vc_column_text][vc_video link=&#8221;https:\/\/www.youtube.com\/watch?v=Sj_iM4HYFMQ&#8221; el_width=&#8221;40&#8243;][\/vc_column][\/vc_row][vc_row full_width=&#8221;stretch_row&#8221; content_placement=&#8221;middle&#8221; css=&#8221;.vc_custom_1534947830731{background: #f7f7f7 url(http:\/\/catapa.be\/wp-content\/uploads\/2018\/08\/DSC3048.jpg?id=6811) !important;background-position: center !important;background-repeat: no-repeat !important;background-size: cover !important;}&#8221;][vc_column][vc_btn title=&#8221;\u00a1Aprende m\u00e1s sobre los Catapistas!&#8221; style=&#8221;custom&#8221; custom_background=&#8221;#01a053&#8243; custom_text=&#8221;#ffffff&#8221; size=&#8221;lg&#8221; align=&#8221;center&#8221; i_align=&#8221;right&#8221; i_icon_fontawesome=&#8221;fa fa-chevron-right&#8221; css_animation=&#8221;bounceInDown&#8221; add_icon=&#8221;true&#8221; link=&#8221;url:http%3A%2F%2Fcatapa.be%2Fes%2Fsobre-nosotros%2Fcatapistas%2F|||&#8221;][\/vc_column][\/vc_row]<\/p>\n<\/div>","protected":false},"excerpt":{"rendered":"<p>[vc_row equal_height=&#8221;yes&#8221;][vc_column css_animation=&#8221;none&#8221;][vc_cta h2=&#8221;Siendo voluntario\/a&#8230;&#8221; h4=&#8221;&#8230;puedes ser parte de CATAPA de una forma significativa y concreta. Te animamos a buscar y encontrar algo que tenga que ver con tus intereses personales y capacidades, y, as\u00ed,<br \/><a class=\"read-more\" href=\"https:\/\/catapa.be\/es\/actua-ahora\/hazte-voluntario-a\/\">Read More<\/a><\/p>\n","protected":false},"author":2,"featured_media":0,"parent":2962,"menu_order":2,"comment_status":"closed","ping_status":"closed","template":"","meta":{"_exactmetrics_skip_tracking":false,"_exactmetrics_sitenote_active":false,"_exactmetrics_sitenote_note":"","_exactmetrics_sitenote_category":0,"jetpack_post_was_ever_published":false,"footnotes":""},"class_list":["post-2966","page","type-page","status-publish","hentry"],"yoast_head":"<!-- This site is optimized with the Yoast SEO plugin v26.8 - https:\/\/yoast.com\/product\/yoast-seo-wordpress\/ -->\n<title>Hazte voluntario\/a - CATAPA vzw<\/title>\n<meta name=\"robots\" content=\"index, follow, max-snippet:-1, max-image-preview:large, max-video-preview:-1\" \/>\n<link rel=\"canonical\" href=\"https:\/\/catapa.be\/es\/actua-ahora\/hazte-voluntario-a\/\" \/>\n<meta property=\"og:locale\" content=\"es_ES\" \/>\n<meta property=\"og:type\" content=\"article\" \/>\n<meta property=\"og:title\" content=\"Hazte voluntario\/a - CATAPA vzw\" \/>\n<meta property=\"og:description\" content=\"[vc_row equal_height=&#8221;yes&#8221;][vc_column css_animation=&#8221;none&#8221;][vc_cta h2=&#8221;Siendo voluntario\/a&#8230;&#8221; h4=&#8221;&#8230;puedes ser parte de CATAPA de una forma significativa y concreta. Te animamos a buscar y encontrar algo que tenga que ver con tus intereses personales y capacidades, y, as\u00ed,Read More\" \/>\n<meta property=\"og:url\" content=\"https:\/\/catapa.be\/es\/actua-ahora\/hazte-voluntario-a\/\" \/>\n<meta property=\"og:site_name\" content=\"CATAPA vzw\" \/>\n<meta property=\"article:publisher\" content=\"https:\/\/www.facebook.com\/catapa.belgium\/\" \/>\n<meta property=\"article:modified_time\" content=\"2020-07-01T14:19:59+00:00\" \/>\n<meta name=\"twitter:card\" content=\"summary_large_image\" \/>\n<meta name=\"twitter:site\" content=\"@CATAPA_Belgica\" \/>\n<meta name=\"twitter:label1\" content=\"Tiempo de lectura\" \/>\n\t<meta name=\"twitter:data1\" content=\"2 minutes\" \/>\n<script type=\"application\/ld+json\" class=\"yoast-schema-graph\">{\"@context\":\"https:\/\/schema.org\",\"@graph\":[{\"@type\":\"WebPage\",\"@id\":\"https:\/\/catapa.be\/es\/actua-ahora\/hazte-voluntario-a\/\",\"url\":\"https:\/\/catapa.be\/es\/actua-ahora\/hazte-voluntario-a\/\",\"name\":\"Hazte voluntario\/a - CATAPA vzw\",\"isPartOf\":{\"@id\":\"https:\/\/catapa.be\/es\/#website\"},\"datePublished\":\"2018-05-20T08:13:26+00:00\",\"dateModified\":\"2020-07-01T14:19:59+00:00\",\"breadcrumb\":{\"@id\":\"https:\/\/catapa.be\/es\/actua-ahora\/hazte-voluntario-a\/#breadcrumb\"},\"inLanguage\":\"es-ES\",\"potentialAction\":[{\"@type\":\"ReadAction\",\"target\":[\"https:\/\/catapa.be\/es\/actua-ahora\/hazte-voluntario-a\/\"]}]},{\"@type\":\"BreadcrumbList\",\"@id\":\"https:\/\/catapa.be\/es\/actua-ahora\/hazte-voluntario-a\/#breadcrumb\",\"itemListElement\":[{\"@type\":\"ListItem\",\"position\":1,\"name\":\"Home\",\"item\":\"https:\/\/catapa.be\/es\/\"},{\"@type\":\"ListItem\",\"position\":2,\"name\":\"Act\u00faa ahora\",\"item\":\"https:\/\/catapa.be\/es\/actua-ahora\/\"},{\"@type\":\"ListItem\",\"position\":3,\"name\":\"Hazte voluntario\/a\"}]},{\"@type\":\"WebSite\",\"@id\":\"https:\/\/catapa.be\/es\/#website\",\"url\":\"https:\/\/catapa.be\/es\/\",\"name\":\"CATAPA vzw\",\"description\":\"Comit\u00e9 Acad\u00e9mico T\u00e9cnico de Asesoramiento a Problemas Ambientales\",\"publisher\":{\"@id\":\"https:\/\/catapa.be\/es\/#organization\"},\"potentialAction\":[{\"@type\":\"SearchAction\",\"target\":{\"@type\":\"EntryPoint\",\"urlTemplate\":\"https:\/\/catapa.be\/es\/?s={search_term_string}\"},\"query-input\":{\"@type\":\"PropertyValueSpecification\",\"valueRequired\":true,\"valueName\":\"search_term_string\"}}],\"inLanguage\":\"es-ES\"},{\"@type\":\"Organization\",\"@id\":\"https:\/\/catapa.be\/es\/#organization\",\"name\":\"CATAPA vzw\",\"url\":\"https:\/\/catapa.be\/es\/\",\"logo\":{\"@type\":\"ImageObject\",\"inLanguage\":\"es-ES\",\"@id\":\"https:\/\/catapa.be\/es\/#\/schema\/logo\/image\/\",\"url\":\"https:\/\/i0.wp.com\/catapa.be\/wp-content\/uploads\/2019\/02\/NEW20LOGO20SHORT20PNG1.png?fit=1259%2C1321&ssl=1\",\"contentUrl\":\"https:\/\/i0.wp.com\/catapa.be\/wp-content\/uploads\/2019\/02\/NEW20LOGO20SHORT20PNG1.png?fit=1259%2C1321&ssl=1\",\"width\":1259,\"height\":1321,\"caption\":\"CATAPA vzw\"},\"image\":{\"@id\":\"https:\/\/catapa.be\/es\/#\/schema\/logo\/image\/\"},\"sameAs\":[\"https:\/\/www.facebook.com\/catapa.belgium\/\",\"https:\/\/x.com\/CATAPA_Belgica\",\"https:\/\/www.instagram.com\/catapa_vzw\/\",\"https:\/\/be.linkedin.com\/company\/catapavzw\",\"https:\/\/www.youtube.com\/channel\/UCE52-Fiyv-Fpqf2gi1qhf1g\"]}]}<\/script>\n<!-- \/ Yoast SEO plugin. -->","yoast_head_json":{"title":"Hazte voluntario\/a - CATAPA vzw","robots":{"index":"index","follow":"follow","max-snippet":"max-snippet:-1","max-image-preview":"max-image-preview:large","max-video-preview":"max-video-preview:-1"},"canonical":"https:\/\/catapa.be\/es\/actua-ahora\/hazte-voluntario-a\/","og_locale":"es_ES","og_type":"article","og_title":"Hazte voluntario\/a - CATAPA vzw","og_description":"[vc_row equal_height=&#8221;yes&#8221;][vc_column css_animation=&#8221;none&#8221;][vc_cta h2=&#8221;Siendo voluntario\/a&#8230;&#8221; h4=&#8221;&#8230;puedes ser parte de CATAPA de una forma significativa y concreta. Te animamos a buscar y encontrar algo que tenga que ver con tus intereses personales y capacidades, y, as\u00ed,Read More","og_url":"https:\/\/catapa.be\/es\/actua-ahora\/hazte-voluntario-a\/","og_site_name":"CATAPA vzw","article_publisher":"https:\/\/www.facebook.com\/catapa.belgium\/","article_modified_time":"2020-07-01T14:19:59+00:00","twitter_card":"summary_large_image","twitter_site":"@CATAPA_Belgica","twitter_misc":{"Tiempo de lectura":"2 minutes"},"schema":{"@context":"https:\/\/schema.org","@graph":[{"@type":"WebPage","@id":"https:\/\/catapa.be\/es\/actua-ahora\/hazte-voluntario-a\/","url":"https:\/\/catapa.be\/es\/actua-ahora\/hazte-voluntario-a\/","name":"Hazte voluntario\/a - CATAPA vzw","isPartOf":{"@id":"https:\/\/catapa.be\/es\/#website"},"datePublished":"2018-05-20T08:13:26+00:00","dateModified":"2020-07-01T14:19:59+00:00","breadcrumb":{"@id":"https:\/\/catapa.be\/es\/actua-ahora\/hazte-voluntario-a\/#breadcrumb"},"inLanguage":"es-ES","potentialAction":[{"@type":"ReadAction","target":["https:\/\/catapa.be\/es\/actua-ahora\/hazte-voluntario-a\/"]}]},{"@type":"BreadcrumbList","@id":"https:\/\/catapa.be\/es\/actua-ahora\/hazte-voluntario-a\/#breadcrumb","itemListElement":[{"@type":"ListItem","position":1,"name":"Home","item":"https:\/\/catapa.be\/es\/"},{"@type":"ListItem","position":2,"name":"Act\u00faa ahora","item":"https:\/\/catapa.be\/es\/actua-ahora\/"},{"@type":"ListItem","position":3,"name":"Hazte voluntario\/a"}]},{"@type":"WebSite","@id":"https:\/\/catapa.be\/es\/#website","url":"https:\/\/catapa.be\/es\/","name":"CATAPA vzw","description":"Comit\u00e9 Acad\u00e9mico T\u00e9cnico de Asesoramiento a Problemas Ambientales","publisher":{"@id":"https:\/\/catapa.be\/es\/#organization"},"potentialAction":[{"@type":"SearchAction","target":{"@type":"EntryPoint","urlTemplate":"https:\/\/catapa.be\/es\/?s={search_term_string}"},"query-input":{"@type":"PropertyValueSpecification","valueRequired":true,"valueName":"search_term_string"}}],"inLanguage":"es-ES"},{"@type":"Organization","@id":"https:\/\/catapa.be\/es\/#organization","name":"CATAPA vzw","url":"https:\/\/catapa.be\/es\/","logo":{"@type":"ImageObject","inLanguage":"es-ES","@id":"https:\/\/catapa.be\/es\/#\/schema\/logo\/image\/","url":"https:\/\/i0.wp.com\/catapa.be\/wp-content\/uploads\/2019\/02\/NEW20LOGO20SHORT20PNG1.png?fit=1259%2C1321&ssl=1","contentUrl":"https:\/\/i0.wp.com\/catapa.be\/wp-content\/uploads\/2019\/02\/NEW20LOGO20SHORT20PNG1.png?fit=1259%2C1321&ssl=1","width":1259,"height":1321,"caption":"CATAPA vzw"},"image":{"@id":"https:\/\/catapa.be\/es\/#\/schema\/logo\/image\/"},"sameAs":["https:\/\/www.facebook.com\/catapa.belgium\/","https:\/\/x.com\/CATAPA_Belgica","https:\/\/www.instagram.com\/catapa_vzw\/","https:\/\/be.linkedin.com\/company\/catapavzw","https:\/\/www.youtube.com\/channel\/UCE52-Fiyv-Fpqf2gi1qhf1g"]}]}},"jetpack_sharing_enabled":true,"jetpack_likes_enabled":true,"jetpack-related-posts":[{"id":2940,"url":"https:\/\/catapa.be\/es\/sobre-nosotros\/catapistas\/","url_meta":{"origin":2966,"position":0},"title":"Catapistas","author":"Alienor de Sas","date":"20\/05\/2018","format":false,"excerpt":"[vc_row equal_height=\"yes\" css=\".vc_custom_1535399346438{margin-top: 0px !important;margin-bottom: 0px !important;}\"][vc_column css_animation=\"none\" css=\".vc_custom_1535399353662{margin-top: 0px !important;margin-bottom: 0px !important;}\"][vc_cta h2=\"Los Catapistas\" h4=\"Somos unos 100 j\u00f3venes voluntarios y m\u00e1s de 1000 simpatizantes. Ofrecemos un compromiso concreto y orientado hacia la acci\u00f3n para quienes est\u00e1n comprometidos con un mundo sostenible.\" style=\"custom\" custom_background=\"#01a053\" custom_text=\"#ffffff\"][\/vc_cta][\/vc_column][\/vc_row][vc_row full_width=\"stretch_row\" content_placement=\"middle\" css=\".vc_custom_1535399374493{margin-top: 0px !important;margin-bottom:\u2026","rel":"","context":"Entrada similar","block_context":{"text":"Entrada similar","link":""},"img":{"alt_text":"","src":"","width":0,"height":0},"classes":[]},{"id":9795,"url":"https:\/\/catapa.be\/es\/rgpd-declaracion-de-privacidad-cookies-info\/","url_meta":{"origin":2966,"position":1},"title":"RGPD &#8211; Declaraci\u00f3n de privacidad &#8211; Cookies Info","author":"H\u00e9ctor Cabezudo","date":"19\/02\/2019","format":false,"excerpt":"[vc_row][vc_column][vc_column_text] RGPD - Declaraci\u00f3n de privacidad [\/vc_column_text][vc_column_text]CATAPA vzw otorga gran importancia a la protecci\u00f3n de sus datos personales (y respeta su privacidad). En esta declaraci\u00f3n de privacidad proporcionaremos informaci\u00f3n clara y transparente sobre c\u00f3mo manejamos los datos personales. Hacemos todos los esfuerzos posibles para garantizar su privacidad y, por lo\u2026","rel":"","context":"Entrada similar","block_context":{"text":"Entrada similar","link":""},"img":{"alt_text":"","src":"","width":0,"height":0},"classes":[]},{"id":7634,"url":"https:\/\/catapa.be\/es\/actua-ahora\/coviertete-en-change-maker\/","url_meta":{"origin":2966,"position":2},"title":"Convi\u00e9rtete en Changemaker","author":"Alienor de Sas","date":"27\/08\/2018","format":false,"excerpt":"[vc_row equal_height=\"yes\"][vc_column css_animation=\"none\"][vc_cta h2=\"\u00bfTienes curiosidad sobre el origen de los metales en tu smartphone?\" h4=\" \u00bfSab\u00edas que la miner\u00eda est\u00e1 muy relacionada con abusos de derechos humanos y destrucci\u00f3n medioambiental? \u00bfTe gustar\u00eda adquirir m\u00e1s conocimientos, desarrollar habilidades y ganar experiencia en llevar a cabo un cambio positivo? Ap\u00fantate a nuestro\u2026","rel":"","context":"Entrada similar","block_context":{"text":"Entrada similar","link":""},"img":{"alt_text":"","src":"https:\/\/i0.wp.com\/catapa.be\/wp-content\/uploads\/2018\/08\/flag_yellow_high-300x200.jpg?resize=350%2C200","width":350,"height":200},"classes":[]},{"id":8371,"url":"https:\/\/catapa.be\/es\/labor\/grupos-de-trabajo-2\/","url_meta":{"origin":2966,"position":3},"title":"Grupos de trabajo","author":"admin","date":"04\/12\/2018","format":false,"excerpt":"[vc_row css=\".vc_custom_1533807373745{margin-top: -50px !important;margin-bottom: 50px !important;}\"][vc_column][vc_cta h2=\"El trabajo de CATAPA...\" h4=\"... se divide en ``grupos de trabajo del sur``, que se refiere al trabajo que realizamos directamente con nuestras organizaciones asociadas en Latino Am\u00e9rica; y ``grupos de trabajo del norte``, que incluye todo lo que se realiza desde B\u00e9lgica, donde\u2026","rel":"","context":"Entrada similar","block_context":{"text":"Entrada similar","link":""},"img":{"alt_text":"","src":"","width":0,"height":0},"classes":[]},{"id":2979,"url":"https:\/\/catapa.be\/es\/actua-ahora\/dona-ahora\/","url_meta":{"origin":2966,"position":4},"title":"Dona ahora","author":"Alienor de Sas","date":"20\/05\/2018","format":false,"excerpt":"[vc_row equal_height=\"yes\"][vc_column css_animation=\"none\"][vc_cta h2=\"Colabora con CATAPA\" h4=\"CATAPA es un movimiento cr\u00edtico y tenaz, en constante crecimiento, que se atreve a luchar por un planeta m\u00e1s sostenible y justo. Desde CATAPA apoyamos sociedades en Latinoam\u00e9rica que se encuentran amenazadas por proyectos mineros masivos y por el impacto social y ecol\u00f3gico de\u2026","rel":"","context":"Entrada similar","block_context":{"text":"Entrada similar","link":""},"img":{"alt_text":"","src":"","width":0,"height":0},"classes":[]},{"id":3048,"url":"https:\/\/catapa.be\/es\/labor\/grupos-de-trabajo\/","url_meta":{"origin":2966,"position":5},"title":"Grupos de trabajo","author":"Alienor de Sas","date":"20\/05\/2018","format":false,"excerpt":"[vc_row css=\".vc_custom_1533807373745{margin-top: -50px !important;margin-bottom: 50px !important;}\"][vc_column][vc_cta 0=\"h4=``...se\" 1=\"divide\" 2=\"en\" 3=\"``grupos\" 4=\"de\" 5=\"trabajo\" 6=\"del\" 7=\"Sur``,\" 8=\"que\" 9=\"alberga\" 10=\"nuestro\" 11=\"trabajo\" 12=\"directo\" 13=\"con\" 14=\"las\" 15=\"organizaciones\" 16=\"asociadas\" 17=\"en\" 18=\"Am\u00e9rica\" 19=\"Latina;\" 20=\"y\" 21=\"``grupos\" 22=\"de\" 23=\"trabajo\" 24=\"del\" 25=\"Norte``,\" 26=\"que\" 27=\"incluye\" 28=\"todas\" 29=\"las\" 30=\"actividades\" 31=\"que\" 32=\"se\" 33=\"llevan\" 34=\"a\" 35=\"cabo\" 36=\"desde\" 37=\"B\u00e9lgica,\" 38=\"donde\" 39=\"se\" 40=\"encuentra\" 41=\"la\" 42=\"sede\" 43=\"de\"\u2026","rel":"","context":"Entrada similar","block_context":{"text":"Entrada similar","link":""},"img":{"alt_text":"","src":"","width":0,"height":0},"classes":[]}],"_links":{"self":[{"href":"https:\/\/catapa.be\/es\/wp-json\/wp\/v2\/pages\/2966","targetHints":{"allow":["GET"]}}],"collection":[{"href":"https:\/\/catapa.be\/es\/wp-json\/wp\/v2\/pages"}],"about":[{"href":"https:\/\/catapa.be\/es\/wp-json\/wp\/v2\/types\/page"}],"author":[{"embeddable":true,"href":"https:\/\/catapa.be\/es\/wp-json\/wp\/v2\/users\/2"}],"replies":[{"embeddable":true,"href":"https:\/\/catapa.be\/es\/wp-json\/wp\/v2\/comments?post=2966"}],"version-history":[{"count":16,"href":"https:\/\/catapa.be\/es\/wp-json\/wp\/v2\/pages\/2966\/revisions"}],"predecessor-version":[{"id":15040,"href":"https:\/\/catapa.be\/es\/wp-json\/wp\/v2\/pages\/2966\/revisions\/15040"}],"up":[{"embeddable":true,"href":"https:\/\/catapa.be\/es\/wp-json\/wp\/v2\/pages\/2962"}],"wp:attachment":[{"href":"https:\/\/catapa.be\/es\/wp-json\/wp\/v2\/media?parent=2966"}],"curies":[{"name":"wp","href":"https:\/\/api.w.org\/{rel}","templated":true}]}}