{"id":3016,"date":"2018-05-20T10:11:34","date_gmt":"2018-05-20T08:11:34","guid":{"rendered":"http:\/\/catapa.be\/?page_id=3016"},"modified":"2022-04-08T16:54:09","modified_gmt":"2022-04-08T14:54:09","slug":"campanas","status":"publish","type":"page","link":"https:\/\/catapa.be\/es\/labor\/campanas\/","title":{"rendered":"Campa\u00f1as y proyectos"},"content":{"rendered":"<div class=\"wpb-content-wrapper\"><p>[vc_row css=&#8221;.vc_custom_1533807373745{margin-top: -50px !important;margin-bottom: 50px !important;}&#8221;][vc_column width=&#8221;1\/2&#8243;][vc_cta h2=&#8221;Trabajamos con proyectos y campa\u00f1as.&#8221; h4=&#8221;Actualmente nuestro trabajo se enfoca mayoritariamente en la campa\u00f1a Make ICT Fair y en los proyectos NEMO y Fair ICT Flanders.&#8221; style=&#8221;custom&#8221; css_animation=&#8221;none&#8221; custom_background=&#8221;#01a053&#8243; custom_text=&#8221;#ffffff&#8221;][\/vc_cta][\/vc_column][vc_column width=&#8221;1\/2&#8243;][vc_cta h2=&#8221;Campa\u00f1a actual&#8221; style=&#8221;custom&#8221; add_button=&#8221;bottom&#8221; btn_title=&#8221;Ctrl Alt Delete p\u00e1gina web!&#8221; btn_color=&#8221;danger&#8221; css_animation=&#8221;none&#8221; custom_background=&#8221;#0214d8&#8243; custom_text=&#8221;#ffffff&#8221; btn_link=&#8221;url:https%3A%2F%2Fwww.ctrlaltdelete.be%2F|target:_blank&#8221; el_class=&#8221;wittetekst typtekst kleinetekst&#8221;]<img data-recalc-dims=\"1\" loading=\"lazy\" decoding=\"async\" class=\"wp-image-24542 size-thumbnail alignleft\" src=\"https:\/\/i0.wp.com\/catapa.be\/wp-content\/uploads\/2021\/11\/cropped-cropped-ctrlaltdel.png?resize=150%2C150&#038;ssl=1\" alt=\"geplande veroudering ctrl alt delete campagne\" width=\"150\" height=\"150\" srcset=\"https:\/\/i0.wp.com\/catapa.be\/wp-content\/uploads\/2021\/11\/cropped-cropped-ctrlaltdel.png?resize=150%2C150&amp;ssl=1 150w, https:\/\/i0.wp.com\/catapa.be\/wp-content\/uploads\/2021\/11\/cropped-cropped-ctrlaltdel.png?resize=160%2C160&amp;ssl=1 160w, https:\/\/i0.wp.com\/catapa.be\/wp-content\/uploads\/2021\/11\/cropped-cropped-ctrlaltdel.png?w=250&amp;ssl=1 250w\" sizes=\"auto, (max-width: 150px) 100vw, 150px\" \/><strong>CTRL ALT DELETE<\/strong><\/p>\n<p><strong>Una campa\u00f1a sobre obsolescencia programada.<\/strong>[\/vc_cta][\/vc_column][\/vc_row][vc_row full_width=&#8221;stretch_row&#8221; content_placement=&#8221;middle&#8221; css=&#8221;.vc_custom_1533808586582{margin-top: -100px !important;background-color: #f7f7f7 !important;}&#8221;][vc_column][vc_basic_grid post_type=&#8221;post&#8221; max_items=&#8221;10&#8243; orderby=&#8221;title&#8221; grid_id=&#8221;vc_gid:1649429552848-3603aa96-eff7-7&#8243; exclude=&#8221;7582, 7578, 7298, 7286, 7278, 8771, 9217, 7499, 10414, 10372&#8243; taxonomies=&#8221;476&#8243;][\/vc_column][\/vc_row]<\/p>\n<\/div>","protected":false},"excerpt":{"rendered":"<p>[vc_row css=&#8221;.vc_custom_1533807373745{margin-top: -50px !important;margin-bottom: 50px !important;}&#8221;][vc_column width=&#8221;1\/2&#8243;][vc_cta h2=&#8221;Trabajamos con proyectos y campa\u00f1as.&#8221; h4=&#8221;Actualmente nuestro trabajo se enfoca mayoritariamente en la campa\u00f1a Make ICT Fair y en los proyectos NEMO y Fair ICT Flanders.&#8221; style=&#8221;custom&#8221; css_animation=&#8221;none&#8221;<br \/><a class=\"read-more\" href=\"https:\/\/catapa.be\/es\/labor\/campanas\/\">Read More<\/a><\/p>\n","protected":false},"author":2,"featured_media":0,"parent":3014,"menu_order":2,"comment_status":"closed","ping_status":"closed","template":"","meta":{"_exactmetrics_skip_tracking":false,"_exactmetrics_sitenote_active":false,"_exactmetrics_sitenote_note":"","_exactmetrics_sitenote_category":0,"jetpack_post_was_ever_published":false,"footnotes":""},"class_list":["post-3016","page","type-page","status-publish","hentry"],"yoast_head":"<!-- This site is optimized with the Yoast SEO plugin v26.8 - https:\/\/yoast.com\/product\/yoast-seo-wordpress\/ -->\n<title>Campa\u00f1as y proyectos - CATAPA vzw<\/title>\n<meta name=\"description\" content=\"Catapa vzw: campa\u00f1as y proyectos: Ctrl Alt Delete, Nemo, Fair ICT Flanders, Make ICT Fair, ...\" \/>\n<meta name=\"robots\" content=\"index, follow, max-snippet:-1, max-image-preview:large, max-video-preview:-1\" \/>\n<link rel=\"canonical\" href=\"https:\/\/catapa.be\/es\/labor\/campanas\/\" \/>\n<meta property=\"og:locale\" content=\"es_ES\" \/>\n<meta property=\"og:type\" content=\"article\" \/>\n<meta property=\"og:title\" content=\"Campa\u00f1as y proyectos - CATAPA vzw\" \/>\n<meta property=\"og:description\" content=\"Catapa vzw: campa\u00f1as y proyectos: Ctrl Alt Delete, Nemo, Fair ICT Flanders, Make ICT Fair, ...\" \/>\n<meta property=\"og:url\" content=\"https:\/\/catapa.be\/es\/labor\/campanas\/\" \/>\n<meta property=\"og:site_name\" content=\"CATAPA vzw\" \/>\n<meta property=\"article:publisher\" content=\"https:\/\/www.facebook.com\/catapa.belgium\/\" \/>\n<meta property=\"article:modified_time\" content=\"2022-04-08T14:54:09+00:00\" \/>\n<meta property=\"og:image\" content=\"https:\/\/catapa.be\/wp-content\/uploads\/2021\/11\/cropped-cropped-ctrlaltdel-150x150.png\" \/>\n<meta name=\"twitter:card\" content=\"summary_large_image\" \/>\n<meta name=\"twitter:site\" content=\"@CATAPA_Belgica\" \/>\n<meta name=\"twitter:label1\" content=\"Tiempo de lectura\" \/>\n\t<meta name=\"twitter:data1\" content=\"1 minute\" \/>\n<script type=\"application\/ld+json\" class=\"yoast-schema-graph\">{\"@context\":\"https:\/\/schema.org\",\"@graph\":[{\"@type\":\"WebPage\",\"@id\":\"https:\/\/catapa.be\/es\/labor\/campanas\/\",\"url\":\"https:\/\/catapa.be\/es\/labor\/campanas\/\",\"name\":\"Campa\u00f1as y proyectos - CATAPA vzw\",\"isPartOf\":{\"@id\":\"https:\/\/catapa.be\/es\/#website\"},\"primaryImageOfPage\":{\"@id\":\"https:\/\/catapa.be\/es\/labor\/campanas\/#primaryimage\"},\"image\":{\"@id\":\"https:\/\/catapa.be\/es\/labor\/campanas\/#primaryimage\"},\"thumbnailUrl\":\"https:\/\/catapa.be\/wp-content\/uploads\/2021\/11\/cropped-cropped-ctrlaltdel-150x150.png\",\"datePublished\":\"2018-05-20T08:11:34+00:00\",\"dateModified\":\"2022-04-08T14:54:09+00:00\",\"description\":\"Catapa vzw: campa\u00f1as y proyectos: Ctrl Alt Delete, Nemo, Fair ICT Flanders, Make ICT Fair, ...\",\"breadcrumb\":{\"@id\":\"https:\/\/catapa.be\/es\/labor\/campanas\/#breadcrumb\"},\"inLanguage\":\"es-ES\",\"potentialAction\":[{\"@type\":\"ReadAction\",\"target\":[\"https:\/\/catapa.be\/es\/labor\/campanas\/\"]}]},{\"@type\":\"ImageObject\",\"inLanguage\":\"es-ES\",\"@id\":\"https:\/\/catapa.be\/es\/labor\/campanas\/#primaryimage\",\"url\":\"https:\/\/catapa.be\/wp-content\/uploads\/2021\/11\/cropped-cropped-ctrlaltdel-150x150.png\",\"contentUrl\":\"https:\/\/catapa.be\/wp-content\/uploads\/2021\/11\/cropped-cropped-ctrlaltdel-150x150.png\"},{\"@type\":\"BreadcrumbList\",\"@id\":\"https:\/\/catapa.be\/es\/labor\/campanas\/#breadcrumb\",\"itemListElement\":[{\"@type\":\"ListItem\",\"position\":1,\"name\":\"Home\",\"item\":\"https:\/\/catapa.be\/es\/\"},{\"@type\":\"ListItem\",\"position\":2,\"name\":\"Labor\",\"item\":\"https:\/\/catapa.be\/es\/labor\/\"},{\"@type\":\"ListItem\",\"position\":3,\"name\":\"Campa\u00f1as y proyectos\"}]},{\"@type\":\"WebSite\",\"@id\":\"https:\/\/catapa.be\/es\/#website\",\"url\":\"https:\/\/catapa.be\/es\/\",\"name\":\"CATAPA vzw\",\"description\":\"Comit\u00e9 Acad\u00e9mico T\u00e9cnico de Asesoramiento a Problemas Ambientales\",\"publisher\":{\"@id\":\"https:\/\/catapa.be\/es\/#organization\"},\"potentialAction\":[{\"@type\":\"SearchAction\",\"target\":{\"@type\":\"EntryPoint\",\"urlTemplate\":\"https:\/\/catapa.be\/es\/?s={search_term_string}\"},\"query-input\":{\"@type\":\"PropertyValueSpecification\",\"valueRequired\":true,\"valueName\":\"search_term_string\"}}],\"inLanguage\":\"es-ES\"},{\"@type\":\"Organization\",\"@id\":\"https:\/\/catapa.be\/es\/#organization\",\"name\":\"CATAPA vzw\",\"url\":\"https:\/\/catapa.be\/es\/\",\"logo\":{\"@type\":\"ImageObject\",\"inLanguage\":\"es-ES\",\"@id\":\"https:\/\/catapa.be\/es\/#\/schema\/logo\/image\/\",\"url\":\"https:\/\/i0.wp.com\/catapa.be\/wp-content\/uploads\/2019\/02\/NEW20LOGO20SHORT20PNG1.png?fit=1259%2C1321&ssl=1\",\"contentUrl\":\"https:\/\/i0.wp.com\/catapa.be\/wp-content\/uploads\/2019\/02\/NEW20LOGO20SHORT20PNG1.png?fit=1259%2C1321&ssl=1\",\"width\":1259,\"height\":1321,\"caption\":\"CATAPA vzw\"},\"image\":{\"@id\":\"https:\/\/catapa.be\/es\/#\/schema\/logo\/image\/\"},\"sameAs\":[\"https:\/\/www.facebook.com\/catapa.belgium\/\",\"https:\/\/x.com\/CATAPA_Belgica\",\"https:\/\/www.instagram.com\/catapa_vzw\/\",\"https:\/\/be.linkedin.com\/company\/catapavzw\",\"https:\/\/www.youtube.com\/channel\/UCE52-Fiyv-Fpqf2gi1qhf1g\"]}]}<\/script>\n<!-- \/ Yoast SEO plugin. -->","yoast_head_json":{"title":"Campa\u00f1as y proyectos - CATAPA vzw","description":"Catapa vzw: campa\u00f1as y proyectos: Ctrl Alt Delete, Nemo, Fair ICT Flanders, Make ICT Fair, ...","robots":{"index":"index","follow":"follow","max-snippet":"max-snippet:-1","max-image-preview":"max-image-preview:large","max-video-preview":"max-video-preview:-1"},"canonical":"https:\/\/catapa.be\/es\/labor\/campanas\/","og_locale":"es_ES","og_type":"article","og_title":"Campa\u00f1as y proyectos - CATAPA vzw","og_description":"Catapa vzw: campa\u00f1as y proyectos: Ctrl Alt Delete, Nemo, Fair ICT Flanders, Make ICT Fair, ...","og_url":"https:\/\/catapa.be\/es\/labor\/campanas\/","og_site_name":"CATAPA vzw","article_publisher":"https:\/\/www.facebook.com\/catapa.belgium\/","article_modified_time":"2022-04-08T14:54:09+00:00","og_image":[{"url":"https:\/\/catapa.be\/wp-content\/uploads\/2021\/11\/cropped-cropped-ctrlaltdel-150x150.png","type":"","width":"","height":""}],"twitter_card":"summary_large_image","twitter_site":"@CATAPA_Belgica","twitter_misc":{"Tiempo de lectura":"1 minute"},"schema":{"@context":"https:\/\/schema.org","@graph":[{"@type":"WebPage","@id":"https:\/\/catapa.be\/es\/labor\/campanas\/","url":"https:\/\/catapa.be\/es\/labor\/campanas\/","name":"Campa\u00f1as y proyectos - CATAPA vzw","isPartOf":{"@id":"https:\/\/catapa.be\/es\/#website"},"primaryImageOfPage":{"@id":"https:\/\/catapa.be\/es\/labor\/campanas\/#primaryimage"},"image":{"@id":"https:\/\/catapa.be\/es\/labor\/campanas\/#primaryimage"},"thumbnailUrl":"https:\/\/catapa.be\/wp-content\/uploads\/2021\/11\/cropped-cropped-ctrlaltdel-150x150.png","datePublished":"2018-05-20T08:11:34+00:00","dateModified":"2022-04-08T14:54:09+00:00","description":"Catapa vzw: campa\u00f1as y proyectos: Ctrl Alt Delete, Nemo, Fair ICT Flanders, Make ICT Fair, ...","breadcrumb":{"@id":"https:\/\/catapa.be\/es\/labor\/campanas\/#breadcrumb"},"inLanguage":"es-ES","potentialAction":[{"@type":"ReadAction","target":["https:\/\/catapa.be\/es\/labor\/campanas\/"]}]},{"@type":"ImageObject","inLanguage":"es-ES","@id":"https:\/\/catapa.be\/es\/labor\/campanas\/#primaryimage","url":"https:\/\/catapa.be\/wp-content\/uploads\/2021\/11\/cropped-cropped-ctrlaltdel-150x150.png","contentUrl":"https:\/\/catapa.be\/wp-content\/uploads\/2021\/11\/cropped-cropped-ctrlaltdel-150x150.png"},{"@type":"BreadcrumbList","@id":"https:\/\/catapa.be\/es\/labor\/campanas\/#breadcrumb","itemListElement":[{"@type":"ListItem","position":1,"name":"Home","item":"https:\/\/catapa.be\/es\/"},{"@type":"ListItem","position":2,"name":"Labor","item":"https:\/\/catapa.be\/es\/labor\/"},{"@type":"ListItem","position":3,"name":"Campa\u00f1as y proyectos"}]},{"@type":"WebSite","@id":"https:\/\/catapa.be\/es\/#website","url":"https:\/\/catapa.be\/es\/","name":"CATAPA vzw","description":"Comit\u00e9 Acad\u00e9mico T\u00e9cnico de Asesoramiento a Problemas Ambientales","publisher":{"@id":"https:\/\/catapa.be\/es\/#organization"},"potentialAction":[{"@type":"SearchAction","target":{"@type":"EntryPoint","urlTemplate":"https:\/\/catapa.be\/es\/?s={search_term_string}"},"query-input":{"@type":"PropertyValueSpecification","valueRequired":true,"valueName":"search_term_string"}}],"inLanguage":"es-ES"},{"@type":"Organization","@id":"https:\/\/catapa.be\/es\/#organization","name":"CATAPA vzw","url":"https:\/\/catapa.be\/es\/","logo":{"@type":"ImageObject","inLanguage":"es-ES","@id":"https:\/\/catapa.be\/es\/#\/schema\/logo\/image\/","url":"https:\/\/i0.wp.com\/catapa.be\/wp-content\/uploads\/2019\/02\/NEW20LOGO20SHORT20PNG1.png?fit=1259%2C1321&ssl=1","contentUrl":"https:\/\/i0.wp.com\/catapa.be\/wp-content\/uploads\/2019\/02\/NEW20LOGO20SHORT20PNG1.png?fit=1259%2C1321&ssl=1","width":1259,"height":1321,"caption":"CATAPA vzw"},"image":{"@id":"https:\/\/catapa.be\/es\/#\/schema\/logo\/image\/"},"sameAs":["https:\/\/www.facebook.com\/catapa.belgium\/","https:\/\/x.com\/CATAPA_Belgica","https:\/\/www.instagram.com\/catapa_vzw\/","https:\/\/be.linkedin.com\/company\/catapavzw","https:\/\/www.youtube.com\/channel\/UCE52-Fiyv-Fpqf2gi1qhf1g"]}]}},"jetpack_sharing_enabled":true,"jetpack_likes_enabled":true,"jetpack-related-posts":[{"id":3018,"url":"https:\/\/catapa.be\/nl\/ons-werk\/campagnes\/","url_meta":{"origin":3016,"position":0},"title":"Campagnes en projecten","author":"Alienor de Sas","date":"20\/05\/2018","format":false,"excerpt":"[vc_row css=\".vc_custom_1533807373745{margin-top: -50px !important;margin-bottom: 50px !important;}\"][vc_column width=\"1\/2\"][vc_cta h2=\"Wij werken campagne- en projectmatig.\" h4=\"De campagne Make ICT Fair en de projecten NEMO en Fair ICT Flanders beheersen momenteel voornamelijk onze werking.\" style=\"custom\" css_animation=\"none\" custom_background=\"#01a053\" custom_text=\"#ffffff\"][\/vc_cta][\/vc_column][vc_column width=\"1\/2\"][vc_cta h2=\"Huidige campagne\" style=\"custom\" add_button=\"bottom\" btn_title=\"Ga naar de Ctrl Alt Delete Website!\" btn_color=\"danger\" btn_size=\"lg\" css_animation=\"none\" custom_background=\"#021ce0\"\u2026","rel":"","context":"Entrada similar","block_context":{"text":"Entrada similar","link":""},"img":{"alt_text":"geplande veroudering ctrl alt delete campagne","src":"https:\/\/i0.wp.com\/catapa.be\/wp-content\/uploads\/2021\/11\/cropped-cropped-ctrlaltdel-150x150.png?resize=350%2C200&ssl=1","width":350,"height":200},"classes":[]},{"id":30731,"url":"https:\/\/catapa.be\/nl\/ons-werk\/campagnes-en-projecten\/","url_meta":{"origin":3016,"position":1},"title":"Campagnes en projecten","author":"Truike Geerts","date":"05\/07\/2022","format":false,"excerpt":"[vc_row css=\".vc_custom_1533807373745{margin-top: -50px !important;margin-bottom: 50px !important;}\"][vc_column width=\"1\/2\"][vc_cta h2=\"Wij werken campagne- en projectmatig.\" h4=\"De campagne Make ICT Fair en de projecten NEMO en Fair ICT Flanders beheersen momenteel voornamelijk onze werking.\" style=\"custom\" css_animation=\"none\" custom_background=\"#01a053\" custom_text=\"#ffffff\"][\/vc_cta][\/vc_column][vc_column width=\"1\/2\"][vc_cta h2=\"Huidige campagne\" style=\"custom\" add_button=\"bottom\" btn_title=\"Ga naar de Ctrl Alt Delete Website!\" btn_color=\"danger\" btn_size=\"lg\" css_animation=\"none\" custom_background=\"#021ce0\"\u2026","rel":"","context":"Entrada similar","block_context":{"text":"Entrada similar","link":""},"img":{"alt_text":"geplande veroudering ctrl alt delete campagne","src":"https:\/\/i0.wp.com\/catapa.be\/wp-content\/uploads\/2021\/11\/cropped-cropped-ctrlaltdel-150x150.png?resize=350%2C200&ssl=1","width":350,"height":200},"classes":[]},{"id":2686,"url":"https:\/\/catapa.be\/en\/how-we-work\/catapa-campaigns-and-projects\/","url_meta":{"origin":3016,"position":2},"title":"Campaigns and projects","author":"Alienor de Sas","date":"20\/05\/2018","format":false,"excerpt":"[vc_row css=\".vc_custom_1533807373745{margin-top: -50px !important;margin-bottom: 50px !important;}\"][vc_column width=\"1\/2\"][vc_cta h2=\"We work project- and campaign-based.\" h4=\"The campaign Make ICT Fair and the projects NEMO and Fair ICT Flanders currently take up most of our work.\" style=\"custom\" css_animation=\"none\" custom_background=\"#01a053\" custom_text=\"#ffffff\"][\/vc_cta][\/vc_column][vc_column width=\"1\/2\"][vc_cta h2=\"Current Campaign\" style=\"custom\" add_button=\"bottom\" btn_title=\"More about Ctrl Alt Delete\" btn_color=\"danger\" css_animation=\"none\" custom_background=\"#1801c6\" custom_text=\"#ffffff\"\u2026","rel":"","context":"Entrada similar","block_context":{"text":"Entrada similar","link":""},"img":{"alt_text":"geplande veroudering ctrl alt delete campagne","src":"https:\/\/i0.wp.com\/catapa.be\/wp-content\/uploads\/2021\/11\/cropped-cropped-ctrlaltdel-150x150.png?resize=350%2C200&ssl=1","width":350,"height":200},"classes":[]},{"id":2979,"url":"https:\/\/catapa.be\/es\/actua-ahora\/dona-ahora\/","url_meta":{"origin":3016,"position":3},"title":"Dona ahora","author":"Alienor de Sas","date":"20\/05\/2018","format":false,"excerpt":"[vc_row equal_height=\"yes\"][vc_column css_animation=\"none\"][vc_cta h2=\"Colabora con CATAPA\" h4=\"CATAPA es un movimiento cr\u00edtico y tenaz, en constante crecimiento, que se atreve a luchar por un planeta m\u00e1s sostenible y justo. Desde CATAPA apoyamos sociedades en Latinoam\u00e9rica que se encuentran amenazadas por proyectos mineros masivos y por el impacto social y ecol\u00f3gico de\u2026","rel":"","context":"Entrada similar","block_context":{"text":"Entrada similar","link":""},"img":{"alt_text":"","src":"","width":0,"height":0},"classes":[]},{"id":2659,"url":"https:\/\/catapa.be\/en\/about-us\/catapistas\/","url_meta":{"origin":3016,"position":4},"title":"Catapistas","author":"Alienor de Sas","date":"20\/05\/2018","format":false,"excerpt":"[vc_row equal_height=\"yes\" css=\".vc_custom_1535398842996{margin-top: 0px !important;margin-bottom: 0px !important;}\"][vc_column css_animation=\"none\" css=\".vc_custom_1535398905449{margin-top: 0px !important;margin-bottom: 0px !important;}\"][vc_cta h2=\"The Catapistas\" h4=\"We are a group of around 100 volunteers and more than 1000 subscribers. We offer a specific and action-oriented involvement for anyone who is committed to a more sustainable society.\" style=\"custom\" custom_background=\"#009c55\" custom_text=\"#ffffff\"][\/vc_cta][\/vc_column][\/vc_row][vc_row full_width=\"stretch_row\" content_placement=\"middle\"\u2026","rel":"","context":"Entrada similar","block_context":{"text":"Entrada similar","link":""},"img":{"alt_text":"","src":"","width":0,"height":0},"classes":[]},{"id":3043,"url":"https:\/\/catapa.be\/es\/labor\/estrategia\/","url_meta":{"origin":3016,"position":5},"title":"Estrategia","author":"Alienor de Sas","date":"20\/05\/2018","format":false,"excerpt":"[vc_row css=\".vc_custom_1533807373745{margin-top: -50px !important;margin-bottom: 50px !important;}\"][vc_column][vc_cta h2=\"CATAPA es un movimiento cr\u00edtico de ciudadan\u00eda activa.\" h4=\"Traspasando fronteras luchamos, de manera horizontal, por un mundo donde la explotaci\u00f3n de recursos naturales no sostenibles ya no ser\u00e1 necesaria.\" style=\"custom\" css_animation=\"none\" custom_background=\"#01a053\" custom_text=\"#ffffff\"][\/vc_cta][\/vc_column][\/vc_row][vc_row full_width=\"stretch_row\" content_placement=\"middle\" css=\".vc_custom_1533808586582{margin-top: -100px !important;background-color: #f7f7f7 !important;}\"][vc_column][vc_column_text] CATAPA es\u00a0un movimiento cr\u00edtico\u2026","rel":"","context":"Entrada similar","block_context":{"text":"Entrada similar","link":""},"img":{"alt_text":"","src":"","width":0,"height":0},"classes":[]}],"_links":{"self":[{"href":"https:\/\/catapa.be\/es\/wp-json\/wp\/v2\/pages\/3016","targetHints":{"allow":["GET"]}}],"collection":[{"href":"https:\/\/catapa.be\/es\/wp-json\/wp\/v2\/pages"}],"about":[{"href":"https:\/\/catapa.be\/es\/wp-json\/wp\/v2\/types\/page"}],"author":[{"embeddable":true,"href":"https:\/\/catapa.be\/es\/wp-json\/wp\/v2\/users\/2"}],"replies":[{"embeddable":true,"href":"https:\/\/catapa.be\/es\/wp-json\/wp\/v2\/comments?post=3016"}],"version-history":[{"count":10,"href":"https:\/\/catapa.be\/es\/wp-json\/wp\/v2\/pages\/3016\/revisions"}],"predecessor-version":[{"id":29048,"href":"https:\/\/catapa.be\/es\/wp-json\/wp\/v2\/pages\/3016\/revisions\/29048"}],"up":[{"embeddable":true,"href":"https:\/\/catapa.be\/es\/wp-json\/wp\/v2\/pages\/3014"}],"wp:attachment":[{"href":"https:\/\/catapa.be\/es\/wp-json\/wp\/v2\/media?parent=3016"}],"curies":[{"name":"wp","href":"https:\/\/api.w.org\/{rel}","templated":true}]}}