{"id":3043,"date":"2018-05-20T10:10:11","date_gmt":"2018-05-20T08:10:11","guid":{"rendered":"http:\/\/catapa.be\/?page_id=3043"},"modified":"2019-07-22T17:18:43","modified_gmt":"2019-07-22T15:18:43","slug":"estrategia","status":"publish","type":"page","link":"https:\/\/catapa.be\/es\/labor\/estrategia\/","title":{"rendered":"Estrategia"},"content":{"rendered":"<div class=\"wpb-content-wrapper\"><p>[vc_row css=&#8221;.vc_custom_1533807373745{margin-top: -50px !important;margin-bottom: 50px !important;}&#8221;][vc_column][vc_cta h2=&#8221;CATAPA es un movimiento cr\u00edtico de ciudadan\u00eda activa.&#8221; h4=&#8221;Traspasando fronteras luchamos, de manera horizontal, por un mundo donde la explotaci\u00f3n de recursos naturales no sostenibles ya no ser\u00e1 necesaria.&#8221; style=&#8221;custom&#8221; css_animation=&#8221;none&#8221; custom_background=&#8221;#01a053&#8243; custom_text=&#8221;#ffffff&#8221;][\/vc_cta][\/vc_column][\/vc_row][vc_row full_width=&#8221;stretch_row&#8221; content_placement=&#8221;middle&#8221; css=&#8221;.vc_custom_1533808586582{margin-top: -100px !important;background-color: #f7f7f7 !important;}&#8221;][vc_column][vc_column_text]<\/p>\r\n<p><span style=\"font-weight: 400;\">CATAPA es\u00a0un <strong>movimiento<\/strong> cr\u00edtico de ciudadan\u00eda activa. Traspasando fronteras luchamos, de manera horizontal, por un mundo donde la explotaci\u00f3n de recursos naturales no sostenibles ya no ser\u00e1 necesaria. Nos comprometemos con una transici\u00f3n hacia un modelo que garantice la justicia socio-ecol\u00f3gica y econ\u00f3mica. Catapa es un movimiento de voluntarios y forma parte de una <strong>red<\/strong> global de movimientos de base en la que ponemos en contacto a diferentes actores principales y fomentamos el fortalecimiento y apoyo mutuo.<\/span><\/p>\r\n<p><span style=\"font-weight: 400;\">A trav\u00e9s de <strong>actividades<\/strong> y <strong>campa\u00f1as educativas<\/strong>, creamos conciencia sobre temas relacionados con la industria del metal. Alentamos al p\u00fablico a adoptar un uso cr\u00edtico de los productos que contienen metales y a reaccionar ante todas las formas de injusticia que acompa\u00f1an a a miner\u00eda a cielo abierto. A trav\u00e9s de esto, nuestro objetivo es crear una sociedad que viva de una manera m\u00e1s consciente y razonable, y que, por extensi\u00f3n, consuma menos recursos. Organizamos <a href=\"https:\/\/catapa.be\/es\/actua-ahora\/ponencias-y-talleres\/\">talleres y conferencias<\/a> en Bruselas y Flandes, dirigidos a estudiantes de secundaria y (j\u00f3venes) adultos. Adem\u00e1s de una amplia gama de eventos, tambi\u00e9n organizamos actividades educativas anuales, como nuestra semana Open Min(e)d. Durante esta actividad invitamos a ponentes que provienen de nuestras organizaciones asociadas a dar discursos durante una semana en universidades y academias, y a compartir sus historias durante eventos espec\u00edficos. Otro evento anual importante es nuestro festival de documentales\u00a0<\/span><i><span style=\"font-weight: 400;\">Doculatino<\/span><\/i><span style=\"font-weight: 400;\">, que se realiza en diferentes ciudades en Flandes y Bruselas. Finalmente, a trav\u00e9s del <a href=\"https:\/\/catapa.be\/es\/actua-ahora\/coviertete-en-change-maker\/\">programa &#8220;Changemakers&#8221;,<\/a>\u00a0ofrecemos a los y las Catapistas la capacidad de adquirir habilidades \u00fatiles a trav\u00e9s de diferentes entrenamientos que les permitan convertirse en creadores de cambio inspiradores y realizar acciones concretas para lograr cambios positivos en el mundo.<\/span><\/p>\r\n<p><span style=\"font-weight: 400;\">A trav\u00e9s de la <strong>investigaci\u00f3n<\/strong> buscamos modelos alternativos de consumo y de producci\u00f3n. Trabajamos en esto en cooperaci\u00f3n con academias y universidades (por ejemplo, a trav\u00e9s de la co-tutor\u00eda para realizar la <a href=\"\/?page_id=2972\">tesis<\/a> estudiantil). Junto con nuestros <a href=\"https:\/\/catapa.be\/es\/labor\/colaboraciones\/\">socios<\/a> de <a href=\"https:\/\/catapa.be\/es\/casos\/peru\/\">Per\u00fa<\/a>, <a href=\"https:\/\/catapa.be\/es\/casos\/colombia\/\">Colombia<\/a>, <a href=\"https:\/\/catapa.be\/es\/casos\/ecuador\/\">Ecuador<\/a> y <a href=\"https:\/\/catapa.be\/es\/bolivia\/\">Bolivia<\/a> buscamos soluciones para atajar los problemas relacionados con la contaminaci\u00f3n causada por la miner\u00eda y los impactos de los sitios de explotaci\u00f3n. Como ejemplo de esto, actualmente estamos ejecutando un proyecto, en cooperaci\u00f3n con la organizaci\u00f3n GRUFIDES y las comunidades locales de Cajamarca en Per\u00fa, para evaluar la calidad del agua en las \u00e1reas donde est\u00e1n presentes las minas y verificar que sea potable. En Bolivia estamos trabajando en cooperaci\u00f3n con CEPA y CORIDUP para instalar dispositivos de recolecci\u00f3n de agua de lluvia. Este \u00faltimo proyecto est\u00e1 motivado por el hecho de que las aguas subterr\u00e1neas en la regi\u00f3n han sido gravemente contaminadas como consecuencia de d\u00e9cadas de actividades mineras. Estos son solo algunos de nuestros proyectos actuales en Am\u00e9rica Latina (consultar <em>casos<\/em>). Catapa solo toma medidas a pedido y en cooperaci\u00f3n con las comunidades locales. En Europa tambi\u00e9n vamos en busca de alternativas. Por ejemplo, el <a href=\"https:\/\/catapa.be\/es\/proyecto-nemo\/\">proyecto <strong>NEMO<\/strong><\/a> tiene como objetivo introducir nuevas tecnolog\u00edas sostenibles para el reciclaje de los desechos mineros. Con este proyecto, CATAPA defiende la perspectiva de las comunidades locales a la hora de la implementaci\u00f3n de estas tecnolog\u00edas y ante las actividades mineras.<\/span><span style=\"font-weight: 400;\">\u00a0<\/span><\/p>\r\n<p><span style=\"font-weight: 400;\">Nuestros proyectos relacionados con la concienciaci\u00f3n y la investigaci\u00f3n se organizan moment\u00e1neamente en el marco de la campa\u00f1a <a href=\"https:\/\/catapa.be\/es\/labor\/campanas\/\">Make ICT Fair<\/a>, a trav\u00e9s de la cual colaboramos con otros diez socios europeos con el objetivo de alcanzar un sistema m\u00e1s sostenible donde los derechos humanos y el medio ambiente se respeten a trav\u00e9s de toda la cadena de producci\u00f3n de ICT.<\/span><\/p>\r\n<p><span style=\"font-weight: 400;\">Tambi\u00e9n intentamos concienciar a los actores clave del circuito de los metales sobre los diferentes problemas existentes, lo que incluye a las empresas de producci\u00f3n pero tambi\u00e9n a los clientes importantes como las instituciones gubernamentales y las escuelas. Al hacerlo, nuestro objetivo es trabajar juntos en posibles soluciones. Para los pr\u00f3ximos a\u00f1os planeamos centrar nuestra atenci\u00f3n en la contrataci\u00f3n p\u00fablica a trav\u00e9s del <a href=\"https:\/\/catapa.be\/es\/fair-ict-flanders\/\">proyecto <strong>Fair ICT Flanders<\/strong><\/a>. El objetivo es alentar tanto a las instituciones gubernamentales como a las empresas a elegir productos TIC sostenibles y justos y, por lo tanto, a tener un impacto positivo en la oferta de alternativas justas y sostenibles. Este \u00faltimo proyecto forma parte de las acciones de <strong>presi\u00f3n pol\u00edtica<\/strong> de CATAPA, a trav\u00e9s de las cuales nos esforzamos por convencer a las autoridades locales, nacionales y europeas para que apoyen alternativas m\u00e1s sostenibles. Con este objetivo en mente, organizamos, por ejemplo, en enero de 2018 una conferencia en el parlamento europeo llamada <a href=\"https:\/\/catapa.be\/es\/defensoras\/\">\u201cMujeres, igualdad de g\u00e9nero y justicia clim\u00e1tica: un caso para las defensoras\u201d,<\/a> con el objetivo de demostrar la necesidad de abordar los problemas relacionados con los derechos de las mujeres dentro de la industria extractiva.<\/span><\/p>\r\n<p>[\/vc_column_text][\/vc_column][\/vc_row][vc_row][vc_column][vc_column_text]<\/p>\r\n<p>[\/vc_column_text][\/vc_column][\/vc_row]<\/p><\/div>","protected":false},"excerpt":{"rendered":"<p>[vc_row css=&#8221;.vc_custom_1533807373745{margin-top: -50px !important;margin-bottom: 50px !important;}&#8221;][vc_column][vc_cta h2=&#8221;CATAPA es un movimiento cr\u00edtico de ciudadan\u00eda activa.&#8221; h4=&#8221;Traspasando fronteras luchamos, de manera horizontal, por un mundo donde la explotaci\u00f3n de recursos naturales no sostenibles ya no ser\u00e1 necesaria.&#8221;<br \/><a class=\"read-more\" href=\"https:\/\/catapa.be\/es\/labor\/estrategia\/\">Read More<\/a><\/p>\n","protected":false},"author":2,"featured_media":0,"parent":3014,"menu_order":1,"comment_status":"closed","ping_status":"closed","template":"","meta":{"_exactmetrics_skip_tracking":false,"_exactmetrics_sitenote_active":false,"_exactmetrics_sitenote_note":"","_exactmetrics_sitenote_category":0,"jetpack_post_was_ever_published":false,"footnotes":""},"class_list":["post-3043","page","type-page","status-publish","hentry"],"yoast_head":"<!-- This site is optimized with the Yoast SEO plugin v26.8 - https:\/\/yoast.com\/product\/yoast-seo-wordpress\/ -->\n<title>Estrategia - CATAPA vzw<\/title>\n<meta name=\"robots\" content=\"index, follow, max-snippet:-1, max-image-preview:large, max-video-preview:-1\" \/>\n<link rel=\"canonical\" href=\"https:\/\/catapa.be\/es\/labor\/estrategia\/\" \/>\n<meta property=\"og:locale\" content=\"es_ES\" \/>\n<meta property=\"og:type\" content=\"article\" \/>\n<meta property=\"og:title\" content=\"Estrategia - CATAPA vzw\" \/>\n<meta property=\"og:description\" content=\"[vc_row css=&#8221;.vc_custom_1533807373745{margin-top: -50px !important;margin-bottom: 50px !important;}&#8221;][vc_column][vc_cta h2=&#8221;CATAPA es un movimiento cr\u00edtico de ciudadan\u00eda activa.&#8221; h4=&#8221;Traspasando fronteras luchamos, de manera horizontal, por un mundo donde la explotaci\u00f3n de recursos naturales no sostenibles ya no ser\u00e1 necesaria.&#8221;Read More\" \/>\n<meta property=\"og:url\" content=\"https:\/\/catapa.be\/es\/labor\/estrategia\/\" \/>\n<meta property=\"og:site_name\" content=\"CATAPA vzw\" \/>\n<meta property=\"article:publisher\" content=\"https:\/\/www.facebook.com\/catapa.belgium\/\" \/>\n<meta property=\"article:modified_time\" content=\"2019-07-22T15:18:43+00:00\" \/>\n<meta name=\"twitter:card\" content=\"summary_large_image\" \/>\n<meta name=\"twitter:site\" content=\"@CATAPA_Belgica\" \/>\n<meta name=\"twitter:label1\" content=\"Tiempo de lectura\" \/>\n\t<meta name=\"twitter:data1\" content=\"5 minutes\" \/>\n<script type=\"application\/ld+json\" class=\"yoast-schema-graph\">{\"@context\":\"https:\/\/schema.org\",\"@graph\":[{\"@type\":\"WebPage\",\"@id\":\"https:\/\/catapa.be\/es\/labor\/estrategia\/\",\"url\":\"https:\/\/catapa.be\/es\/labor\/estrategia\/\",\"name\":\"Estrategia - CATAPA vzw\",\"isPartOf\":{\"@id\":\"https:\/\/catapa.be\/es\/#website\"},\"datePublished\":\"2018-05-20T08:10:11+00:00\",\"dateModified\":\"2019-07-22T15:18:43+00:00\",\"breadcrumb\":{\"@id\":\"https:\/\/catapa.be\/es\/labor\/estrategia\/#breadcrumb\"},\"inLanguage\":\"es-ES\",\"potentialAction\":[{\"@type\":\"ReadAction\",\"target\":[\"https:\/\/catapa.be\/es\/labor\/estrategia\/\"]}]},{\"@type\":\"BreadcrumbList\",\"@id\":\"https:\/\/catapa.be\/es\/labor\/estrategia\/#breadcrumb\",\"itemListElement\":[{\"@type\":\"ListItem\",\"position\":1,\"name\":\"Home\",\"item\":\"https:\/\/catapa.be\/es\/\"},{\"@type\":\"ListItem\",\"position\":2,\"name\":\"Labor\",\"item\":\"https:\/\/catapa.be\/es\/labor\/\"},{\"@type\":\"ListItem\",\"position\":3,\"name\":\"Estrategia\"}]},{\"@type\":\"WebSite\",\"@id\":\"https:\/\/catapa.be\/es\/#website\",\"url\":\"https:\/\/catapa.be\/es\/\",\"name\":\"CATAPA vzw\",\"description\":\"Comit\u00e9 Acad\u00e9mico T\u00e9cnico de Asesoramiento a Problemas Ambientales\",\"publisher\":{\"@id\":\"https:\/\/catapa.be\/es\/#organization\"},\"potentialAction\":[{\"@type\":\"SearchAction\",\"target\":{\"@type\":\"EntryPoint\",\"urlTemplate\":\"https:\/\/catapa.be\/es\/?s={search_term_string}\"},\"query-input\":{\"@type\":\"PropertyValueSpecification\",\"valueRequired\":true,\"valueName\":\"search_term_string\"}}],\"inLanguage\":\"es-ES\"},{\"@type\":\"Organization\",\"@id\":\"https:\/\/catapa.be\/es\/#organization\",\"name\":\"CATAPA vzw\",\"url\":\"https:\/\/catapa.be\/es\/\",\"logo\":{\"@type\":\"ImageObject\",\"inLanguage\":\"es-ES\",\"@id\":\"https:\/\/catapa.be\/es\/#\/schema\/logo\/image\/\",\"url\":\"https:\/\/i0.wp.com\/catapa.be\/wp-content\/uploads\/2019\/02\/NEW20LOGO20SHORT20PNG1.png?fit=1259%2C1321&ssl=1\",\"contentUrl\":\"https:\/\/i0.wp.com\/catapa.be\/wp-content\/uploads\/2019\/02\/NEW20LOGO20SHORT20PNG1.png?fit=1259%2C1321&ssl=1\",\"width\":1259,\"height\":1321,\"caption\":\"CATAPA vzw\"},\"image\":{\"@id\":\"https:\/\/catapa.be\/es\/#\/schema\/logo\/image\/\"},\"sameAs\":[\"https:\/\/www.facebook.com\/catapa.belgium\/\",\"https:\/\/x.com\/CATAPA_Belgica\",\"https:\/\/www.instagram.com\/catapa_vzw\/\",\"https:\/\/be.linkedin.com\/company\/catapavzw\",\"https:\/\/www.youtube.com\/channel\/UCE52-Fiyv-Fpqf2gi1qhf1g\"]}]}<\/script>\n<!-- \/ Yoast SEO plugin. -->","yoast_head_json":{"title":"Estrategia - CATAPA vzw","robots":{"index":"index","follow":"follow","max-snippet":"max-snippet:-1","max-image-preview":"max-image-preview:large","max-video-preview":"max-video-preview:-1"},"canonical":"https:\/\/catapa.be\/es\/labor\/estrategia\/","og_locale":"es_ES","og_type":"article","og_title":"Estrategia - CATAPA vzw","og_description":"[vc_row css=&#8221;.vc_custom_1533807373745{margin-top: -50px !important;margin-bottom: 50px !important;}&#8221;][vc_column][vc_cta h2=&#8221;CATAPA es un movimiento cr\u00edtico de ciudadan\u00eda activa.&#8221; h4=&#8221;Traspasando fronteras luchamos, de manera horizontal, por un mundo donde la explotaci\u00f3n de recursos naturales no sostenibles ya no ser\u00e1 necesaria.&#8221;Read More","og_url":"https:\/\/catapa.be\/es\/labor\/estrategia\/","og_site_name":"CATAPA vzw","article_publisher":"https:\/\/www.facebook.com\/catapa.belgium\/","article_modified_time":"2019-07-22T15:18:43+00:00","twitter_card":"summary_large_image","twitter_site":"@CATAPA_Belgica","twitter_misc":{"Tiempo de lectura":"5 minutes"},"schema":{"@context":"https:\/\/schema.org","@graph":[{"@type":"WebPage","@id":"https:\/\/catapa.be\/es\/labor\/estrategia\/","url":"https:\/\/catapa.be\/es\/labor\/estrategia\/","name":"Estrategia - CATAPA vzw","isPartOf":{"@id":"https:\/\/catapa.be\/es\/#website"},"datePublished":"2018-05-20T08:10:11+00:00","dateModified":"2019-07-22T15:18:43+00:00","breadcrumb":{"@id":"https:\/\/catapa.be\/es\/labor\/estrategia\/#breadcrumb"},"inLanguage":"es-ES","potentialAction":[{"@type":"ReadAction","target":["https:\/\/catapa.be\/es\/labor\/estrategia\/"]}]},{"@type":"BreadcrumbList","@id":"https:\/\/catapa.be\/es\/labor\/estrategia\/#breadcrumb","itemListElement":[{"@type":"ListItem","position":1,"name":"Home","item":"https:\/\/catapa.be\/es\/"},{"@type":"ListItem","position":2,"name":"Labor","item":"https:\/\/catapa.be\/es\/labor\/"},{"@type":"ListItem","position":3,"name":"Estrategia"}]},{"@type":"WebSite","@id":"https:\/\/catapa.be\/es\/#website","url":"https:\/\/catapa.be\/es\/","name":"CATAPA vzw","description":"Comit\u00e9 Acad\u00e9mico T\u00e9cnico de Asesoramiento a Problemas Ambientales","publisher":{"@id":"https:\/\/catapa.be\/es\/#organization"},"potentialAction":[{"@type":"SearchAction","target":{"@type":"EntryPoint","urlTemplate":"https:\/\/catapa.be\/es\/?s={search_term_string}"},"query-input":{"@type":"PropertyValueSpecification","valueRequired":true,"valueName":"search_term_string"}}],"inLanguage":"es-ES"},{"@type":"Organization","@id":"https:\/\/catapa.be\/es\/#organization","name":"CATAPA vzw","url":"https:\/\/catapa.be\/es\/","logo":{"@type":"ImageObject","inLanguage":"es-ES","@id":"https:\/\/catapa.be\/es\/#\/schema\/logo\/image\/","url":"https:\/\/i0.wp.com\/catapa.be\/wp-content\/uploads\/2019\/02\/NEW20LOGO20SHORT20PNG1.png?fit=1259%2C1321&ssl=1","contentUrl":"https:\/\/i0.wp.com\/catapa.be\/wp-content\/uploads\/2019\/02\/NEW20LOGO20SHORT20PNG1.png?fit=1259%2C1321&ssl=1","width":1259,"height":1321,"caption":"CATAPA vzw"},"image":{"@id":"https:\/\/catapa.be\/es\/#\/schema\/logo\/image\/"},"sameAs":["https:\/\/www.facebook.com\/catapa.belgium\/","https:\/\/x.com\/CATAPA_Belgica","https:\/\/www.instagram.com\/catapa_vzw\/","https:\/\/be.linkedin.com\/company\/catapavzw","https:\/\/www.youtube.com\/channel\/UCE52-Fiyv-Fpqf2gi1qhf1g"]}]}},"jetpack_sharing_enabled":true,"jetpack_likes_enabled":true,"jetpack-related-posts":[{"id":3005,"url":"https:\/\/catapa.be\/nl\/catapa-vzw-homepagina\/","url_meta":{"origin":3043,"position":0},"title":"Home","author":"Alienor de Sas","date":"20\/05\/2011","format":false,"excerpt":"[vc_row css=\".vc_custom_1698400141878{margin-top: 1px !important;margin-bottom: 1px !important;border-top-width: 0px !important;border-bottom-width: 0px !important;padding-top: 0px !important;padding-bottom: 0px !important;}\"][vc_column width=\"1\/4\"][vc_cta h2=\"Het recht om 'nee' te zeggen\" txt_align=\"center\" shape=\"square\" add_button=\"bottom\" btn_title=\"De campagne\" btn_color=\"orange\" btn_align=\"center\" btn_link=\"url:https%3A%2F%2Fcatapa.be%2Fnl%2Fons-werk%2Fcampagnes%2Fhet-recht-om-nee-te-zeggen%2F|title:Het%20recht%20om%20'nee'%20te%20zeggen\"]We steunen gemeenschappen hun recht om 'nee' te zeggen tegen mijnbouw en het maatschappelijke systeem dat mijnbouw noodzakelijk maakt. In de Andesregio\u2026","rel":"","context":"Entrada similar","block_context":{"text":"Entrada similar","link":""},"img":{"alt_text":"","src":"https:\/\/i0.wp.com\/catapa.be\/wp-content\/uploads\/2023\/10\/Right-to-say-no-250.png?resize=350%2C200&ssl=1","width":350,"height":200},"classes":[]},{"id":2944,"url":"https:\/\/catapa.be\/nl\/over-ons\/catapistas\/","url_meta":{"origin":3043,"position":1},"title":"Catapistas","author":"Alienor de Sas","date":"20\/05\/2018","format":false,"excerpt":"[vc_row equal_height=\"yes\" css=\".vc_custom_1535399082269{margin-top: 0px !important;margin-bottom: 0px !important;}\"][vc_column css_animation=\"none\" css=\".vc_custom_1535399089494{margin-top: 0px !important;margin-bottom: 0px !important;}\"][vc_cta h2=\"De Catapistas\" h4=\"We zijn met een 100-tal jonge vrijwilligers en meer dan 1000 ge\u00efnteresseerden. We bieden een concreet en actiegericht engagement aan iedereen die zich wil inzetten voor een duurzame samenleving.\" style=\"custom\" custom_background=\"#01a053\" custom_text=\"#ffffff\"][\/vc_cta][\/vc_column][\/vc_row][vc_row full_width=\"stretch_row\" content_placement=\"middle\" css=\".vc_custom_1535399100609{margin-top:\u2026","rel":"","context":"Entrada similar","block_context":{"text":"Entrada similar","link":""},"img":{"alt_text":"","src":"","width":0,"height":0},"classes":[]},{"id":33786,"url":"https:\/\/catapa.be\/nl\/ons-werk\/campagnes\/het-recht-om-nee-te-zeggen\/","url_meta":{"origin":3043,"position":2},"title":"Het recht om &#8216;nee&#8217; te zeggen","author":"Estefan\u00eda","date":"19\/07\/2023","format":false,"excerpt":"[vc_row full_width=\"stretch_row\" css=\".vc_custom_1535376197063{margin-bottom: 0px !important;border-bottom-width: 0px !important;padding-bottom: 0px !important;background-color: #efefef !important;}\" el_id=\"nieuwste-artikelen\"][vc_column css=\".vc_custom_1535376096604{margin-top: 0px !important;margin-bottom: 0px !important;border-top-width: 0px !important;border-bottom-width: 0px !important;padding-top: 0px !important;padding-bottom: 0px !important;}\"][vc_cta h2=\"Steun het recht om 'nee' te zeggen!\" add_button=\"bottom\" btn_title=\"Doneer en steun het recht om 'nee' te zeggen\" btn_color=\"success\" btn_align=\"center\" btn_link=\"url:https%3A%2F%2Fcatapa.be%2Fnl%2Fdoe-mee%2Fdoneer-nu%2F|target:_blank\"]Vraag je je af hoe je\u2026","rel":"","context":"Entrada similar","block_context":{"text":"Entrada similar","link":""},"img":{"alt_text":"","src":"https:\/\/i0.wp.com\/catapa.be\/wp-content\/uploads\/2023\/02\/WhatsApp-Image-2023-01-18-at-15.52.04-300x200.jpeg?resize=350%2C200&ssl=1","width":350,"height":200},"classes":[]},{"id":3041,"url":"https:\/\/catapa.be\/nl\/ons-werk\/strategie\/","url_meta":{"origin":3043,"position":3},"title":"Strategie","author":"Alienor de Sas","date":"20\/05\/2018","format":false,"excerpt":"[vc_row css=\".vc_custom_1533807373745{margin-top: -50px !important;margin-bottom: 50px !important;}\"][vc_column][vc_cta h2=\"CATAPA bestaat uit een kritische beweging van actieve burgers.\" h4=\"Over de landsgrenzen heen streven we op een horizontale wijze naar een wereld waarin de ontginning van niet-hernieuwbare grondstoffen niet langer nodig is.\" style=\"custom\" css_animation=\"none\" custom_background=\"#01a053\" custom_text=\"#ffffff\"][\/vc_cta][\/vc_column][\/vc_row][vc_row full_width=\"stretch_row\" content_placement=\"middle\" css=\".vc_custom_1533808586582{margin-top: -100px !important;background-color: #f7f7f7 !important;}\"][vc_column][vc_column_text]CATAPA bestaat\u2026","rel":"","context":"Entrada similar","block_context":{"text":"Entrada similar","link":""},"img":{"alt_text":"","src":"","width":0,"height":0},"classes":[]},{"id":2957,"url":"https:\/\/catapa.be\/nl\/over-ons\/visie-en-missie\/","url_meta":{"origin":3043,"position":4},"title":"Visie en Missie","author":"Alienor de Sas","date":"20\/05\/2018","format":false,"excerpt":"[vc_row css=\".vc_custom_1533807373745{margin-top: -50px !important;margin-bottom: 50px !important;}\"][vc_column][vc_cta h2=\"CATAPA streeft...\" h4=\"...naar een wereld waarin de ontginning van niet-hernieuwbare grondstoffen niet langer nodig is door zich volop te richten op de overgang naar een model dat ontmijnt, ontgroeit en beweegt.\" style=\"custom\" css_animation=\"none\" custom_background=\"#01a053\" custom_text=\"#ffffff\"][\/vc_cta][\/vc_column][\/vc_row][vc_row full_width=\"stretch_row\" content_placement=\"middle\" css=\".vc_custom_1533808586582{margin-top: -100px !important;background-color: #f7f7f7 !important;}\"][vc_column][vc_custom_heading text=\"CATAPA ONTMIJNT\"\u2026","rel":"","context":"Entrada similar","block_context":{"text":"Entrada similar","link":""},"img":{"alt_text":"","src":"","width":0,"height":0},"classes":[]},{"id":3050,"url":"https:\/\/catapa.be\/nl\/doe-mee\/lessen-en-workshops\/","url_meta":{"origin":3043,"position":5},"title":"Workshops","author":"Alienor de Sas","date":"23\/05\/2018","format":false,"excerpt":"[vc_row][vc_column][vc_cta h2=\"Overzicht workshops CATAPA\" style=\"custom\" custom_background=\"#009c55\" custom_text=\"#ffffff\"][\/vc_cta][vc_tta_tour][vc_tta_section title=\"Grenzen aan de groei & Right to Say No\" tab_id=\"1622664127802-61e53e14-366b\"][vc_custom_heading text=\"Grenzen aan de groei & Right to Say No\" font_container=\"tag:h2|font_size:20|text_align:center\" google_fonts=\"font_family:Quicksand%3A300%2Cregular%2C700|font_style:700%20bold%20regular%3A700%3Anormal\"][vc_cta h2=\"\" shape=\"square\" add_icon=\"left\" i_icon_fontawesome=\"fa fa-info\" i_color=\"custom\" i_size=\"lg\" i_custom_color=\"#009c55\"]Doelgroep: Volwassenen Duur: 1,5 - 2 uur (+ 1,5 voorbereiding) Omvang groep: 15-25 personen Taal:\u2026","rel":"","context":"Entrada similar","block_context":{"text":"Entrada similar","link":""},"img":{"alt_text":"","src":"https:\/\/i0.wp.com\/catapa.be\/wp-content\/uploads\/2021\/06\/unnamed-1-300x107.png?resize=350%2C200&ssl=1","width":350,"height":200},"classes":[]}],"_links":{"self":[{"href":"https:\/\/catapa.be\/es\/wp-json\/wp\/v2\/pages\/3043","targetHints":{"allow":["GET"]}}],"collection":[{"href":"https:\/\/catapa.be\/es\/wp-json\/wp\/v2\/pages"}],"about":[{"href":"https:\/\/catapa.be\/es\/wp-json\/wp\/v2\/types\/page"}],"author":[{"embeddable":true,"href":"https:\/\/catapa.be\/es\/wp-json\/wp\/v2\/users\/2"}],"replies":[{"embeddable":true,"href":"https:\/\/catapa.be\/es\/wp-json\/wp\/v2\/comments?post=3043"}],"version-history":[{"count":7,"href":"https:\/\/catapa.be\/es\/wp-json\/wp\/v2\/pages\/3043\/revisions"}],"predecessor-version":[{"id":11637,"href":"https:\/\/catapa.be\/es\/wp-json\/wp\/v2\/pages\/3043\/revisions\/11637"}],"up":[{"embeddable":true,"href":"https:\/\/catapa.be\/es\/wp-json\/wp\/v2\/pages\/3014"}],"wp:attachment":[{"href":"https:\/\/catapa.be\/es\/wp-json\/wp\/v2\/media?parent=3043"}],"curies":[{"name":"wp","href":"https:\/\/api.w.org\/{rel}","templated":true}]}}