{"id":3052,"date":"2018-05-23T12:32:22","date_gmt":"2018-05-23T10:32:22","guid":{"rendered":"http:\/\/catapa.be\/?page_id=3052"},"modified":"2024-01-24T16:55:42","modified_gmt":"2024-01-24T15:55:42","slug":"ponencias-y-talleres","status":"publish","type":"page","link":"https:\/\/catapa.be\/es\/actua-ahora\/ponencias-y-talleres\/","title":{"rendered":"Talleres"},"content":{"rendered":"<div class=\"wpb-content-wrapper\"><p>[vc_row][vc_column][vc_cta h2=&#8221;Resumen de talleres CATAPA&#8221; style=&#8221;custom&#8221; custom_background=&#8221;#009c55&#8243; custom_text=&#8221;#ffffff&#8221;][\/vc_cta][vc_tta_tour][vc_tta_section title=&#8221;Los l\u00edmites del crecimiento&#8221; tab_id=&#8221;1622664968691-cabd0016-57d7&#8243;][vc_custom_heading text=&#8221;Los l\u00edmites del crecimiento&#8221; font_container=&#8221;tag:h2|font_size:20|text_align:center&#8221; google_fonts=&#8221;font_family:Quicksand%3A300%2Cregular%2C700|font_style:700%20bold%20regular%3A700%3Anormal&#8221;][vc_cta h2=&#8221;&#8221; shape=&#8221;square&#8221; add_icon=&#8221;left&#8221; i_icon_fontawesome=&#8221;fa fa-info&#8221; i_color=&#8221;custom&#8221; i_size=&#8221;lg&#8221; i_custom_color=&#8221;#009c55&#8243;]Orientado a mayores de 18 a\u00f1os<br \/>\nDuraci\u00f3n: 2-3 horas (se puede adaptar seg\u00fan las necesidades)<br \/>\nTama\u00f1o del grupo: 15-25 personas<br \/>\nIdioma: Neerland\u00e9s o ingl\u00e9s<br \/>\nPrecio: 250 euros (o seg\u00fan el presupuesto disponible)<br \/>\nEs posible tanto en l\u00ednea como fuera de l\u00ednea.[\/vc_cta][vc_column_text]<\/p>\n<p style=\"text-align: justify;\">CATAPA ofrece un nuevo taller: &#8216;Los l\u00edmites del crecimiento&#8217;.<\/p>\n<p style=\"text-align: justify;\"><em>Inundaciones, incendios forestales, deshielo de glaciares, etc.: cada vez nos enfrentamos a m\u00e1s cat\u00e1strofes naturales. Las consecuencias son desastrosas e indiscutibles: estamos sobrepasando los l\u00edmites de nuestro planeta. Para que nuestro planeta siga siendo habitable, necesitamos urgentemente repensar nuestro modo de vida.\u00a0En este taller conoceremos voces inspiradoras de Am\u00e9rica Latina (en l\u00ednea con la filosof\u00eda del &#8216;Buen Vivir&#8217;) que muestran que otra forma de vida es posible. Una vida en la que el &#8220;bienestar&#8221; es central en lugar del &#8220;crecimiento&#8221;. En el taller, buscaremos juntos formas de vivir con menos recursos no renovables, con el objetivo de adoptar una visi\u00f3n cr\u00edtica de nuestra sociedad de consumo y considerar activamente modelos de sociedad alternativos.<\/em><\/p>\n<p style=\"text-align: justify;\">El taller dura 1,5 horas (incluyendo el visionado de dos v\u00eddeos como preparaci\u00f3n, tambi\u00e9n 1,5 horas en total) y se dirige a un grupo de 15 a 25 adultos (j\u00f3venes) que no tienen conocimientos previos sobre el tema del taller.<\/p>\n<p style=\"text-align: justify;\">Si tienes inter\u00e9s en organizar este taller dentro de tu grupo de amigos, organizaci\u00f3n o universidad, puedes ponerte en contacto con nosotros escribiendo a <a href=\"mailto:info@catapa.be\" target=\"_blank\" rel=\"noopener\">info@catapa.be<\/a>!<\/p>\n<p><img loading=\"lazy\" decoding=\"async\" class=\"wp-image-21432 jetpack-lazy-image jetpack-lazy-image--handled alignleft\" src=\"https:\/\/i2.wp.com\/catapa.be\/wp-content\/uploads\/2021\/06\/unnamed-1.png?resize=424%2C150&amp;ssl=1\" alt=\"\" width=\"424\" height=\"150\" data-attachment-id=\"21432\" data-permalink=\"https:\/\/catapa.be\/en\/act-now\/lectures-and-workshops\/unnamed-1\/\" data-orig-file=\"https:\/\/i2.wp.com\/catapa.be\/wp-content\/uploads\/2021\/06\/unnamed-1.png?fit=579%2C207&amp;ssl=1\" data-orig-size=\"579,207\" data-comments-opened=\"1\" data-image-meta=\"{&quot;aperture&quot;:&quot;0&quot;,&quot;credit&quot;:&quot;&quot;,&quot;camera&quot;:&quot;&quot;,&quot;caption&quot;:&quot;&quot;,&quot;created_timestamp&quot;:&quot;0&quot;,&quot;copyright&quot;:&quot;&quot;,&quot;focal_length&quot;:&quot;0&quot;,&quot;iso&quot;:&quot;0&quot;,&quot;shutter_speed&quot;:&quot;0&quot;,&quot;title&quot;:&quot;&quot;,&quot;orientation&quot;:&quot;0&quot;}\" data-image-title=\"unnamed (1)\" data-image-description=\"\" data-medium-file=\"https:\/\/i2.wp.com\/catapa.be\/wp-content\/uploads\/2021\/06\/unnamed-1.png?fit=300%2C107&amp;ssl=1\" data-large-file=\"https:\/\/i2.wp.com\/catapa.be\/wp-content\/uploads\/2021\/06\/unnamed-1.png?fit=579%2C207&amp;ssl=1\" data-recalc-dims=\"1\" data-lazy-loaded=\"1\" \/>[\/vc_column_text][\/vc_tta_section][vc_tta_section title=&#8221;Plata o plomo: el juego del minero&#8221; tab_id=&#8221;plata-o-plomoES&#8221;][vc_custom_heading text=&#8221;Plata o plomo: el juego del minero&#8221; font_container=&#8221;tag:h2|font_size:20|text_align:center&#8221; google_fonts=&#8221;font_family:Quicksand%3A300%2Cregular%2C700|font_style:700%20bold%20regular%3A700%3Anormal&#8221;][vc_cta h2=&#8221;&#8221; shape=&#8221;square&#8221; add_icon=&#8221;left&#8221; i_icon_fontawesome=&#8221;fa fa-info&#8221; i_color=&#8221;custom&#8221; i_size=&#8221;lg&#8221; i_custom_color=&#8221;#009c55&#8243;]<\/p>\n<p style=\"text-align: justify;\">Orientado a mayores de 18 a\u00f1os<br \/>\nDuraci\u00f3n: 2-3 horas (se puede adaptar seg\u00fan las necesidades)<br \/>\nTama\u00f1o del grupo: 15-25 personas<br \/>\nIdioma: Neerland\u00e9s, ingl\u00e9s o espa\u00f1ol<\/p>\n<p>[\/vc_cta][vc_column_text css_animation=&#8221;slideInDown&#8221;]<\/p>\n<p style=\"text-align: justify;\"><em><span style=\"font-weight: 400;\">El oro tiene una connotaci\u00f3n muy positiva en los pa\u00edses occidentales: se asocia con la riqueza y el \u00e9xito. Sin embargo, para muchas comunidades el oro (o su extracci\u00f3n) significa algo completamente diferente: contaminaci\u00f3n, p\u00e9rdida de cultura e ingresos, conflicto social y explotaci\u00f3n. \u00bfQuieres saber m\u00e1s sobre los problemas de la miner\u00eda (de oro) en Am\u00e9rica Latina? \u00bfQuieres experimentar lo que se siente al ser uno de los muchos interesados en un conflicto derivado de la b\u00fasqueda de oro? Entonces sum\u00e9rgete en el caso de la mina de La Colosa, en Colombia, asumiendo el papel de una de las muchas partes interesadas y negociando con otras en un juego de simulaci\u00f3n. Con la ayuda de CATAPA, aprender\u00e1s m\u00e1s sobre los impactos sociales, medioambientales y econ\u00f3micos de la miner\u00eda y los intereses de las distintas partes interesadas.<\/span><\/em><\/p>\n<p style=\"text-align: center;\"><b>\u00bfInter\u00e9s?<\/b><\/p>\n<p style=\"text-align: center;\"><span style=\"font-weight: 400;\">\u00bfTiene inter\u00e9s en este taller educativo? Cont\u00e1ctenos enviando un email a <a href=\"mailto:info@catapa.be\">info@catapa.be<\/a>. \u00a1Hasta pronto!<\/span><\/p>\n<p><img data-recalc-dims=\"1\" loading=\"lazy\" decoding=\"async\" class=\"aligncenter size-full wp-image-11508\" src=\"https:\/\/i0.wp.com\/catapa.be\/wp-content\/uploads\/2019\/06\/plata-o-plomo.jpg?resize=640%2C480&#038;ssl=1\" alt=\"\" width=\"640\" height=\"480\" srcset=\"https:\/\/i0.wp.com\/catapa.be\/wp-content\/uploads\/2019\/06\/plata-o-plomo.jpg?w=960&amp;ssl=1 960w, https:\/\/i0.wp.com\/catapa.be\/wp-content\/uploads\/2019\/06\/plata-o-plomo.jpg?resize=300%2C225&amp;ssl=1 300w, https:\/\/i0.wp.com\/catapa.be\/wp-content\/uploads\/2019\/06\/plata-o-plomo.jpg?resize=768%2C576&amp;ssl=1 768w\" sizes=\"auto, (max-width: 640px) 100vw, 640px\" \/>[\/vc_column_text][\/vc_tta_section][\/vc_tta_tour][\/vc_column][\/vc_row]<\/p>\n<\/div>","protected":false},"excerpt":{"rendered":"<p>[vc_row][vc_column][vc_cta h2=&#8221;Resumen de talleres CATAPA&#8221; style=&#8221;custom&#8221; custom_background=&#8221;#009c55&#8243; custom_text=&#8221;#ffffff&#8221;][\/vc_cta][vc_tta_tour][vc_tta_section title=&#8221;Los l\u00edmites del crecimiento&#8221; tab_id=&#8221;1622664968691-cabd0016-57d7&#8243;][vc_custom_heading text=&#8221;Los l\u00edmites del crecimiento&#8221; font_container=&#8221;tag:h2|font_size:20|text_align:center&#8221; google_fonts=&#8221;font_family:Quicksand%3A300%2Cregular%2C700|font_style:700%20bold%20regular%3A700%3Anormal&#8221;][vc_cta h2=&#8221;&#8221; shape=&#8221;square&#8221; add_icon=&#8221;left&#8221; i_icon_fontawesome=&#8221;fa fa-info&#8221; i_color=&#8221;custom&#8221; i_size=&#8221;lg&#8221; i_custom_color=&#8221;#009c55&#8243;]Orientado a mayores de 18 a\u00f1os Duraci\u00f3n: 2-3 horas<br \/><a class=\"read-more\" href=\"https:\/\/catapa.be\/es\/actua-ahora\/ponencias-y-talleres\/\">Read More<\/a><\/p>\n","protected":false},"author":2,"featured_media":0,"parent":2962,"menu_order":5,"comment_status":"closed","ping_status":"closed","template":"","meta":{"_exactmetrics_skip_tracking":false,"_exactmetrics_sitenote_active":false,"_exactmetrics_sitenote_note":"","_exactmetrics_sitenote_category":0,"jetpack_post_was_ever_published":false,"footnotes":""},"class_list":["post-3052","page","type-page","status-publish","hentry"],"yoast_head":"<!-- This site is optimized with the Yoast SEO plugin v26.8 - https:\/\/yoast.com\/product\/yoast-seo-wordpress\/ -->\n<title>Talleres - CATAPA vzw<\/title>\n<meta name=\"robots\" content=\"index, follow, max-snippet:-1, max-image-preview:large, max-video-preview:-1\" \/>\n<link rel=\"canonical\" href=\"https:\/\/catapa.be\/es\/actua-ahora\/ponencias-y-talleres\/\" \/>\n<meta property=\"og:locale\" content=\"es_ES\" \/>\n<meta property=\"og:type\" content=\"article\" \/>\n<meta property=\"og:title\" content=\"Talleres - CATAPA vzw\" \/>\n<meta property=\"og:description\" content=\"[vc_row][vc_column][vc_cta h2=&#8221;Resumen de talleres CATAPA&#8221; style=&#8221;custom&#8221; custom_background=&#8221;#009c55&#8243; custom_text=&#8221;#ffffff&#8221;][\/vc_cta][vc_tta_tour][vc_tta_section title=&#8221;Los l\u00edmites del crecimiento&#8221; tab_id=&#8221;1622664968691-cabd0016-57d7&#8243;][vc_custom_heading text=&#8221;Los l\u00edmites del crecimiento&#8221; font_container=&#8221;tag:h2|font_size:20|text_align:center&#8221; google_fonts=&#8221;font_family:Quicksand%3A300%2Cregular%2C700|font_style:700%20bold%20regular%3A700%3Anormal&#8221;][vc_cta h2=&#8221;&#8221; shape=&#8221;square&#8221; add_icon=&#8221;left&#8221; i_icon_fontawesome=&#8221;fa fa-info&#8221; i_color=&#8221;custom&#8221; i_size=&#8221;lg&#8221; i_custom_color=&#8221;#009c55&#8243;]Orientado a mayores de 18 a\u00f1os Duraci\u00f3n: 2-3 horasRead More\" \/>\n<meta property=\"og:url\" content=\"https:\/\/catapa.be\/es\/actua-ahora\/ponencias-y-talleres\/\" \/>\n<meta property=\"og:site_name\" content=\"CATAPA vzw\" \/>\n<meta property=\"article:publisher\" content=\"https:\/\/www.facebook.com\/catapa.belgium\/\" \/>\n<meta property=\"article:modified_time\" content=\"2024-01-24T15:55:42+00:00\" \/>\n<meta property=\"og:image\" content=\"https:\/\/i2.wp.com\/catapa.be\/wp-content\/uploads\/2021\/06\/unnamed-1.png?resize=424%2C150&amp;ssl=1\" \/>\n<meta name=\"twitter:card\" content=\"summary_large_image\" \/>\n<meta name=\"twitter:site\" content=\"@CATAPA_Belgica\" \/>\n<meta name=\"twitter:label1\" content=\"Tiempo de lectura\" \/>\n\t<meta name=\"twitter:data1\" content=\"3 minutes\" \/>\n<script type=\"application\/ld+json\" class=\"yoast-schema-graph\">{\"@context\":\"https:\/\/schema.org\",\"@graph\":[{\"@type\":\"WebPage\",\"@id\":\"https:\/\/catapa.be\/es\/actua-ahora\/ponencias-y-talleres\/\",\"url\":\"https:\/\/catapa.be\/es\/actua-ahora\/ponencias-y-talleres\/\",\"name\":\"Talleres - CATAPA vzw\",\"isPartOf\":{\"@id\":\"https:\/\/catapa.be\/es\/#website\"},\"primaryImageOfPage\":{\"@id\":\"https:\/\/catapa.be\/es\/actua-ahora\/ponencias-y-talleres\/#primaryimage\"},\"image\":{\"@id\":\"https:\/\/catapa.be\/es\/actua-ahora\/ponencias-y-talleres\/#primaryimage\"},\"thumbnailUrl\":\"https:\/\/i2.wp.com\/catapa.be\/wp-content\/uploads\/2021\/06\/unnamed-1.png?resize=424%2C150&amp;ssl=1\",\"datePublished\":\"2018-05-23T10:32:22+00:00\",\"dateModified\":\"2024-01-24T15:55:42+00:00\",\"breadcrumb\":{\"@id\":\"https:\/\/catapa.be\/es\/actua-ahora\/ponencias-y-talleres\/#breadcrumb\"},\"inLanguage\":\"es-ES\",\"potentialAction\":[{\"@type\":\"ReadAction\",\"target\":[\"https:\/\/catapa.be\/es\/actua-ahora\/ponencias-y-talleres\/\"]}]},{\"@type\":\"ImageObject\",\"inLanguage\":\"es-ES\",\"@id\":\"https:\/\/catapa.be\/es\/actua-ahora\/ponencias-y-talleres\/#primaryimage\",\"url\":\"https:\/\/i2.wp.com\/catapa.be\/wp-content\/uploads\/2021\/06\/unnamed-1.png?resize=424%2C150&amp;ssl=1\",\"contentUrl\":\"https:\/\/i2.wp.com\/catapa.be\/wp-content\/uploads\/2021\/06\/unnamed-1.png?resize=424%2C150&amp;ssl=1\"},{\"@type\":\"BreadcrumbList\",\"@id\":\"https:\/\/catapa.be\/es\/actua-ahora\/ponencias-y-talleres\/#breadcrumb\",\"itemListElement\":[{\"@type\":\"ListItem\",\"position\":1,\"name\":\"Home\",\"item\":\"https:\/\/catapa.be\/es\/\"},{\"@type\":\"ListItem\",\"position\":2,\"name\":\"Act\u00faa ahora\",\"item\":\"https:\/\/catapa.be\/es\/actua-ahora\/\"},{\"@type\":\"ListItem\",\"position\":3,\"name\":\"Talleres\"}]},{\"@type\":\"WebSite\",\"@id\":\"https:\/\/catapa.be\/es\/#website\",\"url\":\"https:\/\/catapa.be\/es\/\",\"name\":\"CATAPA vzw\",\"description\":\"Comit\u00e9 Acad\u00e9mico T\u00e9cnico de Asesoramiento a Problemas Ambientales\",\"publisher\":{\"@id\":\"https:\/\/catapa.be\/es\/#organization\"},\"potentialAction\":[{\"@type\":\"SearchAction\",\"target\":{\"@type\":\"EntryPoint\",\"urlTemplate\":\"https:\/\/catapa.be\/es\/?s={search_term_string}\"},\"query-input\":{\"@type\":\"PropertyValueSpecification\",\"valueRequired\":true,\"valueName\":\"search_term_string\"}}],\"inLanguage\":\"es-ES\"},{\"@type\":\"Organization\",\"@id\":\"https:\/\/catapa.be\/es\/#organization\",\"name\":\"CATAPA vzw\",\"url\":\"https:\/\/catapa.be\/es\/\",\"logo\":{\"@type\":\"ImageObject\",\"inLanguage\":\"es-ES\",\"@id\":\"https:\/\/catapa.be\/es\/#\/schema\/logo\/image\/\",\"url\":\"https:\/\/i0.wp.com\/catapa.be\/wp-content\/uploads\/2019\/02\/NEW20LOGO20SHORT20PNG1.png?fit=1259%2C1321&ssl=1\",\"contentUrl\":\"https:\/\/i0.wp.com\/catapa.be\/wp-content\/uploads\/2019\/02\/NEW20LOGO20SHORT20PNG1.png?fit=1259%2C1321&ssl=1\",\"width\":1259,\"height\":1321,\"caption\":\"CATAPA vzw\"},\"image\":{\"@id\":\"https:\/\/catapa.be\/es\/#\/schema\/logo\/image\/\"},\"sameAs\":[\"https:\/\/www.facebook.com\/catapa.belgium\/\",\"https:\/\/x.com\/CATAPA_Belgica\",\"https:\/\/www.instagram.com\/catapa_vzw\/\",\"https:\/\/be.linkedin.com\/company\/catapavzw\",\"https:\/\/www.youtube.com\/channel\/UCE52-Fiyv-Fpqf2gi1qhf1g\"]}]}<\/script>\n<!-- \/ Yoast SEO plugin. -->","yoast_head_json":{"title":"Talleres - CATAPA vzw","robots":{"index":"index","follow":"follow","max-snippet":"max-snippet:-1","max-image-preview":"max-image-preview:large","max-video-preview":"max-video-preview:-1"},"canonical":"https:\/\/catapa.be\/es\/actua-ahora\/ponencias-y-talleres\/","og_locale":"es_ES","og_type":"article","og_title":"Talleres - CATAPA vzw","og_description":"[vc_row][vc_column][vc_cta h2=&#8221;Resumen de talleres CATAPA&#8221; style=&#8221;custom&#8221; custom_background=&#8221;#009c55&#8243; custom_text=&#8221;#ffffff&#8221;][\/vc_cta][vc_tta_tour][vc_tta_section title=&#8221;Los l\u00edmites del crecimiento&#8221; tab_id=&#8221;1622664968691-cabd0016-57d7&#8243;][vc_custom_heading text=&#8221;Los l\u00edmites del crecimiento&#8221; font_container=&#8221;tag:h2|font_size:20|text_align:center&#8221; google_fonts=&#8221;font_family:Quicksand%3A300%2Cregular%2C700|font_style:700%20bold%20regular%3A700%3Anormal&#8221;][vc_cta h2=&#8221;&#8221; shape=&#8221;square&#8221; add_icon=&#8221;left&#8221; i_icon_fontawesome=&#8221;fa fa-info&#8221; i_color=&#8221;custom&#8221; i_size=&#8221;lg&#8221; i_custom_color=&#8221;#009c55&#8243;]Orientado a mayores de 18 a\u00f1os Duraci\u00f3n: 2-3 horasRead More","og_url":"https:\/\/catapa.be\/es\/actua-ahora\/ponencias-y-talleres\/","og_site_name":"CATAPA vzw","article_publisher":"https:\/\/www.facebook.com\/catapa.belgium\/","article_modified_time":"2024-01-24T15:55:42+00:00","og_image":[{"url":"https:\/\/i2.wp.com\/catapa.be\/wp-content\/uploads\/2021\/06\/unnamed-1.png?resize=424%2C150&amp;ssl=1","type":"","width":"","height":""}],"twitter_card":"summary_large_image","twitter_site":"@CATAPA_Belgica","twitter_misc":{"Tiempo de lectura":"3 minutes"},"schema":{"@context":"https:\/\/schema.org","@graph":[{"@type":"WebPage","@id":"https:\/\/catapa.be\/es\/actua-ahora\/ponencias-y-talleres\/","url":"https:\/\/catapa.be\/es\/actua-ahora\/ponencias-y-talleres\/","name":"Talleres - CATAPA vzw","isPartOf":{"@id":"https:\/\/catapa.be\/es\/#website"},"primaryImageOfPage":{"@id":"https:\/\/catapa.be\/es\/actua-ahora\/ponencias-y-talleres\/#primaryimage"},"image":{"@id":"https:\/\/catapa.be\/es\/actua-ahora\/ponencias-y-talleres\/#primaryimage"},"thumbnailUrl":"https:\/\/i2.wp.com\/catapa.be\/wp-content\/uploads\/2021\/06\/unnamed-1.png?resize=424%2C150&amp;ssl=1","datePublished":"2018-05-23T10:32:22+00:00","dateModified":"2024-01-24T15:55:42+00:00","breadcrumb":{"@id":"https:\/\/catapa.be\/es\/actua-ahora\/ponencias-y-talleres\/#breadcrumb"},"inLanguage":"es-ES","potentialAction":[{"@type":"ReadAction","target":["https:\/\/catapa.be\/es\/actua-ahora\/ponencias-y-talleres\/"]}]},{"@type":"ImageObject","inLanguage":"es-ES","@id":"https:\/\/catapa.be\/es\/actua-ahora\/ponencias-y-talleres\/#primaryimage","url":"https:\/\/i2.wp.com\/catapa.be\/wp-content\/uploads\/2021\/06\/unnamed-1.png?resize=424%2C150&amp;ssl=1","contentUrl":"https:\/\/i2.wp.com\/catapa.be\/wp-content\/uploads\/2021\/06\/unnamed-1.png?resize=424%2C150&amp;ssl=1"},{"@type":"BreadcrumbList","@id":"https:\/\/catapa.be\/es\/actua-ahora\/ponencias-y-talleres\/#breadcrumb","itemListElement":[{"@type":"ListItem","position":1,"name":"Home","item":"https:\/\/catapa.be\/es\/"},{"@type":"ListItem","position":2,"name":"Act\u00faa ahora","item":"https:\/\/catapa.be\/es\/actua-ahora\/"},{"@type":"ListItem","position":3,"name":"Talleres"}]},{"@type":"WebSite","@id":"https:\/\/catapa.be\/es\/#website","url":"https:\/\/catapa.be\/es\/","name":"CATAPA vzw","description":"Comit\u00e9 Acad\u00e9mico T\u00e9cnico de Asesoramiento a Problemas Ambientales","publisher":{"@id":"https:\/\/catapa.be\/es\/#organization"},"potentialAction":[{"@type":"SearchAction","target":{"@type":"EntryPoint","urlTemplate":"https:\/\/catapa.be\/es\/?s={search_term_string}"},"query-input":{"@type":"PropertyValueSpecification","valueRequired":true,"valueName":"search_term_string"}}],"inLanguage":"es-ES"},{"@type":"Organization","@id":"https:\/\/catapa.be\/es\/#organization","name":"CATAPA vzw","url":"https:\/\/catapa.be\/es\/","logo":{"@type":"ImageObject","inLanguage":"es-ES","@id":"https:\/\/catapa.be\/es\/#\/schema\/logo\/image\/","url":"https:\/\/i0.wp.com\/catapa.be\/wp-content\/uploads\/2019\/02\/NEW20LOGO20SHORT20PNG1.png?fit=1259%2C1321&ssl=1","contentUrl":"https:\/\/i0.wp.com\/catapa.be\/wp-content\/uploads\/2019\/02\/NEW20LOGO20SHORT20PNG1.png?fit=1259%2C1321&ssl=1","width":1259,"height":1321,"caption":"CATAPA vzw"},"image":{"@id":"https:\/\/catapa.be\/es\/#\/schema\/logo\/image\/"},"sameAs":["https:\/\/www.facebook.com\/catapa.belgium\/","https:\/\/x.com\/CATAPA_Belgica","https:\/\/www.instagram.com\/catapa_vzw\/","https:\/\/be.linkedin.com\/company\/catapavzw","https:\/\/www.youtube.com\/channel\/UCE52-Fiyv-Fpqf2gi1qhf1g"]}]}},"jetpack_sharing_enabled":true,"jetpack_likes_enabled":true,"jetpack-related-posts":[{"id":2955,"url":"https:\/\/catapa.be\/es\/sobre-nosotros\/vision-y-mision\/","url_meta":{"origin":3052,"position":0},"title":"Visi\u00f3n y Misi\u00f3n","author":"Alienor de Sas","date":"20\/05\/2018","format":false,"excerpt":"[vc_row css=\".vc_custom_1533807373745{margin-top: -50px !important;margin-bottom: 50px !important;}\"][vc_column][vc_cta h2=\"CATAPA aspira...\" h4=\"\u2026 a un mundo en el que la extracci\u00f3n de materias primas no renovables ya no sea necesaria, apostando por una transici\u00f3n hacia un modelo que desmina, decrece, y mueve.\" style=\"custom\" css_animation=\"none\" custom_background=\"#01a053\" custom_text=\"#ffffff\"][\/vc_cta][\/vc_column][\/vc_row][vc_row full_width=\"stretch_row\" content_placement=\"middle\" css=\".vc_custom_1533808586582{margin-top: -100px !important;background-color: #f7f7f7 !important;}\"][vc_column][vc_custom_heading text=\"CATAPA\u2026","rel":"","context":"Entrada similar","block_context":{"text":"Entrada similar","link":""},"img":{"alt_text":"","src":"","width":0,"height":0},"classes":[]},{"id":3005,"url":"https:\/\/catapa.be\/nl\/catapa-vzw-homepagina\/","url_meta":{"origin":3052,"position":1},"title":"Home","author":"Alienor de Sas","date":"20\/05\/2011","format":false,"excerpt":"[vc_row css=\".vc_custom_1698400141878{margin-top: 1px !important;margin-bottom: 1px !important;border-top-width: 0px !important;border-bottom-width: 0px !important;padding-top: 0px !important;padding-bottom: 0px !important;}\"][vc_column width=\"1\/4\"][vc_cta h2=\"Het recht om 'nee' te zeggen\" txt_align=\"center\" shape=\"square\" add_button=\"bottom\" btn_title=\"De campagne\" btn_color=\"orange\" btn_align=\"center\" btn_link=\"url:https%3A%2F%2Fcatapa.be%2Fnl%2Fons-werk%2Fcampagnes%2Fhet-recht-om-nee-te-zeggen%2F|title:Het%20recht%20om%20'nee'%20te%20zeggen\"]We steunen gemeenschappen hun recht om 'nee' te zeggen tegen mijnbouw en het maatschappelijke systeem dat mijnbouw noodzakelijk maakt. In de Andesregio\u2026","rel":"","context":"Entrada similar","block_context":{"text":"Entrada similar","link":""},"img":{"alt_text":"","src":"https:\/\/i0.wp.com\/catapa.be\/wp-content\/uploads\/2023\/10\/Right-to-say-no-250.png?resize=350%2C200&ssl=1","width":350,"height":200},"classes":[]},{"id":2880,"url":"https:\/\/catapa.be\/en\/act-now\/lectures-and-workshops\/","url_meta":{"origin":3052,"position":2},"title":"Workshops","author":"Alienor de Sas","date":"23\/05\/2018","format":false,"excerpt":"[vc_row][vc_column][vc_cta h2=\"Overview workshops CATAPA\" style=\"custom\" custom_background=\"#009c55\" custom_text=\"#ffffff\"][\/vc_cta][vc_tta_tour][vc_tta_section title=\"Limits to Growth & Right To Say No\" tab_id=\"1622664127802-61e53e14-366b\"][vc_custom_heading text=\"Limits to Growth\" font_container=\"tag:h2|font_size:20|text_align:center\" google_fonts=\"font_family:Quicksand%3A300%2Cregular%2C700|font_style:700%20bold%20regular%3A700%3Anormal\"][vc_cta h2=\"\" shape=\"square\" add_icon=\"left\" i_icon_fontawesome=\"fa fa-info\" i_color=\"custom\" i_size=\"lg\" i_custom_color=\"#009c55\"]Target group: 18+ Duration: 1,5 - 2 hours Group size: 15-25 people Language: Dutch or English Price: \u20ac 250 (or according to\u2026","rel":"","context":"Entrada similar","block_context":{"text":"Entrada similar","link":""},"img":{"alt_text":"","src":"https:\/\/i0.wp.com\/catapa.be\/wp-content\/uploads\/2021\/06\/unnamed-1-300x107.png?resize=350%2C200&ssl=1","width":350,"height":200},"classes":[]},{"id":3050,"url":"https:\/\/catapa.be\/nl\/doe-mee\/lessen-en-workshops\/","url_meta":{"origin":3052,"position":3},"title":"Workshops","author":"Alienor de Sas","date":"23\/05\/2018","format":false,"excerpt":"[vc_row][vc_column][vc_cta h2=\"Overzicht workshops CATAPA\" style=\"custom\" custom_background=\"#009c55\" custom_text=\"#ffffff\"][\/vc_cta][vc_tta_tour][vc_tta_section title=\"Grenzen aan de groei & Right to Say No\" tab_id=\"1622664127802-61e53e14-366b\"][vc_custom_heading text=\"Grenzen aan de groei & Right to Say No\" font_container=\"tag:h2|font_size:20|text_align:center\" google_fonts=\"font_family:Quicksand%3A300%2Cregular%2C700|font_style:700%20bold%20regular%3A700%3Anormal\"][vc_cta h2=\"\" shape=\"square\" add_icon=\"left\" i_icon_fontawesome=\"fa fa-info\" i_color=\"custom\" i_size=\"lg\" i_custom_color=\"#009c55\"]Doelgroep: Volwassenen Duur: 1,5 - 2 uur (+ 1,5 voorbereiding) Omvang groep: 15-25 personen Taal:\u2026","rel":"","context":"Entrada similar","block_context":{"text":"Entrada similar","link":""},"img":{"alt_text":"","src":"https:\/\/i0.wp.com\/catapa.be\/wp-content\/uploads\/2021\/06\/unnamed-1-300x107.png?resize=350%2C200&ssl=1","width":350,"height":200},"classes":[]},{"id":701,"url":"https:\/\/catapa.be\/en\/catapa-vzw-homepage\/","url_meta":{"origin":3052,"position":4},"title":"Home","author":"Alienor de Sas","date":"20\/05\/2011","format":false,"excerpt":"[vc_row full_width=\"stretch_row\"][vc_column][vc_cta h2=\"The right to say 'no'\" txt_align=\"center\" shape=\"square\" add_button=\"bottom\" btn_title=\"Support the campaign\" btn_color=\"orange\" btn_align=\"center\" btn_link=\"url:https%3A%2F%2Fcatapa.be%2Fen%2Fhow-we-work%2Fcatapa-campaigns-and-projects%2Fright-to-say-no|title:The%20right%20to%20say%20'no'\"]We support communities' right to say 'no' to mining and the system that makes mining necessary. In the Andes region and here![\/vc_cta][\/vc_column][vc_column css=\".vc_custom_1535376096604{margin-top: 0px !important;margin-bottom: 0px !important;border-top-width: 0px !important;border-bottom-width: 0px !important;padding-top: 0px !important;padding-bottom: 0px !important;}\"][vc_column_text\u2026","rel":"","context":"Entrada similar","block_context":{"text":"Entrada similar","link":""},"img":{"alt_text":"","src":"","width":0,"height":0},"classes":[]},{"id":2659,"url":"https:\/\/catapa.be\/en\/about-us\/catapistas\/","url_meta":{"origin":3052,"position":5},"title":"Catapistas","author":"Alienor de Sas","date":"20\/05\/2018","format":false,"excerpt":"[vc_row equal_height=\"yes\" css=\".vc_custom_1535398842996{margin-top: 0px !important;margin-bottom: 0px !important;}\"][vc_column css_animation=\"none\" css=\".vc_custom_1535398905449{margin-top: 0px !important;margin-bottom: 0px !important;}\"][vc_cta h2=\"The Catapistas\" h4=\"We are a group of around 100 volunteers and more than 1000 subscribers. We offer a specific and action-oriented involvement for anyone who is committed to a more sustainable society.\" style=\"custom\" custom_background=\"#009c55\" custom_text=\"#ffffff\"][\/vc_cta][\/vc_column][\/vc_row][vc_row full_width=\"stretch_row\" content_placement=\"middle\"\u2026","rel":"","context":"Entrada similar","block_context":{"text":"Entrada similar","link":""},"img":{"alt_text":"","src":"","width":0,"height":0},"classes":[]}],"_links":{"self":[{"href":"https:\/\/catapa.be\/es\/wp-json\/wp\/v2\/pages\/3052","targetHints":{"allow":["GET"]}}],"collection":[{"href":"https:\/\/catapa.be\/es\/wp-json\/wp\/v2\/pages"}],"about":[{"href":"https:\/\/catapa.be\/es\/wp-json\/wp\/v2\/types\/page"}],"author":[{"embeddable":true,"href":"https:\/\/catapa.be\/es\/wp-json\/wp\/v2\/users\/2"}],"replies":[{"embeddable":true,"href":"https:\/\/catapa.be\/es\/wp-json\/wp\/v2\/comments?post=3052"}],"version-history":[{"count":17,"href":"https:\/\/catapa.be\/es\/wp-json\/wp\/v2\/pages\/3052\/revisions"}],"predecessor-version":[{"id":34773,"href":"https:\/\/catapa.be\/es\/wp-json\/wp\/v2\/pages\/3052\/revisions\/34773"}],"up":[{"embeddable":true,"href":"https:\/\/catapa.be\/es\/wp-json\/wp\/v2\/pages\/2962"}],"wp:attachment":[{"href":"https:\/\/catapa.be\/es\/wp-json\/wp\/v2\/media?parent=3052"}],"curies":[{"name":"wp","href":"https:\/\/api.w.org\/{rel}","templated":true}]}}