{"id":3069,"date":"2018-06-25T14:16:52","date_gmt":"2018-06-25T14:16:52","guid":{"rendered":"http:\/\/catapa.be\/?page_id=3069"},"modified":"2018-06-25T14:16:52","modified_gmt":"2018-06-25T14:16:52","slug":"biblioteca-digital","status":"publish","type":"page","link":"https:\/\/catapa.be\/es\/investigacion-mineria\/biblioteca-digital\/","title":{"rendered":"Biblioteca digital"},"content":{"rendered":"","protected":false},"excerpt":{"rendered":"","protected":false},"author":2,"featured_media":0,"parent":3056,"menu_order":3,"comment_status":"closed","ping_status":"closed","template":"","meta":{"_exactmetrics_skip_tracking":false,"_exactmetrics_sitenote_active":false,"_exactmetrics_sitenote_note":"","_exactmetrics_sitenote_category":0,"jetpack_post_was_ever_published":false,"footnotes":""},"class_list":["post-3069","page","type-page","status-publish","hentry"],"yoast_head":"<!-- This site is optimized with the Yoast SEO plugin v26.8 - https:\/\/yoast.com\/product\/yoast-seo-wordpress\/ -->\n<title>Biblioteca digital - CATAPA vzw<\/title>\n<meta name=\"robots\" content=\"index, follow, max-snippet:-1, max-image-preview:large, max-video-preview:-1\" \/>\n<link rel=\"canonical\" href=\"https:\/\/catapa.be\/es\/investigacion-mineria\/biblioteca-digital\/\" \/>\n<meta property=\"og:locale\" content=\"es_ES\" \/>\n<meta property=\"og:type\" content=\"article\" \/>\n<meta property=\"og:title\" content=\"Biblioteca digital - CATAPA vzw\" \/>\n<meta property=\"og:url\" content=\"https:\/\/catapa.be\/es\/investigacion-mineria\/biblioteca-digital\/\" \/>\n<meta property=\"og:site_name\" content=\"CATAPA vzw\" \/>\n<meta property=\"article:publisher\" content=\"https:\/\/www.facebook.com\/catapa.belgium\/\" \/>\n<meta name=\"twitter:card\" content=\"summary_large_image\" \/>\n<meta name=\"twitter:site\" content=\"@CATAPA_Belgica\" \/>\n<script type=\"application\/ld+json\" class=\"yoast-schema-graph\">{\"@context\":\"https:\/\/schema.org\",\"@graph\":[{\"@type\":\"WebPage\",\"@id\":\"https:\/\/catapa.be\/es\/investigacion-mineria\/biblioteca-digital\/\",\"url\":\"https:\/\/catapa.be\/es\/investigacion-mineria\/biblioteca-digital\/\",\"name\":\"Biblioteca digital - CATAPA vzw\",\"isPartOf\":{\"@id\":\"https:\/\/catapa.be\/es\/#website\"},\"datePublished\":\"2018-06-25T14:16:52+00:00\",\"breadcrumb\":{\"@id\":\"https:\/\/catapa.be\/es\/investigacion-mineria\/biblioteca-digital\/#breadcrumb\"},\"inLanguage\":\"es-ES\",\"potentialAction\":[{\"@type\":\"ReadAction\",\"target\":[\"https:\/\/catapa.be\/es\/investigacion-mineria\/biblioteca-digital\/\"]}]},{\"@type\":\"BreadcrumbList\",\"@id\":\"https:\/\/catapa.be\/es\/investigacion-mineria\/biblioteca-digital\/#breadcrumb\",\"itemListElement\":[{\"@type\":\"ListItem\",\"position\":1,\"name\":\"Home\",\"item\":\"https:\/\/catapa.be\/es\/\"},{\"@type\":\"ListItem\",\"position\":2,\"name\":\"Investigaci\u00f3n, Miner\u00eda\",\"item\":\"https:\/\/catapa.be\/es\/investigacion-mineria\/\"},{\"@type\":\"ListItem\",\"position\":3,\"name\":\"Biblioteca digital\"}]},{\"@type\":\"WebSite\",\"@id\":\"https:\/\/catapa.be\/es\/#website\",\"url\":\"https:\/\/catapa.be\/es\/\",\"name\":\"CATAPA vzw\",\"description\":\"Comit\u00e9 Acad\u00e9mico T\u00e9cnico de Asesoramiento a Problemas Ambientales\",\"publisher\":{\"@id\":\"https:\/\/catapa.be\/es\/#organization\"},\"potentialAction\":[{\"@type\":\"SearchAction\",\"target\":{\"@type\":\"EntryPoint\",\"urlTemplate\":\"https:\/\/catapa.be\/es\/?s={search_term_string}\"},\"query-input\":{\"@type\":\"PropertyValueSpecification\",\"valueRequired\":true,\"valueName\":\"search_term_string\"}}],\"inLanguage\":\"es-ES\"},{\"@type\":\"Organization\",\"@id\":\"https:\/\/catapa.be\/es\/#organization\",\"name\":\"CATAPA vzw\",\"url\":\"https:\/\/catapa.be\/es\/\",\"logo\":{\"@type\":\"ImageObject\",\"inLanguage\":\"es-ES\",\"@id\":\"https:\/\/catapa.be\/es\/#\/schema\/logo\/image\/\",\"url\":\"https:\/\/i0.wp.com\/catapa.be\/wp-content\/uploads\/2019\/02\/NEW20LOGO20SHORT20PNG1.png?fit=1259%2C1321&ssl=1\",\"contentUrl\":\"https:\/\/i0.wp.com\/catapa.be\/wp-content\/uploads\/2019\/02\/NEW20LOGO20SHORT20PNG1.png?fit=1259%2C1321&ssl=1\",\"width\":1259,\"height\":1321,\"caption\":\"CATAPA vzw\"},\"image\":{\"@id\":\"https:\/\/catapa.be\/es\/#\/schema\/logo\/image\/\"},\"sameAs\":[\"https:\/\/www.facebook.com\/catapa.belgium\/\",\"https:\/\/x.com\/CATAPA_Belgica\",\"https:\/\/www.instagram.com\/catapa_vzw\/\",\"https:\/\/be.linkedin.com\/company\/catapavzw\",\"https:\/\/www.youtube.com\/channel\/UCE52-Fiyv-Fpqf2gi1qhf1g\"]}]}<\/script>\n<!-- \/ Yoast SEO plugin. -->","yoast_head_json":{"title":"Biblioteca digital - CATAPA vzw","robots":{"index":"index","follow":"follow","max-snippet":"max-snippet:-1","max-image-preview":"max-image-preview:large","max-video-preview":"max-video-preview:-1"},"canonical":"https:\/\/catapa.be\/es\/investigacion-mineria\/biblioteca-digital\/","og_locale":"es_ES","og_type":"article","og_title":"Biblioteca digital - CATAPA vzw","og_url":"https:\/\/catapa.be\/es\/investigacion-mineria\/biblioteca-digital\/","og_site_name":"CATAPA vzw","article_publisher":"https:\/\/www.facebook.com\/catapa.belgium\/","twitter_card":"summary_large_image","twitter_site":"@CATAPA_Belgica","schema":{"@context":"https:\/\/schema.org","@graph":[{"@type":"WebPage","@id":"https:\/\/catapa.be\/es\/investigacion-mineria\/biblioteca-digital\/","url":"https:\/\/catapa.be\/es\/investigacion-mineria\/biblioteca-digital\/","name":"Biblioteca digital - CATAPA vzw","isPartOf":{"@id":"https:\/\/catapa.be\/es\/#website"},"datePublished":"2018-06-25T14:16:52+00:00","breadcrumb":{"@id":"https:\/\/catapa.be\/es\/investigacion-mineria\/biblioteca-digital\/#breadcrumb"},"inLanguage":"es-ES","potentialAction":[{"@type":"ReadAction","target":["https:\/\/catapa.be\/es\/investigacion-mineria\/biblioteca-digital\/"]}]},{"@type":"BreadcrumbList","@id":"https:\/\/catapa.be\/es\/investigacion-mineria\/biblioteca-digital\/#breadcrumb","itemListElement":[{"@type":"ListItem","position":1,"name":"Home","item":"https:\/\/catapa.be\/es\/"},{"@type":"ListItem","position":2,"name":"Investigaci\u00f3n, Miner\u00eda","item":"https:\/\/catapa.be\/es\/investigacion-mineria\/"},{"@type":"ListItem","position":3,"name":"Biblioteca digital"}]},{"@type":"WebSite","@id":"https:\/\/catapa.be\/es\/#website","url":"https:\/\/catapa.be\/es\/","name":"CATAPA vzw","description":"Comit\u00e9 Acad\u00e9mico T\u00e9cnico de Asesoramiento a Problemas Ambientales","publisher":{"@id":"https:\/\/catapa.be\/es\/#organization"},"potentialAction":[{"@type":"SearchAction","target":{"@type":"EntryPoint","urlTemplate":"https:\/\/catapa.be\/es\/?s={search_term_string}"},"query-input":{"@type":"PropertyValueSpecification","valueRequired":true,"valueName":"search_term_string"}}],"inLanguage":"es-ES"},{"@type":"Organization","@id":"https:\/\/catapa.be\/es\/#organization","name":"CATAPA vzw","url":"https:\/\/catapa.be\/es\/","logo":{"@type":"ImageObject","inLanguage":"es-ES","@id":"https:\/\/catapa.be\/es\/#\/schema\/logo\/image\/","url":"https:\/\/i0.wp.com\/catapa.be\/wp-content\/uploads\/2019\/02\/NEW20LOGO20SHORT20PNG1.png?fit=1259%2C1321&ssl=1","contentUrl":"https:\/\/i0.wp.com\/catapa.be\/wp-content\/uploads\/2019\/02\/NEW20LOGO20SHORT20PNG1.png?fit=1259%2C1321&ssl=1","width":1259,"height":1321,"caption":"CATAPA vzw"},"image":{"@id":"https:\/\/catapa.be\/es\/#\/schema\/logo\/image\/"},"sameAs":["https:\/\/www.facebook.com\/catapa.belgium\/","https:\/\/x.com\/CATAPA_Belgica","https:\/\/www.instagram.com\/catapa_vzw\/","https:\/\/be.linkedin.com\/company\/catapavzw","https:\/\/www.youtube.com\/channel\/UCE52-Fiyv-Fpqf2gi1qhf1g"]}]}},"jetpack_sharing_enabled":true,"jetpack_likes_enabled":true,"jetpack-related-posts":[{"id":15092,"url":"https:\/\/catapa.be\/es\/biblioteca-digital\/","url_meta":{"origin":3069,"position":0},"title":"Biblioteca digital","author":"Julie Ballet","date":"03\/07\/2020","format":false,"excerpt":"[vc_row][vc_column][vc_column_text el_id=\"e-library\"]CATAPA dispone de una biblioteca donde puedes prestar libros y art\u00edculos escritos en espa\u00f1ol, ingl\u00e9s, franc\u00e9s y neerland\u00e9s. El tema principal trata la miner\u00eda, pero tambi\u00e9n puedes encontrar temas relacionados con ella: Derechos humanos, migraci\u00f3n, pol\u00edtica Educaci\u00f3n Extractivismo Financias Ind\u00edgenas, aboriginals Medio ambiente, ecolog\u00eda, transici\u00f3n, agua Salud, sustancias t\u00f3xicas\u2026","rel":"","context":"Entrada similar","block_context":{"text":"Entrada similar","link":""},"img":{"alt_text":"","src":"","width":0,"height":0},"classes":[]},{"id":2708,"url":"https:\/\/catapa.be\/en\/research\/digital-library\/","url_meta":{"origin":3069,"position":1},"title":"Digital Library","author":"Alienor de Sas","date":"20\/05\/2018","format":false,"excerpt":"","rel":"","context":"Entrada similar","block_context":{"text":"Entrada similar","link":""},"img":{"alt_text":"","src":"","width":0,"height":0},"classes":[]},{"id":15090,"url":"https:\/\/catapa.be\/en\/digital-library\/","url_meta":{"origin":3069,"position":2},"title":"Digital library","author":"Julie Ballet","date":"03\/07\/2020","format":false,"excerpt":"[vc_row][vc_column][vc_column_text el_id=\"e-library\"]CATAPA has a library where you can borrow books and articles written in English, Dutch, Spanish or French. The main theme is mining, but you can also find other themes related to it: Developing countries, development cooperation, voluntary work Environment, ecology, transition, water Extractivism Finances Health, toxic substances Humans\u2026","rel":"","context":"Entrada similar","block_context":{"text":"Entrada similar","link":""},"img":{"alt_text":"","src":"","width":0,"height":0},"classes":[]},{"id":3039,"url":"https:\/\/catapa.be\/es\/labor\/colaboraciones\/","url_meta":{"origin":3069,"position":3},"title":"Colaboraciones","author":"Alienor de Sas","date":"20\/05\/2018","format":false,"excerpt":"[vc_row][vc_column width=\"1\/2\"][vc_single_image image=\"11576\" img_size=\"medium\" alignment=\"center\"][vc_custom_heading text=\"Bolivia\" font_container=\"tag:h2|text_align:center|color:%23009c55\" google_fonts=\"font_family:Quicksand%3A300%2Cregular%2C700|font_style:700%20bold%20regular%3A700%3Anormal\"][vc_tta_pageable no_fill_content_area=\"1\" active_section=\"0\" pagination_color=\"black\" tab_position=\"top\"][vc_tta_section title=\"Sectie 1\" tab_id=\"CEPA-ES\"][vc_column_text] CEPA En Bolivia cooperamos con CEPA (el Centro de Ecolog\u00eda y Pueblos Andinos), una organizaci\u00f3n con una doble orientaci\u00f3n: los problemas ambientales y la poblaci\u00f3n ind\u00edgena. Centro de Ecolog\u00eda La contaminaci\u00f3n est\u00e1 muy presenta en\u2026","rel":"","context":"Entrada similar","block_context":{"text":"Entrada similar","link":""},"img":{"alt_text":"","src":"https:\/\/i0.wp.com\/catapa.be\/wp-content\/uploads\/2019\/01\/cepa.jpg?resize=350%2C200","width":350,"height":200},"classes":[]},{"id":33853,"url":"https:\/\/catapa.be\/en\/how-we-work\/catapa-campaigns-and-projects\/right-to-say-no\/right-to-say-no-gathering-in-the-andes-region\/","url_meta":{"origin":3069,"position":4},"title":"Right To Say No Gathering in the Andes Region","author":"Simon Berlo","date":"07\/08\/2023","format":false,"excerpt":"[vc_section][vc_row css=\".vc_custom_1690880892961{margin-top: 0px !important;margin-bottom: 0px !important;border-top-width: 0px !important;border-bottom-width: 0px !important;padding-top: 0px !important;padding-bottom: 0px !important;}\"][vc_column css=\".vc_custom_1690880879850{margin-top: 0px !important;margin-bottom: 0px !important;border-top-width: 0px !important;border-bottom-width: 0px !important;padding-top: 0px !important;padding-bottom: 0px !important;}\"][vc_column_text] Shared knowledge and solidarity in anti-mining struggles [\/vc_column_text][vc_column_text]Every four year, CATAPA\u2019s partners meet in the territory of one of the partner organisations during\u2026","rel":"","context":"Entrada similar","block_context":{"text":"Entrada similar","link":""},"img":{"alt_text":"","src":"","width":0,"height":0},"classes":[]},{"id":8849,"url":"https:\/\/catapa.be\/en\/mining-in-paradise\/","url_meta":{"origin":3069,"position":5},"title":"Mining in Paradise","author":"admin","date":"10\/01\/2019","format":false,"excerpt":"Mining in Paradise With the \u00a0campaign\u00a0Mining in Paradise, CATAPA supported the agricultural and environmental organisations in four provinces in the North of Peru that didn't want to allow mining in their region.\u00a0Because of the fact that mining companies harm human rights, cross local development plans and threaten the most bio-diverse\u2026","rel":"","context":"Entrada similar","block_context":{"text":"Entrada similar","link":""},"img":{"alt_text":"","src":"","width":0,"height":0},"classes":[]}],"_links":{"self":[{"href":"https:\/\/catapa.be\/es\/wp-json\/wp\/v2\/pages\/3069","targetHints":{"allow":["GET"]}}],"collection":[{"href":"https:\/\/catapa.be\/es\/wp-json\/wp\/v2\/pages"}],"about":[{"href":"https:\/\/catapa.be\/es\/wp-json\/wp\/v2\/types\/page"}],"author":[{"embeddable":true,"href":"https:\/\/catapa.be\/es\/wp-json\/wp\/v2\/users\/2"}],"replies":[{"embeddable":true,"href":"https:\/\/catapa.be\/es\/wp-json\/wp\/v2\/comments?post=3069"}],"version-history":[{"count":1,"href":"https:\/\/catapa.be\/es\/wp-json\/wp\/v2\/pages\/3069\/revisions"}],"predecessor-version":[{"id":3070,"href":"https:\/\/catapa.be\/es\/wp-json\/wp\/v2\/pages\/3069\/revisions\/3070"}],"up":[{"embeddable":true,"href":"https:\/\/catapa.be\/es\/wp-json\/wp\/v2\/pages\/3056"}],"wp:attachment":[{"href":"https:\/\/catapa.be\/es\/wp-json\/wp\/v2\/media?parent=3069"}],"curies":[{"name":"wp","href":"https:\/\/api.w.org\/{rel}","templated":true}]}}