{"id":3087,"date":"2018-06-25T14:22:50","date_gmt":"2018-06-25T12:22:50","guid":{"rendered":"http:\/\/catapa.be\/?page_id=3087"},"modified":"2022-05-28T13:16:47","modified_gmt":"2022-05-28T11:16:47","slug":"guatemala","status":"publish","type":"page","link":"https:\/\/catapa.be\/es\/casos\/guatemala\/","title":{"rendered":"Guatemala"},"content":{"rendered":"<div class=\"wpb-content-wrapper\"><p>[vc_row][vc_column][vc_cta h2=&#8221;Entre los municipios de San Miguel Ixtahuac\u00e1n y Sipacapa se encuentra desde 2005 la mina Marlin.&#8221; h4=&#8221;El escenario de esta mina sirve como una clara advertencia para el resto de Guatemala. Mientras San Miguel se divid\u00eda, el resto del pa\u00eds un\u00eda fuerzas para proteger sus recursos naturales.&#8221; style=&#8221;custom&#8221; custom_background=&#8221;#01a053&#8243; custom_text=&#8221;#ffffff&#8221;][\/vc_cta][\/vc_column][\/vc_row][vc_row full_width=&#8221;stretch_row&#8221; css=&#8221;.vc_custom_1535454810701{background-color: #efefef !important;}&#8221; el_id=&#8221;table-of-contents&#8221;][vc_column width=&#8221;1\/2&#8243;][vc_column_text]<\/p>\n<h2>\u00cdndice<\/h2>\n<p><a href=\"#la-mina-marlin\">La mina Marlin<\/a>[\/vc_column_text][\/vc_column][vc_column width=&#8221;1\/2&#8243;][vc_gmaps link=&#8221;#E-8_JTNDaWZyYW1lJTIwc3JjJTNEJTIyaHR0cHMlM0ElMkYlMkZ3d3cuZ29vZ2xlLmNvbSUyRm1hcHMlMkZlbWJlZCUzRnBiJTNEJTIxMW0xOCUyMTFtMTIlMjExbTMlMjExZDE4NzcwNzQyLjUwMTcxNDU3MiUyMTJkLTkxLjQzNTE1MDcxMTY1MDA0JTIxM2QxNy4xMTU0MDkxMzk5NzMxNjMlMjEybTMlMjExZjAlMjEyZjAlMjEzZjAlMjEzbTIlMjExaTEwMjQlMjEyaTc2OCUyMTRmMTMuMSUyMTNtMyUyMTFtMiUyMTFzMHg4NThlNmFjNDRmNTJhZjc1JTI1M0EweDllYTc3MzJhZWI0NzMxYTElMjEyc1NhbiUyQk1hcmNvcyUyNTJDJTJCR3VhdGVtYWxhJTIxNWUxJTIxM20yJTIxMXNubCUyMTJzYmUlMjE0djE1NDUxNDI5ODc3NzUlMjIlMjB3aWR0aCUzRCUyMjYwMCUyMiUyMGhlaWdodCUzRCUyMjQ1MCUyMiUyMGZyYW1lYm9yZGVyJTNEJTIyMCUyMiUyMHN0eWxlJTNEJTIyYm9yZGVyJTNBMCUyMiUyMGFsbG93ZnVsbHNjcmVlbiUzRSUzQyUyRmlmcmFtZSUzRQ==&#8221; title=&#8221;Departamento de San Marcos, Guatemala&#8221;][\/vc_column][\/vc_row][vc_row full_width=&#8221;stretch_row&#8221; el_id=&#8221;la-mina-marlin&#8221; css=&#8221;.vc_custom_1563875927637{background-color: #009c55 !important;background-position: center !important;background-repeat: no-repeat !important;background-size: cover !important;}&#8221;][vc_column][vc_custom_heading text=&#8221;La mina Marlin&#8221; font_container=&#8221;tag:h1|font_size:50|text_align:left|color:%23ffffff&#8221; google_fonts=&#8221;font_family:Quicksand%3A300%2Cregular%2C700|font_style:400%20regular%3A400%3Anormal&#8221;][\/vc_column][\/vc_row][vc_row][vc_column][vc_column_text]<\/p>\n<p><span style=\"font-weight: 400;\">San Marcos, el oeste perdido. En las tierras bajas de este departamento guatemalteco se observan ricas plantaciones de caf\u00e9. En las altas, la poblaci\u00f3n Maya emplea sus fuerzas en tierras pobres y dif\u00edciles de cultivar. En la frontera entre los municipios de San Miguel Ixtahuac\u00e1n y Sipacapa se encuentra desde 2005 la mina Marlin.<\/span><\/p>\n<p><span style=\"font-weight: 400;\">La importante empresa de oro pertenece al gigante minero Goldcorp. Se trata del primer gran proyecto minero en Guatemala despu\u00e9s de 36 a\u00f1os de guerra civil. El conflicto armado, cuya causa principal fueron las desigualdades en la distribuci\u00f3n y propiedad del terreno, dej\u00f3 el problema pr\u00e1cticamente sin resolver. Tras una sangrienta guerra, la poblaci\u00f3n guatemalteca acept\u00f3 en 1996 un statu quo. Casi un a\u00f1o despu\u00e9s se aprobaba una ley sobre miner\u00eda, lo que supuso una bajada en el valor de los lingotes de oro para la exportaci\u00f3n del 6% al 1%.<\/span><\/p>\n<p><span style=\"font-weight: 400;\">Las empresas mineras extranjeras vieron ah\u00ed una oportunidad. En 1998 aparecieron de forma repentina extranjeros en San Miguel Ixtahuac\u00e1n y en Sipacapa con un inter\u00e9s especial en las tierras pobres y en el emplazamiento de manantiales en la zona. Los rumores se extendieron r\u00e1pido. Nadie se hab\u00eda interesado nunca antes por esas tierras altas. \u00bfA qu\u00e9 se deb\u00eda ese repentino inter\u00e9s? Sin respuesta a estas preguntas, las tierras se vendieron r\u00e1pidamente por un valor que duplicaba o triplicaba su valor en el mercado. \u00bfSab\u00edan los habitantes de estos municipios que el Ministro de Energ\u00eda y Minas hab\u00eda concedido licencias mineras a estas tierras altas? \u00bfSab\u00edan que se bombeaban 250 000 litros de agua por hora mezclada con cianuro para extraer oro de las rocas? \u00bfSab\u00edan que las explosiones del agujero de la mina a cielo abierto iban a destrozar sus casas? <\/span><\/p>\n<p><span style=\"font-weight: 400;\">\u201cInvertir es desarrollo\u201d. Sobran anuncios grotescos en la media guatemalteca. Cada minuto se maldice la mina Marlin. Hay formas de sobra para defender los intereses estrat\u00e9gicos de la industria extractiva, \u00bfpero realmente estamos hablando \u00fanicamente de desarrollo?<\/span><\/p>\n<p><span style=\"font-weight: 400;\">Nadie niega que la mina suponga ganancias financieras. Entre 2006 y 2010 se extrajeron 1.5 mil millones de d\u00f3lares de la tierra. Un estudio reciente revela que, entre ganancias, pr\u00e9stamos y proyectos, solo el 5% de esta cantidad se queda en San Miguel Ixtahuac\u00e1n y Sipacapa; mientras que suponen el 100% de los riesgos medioambientales y para la salud. <\/span><\/p>\n<p><span style=\"font-weight: 400;\">\u201cPachamama\u201d, un concepto sagrado para la comunidad Maya, iba a tener que ser sacrificada por una \u00ednfima parte de las ganancias. Al principio del proyecto minero Sipacapa decidi\u00f3 realizar un refer\u00e9ndum interno que revel\u00f3 que el 97% de los participantes no estaba de acuerdo con la inminente explotaci\u00f3n. Las autoridades los ignoraron por completo y aprobaron el proyecto igualmente.<\/span><\/p>\n<p><span style=\"font-weight: 400;\">En San Miguel Ixtahuac\u00e1n tambi\u00e9n hay protestas. De todas formas, es mejor no alzar la voz para evitarse una sesi\u00f3n legal maratoniana, como les ocurri\u00f3 a siete campesinos que bloquearon la entrada de la mina. Tras meses de varias \u00f3rdenes de comparecencia, acabaron por darle fin a la lucha. A\u00fan hace poco la comunidad imped\u00eda que la polic\u00eda arrestara a ocho madres por orden de Goldcorp. <\/span><\/p>\n<p><span style=\"font-weight: 400;\">Adem\u00e1s de con oponentes, la mina tambi\u00e9n cuenta con defensores. No se puede culpar a un minero de querer luchar por su salario. Pero Goldcorp elige a estos privilegiados con mucha cautela. En primera instancia se trata de gente que tiene algo que decir en la comunidad, los l\u00edderes pol\u00edticos. De esta forma la mina se infiltra muy r\u00e1pidamente en las comunidades. La ausencia del Estado es vigorosamente cubierta por Goldcorp. \u00bfQuieres que se arregle la carretera o que se construya una escuela? Pues ni menciones cosas como Pachamama. Porque si no ese dinero va al municipio vecino. As\u00ed que los panfletos de Goldcorp est\u00e1n repletos de \u201ccaridad\u201d y, poco despu\u00e9s del fin de la guerra civil, en Guatemala se vuelve a plantar el germen del conflicto. Y en ocasiones la situaci\u00f3n se va de las manos. En 2010 Do\u00f1a Diodora recibi\u00f3 un disparo en el ojo. En la misma semana, la casa de Don Miguel \u00c1ngel fue acribillada a balazos. Ambos son p\u00fablicos detractores de la mina. La profesora Adilia fue acosada a la salida de la escuela despu\u00e9s de haber testificado sobre los problemas de piel de sus alumnos. Varios oponentes fueron secuestrados e incluso recibieron amenazas de muerte. A causa de la falta de orden legal, en San Miguel Ixtahuac\u00e1n se aplica el sistema de supervivencia del m\u00e1s fuerte. Intimidados, y con raz\u00f3n, por el aumento en la violencia, muchos permanecen escondidos y en silencio.<\/span><\/p>\n<p><span style=\"font-weight: 400;\">El da\u00f1o social se puede medir por la venta de bebidas fuertes, el aumento de la violencia dom\u00e9stica y los prost\u00edbulos que aparecieron de forma repentina en San Miguel Ixtahuac\u00e1n. Las familias se separan y a menudo hermanos y hermanas acaban enfrentados.<\/span><\/p>\n<p><span style=\"font-weight: 400;\">El escenario de la mina Marlin sirve como una clara advertencia para el resto del pa\u00eds. Ya se han llevado a cabo 59 plebiscitos en toda Guatemala, durante los cuales un mill\u00f3n de personas se pronunci\u00f3 en contra de la industria minera en su h\u00e1bitat. Mientras San Miguel se divid\u00eda, el resto del pa\u00eds un\u00eda fuerzas para proteger sus recursos naturales.<\/span><\/p>\n<p>[\/vc_column_text][vc_btn title=&#8221;Volver al comienzo de secci\u00f3n&#8221; align=&#8221;left&#8221; i_align=&#8221;right&#8221; i_icon_fontawesome=&#8221;fa fa-chevron-right&#8221; add_icon=&#8221;true&#8221; link=&#8221;url:%23table-of-contents|||&#8221;][\/vc_column][\/vc_row]<\/p>\n<\/div>","protected":false},"excerpt":{"rendered":"<p>[vc_row][vc_column][vc_cta h2=&#8221;Entre los municipios de San Miguel Ixtahuac\u00e1n y Sipacapa se encuentra desde 2005 la mina Marlin.&#8221; h4=&#8221;El escenario de esta mina sirve como una clara advertencia para el resto de Guatemala. Mientras San Miguel<br \/><a class=\"read-more\" href=\"https:\/\/catapa.be\/es\/casos\/guatemala\/\">Read More<\/a><\/p>\n","protected":false},"author":2,"featured_media":0,"parent":2993,"menu_order":5,"comment_status":"closed","ping_status":"closed","template":"","meta":{"_exactmetrics_skip_tracking":false,"_exactmetrics_sitenote_active":false,"_exactmetrics_sitenote_note":"","_exactmetrics_sitenote_category":0,"jetpack_post_was_ever_published":false,"footnotes":""},"class_list":["post-3087","page","type-page","status-publish","hentry"],"yoast_head":"<!-- This site is optimized with the Yoast SEO plugin v26.8 - https:\/\/yoast.com\/product\/yoast-seo-wordpress\/ -->\n<title>Guatemala - CATAPA vzw<\/title>\n<meta name=\"robots\" content=\"index, follow, max-snippet:-1, max-image-preview:large, max-video-preview:-1\" \/>\n<link rel=\"canonical\" href=\"https:\/\/catapa.be\/es\/casos\/guatemala\/\" \/>\n<meta property=\"og:locale\" content=\"es_ES\" \/>\n<meta property=\"og:type\" content=\"article\" \/>\n<meta property=\"og:title\" content=\"Guatemala - CATAPA vzw\" \/>\n<meta property=\"og:description\" content=\"[vc_row][vc_column][vc_cta h2=&#8221;Entre los municipios de San Miguel Ixtahuac\u00e1n y Sipacapa se encuentra desde 2005 la mina Marlin.&#8221; h4=&#8221;El escenario de esta mina sirve como una clara advertencia para el resto de Guatemala. Mientras San MiguelRead More\" \/>\n<meta property=\"og:url\" content=\"https:\/\/catapa.be\/es\/casos\/guatemala\/\" \/>\n<meta property=\"og:site_name\" content=\"CATAPA vzw\" \/>\n<meta property=\"article:publisher\" content=\"https:\/\/www.facebook.com\/catapa.belgium\/\" \/>\n<meta property=\"article:modified_time\" content=\"2022-05-28T11:16:47+00:00\" \/>\n<meta name=\"twitter:card\" content=\"summary_large_image\" \/>\n<meta name=\"twitter:site\" content=\"@CATAPA_Belgica\" \/>\n<meta name=\"twitter:label1\" content=\"Tiempo de lectura\" \/>\n\t<meta name=\"twitter:data1\" content=\"5 minutes\" \/>\n<script type=\"application\/ld+json\" class=\"yoast-schema-graph\">{\"@context\":\"https:\/\/schema.org\",\"@graph\":[{\"@type\":\"WebPage\",\"@id\":\"https:\/\/catapa.be\/es\/casos\/guatemala\/\",\"url\":\"https:\/\/catapa.be\/es\/casos\/guatemala\/\",\"name\":\"Guatemala - CATAPA vzw\",\"isPartOf\":{\"@id\":\"https:\/\/catapa.be\/es\/#website\"},\"datePublished\":\"2018-06-25T12:22:50+00:00\",\"dateModified\":\"2022-05-28T11:16:47+00:00\",\"breadcrumb\":{\"@id\":\"https:\/\/catapa.be\/es\/casos\/guatemala\/#breadcrumb\"},\"inLanguage\":\"es-ES\",\"potentialAction\":[{\"@type\":\"ReadAction\",\"target\":[\"https:\/\/catapa.be\/es\/casos\/guatemala\/\"]}]},{\"@type\":\"BreadcrumbList\",\"@id\":\"https:\/\/catapa.be\/es\/casos\/guatemala\/#breadcrumb\",\"itemListElement\":[{\"@type\":\"ListItem\",\"position\":1,\"name\":\"Home\",\"item\":\"https:\/\/catapa.be\/es\/\"},{\"@type\":\"ListItem\",\"position\":2,\"name\":\"Casos\",\"item\":\"https:\/\/catapa.be\/es\/casos\/\"},{\"@type\":\"ListItem\",\"position\":3,\"name\":\"Guatemala\"}]},{\"@type\":\"WebSite\",\"@id\":\"https:\/\/catapa.be\/es\/#website\",\"url\":\"https:\/\/catapa.be\/es\/\",\"name\":\"CATAPA vzw\",\"description\":\"Comit\u00e9 Acad\u00e9mico T\u00e9cnico de Asesoramiento a Problemas Ambientales\",\"publisher\":{\"@id\":\"https:\/\/catapa.be\/es\/#organization\"},\"potentialAction\":[{\"@type\":\"SearchAction\",\"target\":{\"@type\":\"EntryPoint\",\"urlTemplate\":\"https:\/\/catapa.be\/es\/?s={search_term_string}\"},\"query-input\":{\"@type\":\"PropertyValueSpecification\",\"valueRequired\":true,\"valueName\":\"search_term_string\"}}],\"inLanguage\":\"es-ES\"},{\"@type\":\"Organization\",\"@id\":\"https:\/\/catapa.be\/es\/#organization\",\"name\":\"CATAPA vzw\",\"url\":\"https:\/\/catapa.be\/es\/\",\"logo\":{\"@type\":\"ImageObject\",\"inLanguage\":\"es-ES\",\"@id\":\"https:\/\/catapa.be\/es\/#\/schema\/logo\/image\/\",\"url\":\"https:\/\/i0.wp.com\/catapa.be\/wp-content\/uploads\/2019\/02\/NEW20LOGO20SHORT20PNG1.png?fit=1259%2C1321&ssl=1\",\"contentUrl\":\"https:\/\/i0.wp.com\/catapa.be\/wp-content\/uploads\/2019\/02\/NEW20LOGO20SHORT20PNG1.png?fit=1259%2C1321&ssl=1\",\"width\":1259,\"height\":1321,\"caption\":\"CATAPA vzw\"},\"image\":{\"@id\":\"https:\/\/catapa.be\/es\/#\/schema\/logo\/image\/\"},\"sameAs\":[\"https:\/\/www.facebook.com\/catapa.belgium\/\",\"https:\/\/x.com\/CATAPA_Belgica\",\"https:\/\/www.instagram.com\/catapa_vzw\/\",\"https:\/\/be.linkedin.com\/company\/catapavzw\",\"https:\/\/www.youtube.com\/channel\/UCE52-Fiyv-Fpqf2gi1qhf1g\"]}]}<\/script>\n<!-- \/ Yoast SEO plugin. -->","yoast_head_json":{"title":"Guatemala - CATAPA vzw","robots":{"index":"index","follow":"follow","max-snippet":"max-snippet:-1","max-image-preview":"max-image-preview:large","max-video-preview":"max-video-preview:-1"},"canonical":"https:\/\/catapa.be\/es\/casos\/guatemala\/","og_locale":"es_ES","og_type":"article","og_title":"Guatemala - CATAPA vzw","og_description":"[vc_row][vc_column][vc_cta h2=&#8221;Entre los municipios de San Miguel Ixtahuac\u00e1n y Sipacapa se encuentra desde 2005 la mina Marlin.&#8221; h4=&#8221;El escenario de esta mina sirve como una clara advertencia para el resto de Guatemala. Mientras San MiguelRead More","og_url":"https:\/\/catapa.be\/es\/casos\/guatemala\/","og_site_name":"CATAPA vzw","article_publisher":"https:\/\/www.facebook.com\/catapa.belgium\/","article_modified_time":"2022-05-28T11:16:47+00:00","twitter_card":"summary_large_image","twitter_site":"@CATAPA_Belgica","twitter_misc":{"Tiempo de lectura":"5 minutes"},"schema":{"@context":"https:\/\/schema.org","@graph":[{"@type":"WebPage","@id":"https:\/\/catapa.be\/es\/casos\/guatemala\/","url":"https:\/\/catapa.be\/es\/casos\/guatemala\/","name":"Guatemala - CATAPA vzw","isPartOf":{"@id":"https:\/\/catapa.be\/es\/#website"},"datePublished":"2018-06-25T12:22:50+00:00","dateModified":"2022-05-28T11:16:47+00:00","breadcrumb":{"@id":"https:\/\/catapa.be\/es\/casos\/guatemala\/#breadcrumb"},"inLanguage":"es-ES","potentialAction":[{"@type":"ReadAction","target":["https:\/\/catapa.be\/es\/casos\/guatemala\/"]}]},{"@type":"BreadcrumbList","@id":"https:\/\/catapa.be\/es\/casos\/guatemala\/#breadcrumb","itemListElement":[{"@type":"ListItem","position":1,"name":"Home","item":"https:\/\/catapa.be\/es\/"},{"@type":"ListItem","position":2,"name":"Casos","item":"https:\/\/catapa.be\/es\/casos\/"},{"@type":"ListItem","position":3,"name":"Guatemala"}]},{"@type":"WebSite","@id":"https:\/\/catapa.be\/es\/#website","url":"https:\/\/catapa.be\/es\/","name":"CATAPA vzw","description":"Comit\u00e9 Acad\u00e9mico T\u00e9cnico de Asesoramiento a Problemas Ambientales","publisher":{"@id":"https:\/\/catapa.be\/es\/#organization"},"potentialAction":[{"@type":"SearchAction","target":{"@type":"EntryPoint","urlTemplate":"https:\/\/catapa.be\/es\/?s={search_term_string}"},"query-input":{"@type":"PropertyValueSpecification","valueRequired":true,"valueName":"search_term_string"}}],"inLanguage":"es-ES"},{"@type":"Organization","@id":"https:\/\/catapa.be\/es\/#organization","name":"CATAPA vzw","url":"https:\/\/catapa.be\/es\/","logo":{"@type":"ImageObject","inLanguage":"es-ES","@id":"https:\/\/catapa.be\/es\/#\/schema\/logo\/image\/","url":"https:\/\/i0.wp.com\/catapa.be\/wp-content\/uploads\/2019\/02\/NEW20LOGO20SHORT20PNG1.png?fit=1259%2C1321&ssl=1","contentUrl":"https:\/\/i0.wp.com\/catapa.be\/wp-content\/uploads\/2019\/02\/NEW20LOGO20SHORT20PNG1.png?fit=1259%2C1321&ssl=1","width":1259,"height":1321,"caption":"CATAPA vzw"},"image":{"@id":"https:\/\/catapa.be\/es\/#\/schema\/logo\/image\/"},"sameAs":["https:\/\/www.facebook.com\/catapa.belgium\/","https:\/\/x.com\/CATAPA_Belgica","https:\/\/www.instagram.com\/catapa_vzw\/","https:\/\/be.linkedin.com\/company\/catapavzw","https:\/\/www.youtube.com\/channel\/UCE52-Fiyv-Fpqf2gi1qhf1g"]}]}},"jetpack_sharing_enabled":true,"jetpack_likes_enabled":true,"jetpack-related-posts":[{"id":3083,"url":"https:\/\/catapa.be\/en\/cases\/guatemala\/","url_meta":{"origin":3087,"position":0},"title":"Guatemala","author":"Alienor de Sas","date":"25\/06\/2018","format":false,"excerpt":"[vc_row][vc_column][vc_cta h2=\"Between the villages of San Miguel Ixtahuac\u00e1n and Sipacapa, the Marlin mine has been present since 2005.\" h4=\"The scenario of the Marlin mine serves as a clear warning towards the rest of Guatemala. Whereas San Miguel became divided, the rest of the country united themselves in the protection of\u2026","rel":"","context":"Entrada similar","block_context":{"text":"Entrada similar","link":""},"img":{"alt_text":"","src":"","width":0,"height":0},"classes":[]},{"id":2952,"url":"https:\/\/catapa.be\/es\/sobre-nosotros\/nuestra-historia\/","url_meta":{"origin":3087,"position":1},"title":"Nuestra historia","author":"Alienor de Sas","date":"20\/05\/2018","format":false,"excerpt":"[vc_row full_width=\"stretch_row\" content_placement=\"middle\"][vc_column][vc_cta h2=\"Desde BelBol hasta...\" h4=\"...un movimiento horizontal con organizaciones asociadas en Per\u00fa, Colombia, Ecuador y Bolivia; y con muchos proyectos en marcha en Flandes, Europa y en Am\u00e9rica Latina.\" style=\"custom\" custom_background=\"#01a053\" custom_text=\"#ffffff\"][\/vc_cta][\/vc_column][\/vc_row][vc_row full_width=\"stretch_row\" equal_height=\"yes\" css=\".vc_custom_1535455217709{background-color: #f7f7f7 !important;}\" el_id=\"table-of-contents\"][vc_column css_animation=\"none\" width=\"1\/2\"][vc_column_text css=\".vc_custom_1653737512501{padding-left: 50px !important;}\"] \u00cdndice 2003-2007: desde BelBol hasta\u2026","rel":"","context":"Entrada similar","block_context":{"text":"Entrada similar","link":""},"img":{"alt_text":"","src":"https:\/\/i0.wp.com\/catapa.be\/wp-content\/uploads\/2019\/01\/mining-in-paradise-300x300.png?resize=350%2C200&ssl=1","width":350,"height":200},"classes":[]},{"id":3081,"url":"https:\/\/catapa.be\/es\/casos\/espana\/","url_meta":{"origin":3087,"position":2},"title":"Espa\u00f1a","author":"Alienor de Sas","date":"23\/05\/2018","format":false,"excerpt":"[vc_row][vc_column][vc_cta h2=\"La que ser\u00eda la mina m\u00e1s grande de toda Europa occidental, a\u00fan sin explotar, se encuentra en un pueblito que cuenta con menos de 4.000 habitantes: Tapia de Casariego.\" h4=\"Esta peque\u00f1a municipalidad costera forma parte del Principado de Asturias, una comunidad aut\u00f3noma en el noroeste de Espa\u00f1a con poco\u2026","rel":"","context":"Entrada similar","block_context":{"text":"Entrada similar","link":""},"img":{"alt_text":"","src":"https:\/\/i0.wp.com\/catapa.be\/sites\/default\/files\/wysiwyg\/users\/user468\/image2.jpg?resize=350%2C200","width":350,"height":200},"classes":[]},{"id":8441,"url":"https:\/\/catapa.be\/es\/casos\/romania\/","url_meta":{"origin":3087,"position":3},"title":"Ruman\u00eda","author":"admin","date":"23\/05\/2018","format":false,"excerpt":"[vc_row][vc_column][vc_cta h2=\"En el a\u00f1o 2000, Rosia Montana Gold Corporation declar\u00f3 tener la intenci\u00f3n de abrir la mina a cielo abierto m\u00e1s grande de Europa\" h4=\"en Rosia Montana, un pueblo de Transilvania en los Montes Apuseni. Para ejecutar este proyecto, la empresa quer\u00eda destruir 4 monta\u00f1as, reubicar 2064 propiedades privadas, derribar\u2026","rel":"","context":"Entrada similar","block_context":{"text":"Entrada similar","link":""},"img":{"alt_text":"","src":"https:\/\/i0.wp.com\/catapa.be\/wp-content\/uploads\/2018\/08\/logo-salvati-rosia-montana_0-266x300.jpg?resize=350%2C200","width":350,"height":200},"classes":[]},{"id":3052,"url":"https:\/\/catapa.be\/es\/actua-ahora\/ponencias-y-talleres\/","url_meta":{"origin":3087,"position":4},"title":"Talleres","author":"Alienor de Sas","date":"23\/05\/2018","format":false,"excerpt":"[vc_row][vc_column][vc_cta h2=\"Resumen de talleres CATAPA\" style=\"custom\" custom_background=\"#009c55\" custom_text=\"#ffffff\"][\/vc_cta][vc_tta_tour][vc_tta_section title=\"Los l\u00edmites del crecimiento\" tab_id=\"1622664968691-cabd0016-57d7\"][vc_custom_heading text=\"Los l\u00edmites del crecimiento\" font_container=\"tag:h2|font_size:20|text_align:center\" google_fonts=\"font_family:Quicksand%3A300%2Cregular%2C700|font_style:700%20bold%20regular%3A700%3Anormal\"][vc_cta h2=\"\" shape=\"square\" add_icon=\"left\" i_icon_fontawesome=\"fa fa-info\" i_color=\"custom\" i_size=\"lg\" i_custom_color=\"#009c55\"]Orientado a mayores de 18 a\u00f1os Duraci\u00f3n: 2-3 horas (se puede adaptar seg\u00fan las necesidades) Tama\u00f1o del grupo: 15-25 personas Idioma: Neerland\u00e9s o ingl\u00e9s\u2026","rel":"","context":"Entrada similar","block_context":{"text":"Entrada similar","link":""},"img":{"alt_text":"","src":"https:\/\/i2.wp.com\/catapa.be\/wp-content\/uploads\/2021\/06\/unnamed-1.png?resize=350%2C200&ssl=1","width":350,"height":200},"classes":[]},{"id":3085,"url":"https:\/\/catapa.be\/nl\/cases\/guatemala\/","url_meta":{"origin":3087,"position":5},"title":"Guatemala","author":"Alienor de Sas","date":"25\/06\/2018","format":false,"excerpt":"[vc_row][vc_column][vc_cta h2=\"Op de grens van de dorpen San Miguel Ixtahuac\u00e1n en Sipacapa vind je er sinds 2005 de Marlin mijn.\" h4=\"Het scenario van deze mijn diende als een duidelijke waarschuwing voor de rest van Guatemala. Terwijl San Miguel verdeeld raakte, verenigde de rest van het land zich in de bescherming\u2026","rel":"","context":"Entrada similar","block_context":{"text":"Entrada similar","link":""},"img":{"alt_text":"","src":"","width":0,"height":0},"classes":[]}],"_links":{"self":[{"href":"https:\/\/catapa.be\/es\/wp-json\/wp\/v2\/pages\/3087","targetHints":{"allow":["GET"]}}],"collection":[{"href":"https:\/\/catapa.be\/es\/wp-json\/wp\/v2\/pages"}],"about":[{"href":"https:\/\/catapa.be\/es\/wp-json\/wp\/v2\/types\/page"}],"author":[{"embeddable":true,"href":"https:\/\/catapa.be\/es\/wp-json\/wp\/v2\/users\/2"}],"replies":[{"embeddable":true,"href":"https:\/\/catapa.be\/es\/wp-json\/wp\/v2\/comments?post=3087"}],"version-history":[{"count":7,"href":"https:\/\/catapa.be\/es\/wp-json\/wp\/v2\/pages\/3087\/revisions"}],"predecessor-version":[{"id":29764,"href":"https:\/\/catapa.be\/es\/wp-json\/wp\/v2\/pages\/3087\/revisions\/29764"}],"up":[{"embeddable":true,"href":"https:\/\/catapa.be\/es\/wp-json\/wp\/v2\/pages\/2993"}],"wp:attachment":[{"href":"https:\/\/catapa.be\/es\/wp-json\/wp\/v2\/media?parent=3087"}],"curies":[{"name":"wp","href":"https:\/\/api.w.org\/{rel}","templated":true}]}}