{"id":3182,"date":"2018-06-25T17:33:55","date_gmt":"2018-06-25T15:33:55","guid":{"rendered":"http:\/\/catapa.be\/?page_id=3182"},"modified":"2019-02-25T14:37:10","modified_gmt":"2019-02-25T13:37:10","slug":"bienvenido-a-catapa-el-movimiento-social-que-denuncia-el-impacto-de-la-mineria","status":"publish","type":"page","link":"https:\/\/catapa.be\/es\/bienvenido-a-catapa-el-movimiento-social-que-denuncia-el-impacto-de-la-mineria\/","title":{"rendered":"Bienvenido a CATAPA, el movimiento social que denuncia el impacto de la miner\u00eda"},"content":{"rendered":"","protected":false},"excerpt":{"rendered":"","protected":false},"author":2,"featured_media":7349,"parent":0,"menu_order":0,"comment_status":"closed","ping_status":"closed","template":"","meta":{"_exactmetrics_skip_tracking":false,"_exactmetrics_sitenote_active":false,"_exactmetrics_sitenote_note":"","_exactmetrics_sitenote_category":0,"jetpack_post_was_ever_published":false,"footnotes":""},"class_list":["post-3182","page","type-page","status-publish","has-post-thumbnail","hentry"],"yoast_head":"<!-- This site is optimized with the Yoast SEO plugin v26.8 - https:\/\/yoast.com\/product\/yoast-seo-wordpress\/ -->\n<title>Bienvenido a CATAPA, el movimiento social que denuncia el impacto de la miner\u00eda - CATAPA vzw<\/title>\n<meta name=\"robots\" content=\"index, follow, max-snippet:-1, max-image-preview:large, max-video-preview:-1\" \/>\n<link rel=\"canonical\" href=\"https:\/\/catapa.be\/es\/bienvenido-a-catapa-el-movimiento-social-que-denuncia-el-impacto-de-la-mineria\/\" \/>\n<meta property=\"og:locale\" content=\"es_ES\" \/>\n<meta property=\"og:type\" content=\"article\" \/>\n<meta property=\"og:title\" content=\"Bienvenido a CATAPA, el movimiento social que denuncia el impacto de la miner\u00eda - CATAPA vzw\" \/>\n<meta property=\"og:url\" content=\"https:\/\/catapa.be\/es\/bienvenido-a-catapa-el-movimiento-social-que-denuncia-el-impacto-de-la-mineria\/\" \/>\n<meta property=\"og:site_name\" content=\"CATAPA vzw\" \/>\n<meta property=\"article:publisher\" content=\"https:\/\/www.facebook.com\/catapa.belgium\/\" \/>\n<meta property=\"article:modified_time\" content=\"2019-02-25T13:37:10+00:00\" \/>\n<meta property=\"og:image\" content=\"https:\/\/catapa.be\/wp-content\/uploads\/2018\/08\/shutterstock_56178061-2.jpg\" \/>\n\t<meta property=\"og:image:width\" content=\"1920\" \/>\n\t<meta property=\"og:image:height\" content=\"900\" \/>\n\t<meta property=\"og:image:type\" content=\"image\/jpeg\" \/>\n<meta name=\"twitter:card\" content=\"summary_large_image\" \/>\n<meta name=\"twitter:site\" content=\"@CATAPA_Belgica\" \/>\n<script type=\"application\/ld+json\" class=\"yoast-schema-graph\">{\"@context\":\"https:\/\/schema.org\",\"@graph\":[{\"@type\":\"WebPage\",\"@id\":\"https:\/\/catapa.be\/es\/bienvenido-a-catapa-el-movimiento-social-que-denuncia-el-impacto-de-la-mineria\/\",\"url\":\"https:\/\/catapa.be\/es\/bienvenido-a-catapa-el-movimiento-social-que-denuncia-el-impacto-de-la-mineria\/\",\"name\":\"Bienvenido a CATAPA, el movimiento social que denuncia el impacto de la miner\u00eda - CATAPA vzw\",\"isPartOf\":{\"@id\":\"https:\/\/catapa.be\/es\/#website\"},\"primaryImageOfPage\":{\"@id\":\"https:\/\/catapa.be\/es\/bienvenido-a-catapa-el-movimiento-social-que-denuncia-el-impacto-de-la-mineria\/#primaryimage\"},\"image\":{\"@id\":\"https:\/\/catapa.be\/es\/bienvenido-a-catapa-el-movimiento-social-que-denuncia-el-impacto-de-la-mineria\/#primaryimage\"},\"thumbnailUrl\":\"https:\/\/i0.wp.com\/catapa.be\/wp-content\/uploads\/2018\/08\/shutterstock_56178061-2.jpg?fit=1920%2C900&ssl=1\",\"datePublished\":\"2018-06-25T15:33:55+00:00\",\"dateModified\":\"2019-02-25T13:37:10+00:00\",\"breadcrumb\":{\"@id\":\"https:\/\/catapa.be\/es\/bienvenido-a-catapa-el-movimiento-social-que-denuncia-el-impacto-de-la-mineria\/#breadcrumb\"},\"inLanguage\":\"es-ES\",\"potentialAction\":[{\"@type\":\"ReadAction\",\"target\":[\"https:\/\/catapa.be\/es\/bienvenido-a-catapa-el-movimiento-social-que-denuncia-el-impacto-de-la-mineria\/\"]}]},{\"@type\":\"ImageObject\",\"inLanguage\":\"es-ES\",\"@id\":\"https:\/\/catapa.be\/es\/bienvenido-a-catapa-el-movimiento-social-que-denuncia-el-impacto-de-la-mineria\/#primaryimage\",\"url\":\"https:\/\/i0.wp.com\/catapa.be\/wp-content\/uploads\/2018\/08\/shutterstock_56178061-2.jpg?fit=1920%2C900&ssl=1\",\"contentUrl\":\"https:\/\/i0.wp.com\/catapa.be\/wp-content\/uploads\/2018\/08\/shutterstock_56178061-2.jpg?fit=1920%2C900&ssl=1\",\"width\":1920,\"height\":900},{\"@type\":\"BreadcrumbList\",\"@id\":\"https:\/\/catapa.be\/es\/bienvenido-a-catapa-el-movimiento-social-que-denuncia-el-impacto-de-la-mineria\/#breadcrumb\",\"itemListElement\":[{\"@type\":\"ListItem\",\"position\":1,\"name\":\"Home\",\"item\":\"https:\/\/catapa.be\/es\/\"},{\"@type\":\"ListItem\",\"position\":2,\"name\":\"Bienvenido a CATAPA, el movimiento social que denuncia el impacto de la miner\u00eda\"}]},{\"@type\":\"WebSite\",\"@id\":\"https:\/\/catapa.be\/es\/#website\",\"url\":\"https:\/\/catapa.be\/es\/\",\"name\":\"CATAPA vzw\",\"description\":\"Comit\u00e9 Acad\u00e9mico T\u00e9cnico de Asesoramiento a Problemas Ambientales\",\"publisher\":{\"@id\":\"https:\/\/catapa.be\/es\/#organization\"},\"potentialAction\":[{\"@type\":\"SearchAction\",\"target\":{\"@type\":\"EntryPoint\",\"urlTemplate\":\"https:\/\/catapa.be\/es\/?s={search_term_string}\"},\"query-input\":{\"@type\":\"PropertyValueSpecification\",\"valueRequired\":true,\"valueName\":\"search_term_string\"}}],\"inLanguage\":\"es-ES\"},{\"@type\":\"Organization\",\"@id\":\"https:\/\/catapa.be\/es\/#organization\",\"name\":\"CATAPA vzw\",\"url\":\"https:\/\/catapa.be\/es\/\",\"logo\":{\"@type\":\"ImageObject\",\"inLanguage\":\"es-ES\",\"@id\":\"https:\/\/catapa.be\/es\/#\/schema\/logo\/image\/\",\"url\":\"https:\/\/i0.wp.com\/catapa.be\/wp-content\/uploads\/2019\/02\/NEW20LOGO20SHORT20PNG1.png?fit=1259%2C1321&ssl=1\",\"contentUrl\":\"https:\/\/i0.wp.com\/catapa.be\/wp-content\/uploads\/2019\/02\/NEW20LOGO20SHORT20PNG1.png?fit=1259%2C1321&ssl=1\",\"width\":1259,\"height\":1321,\"caption\":\"CATAPA vzw\"},\"image\":{\"@id\":\"https:\/\/catapa.be\/es\/#\/schema\/logo\/image\/\"},\"sameAs\":[\"https:\/\/www.facebook.com\/catapa.belgium\/\",\"https:\/\/x.com\/CATAPA_Belgica\",\"https:\/\/www.instagram.com\/catapa_vzw\/\",\"https:\/\/be.linkedin.com\/company\/catapavzw\",\"https:\/\/www.youtube.com\/channel\/UCE52-Fiyv-Fpqf2gi1qhf1g\"]}]}<\/script>\n<!-- \/ Yoast SEO plugin. -->","yoast_head_json":{"title":"Bienvenido a CATAPA, el movimiento social que denuncia el impacto de la miner\u00eda - CATAPA vzw","robots":{"index":"index","follow":"follow","max-snippet":"max-snippet:-1","max-image-preview":"max-image-preview:large","max-video-preview":"max-video-preview:-1"},"canonical":"https:\/\/catapa.be\/es\/bienvenido-a-catapa-el-movimiento-social-que-denuncia-el-impacto-de-la-mineria\/","og_locale":"es_ES","og_type":"article","og_title":"Bienvenido a CATAPA, el movimiento social que denuncia el impacto de la miner\u00eda - CATAPA vzw","og_url":"https:\/\/catapa.be\/es\/bienvenido-a-catapa-el-movimiento-social-que-denuncia-el-impacto-de-la-mineria\/","og_site_name":"CATAPA vzw","article_publisher":"https:\/\/www.facebook.com\/catapa.belgium\/","article_modified_time":"2019-02-25T13:37:10+00:00","og_image":[{"width":1920,"height":900,"url":"https:\/\/catapa.be\/wp-content\/uploads\/2018\/08\/shutterstock_56178061-2.jpg","type":"image\/jpeg"}],"twitter_card":"summary_large_image","twitter_site":"@CATAPA_Belgica","schema":{"@context":"https:\/\/schema.org","@graph":[{"@type":"WebPage","@id":"https:\/\/catapa.be\/es\/bienvenido-a-catapa-el-movimiento-social-que-denuncia-el-impacto-de-la-mineria\/","url":"https:\/\/catapa.be\/es\/bienvenido-a-catapa-el-movimiento-social-que-denuncia-el-impacto-de-la-mineria\/","name":"Bienvenido a CATAPA, el movimiento social que denuncia el impacto de la miner\u00eda - CATAPA vzw","isPartOf":{"@id":"https:\/\/catapa.be\/es\/#website"},"primaryImageOfPage":{"@id":"https:\/\/catapa.be\/es\/bienvenido-a-catapa-el-movimiento-social-que-denuncia-el-impacto-de-la-mineria\/#primaryimage"},"image":{"@id":"https:\/\/catapa.be\/es\/bienvenido-a-catapa-el-movimiento-social-que-denuncia-el-impacto-de-la-mineria\/#primaryimage"},"thumbnailUrl":"https:\/\/i0.wp.com\/catapa.be\/wp-content\/uploads\/2018\/08\/shutterstock_56178061-2.jpg?fit=1920%2C900&ssl=1","datePublished":"2018-06-25T15:33:55+00:00","dateModified":"2019-02-25T13:37:10+00:00","breadcrumb":{"@id":"https:\/\/catapa.be\/es\/bienvenido-a-catapa-el-movimiento-social-que-denuncia-el-impacto-de-la-mineria\/#breadcrumb"},"inLanguage":"es-ES","potentialAction":[{"@type":"ReadAction","target":["https:\/\/catapa.be\/es\/bienvenido-a-catapa-el-movimiento-social-que-denuncia-el-impacto-de-la-mineria\/"]}]},{"@type":"ImageObject","inLanguage":"es-ES","@id":"https:\/\/catapa.be\/es\/bienvenido-a-catapa-el-movimiento-social-que-denuncia-el-impacto-de-la-mineria\/#primaryimage","url":"https:\/\/i0.wp.com\/catapa.be\/wp-content\/uploads\/2018\/08\/shutterstock_56178061-2.jpg?fit=1920%2C900&ssl=1","contentUrl":"https:\/\/i0.wp.com\/catapa.be\/wp-content\/uploads\/2018\/08\/shutterstock_56178061-2.jpg?fit=1920%2C900&ssl=1","width":1920,"height":900},{"@type":"BreadcrumbList","@id":"https:\/\/catapa.be\/es\/bienvenido-a-catapa-el-movimiento-social-que-denuncia-el-impacto-de-la-mineria\/#breadcrumb","itemListElement":[{"@type":"ListItem","position":1,"name":"Home","item":"https:\/\/catapa.be\/es\/"},{"@type":"ListItem","position":2,"name":"Bienvenido a CATAPA, el movimiento social que denuncia el impacto de la miner\u00eda"}]},{"@type":"WebSite","@id":"https:\/\/catapa.be\/es\/#website","url":"https:\/\/catapa.be\/es\/","name":"CATAPA vzw","description":"Comit\u00e9 Acad\u00e9mico T\u00e9cnico de Asesoramiento a Problemas Ambientales","publisher":{"@id":"https:\/\/catapa.be\/es\/#organization"},"potentialAction":[{"@type":"SearchAction","target":{"@type":"EntryPoint","urlTemplate":"https:\/\/catapa.be\/es\/?s={search_term_string}"},"query-input":{"@type":"PropertyValueSpecification","valueRequired":true,"valueName":"search_term_string"}}],"inLanguage":"es-ES"},{"@type":"Organization","@id":"https:\/\/catapa.be\/es\/#organization","name":"CATAPA vzw","url":"https:\/\/catapa.be\/es\/","logo":{"@type":"ImageObject","inLanguage":"es-ES","@id":"https:\/\/catapa.be\/es\/#\/schema\/logo\/image\/","url":"https:\/\/i0.wp.com\/catapa.be\/wp-content\/uploads\/2019\/02\/NEW20LOGO20SHORT20PNG1.png?fit=1259%2C1321&ssl=1","contentUrl":"https:\/\/i0.wp.com\/catapa.be\/wp-content\/uploads\/2019\/02\/NEW20LOGO20SHORT20PNG1.png?fit=1259%2C1321&ssl=1","width":1259,"height":1321,"caption":"CATAPA vzw"},"image":{"@id":"https:\/\/catapa.be\/es\/#\/schema\/logo\/image\/"},"sameAs":["https:\/\/www.facebook.com\/catapa.belgium\/","https:\/\/x.com\/CATAPA_Belgica","https:\/\/www.instagram.com\/catapa_vzw\/","https:\/\/be.linkedin.com\/company\/catapavzw","https:\/\/www.youtube.com\/channel\/UCE52-Fiyv-Fpqf2gi1qhf1g"]}]}},"jetpack_sharing_enabled":true,"jetpack_likes_enabled":true,"jetpack-related-posts":[{"id":2955,"url":"https:\/\/catapa.be\/es\/sobre-nosotros\/vision-y-mision\/","url_meta":{"origin":3182,"position":0},"title":"Visi\u00f3n y Misi\u00f3n","author":"Alienor de Sas","date":"20\/05\/2018","format":false,"excerpt":"[vc_row css=\".vc_custom_1533807373745{margin-top: -50px !important;margin-bottom: 50px !important;}\"][vc_column][vc_cta h2=\"CATAPA aspira...\" h4=\"\u2026 a un mundo en el que la extracci\u00f3n de materias primas no renovables ya no sea necesaria, apostando por una transici\u00f3n hacia un modelo que desmina, decrece, y mueve.\" style=\"custom\" css_animation=\"none\" custom_background=\"#01a053\" custom_text=\"#ffffff\"][\/vc_cta][\/vc_column][\/vc_row][vc_row full_width=\"stretch_row\" content_placement=\"middle\" css=\".vc_custom_1533808586582{margin-top: -100px !important;background-color: #f7f7f7 !important;}\"][vc_column][vc_custom_heading text=\"CATAPA\u2026","rel":"","context":"Entrada similar","block_context":{"text":"Entrada similar","link":""},"img":{"alt_text":"","src":"","width":0,"height":0},"classes":[]},{"id":2979,"url":"https:\/\/catapa.be\/es\/actua-ahora\/dona-ahora\/","url_meta":{"origin":3182,"position":1},"title":"Dona ahora","author":"Alienor de Sas","date":"20\/05\/2018","format":false,"excerpt":"[vc_row equal_height=\"yes\"][vc_column css_animation=\"none\"][vc_cta h2=\"Colabora con CATAPA\" h4=\"CATAPA es un movimiento cr\u00edtico y tenaz, en constante crecimiento, que se atreve a luchar por un planeta m\u00e1s sostenible y justo. Desde CATAPA apoyamos sociedades en Latinoam\u00e9rica que se encuentran amenazadas por proyectos mineros masivos y por el impacto social y ecol\u00f3gico de\u2026","rel":"","context":"Entrada similar","block_context":{"text":"Entrada similar","link":""},"img":{"alt_text":"","src":"","width":0,"height":0},"classes":[]},{"id":7634,"url":"https:\/\/catapa.be\/es\/actua-ahora\/coviertete-en-change-maker\/","url_meta":{"origin":3182,"position":2},"title":"Convi\u00e9rtete en Changemaker","author":"Alienor de Sas","date":"27\/08\/2018","format":false,"excerpt":"[vc_row equal_height=\"yes\"][vc_column css_animation=\"none\"][vc_cta h2=\"\u00bfTienes curiosidad sobre el origen de los metales en tu smartphone?\" h4=\" \u00bfSab\u00edas que la miner\u00eda est\u00e1 muy relacionada con abusos de derechos humanos y destrucci\u00f3n medioambiental? \u00bfTe gustar\u00eda adquirir m\u00e1s conocimientos, desarrollar habilidades y ganar experiencia en llevar a cabo un cambio positivo? Ap\u00fantate a nuestro\u2026","rel":"","context":"Entrada similar","block_context":{"text":"Entrada similar","link":""},"img":{"alt_text":"","src":"https:\/\/i0.wp.com\/catapa.be\/wp-content\/uploads\/2018\/08\/flag_yellow_high-300x200.jpg?resize=350%2C200","width":350,"height":200},"classes":[]},{"id":2952,"url":"https:\/\/catapa.be\/es\/sobre-nosotros\/nuestra-historia\/","url_meta":{"origin":3182,"position":3},"title":"Nuestra historia","author":"Alienor de Sas","date":"20\/05\/2018","format":false,"excerpt":"[vc_row full_width=\"stretch_row\" content_placement=\"middle\"][vc_column][vc_cta h2=\"Desde BelBol hasta...\" h4=\"...un movimiento horizontal con organizaciones asociadas en Per\u00fa, Colombia, Ecuador y Bolivia; y con muchos proyectos en marcha en Flandes, Europa y en Am\u00e9rica Latina.\" style=\"custom\" custom_background=\"#01a053\" custom_text=\"#ffffff\"][\/vc_cta][\/vc_column][\/vc_row][vc_row full_width=\"stretch_row\" equal_height=\"yes\" css=\".vc_custom_1535455217709{background-color: #f7f7f7 !important;}\" el_id=\"table-of-contents\"][vc_column css_animation=\"none\" width=\"1\/2\"][vc_column_text css=\".vc_custom_1653737512501{padding-left: 50px !important;}\"] \u00cdndice 2003-2007: desde BelBol hasta\u2026","rel":"","context":"Entrada similar","block_context":{"text":"Entrada similar","link":""},"img":{"alt_text":"","src":"https:\/\/i0.wp.com\/catapa.be\/wp-content\/uploads\/2019\/01\/mining-in-paradise-300x300.png?resize=350%2C200&ssl=1","width":350,"height":200},"classes":[]},{"id":2997,"url":"https:\/\/catapa.be\/es\/casos\/colombia\/","url_meta":{"origin":3182,"position":4},"title":"Colombia","author":"Alienor de Sas","date":"23\/05\/2018","format":false,"excerpt":"[vc_row][vc_column][vc_cta h2=\"El suelo colombiano es rico en recursos naturales.\" h4=\"El pa\u00eds no solo tiene las reservas de carb\u00f3n m\u00e1s grandes de Am\u00e9rica Latina; tambi\u00e9n posee altas cantidades de oro, n\u00edquel, cobre, plata, platina y piedras preciosas. Al asumir el cargo en 2010, el presidente Santos dijo que la miner\u00eda ser\u00eda\u2026","rel":"","context":"Entrada similar","block_context":{"text":"Entrada similar","link":""},"img":{"alt_text":"","src":"https:\/\/i0.wp.com\/catapa.be\/sites\/default\/files\/resize\/remote\/45c6065047ff3ea0f31dbae064d596f3-600x400.jpg?resize=350%2C200","width":350,"height":200,"srcset":"https:\/\/i0.wp.com\/catapa.be\/sites\/default\/files\/resize\/remote\/45c6065047ff3ea0f31dbae064d596f3-600x400.jpg?resize=350%2C200 1x, https:\/\/i0.wp.com\/catapa.be\/sites\/default\/files\/resize\/remote\/45c6065047ff3ea0f31dbae064d596f3-600x400.jpg?resize=525%2C300 1.5x"},"classes":[]},{"id":8371,"url":"https:\/\/catapa.be\/es\/labor\/grupos-de-trabajo-2\/","url_meta":{"origin":3182,"position":5},"title":"Grupos de trabajo","author":"admin","date":"04\/12\/2018","format":false,"excerpt":"[vc_row css=\".vc_custom_1533807373745{margin-top: -50px !important;margin-bottom: 50px !important;}\"][vc_column][vc_cta h2=\"El trabajo de CATAPA...\" h4=\"... se divide en ``grupos de trabajo del sur``, que se refiere al trabajo que realizamos directamente con nuestras organizaciones asociadas en Latino Am\u00e9rica; y ``grupos de trabajo del norte``, que incluye todo lo que se realiza desde B\u00e9lgica, donde\u2026","rel":"","context":"Entrada similar","block_context":{"text":"Entrada similar","link":""},"img":{"alt_text":"","src":"","width":0,"height":0},"classes":[]}],"_links":{"self":[{"href":"https:\/\/catapa.be\/es\/wp-json\/wp\/v2\/pages\/3182","targetHints":{"allow":["GET"]}}],"collection":[{"href":"https:\/\/catapa.be\/es\/wp-json\/wp\/v2\/pages"}],"about":[{"href":"https:\/\/catapa.be\/es\/wp-json\/wp\/v2\/types\/page"}],"author":[{"embeddable":true,"href":"https:\/\/catapa.be\/es\/wp-json\/wp\/v2\/users\/2"}],"replies":[{"embeddable":true,"href":"https:\/\/catapa.be\/es\/wp-json\/wp\/v2\/comments?post=3182"}],"version-history":[{"count":1,"href":"https:\/\/catapa.be\/es\/wp-json\/wp\/v2\/pages\/3182\/revisions"}],"predecessor-version":[{"id":10031,"href":"https:\/\/catapa.be\/es\/wp-json\/wp\/v2\/pages\/3182\/revisions\/10031"}],"wp:featuredmedia":[{"embeddable":true,"href":"https:\/\/catapa.be\/es\/wp-json\/wp\/v2\/media\/7349"}],"wp:attachment":[{"href":"https:\/\/catapa.be\/es\/wp-json\/wp\/v2\/media?parent=3182"}],"curies":[{"name":"wp","href":"https:\/\/api.w.org\/{rel}","templated":true}]}}