{"id":7634,"date":"2018-08-27T15:46:42","date_gmt":"2018-08-27T13:46:42","guid":{"rendered":"http:\/\/catapa.be\/?page_id=7634"},"modified":"2019-01-25T11:25:20","modified_gmt":"2019-01-25T10:25:20","slug":"coviertete-en-change-maker","status":"publish","type":"page","link":"https:\/\/catapa.be\/es\/actua-ahora\/coviertete-en-change-maker\/","title":{"rendered":"Convi\u00e9rtete en Changemaker"},"content":{"rendered":"<div class=\"wpb-content-wrapper\"><p>[vc_row equal_height=&#8221;yes&#8221;][vc_column css_animation=&#8221;none&#8221;][vc_cta h2=&#8221;\u00bfTienes curiosidad sobre el origen de los metales en tu smartphone?&#8221; h4=&#8221; \u00bfSab\u00edas que la miner\u00eda est\u00e1 muy relacionada con abusos de derechos humanos y destrucci\u00f3n medioambiental? \u00bfTe gustar\u00eda adquirir m\u00e1s conocimientos, desarrollar habilidades y ganar experiencia en llevar a cabo un cambio positivo? Ap\u00fantate a nuestro programa Changemakers. Durante este programa podr\u00e1s adquirir un conocimiento exhaustivo sobre el impacto ecol\u00f3gico y socio-econ\u00f3mico de la miner\u00eda y desarrollar capacidades y estrategias relacionadas con el activismo. Durante todo el a\u00f1o podr\u00e1s comprender mejor c\u00f3mo funciona un movimiento de base y c\u00f3mo se pueden organizar acciones p\u00fablicas y actividades para la sensibilizaci\u00f3n con vistas a cambiar las cosas.&#8221; style=&#8221;custom&#8221; custom_background=&#8221;#01a053&#8243; custom_text=&#8221;#ffffff&#8221;][\/vc_cta][\/vc_column][\/vc_row][vc_row full_width=&#8221;stretch_row&#8221; content_placement=&#8221;middle&#8221; css=&#8221;.vc_custom_1534947891952{background-color: #f7f7f7 !important;}&#8221;][vc_column][vc_column_text]<\/p>\n<h2>\u00bfQu\u00e9 es el programa Changemakers?<\/h2>\n<p><span style=\"font-weight: 400;\">El programa Changemakers est\u00e1 dise\u00f1ado para personas preocupadas por el sistema global actual y su impacto en la naturaleza y los seres humanos; y que quieren actuar para cambiar las cosas. Como changemaker recibir\u00e1s un entrenamiento y se te guiar\u00e1 para que puedas asumir un rol activo dentro de CATAPA de acuerdo a tus propias capacidades. <\/span><\/p>\n<p><span style=\"font-weight: 400;\">El programa es parte del proyecto Make ICT Fair que trabaja en sensibilizar a la poblaci\u00f3n en temas relacionados con la industria de las TIC, con especial atenci\u00f3n en la miner\u00eda.<\/span><\/p>\n<p>&nbsp;<\/p>\n<h2>\u00bfC\u00f3mo es el programa?<\/h2>\n<p><b>El programa empieza en octubre <\/b><span style=\"font-weight: 400;\">con un &#8220;training weekend&#8221; sobre el impacto de la miner\u00eda, la industria de las TIC y actividades sobre habilidades espec\u00edfias para desarrollar campa\u00f1as. El programa exacto cambia cada a\u00f1o, as\u00ed que estate atento\/a a nuestra p\u00e1gina de actividades o a nuestra <a href=\"https:\/\/www.facebook.com\/catapa.belgium\/\">p\u00e1gina de Facebook<\/a>. Despu\u00e9s del &#8220;training weekend&#8221; tendr\u00e1 lugar el desarrollo y puesta en marcha de una acci\u00f3n p\u00fablica. M\u00e1s adelante podr\u00e1s unirte a nuestro anual &#8220;movement weekend&#8221;,\u00a0 donde podr\u00e1s aprender de forma interactiva de qu\u00e9 forma tiene un movimiento la capacidad de contribuir para cambiar las cosas. Te invitamos a que utilices y desarrolles tus habilidades de diversas formas: ofrecer un taller, organizar un evento de sensibilizaci\u00f3n, acompa\u00f1ar a uno de nuestros &#8220;guest speakers&#8221; internacionales durante la semana Open Min(e)d en B\u00e9lgica&#8230; \u00a1o lo que se te ocurra!<\/span><\/p>\n<p><span style=\"font-weight: 400;\">A finales de junio podr\u00e1s participar en un &#8220;training&#8221; internacional en el Reino Unido que organizan nuestros compa\u00f1eros de People &amp; Planet. En este training podr\u00e1s ampliar tus conocimientos, desarrollar a\u00fan m\u00e1s tus habilidades de activista e intercambiar experiencias con un grupo internacional. <\/span><\/p>\n<p><span style=\"font-weight: 400;\">\u00bfSuena a que nos estamos pasando de entusiastas? No te preocupes. Todo el mundo puede participar a su ritmo. Durante todo el a\u00f1o se organizan momentos para hacer seguimiento de las actividades que se van realizando con el resto de changemakers.<\/span><\/p>\n<p>&nbsp;<\/p>\n<div>\n<h2>\u00bfQui\u00e9n se puede apuntar?<\/h2>\n<p><span style=\"font-weight: 400;\">Son bienvenidas todas las personas que:\u00a0<\/span><\/p>\n<ul>\n<li style=\"list-style-type: none;\">\n<ul>\n<li style=\"font-weight: 400;\"><span style=\"font-weight: 400;\">est\u00e1n interesadas en temas de miner\u00eda, las cadenas de valor de las TIC, derechos humanos, desarrollo sostenible, solidaridad internacional y\/o temas relacionados. <\/span><\/li>\n<\/ul>\n<\/li>\n<\/ul>\n<ul>\n<li style=\"list-style-type: none;\">\n<ul>\n<li style=\"font-weight: 400;\"><span style=\"font-weight: 400;\">tienen la intenci\u00f3n de aprender y participar dentro de CATAPA.<\/span><\/li>\n<\/ul>\n<\/li>\n<\/ul>\n<ul>\n<li style=\"list-style-type: none;\">\n<ul>\n<li style=\"font-weight: 400;\"><span style=\"font-weight: 400;\">se sienten c\u00f3modas a la hora de expresarse en ingl\u00e9s.<\/span><\/li>\n<\/ul>\n<\/li>\n<\/ul>\n<\/div>\n<p>&nbsp;<\/p>\n<h2>\u00bfC\u00f3mo apuntarse?<\/h2>\n<p><span style=\"font-weight: 400;\">De forma ideal el programa comienza en octubre o con el training internacional a finales de junio en el Reino Unido. Pero no tienes por qu\u00e9 esperar a esos momentos espec\u00edficos para unirte a CATAPA. \u00a1\u00c9chale un vistazo a nuestra p\u00e1gina de &#8220;<a href=\"https:\/\/catapa.be\/es\/actua-ahora\/hazte-voluntario-a\/\">hazte voluntario\/a<\/a>&#8221; o ven a una de nuestras <a href=\"\/?page_id=2981\">actividades<\/a>!<\/span><\/p>\n<p>[\/vc_column_text][\/vc_column][\/vc_row][vc_row full_width=&#8221;stretch_row&#8221; content_placement=&#8221;middle&#8221; css=&#8221;.vc_custom_1535569440099{background: #f7f7f7 url(http:\/\/catapa.be\/wp-content\/uploads\/2018\/08\/DSC3118-1.jpg?id=7822) !important;}&#8221;][vc_column][vc_btn title=&#8221;\u00bfTienes alguna pregunta? \u00a1No dudes en contactarnos para m\u00e1s informaci\u00f3n!&#8221; style=&#8221;custom&#8221; custom_background=&#8221;#01a053&#8243; custom_text=&#8221;#ffffff&#8221; size=&#8221;lg&#8221; align=&#8221;center&#8221; i_align=&#8221;right&#8221; i_icon_fontawesome=&#8221;fa fa-chevron-right&#8221; css_animation=&#8221;bounceInDown&#8221; add_icon=&#8221;true&#8221; link=&#8221;url:http%3A%2F%2Fcatapa.be%2Fes%2Fsobre-nosotros%2Fcontacto%2F|||&#8221;][\/vc_column][\/vc_row][vc_row css=&#8221;.vc_custom_1535569771265{margin-top: 0px !important;margin-bottom: 0px !important;border-top-width: 0px !important;border-bottom-width: 0px !important;padding-bottom: 0px !important;}&#8221;][vc_column css=&#8221;.vc_custom_1535569730862{margin-top: 0px !important;margin-bottom: 0px !important;border-top-width: 0px !important;border-bottom-width: 0px !important;padding-top: 0px !important;padding-bottom: 0px !important;}&#8221;][vc_column_text]<img data-recalc-dims=\"1\" loading=\"lazy\" decoding=\"async\" class=\"wp-image-7586 alignleft\" src=\"https:\/\/i0.wp.com\/catapa.be\/wp-content\/uploads\/2018\/08\/flag_yellow_high-300x200.jpg?resize=101%2C67\" alt=\"\" width=\"101\" height=\"67\" srcset=\"https:\/\/i0.wp.com\/catapa.be\/wp-content\/uploads\/2018\/08\/flag_yellow_high.jpg?resize=300%2C200&amp;ssl=1 300w, https:\/\/i0.wp.com\/catapa.be\/wp-content\/uploads\/2018\/08\/flag_yellow_high.jpg?resize=768%2C512&amp;ssl=1 768w, https:\/\/i0.wp.com\/catapa.be\/wp-content\/uploads\/2018\/08\/flag_yellow_high.jpg?resize=1024%2C683&amp;ssl=1 1024w, https:\/\/i0.wp.com\/catapa.be\/wp-content\/uploads\/2018\/08\/flag_yellow_high.jpg?w=1280&amp;ssl=1 1280w, https:\/\/i0.wp.com\/catapa.be\/wp-content\/uploads\/2018\/08\/flag_yellow_high.jpg?w=1920&amp;ssl=1 1920w\" sizes=\"auto, (max-width: 101px) 100vw, 101px\" \/>Este proyecto se organiza con la asistencia financiera de la Uni\u00f3n Europea. Los contenidos de esta publicaci\u00f3n son \u00fanicamente responsabilidad de CATAPA y bajo ninguna circunstancia puede considerarse que reflejen la posici\u00f3n de la Uni\u00f3n Europea.[\/vc_column_text][\/vc_column][\/vc_row]<\/p>\n<\/div>","protected":false},"excerpt":{"rendered":"<p>[vc_row equal_height=&#8221;yes&#8221;][vc_column css_animation=&#8221;none&#8221;][vc_cta h2=&#8221;\u00bfTienes curiosidad sobre el origen de los metales en tu smartphone?&#8221; h4=&#8221; \u00bfSab\u00edas que la miner\u00eda est\u00e1 muy relacionada con abusos de derechos humanos y destrucci\u00f3n medioambiental? \u00bfTe gustar\u00eda adquirir m\u00e1s conocimientos,<br \/><a class=\"read-more\" href=\"https:\/\/catapa.be\/es\/actua-ahora\/coviertete-en-change-maker\/\">Read More<\/a><\/p>\n","protected":false},"author":2,"featured_media":0,"parent":2962,"menu_order":3,"comment_status":"closed","ping_status":"closed","template":"","meta":{"_exactmetrics_skip_tracking":false,"_exactmetrics_sitenote_active":false,"_exactmetrics_sitenote_note":"","_exactmetrics_sitenote_category":0,"jetpack_post_was_ever_published":false,"footnotes":""},"class_list":["post-7634","page","type-page","status-publish","hentry"],"yoast_head":"<!-- This site is optimized with the Yoast SEO plugin v26.8 - https:\/\/yoast.com\/product\/yoast-seo-wordpress\/ -->\n<title>Convi\u00e9rtete en Changemaker - CATAPA vzw<\/title>\n<meta name=\"robots\" content=\"index, follow, max-snippet:-1, max-image-preview:large, max-video-preview:-1\" \/>\n<link rel=\"canonical\" href=\"https:\/\/catapa.be\/es\/actua-ahora\/coviertete-en-change-maker\/\" \/>\n<meta property=\"og:locale\" content=\"es_ES\" \/>\n<meta property=\"og:type\" content=\"article\" \/>\n<meta property=\"og:title\" content=\"Convi\u00e9rtete en Changemaker - CATAPA vzw\" \/>\n<meta property=\"og:description\" content=\"[vc_row equal_height=&#8221;yes&#8221;][vc_column css_animation=&#8221;none&#8221;][vc_cta h2=&#8221;\u00bfTienes curiosidad sobre el origen de los metales en tu smartphone?&#8221; h4=&#8221; \u00bfSab\u00edas que la miner\u00eda est\u00e1 muy relacionada con abusos de derechos humanos y destrucci\u00f3n medioambiental? \u00bfTe gustar\u00eda adquirir m\u00e1s conocimientos,Read More\" \/>\n<meta property=\"og:url\" content=\"https:\/\/catapa.be\/es\/actua-ahora\/coviertete-en-change-maker\/\" \/>\n<meta property=\"og:site_name\" content=\"CATAPA vzw\" \/>\n<meta property=\"article:publisher\" content=\"https:\/\/www.facebook.com\/catapa.belgium\/\" \/>\n<meta property=\"article:modified_time\" content=\"2019-01-25T10:25:20+00:00\" \/>\n<meta property=\"og:image\" content=\"http:\/\/catapa.be\/wp-content\/uploads\/2018\/08\/flag_yellow_high-300x200.jpg\" \/>\n<meta name=\"twitter:card\" content=\"summary_large_image\" \/>\n<meta name=\"twitter:site\" content=\"@CATAPA_Belgica\" \/>\n<meta name=\"twitter:label1\" content=\"Tiempo de lectura\" \/>\n\t<meta name=\"twitter:data1\" content=\"4 minutes\" \/>\n<script type=\"application\/ld+json\" class=\"yoast-schema-graph\">{\"@context\":\"https:\/\/schema.org\",\"@graph\":[{\"@type\":\"WebPage\",\"@id\":\"https:\/\/catapa.be\/es\/actua-ahora\/coviertete-en-change-maker\/\",\"url\":\"https:\/\/catapa.be\/es\/actua-ahora\/coviertete-en-change-maker\/\",\"name\":\"Convi\u00e9rtete en Changemaker - CATAPA vzw\",\"isPartOf\":{\"@id\":\"https:\/\/catapa.be\/es\/#website\"},\"primaryImageOfPage\":{\"@id\":\"https:\/\/catapa.be\/es\/actua-ahora\/coviertete-en-change-maker\/#primaryimage\"},\"image\":{\"@id\":\"https:\/\/catapa.be\/es\/actua-ahora\/coviertete-en-change-maker\/#primaryimage\"},\"thumbnailUrl\":\"http:\/\/catapa.be\/wp-content\/uploads\/2018\/08\/flag_yellow_high-300x200.jpg\",\"datePublished\":\"2018-08-27T13:46:42+00:00\",\"dateModified\":\"2019-01-25T10:25:20+00:00\",\"breadcrumb\":{\"@id\":\"https:\/\/catapa.be\/es\/actua-ahora\/coviertete-en-change-maker\/#breadcrumb\"},\"inLanguage\":\"es-ES\",\"potentialAction\":[{\"@type\":\"ReadAction\",\"target\":[\"https:\/\/catapa.be\/es\/actua-ahora\/coviertete-en-change-maker\/\"]}]},{\"@type\":\"ImageObject\",\"inLanguage\":\"es-ES\",\"@id\":\"https:\/\/catapa.be\/es\/actua-ahora\/coviertete-en-change-maker\/#primaryimage\",\"url\":\"http:\/\/catapa.be\/wp-content\/uploads\/2018\/08\/flag_yellow_high-300x200.jpg\",\"contentUrl\":\"http:\/\/catapa.be\/wp-content\/uploads\/2018\/08\/flag_yellow_high-300x200.jpg\"},{\"@type\":\"BreadcrumbList\",\"@id\":\"https:\/\/catapa.be\/es\/actua-ahora\/coviertete-en-change-maker\/#breadcrumb\",\"itemListElement\":[{\"@type\":\"ListItem\",\"position\":1,\"name\":\"Home\",\"item\":\"https:\/\/catapa.be\/es\/\"},{\"@type\":\"ListItem\",\"position\":2,\"name\":\"Act\u00faa ahora\",\"item\":\"https:\/\/catapa.be\/es\/actua-ahora\/\"},{\"@type\":\"ListItem\",\"position\":3,\"name\":\"Convi\u00e9rtete en Changemaker\"}]},{\"@type\":\"WebSite\",\"@id\":\"https:\/\/catapa.be\/es\/#website\",\"url\":\"https:\/\/catapa.be\/es\/\",\"name\":\"CATAPA vzw\",\"description\":\"Comit\u00e9 Acad\u00e9mico T\u00e9cnico de Asesoramiento a Problemas Ambientales\",\"publisher\":{\"@id\":\"https:\/\/catapa.be\/es\/#organization\"},\"potentialAction\":[{\"@type\":\"SearchAction\",\"target\":{\"@type\":\"EntryPoint\",\"urlTemplate\":\"https:\/\/catapa.be\/es\/?s={search_term_string}\"},\"query-input\":{\"@type\":\"PropertyValueSpecification\",\"valueRequired\":true,\"valueName\":\"search_term_string\"}}],\"inLanguage\":\"es-ES\"},{\"@type\":\"Organization\",\"@id\":\"https:\/\/catapa.be\/es\/#organization\",\"name\":\"CATAPA vzw\",\"url\":\"https:\/\/catapa.be\/es\/\",\"logo\":{\"@type\":\"ImageObject\",\"inLanguage\":\"es-ES\",\"@id\":\"https:\/\/catapa.be\/es\/#\/schema\/logo\/image\/\",\"url\":\"https:\/\/i0.wp.com\/catapa.be\/wp-content\/uploads\/2019\/02\/NEW20LOGO20SHORT20PNG1.png?fit=1259%2C1321&ssl=1\",\"contentUrl\":\"https:\/\/i0.wp.com\/catapa.be\/wp-content\/uploads\/2019\/02\/NEW20LOGO20SHORT20PNG1.png?fit=1259%2C1321&ssl=1\",\"width\":1259,\"height\":1321,\"caption\":\"CATAPA vzw\"},\"image\":{\"@id\":\"https:\/\/catapa.be\/es\/#\/schema\/logo\/image\/\"},\"sameAs\":[\"https:\/\/www.facebook.com\/catapa.belgium\/\",\"https:\/\/x.com\/CATAPA_Belgica\",\"https:\/\/www.instagram.com\/catapa_vzw\/\",\"https:\/\/be.linkedin.com\/company\/catapavzw\",\"https:\/\/www.youtube.com\/channel\/UCE52-Fiyv-Fpqf2gi1qhf1g\"]}]}<\/script>\n<!-- \/ Yoast SEO plugin. -->","yoast_head_json":{"title":"Convi\u00e9rtete en Changemaker - CATAPA vzw","robots":{"index":"index","follow":"follow","max-snippet":"max-snippet:-1","max-image-preview":"max-image-preview:large","max-video-preview":"max-video-preview:-1"},"canonical":"https:\/\/catapa.be\/es\/actua-ahora\/coviertete-en-change-maker\/","og_locale":"es_ES","og_type":"article","og_title":"Convi\u00e9rtete en Changemaker - CATAPA vzw","og_description":"[vc_row equal_height=&#8221;yes&#8221;][vc_column css_animation=&#8221;none&#8221;][vc_cta h2=&#8221;\u00bfTienes curiosidad sobre el origen de los metales en tu smartphone?&#8221; h4=&#8221; \u00bfSab\u00edas que la miner\u00eda est\u00e1 muy relacionada con abusos de derechos humanos y destrucci\u00f3n medioambiental? \u00bfTe gustar\u00eda adquirir m\u00e1s conocimientos,Read More","og_url":"https:\/\/catapa.be\/es\/actua-ahora\/coviertete-en-change-maker\/","og_site_name":"CATAPA vzw","article_publisher":"https:\/\/www.facebook.com\/catapa.belgium\/","article_modified_time":"2019-01-25T10:25:20+00:00","og_image":[{"url":"http:\/\/catapa.be\/wp-content\/uploads\/2018\/08\/flag_yellow_high-300x200.jpg","type":"","width":"","height":""}],"twitter_card":"summary_large_image","twitter_site":"@CATAPA_Belgica","twitter_misc":{"Tiempo de lectura":"4 minutes"},"schema":{"@context":"https:\/\/schema.org","@graph":[{"@type":"WebPage","@id":"https:\/\/catapa.be\/es\/actua-ahora\/coviertete-en-change-maker\/","url":"https:\/\/catapa.be\/es\/actua-ahora\/coviertete-en-change-maker\/","name":"Convi\u00e9rtete en Changemaker - CATAPA vzw","isPartOf":{"@id":"https:\/\/catapa.be\/es\/#website"},"primaryImageOfPage":{"@id":"https:\/\/catapa.be\/es\/actua-ahora\/coviertete-en-change-maker\/#primaryimage"},"image":{"@id":"https:\/\/catapa.be\/es\/actua-ahora\/coviertete-en-change-maker\/#primaryimage"},"thumbnailUrl":"http:\/\/catapa.be\/wp-content\/uploads\/2018\/08\/flag_yellow_high-300x200.jpg","datePublished":"2018-08-27T13:46:42+00:00","dateModified":"2019-01-25T10:25:20+00:00","breadcrumb":{"@id":"https:\/\/catapa.be\/es\/actua-ahora\/coviertete-en-change-maker\/#breadcrumb"},"inLanguage":"es-ES","potentialAction":[{"@type":"ReadAction","target":["https:\/\/catapa.be\/es\/actua-ahora\/coviertete-en-change-maker\/"]}]},{"@type":"ImageObject","inLanguage":"es-ES","@id":"https:\/\/catapa.be\/es\/actua-ahora\/coviertete-en-change-maker\/#primaryimage","url":"http:\/\/catapa.be\/wp-content\/uploads\/2018\/08\/flag_yellow_high-300x200.jpg","contentUrl":"http:\/\/catapa.be\/wp-content\/uploads\/2018\/08\/flag_yellow_high-300x200.jpg"},{"@type":"BreadcrumbList","@id":"https:\/\/catapa.be\/es\/actua-ahora\/coviertete-en-change-maker\/#breadcrumb","itemListElement":[{"@type":"ListItem","position":1,"name":"Home","item":"https:\/\/catapa.be\/es\/"},{"@type":"ListItem","position":2,"name":"Act\u00faa ahora","item":"https:\/\/catapa.be\/es\/actua-ahora\/"},{"@type":"ListItem","position":3,"name":"Convi\u00e9rtete en Changemaker"}]},{"@type":"WebSite","@id":"https:\/\/catapa.be\/es\/#website","url":"https:\/\/catapa.be\/es\/","name":"CATAPA vzw","description":"Comit\u00e9 Acad\u00e9mico T\u00e9cnico de Asesoramiento a Problemas Ambientales","publisher":{"@id":"https:\/\/catapa.be\/es\/#organization"},"potentialAction":[{"@type":"SearchAction","target":{"@type":"EntryPoint","urlTemplate":"https:\/\/catapa.be\/es\/?s={search_term_string}"},"query-input":{"@type":"PropertyValueSpecification","valueRequired":true,"valueName":"search_term_string"}}],"inLanguage":"es-ES"},{"@type":"Organization","@id":"https:\/\/catapa.be\/es\/#organization","name":"CATAPA vzw","url":"https:\/\/catapa.be\/es\/","logo":{"@type":"ImageObject","inLanguage":"es-ES","@id":"https:\/\/catapa.be\/es\/#\/schema\/logo\/image\/","url":"https:\/\/i0.wp.com\/catapa.be\/wp-content\/uploads\/2019\/02\/NEW20LOGO20SHORT20PNG1.png?fit=1259%2C1321&ssl=1","contentUrl":"https:\/\/i0.wp.com\/catapa.be\/wp-content\/uploads\/2019\/02\/NEW20LOGO20SHORT20PNG1.png?fit=1259%2C1321&ssl=1","width":1259,"height":1321,"caption":"CATAPA vzw"},"image":{"@id":"https:\/\/catapa.be\/es\/#\/schema\/logo\/image\/"},"sameAs":["https:\/\/www.facebook.com\/catapa.belgium\/","https:\/\/x.com\/CATAPA_Belgica","https:\/\/www.instagram.com\/catapa_vzw\/","https:\/\/be.linkedin.com\/company\/catapavzw","https:\/\/www.youtube.com\/channel\/UCE52-Fiyv-Fpqf2gi1qhf1g"]}]}},"jetpack_sharing_enabled":true,"jetpack_likes_enabled":true,"jetpack-related-posts":[{"id":33964,"url":"https:\/\/catapa.be\/es\/labor\/campanas\/right-to-say-no\/encuentro-por-el-derecho-a-decir-no-en-la-region-de-los-andes\/","url_meta":{"origin":7634,"position":0},"title":"Encuentro por el Derecho a Decir No en la Regi\u00f3n de los Andes","author":"Simon Berlo","date":"07\/08\/2023","format":false,"excerpt":"[vc_section][vc_row css=\".vc_custom_1690880892961{margin-top: 0px !important;margin-bottom: 0px !important;border-top-width: 0px !important;border-bottom-width: 0px !important;padding-top: 0px !important;padding-bottom: 0px !important;}\"][vc_column css=\".vc_custom_1690880879850{margin-top: 0px !important;margin-bottom: 0px !important;border-top-width: 0px !important;border-bottom-width: 0px !important;padding-top: 0px !important;padding-bottom: 0px !important;}\"][vc_column_text] Conocimientos compartidos y solidaridad en las luchas contra la miner\u00eda [\/vc_column_text][vc_column_text]Cada cuatro a\u00f1os, las organizaciones socias de CATAPA se re\u00fanen en el territorio\u2026","rel":"","context":"Entrada similar","block_context":{"text":"Entrada similar","link":""},"img":{"alt_text":"","src":"","width":0,"height":0},"classes":[]},{"id":3043,"url":"https:\/\/catapa.be\/es\/labor\/estrategia\/","url_meta":{"origin":7634,"position":1},"title":"Estrategia","author":"Alienor de Sas","date":"20\/05\/2018","format":false,"excerpt":"[vc_row css=\".vc_custom_1533807373745{margin-top: -50px !important;margin-bottom: 50px !important;}\"][vc_column][vc_cta h2=\"CATAPA es un movimiento cr\u00edtico de ciudadan\u00eda activa.\" h4=\"Traspasando fronteras luchamos, de manera horizontal, por un mundo donde la explotaci\u00f3n de recursos naturales no sostenibles ya no ser\u00e1 necesaria.\" style=\"custom\" css_animation=\"none\" custom_background=\"#01a053\" custom_text=\"#ffffff\"][\/vc_cta][\/vc_column][\/vc_row][vc_row full_width=\"stretch_row\" content_placement=\"middle\" css=\".vc_custom_1533808586582{margin-top: -100px !important;background-color: #f7f7f7 !important;}\"][vc_column][vc_column_text] CATAPA es\u00a0un movimiento cr\u00edtico\u2026","rel":"","context":"Entrada similar","block_context":{"text":"Entrada similar","link":""},"img":{"alt_text":"","src":"","width":0,"height":0},"classes":[]},{"id":2997,"url":"https:\/\/catapa.be\/es\/casos\/colombia\/","url_meta":{"origin":7634,"position":2},"title":"Colombia","author":"Alienor de Sas","date":"23\/05\/2018","format":false,"excerpt":"[vc_row][vc_column][vc_cta h2=\"El suelo colombiano es rico en recursos naturales.\" h4=\"El pa\u00eds no solo tiene las reservas de carb\u00f3n m\u00e1s grandes de Am\u00e9rica Latina; tambi\u00e9n posee altas cantidades de oro, n\u00edquel, cobre, plata, platina y piedras preciosas. Al asumir el cargo en 2010, el presidente Santos dijo que la miner\u00eda ser\u00eda\u2026","rel":"","context":"Entrada similar","block_context":{"text":"Entrada similar","link":""},"img":{"alt_text":"","src":"https:\/\/i0.wp.com\/catapa.be\/sites\/default\/files\/resize\/remote\/45c6065047ff3ea0f31dbae064d596f3-600x400.jpg?resize=350%2C200","width":350,"height":200,"srcset":"https:\/\/i0.wp.com\/catapa.be\/sites\/default\/files\/resize\/remote\/45c6065047ff3ea0f31dbae064d596f3-600x400.jpg?resize=350%2C200 1x, https:\/\/i0.wp.com\/catapa.be\/sites\/default\/files\/resize\/remote\/45c6065047ff3ea0f31dbae064d596f3-600x400.jpg?resize=525%2C300 1.5x"},"classes":[]},{"id":8371,"url":"https:\/\/catapa.be\/es\/labor\/grupos-de-trabajo-2\/","url_meta":{"origin":7634,"position":3},"title":"Grupos de trabajo","author":"admin","date":"04\/12\/2018","format":false,"excerpt":"[vc_row css=\".vc_custom_1533807373745{margin-top: -50px !important;margin-bottom: 50px !important;}\"][vc_column][vc_cta h2=\"El trabajo de CATAPA...\" h4=\"... se divide en ``grupos de trabajo del sur``, que se refiere al trabajo que realizamos directamente con nuestras organizaciones asociadas en Latino Am\u00e9rica; y ``grupos de trabajo del norte``, que incluye todo lo que se realiza desde B\u00e9lgica, donde\u2026","rel":"","context":"Entrada similar","block_context":{"text":"Entrada similar","link":""},"img":{"alt_text":"","src":"","width":0,"height":0},"classes":[]},{"id":8850,"url":"https:\/\/catapa.be\/es\/mining-in-paradise\/","url_meta":{"origin":7634,"position":4},"title":"Mining in Paradise","author":"admin","date":"10\/01\/2019","format":false,"excerpt":"Mining in Paradise Con la campa\u00f1a Mining in Paradise? (\"\u00bfMiner\u00eda en el para\u00edso?\", 2010) CATAPA apoy\u00f3 a las organizaciones agr\u00edcolas y medioambientales de cuatro provincias en el norte de Per\u00fa, que no quer\u00edan admitir la miner\u00eda en sus regiones. Porque las empresas mineras violan los derechos humanos, interrumpen los planes\u2026","rel":"","context":"Entrada similar","block_context":{"text":"Entrada similar","link":""},"img":{"alt_text":"","src":"","width":0,"height":0},"classes":[]},{"id":2955,"url":"https:\/\/catapa.be\/es\/sobre-nosotros\/vision-y-mision\/","url_meta":{"origin":7634,"position":5},"title":"Visi\u00f3n y Misi\u00f3n","author":"Alienor de Sas","date":"20\/05\/2018","format":false,"excerpt":"[vc_row css=\".vc_custom_1533807373745{margin-top: -50px !important;margin-bottom: 50px !important;}\"][vc_column][vc_cta h2=\"CATAPA aspira...\" h4=\"\u2026 a un mundo en el que la extracci\u00f3n de materias primas no renovables ya no sea necesaria, apostando por una transici\u00f3n hacia un modelo que desmina, decrece, y mueve.\" style=\"custom\" css_animation=\"none\" custom_background=\"#01a053\" custom_text=\"#ffffff\"][\/vc_cta][\/vc_column][\/vc_row][vc_row full_width=\"stretch_row\" content_placement=\"middle\" css=\".vc_custom_1533808586582{margin-top: -100px !important;background-color: #f7f7f7 !important;}\"][vc_column][vc_custom_heading text=\"CATAPA\u2026","rel":"","context":"Entrada similar","block_context":{"text":"Entrada similar","link":""},"img":{"alt_text":"","src":"","width":0,"height":0},"classes":[]}],"_links":{"self":[{"href":"https:\/\/catapa.be\/es\/wp-json\/wp\/v2\/pages\/7634","targetHints":{"allow":["GET"]}}],"collection":[{"href":"https:\/\/catapa.be\/es\/wp-json\/wp\/v2\/pages"}],"about":[{"href":"https:\/\/catapa.be\/es\/wp-json\/wp\/v2\/types\/page"}],"author":[{"embeddable":true,"href":"https:\/\/catapa.be\/es\/wp-json\/wp\/v2\/users\/2"}],"replies":[{"embeddable":true,"href":"https:\/\/catapa.be\/es\/wp-json\/wp\/v2\/comments?post=7634"}],"version-history":[{"count":11,"href":"https:\/\/catapa.be\/es\/wp-json\/wp\/v2\/pages\/7634\/revisions"}],"predecessor-version":[{"id":9189,"href":"https:\/\/catapa.be\/es\/wp-json\/wp\/v2\/pages\/7634\/revisions\/9189"}],"up":[{"embeddable":true,"href":"https:\/\/catapa.be\/es\/wp-json\/wp\/v2\/pages\/2962"}],"wp:attachment":[{"href":"https:\/\/catapa.be\/es\/wp-json\/wp\/v2\/media?parent=7634"}],"curies":[{"name":"wp","href":"https:\/\/api.w.org\/{rel}","templated":true}]}}