{"id":8850,"date":"2019-01-10T18:25:17","date_gmt":"2019-01-10T17:25:17","guid":{"rendered":"http:\/\/catapa.be\/mining-in-paradise\/"},"modified":"2019-01-10T18:25:17","modified_gmt":"2019-01-10T17:25:17","slug":"mining-in-paradise","status":"publish","type":"page","link":"https:\/\/catapa.be\/es\/mining-in-paradise\/","title":{"rendered":"Mining in Paradise"},"content":{"rendered":"<h1 style=\"text-align: center;\">Mining in Paradise<\/h1>\n<p>Con la campa\u00f1a Mining in Paradise? (&#8220;\u00bfMiner\u00eda en el para\u00edso?&#8221;, 2010) CATAPA apoy\u00f3 a las organizaciones agr\u00edcolas y medioambientales de cuatro provincias en el norte de Per\u00fa, que no quer\u00edan admitir la miner\u00eda en sus regiones. Porque las empresas mineras violan los derechos humanos, interrumpen los planes de desarollo local y amenazan con la destrucci\u00f3n irrenovable del medioambiente en la regi\u00f3n del Andes tr\u00f3pico, una de las regiones m\u00e1s biodiversas del planeta. A continuaci\u00f3n sigue una lista amplia de las realizaciones de nuestra campa\u00f1a.<\/p>\n<p>CATAPA y sus colaboradores quer\u00edan obtener con esta campa\u00f1a lo siguiente:<\/p>\n<ul>\n<li>Responder a la demanda de informaci\u00f3n sobre miner\u00eda en comunidades agr\u00edcolas locales y apoyarles en empezar actividades comunes,<\/li>\n<li>Poner el tema de las zonas restringuidas para la industria minera en la agenda de la gesti\u00f3n regional y nacional,<\/li>\n<li>Conscientizar los ciudadanos en B\u00e9lgica y otros pa\u00edses europeos sobre la problem\u00e1tica de la miner\u00eda en el norte de Per\u00fa,<\/li>\n<li>Estimular la solidaridad internacional con los agricultores del norte de Per\u00fa.<\/li>\n<\/ul>\n<p>Gracias a la ayuda de los voluntarios y firmadores de la petici\u00f3n, nuestra campa\u00f1a fue un \u00e9xito.<\/p>\n<h2>La campa\u00f1a en Peru<\/h2>\n<h3>A nivel regional, en el norte de Per\u00fa<\/h3>\n<p>&#8211; La organizaci\u00f3n peruana Frente por el Desarrollo Sostenible de la Frontera Norte del Per\u00fa (FDSFNP), con el apoyo de Red Muqui y CATAPA, daba talleres \u00a0informativos y participativos en varios pueblos sobre la miner\u00eda, globalizaci\u00f3n y los derechos humanos. En total participaban m\u00e1s de 500 agricultores en estos talleres \u2013 entre ellos bastantes j\u00f3venes. M\u00e1s o menos 70% de la poblaci\u00f3n en la regi\u00f3n mayormente rural es pobre y tiene poco o no acceso a la educaci\u00f3n, ni informaci\u00f3n sobre la miner\u00eda.<\/p>\n<p>&#8211; Comunidades campesinas de las cuatro provincias formularon juntos, durante los diferentes talleres, la declaraci\u00f3n comun &#8216;Zonas libres de miner\u00eda&#8217; en que argumentaron las razones por las cuales no quer\u00edan miner\u00eda en su regi\u00f3n. Sus principales exigencias son: un ordenamiento territorial con participaci\u00f3n de la poblaci\u00f3n local y respeto para el medioambiente, inversiones en las alternativas de desarrollo local (agricultura y turismo ecol\u00f3gico) y la aprobaci\u00f3n de un sistema legal en que los pueblos nativos puedan consultar.<\/p>\n<p>&#8211; El 16 de septiembre fue el tercer aniversario del referendum que concluy\u00f3 que 97% de la poblaci\u00f3n local no desea miner\u00eda en la regi\u00f3n. Ese d\u00eda se organizaron eventos p\u00fablicos en las provincias Ayabaca y Huancabamba. En estos eventos se hizo p\u00fablico la declaraci\u00f3n y los videos de la campa\u00f1a. Cientos de personas estuvieron presentes.<\/p>\n<p>&#8211; Gracias a una conferencia de prensa la campa\u00f1a tuvo la atenci\u00f3n de diferentes peri\u00f3dicos y radios locales. Tambi\u00e9n la declaraci\u00f3n fue publicada en el peri\u00f3dico El Tiempo de Piura, uno de los m\u00e1s le\u00eddos en la regi\u00f3n.<\/p>\n<p>&#8211; Los candidatos para alcald\u00edas para las elecciones locales del 3 de octubre, en las cuatro provincias del norte de Per\u00fa, anunciaban la declaraci\u00f3n durante los debates p\u00fablicos antes de las elecciones. Varios entre ellos firmaban un &#8216;pacto \u00e9tico&#8217;, en que promet\u00edan respetar las exigencias de la declaraci\u00f3n. Las organizaciones locales les controlar\u00e1n a que respeten este pacto.<\/p>\n<p>&#8211; Tambi\u00e9n los dos nuevos gobernadores regionales prometieron p\u00fablicamente en la prensa que protejer\u00e1n las zonas restringuidas para la miner\u00eda. El nuevo gobernador regional de Piura concluy\u00f3 incluso un acuerdo personal con las organizaciones campesinas, en que promete de no admitir miner\u00eda en los p\u00e1ramos y bosques de neblina de los Andes y en que reconoce las organizaciones campesinas como &#8216;protectores de los p\u00e1ramos&#8217;.<\/p>\n<p>&#8211; El 2 de diciembre 2010, un a\u00f1o despu\u00e9s de la muerte de dos l\u00edderes campesinos a causa del conflicto minero, finalizamos la campa\u00f1a local con un evento en la comunidad Segunda y Cajas. En este evento se conmemoraba la muerte de los dos l\u00edderes y se difundi\u00f3 informaci\u00f3n sobre la campa\u00f1a en Lima y en Europa. Tambi\u00e9n en dicho evento participaron cientos de personas.<\/p>\n<h3>A nivel nacional, en Lima<\/h3>\n<p>&#8211; Se realizaron redes con ONGs y movimientos sociales, para aumentar el apoyo de la sociedad civil nacional e internacional para la campa\u00f1a. Diferentes ONGs internacionales, como Oxfam Am\u00e9rica y Friends of the Earth US (Amigos de la planeta tierra USA) respaldaron la campa\u00f1a.<\/p>\n<p>&#8211; La casa de producci\u00f3n Guarango, que hizo m\u00e1s antes ya documentales sobre la problem\u00e1tica de la miner\u00eda en Per\u00fa, edit\u00f3 en colaboraci\u00f3n con CATAPA dos videos sensibilizantes sobre la campa\u00f1a. Aquelos videos se difundieron en unos reuniones de informaci\u00f3n en la capital, como en el norte de Per\u00fa y en Europa.<\/p>\n<p>&#8211; Con apoyo de CATAPA y un congresista del norte de Per\u00fa, nuestros colaboradores Fedepaz y Cooperacci\u00f3n organizaron un forum nacional en el Congreso Peruano sobre el tema de la campa\u00f1a, es decir las zonas restringuidas para la miner\u00eda. En este forum diferentes expertos dieron lecturas, y los representantes de las organizaciones campesinas debatieron. En diferentes peri\u00f3dicos nacionales \u00a0se public\u00f3 el forum.<\/p>\n<p>&#8211; Publicamos cuatro boletines (digitales) informativos, en que se focalizaba cada vez en un cierto tema de la campa\u00f1a. Los colaboradores difundieron estos boletines a un p\u00fablico general. En el evento final de la campa\u00f1a en el norte de Per\u00fa los presentes recibieron un boletin resumen de la campa\u00f1a, con fotos incluidas de las diferentes actividades.<\/p>\n<p>&#8211; Junto con nuestros colaboradores nacionales y Friends of the Earth US enviamos una carta cr\u00edtica a las accionistas de Zijin, una empresa minera China que es accionista principal del proyecto minero R\u00edo Blanco en el norte de Per\u00fa. Esta carta se public\u00f3 en un peri\u00f3dico de negocios The South China Morning Post, un importante peri\u00f3dico en China.<\/p>\n<h2>La campa\u00f1a en Europa<\/h2>\n<p>&#8211; El 16 de septiembre se lanz\u00f3 el sitio web mininginparadise.org en 6 idiomas, con diferentes videos de la campa\u00f1a y una petici\u00f3n en l\u00ednea para apoyar a la declaraci\u00f3n &#8216;Zonas libres de miner\u00eda&#8217;.<\/p>\n<p>-En invitaci\u00f3n de CATAPA se organizaron varias lecturas en Europa con invitados peruanos. Entre los invitados estaban el Sr. Jos\u00e9 De Echave, economista y co-fundador de CooperAcci\u00f3n y el bi\u00f3logo Fidel Torres del norte de Per\u00fa. Adem\u00e1s participaron testigos de las comunidades que estaban afectados de la miner\u00eda, como la Sra. Josefina Aponte, l\u00edder campesina de Huancabamba y la Sra. Magdiel Carri\u00f3n, presidenta de la comunidad campesina FEPROCCA de Ayabaca. Habian lecturas con oradores peruanos en Gran Breta\u00f1a, B\u00e9lgica, Holanda, Alemania, Francia, Espa\u00f1a e Italia, donde argumentaron las zonas restringuidas para la miner\u00eda. Habian varias ponencias y conferencias en las escuelas superiores y universidades en Flandes y Valonia, con en total cientos de presentes.<\/p>\n<p>&#8211; El principal momento de esta gira era une conferencia internacional en Bruselas. Estaban presentes cientos de personas. La conferencia origin\u00f3 un art\u00edculo en el peri\u00f3dico De Morgen sobre la campa\u00f1a.<\/p>\n<p>&#8211; Escribimos un breve resumen de la investigaci\u00f3n, y el fundamento cient\u00edfio y jur\u00eddico de la campa\u00f1a.<\/p>\n<p>&#8211; En colaboraci\u00f3n con el fot\u00f3grafo el Sr. Danny Vreys realizamos una exposici\u00f3n fotogr\u00e1fica Miner\u00eda en el para\u00edso?, que muestra la realidad del norte de Per\u00fa y el impacto de la miner\u00eda en gran escala en el resto del pa\u00eds. Esta exposici\u00f3n dur\u00f3 unos meses en Bruselas.<\/p>\n<p>&#8211; 3000 personas de 75 pa\u00edses diferentes y 140 grandes y peque\u00f1as organizaciones firmaron la petici\u00f3n electr\u00f3nica.<\/p>\n<p>&#8211; Vendemos (y todav\u00eda seguimos vendiendo) el rico caf\u00e9 CATAPA &#8216;Caf\u00e9 por el para\u00edso, en colaboraci\u00f3n con las tiendas de negocio sostenible Oxfam y con Cepicaf\u00e9- un cooperativo cafetalero del norte de Per\u00fa.<\/p>\n","protected":false},"excerpt":{"rendered":"<p>Mining in Paradise Con la campa\u00f1a Mining in Paradise? (&#8220;\u00bfMiner\u00eda en el para\u00edso?&#8221;, 2010) CATAPA apoy\u00f3 a las organizaciones agr\u00edcolas y medioambientales de cuatro provincias en el norte de Per\u00fa, que no quer\u00edan admitir la<br \/><a class=\"read-more\" href=\"https:\/\/catapa.be\/es\/mining-in-paradise\/\">Read More<\/a><\/p>\n","protected":false},"author":1,"featured_media":0,"parent":0,"menu_order":0,"comment_status":"closed","ping_status":"closed","template":"","meta":{"_exactmetrics_skip_tracking":false,"_exactmetrics_sitenote_active":false,"_exactmetrics_sitenote_note":"","_exactmetrics_sitenote_category":0,"jetpack_post_was_ever_published":false,"footnotes":""},"class_list":["post-8850","page","type-page","status-publish","hentry"],"yoast_head":"<!-- This site is optimized with the Yoast SEO plugin v26.8 - https:\/\/yoast.com\/product\/yoast-seo-wordpress\/ -->\n<title>Mining in Paradise - CATAPA vzw<\/title>\n<meta name=\"robots\" content=\"index, follow, max-snippet:-1, max-image-preview:large, max-video-preview:-1\" \/>\n<link rel=\"canonical\" href=\"https:\/\/catapa.be\/es\/mining-in-paradise\/\" \/>\n<meta property=\"og:locale\" content=\"es_ES\" \/>\n<meta property=\"og:type\" content=\"article\" \/>\n<meta property=\"og:title\" content=\"Mining in Paradise - CATAPA vzw\" \/>\n<meta property=\"og:description\" content=\"Mining in Paradise Con la campa\u00f1a Mining in Paradise? (&#8220;\u00bfMiner\u00eda en el para\u00edso?&#8221;, 2010) CATAPA apoy\u00f3 a las organizaciones agr\u00edcolas y medioambientales de cuatro provincias en el norte de Per\u00fa, que no quer\u00edan admitir laRead More\" \/>\n<meta property=\"og:url\" content=\"https:\/\/catapa.be\/es\/mining-in-paradise\/\" \/>\n<meta property=\"og:site_name\" content=\"CATAPA vzw\" \/>\n<meta property=\"article:publisher\" content=\"https:\/\/www.facebook.com\/catapa.belgium\/\" \/>\n<meta name=\"twitter:card\" content=\"summary_large_image\" \/>\n<meta name=\"twitter:site\" content=\"@CATAPA_Belgica\" \/>\n<meta name=\"twitter:label1\" content=\"Tiempo de lectura\" \/>\n\t<meta name=\"twitter:data1\" content=\"7 minutes\" \/>\n<script type=\"application\/ld+json\" class=\"yoast-schema-graph\">{\"@context\":\"https:\/\/schema.org\",\"@graph\":[{\"@type\":\"WebPage\",\"@id\":\"https:\/\/catapa.be\/es\/mining-in-paradise\/\",\"url\":\"https:\/\/catapa.be\/es\/mining-in-paradise\/\",\"name\":\"Mining in Paradise - CATAPA vzw\",\"isPartOf\":{\"@id\":\"https:\/\/catapa.be\/es\/#website\"},\"datePublished\":\"2019-01-10T17:25:17+00:00\",\"breadcrumb\":{\"@id\":\"https:\/\/catapa.be\/es\/mining-in-paradise\/#breadcrumb\"},\"inLanguage\":\"es-ES\",\"potentialAction\":[{\"@type\":\"ReadAction\",\"target\":[\"https:\/\/catapa.be\/es\/mining-in-paradise\/\"]}]},{\"@type\":\"BreadcrumbList\",\"@id\":\"https:\/\/catapa.be\/es\/mining-in-paradise\/#breadcrumb\",\"itemListElement\":[{\"@type\":\"ListItem\",\"position\":1,\"name\":\"Home\",\"item\":\"https:\/\/catapa.be\/es\/\"},{\"@type\":\"ListItem\",\"position\":2,\"name\":\"Mining in Paradise\"}]},{\"@type\":\"WebSite\",\"@id\":\"https:\/\/catapa.be\/es\/#website\",\"url\":\"https:\/\/catapa.be\/es\/\",\"name\":\"CATAPA vzw\",\"description\":\"Comit\u00e9 Acad\u00e9mico T\u00e9cnico de Asesoramiento a Problemas Ambientales\",\"publisher\":{\"@id\":\"https:\/\/catapa.be\/es\/#organization\"},\"potentialAction\":[{\"@type\":\"SearchAction\",\"target\":{\"@type\":\"EntryPoint\",\"urlTemplate\":\"https:\/\/catapa.be\/es\/?s={search_term_string}\"},\"query-input\":{\"@type\":\"PropertyValueSpecification\",\"valueRequired\":true,\"valueName\":\"search_term_string\"}}],\"inLanguage\":\"es-ES\"},{\"@type\":\"Organization\",\"@id\":\"https:\/\/catapa.be\/es\/#organization\",\"name\":\"CATAPA vzw\",\"url\":\"https:\/\/catapa.be\/es\/\",\"logo\":{\"@type\":\"ImageObject\",\"inLanguage\":\"es-ES\",\"@id\":\"https:\/\/catapa.be\/es\/#\/schema\/logo\/image\/\",\"url\":\"https:\/\/i0.wp.com\/catapa.be\/wp-content\/uploads\/2019\/02\/NEW20LOGO20SHORT20PNG1.png?fit=1259%2C1321&ssl=1\",\"contentUrl\":\"https:\/\/i0.wp.com\/catapa.be\/wp-content\/uploads\/2019\/02\/NEW20LOGO20SHORT20PNG1.png?fit=1259%2C1321&ssl=1\",\"width\":1259,\"height\":1321,\"caption\":\"CATAPA vzw\"},\"image\":{\"@id\":\"https:\/\/catapa.be\/es\/#\/schema\/logo\/image\/\"},\"sameAs\":[\"https:\/\/www.facebook.com\/catapa.belgium\/\",\"https:\/\/x.com\/CATAPA_Belgica\",\"https:\/\/www.instagram.com\/catapa_vzw\/\",\"https:\/\/be.linkedin.com\/company\/catapavzw\",\"https:\/\/www.youtube.com\/channel\/UCE52-Fiyv-Fpqf2gi1qhf1g\"]}]}<\/script>\n<!-- \/ Yoast SEO plugin. -->","yoast_head_json":{"title":"Mining in Paradise - CATAPA vzw","robots":{"index":"index","follow":"follow","max-snippet":"max-snippet:-1","max-image-preview":"max-image-preview:large","max-video-preview":"max-video-preview:-1"},"canonical":"https:\/\/catapa.be\/es\/mining-in-paradise\/","og_locale":"es_ES","og_type":"article","og_title":"Mining in Paradise - CATAPA vzw","og_description":"Mining in Paradise Con la campa\u00f1a Mining in Paradise? (&#8220;\u00bfMiner\u00eda en el para\u00edso?&#8221;, 2010) CATAPA apoy\u00f3 a las organizaciones agr\u00edcolas y medioambientales de cuatro provincias en el norte de Per\u00fa, que no quer\u00edan admitir laRead More","og_url":"https:\/\/catapa.be\/es\/mining-in-paradise\/","og_site_name":"CATAPA vzw","article_publisher":"https:\/\/www.facebook.com\/catapa.belgium\/","twitter_card":"summary_large_image","twitter_site":"@CATAPA_Belgica","twitter_misc":{"Tiempo de lectura":"7 minutes"},"schema":{"@context":"https:\/\/schema.org","@graph":[{"@type":"WebPage","@id":"https:\/\/catapa.be\/es\/mining-in-paradise\/","url":"https:\/\/catapa.be\/es\/mining-in-paradise\/","name":"Mining in Paradise - CATAPA vzw","isPartOf":{"@id":"https:\/\/catapa.be\/es\/#website"},"datePublished":"2019-01-10T17:25:17+00:00","breadcrumb":{"@id":"https:\/\/catapa.be\/es\/mining-in-paradise\/#breadcrumb"},"inLanguage":"es-ES","potentialAction":[{"@type":"ReadAction","target":["https:\/\/catapa.be\/es\/mining-in-paradise\/"]}]},{"@type":"BreadcrumbList","@id":"https:\/\/catapa.be\/es\/mining-in-paradise\/#breadcrumb","itemListElement":[{"@type":"ListItem","position":1,"name":"Home","item":"https:\/\/catapa.be\/es\/"},{"@type":"ListItem","position":2,"name":"Mining in Paradise"}]},{"@type":"WebSite","@id":"https:\/\/catapa.be\/es\/#website","url":"https:\/\/catapa.be\/es\/","name":"CATAPA vzw","description":"Comit\u00e9 Acad\u00e9mico T\u00e9cnico de Asesoramiento a Problemas Ambientales","publisher":{"@id":"https:\/\/catapa.be\/es\/#organization"},"potentialAction":[{"@type":"SearchAction","target":{"@type":"EntryPoint","urlTemplate":"https:\/\/catapa.be\/es\/?s={search_term_string}"},"query-input":{"@type":"PropertyValueSpecification","valueRequired":true,"valueName":"search_term_string"}}],"inLanguage":"es-ES"},{"@type":"Organization","@id":"https:\/\/catapa.be\/es\/#organization","name":"CATAPA vzw","url":"https:\/\/catapa.be\/es\/","logo":{"@type":"ImageObject","inLanguage":"es-ES","@id":"https:\/\/catapa.be\/es\/#\/schema\/logo\/image\/","url":"https:\/\/i0.wp.com\/catapa.be\/wp-content\/uploads\/2019\/02\/NEW20LOGO20SHORT20PNG1.png?fit=1259%2C1321&ssl=1","contentUrl":"https:\/\/i0.wp.com\/catapa.be\/wp-content\/uploads\/2019\/02\/NEW20LOGO20SHORT20PNG1.png?fit=1259%2C1321&ssl=1","width":1259,"height":1321,"caption":"CATAPA vzw"},"image":{"@id":"https:\/\/catapa.be\/es\/#\/schema\/logo\/image\/"},"sameAs":["https:\/\/www.facebook.com\/catapa.belgium\/","https:\/\/x.com\/CATAPA_Belgica","https:\/\/www.instagram.com\/catapa_vzw\/","https:\/\/be.linkedin.com\/company\/catapavzw","https:\/\/www.youtube.com\/channel\/UCE52-Fiyv-Fpqf2gi1qhf1g"]}]}},"jetpack_sharing_enabled":true,"jetpack_likes_enabled":true,"jetpack-related-posts":[{"id":2952,"url":"https:\/\/catapa.be\/es\/sobre-nosotros\/nuestra-historia\/","url_meta":{"origin":8850,"position":0},"title":"Nuestra historia","author":"Alienor de Sas","date":"20\/05\/2018","format":false,"excerpt":"[vc_row full_width=\"stretch_row\" content_placement=\"middle\"][vc_column][vc_cta h2=\"Desde BelBol hasta...\" h4=\"...un movimiento horizontal con organizaciones asociadas en Per\u00fa, Colombia, Ecuador y Bolivia; y con muchos proyectos en marcha en Flandes, Europa y en Am\u00e9rica Latina.\" style=\"custom\" custom_background=\"#01a053\" custom_text=\"#ffffff\"][\/vc_cta][\/vc_column][\/vc_row][vc_row full_width=\"stretch_row\" equal_height=\"yes\" css=\".vc_custom_1535455217709{background-color: #f7f7f7 !important;}\" el_id=\"table-of-contents\"][vc_column css_animation=\"none\" width=\"1\/2\"][vc_column_text css=\".vc_custom_1653737512501{padding-left: 50px !important;}\"] \u00cdndice 2003-2007: desde BelBol hasta\u2026","rel":"","context":"Entrada similar","block_context":{"text":"Entrada similar","link":""},"img":{"alt_text":"","src":"https:\/\/i0.wp.com\/catapa.be\/wp-content\/uploads\/2019\/01\/mining-in-paradise-300x300.png?resize=350%2C200&ssl=1","width":350,"height":200},"classes":[]},{"id":2997,"url":"https:\/\/catapa.be\/es\/casos\/colombia\/","url_meta":{"origin":8850,"position":1},"title":"Colombia","author":"Alienor de Sas","date":"23\/05\/2018","format":false,"excerpt":"[vc_row][vc_column][vc_cta h2=\"El suelo colombiano es rico en recursos naturales.\" h4=\"El pa\u00eds no solo tiene las reservas de carb\u00f3n m\u00e1s grandes de Am\u00e9rica Latina; tambi\u00e9n posee altas cantidades de oro, n\u00edquel, cobre, plata, platina y piedras preciosas. Al asumir el cargo en 2010, el presidente Santos dijo que la miner\u00eda ser\u00eda\u2026","rel":"","context":"Entrada similar","block_context":{"text":"Entrada similar","link":""},"img":{"alt_text":"","src":"https:\/\/i0.wp.com\/catapa.be\/sites\/default\/files\/resize\/remote\/45c6065047ff3ea0f31dbae064d596f3-600x400.jpg?resize=350%2C200","width":350,"height":200,"srcset":"https:\/\/i0.wp.com\/catapa.be\/sites\/default\/files\/resize\/remote\/45c6065047ff3ea0f31dbae064d596f3-600x400.jpg?resize=350%2C200 1x, https:\/\/i0.wp.com\/catapa.be\/sites\/default\/files\/resize\/remote\/45c6065047ff3ea0f31dbae064d596f3-600x400.jpg?resize=525%2C300 1.5x"},"classes":[]},{"id":33964,"url":"https:\/\/catapa.be\/es\/labor\/campanas\/right-to-say-no\/encuentro-por-el-derecho-a-decir-no-en-la-region-de-los-andes\/","url_meta":{"origin":8850,"position":2},"title":"Encuentro por el Derecho a Decir No en la Regi\u00f3n de los Andes","author":"Simon Berlo","date":"07\/08\/2023","format":false,"excerpt":"[vc_section][vc_row css=\".vc_custom_1690880892961{margin-top: 0px !important;margin-bottom: 0px !important;border-top-width: 0px !important;border-bottom-width: 0px !important;padding-top: 0px !important;padding-bottom: 0px !important;}\"][vc_column css=\".vc_custom_1690880879850{margin-top: 0px !important;margin-bottom: 0px !important;border-top-width: 0px !important;border-bottom-width: 0px !important;padding-top: 0px !important;padding-bottom: 0px !important;}\"][vc_column_text] Conocimientos compartidos y solidaridad en las luchas contra la miner\u00eda [\/vc_column_text][vc_column_text]Cada cuatro a\u00f1os, las organizaciones socias de CATAPA se re\u00fanen en el territorio\u2026","rel":"","context":"Entrada similar","block_context":{"text":"Entrada similar","link":""},"img":{"alt_text":"","src":"","width":0,"height":0},"classes":[]},{"id":33785,"url":"https:\/\/catapa.be\/es\/labor\/campanas\/right-to-say-no\/","url_meta":{"origin":8850,"position":3},"title":"Right To Say No","author":"Estefan\u00eda","date":"19\/07\/2023","format":false,"excerpt":"[vc_row css=\".vc_custom_1689176811223{margin-bottom: -25px !important;border-bottom-width: -25px !important;padding-bottom: -25px !important;}\"][vc_column css=\".vc_custom_1689176990469{margin-top: -150px !important;border-top-width: -150px !important;padding-top: -150px !important;}\"][vc_column_text] \u00bfQu\u00e9 es RTSN? Entendemos el Derecho a Decir No como el derecho inalienable y colectivo de una comunidad a decir No a proyectos extractivos en los territorios que habitan. El Derecho a Decir No se\u2026","rel":"","context":"Entrada similar","block_context":{"text":"Entrada similar","link":""},"img":{"alt_text":"","src":"https:\/\/i0.wp.com\/catapa.be\/wp-content\/uploads\/2023\/02\/WhatsApp-Image-2023-01-18-at-15.52.04-300x200.jpeg?resize=350%2C200&ssl=1","width":350,"height":200},"classes":[]},{"id":3003,"url":"https:\/\/catapa.be\/es\/casos\/ecuador\/","url_meta":{"origin":8850,"position":4},"title":"Ecuador","author":"Alienor de Sas","date":"23\/05\/2018","format":false,"excerpt":"[vc_row][vc_column][vc_cta h2=\"La miner\u00eda es un fen\u00f3meno relativamente reciente en Ecuador,\" h4=\"a diferencia de la extracci\u00f3n de petr\u00f3leo, que comenz\u00f3 ya en 1921. La explotaci\u00f3n minera por parte de grandes multinacionales no empez\u00f3 hasta principios del siglo XXI, tras el declive de la producci\u00f3n de petr\u00f3leo. En su b\u00fasqueda de medidas\u2026","rel":"","context":"Entrada similar","block_context":{"text":"Entrada similar","link":""},"img":{"alt_text":"","src":"","width":0,"height":0},"classes":[]},{"id":3065,"url":"https:\/\/catapa.be\/es\/investigacion-mineria\/todo-sobre-mineria\/","url_meta":{"origin":8850,"position":5},"title":"Todo sobre miner\u00eda","author":"Alienor de Sas","date":"20\/05\/2018","format":false,"excerpt":"[vc_row full_width=\"stretch_row\" content_placement=\"middle\"][vc_column][vc_cta h2=\"Existe una ambici\u00f3n ilimitada por las materias primas en un planeta que est\u00e1 f\u00edsicamente limitado.\" h4=\"El problema de la explotaci\u00f3n de materias primas ser\u00e1 la prioridad en la agenda internacional durante las pr\u00f3ximas d\u00e9cadas, puesto que juega un papel crucial en cuanto al cambio clim\u00e1tico y en\u2026","rel":"","context":"Entrada similar","block_context":{"text":"Entrada similar","link":""},"img":{"alt_text":"","src":"","width":0,"height":0},"classes":[]}],"_links":{"self":[{"href":"https:\/\/catapa.be\/es\/wp-json\/wp\/v2\/pages\/8850","targetHints":{"allow":["GET"]}}],"collection":[{"href":"https:\/\/catapa.be\/es\/wp-json\/wp\/v2\/pages"}],"about":[{"href":"https:\/\/catapa.be\/es\/wp-json\/wp\/v2\/types\/page"}],"author":[{"embeddable":true,"href":"https:\/\/catapa.be\/es\/wp-json\/wp\/v2\/users\/1"}],"replies":[{"embeddable":true,"href":"https:\/\/catapa.be\/es\/wp-json\/wp\/v2\/comments?post=8850"}],"version-history":[{"count":0,"href":"https:\/\/catapa.be\/es\/wp-json\/wp\/v2\/pages\/8850\/revisions"}],"wp:attachment":[{"href":"https:\/\/catapa.be\/es\/wp-json\/wp\/v2\/media?parent=8850"}],"curies":[{"name":"wp","href":"https:\/\/api.w.org\/{rel}","templated":true}]}}