{"id":9795,"date":"2019-02-19T19:42:09","date_gmt":"2019-02-19T18:42:09","guid":{"rendered":"https:\/\/catapa.be\/rgpd-declaracion-de-privacidad-cookies-info\/"},"modified":"2019-02-19T19:42:10","modified_gmt":"2019-02-19T18:42:10","slug":"rgpd-declaracion-de-privacidad-cookies-info","status":"publish","type":"page","link":"https:\/\/catapa.be\/es\/rgpd-declaracion-de-privacidad-cookies-info\/","title":{"rendered":"RGPD &#8211; Declaraci\u00f3n de privacidad &#8211; Cookies Info"},"content":{"rendered":"<div class=\"wpb-content-wrapper\"><p>[vc_row][vc_column][vc_column_text]<\/p>\n<h1>RGPD &#8211; Declaraci\u00f3n de privacidad<\/h1>\n<p>[\/vc_column_text][vc_column_text]<b>CATAPA vzw<\/b> <span style=\"font-weight: 400;\">otorga gran importancia a la protecci\u00f3n de sus datos personales (y respeta su privacidad).<\/span><\/p>\n<p><span style=\"font-weight: 400;\">En esta declaraci\u00f3n de privacidad proporcionaremos informaci\u00f3n clara y transparente sobre c\u00f3mo manejamos los datos personales. Hacemos todos los esfuerzos posibles para garantizar su privacidad y, por lo tanto, manejamos sus datos personales con cuidado. CATAPA vzw est\u00e1, en cualquier caso, sujeta a las leyes y regulaciones aplicables, incluido el Reglamento General de Protecci\u00f3n de Datos (RGPD).<\/span><\/p>\n<p><span style=\"font-weight: 400;\">Esto implica que al menos:<\/span><\/p>\n<ul>\n<li style=\"font-weight: 400;\"><span style=\"font-weight: 400;\">Sus datos personales ser\u00e1n procesados de acuerdo con el prop\u00f3sito para el cual fueron provistos, estos objetivos y tipo de datos personales est\u00e1n descritos en esta declaraci\u00f3n de privacidad;<\/span><\/li>\n<li style=\"font-weight: 400;\"><span style=\"font-weight: 400;\">El procesamiento de sus datos personales est\u00e1 limitado solo a aquellos datos que son m\u00ednimamente necesarios para los fines para los que se procesan;<\/span><\/li>\n<li style=\"font-weight: 400;\"><span style=\"font-weight: 400;\">Se solicite su consentimiento expreso si es necesario, para el procesamiento de sus datos personales;<\/span><\/li>\n<li style=\"font-weight: 400;\"><span style=\"font-weight: 400;\">Se tomaron medidas t\u00e9cnicas y organizativas apropiadas para garantizar la seguridad de sus datos personales;<\/span><\/li>\n<li style=\"font-weight: 400;\"><span style=\"font-weight: 400;\">No se ceder\u00e1n datos personales a terceros, a menos que esto sea necesario para llevar a cabo los fines para los que estos datos fueron proporcionados;<\/span><\/li>\n<li style=\"font-weight: 400;\"><span style=\"font-weight: 400;\">Conocer su derecho con respecto a sus datos personales, se\u00f1alarlos y respetarlos.<\/span><\/li>\n<\/ul>\n<p><span style=\"font-weight: 400;\">Siendo CATAPA vzw responsables del procesamiento de sus datos personales, si despu\u00e9s de revisar nuestra declaraci\u00f3n de privacidad, o de manera m\u00e1s general, tiene preguntas sobre el procesamiento de sus datos personales o sobre el ejercicio de sus derechos, puede hacerlo a trav\u00e9s de los siguientes datos de contacto:<\/span><\/p>\n<p><b>CATAPA <\/b><b>vzw<\/b><\/p>\n<p><span style=\"font-weight: 400;\">Kon. Maria Hendrikaplein 5\/ Bus 401<\/span><\/p>\n<p><span style=\"font-weight: 400;\">9000 Gent<\/span><\/p>\n<p><a href=\"mailto:info@catapa.be\"><span style=\"font-weight: 400;\">info@catapa.be<\/span><\/a><\/p>\n<p><b>\u00bfQu\u00e9 datos personales procesamos y por qu\u00e9?<\/b><\/p>\n<p><span style=\"font-weight: 400;\">CATAPA <\/span><span style=\"font-weight: 400;\">vzw<\/span><span style=\"font-weight: 400;\"> procesa sus datos personales con los siguientes fines y motivos legales:<\/span><\/p>\n<p><b>Para voluntarios:<\/b><\/p>\n<ul>\n<li style=\"font-weight: 400;\"><span style=\"font-weight: 400;\">El cumplimiento de nuestras obligaciones legales, vinculadas al despliegue de voluntarios (obligaci\u00f3n de seguro, redacci\u00f3n de la lista nominativa de reembolsos a tanto alzado, respetando los l\u00edmites legales para la concesi\u00f3n de compensaci\u00f3n, etc.); <\/span><\/li>\n<li style=\"font-weight: 400;\"><span style=\"font-weight: 400;\">La planificaci\u00f3n de actividades de voluntariado, en este contexto, el contacto y la comunicaci\u00f3n con los voluntarios;<\/span><\/li>\n<li style=\"font-weight: 400;\"><span style=\"font-weight: 400;\">El pago de los costos reembolsados a los voluntarios.<\/span><\/li>\n<\/ul>\n<p><b>Para el p\u00fablico en general:<\/b><\/p>\n<ul>\n<li style=\"font-weight: 400;\"><span style=\"font-weight: 400;\">Participaci\u00f3n en las actividades realizadas por CATAPA <\/span><span style=\"font-weight: 400;\">vzw<\/span><span style=\"font-weight: 400;\">;<\/span><\/li>\n<li style=\"font-weight: 400;\"><span style=\"font-weight: 400;\">Env\u00edo de boletines e invitaciones;<\/span><\/li>\n<li style=\"font-weight: 400;\"><span style=\"font-weight: 400;\">Obtenci\u00f3n de subsidios del gobierno.<\/span><\/li>\n<\/ul>\n<p><b>Para los prop\u00f3sitos anteriores podemos solicitar, procesar y almacenar sus siguientes datos personales:<\/b><\/p>\n<ul>\n<li style=\"font-weight: 400;\"><span style=\"font-weight: 400;\">Detalles de identidad personal: nombre, apellido(s), direcci\u00f3n, n\u00famero de tel\u00e9fono, direcci\u00f3n de correo electr\u00f3nico<\/span><\/li>\n<li style=\"font-weight: 400;\"><span style=\"font-weight: 400;\">En relaci\u00f3n con los gastos incurridos: monto, n\u00famero de cuenta bancaria para el pago, documentos justificativos (con el reembolso real de los costos), naturaleza y monto de los reembolsos de los gastos obtenidos en otro lugar (declaraci\u00f3n de honor)<\/span><\/li>\n<li style=\"font-weight: 400;\"><span style=\"font-weight: 400;\">En relaci\u00f3n al trabajo voluntario: descripci\u00f3n, fecha de inicio y finalizaci\u00f3n, n\u00famero de d\u00edas en lugar de planificaci\u00f3n, registro y redacci\u00f3n de la lista nominativa de reembolsos de costos, intereses indicados en el formulario de contacto espec\u00edficamente para el trabajo voluntario en CATAPA<\/span><\/li>\n<li style=\"font-weight: 400;\"><span style=\"font-weight: 400;\">Firma (como parte, lista de participantes, nota de costo, etc.) <\/span><\/li>\n<\/ul>\n<p><span style=\"font-weight: 400;\">Utilizamos los datos recopilados solo para los fines para los cuales obtuvimos sus datos.<\/span><\/p>\n<p><b>Provisi\u00f3n a terceros:<\/b><\/p>\n<p><span style=\"font-weight: 400;\">Podemos suministrar la informaci\u00f3n que nos ha proporcionado a terceros si esto es necesario para la ejecuci\u00f3n de los fines descritos anteriormente.<\/span><\/p>\n<p><span style=\"font-weight: 400;\">Por ejemplo, utilizamos terceras partes especializadas, a quienes subcontratamos para las siguientes tareas:<\/span><\/p>\n<ul>\n<li style=\"font-weight: 400;\"><span style=\"font-weight: 400;\">Cuidado del entorno de Internet (alojamiento de web, sistema en la nube);<\/span><\/li>\n<li style=\"font-weight: 400;\"><span style=\"font-weight: 400;\">Asegurar a nuestros voluntarios;<\/span><\/li>\n<li style=\"font-weight: 400;\"><span style=\"font-weight: 400;\">La provisi\u00f3n (y distribuci\u00f3n) de boletines e invitaciones;<\/span><\/li>\n<li style=\"font-weight: 400;\"><span style=\"font-weight: 400;\">Contabilidad y pagos (reembolsos de gastos).<\/span><\/li>\n<\/ul>\n<p><span style=\"font-weight: 400;\">Con cada una de estas partes procesadores hemos concluido un Acuerdo de Procesador, en el que se han incluido los acuerdos necesarios para garantizar la seguridad y confidencialidad de sus datos personales.<\/span><\/p>\n<p><span style=\"font-weight: 400;\">Adicionalmente, no transmitiremos la informaci\u00f3n que proporcione a terceros, a menos que esto sea legalmente obligatorio.<\/span><\/p>\n<p><span style=\"font-weight: 400;\">Sin embargo, podemos compartir datos personales con terceros si nos da permiso para este fin. Usted tiene el derecho de rechazar este permiso y retirarlo en cualquier momento.<\/span><\/p>\n<p><b>Menores<\/b><\/p>\n<p><span style=\"font-weight: 400;\">Solo procesamos datos personales de menores (personas menores de 16 a\u00f1os) si el\/la padre\/madre o representante legal ha otorgado un permiso por escrito.<\/span><\/p>\n<p><b>Periodo de almacenamiento<\/b><\/p>\n<p><span style=\"font-weight: 400;\">CATAPA <\/span><span style=\"font-weight: 400;\">vzw<\/span><span style=\"font-weight: 400;\"> no almacena datos personales m\u00e1s de lo que sea necesario para el prop\u00f3sito para el cual fue provisto o requerido por la ley. CATAPA <\/span><span style=\"font-weight: 400;\">vzw<\/span><span style=\"font-weight: 400;\"> almacena los datos personales durante un m\u00e1ximo de 5 a\u00f1os despu\u00e9s del \u00faltimo uso, a menos que m\u00e1s tiempo sea requerido para fines legales.<\/span><\/p>\n<p><b>Seguridad de sus datos<\/b><\/p>\n<p><span style=\"font-weight: 400;\">Hemos tomado medidas t\u00e9cnicas y organizativas apropiadas para proteger sus datos personales contra el procesamiento ilegal, entre las cuales se encuentran, a modo de ejemplo, las siguientes:<\/span><\/p>\n<ul>\n<li style=\"font-weight: 400;\"><span style=\"font-weight: 400;\">Todas las personas que pueden acceder a sus datos en nombre de CATAPA <\/span><span style=\"font-weight: 400;\">vzw<\/span><span style=\"font-weight: 400;\"> est\u00e1n obligadas a mantener su confidencialidad. Utilizamos una pol\u00edtica de nombre de usuario y contrase\u00f1a en todos nuestros sistemas;<\/span><\/li>\n<li style=\"font-weight: 400;\"><span style=\"font-weight: 400;\">Aseguramos el cifrado de datos personales, si es que hay motivos para hacerlo;<\/span><\/li>\n<li style=\"font-weight: 400;\"><span style=\"font-weight: 400;\">Nuestros empleados y voluntarios han sido informados sobre la importancia de la protecci\u00f3n de los datos personales.<\/span><\/li>\n<\/ul>\n<p><b>Sus derechos con respecto a sus datos <\/b><\/p>\n<p><span style=\"font-weight: 400;\">Tiene derecho a inspeccionar y derecho a corregir o eliminar los datos personales que hemos recibido de usted. Tambi\u00e9n puede presentar una objeci\u00f3n en contra del procesamiento de sus datos personales (o una parte de ellos) a trav\u00e9s de nosotros o de uno de nuestros procesadores.<\/span><\/p>\n<p><b>En la parte superior de esta declaraci\u00f3n de privacidad est\u00e1 la informaci\u00f3n de c\u00f3mo puede contactarnos para ejercer sus derechos. <\/b><\/p>\n<p><b>Quejas<\/b><\/p>\n<p><span style=\"font-weight: 400;\">Si tiene alguna queja en relaci\u00f3n al procesamiento de sus datos personales o bien sobre el ejercicio de sus derechos, le pedimos que se comunique directamente con nosotros.<\/span><\/p>\n<p><span style=\"font-weight: 400;\">Usted tiene siempre el derecho de presentar una queja ante la Comisi\u00f3n para la Protecci\u00f3n de la Privacidad (CPP), m\u00e1s conocida como la Comisi\u00f3n de Privacidad, que es la autoridad supervisora en el campo de la protecci\u00f3n de la privacidad.<\/span><\/p>\n<p><b>Cambios en la Declaraci\u00f3n de Privacidad<\/b><\/p>\n<p><span style=\"font-weight: 400;\">CATAPA <\/span><span style=\"font-weight: 400;\">vzw<\/span><span style=\"font-weight: 400;\"> puede realizar cambios en su Declaraci\u00f3n de Privacidad. El \u00faltimo cambio tuvo lugar el 20 de mayo de 2018.<\/span>[\/vc_column_text][\/vc_column][\/vc_row][vc_row][vc_column][vc_column_text]<\/p>\n<h1>Informaci\u00f3n sobre las cookies<\/h1>\n<p>Estamos orgullosos de poder compartir con usted informaci\u00f3n detallada sobre las cookies empleadas en esta p\u00e1gina web.[\/vc_column_text][vc_column_text]<\/p>\n<p><a href=\"\/\" data-cli_action=\"accept\" id=\"CONSTANT_OPEN_URL\"  class=\"medium cli-plugin-button cli-plugin-main-button cookie_action_close_header cli_action_button wt-cli-accept-btn\" style=\"display:inline-block; \">Accept<\/a> <a href=\"http:\/\/ec.europa.eu\/ipg\/basics\/legal\/cookies\/index_en.htm\" id=\"CONSTANT_OPEN_URL\" target=\"_blank\"  class=\"medium cli-plugin-button cli-plugin-main-button cookie_action_close_header_reject cli_action_button wt-cli-reject-btn\"  data-cli_action=\"reject\">Reject<\/a>[\/vc_column_text][\/vc_column][\/vc_row]<\/p>\n<\/div>","protected":false},"excerpt":{"rendered":"<p>[vc_row][vc_column][vc_column_text] RGPD &#8211; Declaraci\u00f3n de privacidad [\/vc_column_text][vc_column_text]CATAPA vzw otorga gran importancia a la protecci\u00f3n de sus datos personales (y respeta su privacidad). En esta declaraci\u00f3n de privacidad proporcionaremos informaci\u00f3n clara y transparente sobre c\u00f3mo manejamos<br \/><a class=\"read-more\" href=\"https:\/\/catapa.be\/es\/rgpd-declaracion-de-privacidad-cookies-info\/\">Read More<\/a><\/p>\n","protected":false},"author":3,"featured_media":0,"parent":0,"menu_order":0,"comment_status":"closed","ping_status":"closed","template":"","meta":{"_exactmetrics_skip_tracking":false,"_exactmetrics_sitenote_active":false,"_exactmetrics_sitenote_note":"","_exactmetrics_sitenote_category":0,"jetpack_post_was_ever_published":false,"footnotes":""},"class_list":["post-9795","page","type-page","status-publish","hentry"],"yoast_head":"<!-- This site is optimized with the Yoast SEO plugin v26.8 - https:\/\/yoast.com\/product\/yoast-seo-wordpress\/ -->\n<title>RGPD - Declaraci\u00f3n de privacidad - Cookies Info - CATAPA vzw<\/title>\n<meta name=\"robots\" content=\"index, follow, max-snippet:-1, max-image-preview:large, max-video-preview:-1\" \/>\n<link rel=\"canonical\" href=\"https:\/\/catapa.be\/es\/rgpd-declaracion-de-privacidad-cookies-info\/\" \/>\n<meta property=\"og:locale\" content=\"es_ES\" \/>\n<meta property=\"og:type\" content=\"article\" \/>\n<meta property=\"og:title\" content=\"RGPD - Declaraci\u00f3n de privacidad - Cookies Info - CATAPA vzw\" \/>\n<meta property=\"og:description\" content=\"[vc_row][vc_column][vc_column_text] RGPD &#8211; Declaraci\u00f3n de privacidad [\/vc_column_text][vc_column_text]CATAPA vzw otorga gran importancia a la protecci\u00f3n de sus datos personales (y respeta su privacidad). En esta declaraci\u00f3n de privacidad proporcionaremos informaci\u00f3n clara y transparente sobre c\u00f3mo manejamosRead More\" \/>\n<meta property=\"og:url\" content=\"https:\/\/catapa.be\/es\/rgpd-declaracion-de-privacidad-cookies-info\/\" \/>\n<meta property=\"og:site_name\" content=\"CATAPA vzw\" \/>\n<meta property=\"article:publisher\" content=\"https:\/\/www.facebook.com\/catapa.belgium\/\" \/>\n<meta property=\"article:modified_time\" content=\"2019-02-19T18:42:10+00:00\" \/>\n<meta name=\"twitter:card\" content=\"summary_large_image\" \/>\n<meta name=\"twitter:site\" content=\"@CATAPA_Belgica\" \/>\n<meta name=\"twitter:label1\" content=\"Tiempo de lectura\" \/>\n\t<meta name=\"twitter:data1\" content=\"6 minutes\" \/>\n<script type=\"application\/ld+json\" class=\"yoast-schema-graph\">{\"@context\":\"https:\/\/schema.org\",\"@graph\":[{\"@type\":\"WebPage\",\"@id\":\"https:\/\/catapa.be\/es\/rgpd-declaracion-de-privacidad-cookies-info\/\",\"url\":\"https:\/\/catapa.be\/es\/rgpd-declaracion-de-privacidad-cookies-info\/\",\"name\":\"RGPD - Declaraci\u00f3n de privacidad - Cookies Info - CATAPA vzw\",\"isPartOf\":{\"@id\":\"https:\/\/catapa.be\/es\/#website\"},\"datePublished\":\"2019-02-19T18:42:09+00:00\",\"dateModified\":\"2019-02-19T18:42:10+00:00\",\"breadcrumb\":{\"@id\":\"https:\/\/catapa.be\/es\/rgpd-declaracion-de-privacidad-cookies-info\/#breadcrumb\"},\"inLanguage\":\"es-ES\",\"potentialAction\":[{\"@type\":\"ReadAction\",\"target\":[\"https:\/\/catapa.be\/es\/rgpd-declaracion-de-privacidad-cookies-info\/\"]}]},{\"@type\":\"BreadcrumbList\",\"@id\":\"https:\/\/catapa.be\/es\/rgpd-declaracion-de-privacidad-cookies-info\/#breadcrumb\",\"itemListElement\":[{\"@type\":\"ListItem\",\"position\":1,\"name\":\"Home\",\"item\":\"https:\/\/catapa.be\/es\/\"},{\"@type\":\"ListItem\",\"position\":2,\"name\":\"RGPD &#8211; Declaraci\u00f3n de privacidad &#8211; Cookies Info\"}]},{\"@type\":\"WebSite\",\"@id\":\"https:\/\/catapa.be\/es\/#website\",\"url\":\"https:\/\/catapa.be\/es\/\",\"name\":\"CATAPA vzw\",\"description\":\"Comit\u00e9 Acad\u00e9mico T\u00e9cnico de Asesoramiento a Problemas Ambientales\",\"publisher\":{\"@id\":\"https:\/\/catapa.be\/es\/#organization\"},\"potentialAction\":[{\"@type\":\"SearchAction\",\"target\":{\"@type\":\"EntryPoint\",\"urlTemplate\":\"https:\/\/catapa.be\/es\/?s={search_term_string}\"},\"query-input\":{\"@type\":\"PropertyValueSpecification\",\"valueRequired\":true,\"valueName\":\"search_term_string\"}}],\"inLanguage\":\"es-ES\"},{\"@type\":\"Organization\",\"@id\":\"https:\/\/catapa.be\/es\/#organization\",\"name\":\"CATAPA vzw\",\"url\":\"https:\/\/catapa.be\/es\/\",\"logo\":{\"@type\":\"ImageObject\",\"inLanguage\":\"es-ES\",\"@id\":\"https:\/\/catapa.be\/es\/#\/schema\/logo\/image\/\",\"url\":\"https:\/\/i0.wp.com\/catapa.be\/wp-content\/uploads\/2019\/02\/NEW20LOGO20SHORT20PNG1.png?fit=1259%2C1321&ssl=1\",\"contentUrl\":\"https:\/\/i0.wp.com\/catapa.be\/wp-content\/uploads\/2019\/02\/NEW20LOGO20SHORT20PNG1.png?fit=1259%2C1321&ssl=1\",\"width\":1259,\"height\":1321,\"caption\":\"CATAPA vzw\"},\"image\":{\"@id\":\"https:\/\/catapa.be\/es\/#\/schema\/logo\/image\/\"},\"sameAs\":[\"https:\/\/www.facebook.com\/catapa.belgium\/\",\"https:\/\/x.com\/CATAPA_Belgica\",\"https:\/\/www.instagram.com\/catapa_vzw\/\",\"https:\/\/be.linkedin.com\/company\/catapavzw\",\"https:\/\/www.youtube.com\/channel\/UCE52-Fiyv-Fpqf2gi1qhf1g\"]}]}<\/script>\n<!-- \/ Yoast SEO plugin. -->","yoast_head_json":{"title":"RGPD - Declaraci\u00f3n de privacidad - Cookies Info - CATAPA vzw","robots":{"index":"index","follow":"follow","max-snippet":"max-snippet:-1","max-image-preview":"max-image-preview:large","max-video-preview":"max-video-preview:-1"},"canonical":"https:\/\/catapa.be\/es\/rgpd-declaracion-de-privacidad-cookies-info\/","og_locale":"es_ES","og_type":"article","og_title":"RGPD - Declaraci\u00f3n de privacidad - Cookies Info - CATAPA vzw","og_description":"[vc_row][vc_column][vc_column_text] RGPD &#8211; Declaraci\u00f3n de privacidad [\/vc_column_text][vc_column_text]CATAPA vzw otorga gran importancia a la protecci\u00f3n de sus datos personales (y respeta su privacidad). En esta declaraci\u00f3n de privacidad proporcionaremos informaci\u00f3n clara y transparente sobre c\u00f3mo manejamosRead More","og_url":"https:\/\/catapa.be\/es\/rgpd-declaracion-de-privacidad-cookies-info\/","og_site_name":"CATAPA vzw","article_publisher":"https:\/\/www.facebook.com\/catapa.belgium\/","article_modified_time":"2019-02-19T18:42:10+00:00","twitter_card":"summary_large_image","twitter_site":"@CATAPA_Belgica","twitter_misc":{"Tiempo de lectura":"6 minutes"},"schema":{"@context":"https:\/\/schema.org","@graph":[{"@type":"WebPage","@id":"https:\/\/catapa.be\/es\/rgpd-declaracion-de-privacidad-cookies-info\/","url":"https:\/\/catapa.be\/es\/rgpd-declaracion-de-privacidad-cookies-info\/","name":"RGPD - Declaraci\u00f3n de privacidad - Cookies Info - CATAPA vzw","isPartOf":{"@id":"https:\/\/catapa.be\/es\/#website"},"datePublished":"2019-02-19T18:42:09+00:00","dateModified":"2019-02-19T18:42:10+00:00","breadcrumb":{"@id":"https:\/\/catapa.be\/es\/rgpd-declaracion-de-privacidad-cookies-info\/#breadcrumb"},"inLanguage":"es-ES","potentialAction":[{"@type":"ReadAction","target":["https:\/\/catapa.be\/es\/rgpd-declaracion-de-privacidad-cookies-info\/"]}]},{"@type":"BreadcrumbList","@id":"https:\/\/catapa.be\/es\/rgpd-declaracion-de-privacidad-cookies-info\/#breadcrumb","itemListElement":[{"@type":"ListItem","position":1,"name":"Home","item":"https:\/\/catapa.be\/es\/"},{"@type":"ListItem","position":2,"name":"RGPD &#8211; Declaraci\u00f3n de privacidad &#8211; Cookies Info"}]},{"@type":"WebSite","@id":"https:\/\/catapa.be\/es\/#website","url":"https:\/\/catapa.be\/es\/","name":"CATAPA vzw","description":"Comit\u00e9 Acad\u00e9mico T\u00e9cnico de Asesoramiento a Problemas Ambientales","publisher":{"@id":"https:\/\/catapa.be\/es\/#organization"},"potentialAction":[{"@type":"SearchAction","target":{"@type":"EntryPoint","urlTemplate":"https:\/\/catapa.be\/es\/?s={search_term_string}"},"query-input":{"@type":"PropertyValueSpecification","valueRequired":true,"valueName":"search_term_string"}}],"inLanguage":"es-ES"},{"@type":"Organization","@id":"https:\/\/catapa.be\/es\/#organization","name":"CATAPA vzw","url":"https:\/\/catapa.be\/es\/","logo":{"@type":"ImageObject","inLanguage":"es-ES","@id":"https:\/\/catapa.be\/es\/#\/schema\/logo\/image\/","url":"https:\/\/i0.wp.com\/catapa.be\/wp-content\/uploads\/2019\/02\/NEW20LOGO20SHORT20PNG1.png?fit=1259%2C1321&ssl=1","contentUrl":"https:\/\/i0.wp.com\/catapa.be\/wp-content\/uploads\/2019\/02\/NEW20LOGO20SHORT20PNG1.png?fit=1259%2C1321&ssl=1","width":1259,"height":1321,"caption":"CATAPA vzw"},"image":{"@id":"https:\/\/catapa.be\/es\/#\/schema\/logo\/image\/"},"sameAs":["https:\/\/www.facebook.com\/catapa.belgium\/","https:\/\/x.com\/CATAPA_Belgica","https:\/\/www.instagram.com\/catapa_vzw\/","https:\/\/be.linkedin.com\/company\/catapavzw","https:\/\/www.youtube.com\/channel\/UCE52-Fiyv-Fpqf2gi1qhf1g"]}]}},"jetpack_sharing_enabled":true,"jetpack_likes_enabled":true,"jetpack-related-posts":[{"id":8850,"url":"https:\/\/catapa.be\/es\/mining-in-paradise\/","url_meta":{"origin":9795,"position":0},"title":"Mining in Paradise","author":"admin","date":"10\/01\/2019","format":false,"excerpt":"Mining in Paradise Con la campa\u00f1a Mining in Paradise? (\"\u00bfMiner\u00eda en el para\u00edso?\", 2010) CATAPA apoy\u00f3 a las organizaciones agr\u00edcolas y medioambientales de cuatro provincias en el norte de Per\u00fa, que no quer\u00edan admitir la miner\u00eda en sus regiones. Porque las empresas mineras violan los derechos humanos, interrumpen los planes\u2026","rel":"","context":"Entrada similar","block_context":{"text":"Entrada similar","link":""},"img":{"alt_text":"","src":"","width":0,"height":0},"classes":[]},{"id":33785,"url":"https:\/\/catapa.be\/es\/labor\/campanas\/right-to-say-no\/","url_meta":{"origin":9795,"position":1},"title":"Right To Say No","author":"Estefan\u00eda","date":"19\/07\/2023","format":false,"excerpt":"[vc_row css=\".vc_custom_1689176811223{margin-bottom: -25px !important;border-bottom-width: -25px !important;padding-bottom: -25px !important;}\"][vc_column css=\".vc_custom_1689176990469{margin-top: -150px !important;border-top-width: -150px !important;padding-top: -150px !important;}\"][vc_column_text] \u00bfQu\u00e9 es RTSN? Entendemos el Derecho a Decir No como el derecho inalienable y colectivo de una comunidad a decir No a proyectos extractivos en los territorios que habitan. El Derecho a Decir No se\u2026","rel":"","context":"Entrada similar","block_context":{"text":"Entrada similar","link":""},"img":{"alt_text":"","src":"https:\/\/i0.wp.com\/catapa.be\/wp-content\/uploads\/2023\/02\/WhatsApp-Image-2023-01-18-at-15.52.04-300x200.jpeg?resize=350%2C200&ssl=1","width":350,"height":200},"classes":[]},{"id":2966,"url":"https:\/\/catapa.be\/es\/actua-ahora\/hazte-voluntario-a\/","url_meta":{"origin":9795,"position":2},"title":"Hazte voluntario\/a","author":"Alienor de Sas","date":"20\/05\/2018","format":false,"excerpt":"[vc_row equal_height=\"yes\"][vc_column css_animation=\"none\"][vc_cta h2=\"Siendo voluntario\/a...\" h4=\"...puedes ser parte de CATAPA de una forma significativa y concreta. Te animamos a buscar y encontrar algo que tenga que ver con tus intereses personales y capacidades, y, as\u00ed, podr\u00e1s formar parte de ese cambio que el medio ambiente y las personas necesitan.\" style=\"custom\"\u2026","rel":"","context":"Entrada similar","block_context":{"text":"Entrada similar","link":""},"img":{"alt_text":"","src":"","width":0,"height":0},"classes":[]},{"id":33964,"url":"https:\/\/catapa.be\/es\/labor\/campanas\/right-to-say-no\/encuentro-por-el-derecho-a-decir-no-en-la-region-de-los-andes\/","url_meta":{"origin":9795,"position":3},"title":"Encuentro por el Derecho a Decir No en la Regi\u00f3n de los Andes","author":"Simon Berlo","date":"07\/08\/2023","format":false,"excerpt":"[vc_section][vc_row css=\".vc_custom_1690880892961{margin-top: 0px !important;margin-bottom: 0px !important;border-top-width: 0px !important;border-bottom-width: 0px !important;padding-top: 0px !important;padding-bottom: 0px !important;}\"][vc_column css=\".vc_custom_1690880879850{margin-top: 0px !important;margin-bottom: 0px !important;border-top-width: 0px !important;border-bottom-width: 0px !important;padding-top: 0px !important;padding-bottom: 0px !important;}\"][vc_column_text] Conocimientos compartidos y solidaridad en las luchas contra la miner\u00eda [\/vc_column_text][vc_column_text]Cada cuatro a\u00f1os, las organizaciones socias de CATAPA se re\u00fanen en el territorio\u2026","rel":"","context":"Entrada similar","block_context":{"text":"Entrada similar","link":""},"img":{"alt_text":"","src":"","width":0,"height":0},"classes":[]},{"id":8441,"url":"https:\/\/catapa.be\/es\/casos\/romania\/","url_meta":{"origin":9795,"position":4},"title":"Ruman\u00eda","author":"admin","date":"23\/05\/2018","format":false,"excerpt":"[vc_row][vc_column][vc_cta h2=\"En el a\u00f1o 2000, Rosia Montana Gold Corporation declar\u00f3 tener la intenci\u00f3n de abrir la mina a cielo abierto m\u00e1s grande de Europa\" h4=\"en Rosia Montana, un pueblo de Transilvania en los Montes Apuseni. Para ejecutar este proyecto, la empresa quer\u00eda destruir 4 monta\u00f1as, reubicar 2064 propiedades privadas, derribar\u2026","rel":"","context":"Entrada similar","block_context":{"text":"Entrada similar","link":""},"img":{"alt_text":"","src":"https:\/\/i0.wp.com\/catapa.be\/wp-content\/uploads\/2018\/08\/logo-salvati-rosia-montana_0-266x300.jpg?resize=350%2C200","width":350,"height":200},"classes":[]},{"id":3065,"url":"https:\/\/catapa.be\/es\/investigacion-mineria\/todo-sobre-mineria\/","url_meta":{"origin":9795,"position":5},"title":"Todo sobre miner\u00eda","author":"Alienor de Sas","date":"20\/05\/2018","format":false,"excerpt":"[vc_row full_width=\"stretch_row\" content_placement=\"middle\"][vc_column][vc_cta h2=\"Existe una ambici\u00f3n ilimitada por las materias primas en un planeta que est\u00e1 f\u00edsicamente limitado.\" h4=\"El problema de la explotaci\u00f3n de materias primas ser\u00e1 la prioridad en la agenda internacional durante las pr\u00f3ximas d\u00e9cadas, puesto que juega un papel crucial en cuanto al cambio clim\u00e1tico y en\u2026","rel":"","context":"Entrada similar","block_context":{"text":"Entrada similar","link":""},"img":{"alt_text":"","src":"","width":0,"height":0},"classes":[]}],"_links":{"self":[{"href":"https:\/\/catapa.be\/es\/wp-json\/wp\/v2\/pages\/9795","targetHints":{"allow":["GET"]}}],"collection":[{"href":"https:\/\/catapa.be\/es\/wp-json\/wp\/v2\/pages"}],"about":[{"href":"https:\/\/catapa.be\/es\/wp-json\/wp\/v2\/types\/page"}],"author":[{"embeddable":true,"href":"https:\/\/catapa.be\/es\/wp-json\/wp\/v2\/users\/3"}],"replies":[{"embeddable":true,"href":"https:\/\/catapa.be\/es\/wp-json\/wp\/v2\/comments?post=9795"}],"version-history":[{"count":1,"href":"https:\/\/catapa.be\/es\/wp-json\/wp\/v2\/pages\/9795\/revisions"}],"predecessor-version":[{"id":9796,"href":"https:\/\/catapa.be\/es\/wp-json\/wp\/v2\/pages\/9795\/revisions\/9796"}],"wp:attachment":[{"href":"https:\/\/catapa.be\/es\/wp-json\/wp\/v2\/media?parent=9795"}],"curies":[{"name":"wp","href":"https:\/\/api.w.org\/{rel}","templated":true}]}}