{"id":9875,"date":"2019-02-21T13:26:43","date_gmt":"2019-02-21T12:26:43","guid":{"rendered":"https:\/\/catapa.be\/actividades\/"},"modified":"2023-09-01T13:20:22","modified_gmt":"2023-09-01T11:20:22","slug":"actividades","status":"publish","type":"page","link":"https:\/\/catapa.be\/es\/actividades\/","title":{"rendered":"Actividades"},"content":{"rendered":"<div class=\"wpb-content-wrapper\"><p>[vc_row][vc_column][vc_column_text][events per_page=&#8221;12&#8243; show_event_types=&#8221;false&#8221; show_categories=&#8221;false&#8221;][\/vc_column_text][\/vc_column][\/vc_row]<\/p>\n<\/div>","protected":false},"excerpt":{"rendered":"<p>[vc_row][vc_column][vc_column_text][events per_page=&#8221;12&#8243; show_event_types=&#8221;false&#8221; show_categories=&#8221;false&#8221;][\/vc_column_text][\/vc_column][\/vc_row]<\/p>\n","protected":false},"author":1,"featured_media":0,"parent":0,"menu_order":0,"comment_status":"closed","ping_status":"closed","template":"","meta":{"_exactmetrics_skip_tracking":false,"_exactmetrics_sitenote_active":false,"_exactmetrics_sitenote_note":"","_exactmetrics_sitenote_category":0,"jetpack_post_was_ever_published":false,"footnotes":""},"class_list":["post-9875","page","type-page","status-publish","hentry"],"yoast_head":"<!-- This site is optimized with the Yoast SEO plugin v26.8 - https:\/\/yoast.com\/product\/yoast-seo-wordpress\/ -->\n<title>Actividades - CATAPA vzw<\/title>\n<meta name=\"robots\" content=\"index, follow, max-snippet:-1, max-image-preview:large, max-video-preview:-1\" \/>\n<link rel=\"canonical\" href=\"https:\/\/catapa.be\/es\/actividades\/\" \/>\n<meta property=\"og:locale\" content=\"es_ES\" \/>\n<meta property=\"og:type\" content=\"article\" \/>\n<meta property=\"og:title\" content=\"Actividades - CATAPA vzw\" \/>\n<meta property=\"og:description\" content=\"[vc_row][vc_column][vc_column_text][events per_page=&#8221;12&#8243; show_event_types=&#8221;false&#8221; show_categories=&#8221;false&#8221;][\/vc_column_text][\/vc_column][\/vc_row]\" \/>\n<meta property=\"og:url\" content=\"https:\/\/catapa.be\/es\/actividades\/\" \/>\n<meta property=\"og:site_name\" content=\"CATAPA vzw\" \/>\n<meta property=\"article:publisher\" content=\"https:\/\/www.facebook.com\/catapa.belgium\/\" \/>\n<meta property=\"article:modified_time\" content=\"2023-09-01T11:20:22+00:00\" \/>\n<meta name=\"twitter:card\" content=\"summary_large_image\" \/>\n<meta name=\"twitter:site\" content=\"@CATAPA_Belgica\" \/>\n<script type=\"application\/ld+json\" class=\"yoast-schema-graph\">{\"@context\":\"https:\/\/schema.org\",\"@graph\":[{\"@type\":\"WebPage\",\"@id\":\"https:\/\/catapa.be\/es\/actividades\/\",\"url\":\"https:\/\/catapa.be\/es\/actividades\/\",\"name\":\"Actividades - CATAPA vzw\",\"isPartOf\":{\"@id\":\"https:\/\/catapa.be\/es\/#website\"},\"datePublished\":\"2019-02-21T12:26:43+00:00\",\"dateModified\":\"2023-09-01T11:20:22+00:00\",\"breadcrumb\":{\"@id\":\"https:\/\/catapa.be\/es\/actividades\/#breadcrumb\"},\"inLanguage\":\"es-ES\",\"potentialAction\":[{\"@type\":\"ReadAction\",\"target\":[\"https:\/\/catapa.be\/es\/actividades\/\"]}]},{\"@type\":\"BreadcrumbList\",\"@id\":\"https:\/\/catapa.be\/es\/actividades\/#breadcrumb\",\"itemListElement\":[{\"@type\":\"ListItem\",\"position\":1,\"name\":\"Home\",\"item\":\"https:\/\/catapa.be\/es\/\"},{\"@type\":\"ListItem\",\"position\":2,\"name\":\"Actividades\"}]},{\"@type\":\"WebSite\",\"@id\":\"https:\/\/catapa.be\/es\/#website\",\"url\":\"https:\/\/catapa.be\/es\/\",\"name\":\"CATAPA vzw\",\"description\":\"Comit\u00e9 Acad\u00e9mico T\u00e9cnico de Asesoramiento a Problemas Ambientales\",\"publisher\":{\"@id\":\"https:\/\/catapa.be\/es\/#organization\"},\"potentialAction\":[{\"@type\":\"SearchAction\",\"target\":{\"@type\":\"EntryPoint\",\"urlTemplate\":\"https:\/\/catapa.be\/es\/?s={search_term_string}\"},\"query-input\":{\"@type\":\"PropertyValueSpecification\",\"valueRequired\":true,\"valueName\":\"search_term_string\"}}],\"inLanguage\":\"es-ES\"},{\"@type\":\"Organization\",\"@id\":\"https:\/\/catapa.be\/es\/#organization\",\"name\":\"CATAPA vzw\",\"url\":\"https:\/\/catapa.be\/es\/\",\"logo\":{\"@type\":\"ImageObject\",\"inLanguage\":\"es-ES\",\"@id\":\"https:\/\/catapa.be\/es\/#\/schema\/logo\/image\/\",\"url\":\"https:\/\/i0.wp.com\/catapa.be\/wp-content\/uploads\/2019\/02\/NEW20LOGO20SHORT20PNG1.png?fit=1259%2C1321&ssl=1\",\"contentUrl\":\"https:\/\/i0.wp.com\/catapa.be\/wp-content\/uploads\/2019\/02\/NEW20LOGO20SHORT20PNG1.png?fit=1259%2C1321&ssl=1\",\"width\":1259,\"height\":1321,\"caption\":\"CATAPA vzw\"},\"image\":{\"@id\":\"https:\/\/catapa.be\/es\/#\/schema\/logo\/image\/\"},\"sameAs\":[\"https:\/\/www.facebook.com\/catapa.belgium\/\",\"https:\/\/x.com\/CATAPA_Belgica\",\"https:\/\/www.instagram.com\/catapa_vzw\/\",\"https:\/\/be.linkedin.com\/company\/catapavzw\",\"https:\/\/www.youtube.com\/channel\/UCE52-Fiyv-Fpqf2gi1qhf1g\"]}]}<\/script>\n<!-- \/ Yoast SEO plugin. -->","yoast_head_json":{"title":"Actividades - CATAPA vzw","robots":{"index":"index","follow":"follow","max-snippet":"max-snippet:-1","max-image-preview":"max-image-preview:large","max-video-preview":"max-video-preview:-1"},"canonical":"https:\/\/catapa.be\/es\/actividades\/","og_locale":"es_ES","og_type":"article","og_title":"Actividades - CATAPA vzw","og_description":"[vc_row][vc_column][vc_column_text][events per_page=&#8221;12&#8243; show_event_types=&#8221;false&#8221; show_categories=&#8221;false&#8221;][\/vc_column_text][\/vc_column][\/vc_row]","og_url":"https:\/\/catapa.be\/es\/actividades\/","og_site_name":"CATAPA vzw","article_publisher":"https:\/\/www.facebook.com\/catapa.belgium\/","article_modified_time":"2023-09-01T11:20:22+00:00","twitter_card":"summary_large_image","twitter_site":"@CATAPA_Belgica","schema":{"@context":"https:\/\/schema.org","@graph":[{"@type":"WebPage","@id":"https:\/\/catapa.be\/es\/actividades\/","url":"https:\/\/catapa.be\/es\/actividades\/","name":"Actividades - CATAPA vzw","isPartOf":{"@id":"https:\/\/catapa.be\/es\/#website"},"datePublished":"2019-02-21T12:26:43+00:00","dateModified":"2023-09-01T11:20:22+00:00","breadcrumb":{"@id":"https:\/\/catapa.be\/es\/actividades\/#breadcrumb"},"inLanguage":"es-ES","potentialAction":[{"@type":"ReadAction","target":["https:\/\/catapa.be\/es\/actividades\/"]}]},{"@type":"BreadcrumbList","@id":"https:\/\/catapa.be\/es\/actividades\/#breadcrumb","itemListElement":[{"@type":"ListItem","position":1,"name":"Home","item":"https:\/\/catapa.be\/es\/"},{"@type":"ListItem","position":2,"name":"Actividades"}]},{"@type":"WebSite","@id":"https:\/\/catapa.be\/es\/#website","url":"https:\/\/catapa.be\/es\/","name":"CATAPA vzw","description":"Comit\u00e9 Acad\u00e9mico T\u00e9cnico de Asesoramiento a Problemas Ambientales","publisher":{"@id":"https:\/\/catapa.be\/es\/#organization"},"potentialAction":[{"@type":"SearchAction","target":{"@type":"EntryPoint","urlTemplate":"https:\/\/catapa.be\/es\/?s={search_term_string}"},"query-input":{"@type":"PropertyValueSpecification","valueRequired":true,"valueName":"search_term_string"}}],"inLanguage":"es-ES"},{"@type":"Organization","@id":"https:\/\/catapa.be\/es\/#organization","name":"CATAPA vzw","url":"https:\/\/catapa.be\/es\/","logo":{"@type":"ImageObject","inLanguage":"es-ES","@id":"https:\/\/catapa.be\/es\/#\/schema\/logo\/image\/","url":"https:\/\/i0.wp.com\/catapa.be\/wp-content\/uploads\/2019\/02\/NEW20LOGO20SHORT20PNG1.png?fit=1259%2C1321&ssl=1","contentUrl":"https:\/\/i0.wp.com\/catapa.be\/wp-content\/uploads\/2019\/02\/NEW20LOGO20SHORT20PNG1.png?fit=1259%2C1321&ssl=1","width":1259,"height":1321,"caption":"CATAPA vzw"},"image":{"@id":"https:\/\/catapa.be\/es\/#\/schema\/logo\/image\/"},"sameAs":["https:\/\/www.facebook.com\/catapa.belgium\/","https:\/\/x.com\/CATAPA_Belgica","https:\/\/www.instagram.com\/catapa_vzw\/","https:\/\/be.linkedin.com\/company\/catapavzw","https:\/\/www.youtube.com\/channel\/UCE52-Fiyv-Fpqf2gi1qhf1g"]}]}},"jetpack_sharing_enabled":false,"jetpack_likes_enabled":false,"jetpack-related-posts":[{"id":9872,"url":"https:\/\/catapa.be\/en\/activities\/","url_meta":{"origin":9875,"position":0},"title":"Activities","author":"admin","date":"21\/02\/2019","format":false,"excerpt":"[events per_page=\"12\" show_event_types=\"false\" show_categories=\"false\"]","rel":"","context":"Entrada similar","block_context":{"text":"Entrada similar","link":""},"img":{"alt_text":"","src":"","width":0,"height":0},"classes":[]},{"id":34094,"url":"https:\/\/catapa.be\/en\/events\/","url_meta":{"origin":9875,"position":1},"title":"Events","author":"Simon Berlo","date":"01\/09\/2023","format":false,"excerpt":"CONTENTS","rel":"","context":"Entrada similar","block_context":{"text":"Entrada similar","link":""},"img":{"alt_text":"","src":"","width":0,"height":0},"classes":[]},{"id":34104,"url":"https:\/\/catapa.be\/es\/eventos\/","url_meta":{"origin":9875,"position":2},"title":"Eventos","author":"Simon Berlo","date":"01\/09\/2023","format":false,"excerpt":"CONTENTS","rel":"","context":"Entrada similar","block_context":{"text":"Entrada similar","link":""},"img":{"alt_text":"","src":"","width":0,"height":0},"classes":[]},{"id":3007,"url":"https:\/\/catapa.be\/es\/","url_meta":{"origin":9875,"position":3},"title":"Home","author":"Alienor de Sas","date":"20\/05\/2011","format":false,"excerpt":"[vc_row][vc_column][vc_column_text css=\".vc_custom_1550249085836{margin-top: 0px !important;margin-bottom: 0px !important;border-top-width: 0px !important;border-bottom-width: 0px !important;padding-top: 0px !important;padding-bottom: 0px !important;}\"] \u00daltimos art\u00edculos \/ Visita el blog [\/vc_column_text][vc_basic_grid post_type=\"post\" max_items=\"4\" element_width=\"3\" gap=\"15\" item=\"7496\" grid_id=\"vc_gid:1693567007909-e169daf3-b9f0-0\" css=\".vc_custom_1551197336803{margin-top: 0px !important;margin-bottom: 0px !important;border-top-width: 0px !important;border-bottom-width: 0px !important;padding-top: 0px !important;padding-bottom: 0px !important;}\" exclude=\"9207, 9206, 9196, 9224, 7595, 7585\"][vc_wp_text][events per_page=\"3\" show_event_types=\"false\" show_categories=\"false\" show_filters=\"false\"][\/vc_wp_text][\/vc_column][\/vc_row][vc_row\u2026","rel":"","context":"Entrada similar","block_context":{"text":"Entrada similar","link":""},"img":{"alt_text":"","src":"","width":0,"height":0},"classes":[]},{"id":2871,"url":"https:\/\/catapa.be\/en\/cases\/spain\/","url_meta":{"origin":9875,"position":4},"title":"Spain","author":"Alienor de Sas","date":"23\/05\/2018","format":false,"excerpt":"[vc_row][vc_column][vc_cta h2=\"The largest as-of-yet unexploited gold mine of Western Europe is situated in a village with fewer than 4.000 inhabitants: Tapia de Casariego.\" h4=\"This small coastal town is part of Asturias, an autonomous region in the northwest of Spain with a population of just over one million inhabitants. It lives\u2026","rel":"","context":"Entrada similar","block_context":{"text":"Entrada similar","link":""},"img":{"alt_text":"","src":"https:\/\/i0.wp.com\/catapa.be\/sites\/default\/files\/wysiwyg\/users\/user468\/image2.jpg?resize=350%2C200","width":350,"height":200},"classes":[]}],"_links":{"self":[{"href":"https:\/\/catapa.be\/es\/wp-json\/wp\/v2\/pages\/9875","targetHints":{"allow":["GET"]}}],"collection":[{"href":"https:\/\/catapa.be\/es\/wp-json\/wp\/v2\/pages"}],"about":[{"href":"https:\/\/catapa.be\/es\/wp-json\/wp\/v2\/types\/page"}],"author":[{"embeddable":true,"href":"https:\/\/catapa.be\/es\/wp-json\/wp\/v2\/users\/1"}],"replies":[{"embeddable":true,"href":"https:\/\/catapa.be\/es\/wp-json\/wp\/v2\/comments?post=9875"}],"version-history":[{"count":6,"href":"https:\/\/catapa.be\/es\/wp-json\/wp\/v2\/pages\/9875\/revisions"}],"predecessor-version":[{"id":34125,"href":"https:\/\/catapa.be\/es\/wp-json\/wp\/v2\/pages\/9875\/revisions\/34125"}],"wp:attachment":[{"href":"https:\/\/catapa.be\/es\/wp-json\/wp\/v2\/media?parent=9875"}],"curies":[{"name":"wp","href":"https:\/\/api.w.org\/{rel}","templated":true}]}}