{"id":10030,"date":"2018-06-25T17:33:55","date_gmt":"2018-06-25T15:33:55","guid":{"rendered":"https:\/\/catapa.be\/welkom-bij-catapa-de-sociale-beweging-die-de-impact-van-mijnbouw-aan-de-kaak-stelt\/"},"modified":"2019-02-25T14:35:34","modified_gmt":"2019-02-25T13:35:34","slug":"welkom-bij-catapa-de-sociale-beweging-die-de-impact-van-mijnbouw-aan-de-kaak-stelt","status":"publish","type":"page","link":"https:\/\/catapa.be\/nl\/welkom-bij-catapa-de-sociale-beweging-die-de-impact-van-mijnbouw-aan-de-kaak-stelt\/","title":{"rendered":"Welkom bij CATAPA, de sociale beweging die de impact van mijnbouw aan de kaak stelt"},"content":{"rendered":"","protected":false},"excerpt":{"rendered":"","protected":false},"author":2,"featured_media":7348,"parent":0,"menu_order":0,"comment_status":"closed","ping_status":"closed","template":"","meta":{"_exactmetrics_skip_tracking":false,"_exactmetrics_sitenote_active":false,"_exactmetrics_sitenote_note":"","_exactmetrics_sitenote_category":0,"jetpack_post_was_ever_published":false,"footnotes":""},"class_list":["post-10030","page","type-page","status-publish","has-post-thumbnail","hentry"],"yoast_head":"<!-- This site is optimized with the Yoast SEO plugin v26.8 - https:\/\/yoast.com\/product\/yoast-seo-wordpress\/ -->\n<title>Welkom bij CATAPA, de sociale beweging die de impact van mijnbouw aan de kaak stelt - CATAPA vzw<\/title>\n<meta name=\"robots\" content=\"index, follow, max-snippet:-1, max-image-preview:large, max-video-preview:-1\" \/>\n<link rel=\"canonical\" href=\"https:\/\/catapa.be\/nl\/welkom-bij-catapa-de-sociale-beweging-die-de-impact-van-mijnbouw-aan-de-kaak-stelt\/\" \/>\n<meta property=\"og:locale\" content=\"nl_NL\" \/>\n<meta property=\"og:type\" content=\"article\" \/>\n<meta property=\"og:title\" content=\"Welkom bij CATAPA, de sociale beweging die de impact van mijnbouw aan de kaak stelt - CATAPA vzw\" \/>\n<meta property=\"og:url\" content=\"https:\/\/catapa.be\/nl\/welkom-bij-catapa-de-sociale-beweging-die-de-impact-van-mijnbouw-aan-de-kaak-stelt\/\" \/>\n<meta property=\"og:site_name\" content=\"CATAPA vzw\" \/>\n<meta property=\"article:publisher\" content=\"https:\/\/www.facebook.com\/catapa.belgium\/\" \/>\n<meta property=\"article:modified_time\" content=\"2019-02-25T13:35:34+00:00\" \/>\n<meta property=\"og:image\" content=\"https:\/\/catapa.be\/wp-content\/uploads\/2018\/08\/shutterstock_56178061-2.jpg\" \/>\n\t<meta property=\"og:image:width\" content=\"1920\" \/>\n\t<meta property=\"og:image:height\" content=\"900\" \/>\n\t<meta property=\"og:image:type\" content=\"image\/jpeg\" \/>\n<meta name=\"twitter:card\" content=\"summary_large_image\" \/>\n<meta name=\"twitter:site\" content=\"@CATAPA_Belgica\" \/>\n<script type=\"application\/ld+json\" class=\"yoast-schema-graph\">{\"@context\":\"https:\/\/schema.org\",\"@graph\":[{\"@type\":\"WebPage\",\"@id\":\"https:\/\/catapa.be\/nl\/welkom-bij-catapa-de-sociale-beweging-die-de-impact-van-mijnbouw-aan-de-kaak-stelt\/\",\"url\":\"https:\/\/catapa.be\/nl\/welkom-bij-catapa-de-sociale-beweging-die-de-impact-van-mijnbouw-aan-de-kaak-stelt\/\",\"name\":\"Welkom bij CATAPA, de sociale beweging die de impact van mijnbouw aan de kaak stelt - CATAPA vzw\",\"isPartOf\":{\"@id\":\"https:\/\/catapa.be\/nl\/#website\"},\"primaryImageOfPage\":{\"@id\":\"https:\/\/catapa.be\/nl\/welkom-bij-catapa-de-sociale-beweging-die-de-impact-van-mijnbouw-aan-de-kaak-stelt\/#primaryimage\"},\"image\":{\"@id\":\"https:\/\/catapa.be\/nl\/welkom-bij-catapa-de-sociale-beweging-die-de-impact-van-mijnbouw-aan-de-kaak-stelt\/#primaryimage\"},\"thumbnailUrl\":\"https:\/\/i0.wp.com\/catapa.be\/wp-content\/uploads\/2018\/08\/shutterstock_56178061-2.jpg?fit=1920%2C900&ssl=1\",\"datePublished\":\"2018-06-25T15:33:55+00:00\",\"dateModified\":\"2019-02-25T13:35:34+00:00\",\"breadcrumb\":{\"@id\":\"https:\/\/catapa.be\/nl\/welkom-bij-catapa-de-sociale-beweging-die-de-impact-van-mijnbouw-aan-de-kaak-stelt\/#breadcrumb\"},\"inLanguage\":\"nl-NL\",\"potentialAction\":[{\"@type\":\"ReadAction\",\"target\":[\"https:\/\/catapa.be\/nl\/welkom-bij-catapa-de-sociale-beweging-die-de-impact-van-mijnbouw-aan-de-kaak-stelt\/\"]}]},{\"@type\":\"ImageObject\",\"inLanguage\":\"nl-NL\",\"@id\":\"https:\/\/catapa.be\/nl\/welkom-bij-catapa-de-sociale-beweging-die-de-impact-van-mijnbouw-aan-de-kaak-stelt\/#primaryimage\",\"url\":\"https:\/\/i0.wp.com\/catapa.be\/wp-content\/uploads\/2018\/08\/shutterstock_56178061-2.jpg?fit=1920%2C900&ssl=1\",\"contentUrl\":\"https:\/\/i0.wp.com\/catapa.be\/wp-content\/uploads\/2018\/08\/shutterstock_56178061-2.jpg?fit=1920%2C900&ssl=1\",\"width\":1920,\"height\":900},{\"@type\":\"BreadcrumbList\",\"@id\":\"https:\/\/catapa.be\/nl\/welkom-bij-catapa-de-sociale-beweging-die-de-impact-van-mijnbouw-aan-de-kaak-stelt\/#breadcrumb\",\"itemListElement\":[{\"@type\":\"ListItem\",\"position\":1,\"name\":\"Home\",\"item\":\"https:\/\/catapa.be\/nl\/\"},{\"@type\":\"ListItem\",\"position\":2,\"name\":\"Welkom bij CATAPA, de sociale beweging die de impact van mijnbouw aan de kaak stelt\"}]},{\"@type\":\"WebSite\",\"@id\":\"https:\/\/catapa.be\/nl\/#website\",\"url\":\"https:\/\/catapa.be\/nl\/\",\"name\":\"CATAPA vzw\",\"description\":\"Comit\u00e9 Acad\u00e9mico T\u00e9cnico de Asesoramiento a Problemas Ambientales\",\"publisher\":{\"@id\":\"https:\/\/catapa.be\/nl\/#organization\"},\"potentialAction\":[{\"@type\":\"SearchAction\",\"target\":{\"@type\":\"EntryPoint\",\"urlTemplate\":\"https:\/\/catapa.be\/nl\/?s={search_term_string}\"},\"query-input\":{\"@type\":\"PropertyValueSpecification\",\"valueRequired\":true,\"valueName\":\"search_term_string\"}}],\"inLanguage\":\"nl-NL\"},{\"@type\":\"Organization\",\"@id\":\"https:\/\/catapa.be\/nl\/#organization\",\"name\":\"CATAPA vzw\",\"url\":\"https:\/\/catapa.be\/nl\/\",\"logo\":{\"@type\":\"ImageObject\",\"inLanguage\":\"nl-NL\",\"@id\":\"https:\/\/catapa.be\/nl\/#\/schema\/logo\/image\/\",\"url\":\"https:\/\/i0.wp.com\/catapa.be\/wp-content\/uploads\/2019\/02\/NEW20LOGO20SHORT20PNG1.png?fit=1259%2C1321&ssl=1\",\"contentUrl\":\"https:\/\/i0.wp.com\/catapa.be\/wp-content\/uploads\/2019\/02\/NEW20LOGO20SHORT20PNG1.png?fit=1259%2C1321&ssl=1\",\"width\":1259,\"height\":1321,\"caption\":\"CATAPA vzw\"},\"image\":{\"@id\":\"https:\/\/catapa.be\/nl\/#\/schema\/logo\/image\/\"},\"sameAs\":[\"https:\/\/www.facebook.com\/catapa.belgium\/\",\"https:\/\/x.com\/CATAPA_Belgica\",\"https:\/\/www.instagram.com\/catapa_vzw\/\",\"https:\/\/be.linkedin.com\/company\/catapavzw\",\"https:\/\/www.youtube.com\/channel\/UCE52-Fiyv-Fpqf2gi1qhf1g\"]}]}<\/script>\n<!-- \/ Yoast SEO plugin. -->","yoast_head_json":{"title":"Welkom bij CATAPA, de sociale beweging die de impact van mijnbouw aan de kaak stelt - CATAPA vzw","robots":{"index":"index","follow":"follow","max-snippet":"max-snippet:-1","max-image-preview":"max-image-preview:large","max-video-preview":"max-video-preview:-1"},"canonical":"https:\/\/catapa.be\/nl\/welkom-bij-catapa-de-sociale-beweging-die-de-impact-van-mijnbouw-aan-de-kaak-stelt\/","og_locale":"nl_NL","og_type":"article","og_title":"Welkom bij CATAPA, de sociale beweging die de impact van mijnbouw aan de kaak stelt - CATAPA vzw","og_url":"https:\/\/catapa.be\/nl\/welkom-bij-catapa-de-sociale-beweging-die-de-impact-van-mijnbouw-aan-de-kaak-stelt\/","og_site_name":"CATAPA vzw","article_publisher":"https:\/\/www.facebook.com\/catapa.belgium\/","article_modified_time":"2019-02-25T13:35:34+00:00","og_image":[{"width":1920,"height":900,"url":"https:\/\/catapa.be\/wp-content\/uploads\/2018\/08\/shutterstock_56178061-2.jpg","type":"image\/jpeg"}],"twitter_card":"summary_large_image","twitter_site":"@CATAPA_Belgica","schema":{"@context":"https:\/\/schema.org","@graph":[{"@type":"WebPage","@id":"https:\/\/catapa.be\/nl\/welkom-bij-catapa-de-sociale-beweging-die-de-impact-van-mijnbouw-aan-de-kaak-stelt\/","url":"https:\/\/catapa.be\/nl\/welkom-bij-catapa-de-sociale-beweging-die-de-impact-van-mijnbouw-aan-de-kaak-stelt\/","name":"Welkom bij CATAPA, de sociale beweging die de impact van mijnbouw aan de kaak stelt - CATAPA vzw","isPartOf":{"@id":"https:\/\/catapa.be\/nl\/#website"},"primaryImageOfPage":{"@id":"https:\/\/catapa.be\/nl\/welkom-bij-catapa-de-sociale-beweging-die-de-impact-van-mijnbouw-aan-de-kaak-stelt\/#primaryimage"},"image":{"@id":"https:\/\/catapa.be\/nl\/welkom-bij-catapa-de-sociale-beweging-die-de-impact-van-mijnbouw-aan-de-kaak-stelt\/#primaryimage"},"thumbnailUrl":"https:\/\/i0.wp.com\/catapa.be\/wp-content\/uploads\/2018\/08\/shutterstock_56178061-2.jpg?fit=1920%2C900&ssl=1","datePublished":"2018-06-25T15:33:55+00:00","dateModified":"2019-02-25T13:35:34+00:00","breadcrumb":{"@id":"https:\/\/catapa.be\/nl\/welkom-bij-catapa-de-sociale-beweging-die-de-impact-van-mijnbouw-aan-de-kaak-stelt\/#breadcrumb"},"inLanguage":"nl-NL","potentialAction":[{"@type":"ReadAction","target":["https:\/\/catapa.be\/nl\/welkom-bij-catapa-de-sociale-beweging-die-de-impact-van-mijnbouw-aan-de-kaak-stelt\/"]}]},{"@type":"ImageObject","inLanguage":"nl-NL","@id":"https:\/\/catapa.be\/nl\/welkom-bij-catapa-de-sociale-beweging-die-de-impact-van-mijnbouw-aan-de-kaak-stelt\/#primaryimage","url":"https:\/\/i0.wp.com\/catapa.be\/wp-content\/uploads\/2018\/08\/shutterstock_56178061-2.jpg?fit=1920%2C900&ssl=1","contentUrl":"https:\/\/i0.wp.com\/catapa.be\/wp-content\/uploads\/2018\/08\/shutterstock_56178061-2.jpg?fit=1920%2C900&ssl=1","width":1920,"height":900},{"@type":"BreadcrumbList","@id":"https:\/\/catapa.be\/nl\/welkom-bij-catapa-de-sociale-beweging-die-de-impact-van-mijnbouw-aan-de-kaak-stelt\/#breadcrumb","itemListElement":[{"@type":"ListItem","position":1,"name":"Home","item":"https:\/\/catapa.be\/nl\/"},{"@type":"ListItem","position":2,"name":"Welkom bij CATAPA, de sociale beweging die de impact van mijnbouw aan de kaak stelt"}]},{"@type":"WebSite","@id":"https:\/\/catapa.be\/nl\/#website","url":"https:\/\/catapa.be\/nl\/","name":"CATAPA vzw","description":"Comit\u00e9 Acad\u00e9mico T\u00e9cnico de Asesoramiento a Problemas Ambientales","publisher":{"@id":"https:\/\/catapa.be\/nl\/#organization"},"potentialAction":[{"@type":"SearchAction","target":{"@type":"EntryPoint","urlTemplate":"https:\/\/catapa.be\/nl\/?s={search_term_string}"},"query-input":{"@type":"PropertyValueSpecification","valueRequired":true,"valueName":"search_term_string"}}],"inLanguage":"nl-NL"},{"@type":"Organization","@id":"https:\/\/catapa.be\/nl\/#organization","name":"CATAPA vzw","url":"https:\/\/catapa.be\/nl\/","logo":{"@type":"ImageObject","inLanguage":"nl-NL","@id":"https:\/\/catapa.be\/nl\/#\/schema\/logo\/image\/","url":"https:\/\/i0.wp.com\/catapa.be\/wp-content\/uploads\/2019\/02\/NEW20LOGO20SHORT20PNG1.png?fit=1259%2C1321&ssl=1","contentUrl":"https:\/\/i0.wp.com\/catapa.be\/wp-content\/uploads\/2019\/02\/NEW20LOGO20SHORT20PNG1.png?fit=1259%2C1321&ssl=1","width":1259,"height":1321,"caption":"CATAPA vzw"},"image":{"@id":"https:\/\/catapa.be\/nl\/#\/schema\/logo\/image\/"},"sameAs":["https:\/\/www.facebook.com\/catapa.belgium\/","https:\/\/x.com\/CATAPA_Belgica","https:\/\/www.instagram.com\/catapa_vzw\/","https:\/\/be.linkedin.com\/company\/catapavzw","https:\/\/www.youtube.com\/channel\/UCE52-Fiyv-Fpqf2gi1qhf1g"]}]}},"jetpack_sharing_enabled":true,"jetpack_likes_enabled":true,"jetpack-related-posts":[{"id":2957,"url":"https:\/\/catapa.be\/nl\/over-ons\/visie-en-missie\/","url_meta":{"origin":10030,"position":0},"title":"Visie en Missie","author":"Alienor de Sas","date":"20 mei 2018","format":false,"excerpt":"[vc_row css=\".vc_custom_1533807373745{margin-top: -50px !important;margin-bottom: 50px !important;}\"][vc_column][vc_cta h2=\"CATAPA streeft...\" h4=\"...naar een wereld waarin de ontginning van niet-hernieuwbare grondstoffen niet langer nodig is door zich volop te richten op de overgang naar een model dat ontmijnt, ontgroeit en beweegt.\" style=\"custom\" css_animation=\"none\" custom_background=\"#01a053\" custom_text=\"#ffffff\"][\/vc_cta][\/vc_column][\/vc_row][vc_row full_width=\"stretch_row\" content_placement=\"middle\" css=\".vc_custom_1533808586582{margin-top: -100px !important;background-color: #f7f7f7 !important;}\"][vc_column][vc_custom_heading text=\"CATAPA ONTMIJNT\"\u2026","rel":"","context":"Soortgelijk bericht","block_context":{"text":"Soortgelijk bericht","link":""},"img":{"alt_text":"","src":"","width":0,"height":0},"classes":[]},{"id":3032,"url":"https:\/\/catapa.be\/nl\/doe-mee\/doneer-nu\/","url_meta":{"origin":10030,"position":1},"title":"Doneer nu","author":"Alienor de Sas","date":"20 mei 2018","format":false,"excerpt":"[vc_row equal_height=\"yes\"][vc_column css_animation=\"none\"][vc_cta h2=\"Steun CATAPA\" h4=\"CATAPA is een groeiende, eigenzinnige en kritische beweging die durft tegen de stroom in te gaan in het belang van een meer duurzame en rechtvaardige planeet. We ondersteunen gemeenschappen in Latijns-Amerika die bedreigd worden door grootschalige mijnbouwprojecten en de sociale en ecologische impact hiervan. Daarnaast\u2026","rel":"","context":"Soortgelijk bericht","block_context":{"text":"Soortgelijk bericht","link":""},"img":{"alt_text":"","src":"","width":0,"height":0},"classes":[]},{"id":34475,"url":"https:\/\/catapa.be\/nl\/ctrlaltdelete-events-news\/foto-expo\/","url_meta":{"origin":10030,"position":2},"title":"Fototentoonstelling \u2018Stop Mijnbouw = Stop #ExpresDefect\u2019","author":"Simon Berlo","date":"17 november 2023","format":false,"excerpt":"[vc_row full_height=\"yes\" content_placement=\"middle\"][vc_column css=\".vc_custom_1700210605953{margin: 3% !important;padding: 3% !important;}\"][vc_column_text]Welkom op de begeleidende pagina voor de fototentoonstelling \u2018Stop Mijnbouw = Stop #ExpresDefect\u2019. Lees hier meer over de verhalen achter de foto's en de artiesten.[\/vc_column_text][vc_btn title=\"Meer weten over de Stop #ExpresDefect-campagne? Ga dan snel naar de campagnewebsite!\" style=\"custom\" custom_background=\"#f7128b\" custom_text=\"#ffffff\" shape=\"square\" align=\"center\" i_icon_fontawesome=\"fas\u2026","rel":"","context":"Soortgelijk bericht","block_context":{"text":"Soortgelijk bericht","link":""},"img":{"alt_text":"","src":"","width":0,"height":0},"classes":[]},{"id":3020,"url":"https:\/\/catapa.be\/nl\/over-ons\/onze-geschiedenis\/","url_meta":{"origin":10030,"position":3},"title":"Onze geschiedenis","author":"Alienor de Sas","date":"20 mei 2018","format":false,"excerpt":"[vc_row full_width=\"stretch_row\" content_placement=\"middle\"][vc_column][vc_cta h2=\"Van BelBol tot...\" h4=\"\u2026horizontale beweging met partnerorganisaties in Peru, Colombia, Ecuador en Bolivia met tal van lopende projecten in Vlaanderen, Europa en in Latijns-Amerika.\" style=\"custom\" custom_background=\"#01a053\" custom_text=\"#ffffff\"][\/vc_cta][\/vc_column][\/vc_row][vc_row full_width=\"stretch_row\" equal_height=\"yes\" css=\".vc_custom_1535455217709{background-color: #f7f7f7 !important;}\" el_id=\"table-of-contents\"][vc_column css_animation=\"none\" width=\"1\/2\"][vc_column_text css=\".vc_custom_1653737462552{padding-left: 50px !important;}\"] Inhoudstafel 2003-2007: van BelBol tot de start van CATAPA\u2026","rel":"","context":"Soortgelijk bericht","block_context":{"text":"Soortgelijk bericht","link":""},"img":{"alt_text":"","src":"https:\/\/i0.wp.com\/catapa.be\/wp-content\/uploads\/2019\/01\/mining-in-paradise-300x300.png?resize=350%2C200&ssl=1","width":350,"height":200},"classes":[]},{"id":32878,"url":"https:\/\/catapa.be\/nl\/catapa-verwelkomt-activistes-uit-ecuador\/","url_meta":{"origin":10030,"position":4},"title":"CATAPA verwelkomt activistes uit Ecuador","author":"Estefan\u00eda","date":"7 februari 2023","format":false,"excerpt":"[vc_row css=\".vc_custom_1675936624176{margin-top: 0px !important;margin-bottom: 0px !important;border-top-width: 0px !important;border-bottom-width: 0px !important;padding-top: 0px !important;padding-bottom: 0px !important;}\"][vc_column width=\"1\/2\"][vc_cta h2=\"Het recht om 'nee' te zeggen, van Ecuador tot Belgi\u00eb\"][\/vc_cta][vc_gallery type=\"flexslider_slide\" interval=\"10\" images=\"32762,32765,32756,32759,32768\" img_size=\"full\"][\/vc_column][vc_column width=\"1\/2\"][vc_cta h2=\"\" style=\"custom\" custom_background=\"#01a053\" custom_text=\"#ffffff\"]Ook dit jaar nodigt CATAPA activisten uit Latijns-Amerika uit om hun persoonlijke verhaal te brengen en het\u2026","rel":"","context":"Soortgelijk bericht","block_context":{"text":"Soortgelijk bericht","link":""},"img":{"alt_text":"","src":"https:\/\/i0.wp.com\/catapa.be\/wp-content\/uploads\/2023\/02\/webteaser.png?fit=1200%2C675&ssl=1&resize=350%2C200","width":350,"height":200,"srcset":"https:\/\/i0.wp.com\/catapa.be\/wp-content\/uploads\/2023\/02\/webteaser.png?fit=1200%2C675&ssl=1&resize=350%2C200 1x, https:\/\/i0.wp.com\/catapa.be\/wp-content\/uploads\/2023\/02\/webteaser.png?fit=1200%2C675&ssl=1&resize=525%2C300 1.5x, https:\/\/i0.wp.com\/catapa.be\/wp-content\/uploads\/2023\/02\/webteaser.png?fit=1200%2C675&ssl=1&resize=700%2C400 2x, https:\/\/i0.wp.com\/catapa.be\/wp-content\/uploads\/2023\/02\/webteaser.png?fit=1200%2C675&ssl=1&resize=1050%2C600 3x"},"classes":[]},{"id":3063,"url":"https:\/\/catapa.be\/nl\/onderzoek-en-mijnbouw\/alles-over-mijnbouw\/","url_meta":{"origin":10030,"position":5},"title":"Alles over mijnbouw","author":"Alienor de Sas","date":"20 mei 2018","format":false,"excerpt":"[vc_row full_width=\"stretch_row\" content_placement=\"middle\"][vc_column][vc_cta h2=\"Er is een ongelimiteerde honger naar grondstoffen op een biofysisch beperkte aarde.\" h4=\"De grondstoffenproblematiek zal de volgende decennia hoog op de internationale agenda staan en speelt net als de energieschaarste een sleutelrol in het klimaatverhaal. Goud, zilver, coltan, koper,.. : metalen en mineralen worden op allerlei manieren\u2026","rel":"","context":"Soortgelijk bericht","block_context":{"text":"Soortgelijk bericht","link":""},"img":{"alt_text":"","src":"","width":0,"height":0},"classes":[]}],"_links":{"self":[{"href":"https:\/\/catapa.be\/nl\/wp-json\/wp\/v2\/pages\/10030","targetHints":{"allow":["GET"]}}],"collection":[{"href":"https:\/\/catapa.be\/nl\/wp-json\/wp\/v2\/pages"}],"about":[{"href":"https:\/\/catapa.be\/nl\/wp-json\/wp\/v2\/types\/page"}],"author":[{"embeddable":true,"href":"https:\/\/catapa.be\/nl\/wp-json\/wp\/v2\/users\/2"}],"replies":[{"embeddable":true,"href":"https:\/\/catapa.be\/nl\/wp-json\/wp\/v2\/comments?post=10030"}],"version-history":[{"count":1,"href":"https:\/\/catapa.be\/nl\/wp-json\/wp\/v2\/pages\/10030\/revisions"}],"predecessor-version":[{"id":10032,"href":"https:\/\/catapa.be\/nl\/wp-json\/wp\/v2\/pages\/10030\/revisions\/10032"}],"wp:featuredmedia":[{"embeddable":true,"href":"https:\/\/catapa.be\/nl\/wp-json\/wp\/v2\/media\/7348"}],"wp:attachment":[{"href":"https:\/\/catapa.be\/nl\/wp-json\/wp\/v2\/media?parent=10030"}],"curies":[{"name":"wp","href":"https:\/\/api.w.org\/{rel}","templated":true}]}}