{"id":20576,"date":"2021-03-30T16:06:29","date_gmt":"2021-03-30T14:06:29","guid":{"rendered":"https:\/\/catapa.be\/doe-mee\/word-lid\/"},"modified":"2023-04-26T14:26:13","modified_gmt":"2023-04-26T12:26:13","slug":"word-lid","status":"publish","type":"page","link":"https:\/\/catapa.be\/nl\/doe-mee\/word-lid\/","title":{"rendered":"Word lid!"},"content":{"rendered":"<div class=\"wpb-content-wrapper\"><p>[vc_row][vc_column][vc_column_text]<\/p>\n<h2><strong>De Algemene Vergadering van CATAPA<\/strong><\/h2>\n<p>De Algemene Vergadering (AV) is het hoogste beslissingsorgaan van een VZW. De AV bestaat uit alle leden van CATAPA. Alle leden hebben gelijk stemrecht in de AV. Nieuwe leden verkrijgen stemrecht eens hun lidmaatschap is goedgekeurd aan het begin van de eerstvolgende AV.<\/p>\n<p>Samen beslissen de leden van de AV over wijzigingen van de statuten van de VZW, de benoeming en het aftreden van bestuurders, de goedkeuring van de rekeningen en de begroting, \u2026 Dit kan heel administratief klinken, maar het is een concrete manier om de organisatie beter te leren kennen en je stem te laten gelden over de richting die de vereniging uitgaat!<\/p>\n<p>De AV komt minstens eenmaal per jaar samen, doorgaans in april of mei (virtueel in tijden van pandemie). Uitzonderlijk kan een bijzondere AV worden samengeroepen. Alle leden worden persoonlijk uitgenodiged op de AV, en ontvangen op voorhand de agenda en bijhorende documentatie zoals het jaarverslag en het budget.[\/vc_column_text][vc_tta_tabs active_section=&#8221;1&#8243;][vc_tta_section title=&#8221;Hoe word ik lid?&#8221; tab_id=&#8221;how-to-become-a-member&#8221;][vc_column_text]CATAPA staat steeds open voor nieuwe leden!<\/p>\n<ul>\n<li>Leden onderschrijven <a href=\"https:\/\/catapa.be\/nl\/over-ons\/visie-en-missie\/\">de visie en missie van CATAPA<\/a><\/li>\n<li>Als lid van de AV betaal je een jaarlijkse lidmaatschapsbijdrage van 20 \u20ac<\/li>\n<li>Alle leden vormen samen de AV en worden uitgenodigd op de jaarlijkse en bijzondere AV\u2019s<\/li>\n<li>Alle leden hebben gelijk stemrecht in de AV<\/li>\n<\/ul>\n<p><a href=\"https:\/\/docs.google.com\/forms\/d\/e\/1FAIpQLSeoIhKWaUxvbbmHuRR_zbw0B_3YqRSoGHSFQxx_Wq6g1_GiRw\/viewform?vc=0&amp;c=0&amp;w=1&amp;flr=0\">Via dit formulier<\/a> kan je je lidmaatschap registreren. Het lidmaatschap van 20 \u20ac kan je overschrijven op <strong>BE49 9795 2861 7871<\/strong> op naam van CATAPA vzw, met de mededeling \u201c<strong>lidmaatschap AV [jaar]<\/strong>\u201d.<\/p>\n<p>De toetreding van nieuwe leden wordt goedgekeurd aan het begin van de eerstkomende AV.<\/p>\n<p>Meer informatie over de rechten en plichten, en procedures die gepaard gaan met lidmaatschap van de AV <a href=\"https:\/\/catapa.be\/?p=27175#rights-and-obligations-members\">kan je hier doornemen<\/a>.[\/vc_column_text][\/vc_tta_section][vc_tta_section title=&#8221;Rechten en plichten van de leden&#8221; tab_id=&#8221;rights-and-obligations-members&#8221;][vc_column_text]De Algemene Vergadering (AV) is het hoogste beslissingsorgaan van een VZW.<\/p>\n<p>De AV bestaat uit alle leden van CATAPA. Alle leden hebben gelijk stemrecht in de AV. Leden onderschrijven de missie en visie van CATAPA en betalen een jaarlijks lidmaatschap van 20 euro.<\/p>\n<p>Nieuwe leden worden voorgedragen door de Raad van Bestuur op de AV, die hun toetreding goedkeurt.<\/p>\n<p>Leden kunnen zich op elk ogenblik uit de VZW terugtrekken door een formeel schrijven (per e-mail) naar de voorzitter van het bestuur. Het ontslag zal een maand na dit schrijven ingaan.<\/p>\n<p>Wanneer een lid van de AV in strijd handelt met de doelstellingen van de VZW zoals geformuleerd in de missie en visie, kan het lidmaatschap be\u00ebindigd worden.<\/p>\n<p>De AV beslist over:<\/p>\n<ul>\n<li>de wijziging van de statuten<\/li>\n<li>de benoeming en het aftreden van de bestuurders<\/li>\n<li>de kwijting van de bestuurders<\/li>\n<li>de goedkeuring van de begroting en van de rekeningen<\/li>\n<li>de ontbinding van de vereniging<\/li>\n<li>de uitsluiting van een lid<\/li>\n<li>de omzetting van de vereniging in een vennootschap met sociaal oogmerk<\/li>\n<\/ul>\n<p>De AV komt minstens eenmaal per jaar samen, doorgaans in april of mei (virtueel in tijden van pandemie). Uitzonderlijk kan een bijzondere AV worden samengeroepen.<\/p>\n<p>Alle leden worden persoonlijk uigenodigd en ontvangen op voorhand de agenda en de bijhorende documentatie zoals het jaarverslag en het budget.<\/p>\n<p>Minstens de helft van de leden moet aanwezig of vertegenwoordigd zijn om op een geldige manier te kunnen beraadslagen. Beslissingen worden genomen bij gewone meerderheid van de stemmen van de aanwezige of vertegenwoordigde leden.<\/p>\n<p>Leden die niet aanwezig kunnen zijn op de AV, kunnen zich laten vertegenwoordigen door een ander lid via een ondertekende volmacht, op voorhand te bezorgen aan de voorzitter van CATAPA. Elk lid kan maximaal voor 2 leden gevolmachtigde zijn.<\/p>\n<p>Indien je dat wenst, kan je <a href=\"https:\/\/www.staatsbladmonitor.be\/bedrijfsfiche.html?ondernemingsnummer=0895316433\">de volledige statuten hier consulteren<\/a>.[\/vc_column_text][\/vc_tta_section][\/vc_tta_tabs][vc_column_text]Indien je nog vragen hebt over de verantwoordelijkheden van de AV, over hoe lid te worden, of indien je om financi\u00eble reden niet kan bijdragen, contacteer ons dan vertrouwelijk via <u>robin.roels[at]catapa.be<\/u><\/p>\n<p>Tot binnenkort op onze volgende AV![\/vc_column_text][\/vc_column][\/vc_row]<\/p>\n<\/div>","protected":false},"excerpt":{"rendered":"<p>[vc_row][vc_column][vc_column_text] De Algemene Vergadering van CATAPA De Algemene Vergadering (AV) is het hoogste beslissingsorgaan van een VZW. De AV bestaat uit alle leden van CATAPA. Alle leden hebben gelijk stemrecht in de AV. Nieuwe leden<br \/><a class=\"read-more\" href=\"https:\/\/catapa.be\/nl\/doe-mee\/word-lid\/\">Read More<\/a><\/p>\n","protected":false},"author":10,"featured_media":0,"parent":2964,"menu_order":0,"comment_status":"closed","ping_status":"closed","template":"","meta":{"_exactmetrics_skip_tracking":false,"_exactmetrics_sitenote_active":false,"_exactmetrics_sitenote_note":"","_exactmetrics_sitenote_category":0,"jetpack_post_was_ever_published":false,"footnotes":""},"class_list":["post-20576","page","type-page","status-publish","hentry"],"yoast_head":"<!-- This site is optimized with the Yoast SEO plugin v26.8 - https:\/\/yoast.com\/product\/yoast-seo-wordpress\/ -->\n<title>Word lid! - CATAPA vzw<\/title>\n<meta name=\"robots\" content=\"index, follow, max-snippet:-1, max-image-preview:large, max-video-preview:-1\" \/>\n<link rel=\"canonical\" href=\"https:\/\/catapa.be\/nl\/doe-mee\/word-lid\/\" \/>\n<meta property=\"og:locale\" content=\"nl_NL\" \/>\n<meta property=\"og:type\" content=\"article\" \/>\n<meta property=\"og:title\" content=\"Word lid! - CATAPA vzw\" \/>\n<meta property=\"og:description\" content=\"[vc_row][vc_column][vc_column_text] De Algemene Vergadering van CATAPA De Algemene Vergadering (AV) is het hoogste beslissingsorgaan van een VZW. De AV bestaat uit alle leden van CATAPA. Alle leden hebben gelijk stemrecht in de AV. Nieuwe ledenRead More\" \/>\n<meta property=\"og:url\" content=\"https:\/\/catapa.be\/nl\/doe-mee\/word-lid\/\" \/>\n<meta property=\"og:site_name\" content=\"CATAPA vzw\" \/>\n<meta property=\"article:publisher\" content=\"https:\/\/www.facebook.com\/catapa.belgium\/\" \/>\n<meta property=\"article:modified_time\" content=\"2023-04-26T12:26:13+00:00\" \/>\n<meta name=\"twitter:card\" content=\"summary_large_image\" \/>\n<meta name=\"twitter:site\" content=\"@CATAPA_Belgica\" \/>\n<meta name=\"twitter:label1\" content=\"Geschatte leestijd\" \/>\n\t<meta name=\"twitter:data1\" content=\"3 minuten\" \/>\n<script type=\"application\/ld+json\" class=\"yoast-schema-graph\">{\"@context\":\"https:\/\/schema.org\",\"@graph\":[{\"@type\":\"WebPage\",\"@id\":\"https:\/\/catapa.be\/nl\/doe-mee\/word-lid\/\",\"url\":\"https:\/\/catapa.be\/nl\/doe-mee\/word-lid\/\",\"name\":\"Word lid! - CATAPA vzw\",\"isPartOf\":{\"@id\":\"https:\/\/catapa.be\/nl\/#website\"},\"datePublished\":\"2021-03-30T14:06:29+00:00\",\"dateModified\":\"2023-04-26T12:26:13+00:00\",\"breadcrumb\":{\"@id\":\"https:\/\/catapa.be\/nl\/doe-mee\/word-lid\/#breadcrumb\"},\"inLanguage\":\"nl-NL\",\"potentialAction\":[{\"@type\":\"ReadAction\",\"target\":[\"https:\/\/catapa.be\/nl\/doe-mee\/word-lid\/\"]}]},{\"@type\":\"BreadcrumbList\",\"@id\":\"https:\/\/catapa.be\/nl\/doe-mee\/word-lid\/#breadcrumb\",\"itemListElement\":[{\"@type\":\"ListItem\",\"position\":1,\"name\":\"Home\",\"item\":\"https:\/\/catapa.be\/nl\/\"},{\"@type\":\"ListItem\",\"position\":2,\"name\":\"Doe mee\",\"item\":\"https:\/\/catapa.be\/nl\/doe-mee\/\"},{\"@type\":\"ListItem\",\"position\":3,\"name\":\"Word lid!\"}]},{\"@type\":\"WebSite\",\"@id\":\"https:\/\/catapa.be\/nl\/#website\",\"url\":\"https:\/\/catapa.be\/nl\/\",\"name\":\"CATAPA vzw\",\"description\":\"Comit\u00e9 Acad\u00e9mico T\u00e9cnico de Asesoramiento a Problemas Ambientales\",\"publisher\":{\"@id\":\"https:\/\/catapa.be\/nl\/#organization\"},\"potentialAction\":[{\"@type\":\"SearchAction\",\"target\":{\"@type\":\"EntryPoint\",\"urlTemplate\":\"https:\/\/catapa.be\/nl\/?s={search_term_string}\"},\"query-input\":{\"@type\":\"PropertyValueSpecification\",\"valueRequired\":true,\"valueName\":\"search_term_string\"}}],\"inLanguage\":\"nl-NL\"},{\"@type\":\"Organization\",\"@id\":\"https:\/\/catapa.be\/nl\/#organization\",\"name\":\"CATAPA vzw\",\"url\":\"https:\/\/catapa.be\/nl\/\",\"logo\":{\"@type\":\"ImageObject\",\"inLanguage\":\"nl-NL\",\"@id\":\"https:\/\/catapa.be\/nl\/#\/schema\/logo\/image\/\",\"url\":\"https:\/\/i0.wp.com\/catapa.be\/wp-content\/uploads\/2019\/02\/NEW20LOGO20SHORT20PNG1.png?fit=1259%2C1321&ssl=1\",\"contentUrl\":\"https:\/\/i0.wp.com\/catapa.be\/wp-content\/uploads\/2019\/02\/NEW20LOGO20SHORT20PNG1.png?fit=1259%2C1321&ssl=1\",\"width\":1259,\"height\":1321,\"caption\":\"CATAPA vzw\"},\"image\":{\"@id\":\"https:\/\/catapa.be\/nl\/#\/schema\/logo\/image\/\"},\"sameAs\":[\"https:\/\/www.facebook.com\/catapa.belgium\/\",\"https:\/\/x.com\/CATAPA_Belgica\",\"https:\/\/www.instagram.com\/catapa_vzw\/\",\"https:\/\/be.linkedin.com\/company\/catapavzw\",\"https:\/\/www.youtube.com\/channel\/UCE52-Fiyv-Fpqf2gi1qhf1g\"]}]}<\/script>\n<!-- \/ Yoast SEO plugin. -->","yoast_head_json":{"title":"Word lid! - CATAPA vzw","robots":{"index":"index","follow":"follow","max-snippet":"max-snippet:-1","max-image-preview":"max-image-preview:large","max-video-preview":"max-video-preview:-1"},"canonical":"https:\/\/catapa.be\/nl\/doe-mee\/word-lid\/","og_locale":"nl_NL","og_type":"article","og_title":"Word lid! - CATAPA vzw","og_description":"[vc_row][vc_column][vc_column_text] De Algemene Vergadering van CATAPA De Algemene Vergadering (AV) is het hoogste beslissingsorgaan van een VZW. De AV bestaat uit alle leden van CATAPA. Alle leden hebben gelijk stemrecht in de AV. Nieuwe ledenRead More","og_url":"https:\/\/catapa.be\/nl\/doe-mee\/word-lid\/","og_site_name":"CATAPA vzw","article_publisher":"https:\/\/www.facebook.com\/catapa.belgium\/","article_modified_time":"2023-04-26T12:26:13+00:00","twitter_card":"summary_large_image","twitter_site":"@CATAPA_Belgica","twitter_misc":{"Geschatte leestijd":"3 minuten"},"schema":{"@context":"https:\/\/schema.org","@graph":[{"@type":"WebPage","@id":"https:\/\/catapa.be\/nl\/doe-mee\/word-lid\/","url":"https:\/\/catapa.be\/nl\/doe-mee\/word-lid\/","name":"Word lid! - CATAPA vzw","isPartOf":{"@id":"https:\/\/catapa.be\/nl\/#website"},"datePublished":"2021-03-30T14:06:29+00:00","dateModified":"2023-04-26T12:26:13+00:00","breadcrumb":{"@id":"https:\/\/catapa.be\/nl\/doe-mee\/word-lid\/#breadcrumb"},"inLanguage":"nl-NL","potentialAction":[{"@type":"ReadAction","target":["https:\/\/catapa.be\/nl\/doe-mee\/word-lid\/"]}]},{"@type":"BreadcrumbList","@id":"https:\/\/catapa.be\/nl\/doe-mee\/word-lid\/#breadcrumb","itemListElement":[{"@type":"ListItem","position":1,"name":"Home","item":"https:\/\/catapa.be\/nl\/"},{"@type":"ListItem","position":2,"name":"Doe mee","item":"https:\/\/catapa.be\/nl\/doe-mee\/"},{"@type":"ListItem","position":3,"name":"Word lid!"}]},{"@type":"WebSite","@id":"https:\/\/catapa.be\/nl\/#website","url":"https:\/\/catapa.be\/nl\/","name":"CATAPA vzw","description":"Comit\u00e9 Acad\u00e9mico T\u00e9cnico de Asesoramiento a Problemas Ambientales","publisher":{"@id":"https:\/\/catapa.be\/nl\/#organization"},"potentialAction":[{"@type":"SearchAction","target":{"@type":"EntryPoint","urlTemplate":"https:\/\/catapa.be\/nl\/?s={search_term_string}"},"query-input":{"@type":"PropertyValueSpecification","valueRequired":true,"valueName":"search_term_string"}}],"inLanguage":"nl-NL"},{"@type":"Organization","@id":"https:\/\/catapa.be\/nl\/#organization","name":"CATAPA vzw","url":"https:\/\/catapa.be\/nl\/","logo":{"@type":"ImageObject","inLanguage":"nl-NL","@id":"https:\/\/catapa.be\/nl\/#\/schema\/logo\/image\/","url":"https:\/\/i0.wp.com\/catapa.be\/wp-content\/uploads\/2019\/02\/NEW20LOGO20SHORT20PNG1.png?fit=1259%2C1321&ssl=1","contentUrl":"https:\/\/i0.wp.com\/catapa.be\/wp-content\/uploads\/2019\/02\/NEW20LOGO20SHORT20PNG1.png?fit=1259%2C1321&ssl=1","width":1259,"height":1321,"caption":"CATAPA vzw"},"image":{"@id":"https:\/\/catapa.be\/nl\/#\/schema\/logo\/image\/"},"sameAs":["https:\/\/www.facebook.com\/catapa.belgium\/","https:\/\/x.com\/CATAPA_Belgica","https:\/\/www.instagram.com\/catapa_vzw\/","https:\/\/be.linkedin.com\/company\/catapavzw","https:\/\/www.youtube.com\/channel\/UCE52-Fiyv-Fpqf2gi1qhf1g"]}]}},"jetpack_sharing_enabled":true,"jetpack_likes_enabled":true,"jetpack-related-posts":[{"id":9793,"url":"https:\/\/catapa.be\/nl\/avg-privacyverklaring-cookies-info\/","url_meta":{"origin":20576,"position":0},"title":"AVG &#8211; Privacyverklaring &#8211; Cookies Info","author":"H\u00e9ctor Cabezudo","date":"19 februari 2019","format":false,"excerpt":"[vc_row][vc_column][vc_column_text] AVG - Privacyverklaring [\/vc_column_text][vc_column_text]CATAPA vzw hecht veel waarde aan de bescherming van uw persoonsgegevens (en dat uw privacy wordt gerespecteerd). In deze privacyverklaring willen we heldere en transparante informatie geven over hoe wij omgaan met persoonsgegevens. Wij doen er alles aan om uw privacy te waarborgen en gaan daarom\u2026","rel":"","context":"Soortgelijk bericht","block_context":{"text":"Soortgelijk bericht","link":""},"img":{"alt_text":"","src":"","width":0,"height":0},"classes":[]},{"id":3046,"url":"https:\/\/catapa.be\/nl\/ons-werk\/werkgroepen\/","url_meta":{"origin":20576,"position":1},"title":"Werkgroepen","author":"Alienor de Sas","date":"20 mei 2018","format":false,"excerpt":"[vc_row css=\".vc_custom_1533807373745{margin-top: -50px !important;margin-bottom: 50px !important;}\"][vc_column][vc_cta 0=\"h4=``...is\" 1=\"opgedeeld\" 2=\"in\" 3=\"werkgroepen uit het Zuiden\" 4=\"die\" 5=\"samenwerken\" 6=\"met\" 7=\"onze\" 8=\"partner\" 9=\"organisaties\" 10=\"in\" 11=\"Latijns\" 12=\"Amerika;\" 13=\"en\" 14=\"``werkgroepen\" 15=\"in\" 16=\"het\" 17=\"Noorden``,\" 18=\"wat\" 19=\"alles\" 20=\"dat\" 21=\"we\" 22=\"vanuit\" 23=\"Belgi\u00eb\" 24=\"uitvoeren\" 25=\"bevat,\" 26=\"waar\" 27=\"onze\" 28=\"organisatie\" 29=\"is\" 30=\"gelocaliseerd.``\" h2=\"Catapa's werk...\" h4=\"...is opgedeeld in ``werkgroepen uit het globale Zuiden``\u2026","rel":"","context":"Soortgelijk bericht","block_context":{"text":"Soortgelijk bericht","link":""},"img":{"alt_text":"","src":"","width":0,"height":0},"classes":[]},{"id":32878,"url":"https:\/\/catapa.be\/nl\/catapa-verwelkomt-activistes-uit-ecuador\/","url_meta":{"origin":20576,"position":2},"title":"CATAPA verwelkomt activistes uit Ecuador","author":"Estefan\u00eda","date":"7 februari 2023","format":false,"excerpt":"[vc_row css=\".vc_custom_1675936624176{margin-top: 0px !important;margin-bottom: 0px !important;border-top-width: 0px !important;border-bottom-width: 0px !important;padding-top: 0px !important;padding-bottom: 0px !important;}\"][vc_column width=\"1\/2\"][vc_cta h2=\"Het recht om 'nee' te zeggen, van Ecuador tot Belgi\u00eb\"][\/vc_cta][vc_gallery type=\"flexslider_slide\" interval=\"10\" images=\"32762,32765,32756,32759,32768\" img_size=\"full\"][\/vc_column][vc_column width=\"1\/2\"][vc_cta h2=\"\" style=\"custom\" custom_background=\"#01a053\" custom_text=\"#ffffff\"]Ook dit jaar nodigt CATAPA activisten uit Latijns-Amerika uit om hun persoonlijke verhaal te brengen en het\u2026","rel":"","context":"Soortgelijk bericht","block_context":{"text":"Soortgelijk bericht","link":""},"img":{"alt_text":"","src":"https:\/\/i0.wp.com\/catapa.be\/wp-content\/uploads\/2023\/02\/webteaser.png?fit=1200%2C675&ssl=1&resize=350%2C200","width":350,"height":200,"srcset":"https:\/\/i0.wp.com\/catapa.be\/wp-content\/uploads\/2023\/02\/webteaser.png?fit=1200%2C675&ssl=1&resize=350%2C200 1x, https:\/\/i0.wp.com\/catapa.be\/wp-content\/uploads\/2023\/02\/webteaser.png?fit=1200%2C675&ssl=1&resize=525%2C300 1.5x, https:\/\/i0.wp.com\/catapa.be\/wp-content\/uploads\/2023\/02\/webteaser.png?fit=1200%2C675&ssl=1&resize=700%2C400 2x, https:\/\/i0.wp.com\/catapa.be\/wp-content\/uploads\/2023\/02\/webteaser.png?fit=1200%2C675&ssl=1&resize=1050%2C600 3x"},"classes":[]},{"id":3032,"url":"https:\/\/catapa.be\/nl\/doe-mee\/doneer-nu\/","url_meta":{"origin":20576,"position":3},"title":"Doneer nu","author":"Alienor de Sas","date":"20 mei 2018","format":false,"excerpt":"[vc_row equal_height=\"yes\"][vc_column css_animation=\"none\"][vc_cta h2=\"Steun CATAPA\" h4=\"CATAPA is een groeiende, eigenzinnige en kritische beweging die durft tegen de stroom in te gaan in het belang van een meer duurzame en rechtvaardige planeet. We ondersteunen gemeenschappen in Latijns-Amerika die bedreigd worden door grootschalige mijnbouwprojecten en de sociale en ecologische impact hiervan. Daarnaast\u2026","rel":"","context":"Soortgelijk bericht","block_context":{"text":"Soortgelijk bericht","link":""},"img":{"alt_text":"","src":"","width":0,"height":0},"classes":[]},{"id":3020,"url":"https:\/\/catapa.be\/nl\/over-ons\/onze-geschiedenis\/","url_meta":{"origin":20576,"position":4},"title":"Onze geschiedenis","author":"Alienor de Sas","date":"20 mei 2018","format":false,"excerpt":"[vc_row full_width=\"stretch_row\" content_placement=\"middle\"][vc_column][vc_cta h2=\"Van BelBol tot...\" h4=\"\u2026horizontale beweging met partnerorganisaties in Peru, Colombia, Ecuador en Bolivia met tal van lopende projecten in Vlaanderen, Europa en in Latijns-Amerika.\" style=\"custom\" custom_background=\"#01a053\" custom_text=\"#ffffff\"][\/vc_cta][\/vc_column][\/vc_row][vc_row full_width=\"stretch_row\" equal_height=\"yes\" css=\".vc_custom_1535455217709{background-color: #f7f7f7 !important;}\" el_id=\"table-of-contents\"][vc_column css_animation=\"none\" width=\"1\/2\"][vc_column_text css=\".vc_custom_1653737462552{padding-left: 50px !important;}\"] Inhoudstafel 2003-2007: van BelBol tot de start van CATAPA\u2026","rel":"","context":"Soortgelijk bericht","block_context":{"text":"Soortgelijk bericht","link":""},"img":{"alt_text":"","src":"https:\/\/i0.wp.com\/catapa.be\/wp-content\/uploads\/2019\/01\/mining-in-paradise-300x300.png?resize=350%2C200&ssl=1","width":350,"height":200},"classes":[]},{"id":3005,"url":"https:\/\/catapa.be\/nl\/","url_meta":{"origin":20576,"position":5},"title":"Home","author":"Alienor de Sas","date":"20 mei 2011","format":false,"excerpt":"[vc_row css=\".vc_custom_1698400141878{margin-top: 1px !important;margin-bottom: 1px !important;border-top-width: 0px !important;border-bottom-width: 0px !important;padding-top: 0px !important;padding-bottom: 0px !important;}\"][vc_column width=\"1\/4\"][vc_cta h2=\"Het recht om 'nee' te zeggen\" txt_align=\"center\" shape=\"square\" add_button=\"bottom\" btn_title=\"De campagne\" btn_color=\"orange\" btn_align=\"center\" btn_link=\"url:https%3A%2F%2Fcatapa.be%2Fnl%2Fons-werk%2Fcampagnes%2Fhet-recht-om-nee-te-zeggen%2F|title:Het%20recht%20om%20'nee'%20te%20zeggen\"]We steunen gemeenschappen hun recht om 'nee' te zeggen tegen mijnbouw en het maatschappelijke systeem dat mijnbouw noodzakelijk maakt. In de Andesregio\u2026","rel":"","context":"Soortgelijk bericht","block_context":{"text":"Soortgelijk bericht","link":""},"img":{"alt_text":"","src":"https:\/\/i0.wp.com\/catapa.be\/wp-content\/uploads\/2023\/10\/Right-to-say-no-250.png?resize=350%2C200&ssl=1","width":350,"height":200},"classes":[]}],"_links":{"self":[{"href":"https:\/\/catapa.be\/nl\/wp-json\/wp\/v2\/pages\/20576","targetHints":{"allow":["GET"]}}],"collection":[{"href":"https:\/\/catapa.be\/nl\/wp-json\/wp\/v2\/pages"}],"about":[{"href":"https:\/\/catapa.be\/nl\/wp-json\/wp\/v2\/types\/page"}],"author":[{"embeddable":true,"href":"https:\/\/catapa.be\/nl\/wp-json\/wp\/v2\/users\/10"}],"replies":[{"embeddable":true,"href":"https:\/\/catapa.be\/nl\/wp-json\/wp\/v2\/comments?post=20576"}],"version-history":[{"count":5,"href":"https:\/\/catapa.be\/nl\/wp-json\/wp\/v2\/pages\/20576\/revisions"}],"predecessor-version":[{"id":33575,"href":"https:\/\/catapa.be\/nl\/wp-json\/wp\/v2\/pages\/20576\/revisions\/33575"}],"up":[{"embeddable":true,"href":"https:\/\/catapa.be\/nl\/wp-json\/wp\/v2\/pages\/2964"}],"wp:attachment":[{"href":"https:\/\/catapa.be\/nl\/wp-json\/wp\/v2\/media?parent=20576"}],"curies":[{"name":"wp","href":"https:\/\/api.w.org\/{rel}","templated":true}]}}