{"id":24303,"date":"2022-02-10T13:39:51","date_gmt":"2022-02-10T12:39:51","guid":{"rendered":"https:\/\/catapa.be\/?page_id=24303"},"modified":"2023-10-17T17:14:14","modified_gmt":"2023-10-17T15:14:14","slug":"ctrlaltdelete","status":"publish","type":"page","link":"https:\/\/catapa.be\/nl\/ctrlaltdelete\/","title":{"rendered":"CTRL ALT DELETE"},"content":{"rendered":"<div class=\"wpb-content-wrapper\"><p>[vc_row css=&#8221;.vc_custom_1697552847974{padding-top: 0px !important;padding-bottom: 0px !important;background-color: #ff007c !important;}&#8221;][vc_column css=&#8221;.vc_custom_1697554255193{background-color: #ff007c !important;}&#8221;][vc_column_text el_class=&#8221;wittetekst schreefloos hoofdletters&#8221; css=&#8221;.vc_custom_1697555535066{padding-top: 50px !important;padding-bottom: 50px !important;}&#8221;]<\/p>\n<h1 style=\"font-family: 'Courier New'; text-align: center; text-transform: none;\">Stop #ExpresDefect<\/h1>\n<p>[\/vc_column_text][\/vc_column][\/vc_row][vc_row css=&#8221;.vc_custom_1645103857891{padding-top: 75px !important;padding-bottom: 0px !important;}&#8221;][vc_column][vc_column_text css_animation=&#8221;none&#8221; el_class=&#8221;blauwetekst schreefloos&#8221; css=&#8221;.vc_custom_1697555153264{margin-top: 0px !important;margin-bottom: 0px !important;}&#8221;]<\/p>\n<h2 style=\"text-align: center;\"><span style=\"color: #1767fd;\">ge\u00b7plan\u00b7de ver\u00b7ou\u00b7de\u00b7ring<\/span><\/h2>\n<p>[\/vc_column_text][vc_column_text el_class=&#8221;blauwetekst typtekst&#8221; css=&#8221;.vc_custom_1645101974688{margin-top: 0px !important;margin-bottom: 0px !important;}&#8221;]<\/p>\n<p style=\"text-align: center;\">[x\u0259pl\u0251nd\u0259 v\u0259r\u02c8\u0251ud\u0259r\u026a\u014b] \u2022 zelfst. nw.<\/p>\n<p>[\/vc_column_text][\/vc_column][\/vc_row][vc_row css=&#8221;.vc_custom_1645106141482{padding-top: 75px !important;padding-bottom: 0px !important;}&#8221;][vc_column width=&#8221;1\/12&#8243;][\/vc_column][vc_column width=&#8221;10\/12&#8243;][vc_column_text el_class=&#8221;blauwetekst schreefloos&#8221;]<\/p>\n<p style=\"text-align: center;\">Een strategie die bedrijven en producenten hanteren om producten doelbewust (expres) op een bepaalde manier te ontwikkelen zodat de levensduur van het apparaat beperkt wordt (een defect). Zo wordt de consument (jij dus) verplicht een nieuw toestel te kopen, op die manier maken bedrijven nog meer winst.<\/p>\n<p style=\"text-align: center;\"><span style=\"color: #1767fd;\"><strong>Wij noemen het Expres Defect.<\/strong><\/span><\/p>\n<p>[\/vc_column_text][\/vc_column][vc_column width=&#8221;1\/12&#8243;][\/vc_column][\/vc_row][vc_row css=&#8221;.vc_custom_1645106488079{padding-top: 25px !important;padding-bottom: 75px !important;}&#8221;][vc_column width=&#8221;1\/4&#8243;][\/vc_column][vc_column width=&#8221;1\/2&#8243; offset=&#8221;vc_col-xs-12&#8243;]<style type=\"text\/css\">#btn-24303-668 { color:#1767fd!important;background-color:#fff239!important; }<\/style>\n\t\t<a href=\"https:\/\/catapa.be\/nl\/ctrlaltdelete-doe-mee-2\/\" id=\"btn-24303-668\" class=\"btn btn-default btn-block\">Doe mee en stop #ExpresDefect<\/a>\n\n\t\t[\/vc_column][vc_column width=&#8221;1\/4&#8243;][\/vc_column][\/vc_row]<\/p>\n<\/div>","protected":false},"excerpt":{"rendered":"<p>[vc_row css=&#8221;.vc_custom_1697552847974{padding-top: 0px !important;padding-bottom: 0px !important;background-color: #ff007c !important;}&#8221;][vc_column css=&#8221;.vc_custom_1697554255193{background-color: #ff007c !important;}&#8221;][vc_column_text el_class=&#8221;wittetekst schreefloos hoofdletters&#8221; css=&#8221;.vc_custom_1697555535066{padding-top: 50px !important;padding-bottom: 50px !important;}&#8221;] Stop #ExpresDefect [\/vc_column_text][\/vc_column][\/vc_row][vc_row css=&#8221;.vc_custom_1645103857891{padding-top: 75px !important;padding-bottom: 0px !important;}&#8221;][vc_column][vc_column_text css_animation=&#8221;none&#8221; el_class=&#8221;blauwetekst schreefloos&#8221; css=&#8221;.vc_custom_1697555153264{margin-top: 0px !important;margin-bottom: 0px !important;}&#8221;]<br \/><a class=\"read-more\" href=\"https:\/\/catapa.be\/nl\/ctrlaltdelete\/\">Read More<\/a><\/p>\n","protected":false},"author":60,"featured_media":24304,"parent":0,"menu_order":0,"comment_status":"closed","ping_status":"closed","template":"CTRLALTDELETE.php","meta":{"_exactmetrics_skip_tracking":false,"_exactmetrics_sitenote_active":false,"_exactmetrics_sitenote_note":"","_exactmetrics_sitenote_category":0,"jetpack_post_was_ever_published":false,"footnotes":""},"class_list":["post-24303","page","type-page","status-publish","has-post-thumbnail","hentry"],"yoast_head":"<!-- This site is optimized with the Yoast SEO plugin v26.8 - https:\/\/yoast.com\/product\/yoast-seo-wordpress\/ -->\n<title>CTRL ALT DELETE - CATAPA vzw<\/title>\n<meta name=\"description\" content=\"Ctrl Atl Delete - Stop Geplande Veroudering, Stop Expres Defect\" \/>\n<meta name=\"robots\" content=\"index, follow, max-snippet:-1, max-image-preview:large, max-video-preview:-1\" \/>\n<link rel=\"canonical\" href=\"https:\/\/catapa.be\/nl\/ctrlaltdelete\/\" \/>\n<meta property=\"og:locale\" content=\"nl_NL\" \/>\n<meta property=\"og:type\" content=\"article\" \/>\n<meta property=\"og:title\" content=\"CTRL ALT DELETE - CATAPA vzw\" \/>\n<meta property=\"og:description\" content=\"Ctrl Atl Delete - Stop Geplande Veroudering, Stop Expres Defect\" \/>\n<meta property=\"og:url\" content=\"https:\/\/catapa.be\/nl\/ctrlaltdelete\/\" \/>\n<meta property=\"og:site_name\" content=\"CATAPA vzw\" \/>\n<meta property=\"article:publisher\" content=\"https:\/\/www.facebook.com\/catapa.belgium\/\" \/>\n<meta property=\"article:modified_time\" content=\"2023-10-17T15:14:14+00:00\" \/>\n<meta property=\"og:image\" content=\"https:\/\/catapa.be\/wp-content\/uploads\/2021\/11\/expresdefect-projection-ghelamco.png\" \/>\n\t<meta property=\"og:image:width\" content=\"1640\" \/>\n\t<meta property=\"og:image:height\" content=\"924\" \/>\n\t<meta property=\"og:image:type\" content=\"image\/png\" \/>\n<meta name=\"twitter:card\" content=\"summary_large_image\" \/>\n<meta name=\"twitter:site\" content=\"@CATAPA_Belgica\" \/>\n<meta name=\"twitter:label1\" content=\"Geschatte leestijd\" \/>\n\t<meta name=\"twitter:data1\" content=\"1 minuut\" \/>\n<script type=\"application\/ld+json\" class=\"yoast-schema-graph\">{\"@context\":\"https:\/\/schema.org\",\"@graph\":[{\"@type\":\"WebPage\",\"@id\":\"https:\/\/catapa.be\/nl\/ctrlaltdelete\/\",\"url\":\"https:\/\/catapa.be\/nl\/ctrlaltdelete\/\",\"name\":\"CTRL ALT DELETE - CATAPA vzw\",\"isPartOf\":{\"@id\":\"https:\/\/catapa.be\/nl\/#website\"},\"primaryImageOfPage\":{\"@id\":\"https:\/\/catapa.be\/nl\/ctrlaltdelete\/#primaryimage\"},\"image\":{\"@id\":\"https:\/\/catapa.be\/nl\/ctrlaltdelete\/#primaryimage\"},\"thumbnailUrl\":\"https:\/\/i0.wp.com\/catapa.be\/wp-content\/uploads\/2021\/11\/expresdefect-projection-ghelamco.png?fit=1640%2C924&ssl=1\",\"datePublished\":\"2022-02-10T12:39:51+00:00\",\"dateModified\":\"2023-10-17T15:14:14+00:00\",\"description\":\"Ctrl Atl Delete - Stop Geplande Veroudering, Stop Expres Defect\",\"breadcrumb\":{\"@id\":\"https:\/\/catapa.be\/nl\/ctrlaltdelete\/#breadcrumb\"},\"inLanguage\":\"nl-NL\",\"potentialAction\":[{\"@type\":\"ReadAction\",\"target\":[\"https:\/\/catapa.be\/nl\/ctrlaltdelete\/\"]}]},{\"@type\":\"ImageObject\",\"inLanguage\":\"nl-NL\",\"@id\":\"https:\/\/catapa.be\/nl\/ctrlaltdelete\/#primaryimage\",\"url\":\"https:\/\/i0.wp.com\/catapa.be\/wp-content\/uploads\/2021\/11\/expresdefect-projection-ghelamco.png?fit=1640%2C924&ssl=1\",\"contentUrl\":\"https:\/\/i0.wp.com\/catapa.be\/wp-content\/uploads\/2021\/11\/expresdefect-projection-ghelamco.png?fit=1640%2C924&ssl=1\",\"width\":1640,\"height\":924,\"caption\":\"Ctrl alt del campaign\"},{\"@type\":\"BreadcrumbList\",\"@id\":\"https:\/\/catapa.be\/nl\/ctrlaltdelete\/#breadcrumb\",\"itemListElement\":[{\"@type\":\"ListItem\",\"position\":1,\"name\":\"Home\",\"item\":\"https:\/\/catapa.be\/nl\/\"},{\"@type\":\"ListItem\",\"position\":2,\"name\":\"CTRL ALT DELETE\"}]},{\"@type\":\"WebSite\",\"@id\":\"https:\/\/catapa.be\/nl\/#website\",\"url\":\"https:\/\/catapa.be\/nl\/\",\"name\":\"CATAPA vzw\",\"description\":\"Comit\u00e9 Acad\u00e9mico T\u00e9cnico de Asesoramiento a Problemas Ambientales\",\"publisher\":{\"@id\":\"https:\/\/catapa.be\/nl\/#organization\"},\"potentialAction\":[{\"@type\":\"SearchAction\",\"target\":{\"@type\":\"EntryPoint\",\"urlTemplate\":\"https:\/\/catapa.be\/nl\/?s={search_term_string}\"},\"query-input\":{\"@type\":\"PropertyValueSpecification\",\"valueRequired\":true,\"valueName\":\"search_term_string\"}}],\"inLanguage\":\"nl-NL\"},{\"@type\":\"Organization\",\"@id\":\"https:\/\/catapa.be\/nl\/#organization\",\"name\":\"CATAPA vzw\",\"url\":\"https:\/\/catapa.be\/nl\/\",\"logo\":{\"@type\":\"ImageObject\",\"inLanguage\":\"nl-NL\",\"@id\":\"https:\/\/catapa.be\/nl\/#\/schema\/logo\/image\/\",\"url\":\"https:\/\/i0.wp.com\/catapa.be\/wp-content\/uploads\/2019\/02\/NEW20LOGO20SHORT20PNG1.png?fit=1259%2C1321&ssl=1\",\"contentUrl\":\"https:\/\/i0.wp.com\/catapa.be\/wp-content\/uploads\/2019\/02\/NEW20LOGO20SHORT20PNG1.png?fit=1259%2C1321&ssl=1\",\"width\":1259,\"height\":1321,\"caption\":\"CATAPA vzw\"},\"image\":{\"@id\":\"https:\/\/catapa.be\/nl\/#\/schema\/logo\/image\/\"},\"sameAs\":[\"https:\/\/www.facebook.com\/catapa.belgium\/\",\"https:\/\/x.com\/CATAPA_Belgica\",\"https:\/\/www.instagram.com\/catapa_vzw\/\",\"https:\/\/be.linkedin.com\/company\/catapavzw\",\"https:\/\/www.youtube.com\/channel\/UCE52-Fiyv-Fpqf2gi1qhf1g\"]}]}<\/script>\n<!-- \/ Yoast SEO plugin. -->","yoast_head_json":{"title":"CTRL ALT DELETE - CATAPA vzw","description":"Ctrl Atl Delete - Stop Geplande Veroudering, Stop Expres Defect","robots":{"index":"index","follow":"follow","max-snippet":"max-snippet:-1","max-image-preview":"max-image-preview:large","max-video-preview":"max-video-preview:-1"},"canonical":"https:\/\/catapa.be\/nl\/ctrlaltdelete\/","og_locale":"nl_NL","og_type":"article","og_title":"CTRL ALT DELETE - CATAPA vzw","og_description":"Ctrl Atl Delete - Stop Geplande Veroudering, Stop Expres Defect","og_url":"https:\/\/catapa.be\/nl\/ctrlaltdelete\/","og_site_name":"CATAPA vzw","article_publisher":"https:\/\/www.facebook.com\/catapa.belgium\/","article_modified_time":"2023-10-17T15:14:14+00:00","og_image":[{"width":1640,"height":924,"url":"https:\/\/catapa.be\/wp-content\/uploads\/2021\/11\/expresdefect-projection-ghelamco.png","type":"image\/png"}],"twitter_card":"summary_large_image","twitter_site":"@CATAPA_Belgica","twitter_misc":{"Geschatte leestijd":"1 minuut"},"schema":{"@context":"https:\/\/schema.org","@graph":[{"@type":"WebPage","@id":"https:\/\/catapa.be\/nl\/ctrlaltdelete\/","url":"https:\/\/catapa.be\/nl\/ctrlaltdelete\/","name":"CTRL ALT DELETE - CATAPA vzw","isPartOf":{"@id":"https:\/\/catapa.be\/nl\/#website"},"primaryImageOfPage":{"@id":"https:\/\/catapa.be\/nl\/ctrlaltdelete\/#primaryimage"},"image":{"@id":"https:\/\/catapa.be\/nl\/ctrlaltdelete\/#primaryimage"},"thumbnailUrl":"https:\/\/i0.wp.com\/catapa.be\/wp-content\/uploads\/2021\/11\/expresdefect-projection-ghelamco.png?fit=1640%2C924&ssl=1","datePublished":"2022-02-10T12:39:51+00:00","dateModified":"2023-10-17T15:14:14+00:00","description":"Ctrl Atl Delete - Stop Geplande Veroudering, Stop Expres Defect","breadcrumb":{"@id":"https:\/\/catapa.be\/nl\/ctrlaltdelete\/#breadcrumb"},"inLanguage":"nl-NL","potentialAction":[{"@type":"ReadAction","target":["https:\/\/catapa.be\/nl\/ctrlaltdelete\/"]}]},{"@type":"ImageObject","inLanguage":"nl-NL","@id":"https:\/\/catapa.be\/nl\/ctrlaltdelete\/#primaryimage","url":"https:\/\/i0.wp.com\/catapa.be\/wp-content\/uploads\/2021\/11\/expresdefect-projection-ghelamco.png?fit=1640%2C924&ssl=1","contentUrl":"https:\/\/i0.wp.com\/catapa.be\/wp-content\/uploads\/2021\/11\/expresdefect-projection-ghelamco.png?fit=1640%2C924&ssl=1","width":1640,"height":924,"caption":"Ctrl alt del campaign"},{"@type":"BreadcrumbList","@id":"https:\/\/catapa.be\/nl\/ctrlaltdelete\/#breadcrumb","itemListElement":[{"@type":"ListItem","position":1,"name":"Home","item":"https:\/\/catapa.be\/nl\/"},{"@type":"ListItem","position":2,"name":"CTRL ALT DELETE"}]},{"@type":"WebSite","@id":"https:\/\/catapa.be\/nl\/#website","url":"https:\/\/catapa.be\/nl\/","name":"CATAPA vzw","description":"Comit\u00e9 Acad\u00e9mico T\u00e9cnico de Asesoramiento a Problemas Ambientales","publisher":{"@id":"https:\/\/catapa.be\/nl\/#organization"},"potentialAction":[{"@type":"SearchAction","target":{"@type":"EntryPoint","urlTemplate":"https:\/\/catapa.be\/nl\/?s={search_term_string}"},"query-input":{"@type":"PropertyValueSpecification","valueRequired":true,"valueName":"search_term_string"}}],"inLanguage":"nl-NL"},{"@type":"Organization","@id":"https:\/\/catapa.be\/nl\/#organization","name":"CATAPA vzw","url":"https:\/\/catapa.be\/nl\/","logo":{"@type":"ImageObject","inLanguage":"nl-NL","@id":"https:\/\/catapa.be\/nl\/#\/schema\/logo\/image\/","url":"https:\/\/i0.wp.com\/catapa.be\/wp-content\/uploads\/2019\/02\/NEW20LOGO20SHORT20PNG1.png?fit=1259%2C1321&ssl=1","contentUrl":"https:\/\/i0.wp.com\/catapa.be\/wp-content\/uploads\/2019\/02\/NEW20LOGO20SHORT20PNG1.png?fit=1259%2C1321&ssl=1","width":1259,"height":1321,"caption":"CATAPA vzw"},"image":{"@id":"https:\/\/catapa.be\/nl\/#\/schema\/logo\/image\/"},"sameAs":["https:\/\/www.facebook.com\/catapa.belgium\/","https:\/\/x.com\/CATAPA_Belgica","https:\/\/www.instagram.com\/catapa_vzw\/","https:\/\/be.linkedin.com\/company\/catapavzw","https:\/\/www.youtube.com\/channel\/UCE52-Fiyv-Fpqf2gi1qhf1g"]}]}},"jetpack_sharing_enabled":false,"jetpack_likes_enabled":false,"jetpack-related-posts":[{"id":3007,"url":"https:\/\/catapa.be\/es\/catapa-vzw-homepage-espanol\/","url_meta":{"origin":24303,"position":0},"title":"Home","author":"Alienor de Sas","date":"20 mei 2011","format":false,"excerpt":"[vc_row][vc_column][vc_column_text css=\".vc_custom_1550249085836{margin-top: 0px !important;margin-bottom: 0px !important;border-top-width: 0px !important;border-bottom-width: 0px !important;padding-top: 0px !important;padding-bottom: 0px !important;}\"] \u00daltimos art\u00edculos \/ Visita el blog [\/vc_column_text][vc_basic_grid post_type=\"post\" max_items=\"4\" element_width=\"3\" gap=\"15\" item=\"7496\" grid_id=\"vc_gid:1693567007909-e169daf3-b9f0-0\" css=\".vc_custom_1551197336803{margin-top: 0px !important;margin-bottom: 0px !important;border-top-width: 0px !important;border-bottom-width: 0px !important;padding-top: 0px !important;padding-bottom: 0px !important;}\" exclude=\"9207, 9206, 9196, 9224, 7595, 7585\"][vc_wp_text][events per_page=\"3\" show_event_types=\"false\" show_categories=\"false\" show_filters=\"false\"][\/vc_wp_text][\/vc_column][\/vc_row][vc_row\u2026","rel":"","context":"Soortgelijk bericht","block_context":{"text":"Soortgelijk bericht","link":""},"img":{"alt_text":"","src":"","width":0,"height":0},"classes":[]},{"id":18471,"url":"https:\/\/catapa.be\/en\/welcome-to-catapas-wordpress-workshop\/","url_meta":{"origin":24303,"position":1},"title":"Welcome to CATAPA&#8217;s WordPress Workshop","author":"admin","date":"25 november 2020","format":false,"excerpt":"[vc_row full_width=\"stretch_row\" content_placement=\"middle\" css=\".vc_custom_1536679173597{background-color: #009c55 !important;background-position: center !important;background-repeat: no-repeat !important;background-size: cover !important;}\"][vc_column width=\"1\/2\" css=\".vc_custom_1535037681167{padding-top: 0px !important;padding-right: 35px !important;padding-bottom: 0px !important;padding-left: 35px !important;}\"][vc_custom_heading text=\"What do you know about mining?\" font_container=\"tag:h2|font_size:35|text_align:left|color:%23ffffff\" google_fonts=\"font_family:Quicksand%3A300%2Cregular%2C700|font_style:400%20regular%3A400%3Anormal\"][vc_custom_heading text=\"There is an unlimited appetite for resources on a biophysically limited earth. The resource issues will be high on the\u2026","rel":"","context":"Soortgelijk bericht","block_context":{"text":"Soortgelijk bericht","link":""},"img":{"alt_text":"","src":"https:\/\/i0.wp.com\/catapa.be\/wp-content\/uploads\/2020\/11\/CATAPAs-WordPRess.png?fit=1200%2C547&ssl=1&resize=350%2C200","width":350,"height":200,"srcset":"https:\/\/i0.wp.com\/catapa.be\/wp-content\/uploads\/2020\/11\/CATAPAs-WordPRess.png?fit=1200%2C547&ssl=1&resize=350%2C200 1x, https:\/\/i0.wp.com\/catapa.be\/wp-content\/uploads\/2020\/11\/CATAPAs-WordPRess.png?fit=1200%2C547&ssl=1&resize=525%2C300 1.5x, https:\/\/i0.wp.com\/catapa.be\/wp-content\/uploads\/2020\/11\/CATAPAs-WordPRess.png?fit=1200%2C547&ssl=1&resize=700%2C400 2x, https:\/\/i0.wp.com\/catapa.be\/wp-content\/uploads\/2020\/11\/CATAPAs-WordPRess.png?fit=1200%2C547&ssl=1&resize=1050%2C600 3x"},"classes":[]},{"id":701,"url":"https:\/\/catapa.be\/en\/catapa-vzw-homepage\/","url_meta":{"origin":24303,"position":2},"title":"Home","author":"Alienor de Sas","date":"20 mei 2011","format":false,"excerpt":"[vc_row full_width=\"stretch_row\"][vc_column][vc_cta h2=\"The right to say 'no'\" txt_align=\"center\" shape=\"square\" add_button=\"bottom\" btn_title=\"Support the campaign\" btn_color=\"orange\" btn_align=\"center\" btn_link=\"url:https%3A%2F%2Fcatapa.be%2Fen%2Fhow-we-work%2Fcatapa-campaigns-and-projects%2Fright-to-say-no|title:The%20right%20to%20say%20'no'\"]We support communities' right to say 'no' to mining and the system that makes mining necessary. In the Andes region and here![\/vc_cta][\/vc_column][vc_column css=\".vc_custom_1535376096604{margin-top: 0px !important;margin-bottom: 0px !important;border-top-width: 0px !important;border-bottom-width: 0px !important;padding-top: 0px !important;padding-bottom: 0px !important;}\"][vc_column_text\u2026","rel":"","context":"Soortgelijk bericht","block_context":{"text":"Soortgelijk bericht","link":""},"img":{"alt_text":"","src":"","width":0,"height":0},"classes":[]},{"id":3005,"url":"https:\/\/catapa.be\/nl\/","url_meta":{"origin":24303,"position":3},"title":"Home","author":"Alienor de Sas","date":"20 mei 2011","format":false,"excerpt":"[vc_row css=\".vc_custom_1698400141878{margin-top: 1px !important;margin-bottom: 1px !important;border-top-width: 0px !important;border-bottom-width: 0px !important;padding-top: 0px !important;padding-bottom: 0px !important;}\"][vc_column width=\"1\/4\"][vc_cta h2=\"Het recht om 'nee' te zeggen\" txt_align=\"center\" shape=\"square\" add_button=\"bottom\" btn_title=\"De campagne\" btn_color=\"orange\" btn_align=\"center\" btn_link=\"url:https%3A%2F%2Fcatapa.be%2Fnl%2Fons-werk%2Fcampagnes%2Fhet-recht-om-nee-te-zeggen%2F|title:Het%20recht%20om%20'nee'%20te%20zeggen\"]We steunen gemeenschappen hun recht om 'nee' te zeggen tegen mijnbouw en het maatschappelijke systeem dat mijnbouw noodzakelijk maakt. In de Andesregio\u2026","rel":"","context":"Soortgelijk bericht","block_context":{"text":"Soortgelijk bericht","link":""},"img":{"alt_text":"","src":"https:\/\/i0.wp.com\/catapa.be\/wp-content\/uploads\/2023\/10\/Right-to-say-no-250.png?resize=350%2C200&ssl=1","width":350,"height":200},"classes":[]},{"id":33784,"url":"https:\/\/catapa.be\/en\/how-we-work\/catapa-campaigns-and-projects\/right-to-say-no\/","url_meta":{"origin":24303,"position":4},"title":"Right to Say No","author":"Estefan\u00eda","date":"19 juli 2023","format":false,"excerpt":"[vc_row][vc_column css=\".vc_custom_1689176990469{margin-top: -150px !important;border-top-width: -150px !important;padding-top: -150px !important;}\"][vc_column_text] What is the Right to say 'No'? We understand The Right to Say No (RTSN) as the inalienable and collective right of a community to say No to extractive projects on the territories \/ lands they are living within. The Right to\u2026","rel":"","context":"Soortgelijk bericht","block_context":{"text":"Soortgelijk bericht","link":""},"img":{"alt_text":"","src":"https:\/\/i0.wp.com\/catapa.be\/wp-content\/uploads\/2023\/02\/WhatsApp-Image-2023-01-18-at-15.52.04-300x200.jpeg?resize=350%2C200&ssl=1","width":350,"height":200},"classes":[]},{"id":33785,"url":"https:\/\/catapa.be\/es\/labor\/campanas\/right-to-say-no\/","url_meta":{"origin":24303,"position":5},"title":"Right To Say No","author":"Estefan\u00eda","date":"19 juli 2023","format":false,"excerpt":"[vc_row css=\".vc_custom_1689176811223{margin-bottom: -25px !important;border-bottom-width: -25px !important;padding-bottom: -25px !important;}\"][vc_column css=\".vc_custom_1689176990469{margin-top: -150px !important;border-top-width: -150px !important;padding-top: -150px !important;}\"][vc_column_text] \u00bfQu\u00e9 es RTSN? Entendemos el Derecho a Decir No como el derecho inalienable y colectivo de una comunidad a decir No a proyectos extractivos en los territorios que habitan. El Derecho a Decir No se\u2026","rel":"","context":"Soortgelijk bericht","block_context":{"text":"Soortgelijk bericht","link":""},"img":{"alt_text":"","src":"https:\/\/i0.wp.com\/catapa.be\/wp-content\/uploads\/2023\/02\/WhatsApp-Image-2023-01-18-at-15.52.04-300x200.jpeg?resize=350%2C200&ssl=1","width":350,"height":200},"classes":[]}],"_links":{"self":[{"href":"https:\/\/catapa.be\/nl\/wp-json\/wp\/v2\/pages\/24303","targetHints":{"allow":["GET"]}}],"collection":[{"href":"https:\/\/catapa.be\/nl\/wp-json\/wp\/v2\/pages"}],"about":[{"href":"https:\/\/catapa.be\/nl\/wp-json\/wp\/v2\/types\/page"}],"author":[{"embeddable":true,"href":"https:\/\/catapa.be\/nl\/wp-json\/wp\/v2\/users\/60"}],"replies":[{"embeddable":true,"href":"https:\/\/catapa.be\/nl\/wp-json\/wp\/v2\/comments?post=24303"}],"version-history":[{"count":77,"href":"https:\/\/catapa.be\/nl\/wp-json\/wp\/v2\/pages\/24303\/revisions"}],"predecessor-version":[{"id":38100,"href":"https:\/\/catapa.be\/nl\/wp-json\/wp\/v2\/pages\/24303\/revisions\/38100"}],"wp:featuredmedia":[{"embeddable":true,"href":"https:\/\/catapa.be\/nl\/wp-json\/wp\/v2\/media\/24304"}],"wp:attachment":[{"href":"https:\/\/catapa.be\/nl\/wp-json\/wp\/v2\/media?parent=24303"}],"curies":[{"name":"wp","href":"https:\/\/api.w.org\/{rel}","templated":true}]}}