{"id":24527,"date":"2021-11-24T16:08:15","date_gmt":"2021-11-24T15:08:15","guid":{"rendered":"https:\/\/catapa.be\/?page_id=24527"},"modified":"2022-04-04T17:12:08","modified_gmt":"2022-04-04T15:12:08","slug":"ctrlaltdel","status":"publish","type":"page","link":"https:\/\/catapa.be\/nl\/ctrlaltdel\/","title":{"rendered":"Ctrl Alt Del &#8211; oud"},"content":{"rendered":"<div class=\"wpb-content-wrapper\"><p>[vc_row][vc_column][vc_column_text]<\/p>\n<div class=\"wpb_text_column wpb_content_element \">\n<div class=\"wpb_wrapper\">\n<h2 style=\"text-align: center;\">Lancering Ctrl Alt Del Campagne<\/h2>\n<h3 style=\"text-align: center;\">Reset het systeem &amp; stop geplande veroudering!<\/h3>\n<p style=\"text-align: center;\"><b>De aarde raakt uitgeput.<\/b><\/p>\n<p style=\"text-align: center;\">Overstromingen, bosbranden, smeltende gletsjers, \u2026: we worden alsmaar vaker geconfronteerd met natuurrampen. De gevolgen zijn desastreus &amp; onbetwistbaar: we zijn de limieten van onze planeet aan het overschrijden. Om onze aardbol leefbaar te houden moeten we wakker worden en actie ondernemen. Actie gericht op het systeem, want we moeten dringend stoppen met enkel burgers verantwoordelijk te houden: we moeten het systeem aanpakken, het economisch systeem dat streeft naar eeuwige groei! Een reset van dat systeem, dat is wat we nodig hebben! Ctrl Alt Del!<\/p>\n<p style=\"text-align: center;\"><b>Take, make, waste.<\/b><\/p>\n<p style=\"text-align: center;\">Ons huidige lineaire consumptie- en productie model is \u00e9\u00e9n van de grootste oorzaken voor deze klimaatcrisis. Bij dit \u201cwegwerp\u201d model is de kwaliteit van die producten ondergeschikt aan de kwantiteit, om zo de consumptie en de verkoop, voornamelijk van elektronica, tot het eindeloze te stimuleren.<\/p>\n<p style=\"text-align: center;\"><b>Meer productie = meer mijnbouw<\/b><\/p>\n<p style=\"text-align: center;\">Dat oneindig aanbod van producten strookt niet met de eindigheid van onze planeet, de aarde is geen bodemloze put.\u00a0We kunnen niet alsmaar meer metalen uit de grond blijven halen. De vraag naar ruwe grondstoffen is al onhoudbaar, met vele catastrofes als gevolg. Mijnbouw gaat niet alleen gepaard met grote energie- en waterverspilling, maar ook met de verontreiniging van grond en water, door het gebruik van chemicali\u00ebn. Dit veroorzaakt biodiversiteitsverlies en dus de aantasting van het ecosysteem van de aarde. Daarboven is de mijnbouwsector ook verantwoordelijk voor 10% van de wereldwijde uitstoot van CO2-emissies, waarmee deze branche behoort tot \u00e9\u00e9n van de meest vervuilende sectoren op aarde.<\/p>\n<\/div>\n<\/div>\n<div class=\"wpb_text_column wpb_content_element \">\n<div class=\"wpb_wrapper\">\n<p style=\"text-align: center;\"><b>Geplande veroudering: wat is het en waarom zal het onze planeet vernietigen?<\/b><\/p>\n<p style=\"text-align: center;\">Goederen produceren aan topsnelheid en aan de laagst mogelijke prijzen, dat is de basis van ons huidig economisch systeem. Producten worden gemaakt met een gelimiteerde levensduur (geplande veroudering) of het ontwerp bemoeilijkt reparatie of maakt het onhaalbaar. Sommige producten worden zelfs expres gemaakt met systeemfouten, expres defect ontworpen dus, zodat de levensspanne kort is en er meer producten verkocht worden. Dit is deel van een doelbewuste strategie van de industrie om gebruikers te ontmoedigen en om ons snel nieuwe apparaten te doen kopen. Dat is de definitie van geplande veroudering (planned obsolescence in het engels).<\/p>\n<p style=\"text-align: center;\"><b>Tijd om actie te ondernemen voor meer regelgeving!<\/b><\/p>\n<p style=\"text-align: center;\">De oplossing hiervoor ligt op beleidsniveau. De planeet heeft dringend behoefte aan sterke politici die zich niet laten lobbyen door de industrie, maar hen net durft te onderwerpen aan strenge regelgeving. Reglementering kan ervoor zorgen dat multinationals verplicht worden betere producten (eco-design) voor de consument te maken: herstelbare producten, gemaakt om lang mee te gaan, in plaats van wegwerpproducten gemaakt om snel kapot te gaan en vervangen te worden. Logisch toch?<\/p>\n<\/div>\n<\/div>\n<p>[\/vc_column_text][vc_cta h2=&#8221;Doe mee met onze Ctrl Alt Del Campagne!&#8221; txt_align=&#8221;center&#8221; color=&#8221;green&#8221;]<b>Verwacht je de komende maanden aan tal van workshops, lezingen, acties, \u2026 over geplande veroudering. Volg onze Ctrl Alt Delete campagne op de voet en kom samen met Catapa in actie: laten we onze krachten bundelen om zo onze politici te dwingen hun verantwoordelijkheid op te nemen, geplande veroudering te stoppen en het huidige systeem te resetten!\u00a0<\/b><\/p>\n<p>#ctrlaltdel #ExpresDefect[\/vc_cta][vc_column_text]<\/p>\n<h4 style=\"text-align: center;\">Laat je e-mail adres achter en blijf op de hoogte!<\/h4>\n<p>[\/vc_column_text][vc_btn title=&#8221;\ud83d\udc49 Sign me up!&#8221; color=&#8221;sky&#8221; size=&#8221;lg&#8221; align=&#8221;center&#8221; link=&#8221;url:https%3A%2F%2Fdocs.google.com%2Fforms%2Fd%2Fe%2F1FAIpQLSdIthbulCcwfoK0TerTG4EZgLyCAWrF65TQWqCBL7O65l59NA%2Fviewform|target:_blank&#8221;][vc_single_image image=&#8221;24305&#8243; img_size=&#8221;full&#8221; alignment=&#8221;center&#8221;][vc_column_text]<\/p>\n<p>Design logo <a href=\"https:\/\/www.instagram.com\/dayanacorzojoya\/\" target=\"_blank\" rel=\"noopener\">@DayanaCorzojoya<\/a>[\/vc_column_text][\/vc_column][\/vc_row]<\/p>\n<\/div>","protected":false},"excerpt":{"rendered":"<p>[vc_row][vc_column][vc_column_text] Lancering Ctrl Alt Del Campagne Reset het systeem &amp; stop geplande veroudering! De aarde raakt uitgeput. Overstromingen, bosbranden, smeltende gletsjers, \u2026: we worden alsmaar vaker geconfronteerd met natuurrampen. De gevolgen zijn desastreus &amp; onbetwistbaar:<br \/><a class=\"read-more\" href=\"https:\/\/catapa.be\/nl\/ctrlaltdel\/\">Read More<\/a><\/p>\n","protected":false},"author":61,"featured_media":24521,"parent":0,"menu_order":0,"comment_status":"closed","ping_status":"closed","template":"","meta":{"_exactmetrics_skip_tracking":false,"_exactmetrics_sitenote_active":false,"_exactmetrics_sitenote_note":"","_exactmetrics_sitenote_category":0,"jetpack_post_was_ever_published":false,"footnotes":""},"class_list":["post-24527","page","type-page","status-publish","has-post-thumbnail","hentry"],"yoast_head":"<!-- This site is optimized with the Yoast SEO plugin v26.8 - https:\/\/yoast.com\/product\/yoast-seo-wordpress\/ -->\n<title>Ctrl Alt Del - oud - CATAPA vzw<\/title>\n<meta name=\"description\" content=\"Ctrl Alt del campagne catapa vzw: campagne over geplande veroudering \/ planned obsolescence. #expresdefect\" \/>\n<meta name=\"robots\" content=\"index, follow, max-snippet:-1, max-image-preview:large, max-video-preview:-1\" \/>\n<link rel=\"canonical\" href=\"https:\/\/catapa.be\/nl\/ctrlaltdel\/\" \/>\n<meta property=\"og:locale\" content=\"nl_NL\" \/>\n<meta property=\"og:type\" content=\"article\" \/>\n<meta property=\"og:title\" content=\"Ctrl Alt Del - oud - CATAPA vzw\" \/>\n<meta property=\"og:description\" content=\"Ctrl Alt del campagne catapa vzw: campagne over geplande veroudering \/ planned obsolescence. #expresdefect\" \/>\n<meta property=\"og:url\" content=\"https:\/\/catapa.be\/nl\/ctrlaltdel\/\" \/>\n<meta property=\"og:site_name\" content=\"CATAPA vzw\" \/>\n<meta property=\"article:publisher\" content=\"https:\/\/www.facebook.com\/catapa.belgium\/\" \/>\n<meta property=\"article:modified_time\" content=\"2022-04-04T15:12:08+00:00\" \/>\n<meta property=\"og:image\" content=\"https:\/\/catapa.be\/wp-content\/uploads\/2021\/11\/Blue-and-Orange-Friendly-Corporate-Manufacturing-X-Frame-Banner.png\" \/>\n\t<meta property=\"og:image:width\" content=\"9216\" \/>\n\t<meta property=\"og:image:height\" content=\"2304\" \/>\n\t<meta property=\"og:image:type\" content=\"image\/png\" \/>\n<meta name=\"twitter:card\" content=\"summary_large_image\" \/>\n<meta name=\"twitter:site\" content=\"@CATAPA_Belgica\" \/>\n<meta name=\"twitter:label1\" content=\"Geschatte leestijd\" \/>\n\t<meta name=\"twitter:data1\" content=\"3 minuten\" \/>\n<script type=\"application\/ld+json\" class=\"yoast-schema-graph\">{\"@context\":\"https:\/\/schema.org\",\"@graph\":[{\"@type\":\"WebPage\",\"@id\":\"https:\/\/catapa.be\/nl\/ctrlaltdel\/\",\"url\":\"https:\/\/catapa.be\/nl\/ctrlaltdel\/\",\"name\":\"Ctrl Alt Del - oud - CATAPA vzw\",\"isPartOf\":{\"@id\":\"https:\/\/catapa.be\/nl\/#website\"},\"primaryImageOfPage\":{\"@id\":\"https:\/\/catapa.be\/nl\/ctrlaltdel\/#primaryimage\"},\"image\":{\"@id\":\"https:\/\/catapa.be\/nl\/ctrlaltdel\/#primaryimage\"},\"thumbnailUrl\":\"https:\/\/i0.wp.com\/catapa.be\/wp-content\/uploads\/2021\/11\/Blue-and-Orange-Friendly-Corporate-Manufacturing-X-Frame-Banner.png?fit=9216%2C2304&ssl=1\",\"datePublished\":\"2021-11-24T15:08:15+00:00\",\"dateModified\":\"2022-04-04T15:12:08+00:00\",\"description\":\"Ctrl Alt del campagne catapa vzw: campagne over geplande veroudering \/ planned obsolescence. #expresdefect\",\"breadcrumb\":{\"@id\":\"https:\/\/catapa.be\/nl\/ctrlaltdel\/#breadcrumb\"},\"inLanguage\":\"nl-NL\",\"potentialAction\":[{\"@type\":\"ReadAction\",\"target\":[\"https:\/\/catapa.be\/nl\/ctrlaltdel\/\"]}]},{\"@type\":\"ImageObject\",\"inLanguage\":\"nl-NL\",\"@id\":\"https:\/\/catapa.be\/nl\/ctrlaltdel\/#primaryimage\",\"url\":\"https:\/\/i0.wp.com\/catapa.be\/wp-content\/uploads\/2021\/11\/Blue-and-Orange-Friendly-Corporate-Manufacturing-X-Frame-Banner.png?fit=9216%2C2304&ssl=1\",\"contentUrl\":\"https:\/\/i0.wp.com\/catapa.be\/wp-content\/uploads\/2021\/11\/Blue-and-Orange-Friendly-Corporate-Manufacturing-X-Frame-Banner.png?fit=9216%2C2304&ssl=1\",\"width\":9216,\"height\":2304},{\"@type\":\"BreadcrumbList\",\"@id\":\"https:\/\/catapa.be\/nl\/ctrlaltdel\/#breadcrumb\",\"itemListElement\":[{\"@type\":\"ListItem\",\"position\":1,\"name\":\"Home\",\"item\":\"https:\/\/catapa.be\/nl\/\"},{\"@type\":\"ListItem\",\"position\":2,\"name\":\"Ctrl Alt Del &#8211; oud\"}]},{\"@type\":\"WebSite\",\"@id\":\"https:\/\/catapa.be\/nl\/#website\",\"url\":\"https:\/\/catapa.be\/nl\/\",\"name\":\"CATAPA vzw\",\"description\":\"Comit\u00e9 Acad\u00e9mico T\u00e9cnico de Asesoramiento a Problemas Ambientales\",\"publisher\":{\"@id\":\"https:\/\/catapa.be\/nl\/#organization\"},\"potentialAction\":[{\"@type\":\"SearchAction\",\"target\":{\"@type\":\"EntryPoint\",\"urlTemplate\":\"https:\/\/catapa.be\/nl\/?s={search_term_string}\"},\"query-input\":{\"@type\":\"PropertyValueSpecification\",\"valueRequired\":true,\"valueName\":\"search_term_string\"}}],\"inLanguage\":\"nl-NL\"},{\"@type\":\"Organization\",\"@id\":\"https:\/\/catapa.be\/nl\/#organization\",\"name\":\"CATAPA vzw\",\"url\":\"https:\/\/catapa.be\/nl\/\",\"logo\":{\"@type\":\"ImageObject\",\"inLanguage\":\"nl-NL\",\"@id\":\"https:\/\/catapa.be\/nl\/#\/schema\/logo\/image\/\",\"url\":\"https:\/\/i0.wp.com\/catapa.be\/wp-content\/uploads\/2019\/02\/NEW20LOGO20SHORT20PNG1.png?fit=1259%2C1321&ssl=1\",\"contentUrl\":\"https:\/\/i0.wp.com\/catapa.be\/wp-content\/uploads\/2019\/02\/NEW20LOGO20SHORT20PNG1.png?fit=1259%2C1321&ssl=1\",\"width\":1259,\"height\":1321,\"caption\":\"CATAPA vzw\"},\"image\":{\"@id\":\"https:\/\/catapa.be\/nl\/#\/schema\/logo\/image\/\"},\"sameAs\":[\"https:\/\/www.facebook.com\/catapa.belgium\/\",\"https:\/\/x.com\/CATAPA_Belgica\",\"https:\/\/www.instagram.com\/catapa_vzw\/\",\"https:\/\/be.linkedin.com\/company\/catapavzw\",\"https:\/\/www.youtube.com\/channel\/UCE52-Fiyv-Fpqf2gi1qhf1g\"]}]}<\/script>\n<!-- \/ Yoast SEO plugin. -->","yoast_head_json":{"title":"Ctrl Alt Del - oud - CATAPA vzw","description":"Ctrl Alt del campagne catapa vzw: campagne over geplande veroudering \/ planned obsolescence. #expresdefect","robots":{"index":"index","follow":"follow","max-snippet":"max-snippet:-1","max-image-preview":"max-image-preview:large","max-video-preview":"max-video-preview:-1"},"canonical":"https:\/\/catapa.be\/nl\/ctrlaltdel\/","og_locale":"nl_NL","og_type":"article","og_title":"Ctrl Alt Del - oud - CATAPA vzw","og_description":"Ctrl Alt del campagne catapa vzw: campagne over geplande veroudering \/ planned obsolescence. #expresdefect","og_url":"https:\/\/catapa.be\/nl\/ctrlaltdel\/","og_site_name":"CATAPA vzw","article_publisher":"https:\/\/www.facebook.com\/catapa.belgium\/","article_modified_time":"2022-04-04T15:12:08+00:00","og_image":[{"width":9216,"height":2304,"url":"https:\/\/catapa.be\/wp-content\/uploads\/2021\/11\/Blue-and-Orange-Friendly-Corporate-Manufacturing-X-Frame-Banner.png","type":"image\/png"}],"twitter_card":"summary_large_image","twitter_site":"@CATAPA_Belgica","twitter_misc":{"Geschatte leestijd":"3 minuten"},"schema":{"@context":"https:\/\/schema.org","@graph":[{"@type":"WebPage","@id":"https:\/\/catapa.be\/nl\/ctrlaltdel\/","url":"https:\/\/catapa.be\/nl\/ctrlaltdel\/","name":"Ctrl Alt Del - oud - CATAPA vzw","isPartOf":{"@id":"https:\/\/catapa.be\/nl\/#website"},"primaryImageOfPage":{"@id":"https:\/\/catapa.be\/nl\/ctrlaltdel\/#primaryimage"},"image":{"@id":"https:\/\/catapa.be\/nl\/ctrlaltdel\/#primaryimage"},"thumbnailUrl":"https:\/\/i0.wp.com\/catapa.be\/wp-content\/uploads\/2021\/11\/Blue-and-Orange-Friendly-Corporate-Manufacturing-X-Frame-Banner.png?fit=9216%2C2304&ssl=1","datePublished":"2021-11-24T15:08:15+00:00","dateModified":"2022-04-04T15:12:08+00:00","description":"Ctrl Alt del campagne catapa vzw: campagne over geplande veroudering \/ planned obsolescence. #expresdefect","breadcrumb":{"@id":"https:\/\/catapa.be\/nl\/ctrlaltdel\/#breadcrumb"},"inLanguage":"nl-NL","potentialAction":[{"@type":"ReadAction","target":["https:\/\/catapa.be\/nl\/ctrlaltdel\/"]}]},{"@type":"ImageObject","inLanguage":"nl-NL","@id":"https:\/\/catapa.be\/nl\/ctrlaltdel\/#primaryimage","url":"https:\/\/i0.wp.com\/catapa.be\/wp-content\/uploads\/2021\/11\/Blue-and-Orange-Friendly-Corporate-Manufacturing-X-Frame-Banner.png?fit=9216%2C2304&ssl=1","contentUrl":"https:\/\/i0.wp.com\/catapa.be\/wp-content\/uploads\/2021\/11\/Blue-and-Orange-Friendly-Corporate-Manufacturing-X-Frame-Banner.png?fit=9216%2C2304&ssl=1","width":9216,"height":2304},{"@type":"BreadcrumbList","@id":"https:\/\/catapa.be\/nl\/ctrlaltdel\/#breadcrumb","itemListElement":[{"@type":"ListItem","position":1,"name":"Home","item":"https:\/\/catapa.be\/nl\/"},{"@type":"ListItem","position":2,"name":"Ctrl Alt Del &#8211; oud"}]},{"@type":"WebSite","@id":"https:\/\/catapa.be\/nl\/#website","url":"https:\/\/catapa.be\/nl\/","name":"CATAPA vzw","description":"Comit\u00e9 Acad\u00e9mico T\u00e9cnico de Asesoramiento a Problemas Ambientales","publisher":{"@id":"https:\/\/catapa.be\/nl\/#organization"},"potentialAction":[{"@type":"SearchAction","target":{"@type":"EntryPoint","urlTemplate":"https:\/\/catapa.be\/nl\/?s={search_term_string}"},"query-input":{"@type":"PropertyValueSpecification","valueRequired":true,"valueName":"search_term_string"}}],"inLanguage":"nl-NL"},{"@type":"Organization","@id":"https:\/\/catapa.be\/nl\/#organization","name":"CATAPA vzw","url":"https:\/\/catapa.be\/nl\/","logo":{"@type":"ImageObject","inLanguage":"nl-NL","@id":"https:\/\/catapa.be\/nl\/#\/schema\/logo\/image\/","url":"https:\/\/i0.wp.com\/catapa.be\/wp-content\/uploads\/2019\/02\/NEW20LOGO20SHORT20PNG1.png?fit=1259%2C1321&ssl=1","contentUrl":"https:\/\/i0.wp.com\/catapa.be\/wp-content\/uploads\/2019\/02\/NEW20LOGO20SHORT20PNG1.png?fit=1259%2C1321&ssl=1","width":1259,"height":1321,"caption":"CATAPA vzw"},"image":{"@id":"https:\/\/catapa.be\/nl\/#\/schema\/logo\/image\/"},"sameAs":["https:\/\/www.facebook.com\/catapa.belgium\/","https:\/\/x.com\/CATAPA_Belgica","https:\/\/www.instagram.com\/catapa_vzw\/","https:\/\/be.linkedin.com\/company\/catapavzw","https:\/\/www.youtube.com\/channel\/UCE52-Fiyv-Fpqf2gi1qhf1g"]}]}},"jetpack_sharing_enabled":true,"jetpack_likes_enabled":true,"jetpack-related-posts":[{"id":28009,"url":"https:\/\/catapa.be\/nl\/ctrlaltdelete-onze-eisen-visie\/","url_meta":{"origin":24527,"position":0},"title":"ONZE EISEN &#038; VISIE","author":"Mathieu Cieters","date":"17 februari 2022","format":false,"excerpt":"[vc_row css=\".vc_custom_1645205900541{padding-right: 20px !important;padding-left: 20px !important;background-color: #1767fd !important;}\"][vc_column width=\"1\/12\"][\/vc_column][vc_column width=\"10\/12\"][vc_column_text el_class=\"geletekst typtekst\" css=\".vc_custom_1645208839289{padding-top: 35px !important;}\"] Ctrl Alt DELETE. Stop #EXPRESDEFECT [\/vc_column_text][vc_column_text el_class=\"typtekst\"] CTRL [\/vc_column_text][vc_column_text el_class=\"wittetekst schreefloos\"] CONTROLE & transparantie op de productie van ICT. [\/vc_column_text][vc_column_text el_class=\"typtekst\"] ALT [\/vc_column_text][vc_column_text el_class=\"wittetekst schreefloos\"] Een ALTERNATIEVE wetgeving die geplande veroudering aan banden legt. [\/vc_column_text][vc_column_text\u2026","rel":"","context":"Soortgelijk bericht","block_context":{"text":"Soortgelijk bericht","link":""},"img":{"alt_text":"","src":"https:\/\/i0.wp.com\/catapa.be\/wp-content\/uploads\/2023\/03\/Mechelen_RGB-300x102.jpg?resize=350%2C200&ssl=1","width":350,"height":200},"classes":[]},{"id":28011,"url":"https:\/\/catapa.be\/nl\/ctrlaltdelete-doe-mee-2\/","url_meta":{"origin":24527,"position":1},"title":"DOE MEE!","author":"Mathieu Cieters","date":"17 februari 2022","format":false,"excerpt":"[vc_row css=\".vc_custom_1645369009320{padding-top: 0px !important;padding-right: 0px !important;padding-bottom: 0px !important;padding-left: 20px !important;background-color: #fdf22a !important;}\"][vc_column width=\"1\/2\"][vc_column_text el_class=\"blauwetekst schreefloos hoofdletters\" css=\".vc_custom_1645369211614{padding-top: 35px !important;}\"]Doe mee & Stop #ExpresDefect![\/vc_column_text][vc_column_text el_class=\"blauwetekst schreefloos kleinetekst\"]De Ctrl Alt Delete campagne wil geplande veroudering en dus #ExpresDefect een halt toeroepen. Het bewust ontwerpen van producten met een korte levensduur is niet\u2026","rel":"","context":"Soortgelijk bericht","block_context":{"text":"Soortgelijk bericht","link":""},"img":{"alt_text":"","src":"","width":0,"height":0},"classes":[]},{"id":28013,"url":"https:\/\/catapa.be\/nl\/ctrlaltdelete-events-news\/","url_meta":{"origin":24527,"position":2},"title":"EVENTS &#038; NEWS","author":"Mathieu Cieters","date":"17 februari 2022","format":false,"excerpt":"[vc_row css=\".vc_custom_1649090957178{padding-top: 35px !important;padding-right: 20px !important;padding-left: 20px !important;background-color: #1767fd !important;}\" el_id=\"Events\"][vc_column][vc_column_text css=\".vc_custom_1648119292424{padding-top: 35px !important;}\" el_class=\"wittetekst schreefloos hoofdletters\"]Evenementen[\/vc_column_text][vc_row_inner gap=\"1\" css=\".vc_custom_1697561463276{padding-top: 0px !important;padding-bottom: 0px !important;}\"][vc_column_inner css=\".vc_custom_1697561501310{border-radius: 1px !important;}\" offset=\"vc_col-lg-4\/5\"][\/vc_column_inner][\/vc_row_inner][\/vc_column][\/vc_row][vc_row css=\".vc_custom_1698421825488{padding-top: 35px !important;padding-right: 20px !important;padding-left: 20px !important;background-color: #ffffff !important;}\" el_id=\"Afgelopen\"][vc_column][vc_column_text css=\".vc_custom_1648128385625{padding-top: 35px !important;}\" el_class=\"blauwetekst schreefloos hoofdletters\"]Bekijk hier onze afgelopen acties[\/vc_column_text][vc_row_inner css=\".vc_custom_1705928145796{padding-top: 0px !important;padding-bottom:\u2026","rel":"","context":"Soortgelijk bericht","block_context":{"text":"Soortgelijk bericht","link":""},"img":{"alt_text":"","src":"https:\/\/i0.wp.com\/catapa.be\/wp-content\/uploads\/2023\/10\/Ctrl-Alt-Del-Stop-ExpresDefect-logo.png?fit=250%2C250&ssl=1&resize=350%2C200","width":350,"height":200},"classes":[]},{"id":27190,"url":"https:\/\/catapa.be\/nl\/alles-over-ict-2\/","url_meta":{"origin":24527,"position":3},"title":"Alles over ICT","author":"Siel Vandamme","date":"9 december 2021","format":false,"excerpt":"[vc_row][vc_column][vc_column_text] Het verhaal achter onze ICT-toestellen [\/vc_column_text][vc_cta h2=\"Onze smartphones en mijnbouw zijn sterk met elkaar verstrengeld.\" color=\"sky\"]Met de stijgende productie en consumptie van digitale toestellen,, zit de vraag naar de kostbare metalen en mineralen, die nodig zijn om deze te maken, in de lift. De mijnbouwsector die deze grondstoffen ontgint\u2026","rel":"","context":"Soortgelijk bericht","block_context":{"text":"Soortgelijk bericht","link":""},"img":{"alt_text":"","src":"","width":0,"height":0},"classes":[]},{"id":2957,"url":"https:\/\/catapa.be\/nl\/over-ons\/visie-en-missie\/","url_meta":{"origin":24527,"position":4},"title":"Visie en Missie","author":"Alienor de Sas","date":"20 mei 2018","format":false,"excerpt":"[vc_row css=\".vc_custom_1533807373745{margin-top: -50px !important;margin-bottom: 50px !important;}\"][vc_column][vc_cta h2=\"CATAPA streeft...\" h4=\"...naar een wereld waarin de ontginning van niet-hernieuwbare grondstoffen niet langer nodig is door zich volop te richten op de overgang naar een model dat ontmijnt, ontgroeit en beweegt.\" style=\"custom\" css_animation=\"none\" custom_background=\"#01a053\" custom_text=\"#ffffff\"][\/vc_cta][\/vc_column][\/vc_row][vc_row full_width=\"stretch_row\" content_placement=\"middle\" css=\".vc_custom_1533808586582{margin-top: -100px !important;background-color: #f7f7f7 !important;}\"][vc_column][vc_custom_heading text=\"CATAPA ONTMIJNT\"\u2026","rel":"","context":"Soortgelijk bericht","block_context":{"text":"Soortgelijk bericht","link":""},"img":{"alt_text":"","src":"","width":0,"height":0},"classes":[]},{"id":3020,"url":"https:\/\/catapa.be\/nl\/over-ons\/onze-geschiedenis\/","url_meta":{"origin":24527,"position":5},"title":"Onze geschiedenis","author":"Alienor de Sas","date":"20 mei 2018","format":false,"excerpt":"[vc_row full_width=\"stretch_row\" content_placement=\"middle\"][vc_column][vc_cta h2=\"Van BelBol tot...\" h4=\"\u2026horizontale beweging met partnerorganisaties in Peru, Colombia, Ecuador en Bolivia met tal van lopende projecten in Vlaanderen, Europa en in Latijns-Amerika.\" style=\"custom\" custom_background=\"#01a053\" custom_text=\"#ffffff\"][\/vc_cta][\/vc_column][\/vc_row][vc_row full_width=\"stretch_row\" equal_height=\"yes\" css=\".vc_custom_1535455217709{background-color: #f7f7f7 !important;}\" el_id=\"table-of-contents\"][vc_column css_animation=\"none\" width=\"1\/2\"][vc_column_text css=\".vc_custom_1653737462552{padding-left: 50px !important;}\"] Inhoudstafel 2003-2007: van BelBol tot de start van CATAPA\u2026","rel":"","context":"Soortgelijk bericht","block_context":{"text":"Soortgelijk bericht","link":""},"img":{"alt_text":"","src":"https:\/\/i0.wp.com\/catapa.be\/wp-content\/uploads\/2019\/01\/mining-in-paradise-300x300.png?resize=350%2C200&ssl=1","width":350,"height":200},"classes":[]}],"_links":{"self":[{"href":"https:\/\/catapa.be\/nl\/wp-json\/wp\/v2\/pages\/24527","targetHints":{"allow":["GET"]}}],"collection":[{"href":"https:\/\/catapa.be\/nl\/wp-json\/wp\/v2\/pages"}],"about":[{"href":"https:\/\/catapa.be\/nl\/wp-json\/wp\/v2\/types\/page"}],"author":[{"embeddable":true,"href":"https:\/\/catapa.be\/nl\/wp-json\/wp\/v2\/users\/61"}],"replies":[{"embeddable":true,"href":"https:\/\/catapa.be\/nl\/wp-json\/wp\/v2\/comments?post=24527"}],"version-history":[{"count":17,"href":"https:\/\/catapa.be\/nl\/wp-json\/wp\/v2\/pages\/24527\/revisions"}],"predecessor-version":[{"id":28931,"href":"https:\/\/catapa.be\/nl\/wp-json\/wp\/v2\/pages\/24527\/revisions\/28931"}],"wp:featuredmedia":[{"embeddable":true,"href":"https:\/\/catapa.be\/nl\/wp-json\/wp\/v2\/media\/24521"}],"wp:attachment":[{"href":"https:\/\/catapa.be\/nl\/wp-json\/wp\/v2\/media?parent=24527"}],"curies":[{"name":"wp","href":"https:\/\/api.w.org\/{rel}","templated":true}]}}