{"id":2950,"date":"2017-07-22T00:40:51","date_gmt":"2017-07-21T22:40:51","guid":{"rendered":"http:\/\/catapa.be\/?page_id=2950"},"modified":"2019-09-04T09:44:36","modified_gmt":"2019-09-04T07:44:36","slug":"contact","status":"publish","type":"page","link":"https:\/\/catapa.be\/nl\/over-ons\/contact\/","title":{"rendered":"Contact"},"content":{"rendered":"<div class=\"wpb-content-wrapper\"><p>[vc_row full_width=&#8221;stretch_row_content_no_spaces&#8221; css=&#8221;.vc_custom_1500665013519{padding-bottom: 0px !important;}&#8221;][vc_column]\n        <section class=\"contact-form-wrap\">\n            <div class=\"container\">\n                <div class=\"row\">\n                    <div class=\"col-md-12\">\n\t                                            <div class=\"contact-form\">\n                            <div class=\"row\">\n                                <div class=\"col-xs-12 col-sm-12 col-md-6 contact-option\">\n                                    <div class=\"contact-option_rsp\">\n\t                                    <h3>Laat een bericht achter<\/h3>                                        <form action=\"\/nl\/wp-json\/wp\/v2\/pages\/2950\" method=\"post\" id=\"contactform\">\n                                            <div class=\"form-group\">\n                                                <input class=\"form-control\" placeholder=\"Naam\" name=\"contact_name\" value=\"\">\n\t                                                                                        <\/div>\n                                            <!-- \/\/ end .form-group -->\n                                            <div class=\"form-group\">\n                                                <input type=\"email\" class=\"form-control\" placeholder=\"E-mail\" name=\"contact_email\" value=\"\">\n\t                                                                                        <\/div>\n                                            <!-- \/\/ end .form-group -->\n                                            <div class=\"form-group\">\n                                                <input class=\"form-control\" placeholder=\"Telefoon\" name=\"contact_phone\" value=\"\">\n\t                                                                                        <\/div>\n                                            <!-- \/\/ end .form-group -->\n                                            <div class=\"form-group\">\n                                                <textarea placeholder=\"Bericht\" class=\"form-control\" name=\"contact_message\" rows=\"5\"><\/textarea>\n                                            <\/div>\n                                            <!-- \/\/ end .form-group -->\n                                            <input type=\"hidden\" id=\"contact_form\" name=\"contact_form\" value=\"e62ff31f27\" \/><input type=\"hidden\" name=\"_wp_http_referer\" value=\"\/nl\/wp-json\/wp\/v2\/pages\/2950\" \/>                                            <button name=\"contact_submit\" class=\"btn btn-default btn-submit\" id=\"contact-btn\">Verzenden<\/button>\n                                        <\/form>\n                                    <\/div>\n                                <\/div>\n                                <div class=\"col-xs-12 col-sm-12 col-md-6\">\n                                    <div class=\"contact-address\">\n                                                                                <h3>Contactgegevens<\/h3>\n                                        \t                                                                            <div class=\"contact-details\">\n                                            <i class=\"fa fa-user\" aria-hidden=\"true\"><\/i>\n\t                                                                                        <h6>Adres<\/h6>\n\t                                                                                    <p> Koningin Maria Hendrikaplein 5, bus 401 <br> 9000 Gent <br> Belgi\u00eb <\/p>                                        <\/div>\n                                        <br>\n                                                                                                                        <div class=\"contact-details\">\n                                            <i class=\"fa fa-envelope-o\" aria-hidden=\"true\"><\/i>\n\t                                                                                        <h6>E-mail<\/h6>\n\t                                        \t                                        <p>info@catapa.be <br>                                        <\/div>\n                                        <br>\n                                                                                                                        <div class=\"contact-details\">\n                                            <i class=\"fa fa-phone\" aria-hidden=\"true\"><\/i>\n\t                                                                                        <h6>Telefoon<\/h6>\n\t                                        \t                                        <p>+32 (0)92428755<\/p>                                        <\/div>\n                                                                            <\/div>\n                                <\/div>\n                            <\/div>\n                        <\/div>\n                    <\/div>\n                <\/div>\n                <div class=\"row\">\n                    <div class=\"col-md-12\">\n                        <p class=\"contact-center\">OR<\/p>\n                    <\/div>\n                <\/div>\n            <\/div>\n        <\/section>\n        <!-- Google map will appear here! Edit the Latitude, Longitude and Zoom Level below using data-attr-*  -->\n        <script type=\"text\/javascript\">\n            \/* ================================================\n\t\t\tStyled Google Maps\n\t\t\t================================================ *\/\n            \/\/ Want to customize colors? go to snazzymaps.com\n            function myMap() {\n                var maplat = jQuery('#map').data('lat');\n                var maplon = jQuery('#map').data('lon');\n                var mapzoom = parseInt(jQuery('#map').data('zoom'));\n                \/\/ Styles a map in night mode.\n                var map = new google.maps.Map(document.getElementById('map'), {\n                    center: {lat: maplat, lng: maplon},\n                    zoom: mapzoom,\n                    scrollwheel: false,\n                    styles: [{\n                        \"elementType\": \"geometry\",\n                        \"stylers\": [{\n                            \"color\": \"#f5f5f5\"\n                        }]\n                    }, {\n                        \"elementType\": \"labels.icon\",\n                        \"stylers\": [{\n                            \"visibility\": \"off\"\n                        }]\n                    }, {\n                        \"elementType\": \"labels.text.fill\",\n                        \"stylers\": [{\n                            \"color\": \"#616161\"\n                        }]\n                    }, {\n                        \"elementType\": \"labels.text.stroke\",\n                        \"stylers\": [{\n                            \"color\": \"#f5f5f5\"\n                        }]\n                    }, {\n                        \"featureType\": \"administrative.land_parcel\",\n                        \"elementType\": \"labels.text.fill\",\n                        \"stylers\": [{\n                            \"color\": \"#bdbdbd\"\n                        }]\n                    }, {\n                        \"featureType\": \"poi\",\n                        \"elementType\": \"geometry\",\n                        \"stylers\": [{\n                            \"color\": \"#eeeeee\"\n                        }]\n                    }, {\n                        \"featureType\": \"poi\",\n                        \"elementType\": \"labels.text.fill\",\n                        \"stylers\": [{\n                            \"color\": \"#757575\"\n                        }]\n                    }, {\n                        \"featureType\": \"poi.park\",\n                        \"elementType\": \"geometry\",\n                        \"stylers\": [{\n                            \"color\": \"#e5e5e5\"\n                        }]\n                    }, {\n                        \"featureType\": \"poi.park\",\n                        \"elementType\": \"labels.text.fill\",\n                        \"stylers\": [{\n                            \"color\": \"#9e9e9e\"\n                        }]\n                    }, {\n                        \"featureType\": \"road\",\n                        \"elementType\": \"geometry\",\n                        \"stylers\": [{\n                            \"color\": \"#ffffff\"\n                        }]\n                    }, {\n                        \"featureType\": \"road.arterial\",\n                        \"elementType\": \"labels.text.fill\",\n                        \"stylers\": [{\n                            \"color\": \"#757575\"\n                        }]\n                    }, {\n                        \"featureType\": \"road.highway\",\n                        \"elementType\": \"geometry\",\n                        \"stylers\": [{\n                            \"color\": \"#dadada\"\n                        }]\n                    }, {\n                        \"featureType\": \"road.highway\",\n                        \"elementType\": \"labels.text.fill\",\n                        \"stylers\": [{\n                            \"color\": \"#616161\"\n                        }]\n                    }, {\n                        \"featureType\": \"road.local\",\n                        \"elementType\": \"labels.text.fill\",\n                        \"stylers\": [{\n                            \"color\": \"#9e9e9e\"\n                        }]\n                    }, {\n                        \"featureType\": \"transit.line\",\n                        \"elementType\": \"geometry\",\n                        \"stylers\": [{\n                            \"color\": \"#e5e5e5\"\n                        }]\n                    }, {\n                        \"featureType\": \"transit.station\",\n                        \"elementType\": \"geometry\",\n                        \"stylers\": [{\n                            \"color\": \"#eeeeee\"\n                        }]\n                    }, {\n                        \"featureType\": \"water\",\n                        \"elementType\": \"geometry\",\n                        \"stylers\": [{\n                            \"color\": \"#c9c9c9\"\n                        }]\n                    }, {\n                        \"featureType\": \"water\",\n                        \"elementType\": \"labels.text.fill\",\n                        \"stylers\": [{\n                            \"color\": \"#9e9e9e\"\n                        }]\n                    }]\n                });\n                var marker = new google.maps.Marker({\n                    position: {lat: maplat, lng: maplon},\n                    map: map,\n                    title: 'We are here!'\n                });\n            }\n        <\/script>\n        <div id=\"map\" data-lat=\"51.0370545\" data-lon=\"3.7116981\" data-zoom=\"15\"><\/div>\n                <script src=\"https:\/\/maps.googleapis.com\/maps\/api\/js?callback=myMap&key=AIzaSyCsFC7ENOsBeVGH3DqUWpwr5ZxLYNJores\"><\/script>\n\n\t\t[\/vc_column][\/vc_row]<\/p>\n<\/div>","protected":false},"excerpt":{"rendered":"<p>[vc_row full_width=&#8221;stretch_row_content_no_spaces&#8221; css=&#8221;.vc_custom_1500665013519{padding-bottom: 0px !important;}&#8221;][vc_column][\/vc_column][\/vc_row]<\/p>\n","protected":false},"author":2,"featured_media":0,"parent":2946,"menu_order":4,"comment_status":"closed","ping_status":"closed","template":"","meta":{"_exactmetrics_skip_tracking":false,"_exactmetrics_sitenote_active":false,"_exactmetrics_sitenote_note":"","_exactmetrics_sitenote_category":0,"jetpack_post_was_ever_published":false,"footnotes":""},"class_list":["post-2950","page","type-page","status-publish","hentry"],"yoast_head":"<!-- This site is optimized with the Yoast SEO plugin v26.8 - https:\/\/yoast.com\/product\/yoast-seo-wordpress\/ -->\n<title>Contact - CATAPA vzw<\/title>\n<meta name=\"robots\" content=\"index, follow, max-snippet:-1, max-image-preview:large, max-video-preview:-1\" \/>\n<link rel=\"canonical\" href=\"https:\/\/catapa.be\/nl\/over-ons\/contact\/\" \/>\n<meta property=\"og:locale\" content=\"nl_NL\" \/>\n<meta property=\"og:type\" content=\"article\" \/>\n<meta property=\"og:title\" content=\"Contact - CATAPA vzw\" \/>\n<meta property=\"og:description\" content=\"[vc_row full_width=&#8221;stretch_row_content_no_spaces&#8221; css=&#8221;.vc_custom_1500665013519{padding-bottom: 0px !important;}&#8221;][vc_column][\/vc_column][\/vc_row]\" \/>\n<meta property=\"og:url\" content=\"https:\/\/catapa.be\/nl\/over-ons\/contact\/\" \/>\n<meta property=\"og:site_name\" content=\"CATAPA vzw\" \/>\n<meta property=\"article:publisher\" content=\"https:\/\/www.facebook.com\/catapa.belgium\/\" \/>\n<meta property=\"article:modified_time\" content=\"2019-09-04T07:44:36+00:00\" \/>\n<meta name=\"twitter:card\" content=\"summary_large_image\" \/>\n<meta name=\"twitter:site\" content=\"@CATAPA_Belgica\" \/>\n<script type=\"application\/ld+json\" class=\"yoast-schema-graph\">{\"@context\":\"https:\/\/schema.org\",\"@graph\":[{\"@type\":\"WebPage\",\"@id\":\"https:\/\/catapa.be\/nl\/over-ons\/contact\/\",\"url\":\"https:\/\/catapa.be\/nl\/over-ons\/contact\/\",\"name\":\"Contact - CATAPA vzw\",\"isPartOf\":{\"@id\":\"https:\/\/catapa.be\/nl\/#website\"},\"datePublished\":\"2017-07-21T22:40:51+00:00\",\"dateModified\":\"2019-09-04T07:44:36+00:00\",\"breadcrumb\":{\"@id\":\"https:\/\/catapa.be\/nl\/over-ons\/contact\/#breadcrumb\"},\"inLanguage\":\"nl-NL\",\"potentialAction\":[{\"@type\":\"ReadAction\",\"target\":[\"https:\/\/catapa.be\/nl\/over-ons\/contact\/\"]}]},{\"@type\":\"BreadcrumbList\",\"@id\":\"https:\/\/catapa.be\/nl\/over-ons\/contact\/#breadcrumb\",\"itemListElement\":[{\"@type\":\"ListItem\",\"position\":1,\"name\":\"Home\",\"item\":\"https:\/\/catapa.be\/nl\/\"},{\"@type\":\"ListItem\",\"position\":2,\"name\":\"Over ons\",\"item\":\"https:\/\/catapa.be\/nl\/over-ons\/\"},{\"@type\":\"ListItem\",\"position\":3,\"name\":\"Contact\"}]},{\"@type\":\"WebSite\",\"@id\":\"https:\/\/catapa.be\/nl\/#website\",\"url\":\"https:\/\/catapa.be\/nl\/\",\"name\":\"CATAPA vzw\",\"description\":\"Comit\u00e9 Acad\u00e9mico T\u00e9cnico de Asesoramiento a Problemas Ambientales\",\"publisher\":{\"@id\":\"https:\/\/catapa.be\/nl\/#organization\"},\"potentialAction\":[{\"@type\":\"SearchAction\",\"target\":{\"@type\":\"EntryPoint\",\"urlTemplate\":\"https:\/\/catapa.be\/nl\/?s={search_term_string}\"},\"query-input\":{\"@type\":\"PropertyValueSpecification\",\"valueRequired\":true,\"valueName\":\"search_term_string\"}}],\"inLanguage\":\"nl-NL\"},{\"@type\":\"Organization\",\"@id\":\"https:\/\/catapa.be\/nl\/#organization\",\"name\":\"CATAPA vzw\",\"url\":\"https:\/\/catapa.be\/nl\/\",\"logo\":{\"@type\":\"ImageObject\",\"inLanguage\":\"nl-NL\",\"@id\":\"https:\/\/catapa.be\/nl\/#\/schema\/logo\/image\/\",\"url\":\"https:\/\/i0.wp.com\/catapa.be\/wp-content\/uploads\/2019\/02\/NEW20LOGO20SHORT20PNG1.png?fit=1259%2C1321&ssl=1\",\"contentUrl\":\"https:\/\/i0.wp.com\/catapa.be\/wp-content\/uploads\/2019\/02\/NEW20LOGO20SHORT20PNG1.png?fit=1259%2C1321&ssl=1\",\"width\":1259,\"height\":1321,\"caption\":\"CATAPA vzw\"},\"image\":{\"@id\":\"https:\/\/catapa.be\/nl\/#\/schema\/logo\/image\/\"},\"sameAs\":[\"https:\/\/www.facebook.com\/catapa.belgium\/\",\"https:\/\/x.com\/CATAPA_Belgica\",\"https:\/\/www.instagram.com\/catapa_vzw\/\",\"https:\/\/be.linkedin.com\/company\/catapavzw\",\"https:\/\/www.youtube.com\/channel\/UCE52-Fiyv-Fpqf2gi1qhf1g\"]}]}<\/script>\n<!-- \/ Yoast SEO plugin. -->","yoast_head_json":{"title":"Contact - CATAPA vzw","robots":{"index":"index","follow":"follow","max-snippet":"max-snippet:-1","max-image-preview":"max-image-preview:large","max-video-preview":"max-video-preview:-1"},"canonical":"https:\/\/catapa.be\/nl\/over-ons\/contact\/","og_locale":"nl_NL","og_type":"article","og_title":"Contact - CATAPA vzw","og_description":"[vc_row full_width=&#8221;stretch_row_content_no_spaces&#8221; css=&#8221;.vc_custom_1500665013519{padding-bottom: 0px !important;}&#8221;][vc_column][\/vc_column][\/vc_row]","og_url":"https:\/\/catapa.be\/nl\/over-ons\/contact\/","og_site_name":"CATAPA vzw","article_publisher":"https:\/\/www.facebook.com\/catapa.belgium\/","article_modified_time":"2019-09-04T07:44:36+00:00","twitter_card":"summary_large_image","twitter_site":"@CATAPA_Belgica","schema":{"@context":"https:\/\/schema.org","@graph":[{"@type":"WebPage","@id":"https:\/\/catapa.be\/nl\/over-ons\/contact\/","url":"https:\/\/catapa.be\/nl\/over-ons\/contact\/","name":"Contact - CATAPA vzw","isPartOf":{"@id":"https:\/\/catapa.be\/nl\/#website"},"datePublished":"2017-07-21T22:40:51+00:00","dateModified":"2019-09-04T07:44:36+00:00","breadcrumb":{"@id":"https:\/\/catapa.be\/nl\/over-ons\/contact\/#breadcrumb"},"inLanguage":"nl-NL","potentialAction":[{"@type":"ReadAction","target":["https:\/\/catapa.be\/nl\/over-ons\/contact\/"]}]},{"@type":"BreadcrumbList","@id":"https:\/\/catapa.be\/nl\/over-ons\/contact\/#breadcrumb","itemListElement":[{"@type":"ListItem","position":1,"name":"Home","item":"https:\/\/catapa.be\/nl\/"},{"@type":"ListItem","position":2,"name":"Over ons","item":"https:\/\/catapa.be\/nl\/over-ons\/"},{"@type":"ListItem","position":3,"name":"Contact"}]},{"@type":"WebSite","@id":"https:\/\/catapa.be\/nl\/#website","url":"https:\/\/catapa.be\/nl\/","name":"CATAPA vzw","description":"Comit\u00e9 Acad\u00e9mico T\u00e9cnico de Asesoramiento a Problemas Ambientales","publisher":{"@id":"https:\/\/catapa.be\/nl\/#organization"},"potentialAction":[{"@type":"SearchAction","target":{"@type":"EntryPoint","urlTemplate":"https:\/\/catapa.be\/nl\/?s={search_term_string}"},"query-input":{"@type":"PropertyValueSpecification","valueRequired":true,"valueName":"search_term_string"}}],"inLanguage":"nl-NL"},{"@type":"Organization","@id":"https:\/\/catapa.be\/nl\/#organization","name":"CATAPA vzw","url":"https:\/\/catapa.be\/nl\/","logo":{"@type":"ImageObject","inLanguage":"nl-NL","@id":"https:\/\/catapa.be\/nl\/#\/schema\/logo\/image\/","url":"https:\/\/i0.wp.com\/catapa.be\/wp-content\/uploads\/2019\/02\/NEW20LOGO20SHORT20PNG1.png?fit=1259%2C1321&ssl=1","contentUrl":"https:\/\/i0.wp.com\/catapa.be\/wp-content\/uploads\/2019\/02\/NEW20LOGO20SHORT20PNG1.png?fit=1259%2C1321&ssl=1","width":1259,"height":1321,"caption":"CATAPA vzw"},"image":{"@id":"https:\/\/catapa.be\/nl\/#\/schema\/logo\/image\/"},"sameAs":["https:\/\/www.facebook.com\/catapa.belgium\/","https:\/\/x.com\/CATAPA_Belgica","https:\/\/www.instagram.com\/catapa_vzw\/","https:\/\/be.linkedin.com\/company\/catapavzw","https:\/\/www.youtube.com\/channel\/UCE52-Fiyv-Fpqf2gi1qhf1g"]}]}},"jetpack_sharing_enabled":true,"jetpack_likes_enabled":true,"jetpack-related-posts":[{"id":30808,"url":"https:\/\/catapa.be\/nl\/ons-werk\/afgelopen-campagnes-en-projecten\/goudeerlijk\/","url_meta":{"origin":2950,"position":0},"title":"Goud:Eerlijk?","author":"Truike Geerts","date":"5 juli 2022","format":false,"excerpt":"De campagne GOUD:EERLIJK? was een drie jaar durend initiatief van CATAPA, Ecolife en Netwerk Bewust Verbruiken. Vanuit dit partnerschap namen we een voortrekkersrol in Vlaanderen om de groeiende problematiek die veroorzaakt wordt door (goud)mijnbouw aan te kaarten. Deze sensibiliseringscampagne over de impact van goudontginning op het Zuiden maakte mensen bewust\u2026","rel":"","context":"Soortgelijk bericht","block_context":{"text":"Soortgelijk bericht","link":""},"img":{"alt_text":"P1130975","src":"https:\/\/i0.wp.com\/goudeerlijk.be.catapa.be\/wp-content\/uploads\/2014\/10\/P1130975-300x225.jpg?resize=350%2C200","width":350,"height":200},"classes":[]},{"id":34475,"url":"https:\/\/catapa.be\/nl\/ctrlaltdelete-events-news\/foto-expo\/","url_meta":{"origin":2950,"position":1},"title":"Fototentoonstelling \u2018Stop Mijnbouw = Stop #ExpresDefect\u2019","author":"Simon Berlo","date":"17 november 2023","format":false,"excerpt":"[vc_row full_height=\"yes\" content_placement=\"middle\"][vc_column css=\".vc_custom_1700210605953{margin: 3% !important;padding: 3% !important;}\"][vc_column_text]Welkom op de begeleidende pagina voor de fototentoonstelling \u2018Stop Mijnbouw = Stop #ExpresDefect\u2019. Lees hier meer over de verhalen achter de foto's en de artiesten.[\/vc_column_text][vc_btn title=\"Meer weten over de Stop #ExpresDefect-campagne? Ga dan snel naar de campagnewebsite!\" style=\"custom\" custom_background=\"#f7128b\" custom_text=\"#ffffff\" shape=\"square\" align=\"center\" i_icon_fontawesome=\"fas\u2026","rel":"","context":"Soortgelijk bericht","block_context":{"text":"Soortgelijk bericht","link":""},"img":{"alt_text":"","src":"","width":0,"height":0},"classes":[]},{"id":2227,"url":"https:\/\/catapa.be\/en\/about-us\/contact\/","url_meta":{"origin":2950,"position":2},"title":"Contact","author":"Alienor de Sas","date":"22 juli 2017","format":false,"excerpt":"[vc_row full_width=\"stretch_row_content_no_spaces\" css=\".vc_custom_1500665013519{padding-bottom: 0px !important;}\"][vc_column][\/vc_column][\/vc_row]","rel":"","context":"Soortgelijk bericht","block_context":{"text":"Soortgelijk bericht","link":""},"img":{"alt_text":"","src":"","width":0,"height":0},"classes":[]},{"id":15088,"url":"https:\/\/catapa.be\/nl\/e-library\/","url_meta":{"origin":2950,"position":3},"title":"e-Library","author":"Julie Ballet","date":"3 juli 2020","format":false,"excerpt":"[vc_row][vc_column][vc_column_text el_id=\"e-library\"]CATAPA beschikt over een bibliotheek waar je boeken en artikels kan uitlenen in het Nederlands, Engels, Spaans of Frans. Het hoofdthema is mijnbouw, maar je vindt ook andere gerelateerde thema's terug: Armoede Extractivisme Financi\u00ebn Gezondheid, toxische stoffen Inheemse volkeren, Aboriginals Mensenrechten, migratie, politiek Milieu, ecologie, transitie, water Ngo\u2019s, 11.11.11\u2026","rel":"","context":"Soortgelijk bericht","block_context":{"text":"Soortgelijk bericht","link":""},"img":{"alt_text":"","src":"","width":0,"height":0},"classes":[]},{"id":3032,"url":"https:\/\/catapa.be\/nl\/doe-mee\/doneer-nu\/","url_meta":{"origin":2950,"position":4},"title":"Doneer nu","author":"Alienor de Sas","date":"20 mei 2018","format":false,"excerpt":"[vc_row equal_height=\"yes\"][vc_column css_animation=\"none\"][vc_cta h2=\"Steun CATAPA\" h4=\"CATAPA is een groeiende, eigenzinnige en kritische beweging die durft tegen de stroom in te gaan in het belang van een meer duurzame en rechtvaardige planeet. We ondersteunen gemeenschappen in Latijns-Amerika die bedreigd worden door grootschalige mijnbouwprojecten en de sociale en ecologische impact hiervan. Daarnaast\u2026","rel":"","context":"Soortgelijk bericht","block_context":{"text":"Soortgelijk bericht","link":""},"img":{"alt_text":"","src":"","width":0,"height":0},"classes":[]},{"id":37425,"url":"https:\/\/catapa.be\/en\/integriteit\/","url_meta":{"origin":2950,"position":5},"title":"Integrity","author":"Koerian","date":"19 december 2024","format":false,"excerpt":"[vc_row][vc_column][vc_column_text css=\"\"]We strive for an organisation free from any form of hatred, discrimination, sexism or other forms of hostility. In doing so, we are aware of existing power systems and are actively committed to breaking them. This is a process that is never finished. It requires constant vigilance and a\u2026","rel":"","context":"Soortgelijk bericht","block_context":{"text":"Soortgelijk bericht","link":""},"img":{"alt_text":"","src":"","width":0,"height":0},"classes":[]}],"_links":{"self":[{"href":"https:\/\/catapa.be\/nl\/wp-json\/wp\/v2\/pages\/2950","targetHints":{"allow":["GET"]}}],"collection":[{"href":"https:\/\/catapa.be\/nl\/wp-json\/wp\/v2\/pages"}],"about":[{"href":"https:\/\/catapa.be\/nl\/wp-json\/wp\/v2\/types\/page"}],"author":[{"embeddable":true,"href":"https:\/\/catapa.be\/nl\/wp-json\/wp\/v2\/users\/2"}],"replies":[{"embeddable":true,"href":"https:\/\/catapa.be\/nl\/wp-json\/wp\/v2\/comments?post=2950"}],"version-history":[{"count":7,"href":"https:\/\/catapa.be\/nl\/wp-json\/wp\/v2\/pages\/2950\/revisions"}],"predecessor-version":[{"id":11809,"href":"https:\/\/catapa.be\/nl\/wp-json\/wp\/v2\/pages\/2950\/revisions\/11809"}],"up":[{"embeddable":true,"href":"https:\/\/catapa.be\/nl\/wp-json\/wp\/v2\/pages\/2946"}],"wp:attachment":[{"href":"https:\/\/catapa.be\/nl\/wp-json\/wp\/v2\/media?parent=2950"}],"curies":[{"name":"wp","href":"https:\/\/api.w.org\/{rel}","templated":true}]}}