{"id":2957,"date":"2018-05-20T08:56:28","date_gmt":"2018-05-20T06:56:28","guid":{"rendered":"http:\/\/catapa.be\/?page_id=2957"},"modified":"2025-12-04T16:58:29","modified_gmt":"2025-12-04T15:58:29","slug":"visie-en-missie","status":"publish","type":"page","link":"https:\/\/catapa.be\/nl\/over-ons\/visie-en-missie\/","title":{"rendered":"Visie en Missie"},"content":{"rendered":"<div class=\"wpb-content-wrapper\"><p>[vc_row css=&#8221;.vc_custom_1533807373745{margin-top: -50px !important;margin-bottom: 50px !important;}&#8221;][vc_column][vc_cta h2=&#8221;CATAPA streeft&#8230;&#8221; h4=&#8221;&#8230;naar een wereld waarin de ontginning van niet-hernieuwbare grondstoffen niet langer nodig is door zich volop te richten op de overgang naar een model dat ontmijnt, ontgroeit en beweegt.&#8221; style=&#8221;custom&#8221; css_animation=&#8221;none&#8221; custom_background=&#8221;#01a053&#8243; custom_text=&#8221;#ffffff&#8221;][\/vc_cta][\/vc_column][\/vc_row][vc_row full_width=&#8221;stretch_row&#8221; content_placement=&#8221;middle&#8221; css=&#8221;.vc_custom_1533808586582{margin-top: -100px !important;background-color: #f7f7f7 !important;}&#8221;][vc_column][vc_custom_heading text=&#8221;CATAPA ONTMIJNT&#8221; font_container=&#8221;tag:h2|text_align:center&#8221; google_fonts=&#8221;font_family:Quicksand%3A300%2Cregular%2C700|font_style:400%20regular%3A400%3Anormal&#8221;][vc_empty_space height=&#8221;10px&#8221;][vc_column_text]<span style=\"font-weight: 400;\">In haar streven naar een rechtvaardige samenleving waarbij mens en natuur in evenwicht samenleven, focust CATAPA op de impact van <\/span><strong>mijnbouw<\/strong><span style=\"font-weight: 400;\">.<\/span><\/p>\n<p><span style=\"font-weight: 400;\">Het ontginnen van niet-hernieuwbare grondstoffen gaat immers steeds gepaard met een sociale en ecologische impact en is een motor van conflict.<\/span><\/p>\n<p><span style=\"font-weight: 400;\">Als hefboom om tot deze rechtvaardige wereld te komen, stelt CATAPA enerzijds onrecht gerelateerd aan mijnbouw aan de kaak. Anderzijds gaat CATAPA actief op zoek naar alternatieven voor mijnbouw.<\/span><\/p>\n<p>CATAPA draagt actief bij aan het temperen van de klimaatopwarming en het biodiversiteitsverlies; de extractie van grondstoffen zoals mineralen en brandstoffen zorgt namelijk voor significant deel van de wereldwijde CO2-uitstoot en het biodiversiteitsverlies op aarde.<\/p>\n<p><span style=\"font-weight: 400;\">Finaal streeft CATAPA naar een model waarbij niet-hernieuwbare grondstoffen kunnen blijven waar ze van nature thuishoren, in de bodem.<\/span>[\/vc_column_text][vc_btn title=&#8221;Oplossingen voor de grondstoffenproblematiek effenen mee het pad naar een rechtvaardige wereld.&#8221; style=&#8221;custom&#8221; custom_background=&#8221;#009c55&#8243; custom_text=&#8221;#ffffff&#8221; shape=&#8221;square&#8221; align=&#8221;center&#8221;][vc_empty_space][vc_empty_space][vc_custom_heading text=&#8221;CATAPA ONTGROEIT&#8221; font_container=&#8221;tag:h2|text_align:center&#8221; google_fonts=&#8221;font_family:Quicksand%3A300%2Cregular%2C700|font_style:400%20regular%3A400%3Anormal&#8221;][vc_empty_space height=&#8221;10px&#8221;][vc_column_text]<span style=\"font-weight: 400;\">De mens loopt tegen de natuurlijke grenzen van de aarde aan. De huidige groei-economie is ge\u00ebnt op een onstuitbare vraag en kent een onstilbare honger naar niet-hernieuwbare grondstoffen; een model onverzoenbaar met de grenzen van de aarde. Onevenwichtige machtsverhoudingen zetten enerzijds de relaties tussen mensen onderling, en tussen mens en milieu anderzijds, onder permanente druk.<\/span><\/p>\n<p><span style=\"font-weight: 400;\">CATAPA is een drijvende kracht in de transitie naar een economisch systeem van <\/span><i><span style=\"font-weight: 400;\">degrowth, <\/span><\/i><span style=\"font-weight: 400;\">voorbij de op groei gebaseerde economie om tot een samenleving te komen die bewuster en bescheidener leeft en op die manier het gebruik van nieuwe grondstoffen reduceert. De economie staat in functie van sociale en ecologische rechtvaardigheid.<\/span><\/p>\n<p><span style=\"font-weight: 400;\">Bedrijven, politici, bankiers, consumenten, academici en het maatschappelijk middenveld hebben een gemeenschappelijke verantwoordelijkheid. Vraag en aanbod moeten afgestemd worden op de draagkracht van onze aarde<\/span> <span style=\"font-weight: 400;\">en het welzijn van alle mensen.<\/span><\/p>\n<p><span style=\"font-weight: 400;\">De transitie naar een systeem van <\/span><strong><i>degrowth<\/i><\/strong><span style=\"font-weight: 400;\"> zal sociaal en rechtvaardig zijn of ze zal niet zijn.<\/span>[\/vc_column_text][vc_btn title=&#8221;Grenzeloze groei staat haaks op een eindige planeet.&#8221; style=&#8221;custom&#8221; custom_background=&#8221;#009c55&#8243; custom_text=&#8221;#ffffff&#8221; shape=&#8221;square&#8221; align=&#8221;center&#8221;][vc_empty_space][vc_empty_space][vc_custom_heading text=&#8221;CATAPA BEWEEGT&#8221; font_container=&#8221;tag:h2|text_align:center&#8221; google_fonts=&#8221;font_family:Quicksand%3A300%2Cregular%2C700|font_style:400%20regular%3A400%3Anormal&#8221;][vc_empty_space height=&#8221;10px&#8221;][vc_column_text]<span style=\"font-weight: 400;\">CATAPA is een beweging die de transformatie naar sociale en ecologische rechtvaardigheid tussen en binnen samenlevingen belichaamt.<\/span><\/p>\n<p><span style=\"font-weight: 400;\">Ze bouwt allianties op met diverse bewegingen wereldwijd waarbij de lokale, nationale en mondiale strijd met elkaar verbonden wordt. Het is vanuit deze globale verbondenheid en solidariteit dat de beoogde verandering zal gebeuren. Een sterke connectie met Latijns-Amerika zit in het DNA van CATAPA.<\/span><\/p>\n<p><span style=\"font-weight: 400;\">CATAPA gaat wereldwijd <\/span><strong>partnerschappen<\/strong><span style=\"font-weight: 400;\"> aan om mensenrechtenverdedigers een stem te geven, ze te beschermen en te versterken en ijvert voor een wereld vrij van alle vormen van overheersing en uitbuiting, zoals neoliberalisme, neo-extractivisme, neokolonialisme, militarisme, etc. In deze wereld wordt het zelfbeschikkingsrecht gegarandeerd, ook voor gemeenschappen die geconfronteerd worden met deze vormen van onderdrukking.<\/span><\/p>\n<p><span style=\"font-weight: 400;\">Door middel van creatieve benaderingen en oplossingen voor aan mijnbouw gerelateerde maatschappelijke problemen en levendige campagnes wilt CATAPA op een vreedzame wijze kritisch en actief burgerschap vergroten.<\/span><\/p>\n<p><span style=\"font-weight: 400;\">CATAPA als beweging heeft een horizontale structuur en een zeer sterk vrijwillig en dynamisch karakter.<\/span>[\/vc_column_text][vc_btn title=&#8221;CATAPA maakt deel uit van een wereldwijde beweging die strijdt voor sociale en ecologische rechtvaardigheid.&#8221; style=&#8221;custom&#8221; custom_background=&#8221;#009c55&#8243; custom_text=&#8221;#ffffff&#8221; shape=&#8221;square&#8221; align=&#8221;center&#8221;][\/vc_column][\/vc_row][vc_row][vc_column width=&#8221;1\/2&#8243;][vc_single_image image=&#8221;36442&#8243; img_size=&#8221;full&#8221; onclick=&#8221;custom_link&#8221; css=&#8221;&#8221; link=&#8221;https:\/\/catapa.be\/wp-content\/uploads\/2025\/12\/jaarverslag-CATAPA-2023.pdf&#8221;][\/vc_column][vc_column width=&#8221;1\/2&#8243;][vc_single_image image=&#8221;38301&#8243; img_size=&#8221;full&#8221; onclick=&#8221;custom_link&#8221; css=&#8221;&#8221; link=&#8221;https:\/\/catapa.be\/wp-content\/uploads\/2025\/12\/Jaarverslag-2024-3.pdf&#8221;][\/vc_column][\/vc_row]<\/p>\n<\/div>","protected":false},"excerpt":{"rendered":"<p>[vc_row css=&#8221;.vc_custom_1533807373745{margin-top: -50px !important;margin-bottom: 50px !important;}&#8221;][vc_column][vc_cta h2=&#8221;CATAPA streeft&#8230;&#8221; h4=&#8221;&#8230;naar een wereld waarin de ontginning van niet-hernieuwbare grondstoffen niet langer nodig is door zich volop te richten op de overgang naar een model dat ontmijnt, ontgroeit<br \/><a class=\"read-more\" href=\"https:\/\/catapa.be\/nl\/over-ons\/visie-en-missie\/\">Read More<\/a><\/p>\n","protected":false},"author":2,"featured_media":0,"parent":2946,"menu_order":1,"comment_status":"closed","ping_status":"closed","template":"","meta":{"_exactmetrics_skip_tracking":false,"_exactmetrics_sitenote_active":false,"_exactmetrics_sitenote_note":"","_exactmetrics_sitenote_category":0,"jetpack_post_was_ever_published":false,"footnotes":""},"class_list":["post-2957","page","type-page","status-publish","hentry"],"yoast_head":"<!-- This site is optimized with the Yoast SEO plugin v26.8 - https:\/\/yoast.com\/product\/yoast-seo-wordpress\/ -->\n<title>Visie en Missie - CATAPA vzw<\/title>\n<meta name=\"robots\" content=\"index, follow, max-snippet:-1, max-image-preview:large, max-video-preview:-1\" \/>\n<link rel=\"canonical\" href=\"https:\/\/catapa.be\/nl\/over-ons\/visie-en-missie\/\" \/>\n<meta property=\"og:locale\" content=\"nl_NL\" \/>\n<meta property=\"og:type\" content=\"article\" \/>\n<meta property=\"og:title\" content=\"Visie en Missie - CATAPA vzw\" \/>\n<meta property=\"og:description\" content=\"[vc_row css=&#8221;.vc_custom_1533807373745{margin-top: -50px !important;margin-bottom: 50px !important;}&#8221;][vc_column][vc_cta h2=&#8221;CATAPA streeft&#8230;&#8221; h4=&#8221;&#8230;naar een wereld waarin de ontginning van niet-hernieuwbare grondstoffen niet langer nodig is door zich volop te richten op de overgang naar een model dat ontmijnt, ontgroeitRead More\" \/>\n<meta property=\"og:url\" content=\"https:\/\/catapa.be\/nl\/over-ons\/visie-en-missie\/\" \/>\n<meta property=\"og:site_name\" content=\"CATAPA vzw\" \/>\n<meta property=\"article:publisher\" content=\"https:\/\/www.facebook.com\/catapa.belgium\/\" \/>\n<meta property=\"article:modified_time\" content=\"2025-12-04T15:58:29+00:00\" \/>\n<meta name=\"twitter:card\" content=\"summary_large_image\" \/>\n<meta name=\"twitter:site\" content=\"@CATAPA_Belgica\" \/>\n<meta name=\"twitter:label1\" content=\"Geschatte leestijd\" \/>\n\t<meta name=\"twitter:data1\" content=\"4 minuten\" \/>\n<script type=\"application\/ld+json\" class=\"yoast-schema-graph\">{\"@context\":\"https:\/\/schema.org\",\"@graph\":[{\"@type\":\"WebPage\",\"@id\":\"https:\/\/catapa.be\/nl\/over-ons\/visie-en-missie\/\",\"url\":\"https:\/\/catapa.be\/nl\/over-ons\/visie-en-missie\/\",\"name\":\"Visie en Missie - CATAPA vzw\",\"isPartOf\":{\"@id\":\"https:\/\/catapa.be\/nl\/#website\"},\"datePublished\":\"2018-05-20T06:56:28+00:00\",\"dateModified\":\"2025-12-04T15:58:29+00:00\",\"breadcrumb\":{\"@id\":\"https:\/\/catapa.be\/nl\/over-ons\/visie-en-missie\/#breadcrumb\"},\"inLanguage\":\"nl-NL\",\"potentialAction\":[{\"@type\":\"ReadAction\",\"target\":[\"https:\/\/catapa.be\/nl\/over-ons\/visie-en-missie\/\"]}]},{\"@type\":\"BreadcrumbList\",\"@id\":\"https:\/\/catapa.be\/nl\/over-ons\/visie-en-missie\/#breadcrumb\",\"itemListElement\":[{\"@type\":\"ListItem\",\"position\":1,\"name\":\"Home\",\"item\":\"https:\/\/catapa.be\/nl\/\"},{\"@type\":\"ListItem\",\"position\":2,\"name\":\"Over ons\",\"item\":\"https:\/\/catapa.be\/nl\/over-ons\/\"},{\"@type\":\"ListItem\",\"position\":3,\"name\":\"Visie en Missie\"}]},{\"@type\":\"WebSite\",\"@id\":\"https:\/\/catapa.be\/nl\/#website\",\"url\":\"https:\/\/catapa.be\/nl\/\",\"name\":\"CATAPA vzw\",\"description\":\"Comit\u00e9 Acad\u00e9mico T\u00e9cnico de Asesoramiento a Problemas Ambientales\",\"publisher\":{\"@id\":\"https:\/\/catapa.be\/nl\/#organization\"},\"potentialAction\":[{\"@type\":\"SearchAction\",\"target\":{\"@type\":\"EntryPoint\",\"urlTemplate\":\"https:\/\/catapa.be\/nl\/?s={search_term_string}\"},\"query-input\":{\"@type\":\"PropertyValueSpecification\",\"valueRequired\":true,\"valueName\":\"search_term_string\"}}],\"inLanguage\":\"nl-NL\"},{\"@type\":\"Organization\",\"@id\":\"https:\/\/catapa.be\/nl\/#organization\",\"name\":\"CATAPA vzw\",\"url\":\"https:\/\/catapa.be\/nl\/\",\"logo\":{\"@type\":\"ImageObject\",\"inLanguage\":\"nl-NL\",\"@id\":\"https:\/\/catapa.be\/nl\/#\/schema\/logo\/image\/\",\"url\":\"https:\/\/i0.wp.com\/catapa.be\/wp-content\/uploads\/2019\/02\/NEW20LOGO20SHORT20PNG1.png?fit=1259%2C1321&ssl=1\",\"contentUrl\":\"https:\/\/i0.wp.com\/catapa.be\/wp-content\/uploads\/2019\/02\/NEW20LOGO20SHORT20PNG1.png?fit=1259%2C1321&ssl=1\",\"width\":1259,\"height\":1321,\"caption\":\"CATAPA vzw\"},\"image\":{\"@id\":\"https:\/\/catapa.be\/nl\/#\/schema\/logo\/image\/\"},\"sameAs\":[\"https:\/\/www.facebook.com\/catapa.belgium\/\",\"https:\/\/x.com\/CATAPA_Belgica\",\"https:\/\/www.instagram.com\/catapa_vzw\/\",\"https:\/\/be.linkedin.com\/company\/catapavzw\",\"https:\/\/www.youtube.com\/channel\/UCE52-Fiyv-Fpqf2gi1qhf1g\"]}]}<\/script>\n<!-- \/ Yoast SEO plugin. -->","yoast_head_json":{"title":"Visie en Missie - CATAPA vzw","robots":{"index":"index","follow":"follow","max-snippet":"max-snippet:-1","max-image-preview":"max-image-preview:large","max-video-preview":"max-video-preview:-1"},"canonical":"https:\/\/catapa.be\/nl\/over-ons\/visie-en-missie\/","og_locale":"nl_NL","og_type":"article","og_title":"Visie en Missie - CATAPA vzw","og_description":"[vc_row css=&#8221;.vc_custom_1533807373745{margin-top: -50px !important;margin-bottom: 50px !important;}&#8221;][vc_column][vc_cta h2=&#8221;CATAPA streeft&#8230;&#8221; h4=&#8221;&#8230;naar een wereld waarin de ontginning van niet-hernieuwbare grondstoffen niet langer nodig is door zich volop te richten op de overgang naar een model dat ontmijnt, ontgroeitRead More","og_url":"https:\/\/catapa.be\/nl\/over-ons\/visie-en-missie\/","og_site_name":"CATAPA vzw","article_publisher":"https:\/\/www.facebook.com\/catapa.belgium\/","article_modified_time":"2025-12-04T15:58:29+00:00","twitter_card":"summary_large_image","twitter_site":"@CATAPA_Belgica","twitter_misc":{"Geschatte leestijd":"4 minuten"},"schema":{"@context":"https:\/\/schema.org","@graph":[{"@type":"WebPage","@id":"https:\/\/catapa.be\/nl\/over-ons\/visie-en-missie\/","url":"https:\/\/catapa.be\/nl\/over-ons\/visie-en-missie\/","name":"Visie en Missie - CATAPA vzw","isPartOf":{"@id":"https:\/\/catapa.be\/nl\/#website"},"datePublished":"2018-05-20T06:56:28+00:00","dateModified":"2025-12-04T15:58:29+00:00","breadcrumb":{"@id":"https:\/\/catapa.be\/nl\/over-ons\/visie-en-missie\/#breadcrumb"},"inLanguage":"nl-NL","potentialAction":[{"@type":"ReadAction","target":["https:\/\/catapa.be\/nl\/over-ons\/visie-en-missie\/"]}]},{"@type":"BreadcrumbList","@id":"https:\/\/catapa.be\/nl\/over-ons\/visie-en-missie\/#breadcrumb","itemListElement":[{"@type":"ListItem","position":1,"name":"Home","item":"https:\/\/catapa.be\/nl\/"},{"@type":"ListItem","position":2,"name":"Over ons","item":"https:\/\/catapa.be\/nl\/over-ons\/"},{"@type":"ListItem","position":3,"name":"Visie en Missie"}]},{"@type":"WebSite","@id":"https:\/\/catapa.be\/nl\/#website","url":"https:\/\/catapa.be\/nl\/","name":"CATAPA vzw","description":"Comit\u00e9 Acad\u00e9mico T\u00e9cnico de Asesoramiento a Problemas Ambientales","publisher":{"@id":"https:\/\/catapa.be\/nl\/#organization"},"potentialAction":[{"@type":"SearchAction","target":{"@type":"EntryPoint","urlTemplate":"https:\/\/catapa.be\/nl\/?s={search_term_string}"},"query-input":{"@type":"PropertyValueSpecification","valueRequired":true,"valueName":"search_term_string"}}],"inLanguage":"nl-NL"},{"@type":"Organization","@id":"https:\/\/catapa.be\/nl\/#organization","name":"CATAPA vzw","url":"https:\/\/catapa.be\/nl\/","logo":{"@type":"ImageObject","inLanguage":"nl-NL","@id":"https:\/\/catapa.be\/nl\/#\/schema\/logo\/image\/","url":"https:\/\/i0.wp.com\/catapa.be\/wp-content\/uploads\/2019\/02\/NEW20LOGO20SHORT20PNG1.png?fit=1259%2C1321&ssl=1","contentUrl":"https:\/\/i0.wp.com\/catapa.be\/wp-content\/uploads\/2019\/02\/NEW20LOGO20SHORT20PNG1.png?fit=1259%2C1321&ssl=1","width":1259,"height":1321,"caption":"CATAPA vzw"},"image":{"@id":"https:\/\/catapa.be\/nl\/#\/schema\/logo\/image\/"},"sameAs":["https:\/\/www.facebook.com\/catapa.belgium\/","https:\/\/x.com\/CATAPA_Belgica","https:\/\/www.instagram.com\/catapa_vzw\/","https:\/\/be.linkedin.com\/company\/catapavzw","https:\/\/www.youtube.com\/channel\/UCE52-Fiyv-Fpqf2gi1qhf1g"]}]}},"jetpack_sharing_enabled":true,"jetpack_likes_enabled":true,"jetpack-related-posts":[{"id":2944,"url":"https:\/\/catapa.be\/nl\/over-ons\/catapistas\/","url_meta":{"origin":2957,"position":0},"title":"Catapistas","author":"Alienor de Sas","date":"20 mei 2018","format":false,"excerpt":"[vc_row equal_height=\"yes\" css=\".vc_custom_1535399082269{margin-top: 0px !important;margin-bottom: 0px !important;}\"][vc_column css_animation=\"none\" css=\".vc_custom_1535399089494{margin-top: 0px !important;margin-bottom: 0px !important;}\"][vc_cta h2=\"De Catapistas\" h4=\"We zijn met een 100-tal jonge vrijwilligers en meer dan 1000 ge\u00efnteresseerden. We bieden een concreet en actiegericht engagement aan iedereen die zich wil inzetten voor een duurzame samenleving.\" style=\"custom\" custom_background=\"#01a053\" custom_text=\"#ffffff\"][\/vc_cta][\/vc_column][\/vc_row][vc_row full_width=\"stretch_row\" content_placement=\"middle\" css=\".vc_custom_1535399100609{margin-top:\u2026","rel":"","context":"Soortgelijk bericht","block_context":{"text":"Soortgelijk bericht","link":""},"img":{"alt_text":"","src":"","width":0,"height":0},"classes":[]},{"id":3050,"url":"https:\/\/catapa.be\/nl\/doe-mee\/lessen-en-workshops\/","url_meta":{"origin":2957,"position":1},"title":"Workshops","author":"Alienor de Sas","date":"23 mei 2018","format":false,"excerpt":"[vc_row][vc_column][vc_cta h2=\"Overzicht workshops CATAPA\" style=\"custom\" custom_background=\"#009c55\" custom_text=\"#ffffff\"][\/vc_cta][vc_tta_tour][vc_tta_section title=\"Grenzen aan de groei & Right to Say No\" tab_id=\"1622664127802-61e53e14-366b\"][vc_custom_heading text=\"Grenzen aan de groei & Right to Say No\" font_container=\"tag:h2|font_size:20|text_align:center\" google_fonts=\"font_family:Quicksand%3A300%2Cregular%2C700|font_style:700%20bold%20regular%3A700%3Anormal\"][vc_cta h2=\"\" shape=\"square\" add_icon=\"left\" i_icon_fontawesome=\"fa fa-info\" i_color=\"custom\" i_size=\"lg\" i_custom_color=\"#009c55\"]Doelgroep: Volwassenen Duur: 1,5 - 2 uur (+ 1,5 voorbereiding) Omvang groep: 15-25 personen Taal:\u2026","rel":"","context":"Soortgelijk bericht","block_context":{"text":"Soortgelijk bericht","link":""},"img":{"alt_text":"","src":"https:\/\/i0.wp.com\/catapa.be\/wp-content\/uploads\/2021\/06\/unnamed-1-300x107.png?resize=350%2C200&ssl=1","width":350,"height":200},"classes":[]},{"id":3041,"url":"https:\/\/catapa.be\/nl\/ons-werk\/strategie\/","url_meta":{"origin":2957,"position":2},"title":"Strategie","author":"Alienor de Sas","date":"20 mei 2018","format":false,"excerpt":"[vc_row css=\".vc_custom_1533807373745{margin-top: -50px !important;margin-bottom: 50px !important;}\"][vc_column][vc_cta h2=\"CATAPA bestaat uit een kritische beweging van actieve burgers.\" h4=\"Over de landsgrenzen heen streven we op een horizontale wijze naar een wereld waarin de ontginning van niet-hernieuwbare grondstoffen niet langer nodig is.\" style=\"custom\" css_animation=\"none\" custom_background=\"#01a053\" custom_text=\"#ffffff\"][\/vc_cta][\/vc_column][\/vc_row][vc_row full_width=\"stretch_row\" content_placement=\"middle\" css=\".vc_custom_1533808586582{margin-top: -100px !important;background-color: #f7f7f7 !important;}\"][vc_column][vc_column_text]CATAPA bestaat\u2026","rel":"","context":"Soortgelijk bericht","block_context":{"text":"Soortgelijk bericht","link":""},"img":{"alt_text":"","src":"","width":0,"height":0},"classes":[]},{"id":32878,"url":"https:\/\/catapa.be\/nl\/catapa-verwelkomt-activistes-uit-ecuador\/","url_meta":{"origin":2957,"position":3},"title":"CATAPA verwelkomt activistes uit Ecuador","author":"Estefan\u00eda","date":"7 februari 2023","format":false,"excerpt":"[vc_row css=\".vc_custom_1675936624176{margin-top: 0px !important;margin-bottom: 0px !important;border-top-width: 0px !important;border-bottom-width: 0px !important;padding-top: 0px !important;padding-bottom: 0px !important;}\"][vc_column width=\"1\/2\"][vc_cta h2=\"Het recht om 'nee' te zeggen, van Ecuador tot Belgi\u00eb\"][\/vc_cta][vc_gallery type=\"flexslider_slide\" interval=\"10\" images=\"32762,32765,32756,32759,32768\" img_size=\"full\"][\/vc_column][vc_column width=\"1\/2\"][vc_cta h2=\"\" style=\"custom\" custom_background=\"#01a053\" custom_text=\"#ffffff\"]Ook dit jaar nodigt CATAPA activisten uit Latijns-Amerika uit om hun persoonlijke verhaal te brengen en het\u2026","rel":"","context":"Soortgelijk bericht","block_context":{"text":"Soortgelijk bericht","link":""},"img":{"alt_text":"","src":"https:\/\/i0.wp.com\/catapa.be\/wp-content\/uploads\/2023\/02\/webteaser.png?fit=1200%2C675&ssl=1&resize=350%2C200","width":350,"height":200,"srcset":"https:\/\/i0.wp.com\/catapa.be\/wp-content\/uploads\/2023\/02\/webteaser.png?fit=1200%2C675&ssl=1&resize=350%2C200 1x, https:\/\/i0.wp.com\/catapa.be\/wp-content\/uploads\/2023\/02\/webteaser.png?fit=1200%2C675&ssl=1&resize=525%2C300 1.5x, https:\/\/i0.wp.com\/catapa.be\/wp-content\/uploads\/2023\/02\/webteaser.png?fit=1200%2C675&ssl=1&resize=700%2C400 2x, https:\/\/i0.wp.com\/catapa.be\/wp-content\/uploads\/2023\/02\/webteaser.png?fit=1200%2C675&ssl=1&resize=1050%2C600 3x"},"classes":[]},{"id":3020,"url":"https:\/\/catapa.be\/nl\/over-ons\/onze-geschiedenis\/","url_meta":{"origin":2957,"position":4},"title":"Onze geschiedenis","author":"Alienor de Sas","date":"20 mei 2018","format":false,"excerpt":"[vc_row full_width=\"stretch_row\" content_placement=\"middle\"][vc_column][vc_cta h2=\"Van BelBol tot...\" h4=\"\u2026horizontale beweging met partnerorganisaties in Peru, Colombia, Ecuador en Bolivia met tal van lopende projecten in Vlaanderen, Europa en in Latijns-Amerika.\" style=\"custom\" custom_background=\"#01a053\" custom_text=\"#ffffff\"][\/vc_cta][\/vc_column][\/vc_row][vc_row full_width=\"stretch_row\" equal_height=\"yes\" css=\".vc_custom_1535455217709{background-color: #f7f7f7 !important;}\" el_id=\"table-of-contents\"][vc_column css_animation=\"none\" width=\"1\/2\"][vc_column_text css=\".vc_custom_1653737462552{padding-left: 50px !important;}\"] Inhoudstafel 2003-2007: van BelBol tot de start van CATAPA\u2026","rel":"","context":"Soortgelijk bericht","block_context":{"text":"Soortgelijk bericht","link":""},"img":{"alt_text":"","src":"https:\/\/i0.wp.com\/catapa.be\/wp-content\/uploads\/2019\/01\/mining-in-paradise-300x300.png?resize=350%2C200&ssl=1","width":350,"height":200},"classes":[]},{"id":7631,"url":"https:\/\/catapa.be\/nl\/doe-mee\/word-een-van-onze-changemakers\/","url_meta":{"origin":2957,"position":5},"title":"Word \u00e9\u00e9n van onze changemakers","author":"Alienor de Sas","date":"27 augustus 2018","format":false,"excerpt":"[vc_row equal_height=\"yes\"][vc_column css_animation=\"none\"][vc_cta h2=\"Ben je benieuwd waar de metalen in je smartphone vandaan komen?\" h4=\"Wist je dat mijnbouw vaak mensenrechten schendt en vernietiging van het milieu teweegbrengt? Wil je meer kennis, vaardigheden en ervaring opdoen om bij te dragen aan een positieve verandering? Neem dan deel aan het changemaker-programma van\u2026","rel":"","context":"Soortgelijk bericht","block_context":{"text":"Soortgelijk bericht","link":""},"img":{"alt_text":"","src":"https:\/\/i0.wp.com\/catapa.be\/wp-content\/uploads\/2018\/08\/flag_yellow_high-300x200.jpg?resize=350%2C200&ssl=1","width":350,"height":200},"classes":[]}],"_links":{"self":[{"href":"https:\/\/catapa.be\/nl\/wp-json\/wp\/v2\/pages\/2957","targetHints":{"allow":["GET"]}}],"collection":[{"href":"https:\/\/catapa.be\/nl\/wp-json\/wp\/v2\/pages"}],"about":[{"href":"https:\/\/catapa.be\/nl\/wp-json\/wp\/v2\/types\/page"}],"author":[{"embeddable":true,"href":"https:\/\/catapa.be\/nl\/wp-json\/wp\/v2\/users\/2"}],"replies":[{"embeddable":true,"href":"https:\/\/catapa.be\/nl\/wp-json\/wp\/v2\/comments?post=2957"}],"version-history":[{"count":30,"href":"https:\/\/catapa.be\/nl\/wp-json\/wp\/v2\/pages\/2957\/revisions"}],"predecessor-version":[{"id":38305,"href":"https:\/\/catapa.be\/nl\/wp-json\/wp\/v2\/pages\/2957\/revisions\/38305"}],"up":[{"embeddable":true,"href":"https:\/\/catapa.be\/nl\/wp-json\/wp\/v2\/pages\/2946"}],"wp:attachment":[{"href":"https:\/\/catapa.be\/nl\/wp-json\/wp\/v2\/media?parent=2957"}],"curies":[{"name":"wp","href":"https:\/\/api.w.org\/{rel}","templated":true}]}}