{"id":2964,"date":"2018-06-25T12:15:02","date_gmt":"2018-06-25T10:15:02","guid":{"rendered":"http:\/\/catapa.be\/?page_id=2964"},"modified":"2018-07-24T13:57:18","modified_gmt":"2018-07-24T11:57:18","slug":"doe-mee","status":"publish","type":"page","link":"https:\/\/catapa.be\/nl\/doe-mee\/","title":{"rendered":"Doe mee"},"content":{"rendered":"","protected":false},"excerpt":{"rendered":"","protected":false},"author":2,"featured_media":0,"parent":0,"menu_order":0,"comment_status":"closed","ping_status":"closed","template":"","meta":{"_exactmetrics_skip_tracking":false,"_exactmetrics_sitenote_active":false,"_exactmetrics_sitenote_note":"","_exactmetrics_sitenote_category":0,"jetpack_post_was_ever_published":false,"footnotes":""},"class_list":["post-2964","page","type-page","status-publish","hentry"],"yoast_head":"<!-- This site is optimized with the Yoast SEO plugin v26.8 - https:\/\/yoast.com\/product\/yoast-seo-wordpress\/ -->\n<title>Doe mee - CATAPA vzw<\/title>\n<meta name=\"robots\" content=\"index, follow, max-snippet:-1, max-image-preview:large, max-video-preview:-1\" \/>\n<link rel=\"canonical\" href=\"https:\/\/catapa.be\/nl\/doe-mee\/\" \/>\n<meta property=\"og:locale\" content=\"nl_NL\" \/>\n<meta property=\"og:type\" content=\"article\" \/>\n<meta property=\"og:title\" content=\"Doe mee - CATAPA vzw\" \/>\n<meta property=\"og:url\" content=\"https:\/\/catapa.be\/nl\/doe-mee\/\" \/>\n<meta property=\"og:site_name\" content=\"CATAPA vzw\" \/>\n<meta property=\"article:publisher\" content=\"https:\/\/www.facebook.com\/catapa.belgium\/\" \/>\n<meta property=\"article:modified_time\" content=\"2018-07-24T11:57:18+00:00\" \/>\n<meta name=\"twitter:card\" content=\"summary_large_image\" \/>\n<meta name=\"twitter:site\" content=\"@CATAPA_Belgica\" \/>\n<script type=\"application\/ld+json\" class=\"yoast-schema-graph\">{\"@context\":\"https:\/\/schema.org\",\"@graph\":[{\"@type\":\"WebPage\",\"@id\":\"https:\/\/catapa.be\/nl\/doe-mee\/\",\"url\":\"https:\/\/catapa.be\/nl\/doe-mee\/\",\"name\":\"Doe mee - CATAPA vzw\",\"isPartOf\":{\"@id\":\"https:\/\/catapa.be\/nl\/#website\"},\"datePublished\":\"2018-06-25T10:15:02+00:00\",\"dateModified\":\"2018-07-24T11:57:18+00:00\",\"breadcrumb\":{\"@id\":\"https:\/\/catapa.be\/nl\/doe-mee\/#breadcrumb\"},\"inLanguage\":\"nl-NL\",\"potentialAction\":[{\"@type\":\"ReadAction\",\"target\":[\"https:\/\/catapa.be\/nl\/doe-mee\/\"]}]},{\"@type\":\"BreadcrumbList\",\"@id\":\"https:\/\/catapa.be\/nl\/doe-mee\/#breadcrumb\",\"itemListElement\":[{\"@type\":\"ListItem\",\"position\":1,\"name\":\"Home\",\"item\":\"https:\/\/catapa.be\/nl\/\"},{\"@type\":\"ListItem\",\"position\":2,\"name\":\"Doe mee\"}]},{\"@type\":\"WebSite\",\"@id\":\"https:\/\/catapa.be\/nl\/#website\",\"url\":\"https:\/\/catapa.be\/nl\/\",\"name\":\"CATAPA vzw\",\"description\":\"Comit\u00e9 Acad\u00e9mico T\u00e9cnico de Asesoramiento a Problemas Ambientales\",\"publisher\":{\"@id\":\"https:\/\/catapa.be\/nl\/#organization\"},\"potentialAction\":[{\"@type\":\"SearchAction\",\"target\":{\"@type\":\"EntryPoint\",\"urlTemplate\":\"https:\/\/catapa.be\/nl\/?s={search_term_string}\"},\"query-input\":{\"@type\":\"PropertyValueSpecification\",\"valueRequired\":true,\"valueName\":\"search_term_string\"}}],\"inLanguage\":\"nl-NL\"},{\"@type\":\"Organization\",\"@id\":\"https:\/\/catapa.be\/nl\/#organization\",\"name\":\"CATAPA vzw\",\"url\":\"https:\/\/catapa.be\/nl\/\",\"logo\":{\"@type\":\"ImageObject\",\"inLanguage\":\"nl-NL\",\"@id\":\"https:\/\/catapa.be\/nl\/#\/schema\/logo\/image\/\",\"url\":\"https:\/\/i0.wp.com\/catapa.be\/wp-content\/uploads\/2019\/02\/NEW20LOGO20SHORT20PNG1.png?fit=1259%2C1321&ssl=1\",\"contentUrl\":\"https:\/\/i0.wp.com\/catapa.be\/wp-content\/uploads\/2019\/02\/NEW20LOGO20SHORT20PNG1.png?fit=1259%2C1321&ssl=1\",\"width\":1259,\"height\":1321,\"caption\":\"CATAPA vzw\"},\"image\":{\"@id\":\"https:\/\/catapa.be\/nl\/#\/schema\/logo\/image\/\"},\"sameAs\":[\"https:\/\/www.facebook.com\/catapa.belgium\/\",\"https:\/\/x.com\/CATAPA_Belgica\",\"https:\/\/www.instagram.com\/catapa_vzw\/\",\"https:\/\/be.linkedin.com\/company\/catapavzw\",\"https:\/\/www.youtube.com\/channel\/UCE52-Fiyv-Fpqf2gi1qhf1g\"]}]}<\/script>\n<!-- \/ Yoast SEO plugin. -->","yoast_head_json":{"title":"Doe mee - CATAPA vzw","robots":{"index":"index","follow":"follow","max-snippet":"max-snippet:-1","max-image-preview":"max-image-preview:large","max-video-preview":"max-video-preview:-1"},"canonical":"https:\/\/catapa.be\/nl\/doe-mee\/","og_locale":"nl_NL","og_type":"article","og_title":"Doe mee - CATAPA vzw","og_url":"https:\/\/catapa.be\/nl\/doe-mee\/","og_site_name":"CATAPA vzw","article_publisher":"https:\/\/www.facebook.com\/catapa.belgium\/","article_modified_time":"2018-07-24T11:57:18+00:00","twitter_card":"summary_large_image","twitter_site":"@CATAPA_Belgica","schema":{"@context":"https:\/\/schema.org","@graph":[{"@type":"WebPage","@id":"https:\/\/catapa.be\/nl\/doe-mee\/","url":"https:\/\/catapa.be\/nl\/doe-mee\/","name":"Doe mee - CATAPA vzw","isPartOf":{"@id":"https:\/\/catapa.be\/nl\/#website"},"datePublished":"2018-06-25T10:15:02+00:00","dateModified":"2018-07-24T11:57:18+00:00","breadcrumb":{"@id":"https:\/\/catapa.be\/nl\/doe-mee\/#breadcrumb"},"inLanguage":"nl-NL","potentialAction":[{"@type":"ReadAction","target":["https:\/\/catapa.be\/nl\/doe-mee\/"]}]},{"@type":"BreadcrumbList","@id":"https:\/\/catapa.be\/nl\/doe-mee\/#breadcrumb","itemListElement":[{"@type":"ListItem","position":1,"name":"Home","item":"https:\/\/catapa.be\/nl\/"},{"@type":"ListItem","position":2,"name":"Doe mee"}]},{"@type":"WebSite","@id":"https:\/\/catapa.be\/nl\/#website","url":"https:\/\/catapa.be\/nl\/","name":"CATAPA vzw","description":"Comit\u00e9 Acad\u00e9mico T\u00e9cnico de Asesoramiento a Problemas Ambientales","publisher":{"@id":"https:\/\/catapa.be\/nl\/#organization"},"potentialAction":[{"@type":"SearchAction","target":{"@type":"EntryPoint","urlTemplate":"https:\/\/catapa.be\/nl\/?s={search_term_string}"},"query-input":{"@type":"PropertyValueSpecification","valueRequired":true,"valueName":"search_term_string"}}],"inLanguage":"nl-NL"},{"@type":"Organization","@id":"https:\/\/catapa.be\/nl\/#organization","name":"CATAPA vzw","url":"https:\/\/catapa.be\/nl\/","logo":{"@type":"ImageObject","inLanguage":"nl-NL","@id":"https:\/\/catapa.be\/nl\/#\/schema\/logo\/image\/","url":"https:\/\/i0.wp.com\/catapa.be\/wp-content\/uploads\/2019\/02\/NEW20LOGO20SHORT20PNG1.png?fit=1259%2C1321&ssl=1","contentUrl":"https:\/\/i0.wp.com\/catapa.be\/wp-content\/uploads\/2019\/02\/NEW20LOGO20SHORT20PNG1.png?fit=1259%2C1321&ssl=1","width":1259,"height":1321,"caption":"CATAPA vzw"},"image":{"@id":"https:\/\/catapa.be\/nl\/#\/schema\/logo\/image\/"},"sameAs":["https:\/\/www.facebook.com\/catapa.belgium\/","https:\/\/x.com\/CATAPA_Belgica","https:\/\/www.instagram.com\/catapa_vzw\/","https:\/\/be.linkedin.com\/company\/catapavzw","https:\/\/www.youtube.com\/channel\/UCE52-Fiyv-Fpqf2gi1qhf1g"]}]}},"jetpack_sharing_enabled":true,"jetpack_likes_enabled":true,"jetpack-related-posts":[{"id":10036,"url":"https:\/\/catapa.be\/nl\/doe-mee-aan-ons-volgende-evenement\/","url_meta":{"origin":2964,"position":0},"title":"Doe mee aan ons volgende evenement!","author":"Alienor de Sas","date":"11 juli 2018","format":false,"excerpt":"","rel":"","context":"Soortgelijk bericht","block_context":{"text":"Soortgelijk bericht","link":""},"img":{"alt_text":"","src":"https:\/\/i0.wp.com\/catapa.be\/wp-content\/uploads\/2018\/08\/DSC3170.jpg?fit=1200%2C563&ssl=1&resize=350%2C200","width":350,"height":200,"srcset":"https:\/\/i0.wp.com\/catapa.be\/wp-content\/uploads\/2018\/08\/DSC3170.jpg?fit=1200%2C563&ssl=1&resize=350%2C200 1x, https:\/\/i0.wp.com\/catapa.be\/wp-content\/uploads\/2018\/08\/DSC3170.jpg?fit=1200%2C563&ssl=1&resize=525%2C300 1.5x, https:\/\/i0.wp.com\/catapa.be\/wp-content\/uploads\/2018\/08\/DSC3170.jpg?fit=1200%2C563&ssl=1&resize=700%2C400 2x, https:\/\/i0.wp.com\/catapa.be\/wp-content\/uploads\/2018\/08\/DSC3170.jpg?fit=1200%2C563&ssl=1&resize=1050%2C600 3x"},"classes":[]},{"id":3030,"url":"https:\/\/catapa.be\/nl\/doe-mee\/stages\/","url_meta":{"origin":2964,"position":1},"title":"Stages","author":"Alienor de Sas","date":"25 juni 2018","format":false,"excerpt":"[vc_row full_width=\"stretch_row\" content_placement=\"middle\" css=\".vc_custom_1534947891952{background-color: #f7f7f7 !important;}\"][vc_column][vc_column_text] Zin om stage te lopen bij ons? Contact op! We hebben elk jaar een beperkt aantal plaatsen beschikbaar op ons kantoor in Gent of bij een van onze partnerorganisaties in Peru, Bolivia en Colombia. Een stage is zowel op vrijwillige basis of in kader\u2026","rel":"","context":"Soortgelijk bericht","block_context":{"text":"Soortgelijk bericht","link":""},"img":{"alt_text":"","src":"","width":0,"height":0},"classes":[]},{"id":28011,"url":"https:\/\/catapa.be\/nl\/ctrlaltdelete-doe-mee-2\/","url_meta":{"origin":2964,"position":2},"title":"DOE MEE!","author":"Mathieu Cieters","date":"17 februari 2022","format":false,"excerpt":"[vc_row css=\".vc_custom_1645369009320{padding-top: 0px !important;padding-right: 0px !important;padding-bottom: 0px !important;padding-left: 20px !important;background-color: #fdf22a !important;}\"][vc_column width=\"1\/2\"][vc_column_text el_class=\"blauwetekst schreefloos hoofdletters\" css=\".vc_custom_1645369211614{padding-top: 35px !important;}\"]Doe mee & Stop #ExpresDefect![\/vc_column_text][vc_column_text el_class=\"blauwetekst schreefloos kleinetekst\"]De Ctrl Alt Delete campagne wil geplande veroudering en dus #ExpresDefect een halt toeroepen. Het bewust ontwerpen van producten met een korte levensduur is niet\u2026","rel":"","context":"Soortgelijk bericht","block_context":{"text":"Soortgelijk bericht","link":""},"img":{"alt_text":"","src":"","width":0,"height":0},"classes":[]},{"id":24303,"url":"https:\/\/catapa.be\/nl\/ctrlaltdelete\/","url_meta":{"origin":2964,"position":3},"title":"CTRL ALT DELETE","author":"Siel Vandamme","date":"10 februari 2022","format":false,"excerpt":"[vc_row css=\".vc_custom_1697552847974{padding-top: 0px !important;padding-bottom: 0px !important;background-color: #ff007c !important;}\"][vc_column css=\".vc_custom_1697554255193{background-color: #ff007c !important;}\"][vc_column_text el_class=\"wittetekst schreefloos hoofdletters\" css=\".vc_custom_1697555535066{padding-top: 50px !important;padding-bottom: 50px !important;}\"] Stop #ExpresDefect [\/vc_column_text][\/vc_column][\/vc_row][vc_row css=\".vc_custom_1645103857891{padding-top: 75px !important;padding-bottom: 0px !important;}\"][vc_column][vc_column_text css_animation=\"none\" el_class=\"blauwetekst schreefloos\" css=\".vc_custom_1697555153264{margin-top: 0px !important;margin-bottom: 0px !important;}\"] ge\u00b7plan\u00b7de ver\u00b7ou\u00b7de\u00b7ring [\/vc_column_text][vc_column_text el_class=\"blauwetekst typtekst\" css=\".vc_custom_1645101974688{margin-top: 0px !important;margin-bottom: 0px !important;}\"] [x\u0259pl\u0251nd\u0259 v\u0259r\u02c8\u0251ud\u0259r\u026a\u014b] \u2022 zelfst. nw.\u2026","rel":"","context":"Soortgelijk bericht","block_context":{"text":"Soortgelijk bericht","link":""},"img":{"alt_text":"Ctrl alt del campaign","src":"https:\/\/i0.wp.com\/catapa.be\/wp-content\/uploads\/2021\/11\/expresdefect-projection-ghelamco.png?fit=1200%2C676&ssl=1&resize=350%2C200","width":350,"height":200,"srcset":"https:\/\/i0.wp.com\/catapa.be\/wp-content\/uploads\/2021\/11\/expresdefect-projection-ghelamco.png?fit=1200%2C676&ssl=1&resize=350%2C200 1x, https:\/\/i0.wp.com\/catapa.be\/wp-content\/uploads\/2021\/11\/expresdefect-projection-ghelamco.png?fit=1200%2C676&ssl=1&resize=525%2C300 1.5x, https:\/\/i0.wp.com\/catapa.be\/wp-content\/uploads\/2021\/11\/expresdefect-projection-ghelamco.png?fit=1200%2C676&ssl=1&resize=700%2C400 2x, https:\/\/i0.wp.com\/catapa.be\/wp-content\/uploads\/2021\/11\/expresdefect-projection-ghelamco.png?fit=1200%2C676&ssl=1&resize=1050%2C600 3x"},"classes":[]},{"id":3024,"url":"https:\/\/catapa.be\/nl\/doe-mee\/word-vrijwilliger\/","url_meta":{"origin":2964,"position":4},"title":"Word vrijwilliger","author":"Alienor de Sas","date":"20 mei 2018","format":false,"excerpt":"[vc_row equal_height=\"yes\"][vc_column css_animation=\"none\"][vc_cta h2=\"Als vrijwilliger bij ons...\" h4=\"...maak je deel uit van CATAPA op een zinvolle en concrete manier. We nodigen je uit om iets te zoeken dat past bij jouw interesses en vaardigheden. Op die manier kan je een verschil maken niet enkel voor het milieu maar ook voor\u2026","rel":"","context":"Soortgelijk bericht","block_context":{"text":"Soortgelijk bericht","link":""},"img":{"alt_text":"","src":"","width":0,"height":0},"classes":[]},{"id":10912,"url":"https:\/\/catapa.be\/nl\/loop-mee-met-de-20-km-van-brussel-voor-catapa\/","url_meta":{"origin":2964,"position":5},"title":"Loop mee met de 20 km van Brussel voor CATAPA","author":"admin","date":"10 april 2019","format":false,"excerpt":"","rel":"","context":"Soortgelijk bericht","block_context":{"text":"Soortgelijk bericht","link":""},"img":{"alt_text":"","src":"https:\/\/i0.wp.com\/catapa.be\/wp-content\/uploads\/2019\/04\/PUNCH-2-min.png?fit=940%2C788&ssl=1&resize=350%2C200","width":350,"height":200,"srcset":"https:\/\/i0.wp.com\/catapa.be\/wp-content\/uploads\/2019\/04\/PUNCH-2-min.png?fit=940%2C788&ssl=1&resize=350%2C200 1x, https:\/\/i0.wp.com\/catapa.be\/wp-content\/uploads\/2019\/04\/PUNCH-2-min.png?fit=940%2C788&ssl=1&resize=525%2C300 1.5x, https:\/\/i0.wp.com\/catapa.be\/wp-content\/uploads\/2019\/04\/PUNCH-2-min.png?fit=940%2C788&ssl=1&resize=700%2C400 2x"},"classes":[]}],"_links":{"self":[{"href":"https:\/\/catapa.be\/nl\/wp-json\/wp\/v2\/pages\/2964","targetHints":{"allow":["GET"]}}],"collection":[{"href":"https:\/\/catapa.be\/nl\/wp-json\/wp\/v2\/pages"}],"about":[{"href":"https:\/\/catapa.be\/nl\/wp-json\/wp\/v2\/types\/page"}],"author":[{"embeddable":true,"href":"https:\/\/catapa.be\/nl\/wp-json\/wp\/v2\/users\/2"}],"replies":[{"embeddable":true,"href":"https:\/\/catapa.be\/nl\/wp-json\/wp\/v2\/comments?post=2964"}],"version-history":[{"count":3,"href":"https:\/\/catapa.be\/nl\/wp-json\/wp\/v2\/pages\/2964\/revisions"}],"predecessor-version":[{"id":6702,"href":"https:\/\/catapa.be\/nl\/wp-json\/wp\/v2\/pages\/2964\/revisions\/6702"}],"wp:attachment":[{"href":"https:\/\/catapa.be\/nl\/wp-json\/wp\/v2\/media?parent=2964"}],"curies":[{"name":"wp","href":"https:\/\/api.w.org\/{rel}","templated":true}]}}