{"id":3001,"date":"2018-05-23T12:27:43","date_gmt":"2018-05-23T10:27:43","guid":{"rendered":"http:\/\/catapa.be\/?page_id=3001"},"modified":"2022-05-28T12:28:32","modified_gmt":"2022-05-28T10:28:32","slug":"ecuador","status":"publish","type":"page","link":"https:\/\/catapa.be\/nl\/cases\/ecuador\/","title":{"rendered":"Ecuador"},"content":{"rendered":"<div class=\"wpb-content-wrapper\"><p>[vc_row][vc_column][vc_cta h2=&#8221;Mijnbouw in Ecuador is een relatief recent fenomeen,&#8221; h4=&#8221;in tegenstelling tot de oliewinning die reeds begon in 1921. Grote multinationals begonnen pas mijnexploraties te doen begin jaren 2000 na de daling van de olieproductie. In de zoektocht naar alternatieven om de staatskas in de toekomst te spijzen, kreeg de regering van Correa meer aandacht voor de mijnbouw.&#8221; style=&#8221;custom&#8221; custom_background=&#8221;#01a053&#8243; custom_text=&#8221;#ffffff&#8221;][\/vc_cta][\/vc_column][\/vc_row][vc_row full_width=&#8221;stretch_row&#8221; css=&#8221;.vc_custom_1535454810701{background-color: #efefef !important;}&#8221; el_id=&#8221;table-of-contents&#8221;][vc_column width=&#8221;1\/2&#8243;][vc_column_text]<\/p>\n<h2>Inhoudstafel<\/h2>\n<p><a href=\"#mijnbouw-in-ecuador\">Mijnbouw in Ecuador<\/a><\/p>\n<p><a href=\"#het-project-mirador\">Het project Mirador<\/a><\/p>\n<p><a href=\"#het-lokale-verzet\">Het lokale verzet<\/a>[\/vc_column_text][\/vc_column][vc_column width=&#8221;1\/2&#8243;][vc_gmaps link=&#8221;#E-8_JTNDaWZyYW1lJTIwc3JjJTNEJTIyaHR0cHMlM0ElMkYlMkZ3d3cuZ29vZ2xlLmNvbSUyRm1hcHMlMkZlbWJlZCUzRnBiJTNEJTIxMW0xOCUyMTFtMTIlMjExbTMlMjExZDE4Nzg1NjA0LjY5MTgwMjM3NSUyMTJkLTgyLjM2MDk2MTMzMTQwNTQ5JTIxM2QxLjE0OTI2MDEzNDI4OTk0NDQlMjEybTMlMjExZjAlMjEyZjAlMjEzZjAlMjEzbTIlMjExaTEwMjQlMjEyaTc2OCUyMTRmMTMuMSUyMTNtMyUyMTFtMiUyMTFzMHg5MWNjN2VkYzJiNzI3OGZiJTI1M0EweGRkNmQxZDQwYjAzOTQxZjQlMjEyc0VsJTJCUGFuZ3VpJTI1MkMlMkJFY3VhZG9yJTIxNWUxJTIxM20yJTIxMXNubCUyMTJzYmUlMjE0djE1NDc4Mjc3OTIyOTglMjIlMjB3aWR0aCUzRCUyMjYwMCUyMiUyMGhlaWdodCUzRCUyMjQ1MCUyMiUyMGZyYW1lYm9yZGVyJTNEJTIyMCUyMiUyMHN0eWxlJTNEJTIyYm9yZGVyJTNBMCUyMiUyMGFsbG93ZnVsbHNjcmVlbiUzRSUzQyUyRmlmcmFtZSUzRQ==&#8221; title=&#8221;El Pangui, Ecuador&#8221;][\/vc_column][\/vc_row][vc_row full_width=&#8221;stretch_row&#8221; el_id=&#8221;mijnbouw-in-ecuador&#8221; css=&#8221;.vc_custom_1563875628151{background-color: #009c55 !important;background-position: center !important;background-repeat: no-repeat !important;background-size: cover !important;}&#8221;][vc_column][vc_custom_heading text=&#8221;Mijnbouw in Ecuador&#8221; font_container=&#8221;tag:h1|font_size:50|text_align:left|color:%23ffffff&#8221; google_fonts=&#8221;font_family:Quicksand%3A300%2Cregular%2C700|font_style:400%20regular%3A400%3Anormal&#8221;][\/vc_column][\/vc_row][vc_row][vc_column][vc_column_text]<span style=\"font-weight: 400;\">Sinds 2019 heeft Catapa een nieuw partnerschap in Ecuador, met Acci\u00f3n Ecol\u00f3gica. Acci\u00f3n Ecol\u00f3gica is een Ecuadoriaanse ngo die streeft naar sociale en ecologische rechtvaardigheid via de principes van &#8216;buen vivir&#8217; en het ecologisme. Al meer dan 20 jaar verzet de organisatie zich tegen de private belangen van de extractivistische industrie en geeft ze een stem aan de getroffen gemeenschappen.<\/span><\/p>\n<p><span style=\"font-weight: 400;\">Hoewel er in Ecuador al decennialang olie wordt ontgonnen, is grootschalige mijnbouw een relatief nieuw fenomeen. Dit heeft voor een groot deel te maken met de visie van president Rafael Correa, die regeerde van 2007 tot 2017. Onder zijn beleid kwam de constitutie van 2008 tot stand. De nieuwe grondwet werd over het algemeen onthaald als zeer progressief, o.a. omdat ze Ecuador erkent als plurinationale staat en belooft te ontwikkelen volgens de principes van Buen Vivir, de principes van buen vivir beschrijven een methode waarbij de gemeenschap centraal staat met aandacht voor ecologische balans en cultuur. Bovendien kent het land, als eerste ter wereld, rechten toe aan de natuur. Maar paradoxaal genoeg beschrijft dezelfde constitutionele tekst de extractivistische industrie als strategische economische sector. Die zou exclusief vallen onder de controle van de staat. Met dit grondstofnationalisme hoopt de regering Correa zijn invloed te versterken op de beruchte olie-exporterende industrie in het land en wilt ze tegelijkertijd de nog relatief onderontwikkelde mijnbouwsector stimuleren.<\/span><\/p>\n<p><span style=\"font-weight: 400;\">Correas wens om een boost te geven aan de grootschalige mijnbouw was duidelijk. In 2009 werd een wet gestemd die een legaal kader zou scheppen voor de ontwikkeling van de mijnbouwsector. De wet leidde echter tot felle protesten van anti-mijngroepen. Zij vreesden, niet onterecht, dat er op die manier weinig in huis zou komen van de andere principes in de grondwet, zoals buen vivir, de rechten van de indiaanse bevolking, de bescherming van de natuur en het recht op voorafgaande toestemming.<\/span>[\/vc_column_text][vc_btn title=&#8221;Terug naar boven&#8221; align=&#8221;left&#8221; i_align=&#8221;right&#8221; i_icon_fontawesome=&#8221;fa fa-chevron-right&#8221; add_icon=&#8221;true&#8221; link=&#8221;url:%23table-of-contents|&#8221;][\/vc_column][\/vc_row][vc_row full_width=&#8221;stretch_row&#8221; el_id=&#8221;het-project-mirador&#8221; css=&#8221;.vc_custom_1563875643751{background-color: #009c55 !important;background-position: center !important;background-repeat: no-repeat !important;background-size: cover !important;}&#8221;][vc_column][vc_custom_heading text=&#8221;Het project Mirador&#8221; font_container=&#8221;tag:h1|font_size:50|text_align:left|color:%23ffffff&#8221; google_fonts=&#8221;font_family:Quicksand%3A300%2Cregular%2C700|font_style:400%20regular%3A400%3Anormal&#8221;][\/vc_column][\/vc_row][vc_row][vc_column][vc_column_text]<span style=\"font-weight: 400;\">Ondanks het groeiende protest ondertekende de regering in 2012 een contract met het Chinese mijnbouwbedrijf EcuaCorriente S.A voor de ontginning van koper, goud en zilver. Het project &#8216;Mirador&#8217; is een kernproject in de pro-mijnbouw campagne. De enorme open kopermijn situeert zich in de Zuid-Ecuadoraanse provincie Zamora Chinchipe, in het district Tundayme \u00a0(kanton El Pangui). El Pangui is een deel van de Cordillera del Condor, een bergketen met een zeer grote diversiteit aan fauna en flora waaronder meer dan 5 miljoen ton koper, 700 ton zilver en 90 ton goud schuilt. De mijn zou in werking gaan in 2018 en zou 60 000 ton koper per dag produceren.<\/span><\/p>\n<p><span style=\"font-weight: 400;\">Het contract besliste niet enkel over de toekomstige winst van EcuaCorriente SA en over de voorziene inkomsten voor de Ecuadoriaanse regering, maar ook over de toekomstige levens van de Shuar en de mestizo boeren die in het gebied wonen. Hun vruchtbare land zou getransformeerd worden tot een gigantische kopermijn, de weelderige natuur zou moeten plaats maken voor wegen en infrastructuur en giftige afvalvijvers zouden een gevaar worden voor de rivieren en de volksgezondheid. De Ecuadoriaanse regering vergemakkelijkt dit proces door gunstige milieuimpactbeoordelingen toe te kennen en de juiste licenties te verlenen aan het Chinese bedrijf. Bovendien worden zowel het leger als de politie ingeschakeld om het project te verdedigen tegen de aanhoudende protesten van de lokale bevolking. Dit was pijnlijk zichtbaar in 2015, toen bewakers van EcuaCorriente S.A. 32 families uit hun huizen dreven met behulp van de Ecuadoriaanse politie. Ze werden bij dagenraad bevolen in te pakken en te vertrekken, waarna de bulldozers van het bedrijf hun huizen met de grond gelijk maakten.<\/span>[\/vc_column_text][vc_btn title=&#8221;Terug naar boven&#8221; align=&#8221;left&#8221; i_align=&#8221;right&#8221; i_icon_fontawesome=&#8221;fa fa-chevron-right&#8221; add_icon=&#8221;true&#8221; link=&#8221;url:%23table-of-contents|&#8221;][\/vc_column][\/vc_row][vc_row full_width=&#8221;stretch_row&#8221; css=&#8221;.vc_custom_1563875658670{background-color: #009c55 !important;background-position: center !important;background-repeat: no-repeat !important;background-size: cover !important;}&#8221; el_id=&#8221;het-lokale-verzet&#8221;][vc_column][vc_custom_heading text=&#8221;Het lokale verzet&#8221; font_container=&#8221;tag:h1|font_size:50|text_align:left|color:%23ffffff&#8221; google_fonts=&#8221;font_family:Quicksand%3A300%2Cregular%2C700|font_style:400%20regular%3A400%3Anormal&#8221; el_id=&#8221;International arbitration&#8221;][\/vc_column][\/vc_row][vc_row][vc_column][vc_column_text]<span style=\"font-weight: 400;\">De mijnbouwprojecten in de Cordillera del Condor worden al sinds hun aanvang in de jaren \u201890 gekarakteriseerd door een groot gebrek aan informatie, participatie en consultatie tegenover de lokale bevolking. Niet alleen dat maar er werd ook veel verkeerde informatie verspreid over de doeleinden en gevolgen van het project. EcuaCorriente gaf bedrieglijke informatie aan de bevolking in kader van het verkopen van hun gronden. Zij werden hierbij verteld dat hun land na verkoop zou gebruikt worden voor veeteelt, wat uiteraard ver van de waarheid ligt.<\/span><\/p>\n<p><span style=\"font-weight: 400;\">De bevolking verzet zich hard tegen de mijnbouw activiteiten, met alle gevolgen die daarbij komen. Een verdediger van de rechten van de lokale bevolking genaamd Jos\u00e9 Tendetza kon de reactie van het mijnbouwbedrijf zelf mee maken. Naar aanleiding van zijn verzet werd hij bedreigd en werden zijn gewassen verbrand. Ook zijn houten huis werd in brand gestoken voor zijn uitgesproken mening en positie tegenover mijnbouw en verdedigen van grond.<\/span><\/p>\n<p><span style=\"font-weight: 400;\">Hij verdween uiteindelijk toen hij onderweg was naar een meeting over problemen in verband met de mijnbouw, 5 dagen later werd zijn lichaam gevonden op de oever van de rivier Zamora, op de hoogte van de brug Chuchumbletza; een deel van het gebied van het Mirador-project. Ondanks de toenemende macht van de mijnbouwsector blijft de lokale bevolking zich verzetten. Ze worden daarbij geholpen door nationale ngo&#8217;s zoals Acci\u00f3n Ecol\u00f3gica, die technische, politieke en juridische steun leveren en het verhaal van la Cordillera del Condor verder verspreiden.<\/span>[\/vc_column_text][vc_btn title=&#8221;Terug naar boven&#8221; align=&#8221;left&#8221; i_align=&#8221;right&#8221; i_icon_fontawesome=&#8221;fa fa-chevron-right&#8221; add_icon=&#8221;true&#8221; link=&#8221;url:%23table-of-contents|&#8221;][\/vc_column][\/vc_row]<\/p>\n<\/div>","protected":false},"excerpt":{"rendered":"<p>[vc_row][vc_column][vc_cta h2=&#8221;Mijnbouw in Ecuador is een relatief recent fenomeen,&#8221; h4=&#8221;in tegenstelling tot de oliewinning die reeds begon in 1921. Grote multinationals begonnen pas mijnexploraties te doen begin jaren 2000 na de daling van de olieproductie.<br \/><a class=\"read-more\" href=\"https:\/\/catapa.be\/nl\/cases\/ecuador\/\">Read More<\/a><\/p>\n","protected":false},"author":2,"featured_media":0,"parent":2995,"menu_order":4,"comment_status":"closed","ping_status":"closed","template":"","meta":{"_exactmetrics_skip_tracking":false,"_exactmetrics_sitenote_active":false,"_exactmetrics_sitenote_note":"","_exactmetrics_sitenote_category":0,"jetpack_post_was_ever_published":false,"footnotes":""},"class_list":["post-3001","page","type-page","status-publish","hentry"],"yoast_head":"<!-- This site is optimized with the Yoast SEO plugin v26.8 - https:\/\/yoast.com\/product\/yoast-seo-wordpress\/ -->\n<title>Ecuador - CATAPA vzw<\/title>\n<meta name=\"robots\" content=\"index, follow, max-snippet:-1, max-image-preview:large, max-video-preview:-1\" \/>\n<link rel=\"canonical\" href=\"https:\/\/catapa.be\/nl\/cases\/ecuador\/\" \/>\n<meta property=\"og:locale\" content=\"nl_NL\" \/>\n<meta property=\"og:type\" content=\"article\" \/>\n<meta property=\"og:title\" content=\"Ecuador - CATAPA vzw\" \/>\n<meta property=\"og:description\" content=\"[vc_row][vc_column][vc_cta h2=&#8221;Mijnbouw in Ecuador is een relatief recent fenomeen,&#8221; h4=&#8221;in tegenstelling tot de oliewinning die reeds begon in 1921. Grote multinationals begonnen pas mijnexploraties te doen begin jaren 2000 na de daling van de olieproductie.Read More\" \/>\n<meta property=\"og:url\" content=\"https:\/\/catapa.be\/nl\/cases\/ecuador\/\" \/>\n<meta property=\"og:site_name\" content=\"CATAPA vzw\" \/>\n<meta property=\"article:publisher\" content=\"https:\/\/www.facebook.com\/catapa.belgium\/\" \/>\n<meta property=\"article:modified_time\" content=\"2022-05-28T10:28:32+00:00\" \/>\n<meta name=\"twitter:card\" content=\"summary_large_image\" \/>\n<meta name=\"twitter:site\" content=\"@CATAPA_Belgica\" \/>\n<meta name=\"twitter:label1\" content=\"Geschatte leestijd\" \/>\n\t<meta name=\"twitter:data1\" content=\"5 minuten\" \/>\n<script type=\"application\/ld+json\" class=\"yoast-schema-graph\">{\"@context\":\"https:\/\/schema.org\",\"@graph\":[{\"@type\":\"WebPage\",\"@id\":\"https:\/\/catapa.be\/nl\/cases\/ecuador\/\",\"url\":\"https:\/\/catapa.be\/nl\/cases\/ecuador\/\",\"name\":\"Ecuador - CATAPA vzw\",\"isPartOf\":{\"@id\":\"https:\/\/catapa.be\/nl\/#website\"},\"datePublished\":\"2018-05-23T10:27:43+00:00\",\"dateModified\":\"2022-05-28T10:28:32+00:00\",\"breadcrumb\":{\"@id\":\"https:\/\/catapa.be\/nl\/cases\/ecuador\/#breadcrumb\"},\"inLanguage\":\"nl-NL\",\"potentialAction\":[{\"@type\":\"ReadAction\",\"target\":[\"https:\/\/catapa.be\/nl\/cases\/ecuador\/\"]}]},{\"@type\":\"BreadcrumbList\",\"@id\":\"https:\/\/catapa.be\/nl\/cases\/ecuador\/#breadcrumb\",\"itemListElement\":[{\"@type\":\"ListItem\",\"position\":1,\"name\":\"Home\",\"item\":\"https:\/\/catapa.be\/nl\/\"},{\"@type\":\"ListItem\",\"position\":2,\"name\":\"Cases\",\"item\":\"https:\/\/catapa.be\/nl\/cases\/\"},{\"@type\":\"ListItem\",\"position\":3,\"name\":\"Ecuador\"}]},{\"@type\":\"WebSite\",\"@id\":\"https:\/\/catapa.be\/nl\/#website\",\"url\":\"https:\/\/catapa.be\/nl\/\",\"name\":\"CATAPA vzw\",\"description\":\"Comit\u00e9 Acad\u00e9mico T\u00e9cnico de Asesoramiento a Problemas Ambientales\",\"publisher\":{\"@id\":\"https:\/\/catapa.be\/nl\/#organization\"},\"potentialAction\":[{\"@type\":\"SearchAction\",\"target\":{\"@type\":\"EntryPoint\",\"urlTemplate\":\"https:\/\/catapa.be\/nl\/?s={search_term_string}\"},\"query-input\":{\"@type\":\"PropertyValueSpecification\",\"valueRequired\":true,\"valueName\":\"search_term_string\"}}],\"inLanguage\":\"nl-NL\"},{\"@type\":\"Organization\",\"@id\":\"https:\/\/catapa.be\/nl\/#organization\",\"name\":\"CATAPA vzw\",\"url\":\"https:\/\/catapa.be\/nl\/\",\"logo\":{\"@type\":\"ImageObject\",\"inLanguage\":\"nl-NL\",\"@id\":\"https:\/\/catapa.be\/nl\/#\/schema\/logo\/image\/\",\"url\":\"https:\/\/i0.wp.com\/catapa.be\/wp-content\/uploads\/2019\/02\/NEW20LOGO20SHORT20PNG1.png?fit=1259%2C1321&ssl=1\",\"contentUrl\":\"https:\/\/i0.wp.com\/catapa.be\/wp-content\/uploads\/2019\/02\/NEW20LOGO20SHORT20PNG1.png?fit=1259%2C1321&ssl=1\",\"width\":1259,\"height\":1321,\"caption\":\"CATAPA vzw\"},\"image\":{\"@id\":\"https:\/\/catapa.be\/nl\/#\/schema\/logo\/image\/\"},\"sameAs\":[\"https:\/\/www.facebook.com\/catapa.belgium\/\",\"https:\/\/x.com\/CATAPA_Belgica\",\"https:\/\/www.instagram.com\/catapa_vzw\/\",\"https:\/\/be.linkedin.com\/company\/catapavzw\",\"https:\/\/www.youtube.com\/channel\/UCE52-Fiyv-Fpqf2gi1qhf1g\"]}]}<\/script>\n<!-- \/ Yoast SEO plugin. -->","yoast_head_json":{"title":"Ecuador - CATAPA vzw","robots":{"index":"index","follow":"follow","max-snippet":"max-snippet:-1","max-image-preview":"max-image-preview:large","max-video-preview":"max-video-preview:-1"},"canonical":"https:\/\/catapa.be\/nl\/cases\/ecuador\/","og_locale":"nl_NL","og_type":"article","og_title":"Ecuador - CATAPA vzw","og_description":"[vc_row][vc_column][vc_cta h2=&#8221;Mijnbouw in Ecuador is een relatief recent fenomeen,&#8221; h4=&#8221;in tegenstelling tot de oliewinning die reeds begon in 1921. Grote multinationals begonnen pas mijnexploraties te doen begin jaren 2000 na de daling van de olieproductie.Read More","og_url":"https:\/\/catapa.be\/nl\/cases\/ecuador\/","og_site_name":"CATAPA vzw","article_publisher":"https:\/\/www.facebook.com\/catapa.belgium\/","article_modified_time":"2022-05-28T10:28:32+00:00","twitter_card":"summary_large_image","twitter_site":"@CATAPA_Belgica","twitter_misc":{"Geschatte leestijd":"5 minuten"},"schema":{"@context":"https:\/\/schema.org","@graph":[{"@type":"WebPage","@id":"https:\/\/catapa.be\/nl\/cases\/ecuador\/","url":"https:\/\/catapa.be\/nl\/cases\/ecuador\/","name":"Ecuador - CATAPA vzw","isPartOf":{"@id":"https:\/\/catapa.be\/nl\/#website"},"datePublished":"2018-05-23T10:27:43+00:00","dateModified":"2022-05-28T10:28:32+00:00","breadcrumb":{"@id":"https:\/\/catapa.be\/nl\/cases\/ecuador\/#breadcrumb"},"inLanguage":"nl-NL","potentialAction":[{"@type":"ReadAction","target":["https:\/\/catapa.be\/nl\/cases\/ecuador\/"]}]},{"@type":"BreadcrumbList","@id":"https:\/\/catapa.be\/nl\/cases\/ecuador\/#breadcrumb","itemListElement":[{"@type":"ListItem","position":1,"name":"Home","item":"https:\/\/catapa.be\/nl\/"},{"@type":"ListItem","position":2,"name":"Cases","item":"https:\/\/catapa.be\/nl\/cases\/"},{"@type":"ListItem","position":3,"name":"Ecuador"}]},{"@type":"WebSite","@id":"https:\/\/catapa.be\/nl\/#website","url":"https:\/\/catapa.be\/nl\/","name":"CATAPA vzw","description":"Comit\u00e9 Acad\u00e9mico T\u00e9cnico de Asesoramiento a Problemas Ambientales","publisher":{"@id":"https:\/\/catapa.be\/nl\/#organization"},"potentialAction":[{"@type":"SearchAction","target":{"@type":"EntryPoint","urlTemplate":"https:\/\/catapa.be\/nl\/?s={search_term_string}"},"query-input":{"@type":"PropertyValueSpecification","valueRequired":true,"valueName":"search_term_string"}}],"inLanguage":"nl-NL"},{"@type":"Organization","@id":"https:\/\/catapa.be\/nl\/#organization","name":"CATAPA vzw","url":"https:\/\/catapa.be\/nl\/","logo":{"@type":"ImageObject","inLanguage":"nl-NL","@id":"https:\/\/catapa.be\/nl\/#\/schema\/logo\/image\/","url":"https:\/\/i0.wp.com\/catapa.be\/wp-content\/uploads\/2019\/02\/NEW20LOGO20SHORT20PNG1.png?fit=1259%2C1321&ssl=1","contentUrl":"https:\/\/i0.wp.com\/catapa.be\/wp-content\/uploads\/2019\/02\/NEW20LOGO20SHORT20PNG1.png?fit=1259%2C1321&ssl=1","width":1259,"height":1321,"caption":"CATAPA vzw"},"image":{"@id":"https:\/\/catapa.be\/nl\/#\/schema\/logo\/image\/"},"sameAs":["https:\/\/www.facebook.com\/catapa.belgium\/","https:\/\/x.com\/CATAPA_Belgica","https:\/\/www.instagram.com\/catapa_vzw\/","https:\/\/be.linkedin.com\/company\/catapavzw","https:\/\/www.youtube.com\/channel\/UCE52-Fiyv-Fpqf2gi1qhf1g"]}]}},"jetpack_sharing_enabled":true,"jetpack_likes_enabled":true,"jetpack-related-posts":[{"id":32878,"url":"https:\/\/catapa.be\/nl\/catapa-verwelkomt-activistes-uit-ecuador\/","url_meta":{"origin":3001,"position":0},"title":"CATAPA verwelkomt activistes uit Ecuador","author":"Estefan\u00eda","date":"7 februari 2023","format":false,"excerpt":"[vc_row css=\".vc_custom_1675936624176{margin-top: 0px !important;margin-bottom: 0px !important;border-top-width: 0px !important;border-bottom-width: 0px !important;padding-top: 0px !important;padding-bottom: 0px !important;}\"][vc_column width=\"1\/2\"][vc_cta h2=\"Het recht om 'nee' te zeggen, van Ecuador tot Belgi\u00eb\"][\/vc_cta][vc_gallery type=\"flexslider_slide\" interval=\"10\" images=\"32762,32765,32756,32759,32768\" img_size=\"full\"][\/vc_column][vc_column width=\"1\/2\"][vc_cta h2=\"\" style=\"custom\" custom_background=\"#01a053\" custom_text=\"#ffffff\"]Ook dit jaar nodigt CATAPA activisten uit Latijns-Amerika uit om hun persoonlijke verhaal te brengen en het\u2026","rel":"","context":"Soortgelijk bericht","block_context":{"text":"Soortgelijk bericht","link":""},"img":{"alt_text":"","src":"https:\/\/i0.wp.com\/catapa.be\/wp-content\/uploads\/2023\/02\/webteaser.png?fit=1200%2C675&ssl=1&resize=350%2C200","width":350,"height":200,"srcset":"https:\/\/i0.wp.com\/catapa.be\/wp-content\/uploads\/2023\/02\/webteaser.png?fit=1200%2C675&ssl=1&resize=350%2C200 1x, https:\/\/i0.wp.com\/catapa.be\/wp-content\/uploads\/2023\/02\/webteaser.png?fit=1200%2C675&ssl=1&resize=525%2C300 1.5x, https:\/\/i0.wp.com\/catapa.be\/wp-content\/uploads\/2023\/02\/webteaser.png?fit=1200%2C675&ssl=1&resize=700%2C400 2x, https:\/\/i0.wp.com\/catapa.be\/wp-content\/uploads\/2023\/02\/webteaser.png?fit=1200%2C675&ssl=1&resize=1050%2C600 3x"},"classes":[]},{"id":3032,"url":"https:\/\/catapa.be\/nl\/doe-mee\/doneer-nu\/","url_meta":{"origin":3001,"position":1},"title":"Doneer nu","author":"Alienor de Sas","date":"20 mei 2018","format":false,"excerpt":"[vc_row equal_height=\"yes\"][vc_column css_animation=\"none\"][vc_cta h2=\"Steun CATAPA\" h4=\"CATAPA is een groeiende, eigenzinnige en kritische beweging die durft tegen de stroom in te gaan in het belang van een meer duurzame en rechtvaardige planeet. We ondersteunen gemeenschappen in Latijns-Amerika die bedreigd worden door grootschalige mijnbouwprojecten en de sociale en ecologische impact hiervan. Daarnaast\u2026","rel":"","context":"Soortgelijk bericht","block_context":{"text":"Soortgelijk bericht","link":""},"img":{"alt_text":"","src":"","width":0,"height":0},"classes":[]},{"id":33923,"url":"https:\/\/catapa.be\/nl\/ons-werk\/campagnes\/het-recht-om-nee-te-zeggen\/right-to-say-no-bijeenkomst-in-de-andes\/","url_meta":{"origin":3001,"position":2},"title":"Right To Say No bijeenkomst in de Andes","author":"Simon Berlo","date":"7 augustus 2023","format":false,"excerpt":"[vc_section][vc_row css=\".vc_custom_1690880892961{margin-top: 0px !important;margin-bottom: 0px !important;border-top-width: 0px !important;border-bottom-width: 0px !important;padding-top: 0px !important;padding-bottom: 0px !important;}\"][vc_column css=\".vc_custom_1690880879850{margin-top: 0px !important;margin-bottom: 0px !important;border-top-width: 0px !important;border-bottom-width: 0px !important;padding-top: 0px !important;padding-bottom: 0px !important;}\"][vc_column_text] Kennisuitwisseling en solidariteit in het verzet tegen mijnbouw [\/vc_column_text][vc_column_text]Om de vier jaar ontmoeten de partners van CATAPA elkaar op het grondgebied van een\u2026","rel":"","context":"Soortgelijk bericht","block_context":{"text":"Soortgelijk bericht","link":""},"img":{"alt_text":"","src":"","width":0,"height":0},"classes":[]},{"id":33786,"url":"https:\/\/catapa.be\/nl\/ons-werk\/campagnes\/het-recht-om-nee-te-zeggen\/","url_meta":{"origin":3001,"position":3},"title":"Het recht om &#8216;nee&#8217; te zeggen","author":"Estefan\u00eda","date":"19 juli 2023","format":false,"excerpt":"[vc_row full_width=\"stretch_row\" css=\".vc_custom_1535376197063{margin-bottom: 0px !important;border-bottom-width: 0px !important;padding-bottom: 0px !important;background-color: #efefef !important;}\" el_id=\"nieuwste-artikelen\"][vc_column css=\".vc_custom_1535376096604{margin-top: 0px !important;margin-bottom: 0px !important;border-top-width: 0px !important;border-bottom-width: 0px !important;padding-top: 0px !important;padding-bottom: 0px !important;}\"][vc_cta h2=\"Steun het recht om 'nee' te zeggen!\" add_button=\"bottom\" btn_title=\"Doneer en steun het recht om 'nee' te zeggen\" btn_color=\"success\" btn_align=\"center\" btn_link=\"url:https%3A%2F%2Fcatapa.be%2Fnl%2Fdoe-mee%2Fdoneer-nu%2F|target:_blank\"]Vraag je je af hoe je\u2026","rel":"","context":"Soortgelijk bericht","block_context":{"text":"Soortgelijk bericht","link":""},"img":{"alt_text":"","src":"https:\/\/i0.wp.com\/catapa.be\/wp-content\/uploads\/2023\/02\/WhatsApp-Image-2023-01-18-at-15.52.04-300x200.jpeg?resize=350%2C200&ssl=1","width":350,"height":200},"classes":[]},{"id":3041,"url":"https:\/\/catapa.be\/nl\/ons-werk\/strategie\/","url_meta":{"origin":3001,"position":4},"title":"Strategie","author":"Alienor de Sas","date":"20 mei 2018","format":false,"excerpt":"[vc_row css=\".vc_custom_1533807373745{margin-top: -50px !important;margin-bottom: 50px !important;}\"][vc_column][vc_cta h2=\"CATAPA bestaat uit een kritische beweging van actieve burgers.\" h4=\"Over de landsgrenzen heen streven we op een horizontale wijze naar een wereld waarin de ontginning van niet-hernieuwbare grondstoffen niet langer nodig is.\" style=\"custom\" css_animation=\"none\" custom_background=\"#01a053\" custom_text=\"#ffffff\"][\/vc_cta][\/vc_column][\/vc_row][vc_row full_width=\"stretch_row\" content_placement=\"middle\" css=\".vc_custom_1533808586582{margin-top: -100px !important;background-color: #f7f7f7 !important;}\"][vc_column][vc_column_text]CATAPA bestaat\u2026","rel":"","context":"Soortgelijk bericht","block_context":{"text":"Soortgelijk bericht","link":""},"img":{"alt_text":"","src":"","width":0,"height":0},"classes":[]},{"id":3005,"url":"https:\/\/catapa.be\/nl\/","url_meta":{"origin":3001,"position":5},"title":"Home","author":"Alienor de Sas","date":"20 mei 2011","format":false,"excerpt":"[vc_row css=\".vc_custom_1698400141878{margin-top: 1px !important;margin-bottom: 1px !important;border-top-width: 0px !important;border-bottom-width: 0px !important;padding-top: 0px !important;padding-bottom: 0px !important;}\"][vc_column width=\"1\/4\"][vc_cta h2=\"Het recht om 'nee' te zeggen\" txt_align=\"center\" shape=\"square\" add_button=\"bottom\" btn_title=\"De campagne\" btn_color=\"orange\" btn_align=\"center\" btn_link=\"url:https%3A%2F%2Fcatapa.be%2Fnl%2Fons-werk%2Fcampagnes%2Fhet-recht-om-nee-te-zeggen%2F|title:Het%20recht%20om%20'nee'%20te%20zeggen\"]We steunen gemeenschappen hun recht om 'nee' te zeggen tegen mijnbouw en het maatschappelijke systeem dat mijnbouw noodzakelijk maakt. In de Andesregio\u2026","rel":"","context":"Soortgelijk bericht","block_context":{"text":"Soortgelijk bericht","link":""},"img":{"alt_text":"","src":"https:\/\/i0.wp.com\/catapa.be\/wp-content\/uploads\/2023\/10\/Right-to-say-no-250.png?resize=350%2C200&ssl=1","width":350,"height":200},"classes":[]}],"_links":{"self":[{"href":"https:\/\/catapa.be\/nl\/wp-json\/wp\/v2\/pages\/3001","targetHints":{"allow":["GET"]}}],"collection":[{"href":"https:\/\/catapa.be\/nl\/wp-json\/wp\/v2\/pages"}],"about":[{"href":"https:\/\/catapa.be\/nl\/wp-json\/wp\/v2\/types\/page"}],"author":[{"embeddable":true,"href":"https:\/\/catapa.be\/nl\/wp-json\/wp\/v2\/users\/2"}],"replies":[{"embeddable":true,"href":"https:\/\/catapa.be\/nl\/wp-json\/wp\/v2\/comments?post=3001"}],"version-history":[{"count":18,"href":"https:\/\/catapa.be\/nl\/wp-json\/wp\/v2\/pages\/3001\/revisions"}],"predecessor-version":[{"id":29742,"href":"https:\/\/catapa.be\/nl\/wp-json\/wp\/v2\/pages\/3001\/revisions\/29742"}],"up":[{"embeddable":true,"href":"https:\/\/catapa.be\/nl\/wp-json\/wp\/v2\/pages\/2995"}],"wp:attachment":[{"href":"https:\/\/catapa.be\/nl\/wp-json\/wp\/v2\/media?parent=3001"}],"curies":[{"name":"wp","href":"https:\/\/api.w.org\/{rel}","templated":true}]}}