{"id":3018,"date":"2018-05-20T10:11:34","date_gmt":"2018-05-20T08:11:34","guid":{"rendered":"http:\/\/catapa.be\/?page_id=3018"},"modified":"2022-04-08T16:55:05","modified_gmt":"2022-04-08T14:55:05","slug":"campagnes","status":"publish","type":"page","link":"https:\/\/catapa.be\/nl\/ons-werk\/campagnes\/","title":{"rendered":"Campagnes en projecten"},"content":{"rendered":"<div class=\"wpb-content-wrapper\"><p>[vc_row css=&#8221;.vc_custom_1533807373745{margin-top: -50px !important;margin-bottom: 50px !important;}&#8221;][vc_column width=&#8221;1\/2&#8243;][vc_cta h2=&#8221;Wij werken campagne- en projectmatig.&#8221; h4=&#8221;De campagne Make ICT Fair en de projecten NEMO en Fair ICT Flanders beheersen momenteel voornamelijk onze werking.&#8221; style=&#8221;custom&#8221; css_animation=&#8221;none&#8221; custom_background=&#8221;#01a053&#8243; custom_text=&#8221;#ffffff&#8221;][\/vc_cta][\/vc_column][vc_column width=&#8221;1\/2&#8243;][vc_cta h2=&#8221;Huidige campagne&#8221; style=&#8221;custom&#8221; add_button=&#8221;bottom&#8221; btn_title=&#8221;Ga naar de Ctrl Alt Delete Website!&#8221; btn_color=&#8221;danger&#8221; btn_size=&#8221;lg&#8221; css_animation=&#8221;none&#8221; custom_background=&#8221;#021ce0&#8243; custom_text=&#8221;#ffffff&#8221; btn_link=&#8221;url:https%3A%2F%2Fwww.ctrlaltdelete.be%2F|target:_blank&#8221; el_class=&#8221;wittetekst typtekst kleinetekst&#8221;]<img data-recalc-dims=\"1\" loading=\"lazy\" decoding=\"async\" class=\"wp-image-24540 size-thumbnail alignleft\" src=\"https:\/\/i0.wp.com\/catapa.be\/wp-content\/uploads\/2021\/11\/cropped-cropped-ctrlaltdel.png?resize=150%2C150&#038;ssl=1\" alt=\"geplande veroudering ctrl alt delete campagne\" width=\"150\" height=\"150\" srcset=\"https:\/\/i0.wp.com\/catapa.be\/wp-content\/uploads\/2021\/11\/cropped-cropped-ctrlaltdel.png?resize=150%2C150&amp;ssl=1 150w, https:\/\/i0.wp.com\/catapa.be\/wp-content\/uploads\/2021\/11\/cropped-cropped-ctrlaltdel.png?resize=160%2C160&amp;ssl=1 160w, https:\/\/i0.wp.com\/catapa.be\/wp-content\/uploads\/2021\/11\/cropped-cropped-ctrlaltdel.png?w=250&amp;ssl=1 250w\" sizes=\"auto, (max-width: 150px) 100vw, 150px\" \/><strong>CTRL ALT DELETE<\/strong><\/p>\n<p><strong>Een campagne over geplande veroudering.<\/strong>[\/vc_cta][\/vc_column][\/vc_row][vc_row full_width=&#8221;stretch_row&#8221; content_placement=&#8221;middle&#8221; css=&#8221;.vc_custom_1533808586582{margin-top: -100px !important;background-color: #f7f7f7 !important;}&#8221;][vc_column][vc_basic_grid post_type=&#8221;post&#8221; max_items=&#8221;10&#8243; orderby=&#8221;title&#8221; grid_id=&#8221;vc_gid:1649429221816-1574383f-e497-3&#8243; exclude=&#8221;7582, 7578, 7298, 7286, 7278, 8771, 9217, 7499, 10137, 10156, 10414, 10372, 10448&#8243; taxonomies=&#8221;475&#8243;][\/vc_column][\/vc_row]<\/p>\n<\/div>","protected":false},"excerpt":{"rendered":"<p>[vc_row css=&#8221;.vc_custom_1533807373745{margin-top: -50px !important;margin-bottom: 50px !important;}&#8221;][vc_column width=&#8221;1\/2&#8243;][vc_cta h2=&#8221;Wij werken campagne- en projectmatig.&#8221; h4=&#8221;De campagne Make ICT Fair en de projecten NEMO en Fair ICT Flanders beheersen momenteel voornamelijk onze werking.&#8221; style=&#8221;custom&#8221; css_animation=&#8221;none&#8221; custom_background=&#8221;#01a053&#8243; custom_text=&#8221;#ffffff&#8221;][\/vc_cta][\/vc_column][vc_column width=&#8221;1\/2&#8243;][vc_cta<br \/><a class=\"read-more\" href=\"https:\/\/catapa.be\/nl\/ons-werk\/campagnes\/\">Read More<\/a><\/p>\n","protected":false},"author":2,"featured_media":0,"parent":3034,"menu_order":2,"comment_status":"closed","ping_status":"closed","template":"","meta":{"_exactmetrics_skip_tracking":false,"_exactmetrics_sitenote_active":false,"_exactmetrics_sitenote_note":"","_exactmetrics_sitenote_category":0,"jetpack_post_was_ever_published":false,"footnotes":""},"class_list":["post-3018","page","type-page","status-publish","hentry"],"yoast_head":"<!-- This site is optimized with the Yoast SEO plugin v26.8 - https:\/\/yoast.com\/product\/yoast-seo-wordpress\/ -->\n<title>Campagnes en projecten - CATAPA vzw<\/title>\n<meta name=\"description\" content=\"Catapa - campagnes en projecten: Ctrl Alt Delete, Nemo, Fair ICT Flanders, Make ICT Fair, ...\" \/>\n<meta name=\"robots\" content=\"index, follow, max-snippet:-1, max-image-preview:large, max-video-preview:-1\" \/>\n<link rel=\"canonical\" href=\"https:\/\/catapa.be\/nl\/ons-werk\/campagnes\/\" \/>\n<meta property=\"og:locale\" content=\"nl_NL\" \/>\n<meta property=\"og:type\" content=\"article\" \/>\n<meta property=\"og:title\" content=\"Campagnes en projecten - CATAPA vzw\" \/>\n<meta property=\"og:description\" content=\"Catapa - campagnes en projecten: Ctrl Alt Delete, Nemo, Fair ICT Flanders, Make ICT Fair, ...\" \/>\n<meta property=\"og:url\" content=\"https:\/\/catapa.be\/nl\/ons-werk\/campagnes\/\" \/>\n<meta property=\"og:site_name\" content=\"CATAPA vzw\" \/>\n<meta property=\"article:publisher\" content=\"https:\/\/www.facebook.com\/catapa.belgium\/\" \/>\n<meta property=\"article:modified_time\" content=\"2022-04-08T14:55:05+00:00\" \/>\n<meta property=\"og:image\" content=\"https:\/\/catapa.be\/wp-content\/uploads\/2021\/11\/cropped-cropped-ctrlaltdel-150x150.png\" \/>\n<meta name=\"twitter:card\" content=\"summary_large_image\" \/>\n<meta name=\"twitter:site\" content=\"@CATAPA_Belgica\" \/>\n<meta name=\"twitter:label1\" content=\"Geschatte leestijd\" \/>\n\t<meta name=\"twitter:data1\" content=\"1 minuut\" \/>\n<script type=\"application\/ld+json\" class=\"yoast-schema-graph\">{\"@context\":\"https:\/\/schema.org\",\"@graph\":[{\"@type\":\"WebPage\",\"@id\":\"https:\/\/catapa.be\/nl\/ons-werk\/campagnes\/\",\"url\":\"https:\/\/catapa.be\/nl\/ons-werk\/campagnes\/\",\"name\":\"Campagnes en projecten - CATAPA vzw\",\"isPartOf\":{\"@id\":\"https:\/\/catapa.be\/nl\/#website\"},\"primaryImageOfPage\":{\"@id\":\"https:\/\/catapa.be\/nl\/ons-werk\/campagnes\/#primaryimage\"},\"image\":{\"@id\":\"https:\/\/catapa.be\/nl\/ons-werk\/campagnes\/#primaryimage\"},\"thumbnailUrl\":\"https:\/\/catapa.be\/wp-content\/uploads\/2021\/11\/cropped-cropped-ctrlaltdel-150x150.png\",\"datePublished\":\"2018-05-20T08:11:34+00:00\",\"dateModified\":\"2022-04-08T14:55:05+00:00\",\"description\":\"Catapa - campagnes en projecten: Ctrl Alt Delete, Nemo, Fair ICT Flanders, Make ICT Fair, ...\",\"breadcrumb\":{\"@id\":\"https:\/\/catapa.be\/nl\/ons-werk\/campagnes\/#breadcrumb\"},\"inLanguage\":\"nl-NL\",\"potentialAction\":[{\"@type\":\"ReadAction\",\"target\":[\"https:\/\/catapa.be\/nl\/ons-werk\/campagnes\/\"]}]},{\"@type\":\"ImageObject\",\"inLanguage\":\"nl-NL\",\"@id\":\"https:\/\/catapa.be\/nl\/ons-werk\/campagnes\/#primaryimage\",\"url\":\"https:\/\/catapa.be\/wp-content\/uploads\/2021\/11\/cropped-cropped-ctrlaltdel-150x150.png\",\"contentUrl\":\"https:\/\/catapa.be\/wp-content\/uploads\/2021\/11\/cropped-cropped-ctrlaltdel-150x150.png\"},{\"@type\":\"BreadcrumbList\",\"@id\":\"https:\/\/catapa.be\/nl\/ons-werk\/campagnes\/#breadcrumb\",\"itemListElement\":[{\"@type\":\"ListItem\",\"position\":1,\"name\":\"Home\",\"item\":\"https:\/\/catapa.be\/nl\/\"},{\"@type\":\"ListItem\",\"position\":2,\"name\":\"Ons werk\",\"item\":\"https:\/\/catapa.be\/nl\/ons-werk\/\"},{\"@type\":\"ListItem\",\"position\":3,\"name\":\"Campagnes en projecten\"}]},{\"@type\":\"WebSite\",\"@id\":\"https:\/\/catapa.be\/nl\/#website\",\"url\":\"https:\/\/catapa.be\/nl\/\",\"name\":\"CATAPA vzw\",\"description\":\"Comit\u00e9 Acad\u00e9mico T\u00e9cnico de Asesoramiento a Problemas Ambientales\",\"publisher\":{\"@id\":\"https:\/\/catapa.be\/nl\/#organization\"},\"potentialAction\":[{\"@type\":\"SearchAction\",\"target\":{\"@type\":\"EntryPoint\",\"urlTemplate\":\"https:\/\/catapa.be\/nl\/?s={search_term_string}\"},\"query-input\":{\"@type\":\"PropertyValueSpecification\",\"valueRequired\":true,\"valueName\":\"search_term_string\"}}],\"inLanguage\":\"nl-NL\"},{\"@type\":\"Organization\",\"@id\":\"https:\/\/catapa.be\/nl\/#organization\",\"name\":\"CATAPA vzw\",\"url\":\"https:\/\/catapa.be\/nl\/\",\"logo\":{\"@type\":\"ImageObject\",\"inLanguage\":\"nl-NL\",\"@id\":\"https:\/\/catapa.be\/nl\/#\/schema\/logo\/image\/\",\"url\":\"https:\/\/i0.wp.com\/catapa.be\/wp-content\/uploads\/2019\/02\/NEW20LOGO20SHORT20PNG1.png?fit=1259%2C1321&ssl=1\",\"contentUrl\":\"https:\/\/i0.wp.com\/catapa.be\/wp-content\/uploads\/2019\/02\/NEW20LOGO20SHORT20PNG1.png?fit=1259%2C1321&ssl=1\",\"width\":1259,\"height\":1321,\"caption\":\"CATAPA vzw\"},\"image\":{\"@id\":\"https:\/\/catapa.be\/nl\/#\/schema\/logo\/image\/\"},\"sameAs\":[\"https:\/\/www.facebook.com\/catapa.belgium\/\",\"https:\/\/x.com\/CATAPA_Belgica\",\"https:\/\/www.instagram.com\/catapa_vzw\/\",\"https:\/\/be.linkedin.com\/company\/catapavzw\",\"https:\/\/www.youtube.com\/channel\/UCE52-Fiyv-Fpqf2gi1qhf1g\"]}]}<\/script>\n<!-- \/ Yoast SEO plugin. -->","yoast_head_json":{"title":"Campagnes en projecten - CATAPA vzw","description":"Catapa - campagnes en projecten: Ctrl Alt Delete, Nemo, Fair ICT Flanders, Make ICT Fair, ...","robots":{"index":"index","follow":"follow","max-snippet":"max-snippet:-1","max-image-preview":"max-image-preview:large","max-video-preview":"max-video-preview:-1"},"canonical":"https:\/\/catapa.be\/nl\/ons-werk\/campagnes\/","og_locale":"nl_NL","og_type":"article","og_title":"Campagnes en projecten - CATAPA vzw","og_description":"Catapa - campagnes en projecten: Ctrl Alt Delete, Nemo, Fair ICT Flanders, Make ICT Fair, ...","og_url":"https:\/\/catapa.be\/nl\/ons-werk\/campagnes\/","og_site_name":"CATAPA vzw","article_publisher":"https:\/\/www.facebook.com\/catapa.belgium\/","article_modified_time":"2022-04-08T14:55:05+00:00","og_image":[{"url":"https:\/\/catapa.be\/wp-content\/uploads\/2021\/11\/cropped-cropped-ctrlaltdel-150x150.png","type":"","width":"","height":""}],"twitter_card":"summary_large_image","twitter_site":"@CATAPA_Belgica","twitter_misc":{"Geschatte leestijd":"1 minuut"},"schema":{"@context":"https:\/\/schema.org","@graph":[{"@type":"WebPage","@id":"https:\/\/catapa.be\/nl\/ons-werk\/campagnes\/","url":"https:\/\/catapa.be\/nl\/ons-werk\/campagnes\/","name":"Campagnes en projecten - CATAPA vzw","isPartOf":{"@id":"https:\/\/catapa.be\/nl\/#website"},"primaryImageOfPage":{"@id":"https:\/\/catapa.be\/nl\/ons-werk\/campagnes\/#primaryimage"},"image":{"@id":"https:\/\/catapa.be\/nl\/ons-werk\/campagnes\/#primaryimage"},"thumbnailUrl":"https:\/\/catapa.be\/wp-content\/uploads\/2021\/11\/cropped-cropped-ctrlaltdel-150x150.png","datePublished":"2018-05-20T08:11:34+00:00","dateModified":"2022-04-08T14:55:05+00:00","description":"Catapa - campagnes en projecten: Ctrl Alt Delete, Nemo, Fair ICT Flanders, Make ICT Fair, ...","breadcrumb":{"@id":"https:\/\/catapa.be\/nl\/ons-werk\/campagnes\/#breadcrumb"},"inLanguage":"nl-NL","potentialAction":[{"@type":"ReadAction","target":["https:\/\/catapa.be\/nl\/ons-werk\/campagnes\/"]}]},{"@type":"ImageObject","inLanguage":"nl-NL","@id":"https:\/\/catapa.be\/nl\/ons-werk\/campagnes\/#primaryimage","url":"https:\/\/catapa.be\/wp-content\/uploads\/2021\/11\/cropped-cropped-ctrlaltdel-150x150.png","contentUrl":"https:\/\/catapa.be\/wp-content\/uploads\/2021\/11\/cropped-cropped-ctrlaltdel-150x150.png"},{"@type":"BreadcrumbList","@id":"https:\/\/catapa.be\/nl\/ons-werk\/campagnes\/#breadcrumb","itemListElement":[{"@type":"ListItem","position":1,"name":"Home","item":"https:\/\/catapa.be\/nl\/"},{"@type":"ListItem","position":2,"name":"Ons werk","item":"https:\/\/catapa.be\/nl\/ons-werk\/"},{"@type":"ListItem","position":3,"name":"Campagnes en projecten"}]},{"@type":"WebSite","@id":"https:\/\/catapa.be\/nl\/#website","url":"https:\/\/catapa.be\/nl\/","name":"CATAPA vzw","description":"Comit\u00e9 Acad\u00e9mico T\u00e9cnico de Asesoramiento a Problemas Ambientales","publisher":{"@id":"https:\/\/catapa.be\/nl\/#organization"},"potentialAction":[{"@type":"SearchAction","target":{"@type":"EntryPoint","urlTemplate":"https:\/\/catapa.be\/nl\/?s={search_term_string}"},"query-input":{"@type":"PropertyValueSpecification","valueRequired":true,"valueName":"search_term_string"}}],"inLanguage":"nl-NL"},{"@type":"Organization","@id":"https:\/\/catapa.be\/nl\/#organization","name":"CATAPA vzw","url":"https:\/\/catapa.be\/nl\/","logo":{"@type":"ImageObject","inLanguage":"nl-NL","@id":"https:\/\/catapa.be\/nl\/#\/schema\/logo\/image\/","url":"https:\/\/i0.wp.com\/catapa.be\/wp-content\/uploads\/2019\/02\/NEW20LOGO20SHORT20PNG1.png?fit=1259%2C1321&ssl=1","contentUrl":"https:\/\/i0.wp.com\/catapa.be\/wp-content\/uploads\/2019\/02\/NEW20LOGO20SHORT20PNG1.png?fit=1259%2C1321&ssl=1","width":1259,"height":1321,"caption":"CATAPA vzw"},"image":{"@id":"https:\/\/catapa.be\/nl\/#\/schema\/logo\/image\/"},"sameAs":["https:\/\/www.facebook.com\/catapa.belgium\/","https:\/\/x.com\/CATAPA_Belgica","https:\/\/www.instagram.com\/catapa_vzw\/","https:\/\/be.linkedin.com\/company\/catapavzw","https:\/\/www.youtube.com\/channel\/UCE52-Fiyv-Fpqf2gi1qhf1g"]}]}},"jetpack_sharing_enabled":true,"jetpack_likes_enabled":true,"jetpack-related-posts":[{"id":30731,"url":"https:\/\/catapa.be\/nl\/ons-werk\/campagnes-en-projecten\/","url_meta":{"origin":3018,"position":0},"title":"Campagnes en projecten","author":"Truike Geerts","date":"5 juli 2022","format":false,"excerpt":"[vc_row css=\".vc_custom_1533807373745{margin-top: -50px !important;margin-bottom: 50px !important;}\"][vc_column width=\"1\/2\"][vc_cta h2=\"Wij werken campagne- en projectmatig.\" h4=\"De campagne Make ICT Fair en de projecten NEMO en Fair ICT Flanders beheersen momenteel voornamelijk onze werking.\" style=\"custom\" css_animation=\"none\" custom_background=\"#01a053\" custom_text=\"#ffffff\"][\/vc_cta][\/vc_column][vc_column width=\"1\/2\"][vc_cta h2=\"Huidige campagne\" style=\"custom\" add_button=\"bottom\" btn_title=\"Ga naar de Ctrl Alt Delete Website!\" btn_color=\"danger\" btn_size=\"lg\" css_animation=\"none\" custom_background=\"#021ce0\"\u2026","rel":"","context":"Soortgelijk bericht","block_context":{"text":"Soortgelijk bericht","link":""},"img":{"alt_text":"geplande veroudering ctrl alt delete campagne","src":"https:\/\/i0.wp.com\/catapa.be\/wp-content\/uploads\/2021\/11\/cropped-cropped-ctrlaltdel-150x150.png?resize=350%2C200&ssl=1","width":350,"height":200},"classes":[]},{"id":3016,"url":"https:\/\/catapa.be\/es\/labor\/campanas\/","url_meta":{"origin":3018,"position":1},"title":"Campa\u00f1as y proyectos","author":"Alienor de Sas","date":"20 mei 2018","format":false,"excerpt":"[vc_row css=\".vc_custom_1533807373745{margin-top: -50px !important;margin-bottom: 50px !important;}\"][vc_column width=\"1\/2\"][vc_cta h2=\"Trabajamos con proyectos y campa\u00f1as.\" h4=\"Actualmente nuestro trabajo se enfoca mayoritariamente en la campa\u00f1a Make ICT Fair y en los proyectos NEMO y Fair ICT Flanders.\" style=\"custom\" css_animation=\"none\" custom_background=\"#01a053\" custom_text=\"#ffffff\"][\/vc_cta][\/vc_column][vc_column width=\"1\/2\"][vc_cta h2=\"Campa\u00f1a actual\" style=\"custom\" add_button=\"bottom\" btn_title=\"Ctrl Alt Delete p\u00e1gina web!\" btn_color=\"danger\" css_animation=\"none\" custom_background=\"#0214d8\"\u2026","rel":"","context":"Soortgelijk bericht","block_context":{"text":"Soortgelijk bericht","link":""},"img":{"alt_text":"geplande veroudering ctrl alt delete campagne","src":"https:\/\/i0.wp.com\/catapa.be\/wp-content\/uploads\/2021\/11\/cropped-cropped-ctrlaltdel-150x150.png?resize=350%2C200&ssl=1","width":350,"height":200},"classes":[]},{"id":2686,"url":"https:\/\/catapa.be\/en\/how-we-work\/catapa-campaigns-and-projects\/","url_meta":{"origin":3018,"position":2},"title":"Campaigns and projects","author":"Alienor de Sas","date":"20 mei 2018","format":false,"excerpt":"[vc_row css=\".vc_custom_1533807373745{margin-top: -50px !important;margin-bottom: 50px !important;}\"][vc_column width=\"1\/2\"][vc_cta h2=\"We work project- and campaign-based.\" h4=\"The campaign Make ICT Fair and the projects NEMO and Fair ICT Flanders currently take up most of our work.\" style=\"custom\" css_animation=\"none\" custom_background=\"#01a053\" custom_text=\"#ffffff\"][\/vc_cta][\/vc_column][vc_column width=\"1\/2\"][vc_cta h2=\"Current Campaign\" style=\"custom\" add_button=\"bottom\" btn_title=\"More about Ctrl Alt Delete\" btn_color=\"danger\" css_animation=\"none\" custom_background=\"#1801c6\" custom_text=\"#ffffff\"\u2026","rel":"","context":"Soortgelijk bericht","block_context":{"text":"Soortgelijk bericht","link":""},"img":{"alt_text":"geplande veroudering ctrl alt delete campagne","src":"https:\/\/i0.wp.com\/catapa.be\/wp-content\/uploads\/2021\/11\/cropped-cropped-ctrlaltdel-150x150.png?resize=350%2C200&ssl=1","width":350,"height":200},"classes":[]},{"id":3005,"url":"https:\/\/catapa.be\/nl\/","url_meta":{"origin":3018,"position":3},"title":"Home","author":"Alienor de Sas","date":"20 mei 2011","format":false,"excerpt":"[vc_row css=\".vc_custom_1698400141878{margin-top: 1px !important;margin-bottom: 1px !important;border-top-width: 0px !important;border-bottom-width: 0px !important;padding-top: 0px !important;padding-bottom: 0px !important;}\"][vc_column width=\"1\/4\"][vc_cta h2=\"Het recht om 'nee' te zeggen\" txt_align=\"center\" shape=\"square\" add_button=\"bottom\" btn_title=\"De campagne\" btn_color=\"orange\" btn_align=\"center\" btn_link=\"url:https%3A%2F%2Fcatapa.be%2Fnl%2Fons-werk%2Fcampagnes%2Fhet-recht-om-nee-te-zeggen%2F|title:Het%20recht%20om%20'nee'%20te%20zeggen\"]We steunen gemeenschappen hun recht om 'nee' te zeggen tegen mijnbouw en het maatschappelijke systeem dat mijnbouw noodzakelijk maakt. In de Andesregio\u2026","rel":"","context":"Soortgelijk bericht","block_context":{"text":"Soortgelijk bericht","link":""},"img":{"alt_text":"","src":"https:\/\/i0.wp.com\/catapa.be\/wp-content\/uploads\/2023\/10\/Right-to-say-no-250.png?resize=350%2C200&ssl=1","width":350,"height":200},"classes":[]},{"id":2944,"url":"https:\/\/catapa.be\/nl\/over-ons\/catapistas\/","url_meta":{"origin":3018,"position":4},"title":"Catapistas","author":"Alienor de Sas","date":"20 mei 2018","format":false,"excerpt":"[vc_row equal_height=\"yes\" css=\".vc_custom_1535399082269{margin-top: 0px !important;margin-bottom: 0px !important;}\"][vc_column css_animation=\"none\" css=\".vc_custom_1535399089494{margin-top: 0px !important;margin-bottom: 0px !important;}\"][vc_cta h2=\"De Catapistas\" h4=\"We zijn met een 100-tal jonge vrijwilligers en meer dan 1000 ge\u00efnteresseerden. We bieden een concreet en actiegericht engagement aan iedereen die zich wil inzetten voor een duurzame samenleving.\" style=\"custom\" custom_background=\"#01a053\" custom_text=\"#ffffff\"][\/vc_cta][\/vc_column][\/vc_row][vc_row full_width=\"stretch_row\" content_placement=\"middle\" css=\".vc_custom_1535399100609{margin-top:\u2026","rel":"","context":"Soortgelijk bericht","block_context":{"text":"Soortgelijk bericht","link":""},"img":{"alt_text":"","src":"","width":0,"height":0},"classes":[]},{"id":2659,"url":"https:\/\/catapa.be\/en\/about-us\/catapistas\/","url_meta":{"origin":3018,"position":5},"title":"Catapistas","author":"Alienor de Sas","date":"20 mei 2018","format":false,"excerpt":"[vc_row equal_height=\"yes\" css=\".vc_custom_1535398842996{margin-top: 0px !important;margin-bottom: 0px !important;}\"][vc_column css_animation=\"none\" css=\".vc_custom_1535398905449{margin-top: 0px !important;margin-bottom: 0px !important;}\"][vc_cta h2=\"The Catapistas\" h4=\"We are a group of around 100 volunteers and more than 1000 subscribers. We offer a specific and action-oriented involvement for anyone who is committed to a more sustainable society.\" style=\"custom\" custom_background=\"#009c55\" custom_text=\"#ffffff\"][\/vc_cta][\/vc_column][\/vc_row][vc_row full_width=\"stretch_row\" content_placement=\"middle\"\u2026","rel":"","context":"Soortgelijk bericht","block_context":{"text":"Soortgelijk bericht","link":""},"img":{"alt_text":"","src":"","width":0,"height":0},"classes":[]}],"_links":{"self":[{"href":"https:\/\/catapa.be\/nl\/wp-json\/wp\/v2\/pages\/3018","targetHints":{"allow":["GET"]}}],"collection":[{"href":"https:\/\/catapa.be\/nl\/wp-json\/wp\/v2\/pages"}],"about":[{"href":"https:\/\/catapa.be\/nl\/wp-json\/wp\/v2\/types\/page"}],"author":[{"embeddable":true,"href":"https:\/\/catapa.be\/nl\/wp-json\/wp\/v2\/users\/2"}],"replies":[{"embeddable":true,"href":"https:\/\/catapa.be\/nl\/wp-json\/wp\/v2\/comments?post=3018"}],"version-history":[{"count":25,"href":"https:\/\/catapa.be\/nl\/wp-json\/wp\/v2\/pages\/3018\/revisions"}],"predecessor-version":[{"id":34403,"href":"https:\/\/catapa.be\/nl\/wp-json\/wp\/v2\/pages\/3018\/revisions\/34403"}],"up":[{"embeddable":true,"href":"https:\/\/catapa.be\/nl\/wp-json\/wp\/v2\/pages\/3034"}],"wp:attachment":[{"href":"https:\/\/catapa.be\/nl\/wp-json\/wp\/v2\/media?parent=3018"}],"curies":[{"name":"wp","href":"https:\/\/api.w.org\/{rel}","templated":true}]}}