{"id":3024,"date":"2018-05-20T10:13:26","date_gmt":"2018-05-20T08:13:26","guid":{"rendered":"http:\/\/catapa.be\/?page_id=3024"},"modified":"2020-07-01T16:08:00","modified_gmt":"2020-07-01T14:08:00","slug":"word-vrijwilliger","status":"publish","type":"page","link":"https:\/\/catapa.be\/nl\/doe-mee\/word-vrijwilliger\/","title":{"rendered":"Word vrijwilliger"},"content":{"rendered":"<div class=\"wpb-content-wrapper\"><p>[vc_row equal_height=&#8221;yes&#8221;][vc_column css_animation=&#8221;none&#8221;][vc_cta h2=&#8221;Als vrijwilliger bij ons&#8230;&#8221; h4=&#8221;&#8230;maak je deel uit van CATAPA op een zinvolle en concrete manier. We nodigen je uit om iets te zoeken dat past bij jouw interesses en vaardigheden. Op die manier kan je een verschil maken niet enkel voor het milieu maar ook voor de bevolking.&#8221; style=&#8221;custom&#8221; custom_background=&#8221;#01a053&#8243; custom_text=&#8221;#ffffff&#8221;][\/vc_cta][\/vc_column][\/vc_row][vc_row full_width=&#8221;stretch_row&#8221; content_placement=&#8221;middle&#8221; css=&#8221;.vc_custom_1593599979007{background-color: #f7f7f7 !important;}&#8221;][vc_column][vc_column_text]<\/p>\n<h2 style=\"text-align: center;\">Ben jij ge\u00efnteresseerd in CATAPA en wil je nieuwe ervaringen opdoen in een ge\u00ebngageerde en dynamische vrijwilligersorganisatie?<\/h2>\n<h2 style=\"text-align: center;\"><strong><a href=\"https:\/\/catapa.be\/nl\/over-ons\/contact\/\">Contacteer ons!<\/a><\/strong><\/h2>\n<p>&nbsp;<\/p>\n<p><span lang=\"NL-BE\">Eerst en vooral zijn we\u00a0<\/span>verheugd dat je overweegt om vrijwilliger te worden bij ons!\u00a0 Er zijn verschillende manieren waarop je een bijdrage kan leveren. Als Catapista kan je je inzetten voor verschillende topics, afhankelijk van waar je goed in bent en van welke vaardigheden je wenst te verbeteren. Indien je interesse hebt, aarzel dan niet om contact met ons op te nemen via <a href=\"mailto:info@catapa.be\" target=\"_blank\" rel=\"noopener noreferrer\">info@catapa.be<\/a>.<\/p>\n<p><span style=\"font-weight: 400;\">Hieronder vind je enkele manieren waarop je als Catapista kan helpen<\/span>:<\/p>\n<ul>\n<li style=\"font-weight: 400;\"><span style=\"font-weight: 400;\">Evenementen organiseren, co\u00f6rdineren en\/of helpen tijdens de evenementen (bier inschenken, koken &#8230;) <\/span><\/li>\n<li style=\"font-weight: 400;\"><span style=\"font-weight: 400;\">Artikels en verslagen schrijven, nalezen en\/of opvolgen<\/span><\/li>\n<li style=\"font-weight: 400;\"><span style=\"font-weight: 400;\">De Europese of internationale wetgeving opvolgen <\/span><\/li>\n<li style=\"font-weight: 400;\"><span style=\"font-weight: 400;\">Advocatuur <\/span><\/li>\n<li style=\"font-weight: 400;\"><span style=\"font-weight: 400;\">Gastsprekers begeleiden<\/span><\/li>\n<li style=\"font-weight: 400;\"><span style=\"font-weight: 400;\">Administratie <\/span><\/li>\n<li style=\"font-weight: 400;\"><span style=\"font-weight: 400;\">Meewerken aan casestudy&#8217;s \u00a0<\/span><\/li>\n<li style=\"font-weight: 400;\"><span style=\"font-weight: 400;\">Onderzoek doen in, onder andere, het Noorden en\/of het Zuiden<\/span><\/li>\n<\/ul>\n<p><span style=\"font-weight: 400;\">Heb je nog andere idee\u00ebn? Kan je onze organisatie op een andere manier versterken? Aarzel dan niet om het ons te laten weten<\/span>![\/vc_column_text][vc_video link=&#8221;https:\/\/www.youtube.com\/watch?v=Sj_iM4HYFMQ&#8221; el_width=&#8221;40&#8243;][\/vc_column][\/vc_row][vc_row full_width=&#8221;stretch_row&#8221; content_placement=&#8221;middle&#8221; css=&#8221;.vc_custom_1534947830731{background: #f7f7f7 url(http:\/\/catapa.be\/wp-content\/uploads\/2018\/08\/DSC3048.jpg?id=6811) !important;background-position: center !important;background-repeat: no-repeat !important;background-size: cover !important;}&#8221;][vc_column][vc_btn title=&#8221;Lees meer over de Catapistas!&#8221; style=&#8221;custom&#8221; custom_background=&#8221;#01a053&#8243; custom_text=&#8221;#ffffff&#8221; size=&#8221;lg&#8221; align=&#8221;center&#8221; i_align=&#8221;right&#8221; i_icon_fontawesome=&#8221;fa fa-chevron-right&#8221; css_animation=&#8221;bounceInDown&#8221; add_icon=&#8221;true&#8221; link=&#8221;url:http%3A%2F%2Fcatapa.be%2Fnl%2Fover-ons%2Fcatapistas%2F|||&#8221;][\/vc_column][\/vc_row]<\/p>\n<\/div>","protected":false},"excerpt":{"rendered":"<p>[vc_row equal_height=&#8221;yes&#8221;][vc_column css_animation=&#8221;none&#8221;][vc_cta h2=&#8221;Als vrijwilliger bij ons&#8230;&#8221; h4=&#8221;&#8230;maak je deel uit van CATAPA op een zinvolle en concrete manier. We nodigen je uit om iets te zoeken dat past bij jouw interesses en vaardigheden. Op<br \/><a class=\"read-more\" href=\"https:\/\/catapa.be\/nl\/doe-mee\/word-vrijwilliger\/\">Read More<\/a><\/p>\n","protected":false},"author":2,"featured_media":0,"parent":2964,"menu_order":2,"comment_status":"closed","ping_status":"closed","template":"","meta":{"_exactmetrics_skip_tracking":false,"_exactmetrics_sitenote_active":false,"_exactmetrics_sitenote_note":"","_exactmetrics_sitenote_category":0,"jetpack_post_was_ever_published":false,"footnotes":""},"class_list":["post-3024","page","type-page","status-publish","hentry"],"yoast_head":"<!-- This site is optimized with the Yoast SEO plugin v26.8 - https:\/\/yoast.com\/product\/yoast-seo-wordpress\/ -->\n<title>Word vrijwilliger - CATAPA vzw<\/title>\n<meta name=\"robots\" content=\"index, follow, max-snippet:-1, max-image-preview:large, max-video-preview:-1\" \/>\n<link rel=\"canonical\" href=\"https:\/\/catapa.be\/nl\/doe-mee\/word-vrijwilliger\/\" \/>\n<meta property=\"og:locale\" content=\"nl_NL\" \/>\n<meta property=\"og:type\" content=\"article\" \/>\n<meta property=\"og:title\" content=\"Word vrijwilliger - CATAPA vzw\" \/>\n<meta property=\"og:description\" content=\"[vc_row equal_height=&#8221;yes&#8221;][vc_column css_animation=&#8221;none&#8221;][vc_cta h2=&#8221;Als vrijwilliger bij ons&#8230;&#8221; h4=&#8221;&#8230;maak je deel uit van CATAPA op een zinvolle en concrete manier. We nodigen je uit om iets te zoeken dat past bij jouw interesses en vaardigheden. OpRead More\" \/>\n<meta property=\"og:url\" content=\"https:\/\/catapa.be\/nl\/doe-mee\/word-vrijwilliger\/\" \/>\n<meta property=\"og:site_name\" content=\"CATAPA vzw\" \/>\n<meta property=\"article:publisher\" content=\"https:\/\/www.facebook.com\/catapa.belgium\/\" \/>\n<meta property=\"article:modified_time\" content=\"2020-07-01T14:08:00+00:00\" \/>\n<meta name=\"twitter:card\" content=\"summary_large_image\" \/>\n<meta name=\"twitter:site\" content=\"@CATAPA_Belgica\" \/>\n<meta name=\"twitter:label1\" content=\"Geschatte leestijd\" \/>\n\t<meta name=\"twitter:data1\" content=\"2 minuten\" \/>\n<script type=\"application\/ld+json\" class=\"yoast-schema-graph\">{\"@context\":\"https:\/\/schema.org\",\"@graph\":[{\"@type\":\"WebPage\",\"@id\":\"https:\/\/catapa.be\/nl\/doe-mee\/word-vrijwilliger\/\",\"url\":\"https:\/\/catapa.be\/nl\/doe-mee\/word-vrijwilliger\/\",\"name\":\"Word vrijwilliger - CATAPA vzw\",\"isPartOf\":{\"@id\":\"https:\/\/catapa.be\/nl\/#website\"},\"datePublished\":\"2018-05-20T08:13:26+00:00\",\"dateModified\":\"2020-07-01T14:08:00+00:00\",\"breadcrumb\":{\"@id\":\"https:\/\/catapa.be\/nl\/doe-mee\/word-vrijwilliger\/#breadcrumb\"},\"inLanguage\":\"nl-NL\",\"potentialAction\":[{\"@type\":\"ReadAction\",\"target\":[\"https:\/\/catapa.be\/nl\/doe-mee\/word-vrijwilliger\/\"]}]},{\"@type\":\"BreadcrumbList\",\"@id\":\"https:\/\/catapa.be\/nl\/doe-mee\/word-vrijwilliger\/#breadcrumb\",\"itemListElement\":[{\"@type\":\"ListItem\",\"position\":1,\"name\":\"Home\",\"item\":\"https:\/\/catapa.be\/nl\/\"},{\"@type\":\"ListItem\",\"position\":2,\"name\":\"Doe mee\",\"item\":\"https:\/\/catapa.be\/nl\/doe-mee\/\"},{\"@type\":\"ListItem\",\"position\":3,\"name\":\"Word vrijwilliger\"}]},{\"@type\":\"WebSite\",\"@id\":\"https:\/\/catapa.be\/nl\/#website\",\"url\":\"https:\/\/catapa.be\/nl\/\",\"name\":\"CATAPA vzw\",\"description\":\"Comit\u00e9 Acad\u00e9mico T\u00e9cnico de Asesoramiento a Problemas Ambientales\",\"publisher\":{\"@id\":\"https:\/\/catapa.be\/nl\/#organization\"},\"potentialAction\":[{\"@type\":\"SearchAction\",\"target\":{\"@type\":\"EntryPoint\",\"urlTemplate\":\"https:\/\/catapa.be\/nl\/?s={search_term_string}\"},\"query-input\":{\"@type\":\"PropertyValueSpecification\",\"valueRequired\":true,\"valueName\":\"search_term_string\"}}],\"inLanguage\":\"nl-NL\"},{\"@type\":\"Organization\",\"@id\":\"https:\/\/catapa.be\/nl\/#organization\",\"name\":\"CATAPA vzw\",\"url\":\"https:\/\/catapa.be\/nl\/\",\"logo\":{\"@type\":\"ImageObject\",\"inLanguage\":\"nl-NL\",\"@id\":\"https:\/\/catapa.be\/nl\/#\/schema\/logo\/image\/\",\"url\":\"https:\/\/i0.wp.com\/catapa.be\/wp-content\/uploads\/2019\/02\/NEW20LOGO20SHORT20PNG1.png?fit=1259%2C1321&ssl=1\",\"contentUrl\":\"https:\/\/i0.wp.com\/catapa.be\/wp-content\/uploads\/2019\/02\/NEW20LOGO20SHORT20PNG1.png?fit=1259%2C1321&ssl=1\",\"width\":1259,\"height\":1321,\"caption\":\"CATAPA vzw\"},\"image\":{\"@id\":\"https:\/\/catapa.be\/nl\/#\/schema\/logo\/image\/\"},\"sameAs\":[\"https:\/\/www.facebook.com\/catapa.belgium\/\",\"https:\/\/x.com\/CATAPA_Belgica\",\"https:\/\/www.instagram.com\/catapa_vzw\/\",\"https:\/\/be.linkedin.com\/company\/catapavzw\",\"https:\/\/www.youtube.com\/channel\/UCE52-Fiyv-Fpqf2gi1qhf1g\"]}]}<\/script>\n<!-- \/ Yoast SEO plugin. -->","yoast_head_json":{"title":"Word vrijwilliger - CATAPA vzw","robots":{"index":"index","follow":"follow","max-snippet":"max-snippet:-1","max-image-preview":"max-image-preview:large","max-video-preview":"max-video-preview:-1"},"canonical":"https:\/\/catapa.be\/nl\/doe-mee\/word-vrijwilliger\/","og_locale":"nl_NL","og_type":"article","og_title":"Word vrijwilliger - CATAPA vzw","og_description":"[vc_row equal_height=&#8221;yes&#8221;][vc_column css_animation=&#8221;none&#8221;][vc_cta h2=&#8221;Als vrijwilliger bij ons&#8230;&#8221; h4=&#8221;&#8230;maak je deel uit van CATAPA op een zinvolle en concrete manier. We nodigen je uit om iets te zoeken dat past bij jouw interesses en vaardigheden. OpRead More","og_url":"https:\/\/catapa.be\/nl\/doe-mee\/word-vrijwilliger\/","og_site_name":"CATAPA vzw","article_publisher":"https:\/\/www.facebook.com\/catapa.belgium\/","article_modified_time":"2020-07-01T14:08:00+00:00","twitter_card":"summary_large_image","twitter_site":"@CATAPA_Belgica","twitter_misc":{"Geschatte leestijd":"2 minuten"},"schema":{"@context":"https:\/\/schema.org","@graph":[{"@type":"WebPage","@id":"https:\/\/catapa.be\/nl\/doe-mee\/word-vrijwilliger\/","url":"https:\/\/catapa.be\/nl\/doe-mee\/word-vrijwilliger\/","name":"Word vrijwilliger - CATAPA vzw","isPartOf":{"@id":"https:\/\/catapa.be\/nl\/#website"},"datePublished":"2018-05-20T08:13:26+00:00","dateModified":"2020-07-01T14:08:00+00:00","breadcrumb":{"@id":"https:\/\/catapa.be\/nl\/doe-mee\/word-vrijwilliger\/#breadcrumb"},"inLanguage":"nl-NL","potentialAction":[{"@type":"ReadAction","target":["https:\/\/catapa.be\/nl\/doe-mee\/word-vrijwilliger\/"]}]},{"@type":"BreadcrumbList","@id":"https:\/\/catapa.be\/nl\/doe-mee\/word-vrijwilliger\/#breadcrumb","itemListElement":[{"@type":"ListItem","position":1,"name":"Home","item":"https:\/\/catapa.be\/nl\/"},{"@type":"ListItem","position":2,"name":"Doe mee","item":"https:\/\/catapa.be\/nl\/doe-mee\/"},{"@type":"ListItem","position":3,"name":"Word vrijwilliger"}]},{"@type":"WebSite","@id":"https:\/\/catapa.be\/nl\/#website","url":"https:\/\/catapa.be\/nl\/","name":"CATAPA vzw","description":"Comit\u00e9 Acad\u00e9mico T\u00e9cnico de Asesoramiento a Problemas Ambientales","publisher":{"@id":"https:\/\/catapa.be\/nl\/#organization"},"potentialAction":[{"@type":"SearchAction","target":{"@type":"EntryPoint","urlTemplate":"https:\/\/catapa.be\/nl\/?s={search_term_string}"},"query-input":{"@type":"PropertyValueSpecification","valueRequired":true,"valueName":"search_term_string"}}],"inLanguage":"nl-NL"},{"@type":"Organization","@id":"https:\/\/catapa.be\/nl\/#organization","name":"CATAPA vzw","url":"https:\/\/catapa.be\/nl\/","logo":{"@type":"ImageObject","inLanguage":"nl-NL","@id":"https:\/\/catapa.be\/nl\/#\/schema\/logo\/image\/","url":"https:\/\/i0.wp.com\/catapa.be\/wp-content\/uploads\/2019\/02\/NEW20LOGO20SHORT20PNG1.png?fit=1259%2C1321&ssl=1","contentUrl":"https:\/\/i0.wp.com\/catapa.be\/wp-content\/uploads\/2019\/02\/NEW20LOGO20SHORT20PNG1.png?fit=1259%2C1321&ssl=1","width":1259,"height":1321,"caption":"CATAPA vzw"},"image":{"@id":"https:\/\/catapa.be\/nl\/#\/schema\/logo\/image\/"},"sameAs":["https:\/\/www.facebook.com\/catapa.belgium\/","https:\/\/x.com\/CATAPA_Belgica","https:\/\/www.instagram.com\/catapa_vzw\/","https:\/\/be.linkedin.com\/company\/catapavzw","https:\/\/www.youtube.com\/channel\/UCE52-Fiyv-Fpqf2gi1qhf1g"]}]}},"jetpack_sharing_enabled":true,"jetpack_likes_enabled":true,"jetpack-related-posts":[{"id":3026,"url":"https:\/\/catapa.be\/nl\/doe-mee\/bewuste-consument\/","url_meta":{"origin":3024,"position":0},"title":"Bewust consumeren","author":"Alienor de Sas","date":"20 mei 2018","format":false,"excerpt":"[vc_row full_width=\"stretch_row\" content_placement=\"middle\" css=\".vc_custom_1534947891952{background-color: #f7f7f7 !important;}\"][vc_column][vc_cta h2=\"BEWUST CONSUMEREN IN 7 STAPPEN\" h4=\"Goud in je laptop, zilver in je horloge, koper in elektriciteitskabels: de wereldwijde vraag naar metalen stijgt exponentieel en de ontginning ervan gaat vaak gepaard met mensenrechtenschendingen en ecologische destructie. Daarnaast is de gebruiksduur van bijvoorbeeld ICT-toestellen zeer kort\u2026","rel":"","context":"Soortgelijk bericht","block_context":{"text":"Soortgelijk bericht","link":""},"img":{"alt_text":"","src":"","width":0,"height":0},"classes":[]},{"id":7631,"url":"https:\/\/catapa.be\/nl\/doe-mee\/word-een-van-onze-changemakers\/","url_meta":{"origin":3024,"position":1},"title":"Word \u00e9\u00e9n van onze changemakers","author":"Alienor de Sas","date":"27 augustus 2018","format":false,"excerpt":"[vc_row equal_height=\"yes\"][vc_column css_animation=\"none\"][vc_cta h2=\"Ben je benieuwd waar de metalen in je smartphone vandaan komen?\" h4=\"Wist je dat mijnbouw vaak mensenrechten schendt en vernietiging van het milieu teweegbrengt? Wil je meer kennis, vaardigheden en ervaring opdoen om bij te dragen aan een positieve verandering? Neem dan deel aan het changemaker-programma van\u2026","rel":"","context":"Soortgelijk bericht","block_context":{"text":"Soortgelijk bericht","link":""},"img":{"alt_text":"","src":"https:\/\/i0.wp.com\/catapa.be\/wp-content\/uploads\/2018\/08\/flag_yellow_high-300x200.jpg?resize=350%2C200&ssl=1","width":350,"height":200},"classes":[]},{"id":3085,"url":"https:\/\/catapa.be\/nl\/cases\/guatemala\/","url_meta":{"origin":3024,"position":2},"title":"Guatemala","author":"Alienor de Sas","date":"25 juni 2018","format":false,"excerpt":"[vc_row][vc_column][vc_cta h2=\"Op de grens van de dorpen San Miguel Ixtahuac\u00e1n en Sipacapa vind je er sinds 2005 de Marlin mijn.\" h4=\"Het scenario van deze mijn diende als een duidelijke waarschuwing voor de rest van Guatemala. Terwijl San Miguel verdeeld raakte, verenigde de rest van het land zich in de bescherming\u2026","rel":"","context":"Soortgelijk bericht","block_context":{"text":"Soortgelijk bericht","link":""},"img":{"alt_text":"","src":"","width":0,"height":0},"classes":[]},{"id":28011,"url":"https:\/\/catapa.be\/nl\/ctrlaltdelete-doe-mee-2\/","url_meta":{"origin":3024,"position":3},"title":"DOE MEE!","author":"Mathieu Cieters","date":"17 februari 2022","format":false,"excerpt":"[vc_row css=\".vc_custom_1645369009320{padding-top: 0px !important;padding-right: 0px !important;padding-bottom: 0px !important;padding-left: 20px !important;background-color: #fdf22a !important;}\"][vc_column width=\"1\/2\"][vc_column_text el_class=\"blauwetekst schreefloos hoofdletters\" css=\".vc_custom_1645369211614{padding-top: 35px !important;}\"]Doe mee & Stop #ExpresDefect![\/vc_column_text][vc_column_text el_class=\"blauwetekst schreefloos kleinetekst\"]De Ctrl Alt Delete campagne wil geplande veroudering en dus #ExpresDefect een halt toeroepen. Het bewust ontwerpen van producten met een korte levensduur is niet\u2026","rel":"","context":"Soortgelijk bericht","block_context":{"text":"Soortgelijk bericht","link":""},"img":{"alt_text":"","src":"","width":0,"height":0},"classes":[]},{"id":3046,"url":"https:\/\/catapa.be\/nl\/ons-werk\/werkgroepen\/","url_meta":{"origin":3024,"position":4},"title":"Werkgroepen","author":"Alienor de Sas","date":"20 mei 2018","format":false,"excerpt":"[vc_row css=\".vc_custom_1533807373745{margin-top: -50px !important;margin-bottom: 50px !important;}\"][vc_column][vc_cta 0=\"h4=``...is\" 1=\"opgedeeld\" 2=\"in\" 3=\"werkgroepen uit het Zuiden\" 4=\"die\" 5=\"samenwerken\" 6=\"met\" 7=\"onze\" 8=\"partner\" 9=\"organisaties\" 10=\"in\" 11=\"Latijns\" 12=\"Amerika;\" 13=\"en\" 14=\"``werkgroepen\" 15=\"in\" 16=\"het\" 17=\"Noorden``,\" 18=\"wat\" 19=\"alles\" 20=\"dat\" 21=\"we\" 22=\"vanuit\" 23=\"Belgi\u00eb\" 24=\"uitvoeren\" 25=\"bevat,\" 26=\"waar\" 27=\"onze\" 28=\"organisatie\" 29=\"is\" 30=\"gelocaliseerd.``\" h2=\"Catapa's werk...\" h4=\"...is opgedeeld in ``werkgroepen uit het globale Zuiden``\u2026","rel":"","context":"Soortgelijk bericht","block_context":{"text":"Soortgelijk bericht","link":""},"img":{"alt_text":"","src":"","width":0,"height":0},"classes":[]},{"id":32878,"url":"https:\/\/catapa.be\/nl\/catapa-verwelkomt-activistes-uit-ecuador\/","url_meta":{"origin":3024,"position":5},"title":"CATAPA verwelkomt activistes uit Ecuador","author":"Estefan\u00eda","date":"7 februari 2023","format":false,"excerpt":"[vc_row css=\".vc_custom_1675936624176{margin-top: 0px !important;margin-bottom: 0px !important;border-top-width: 0px !important;border-bottom-width: 0px !important;padding-top: 0px !important;padding-bottom: 0px !important;}\"][vc_column width=\"1\/2\"][vc_cta h2=\"Het recht om 'nee' te zeggen, van Ecuador tot Belgi\u00eb\"][\/vc_cta][vc_gallery type=\"flexslider_slide\" interval=\"10\" images=\"32762,32765,32756,32759,32768\" img_size=\"full\"][\/vc_column][vc_column width=\"1\/2\"][vc_cta h2=\"\" style=\"custom\" custom_background=\"#01a053\" custom_text=\"#ffffff\"]Ook dit jaar nodigt CATAPA activisten uit Latijns-Amerika uit om hun persoonlijke verhaal te brengen en het\u2026","rel":"","context":"Soortgelijk bericht","block_context":{"text":"Soortgelijk bericht","link":""},"img":{"alt_text":"","src":"https:\/\/i0.wp.com\/catapa.be\/wp-content\/uploads\/2023\/02\/webteaser.png?fit=1200%2C675&ssl=1&resize=350%2C200","width":350,"height":200,"srcset":"https:\/\/i0.wp.com\/catapa.be\/wp-content\/uploads\/2023\/02\/webteaser.png?fit=1200%2C675&ssl=1&resize=350%2C200 1x, https:\/\/i0.wp.com\/catapa.be\/wp-content\/uploads\/2023\/02\/webteaser.png?fit=1200%2C675&ssl=1&resize=525%2C300 1.5x, https:\/\/i0.wp.com\/catapa.be\/wp-content\/uploads\/2023\/02\/webteaser.png?fit=1200%2C675&ssl=1&resize=700%2C400 2x, https:\/\/i0.wp.com\/catapa.be\/wp-content\/uploads\/2023\/02\/webteaser.png?fit=1200%2C675&ssl=1&resize=1050%2C600 3x"},"classes":[]}],"_links":{"self":[{"href":"https:\/\/catapa.be\/nl\/wp-json\/wp\/v2\/pages\/3024","targetHints":{"allow":["GET"]}}],"collection":[{"href":"https:\/\/catapa.be\/nl\/wp-json\/wp\/v2\/pages"}],"about":[{"href":"https:\/\/catapa.be\/nl\/wp-json\/wp\/v2\/types\/page"}],"author":[{"embeddable":true,"href":"https:\/\/catapa.be\/nl\/wp-json\/wp\/v2\/users\/2"}],"replies":[{"embeddable":true,"href":"https:\/\/catapa.be\/nl\/wp-json\/wp\/v2\/comments?post=3024"}],"version-history":[{"count":16,"href":"https:\/\/catapa.be\/nl\/wp-json\/wp\/v2\/pages\/3024\/revisions"}],"predecessor-version":[{"id":15036,"href":"https:\/\/catapa.be\/nl\/wp-json\/wp\/v2\/pages\/3024\/revisions\/15036"}],"up":[{"embeddable":true,"href":"https:\/\/catapa.be\/nl\/wp-json\/wp\/v2\/pages\/2964"}],"wp:attachment":[{"href":"https:\/\/catapa.be\/nl\/wp-json\/wp\/v2\/media?parent=3024"}],"curies":[{"name":"wp","href":"https:\/\/api.w.org\/{rel}","templated":true}]}}