{"id":3032,"date":"2018-05-20T10:14:35","date_gmt":"2018-05-20T08:14:35","guid":{"rendered":"http:\/\/catapa.be\/?page_id=3032"},"modified":"2026-01-07T13:49:19","modified_gmt":"2026-01-07T12:49:19","slug":"doneer-nu","status":"publish","type":"page","link":"https:\/\/catapa.be\/nl\/doe-mee\/doneer-nu\/","title":{"rendered":"Doneer nu"},"content":{"rendered":"<div class=\"wpb-content-wrapper\"><p>[vc_row equal_height=&#8221;yes&#8221;][vc_column css_animation=&#8221;none&#8221;][vc_cta h2=&#8221;Steun CATAPA&#8221; h4=&#8221;CATAPA is een groeiende, eigenzinnige en kritische beweging die durft tegen de stroom in te gaan in het belang van een meer duurzame en rechtvaardige planeet. We ondersteunen gemeenschappen in Latijns-Amerika die bedreigd worden door grootschalige mijnbouwprojecten en de sociale en ecologische impact hiervan. Daarnaast vormen we als Catapistas een beweging waarmee we campagne voeren rond de schadelijke impact van mijnbouw.&#8221; txt_align=&#8221;center&#8221; style=&#8221;custom&#8221; custom_background=&#8221;#01a053&#8243; custom_text=&#8221;#ffffff&#8221;][\/vc_cta][\/vc_column][\/vc_row][vc_row full_width=&#8221;stretch_row&#8221; content_placement=&#8221;middle&#8221; css=&#8221;.vc_custom_1534947891952{background-color: #f7f7f7 !important;}&#8221;][vc_column][vc_column_text]<\/p>\n<h2 style=\"text-align: center;\"><strong>Dankzij uw gift kunnen wij onafhankelijker werken, onze lokale partners beter ondersteunen en meer realiseren.<\/strong><\/h2>\n<p style=\"font-weight: 400; text-align: center;\"><span style=\"font-weight: 400;\">Een welkome bijdrage kan gestort worden op het rekeningnummer <strong>BE49 9795 2861 7871<\/strong> op naam van CATAPA vzw. <\/span><\/p>\n<p style=\"font-weight: 400; text-align: center;\"><span style=\"font-weight: 400;\">CATAPA zal de giften vooral gebruiken om de partner organisaties in Peru, Colombia, Ecuador en Bolivia te ondersteunen in hun strijd tegen de schadelijke impact van mijnbouw.\u00a0<\/span><span style=\"font-weight: 400;\">Indien uw gift specifiek voor een bepaalde partnerwerking in Latijns-Amerika is voorzien, vermeld dan graag jouw land van voorkeur in het bericht: \u201cBolivia\u201d, \u201cColombia\u201d, \u201cEcuador\u201d, \u201c Peru\u201d. <\/span><span style=\"font-weight: 400;\">Het is ook handig voor de administratie als je je rijksregisternummer vermeldt (voor Belgische inwoners).<\/span><\/p>\n<p style=\"text-align: center;\"><span style=\"font-weight: 400;\">Alvast bedankt voor uw gift!<\/span><\/p>\n<p>[\/vc_column_text][vc_column_text css=&#8221;&#8221;]<\/p>\n<h2 style=\"text-align: center;\"><strong>Fiscaal voordeel sinds 2022<\/strong><\/h2>\n<p style=\"text-align: center;\">CATAPA steunen met een gift is sinds <strong>2022<\/strong> nog prettiger, want sinds dan is CATAPA erkend als instelling die <strong>fiscale attesten voor giften<\/strong> mag uitreiken. Als je een gift van minstens \u20ac 40 aan CATAPA schenkt, ontvang je van CATAPA een fiscaal attest in het voorjaar van het volgende jaar en krijg je via de inkomstenbelasting 30 % van je gift terug (tenzij je in het jaar van je gift geen beroepsinkomsten hebt). Woon je in een ander EU-land? Dan komt je gift ook in aanmerking voor een fiscaal voordeel, volgens de regelgeving van dat land.<\/p>\n<p>[\/vc_column_text][\/vc_column][\/vc_row][vc_row full_width=&#8221;stretch_row&#8221; content_placement=&#8221;middle&#8221; css=&#8221;.vc_custom_1536069048015{background: #f7f7f7 url(http:\/\/catapa.be\/wp-content\/uploads\/2018\/09\/Bernain_bewerkt-02.jpg?id=7942) !important;background-position: center !important;background-repeat: no-repeat !important;background-size: cover !important;}&#8221;][vc_column][vc_btn title=&#8221;Ontmoet onze partners in Latijns-Amerika&#8221; style=&#8221;custom&#8221; custom_background=&#8221;#01a053&#8243; custom_text=&#8221;#ffffff&#8221; size=&#8221;lg&#8221; align=&#8221;center&#8221; i_align=&#8221;right&#8221; i_icon_fontawesome=&#8221;&#8221; css_animation=&#8221;bounceInDown&#8221; add_icon=&#8221;true&#8221; link=&#8221;url:https%3A%2F%2Fcatapa.be%2Fnl%2Fons-werk%2Fpartners%2F|target:_blank&#8221;][\/vc_column][\/vc_row]<\/p>\n<\/div>","protected":false},"excerpt":{"rendered":"<p>[vc_row equal_height=&#8221;yes&#8221;][vc_column css_animation=&#8221;none&#8221;][vc_cta h2=&#8221;Steun CATAPA&#8221; h4=&#8221;CATAPA is een groeiende, eigenzinnige en kritische beweging die durft tegen de stroom in te gaan in het belang van een meer duurzame en rechtvaardige planeet. We ondersteunen gemeenschappen in<br \/><a class=\"read-more\" href=\"https:\/\/catapa.be\/nl\/doe-mee\/doneer-nu\/\">Read More<\/a><\/p>\n","protected":false},"author":2,"featured_media":0,"parent":2964,"menu_order":6,"comment_status":"closed","ping_status":"closed","template":"","meta":{"_exactmetrics_skip_tracking":false,"_exactmetrics_sitenote_active":false,"_exactmetrics_sitenote_note":"","_exactmetrics_sitenote_category":0,"jetpack_post_was_ever_published":false,"footnotes":""},"class_list":["post-3032","page","type-page","status-publish","hentry"],"yoast_head":"<!-- This site is optimized with the Yoast SEO plugin v26.8 - https:\/\/yoast.com\/product\/yoast-seo-wordpress\/ -->\n<title>Doneer nu - CATAPA vzw<\/title>\n<meta name=\"description\" content=\"Catapa vzw Doneer nu. Dankzij uw gift of donatie kunnen we onze lokale partners beter steunen! Sinds 2022 ook fiscaal aftrekbaar\" \/>\n<meta name=\"robots\" content=\"index, follow, max-snippet:-1, max-image-preview:large, max-video-preview:-1\" \/>\n<link rel=\"canonical\" href=\"https:\/\/catapa.be\/nl\/doe-mee\/doneer-nu\/\" \/>\n<meta property=\"og:locale\" content=\"nl_NL\" \/>\n<meta property=\"og:type\" content=\"article\" \/>\n<meta property=\"og:title\" content=\"Doneer nu - CATAPA vzw\" \/>\n<meta property=\"og:description\" content=\"Catapa vzw Doneer nu. Dankzij uw gift of donatie kunnen we onze lokale partners beter steunen! Sinds 2022 ook fiscaal aftrekbaar\" \/>\n<meta property=\"og:url\" content=\"https:\/\/catapa.be\/nl\/doe-mee\/doneer-nu\/\" \/>\n<meta property=\"og:site_name\" content=\"CATAPA vzw\" \/>\n<meta property=\"article:publisher\" content=\"https:\/\/www.facebook.com\/catapa.belgium\/\" \/>\n<meta property=\"article:modified_time\" content=\"2026-01-07T12:49:19+00:00\" \/>\n<meta name=\"twitter:card\" content=\"summary_large_image\" \/>\n<meta name=\"twitter:site\" content=\"@CATAPA_Belgica\" \/>\n<meta name=\"twitter:label1\" content=\"Geschatte leestijd\" \/>\n\t<meta name=\"twitter:data1\" content=\"2 minuten\" \/>\n<script type=\"application\/ld+json\" class=\"yoast-schema-graph\">{\"@context\":\"https:\/\/schema.org\",\"@graph\":[{\"@type\":\"WebPage\",\"@id\":\"https:\/\/catapa.be\/nl\/doe-mee\/doneer-nu\/\",\"url\":\"https:\/\/catapa.be\/nl\/doe-mee\/doneer-nu\/\",\"name\":\"Doneer nu - CATAPA vzw\",\"isPartOf\":{\"@id\":\"https:\/\/catapa.be\/nl\/#website\"},\"datePublished\":\"2018-05-20T08:14:35+00:00\",\"dateModified\":\"2026-01-07T12:49:19+00:00\",\"description\":\"Catapa vzw Doneer nu. Dankzij uw gift of donatie kunnen we onze lokale partners beter steunen! Sinds 2022 ook fiscaal aftrekbaar\",\"breadcrumb\":{\"@id\":\"https:\/\/catapa.be\/nl\/doe-mee\/doneer-nu\/#breadcrumb\"},\"inLanguage\":\"nl-NL\",\"potentialAction\":[{\"@type\":\"ReadAction\",\"target\":[\"https:\/\/catapa.be\/nl\/doe-mee\/doneer-nu\/\"]}]},{\"@type\":\"BreadcrumbList\",\"@id\":\"https:\/\/catapa.be\/nl\/doe-mee\/doneer-nu\/#breadcrumb\",\"itemListElement\":[{\"@type\":\"ListItem\",\"position\":1,\"name\":\"Home\",\"item\":\"https:\/\/catapa.be\/nl\/\"},{\"@type\":\"ListItem\",\"position\":2,\"name\":\"Doe mee\",\"item\":\"https:\/\/catapa.be\/nl\/doe-mee\/\"},{\"@type\":\"ListItem\",\"position\":3,\"name\":\"Doneer nu\"}]},{\"@type\":\"WebSite\",\"@id\":\"https:\/\/catapa.be\/nl\/#website\",\"url\":\"https:\/\/catapa.be\/nl\/\",\"name\":\"CATAPA vzw\",\"description\":\"Comit\u00e9 Acad\u00e9mico T\u00e9cnico de Asesoramiento a Problemas Ambientales\",\"publisher\":{\"@id\":\"https:\/\/catapa.be\/nl\/#organization\"},\"potentialAction\":[{\"@type\":\"SearchAction\",\"target\":{\"@type\":\"EntryPoint\",\"urlTemplate\":\"https:\/\/catapa.be\/nl\/?s={search_term_string}\"},\"query-input\":{\"@type\":\"PropertyValueSpecification\",\"valueRequired\":true,\"valueName\":\"search_term_string\"}}],\"inLanguage\":\"nl-NL\"},{\"@type\":\"Organization\",\"@id\":\"https:\/\/catapa.be\/nl\/#organization\",\"name\":\"CATAPA vzw\",\"url\":\"https:\/\/catapa.be\/nl\/\",\"logo\":{\"@type\":\"ImageObject\",\"inLanguage\":\"nl-NL\",\"@id\":\"https:\/\/catapa.be\/nl\/#\/schema\/logo\/image\/\",\"url\":\"https:\/\/i0.wp.com\/catapa.be\/wp-content\/uploads\/2019\/02\/NEW20LOGO20SHORT20PNG1.png?fit=1259%2C1321&ssl=1\",\"contentUrl\":\"https:\/\/i0.wp.com\/catapa.be\/wp-content\/uploads\/2019\/02\/NEW20LOGO20SHORT20PNG1.png?fit=1259%2C1321&ssl=1\",\"width\":1259,\"height\":1321,\"caption\":\"CATAPA vzw\"},\"image\":{\"@id\":\"https:\/\/catapa.be\/nl\/#\/schema\/logo\/image\/\"},\"sameAs\":[\"https:\/\/www.facebook.com\/catapa.belgium\/\",\"https:\/\/x.com\/CATAPA_Belgica\",\"https:\/\/www.instagram.com\/catapa_vzw\/\",\"https:\/\/be.linkedin.com\/company\/catapavzw\",\"https:\/\/www.youtube.com\/channel\/UCE52-Fiyv-Fpqf2gi1qhf1g\"]}]}<\/script>\n<!-- \/ Yoast SEO plugin. -->","yoast_head_json":{"title":"Doneer nu - CATAPA vzw","description":"Catapa vzw Doneer nu. Dankzij uw gift of donatie kunnen we onze lokale partners beter steunen! Sinds 2022 ook fiscaal aftrekbaar","robots":{"index":"index","follow":"follow","max-snippet":"max-snippet:-1","max-image-preview":"max-image-preview:large","max-video-preview":"max-video-preview:-1"},"canonical":"https:\/\/catapa.be\/nl\/doe-mee\/doneer-nu\/","og_locale":"nl_NL","og_type":"article","og_title":"Doneer nu - CATAPA vzw","og_description":"Catapa vzw Doneer nu. Dankzij uw gift of donatie kunnen we onze lokale partners beter steunen! Sinds 2022 ook fiscaal aftrekbaar","og_url":"https:\/\/catapa.be\/nl\/doe-mee\/doneer-nu\/","og_site_name":"CATAPA vzw","article_publisher":"https:\/\/www.facebook.com\/catapa.belgium\/","article_modified_time":"2026-01-07T12:49:19+00:00","twitter_card":"summary_large_image","twitter_site":"@CATAPA_Belgica","twitter_misc":{"Geschatte leestijd":"2 minuten"},"schema":{"@context":"https:\/\/schema.org","@graph":[{"@type":"WebPage","@id":"https:\/\/catapa.be\/nl\/doe-mee\/doneer-nu\/","url":"https:\/\/catapa.be\/nl\/doe-mee\/doneer-nu\/","name":"Doneer nu - CATAPA vzw","isPartOf":{"@id":"https:\/\/catapa.be\/nl\/#website"},"datePublished":"2018-05-20T08:14:35+00:00","dateModified":"2026-01-07T12:49:19+00:00","description":"Catapa vzw Doneer nu. Dankzij uw gift of donatie kunnen we onze lokale partners beter steunen! Sinds 2022 ook fiscaal aftrekbaar","breadcrumb":{"@id":"https:\/\/catapa.be\/nl\/doe-mee\/doneer-nu\/#breadcrumb"},"inLanguage":"nl-NL","potentialAction":[{"@type":"ReadAction","target":["https:\/\/catapa.be\/nl\/doe-mee\/doneer-nu\/"]}]},{"@type":"BreadcrumbList","@id":"https:\/\/catapa.be\/nl\/doe-mee\/doneer-nu\/#breadcrumb","itemListElement":[{"@type":"ListItem","position":1,"name":"Home","item":"https:\/\/catapa.be\/nl\/"},{"@type":"ListItem","position":2,"name":"Doe mee","item":"https:\/\/catapa.be\/nl\/doe-mee\/"},{"@type":"ListItem","position":3,"name":"Doneer nu"}]},{"@type":"WebSite","@id":"https:\/\/catapa.be\/nl\/#website","url":"https:\/\/catapa.be\/nl\/","name":"CATAPA vzw","description":"Comit\u00e9 Acad\u00e9mico T\u00e9cnico de Asesoramiento a Problemas Ambientales","publisher":{"@id":"https:\/\/catapa.be\/nl\/#organization"},"potentialAction":[{"@type":"SearchAction","target":{"@type":"EntryPoint","urlTemplate":"https:\/\/catapa.be\/nl\/?s={search_term_string}"},"query-input":{"@type":"PropertyValueSpecification","valueRequired":true,"valueName":"search_term_string"}}],"inLanguage":"nl-NL"},{"@type":"Organization","@id":"https:\/\/catapa.be\/nl\/#organization","name":"CATAPA vzw","url":"https:\/\/catapa.be\/nl\/","logo":{"@type":"ImageObject","inLanguage":"nl-NL","@id":"https:\/\/catapa.be\/nl\/#\/schema\/logo\/image\/","url":"https:\/\/i0.wp.com\/catapa.be\/wp-content\/uploads\/2019\/02\/NEW20LOGO20SHORT20PNG1.png?fit=1259%2C1321&ssl=1","contentUrl":"https:\/\/i0.wp.com\/catapa.be\/wp-content\/uploads\/2019\/02\/NEW20LOGO20SHORT20PNG1.png?fit=1259%2C1321&ssl=1","width":1259,"height":1321,"caption":"CATAPA vzw"},"image":{"@id":"https:\/\/catapa.be\/nl\/#\/schema\/logo\/image\/"},"sameAs":["https:\/\/www.facebook.com\/catapa.belgium\/","https:\/\/x.com\/CATAPA_Belgica","https:\/\/www.instagram.com\/catapa_vzw\/","https:\/\/be.linkedin.com\/company\/catapavzw","https:\/\/www.youtube.com\/channel\/UCE52-Fiyv-Fpqf2gi1qhf1g"]}]}},"jetpack_sharing_enabled":true,"jetpack_likes_enabled":true,"jetpack-related-posts":[{"id":3041,"url":"https:\/\/catapa.be\/nl\/ons-werk\/strategie\/","url_meta":{"origin":3032,"position":0},"title":"Strategie","author":"Alienor de Sas","date":"20 mei 2018","format":false,"excerpt":"[vc_row css=\".vc_custom_1533807373745{margin-top: -50px !important;margin-bottom: 50px !important;}\"][vc_column][vc_cta h2=\"CATAPA bestaat uit een kritische beweging van actieve burgers.\" h4=\"Over de landsgrenzen heen streven we op een horizontale wijze naar een wereld waarin de ontginning van niet-hernieuwbare grondstoffen niet langer nodig is.\" style=\"custom\" css_animation=\"none\" custom_background=\"#01a053\" custom_text=\"#ffffff\"][\/vc_cta][\/vc_column][\/vc_row][vc_row full_width=\"stretch_row\" content_placement=\"middle\" css=\".vc_custom_1533808586582{margin-top: -100px !important;background-color: #f7f7f7 !important;}\"][vc_column][vc_column_text]CATAPA bestaat\u2026","rel":"","context":"Soortgelijk bericht","block_context":{"text":"Soortgelijk bericht","link":""},"img":{"alt_text":"","src":"","width":0,"height":0},"classes":[]},{"id":27173,"url":"https:\/\/catapa.be\/nl\/alles-over-ict\/","url_meta":{"origin":3032,"position":1},"title":"Alles over ICT","author":"Siel Vandamme","date":"8 december 2021","format":false,"excerpt":"[vc_row][vc_column][vc_cta h2=\"Wat is de invloed van de ICT sector op een eindige planeet?\" h4=\"De ICT problematiek bestaat uit verschillende facetten, met verschillende nefaste gevolgen voor de mens en het milieu, zoals schendingen van mensenrechten en ecologische rampen. De impact van de ICT industrie proberen we hier zo goed mogelijk in\u2026","rel":"","context":"Soortgelijk bericht","block_context":{"text":"Soortgelijk bericht","link":""},"img":{"alt_text":"","src":"","width":0,"height":0},"classes":[]},{"id":3020,"url":"https:\/\/catapa.be\/nl\/over-ons\/onze-geschiedenis\/","url_meta":{"origin":3032,"position":2},"title":"Onze geschiedenis","author":"Alienor de Sas","date":"20 mei 2018","format":false,"excerpt":"[vc_row full_width=\"stretch_row\" content_placement=\"middle\"][vc_column][vc_cta h2=\"Van BelBol tot...\" h4=\"\u2026horizontale beweging met partnerorganisaties in Peru, Colombia, Ecuador en Bolivia met tal van lopende projecten in Vlaanderen, Europa en in Latijns-Amerika.\" style=\"custom\" custom_background=\"#01a053\" custom_text=\"#ffffff\"][\/vc_cta][\/vc_column][\/vc_row][vc_row full_width=\"stretch_row\" equal_height=\"yes\" css=\".vc_custom_1535455217709{background-color: #f7f7f7 !important;}\" el_id=\"table-of-contents\"][vc_column css_animation=\"none\" width=\"1\/2\"][vc_column_text css=\".vc_custom_1653737462552{padding-left: 50px !important;}\"] Inhoudstafel 2003-2007: van BelBol tot de start van CATAPA\u2026","rel":"","context":"Soortgelijk bericht","block_context":{"text":"Soortgelijk bericht","link":""},"img":{"alt_text":"","src":"https:\/\/i0.wp.com\/catapa.be\/wp-content\/uploads\/2019\/01\/mining-in-paradise-300x300.png?resize=350%2C200&ssl=1","width":350,"height":200},"classes":[]},{"id":2957,"url":"https:\/\/catapa.be\/nl\/over-ons\/visie-en-missie\/","url_meta":{"origin":3032,"position":3},"title":"Visie en Missie","author":"Alienor de Sas","date":"20 mei 2018","format":false,"excerpt":"[vc_row css=\".vc_custom_1533807373745{margin-top: -50px !important;margin-bottom: 50px !important;}\"][vc_column][vc_cta h2=\"CATAPA streeft...\" h4=\"...naar een wereld waarin de ontginning van niet-hernieuwbare grondstoffen niet langer nodig is door zich volop te richten op de overgang naar een model dat ontmijnt, ontgroeit en beweegt.\" style=\"custom\" css_animation=\"none\" custom_background=\"#01a053\" custom_text=\"#ffffff\"][\/vc_cta][\/vc_column][\/vc_row][vc_row full_width=\"stretch_row\" content_placement=\"middle\" css=\".vc_custom_1533808586582{margin-top: -100px !important;background-color: #f7f7f7 !important;}\"][vc_column][vc_custom_heading text=\"CATAPA ONTMIJNT\"\u2026","rel":"","context":"Soortgelijk bericht","block_context":{"text":"Soortgelijk bericht","link":""},"img":{"alt_text":"","src":"","width":0,"height":0},"classes":[]},{"id":3050,"url":"https:\/\/catapa.be\/nl\/doe-mee\/lessen-en-workshops\/","url_meta":{"origin":3032,"position":4},"title":"Workshops","author":"Alienor de Sas","date":"23 mei 2018","format":false,"excerpt":"[vc_row][vc_column][vc_cta h2=\"Overzicht workshops CATAPA\" style=\"custom\" custom_background=\"#009c55\" custom_text=\"#ffffff\"][\/vc_cta][vc_tta_tour][vc_tta_section title=\"Grenzen aan de groei & Right to Say No\" tab_id=\"1622664127802-61e53e14-366b\"][vc_custom_heading text=\"Grenzen aan de groei & Right to Say No\" font_container=\"tag:h2|font_size:20|text_align:center\" google_fonts=\"font_family:Quicksand%3A300%2Cregular%2C700|font_style:700%20bold%20regular%3A700%3Anormal\"][vc_cta h2=\"\" shape=\"square\" add_icon=\"left\" i_icon_fontawesome=\"fa fa-info\" i_color=\"custom\" i_size=\"lg\" i_custom_color=\"#009c55\"]Doelgroep: Volwassenen Duur: 1,5 - 2 uur (+ 1,5 voorbereiding) Omvang groep: 15-25 personen Taal:\u2026","rel":"","context":"Soortgelijk bericht","block_context":{"text":"Soortgelijk bericht","link":""},"img":{"alt_text":"","src":"https:\/\/i0.wp.com\/catapa.be\/wp-content\/uploads\/2021\/06\/unnamed-1-300x107.png?resize=350%2C200&ssl=1","width":350,"height":200},"classes":[]},{"id":7631,"url":"https:\/\/catapa.be\/nl\/doe-mee\/word-een-van-onze-changemakers\/","url_meta":{"origin":3032,"position":5},"title":"Word \u00e9\u00e9n van onze changemakers","author":"Alienor de Sas","date":"27 augustus 2018","format":false,"excerpt":"[vc_row equal_height=\"yes\"][vc_column css_animation=\"none\"][vc_cta h2=\"Ben je benieuwd waar de metalen in je smartphone vandaan komen?\" h4=\"Wist je dat mijnbouw vaak mensenrechten schendt en vernietiging van het milieu teweegbrengt? Wil je meer kennis, vaardigheden en ervaring opdoen om bij te dragen aan een positieve verandering? Neem dan deel aan het changemaker-programma van\u2026","rel":"","context":"Soortgelijk bericht","block_context":{"text":"Soortgelijk bericht","link":""},"img":{"alt_text":"","src":"https:\/\/i0.wp.com\/catapa.be\/wp-content\/uploads\/2018\/08\/flag_yellow_high-300x200.jpg?resize=350%2C200&ssl=1","width":350,"height":200},"classes":[]}],"_links":{"self":[{"href":"https:\/\/catapa.be\/nl\/wp-json\/wp\/v2\/pages\/3032","targetHints":{"allow":["GET"]}}],"collection":[{"href":"https:\/\/catapa.be\/nl\/wp-json\/wp\/v2\/pages"}],"about":[{"href":"https:\/\/catapa.be\/nl\/wp-json\/wp\/v2\/types\/page"}],"author":[{"embeddable":true,"href":"https:\/\/catapa.be\/nl\/wp-json\/wp\/v2\/users\/2"}],"replies":[{"embeddable":true,"href":"https:\/\/catapa.be\/nl\/wp-json\/wp\/v2\/comments?post=3032"}],"version-history":[{"count":16,"href":"https:\/\/catapa.be\/nl\/wp-json\/wp\/v2\/pages\/3032\/revisions"}],"predecessor-version":[{"id":38614,"href":"https:\/\/catapa.be\/nl\/wp-json\/wp\/v2\/pages\/3032\/revisions\/38614"}],"up":[{"embeddable":true,"href":"https:\/\/catapa.be\/nl\/wp-json\/wp\/v2\/pages\/2964"}],"wp:attachment":[{"href":"https:\/\/catapa.be\/nl\/wp-json\/wp\/v2\/media?parent=3032"}],"curies":[{"name":"wp","href":"https:\/\/api.w.org\/{rel}","templated":true}]}}