{"id":3041,"date":"2018-05-20T10:10:11","date_gmt":"2018-05-20T08:10:11","guid":{"rendered":"http:\/\/catapa.be\/?page_id=3041"},"modified":"2019-07-30T15:33:00","modified_gmt":"2019-07-30T13:33:00","slug":"strategie","status":"publish","type":"page","link":"https:\/\/catapa.be\/nl\/ons-werk\/strategie\/","title":{"rendered":"Strategie"},"content":{"rendered":"<div class=\"wpb-content-wrapper\"><p>[vc_row css=&#8221;.vc_custom_1533807373745{margin-top: -50px !important;margin-bottom: 50px !important;}&#8221;][vc_column][vc_cta h2=&#8221;CATAPA bestaat uit een kritische beweging van actieve burgers.&#8221; h4=&#8221;Over de landsgrenzen heen streven we op een horizontale wijze naar een wereld waarin de ontginning van niet-hernieuwbare grondstoffen niet langer nodig is.&#8221; style=&#8221;custom&#8221; css_animation=&#8221;none&#8221; custom_background=&#8221;#01a053&#8243; custom_text=&#8221;#ffffff&#8221;][\/vc_cta][\/vc_column][\/vc_row][vc_row full_width=&#8221;stretch_row&#8221; content_placement=&#8221;middle&#8221; css=&#8221;.vc_custom_1533808586582{margin-top: -100px !important;background-color: #f7f7f7 !important;}&#8221;][vc_column][vc_column_text]<span style=\"font-weight: 400;\">CATAPA bestaat uit een kritische <\/span><b>beweging<\/b><span style=\"font-weight: 400;\"> van actieve burgers. Over de landsgrenzen heen streven we op een horizontale wijze naar een wereld waarin de ontginning van niet-hernieuwbare grondstoffen niet langer nodig is. We richten ons volop op de overgang naar een model dat sociaal-ecologische en economische rechtvaardigheid garandeert. CATAPA is een vrijwilligersbeweging en maakt deel uit van een globaal <\/span><b>netwerk<\/b><span style=\"font-weight: 400;\"> van basisbewegingen waarin we belangrijke actoren met elkaar in verbinding brengen en elkaar versterken en ondersteunen waar nodig. <\/span><\/p>\n<p><span style=\"font-weight: 400;\">Via <\/span><b>sensibilisatie<\/b><span style=\"font-weight: 400;\"> en <\/span><b>educatie <\/b><span style=\"font-weight: 400;\">maken we mensen bewust van de problematiek rond metalen. We moedigen hen aan kritischer om te springen met producten die metalen bevatten en in actie te komen tegen het onrecht dat gepaard gaat met open pit mijnbouw. Zo willen we komen tot een samenleving die bewuster en bescheidener leeft en op een manier die het gebruik van nieuwe grondstoffen reduceert. In Vlaanderen en Brussel geven we <a href=\"https:\/\/catapa.be\/nl\/doe-mee\/lessen-en-workshops\/\">workshops<\/a> en lezingen aan secundaire school kinderen en aan (jong)volwassenen. Naast een hele resem aan wisselende evenementen, organiseren we ieder jaar ook een paar vast terugkerende educatieve activiteiten, zoals onze <a href=\"\/?page_id=2983\">Open MinEd sprekerstour<\/a>. Hiervoor nodigen we gastsprekers uit van onze partnerorganisatie om een week lang gastcolleges te geven in universiteiten en hogescholen en hun verhaal vertellen op bepaalde evenementen. Ons documentairefestival <a href=\"\/?page_id=2983\">DocuLatino<\/a> vindt ook jaarlijks plaats in verschillende Vlaamse steden en in Brussel \u00e9n via het <a href=\"https:\/\/catapa.be\/nl\/doe-mee\/word-een-van-onze-changemakers\/\">Changemakers traject<\/a> leiden we Catapistas op tot inspirerende changemakers met de skills om zelf actief positieve verandering in de wereld na te streven. <\/span><\/p>\n<p><span style=\"font-weight: 400;\">Via <\/span><b>onderzoek<\/b><span style=\"font-weight: 400;\"> gaan we op zoek naar alternatieve manieren van consumptie en productie. Hiervoor werken we samen met hogescholen en universiteiten (o.a. ondersteunen van <a href=\"\/?page_id=3028\">thesisstudenten<\/a>). We zoeken samen met onze partners in <a href=\"https:\/\/catapa.be\/nl\/cases\/peru\/\">Peru<\/a>, <a href=\"https:\/\/catapa.be\/nl\/cases\/colombia\/\">Colombia<\/a>, <a href=\"https:\/\/catapa.be\/nl\/cases\/ecuador\/\">Ecuador<\/a> en <a href=\"https:\/\/catapa.be\/nl\/bolivia\/\">Bolivia<\/a> naar oplossingen voor de vervuiling die (metaal)mijnbouw veroorzaakt en brengen de impact van ontginning in kaart. Samen met onze <a href=\"https:\/\/catapa.be\/nl\/ons-werk\/partners\/\">partnerorganisatie<\/a> GRUFIDES werken we bijvoorbeeld aan een project waarin we met milieucomit\u00e9s uit lokale gemeenschappen in Cajamarca (Peru) het water controleren op vervuiling door mijnbouw in de regio en dus nagaan of het water nog drinkbaar is. In Bolivia plaatsen we samen met CEPA en CORIDUP watertanks en dakconstructies voor de opvang van regenwater. Dit omdat het grondwater er erg vervuild is ten gevolge van decennialange mijnbouw in de regio. Dit zijn maar enkele van onze lopende projecten in Latijns-Amerika (zie cases). CATAPA handelt steeds op vraag van en in samenspraak met lokale gemeenschappen. Ook in Europa gaan we op zoek naar alternatieven. Het <a href=\"https:\/\/catapa.be\/nl\/project-nemo\/\">project <b>NEMO <\/b><\/a>bijvoorbeeld heeft als doel een nieuwe milieuvriendelijke technologie voor het recycleren van mijnbouwafval te introduceren. Binnen het project vertegenwoordigt CATAPA het perspectief van de lokale gemeenschappen op de mijnbouwactiviteiten en de nieuwe technologie\u00ebn.<\/span><\/p>\n<p><span style=\"font-weight: 400;\">Ons sensibiliserend en onderzoeksluik wordt momenteel overkoepeld door de <\/span><a href=\"https:\/\/catapa.be\/nl\/ons-werk\/campagnes\/\"><b>Make ICT Fair<\/b><\/a><span style=\"font-weight: 400;\"> campagne, waarin we samen met 10 Europese partners toewerken naar een meer duurzaam systeem waarin mensenrechten en milieu gerespecteerd worden doorheen de hele ICT productieketen.<\/span><\/p>\n<p><span style=\"font-weight: 400;\">Ook trachten we belangrijke actoren binnen de metalenkringloop (de industrie en grotere consumenten zoals overheidsinstellingen en scholen) bewust te maken van de problematiek en samen met hen op zoek te gaan naar oplossingen. Komende jaren zullen we inzetten op public procurement via het <a href=\"https:\/\/catapa.be\/nl\/fair-ict-flanders\/\">project <strong>Fair ICT Flanders<\/strong><\/a>.<\/span><span style=\"font-weight: 400;\">\u00a0We zullen overheidsinstellingen en bedrijven aanmoedigen om te kiezen voor ecologische en faire ICT-producten. Op die manier trachten we te wegen op het aanbod van mens- en milieuvriendelijke alternatieven. Dit project valt deels onder CATAPA\u2019s <\/span><b>lobbywerk<\/b><span style=\"font-weight: 400;\">, waarin we het lokaal, nationaal en Europees beleid trachten te be\u00efnvloeden en hen te motiveren milieuvriendelijke alternatieven te steunen. Zo organiseerden we in januari 2018 bijvoorbeeld een conferentie in het Europees parlement genaamd \u2018<a href=\"https:\/\/catapa.be\/nl\/defensoras\/\">Women, gender equality and climate justice: a case for the defensoras<\/a>\u2019 om de Europese Unie te overtuigen meer aandacht te besteden aan vrouwelijke mensenrechtenverdedigsters in extractieve industrie\u00ebn. <\/span>[\/vc_column_text][\/vc_column][\/vc_row]<\/p>\n<\/div>","protected":false},"excerpt":{"rendered":"<p>[vc_row css=&#8221;.vc_custom_1533807373745{margin-top: -50px !important;margin-bottom: 50px !important;}&#8221;][vc_column][vc_cta h2=&#8221;CATAPA bestaat uit een kritische beweging van actieve burgers.&#8221; h4=&#8221;Over de landsgrenzen heen streven we op een horizontale wijze naar een wereld waarin de ontginning van niet-hernieuwbare grondstoffen niet<br \/><a class=\"read-more\" href=\"https:\/\/catapa.be\/nl\/ons-werk\/strategie\/\">Read More<\/a><\/p>\n","protected":false},"author":2,"featured_media":0,"parent":3034,"menu_order":1,"comment_status":"closed","ping_status":"closed","template":"","meta":{"_exactmetrics_skip_tracking":false,"_exactmetrics_sitenote_active":false,"_exactmetrics_sitenote_note":"","_exactmetrics_sitenote_category":0,"jetpack_post_was_ever_published":false,"footnotes":""},"class_list":["post-3041","page","type-page","status-publish","hentry"],"yoast_head":"<!-- This site is optimized with the Yoast SEO plugin v26.8 - https:\/\/yoast.com\/product\/yoast-seo-wordpress\/ -->\n<title>Strategie - CATAPA vzw<\/title>\n<meta name=\"robots\" content=\"index, follow, max-snippet:-1, max-image-preview:large, max-video-preview:-1\" \/>\n<link rel=\"canonical\" href=\"https:\/\/catapa.be\/nl\/ons-werk\/strategie\/\" \/>\n<meta property=\"og:locale\" content=\"nl_NL\" \/>\n<meta property=\"og:type\" content=\"article\" \/>\n<meta property=\"og:title\" content=\"Strategie - CATAPA vzw\" \/>\n<meta property=\"og:description\" content=\"[vc_row css=&#8221;.vc_custom_1533807373745{margin-top: -50px !important;margin-bottom: 50px !important;}&#8221;][vc_column][vc_cta h2=&#8221;CATAPA bestaat uit een kritische beweging van actieve burgers.&#8221; h4=&#8221;Over de landsgrenzen heen streven we op een horizontale wijze naar een wereld waarin de ontginning van niet-hernieuwbare grondstoffen nietRead More\" \/>\n<meta property=\"og:url\" content=\"https:\/\/catapa.be\/nl\/ons-werk\/strategie\/\" \/>\n<meta property=\"og:site_name\" content=\"CATAPA vzw\" \/>\n<meta property=\"article:publisher\" content=\"https:\/\/www.facebook.com\/catapa.belgium\/\" \/>\n<meta property=\"article:modified_time\" content=\"2019-07-30T13:33:00+00:00\" \/>\n<meta name=\"twitter:card\" content=\"summary_large_image\" \/>\n<meta name=\"twitter:site\" content=\"@CATAPA_Belgica\" \/>\n<meta name=\"twitter:label1\" content=\"Geschatte leestijd\" \/>\n\t<meta name=\"twitter:data1\" content=\"4 minuten\" \/>\n<script type=\"application\/ld+json\" class=\"yoast-schema-graph\">{\"@context\":\"https:\/\/schema.org\",\"@graph\":[{\"@type\":\"WebPage\",\"@id\":\"https:\/\/catapa.be\/nl\/ons-werk\/strategie\/\",\"url\":\"https:\/\/catapa.be\/nl\/ons-werk\/strategie\/\",\"name\":\"Strategie - CATAPA vzw\",\"isPartOf\":{\"@id\":\"https:\/\/catapa.be\/nl\/#website\"},\"datePublished\":\"2018-05-20T08:10:11+00:00\",\"dateModified\":\"2019-07-30T13:33:00+00:00\",\"breadcrumb\":{\"@id\":\"https:\/\/catapa.be\/nl\/ons-werk\/strategie\/#breadcrumb\"},\"inLanguage\":\"nl-NL\",\"potentialAction\":[{\"@type\":\"ReadAction\",\"target\":[\"https:\/\/catapa.be\/nl\/ons-werk\/strategie\/\"]}]},{\"@type\":\"BreadcrumbList\",\"@id\":\"https:\/\/catapa.be\/nl\/ons-werk\/strategie\/#breadcrumb\",\"itemListElement\":[{\"@type\":\"ListItem\",\"position\":1,\"name\":\"Home\",\"item\":\"https:\/\/catapa.be\/nl\/\"},{\"@type\":\"ListItem\",\"position\":2,\"name\":\"Ons werk\",\"item\":\"https:\/\/catapa.be\/nl\/ons-werk\/\"},{\"@type\":\"ListItem\",\"position\":3,\"name\":\"Strategie\"}]},{\"@type\":\"WebSite\",\"@id\":\"https:\/\/catapa.be\/nl\/#website\",\"url\":\"https:\/\/catapa.be\/nl\/\",\"name\":\"CATAPA vzw\",\"description\":\"Comit\u00e9 Acad\u00e9mico T\u00e9cnico de Asesoramiento a Problemas Ambientales\",\"publisher\":{\"@id\":\"https:\/\/catapa.be\/nl\/#organization\"},\"potentialAction\":[{\"@type\":\"SearchAction\",\"target\":{\"@type\":\"EntryPoint\",\"urlTemplate\":\"https:\/\/catapa.be\/nl\/?s={search_term_string}\"},\"query-input\":{\"@type\":\"PropertyValueSpecification\",\"valueRequired\":true,\"valueName\":\"search_term_string\"}}],\"inLanguage\":\"nl-NL\"},{\"@type\":\"Organization\",\"@id\":\"https:\/\/catapa.be\/nl\/#organization\",\"name\":\"CATAPA vzw\",\"url\":\"https:\/\/catapa.be\/nl\/\",\"logo\":{\"@type\":\"ImageObject\",\"inLanguage\":\"nl-NL\",\"@id\":\"https:\/\/catapa.be\/nl\/#\/schema\/logo\/image\/\",\"url\":\"https:\/\/i0.wp.com\/catapa.be\/wp-content\/uploads\/2019\/02\/NEW20LOGO20SHORT20PNG1.png?fit=1259%2C1321&ssl=1\",\"contentUrl\":\"https:\/\/i0.wp.com\/catapa.be\/wp-content\/uploads\/2019\/02\/NEW20LOGO20SHORT20PNG1.png?fit=1259%2C1321&ssl=1\",\"width\":1259,\"height\":1321,\"caption\":\"CATAPA vzw\"},\"image\":{\"@id\":\"https:\/\/catapa.be\/nl\/#\/schema\/logo\/image\/\"},\"sameAs\":[\"https:\/\/www.facebook.com\/catapa.belgium\/\",\"https:\/\/x.com\/CATAPA_Belgica\",\"https:\/\/www.instagram.com\/catapa_vzw\/\",\"https:\/\/be.linkedin.com\/company\/catapavzw\",\"https:\/\/www.youtube.com\/channel\/UCE52-Fiyv-Fpqf2gi1qhf1g\"]}]}<\/script>\n<!-- \/ Yoast SEO plugin. -->","yoast_head_json":{"title":"Strategie - CATAPA vzw","robots":{"index":"index","follow":"follow","max-snippet":"max-snippet:-1","max-image-preview":"max-image-preview:large","max-video-preview":"max-video-preview:-1"},"canonical":"https:\/\/catapa.be\/nl\/ons-werk\/strategie\/","og_locale":"nl_NL","og_type":"article","og_title":"Strategie - CATAPA vzw","og_description":"[vc_row css=&#8221;.vc_custom_1533807373745{margin-top: -50px !important;margin-bottom: 50px !important;}&#8221;][vc_column][vc_cta h2=&#8221;CATAPA bestaat uit een kritische beweging van actieve burgers.&#8221; h4=&#8221;Over de landsgrenzen heen streven we op een horizontale wijze naar een wereld waarin de ontginning van niet-hernieuwbare grondstoffen nietRead More","og_url":"https:\/\/catapa.be\/nl\/ons-werk\/strategie\/","og_site_name":"CATAPA vzw","article_publisher":"https:\/\/www.facebook.com\/catapa.belgium\/","article_modified_time":"2019-07-30T13:33:00+00:00","twitter_card":"summary_large_image","twitter_site":"@CATAPA_Belgica","twitter_misc":{"Geschatte leestijd":"4 minuten"},"schema":{"@context":"https:\/\/schema.org","@graph":[{"@type":"WebPage","@id":"https:\/\/catapa.be\/nl\/ons-werk\/strategie\/","url":"https:\/\/catapa.be\/nl\/ons-werk\/strategie\/","name":"Strategie - CATAPA vzw","isPartOf":{"@id":"https:\/\/catapa.be\/nl\/#website"},"datePublished":"2018-05-20T08:10:11+00:00","dateModified":"2019-07-30T13:33:00+00:00","breadcrumb":{"@id":"https:\/\/catapa.be\/nl\/ons-werk\/strategie\/#breadcrumb"},"inLanguage":"nl-NL","potentialAction":[{"@type":"ReadAction","target":["https:\/\/catapa.be\/nl\/ons-werk\/strategie\/"]}]},{"@type":"BreadcrumbList","@id":"https:\/\/catapa.be\/nl\/ons-werk\/strategie\/#breadcrumb","itemListElement":[{"@type":"ListItem","position":1,"name":"Home","item":"https:\/\/catapa.be\/nl\/"},{"@type":"ListItem","position":2,"name":"Ons werk","item":"https:\/\/catapa.be\/nl\/ons-werk\/"},{"@type":"ListItem","position":3,"name":"Strategie"}]},{"@type":"WebSite","@id":"https:\/\/catapa.be\/nl\/#website","url":"https:\/\/catapa.be\/nl\/","name":"CATAPA vzw","description":"Comit\u00e9 Acad\u00e9mico T\u00e9cnico de Asesoramiento a Problemas Ambientales","publisher":{"@id":"https:\/\/catapa.be\/nl\/#organization"},"potentialAction":[{"@type":"SearchAction","target":{"@type":"EntryPoint","urlTemplate":"https:\/\/catapa.be\/nl\/?s={search_term_string}"},"query-input":{"@type":"PropertyValueSpecification","valueRequired":true,"valueName":"search_term_string"}}],"inLanguage":"nl-NL"},{"@type":"Organization","@id":"https:\/\/catapa.be\/nl\/#organization","name":"CATAPA vzw","url":"https:\/\/catapa.be\/nl\/","logo":{"@type":"ImageObject","inLanguage":"nl-NL","@id":"https:\/\/catapa.be\/nl\/#\/schema\/logo\/image\/","url":"https:\/\/i0.wp.com\/catapa.be\/wp-content\/uploads\/2019\/02\/NEW20LOGO20SHORT20PNG1.png?fit=1259%2C1321&ssl=1","contentUrl":"https:\/\/i0.wp.com\/catapa.be\/wp-content\/uploads\/2019\/02\/NEW20LOGO20SHORT20PNG1.png?fit=1259%2C1321&ssl=1","width":1259,"height":1321,"caption":"CATAPA vzw"},"image":{"@id":"https:\/\/catapa.be\/nl\/#\/schema\/logo\/image\/"},"sameAs":["https:\/\/www.facebook.com\/catapa.belgium\/","https:\/\/x.com\/CATAPA_Belgica","https:\/\/www.instagram.com\/catapa_vzw\/","https:\/\/be.linkedin.com\/company\/catapavzw","https:\/\/www.youtube.com\/channel\/UCE52-Fiyv-Fpqf2gi1qhf1g"]}]}},"jetpack_sharing_enabled":true,"jetpack_likes_enabled":true,"jetpack-related-posts":[{"id":2957,"url":"https:\/\/catapa.be\/nl\/over-ons\/visie-en-missie\/","url_meta":{"origin":3041,"position":0},"title":"Visie en Missie","author":"Alienor de Sas","date":"20 mei 2018","format":false,"excerpt":"[vc_row css=\".vc_custom_1533807373745{margin-top: -50px !important;margin-bottom: 50px !important;}\"][vc_column][vc_cta h2=\"CATAPA streeft...\" h4=\"...naar een wereld waarin de ontginning van niet-hernieuwbare grondstoffen niet langer nodig is door zich volop te richten op de overgang naar een model dat ontmijnt, ontgroeit en beweegt.\" style=\"custom\" css_animation=\"none\" custom_background=\"#01a053\" custom_text=\"#ffffff\"][\/vc_cta][\/vc_column][\/vc_row][vc_row full_width=\"stretch_row\" content_placement=\"middle\" css=\".vc_custom_1533808586582{margin-top: -100px !important;background-color: #f7f7f7 !important;}\"][vc_column][vc_custom_heading text=\"CATAPA ONTMIJNT\"\u2026","rel":"","context":"Soortgelijk bericht","block_context":{"text":"Soortgelijk bericht","link":""},"img":{"alt_text":"","src":"","width":0,"height":0},"classes":[]},{"id":3050,"url":"https:\/\/catapa.be\/nl\/doe-mee\/lessen-en-workshops\/","url_meta":{"origin":3041,"position":1},"title":"Workshops","author":"Alienor de Sas","date":"23 mei 2018","format":false,"excerpt":"[vc_row][vc_column][vc_cta h2=\"Overzicht workshops CATAPA\" style=\"custom\" custom_background=\"#009c55\" custom_text=\"#ffffff\"][\/vc_cta][vc_tta_tour][vc_tta_section title=\"Grenzen aan de groei & Right to Say No\" tab_id=\"1622664127802-61e53e14-366b\"][vc_custom_heading text=\"Grenzen aan de groei & Right to Say No\" font_container=\"tag:h2|font_size:20|text_align:center\" google_fonts=\"font_family:Quicksand%3A300%2Cregular%2C700|font_style:700%20bold%20regular%3A700%3Anormal\"][vc_cta h2=\"\" shape=\"square\" add_icon=\"left\" i_icon_fontawesome=\"fa fa-info\" i_color=\"custom\" i_size=\"lg\" i_custom_color=\"#009c55\"]Doelgroep: Volwassenen Duur: 1,5 - 2 uur (+ 1,5 voorbereiding) Omvang groep: 15-25 personen Taal:\u2026","rel":"","context":"Soortgelijk bericht","block_context":{"text":"Soortgelijk bericht","link":""},"img":{"alt_text":"","src":"https:\/\/i0.wp.com\/catapa.be\/wp-content\/uploads\/2021\/06\/unnamed-1-300x107.png?resize=350%2C200&ssl=1","width":350,"height":200},"classes":[]},{"id":3020,"url":"https:\/\/catapa.be\/nl\/over-ons\/onze-geschiedenis\/","url_meta":{"origin":3041,"position":2},"title":"Onze geschiedenis","author":"Alienor de Sas","date":"20 mei 2018","format":false,"excerpt":"[vc_row full_width=\"stretch_row\" content_placement=\"middle\"][vc_column][vc_cta h2=\"Van BelBol tot...\" h4=\"\u2026horizontale beweging met partnerorganisaties in Peru, Colombia, Ecuador en Bolivia met tal van lopende projecten in Vlaanderen, Europa en in Latijns-Amerika.\" style=\"custom\" custom_background=\"#01a053\" custom_text=\"#ffffff\"][\/vc_cta][\/vc_column][\/vc_row][vc_row full_width=\"stretch_row\" equal_height=\"yes\" css=\".vc_custom_1535455217709{background-color: #f7f7f7 !important;}\" el_id=\"table-of-contents\"][vc_column css_animation=\"none\" width=\"1\/2\"][vc_column_text css=\".vc_custom_1653737462552{padding-left: 50px !important;}\"] Inhoudstafel 2003-2007: van BelBol tot de start van CATAPA\u2026","rel":"","context":"Soortgelijk bericht","block_context":{"text":"Soortgelijk bericht","link":""},"img":{"alt_text":"","src":"https:\/\/i0.wp.com\/catapa.be\/wp-content\/uploads\/2019\/01\/mining-in-paradise-300x300.png?resize=350%2C200&ssl=1","width":350,"height":200},"classes":[]},{"id":32878,"url":"https:\/\/catapa.be\/nl\/catapa-verwelkomt-activistes-uit-ecuador\/","url_meta":{"origin":3041,"position":3},"title":"CATAPA verwelkomt activistes uit Ecuador","author":"Estefan\u00eda","date":"7 februari 2023","format":false,"excerpt":"[vc_row css=\".vc_custom_1675936624176{margin-top: 0px !important;margin-bottom: 0px !important;border-top-width: 0px !important;border-bottom-width: 0px !important;padding-top: 0px !important;padding-bottom: 0px !important;}\"][vc_column width=\"1\/2\"][vc_cta h2=\"Het recht om 'nee' te zeggen, van Ecuador tot Belgi\u00eb\"][\/vc_cta][vc_gallery type=\"flexslider_slide\" interval=\"10\" images=\"32762,32765,32756,32759,32768\" img_size=\"full\"][\/vc_column][vc_column width=\"1\/2\"][vc_cta h2=\"\" style=\"custom\" custom_background=\"#01a053\" custom_text=\"#ffffff\"]Ook dit jaar nodigt CATAPA activisten uit Latijns-Amerika uit om hun persoonlijke verhaal te brengen en het\u2026","rel":"","context":"Soortgelijk bericht","block_context":{"text":"Soortgelijk bericht","link":""},"img":{"alt_text":"","src":"https:\/\/i0.wp.com\/catapa.be\/wp-content\/uploads\/2023\/02\/webteaser.png?fit=1200%2C675&ssl=1&resize=350%2C200","width":350,"height":200,"srcset":"https:\/\/i0.wp.com\/catapa.be\/wp-content\/uploads\/2023\/02\/webteaser.png?fit=1200%2C675&ssl=1&resize=350%2C200 1x, https:\/\/i0.wp.com\/catapa.be\/wp-content\/uploads\/2023\/02\/webteaser.png?fit=1200%2C675&ssl=1&resize=525%2C300 1.5x, https:\/\/i0.wp.com\/catapa.be\/wp-content\/uploads\/2023\/02\/webteaser.png?fit=1200%2C675&ssl=1&resize=700%2C400 2x, https:\/\/i0.wp.com\/catapa.be\/wp-content\/uploads\/2023\/02\/webteaser.png?fit=1200%2C675&ssl=1&resize=1050%2C600 3x"},"classes":[]},{"id":3026,"url":"https:\/\/catapa.be\/nl\/doe-mee\/bewuste-consument\/","url_meta":{"origin":3041,"position":4},"title":"Bewust consumeren","author":"Alienor de Sas","date":"20 mei 2018","format":false,"excerpt":"[vc_row full_width=\"stretch_row\" content_placement=\"middle\" css=\".vc_custom_1534947891952{background-color: #f7f7f7 !important;}\"][vc_column][vc_cta h2=\"BEWUST CONSUMEREN IN 7 STAPPEN\" h4=\"Goud in je laptop, zilver in je horloge, koper in elektriciteitskabels: de wereldwijde vraag naar metalen stijgt exponentieel en de ontginning ervan gaat vaak gepaard met mensenrechtenschendingen en ecologische destructie. Daarnaast is de gebruiksduur van bijvoorbeeld ICT-toestellen zeer kort\u2026","rel":"","context":"Soortgelijk bericht","block_context":{"text":"Soortgelijk bericht","link":""},"img":{"alt_text":"","src":"","width":0,"height":0},"classes":[]},{"id":27190,"url":"https:\/\/catapa.be\/nl\/alles-over-ict-2\/","url_meta":{"origin":3041,"position":5},"title":"Alles over ICT","author":"Siel Vandamme","date":"9 december 2021","format":false,"excerpt":"[vc_row][vc_column][vc_column_text] Het verhaal achter onze ICT-toestellen [\/vc_column_text][vc_cta h2=\"Onze smartphones en mijnbouw zijn sterk met elkaar verstrengeld.\" color=\"sky\"]Met de stijgende productie en consumptie van digitale toestellen,, zit de vraag naar de kostbare metalen en mineralen, die nodig zijn om deze te maken, in de lift. De mijnbouwsector die deze grondstoffen ontgint\u2026","rel":"","context":"Soortgelijk bericht","block_context":{"text":"Soortgelijk bericht","link":""},"img":{"alt_text":"","src":"","width":0,"height":0},"classes":[]}],"_links":{"self":[{"href":"https:\/\/catapa.be\/nl\/wp-json\/wp\/v2\/pages\/3041","targetHints":{"allow":["GET"]}}],"collection":[{"href":"https:\/\/catapa.be\/nl\/wp-json\/wp\/v2\/pages"}],"about":[{"href":"https:\/\/catapa.be\/nl\/wp-json\/wp\/v2\/types\/page"}],"author":[{"embeddable":true,"href":"https:\/\/catapa.be\/nl\/wp-json\/wp\/v2\/users\/2"}],"replies":[{"embeddable":true,"href":"https:\/\/catapa.be\/nl\/wp-json\/wp\/v2\/comments?post=3041"}],"version-history":[{"count":11,"href":"https:\/\/catapa.be\/nl\/wp-json\/wp\/v2\/pages\/3041\/revisions"}],"predecessor-version":[{"id":11691,"href":"https:\/\/catapa.be\/nl\/wp-json\/wp\/v2\/pages\/3041\/revisions\/11691"}],"up":[{"embeddable":true,"href":"https:\/\/catapa.be\/nl\/wp-json\/wp\/v2\/pages\/3034"}],"wp:attachment":[{"href":"https:\/\/catapa.be\/nl\/wp-json\/wp\/v2\/media?parent=3041"}],"curies":[{"name":"wp","href":"https:\/\/api.w.org\/{rel}","templated":true}]}}