{"id":3050,"date":"2018-05-23T12:32:22","date_gmt":"2018-05-23T10:32:22","guid":{"rendered":"http:\/\/catapa.be\/?page_id=3050"},"modified":"2024-01-24T16:53:31","modified_gmt":"2024-01-24T15:53:31","slug":"lessen-en-workshops","status":"publish","type":"page","link":"https:\/\/catapa.be\/nl\/doe-mee\/lessen-en-workshops\/","title":{"rendered":"Workshops"},"content":{"rendered":"<div class=\"wpb-content-wrapper\"><p>[vc_row][vc_column][vc_cta h2=&#8221;Overzicht workshops CATAPA&#8221; style=&#8221;custom&#8221; custom_background=&#8221;#009c55&#8243; custom_text=&#8221;#ffffff&#8221;][\/vc_cta][vc_tta_tour][vc_tta_section title=&#8221;Grenzen aan de groei &amp; Right to Say No&#8221; tab_id=&#8221;1622664127802-61e53e14-366b&#8221;][vc_custom_heading text=&#8221;Grenzen aan de groei &amp; Right to Say No&#8221; font_container=&#8221;tag:h2|font_size:20|text_align:center&#8221; google_fonts=&#8221;font_family:Quicksand%3A300%2Cregular%2C700|font_style:700%20bold%20regular%3A700%3Anormal&#8221;][vc_cta h2=&#8221;&#8221; shape=&#8221;square&#8221; add_icon=&#8221;left&#8221; i_icon_fontawesome=&#8221;fa fa-info&#8221; i_color=&#8221;custom&#8221; i_size=&#8221;lg&#8221; i_custom_color=&#8221;#009c55&#8243;]Doelgroep: Volwassenen<br \/>\nDuur: 1,5 &#8211; 2 uur (+ 1,5 voorbereiding)<br \/>\nOmvang groep: 15-25 personen<br \/>\nTaal: Nederlands of Engels<br \/>\nPrijs: \u20ac 250 (of volgens beschikbaar budget)[\/vc_cta][vc_column_text]<\/p>\n<p style=\"text-align: justify;\">Overstromingen, bosbranden, smeltende gletsjers, \u2026: we worden alsmaar vaker geconfronteerd met natuurrampen. De gevolgen zijn desastreus en onbetwistbaar: we zijn de limieten van onze planeet aan het overschrijden. Om onze aardbol leefbaar te houden, moeten we dringend onze manier van leven en omgang met grondstoffen herbekijken.<\/p>\n<p style=\"text-align: justify;\">Gelukkig staan gemeenschappen overal ter wereld op om te streven naar behoud van natuur en om te vechten voor hun Right to Say No tegen destructieve ontginningprojecten in hun leefomgeving. Ze zeggen &#8216;nee&#8217; tegen milieuverontreiniging en ijveren voor een andere manier van leven met een andere visie op &#8216;ontwikkeling&#8217;, een leven waarin \u2018welzijn\u2019 centraal staat in plaats van \u2018groei\u2019. In deze workshop maken we kennis met inspirerende stemmen uit Latijns-Amerika (in lijn met de \u2018Buen Vivir\u2019 filosofie).<\/p>\n<p style=\"text-align: justify;\">We gaan samen op zoek naar manieren waarop we kunnen leven met minder niet-hernieuwbare grondstoffen, met als doel kritisch te kijken naar onze consumptiemaatschappij en actief na te denken over alternatieve samenlevingsmodellen.<\/p>\n<p><img data-recalc-dims=\"1\" loading=\"lazy\" decoding=\"async\" class=\"alignnone wp-image-21432 alignleft\" src=\"https:\/\/i0.wp.com\/catapa.be\/wp-content\/uploads\/2021\/06\/unnamed-1.png?resize=424%2C150&#038;ssl=1\" alt=\"\" width=\"424\" height=\"150\" \/>[\/vc_column_text][\/vc_tta_section][vc_tta_section title=&#8221;Stop #ExpresDefect&#8221; tab_id=&#8221;stop-expres-defect&#8221;][vc_custom_heading text=&#8221;Stop #ExpresDefect&#8221; font_container=&#8221;tag:h2|font_size:20|text_align:center&#8221; google_fonts=&#8221;font_family:Quicksand%3A300%2Cregular%2C700|font_style:700%20bold%20regular%3A700%3Anormal&#8221;][vc_cta h2=&#8221;&#8221; shape=&#8221;square&#8221; add_icon=&#8221;left&#8221; i_icon_fontawesome=&#8221;fa fa-info&#8221; i_color=&#8221;custom&#8221; i_size=&#8221;lg&#8221; i_custom_color=&#8221;#009c55&#8243;]Doelgroep: volwassenen<br \/>\nThema: grondstoffen, ongelijkheid, klimaat, circulaire economie, geplande veroudering<br \/>\nPrijs: 250 EUR<br \/>\nDuur van de vorming\/workshop: 90 &#8211; 120 minuten<br \/>\nMinimum\/maximum aantal deelnemers: 15 &#8211; 25 deelnemers[\/vc_cta][vc_column_text]Al gehoord van geplande veroudering? Het is een strategie die producenten van elektronica hanteren om producten doelbewust (\u201cexpres\u201d) te ontwerpen zodat de toestellen minder lang meegaan (een \u201cdefect\u201d). Zo wordt de aankoop van nieuwe producten immers gestimuleerd en dat is goed voor hun winst. Een alarmerende praktijk, gevaarlijk voor onze planeet. Grondstoffen zijn schaars en de ontginning ervan gaat ten koste van zowel mens als milieu. Geplande veroudering werkt bovendien globale ongelijkheid in de hand\u2026<\/p>\n<p>Neem deel aan onze workshop Stop #ExpresDefect en leer op een interactieve manier bij over de link tussen de grondstoffenproblematiek en de lineaire economie waar we in leven! Hoe kunnen we van die lineaire economie een circulaire maken? Wat is de link tussen mijn smartphone en de impact van mijnbouw in het Zuiden? Waarom zorgt de productie van die smartphone voor meer globale ongelijkheid? Hoe kunnen we streven naar positieve verandering en geplande veroudering stoppen?<\/p>\n<p>We gaan op zoek naar antwoorden op al deze vragen. Samen roepen we #ExpresDefect een halt toe!<\/p>\n<p style=\"text-align: justify;\"><strong>Interesse?<\/strong><\/p>\n<p style=\"text-align: justify;\">Bent u ge\u00efnteresseerd in deze workshop? Neem dan contact met ons op via <a href=\"mailto:info@catapa.be\">info@catapa.be<\/a>. Hopelijk tot ziens!<\/p>\n<p>[\/vc_column_text][\/vc_tta_section][\/vc_tta_tour][\/vc_column][\/vc_row]<\/p>\n<\/div>","protected":false},"excerpt":{"rendered":"<p>[vc_row][vc_column][vc_cta h2=&#8221;Overzicht workshops CATAPA&#8221; style=&#8221;custom&#8221; custom_background=&#8221;#009c55&#8243; custom_text=&#8221;#ffffff&#8221;][\/vc_cta][vc_tta_tour][vc_tta_section title=&#8221;Grenzen aan de groei &amp; Right to Say No&#8221; tab_id=&#8221;1622664127802-61e53e14-366b&#8221;][vc_custom_heading text=&#8221;Grenzen aan de groei &amp; Right to Say No&#8221; font_container=&#8221;tag:h2|font_size:20|text_align:center&#8221; google_fonts=&#8221;font_family:Quicksand%3A300%2Cregular%2C700|font_style:700%20bold%20regular%3A700%3Anormal&#8221;][vc_cta h2=&#8221;&#8221; shape=&#8221;square&#8221; add_icon=&#8221;left&#8221; i_icon_fontawesome=&#8221;fa fa-info&#8221; i_color=&#8221;custom&#8221; i_size=&#8221;lg&#8221;<br \/><a class=\"read-more\" href=\"https:\/\/catapa.be\/nl\/doe-mee\/lessen-en-workshops\/\">Read More<\/a><\/p>\n","protected":false},"author":2,"featured_media":0,"parent":2964,"menu_order":5,"comment_status":"closed","ping_status":"closed","template":"","meta":{"_exactmetrics_skip_tracking":false,"_exactmetrics_sitenote_active":false,"_exactmetrics_sitenote_note":"","_exactmetrics_sitenote_category":0,"jetpack_post_was_ever_published":false,"footnotes":""},"class_list":["post-3050","page","type-page","status-publish","hentry"],"yoast_head":"<!-- This site is optimized with the Yoast SEO plugin v26.8 - https:\/\/yoast.com\/product\/yoast-seo-wordpress\/ -->\n<title>Workshops - CATAPA vzw<\/title>\n<meta name=\"robots\" content=\"index, follow, max-snippet:-1, max-image-preview:large, max-video-preview:-1\" \/>\n<link rel=\"canonical\" href=\"https:\/\/catapa.be\/nl\/doe-mee\/lessen-en-workshops\/\" \/>\n<meta property=\"og:locale\" content=\"nl_NL\" \/>\n<meta property=\"og:type\" content=\"article\" \/>\n<meta property=\"og:title\" content=\"Workshops - CATAPA vzw\" \/>\n<meta property=\"og:description\" content=\"[vc_row][vc_column][vc_cta h2=&#8221;Overzicht workshops CATAPA&#8221; style=&#8221;custom&#8221; custom_background=&#8221;#009c55&#8243; custom_text=&#8221;#ffffff&#8221;][\/vc_cta][vc_tta_tour][vc_tta_section title=&#8221;Grenzen aan de groei &amp; Right to Say No&#8221; tab_id=&#8221;1622664127802-61e53e14-366b&#8221;][vc_custom_heading text=&#8221;Grenzen aan de groei &amp; Right to Say No&#8221; font_container=&#8221;tag:h2|font_size:20|text_align:center&#8221; google_fonts=&#8221;font_family:Quicksand%3A300%2Cregular%2C700|font_style:700%20bold%20regular%3A700%3Anormal&#8221;][vc_cta h2=&#8221;&#8221; shape=&#8221;square&#8221; add_icon=&#8221;left&#8221; i_icon_fontawesome=&#8221;fa fa-info&#8221; i_color=&#8221;custom&#8221; i_size=&#8221;lg&#8221;Read More\" \/>\n<meta property=\"og:url\" content=\"https:\/\/catapa.be\/nl\/doe-mee\/lessen-en-workshops\/\" \/>\n<meta property=\"og:site_name\" content=\"CATAPA vzw\" \/>\n<meta property=\"article:publisher\" content=\"https:\/\/www.facebook.com\/catapa.belgium\/\" \/>\n<meta property=\"article:modified_time\" content=\"2024-01-24T15:53:31+00:00\" \/>\n<meta property=\"og:image\" content=\"https:\/\/catapa.be\/wp-content\/uploads\/2021\/06\/unnamed-1-300x107.png\" \/>\n<meta name=\"twitter:card\" content=\"summary_large_image\" \/>\n<meta name=\"twitter:site\" content=\"@CATAPA_Belgica\" \/>\n<meta name=\"twitter:label1\" content=\"Geschatte leestijd\" \/>\n\t<meta name=\"twitter:data1\" content=\"3 minuten\" \/>\n<script type=\"application\/ld+json\" class=\"yoast-schema-graph\">{\"@context\":\"https:\/\/schema.org\",\"@graph\":[{\"@type\":\"WebPage\",\"@id\":\"https:\/\/catapa.be\/nl\/doe-mee\/lessen-en-workshops\/\",\"url\":\"https:\/\/catapa.be\/nl\/doe-mee\/lessen-en-workshops\/\",\"name\":\"Workshops - CATAPA vzw\",\"isPartOf\":{\"@id\":\"https:\/\/catapa.be\/nl\/#website\"},\"primaryImageOfPage\":{\"@id\":\"https:\/\/catapa.be\/nl\/doe-mee\/lessen-en-workshops\/#primaryimage\"},\"image\":{\"@id\":\"https:\/\/catapa.be\/nl\/doe-mee\/lessen-en-workshops\/#primaryimage\"},\"thumbnailUrl\":\"https:\/\/catapa.be\/wp-content\/uploads\/2021\/06\/unnamed-1-300x107.png\",\"datePublished\":\"2018-05-23T10:32:22+00:00\",\"dateModified\":\"2024-01-24T15:53:31+00:00\",\"breadcrumb\":{\"@id\":\"https:\/\/catapa.be\/nl\/doe-mee\/lessen-en-workshops\/#breadcrumb\"},\"inLanguage\":\"nl-NL\",\"potentialAction\":[{\"@type\":\"ReadAction\",\"target\":[\"https:\/\/catapa.be\/nl\/doe-mee\/lessen-en-workshops\/\"]}]},{\"@type\":\"ImageObject\",\"inLanguage\":\"nl-NL\",\"@id\":\"https:\/\/catapa.be\/nl\/doe-mee\/lessen-en-workshops\/#primaryimage\",\"url\":\"https:\/\/catapa.be\/wp-content\/uploads\/2021\/06\/unnamed-1-300x107.png\",\"contentUrl\":\"https:\/\/catapa.be\/wp-content\/uploads\/2021\/06\/unnamed-1-300x107.png\"},{\"@type\":\"BreadcrumbList\",\"@id\":\"https:\/\/catapa.be\/nl\/doe-mee\/lessen-en-workshops\/#breadcrumb\",\"itemListElement\":[{\"@type\":\"ListItem\",\"position\":1,\"name\":\"Home\",\"item\":\"https:\/\/catapa.be\/nl\/\"},{\"@type\":\"ListItem\",\"position\":2,\"name\":\"Doe mee\",\"item\":\"https:\/\/catapa.be\/nl\/doe-mee\/\"},{\"@type\":\"ListItem\",\"position\":3,\"name\":\"Workshops\"}]},{\"@type\":\"WebSite\",\"@id\":\"https:\/\/catapa.be\/nl\/#website\",\"url\":\"https:\/\/catapa.be\/nl\/\",\"name\":\"CATAPA vzw\",\"description\":\"Comit\u00e9 Acad\u00e9mico T\u00e9cnico de Asesoramiento a Problemas Ambientales\",\"publisher\":{\"@id\":\"https:\/\/catapa.be\/nl\/#organization\"},\"potentialAction\":[{\"@type\":\"SearchAction\",\"target\":{\"@type\":\"EntryPoint\",\"urlTemplate\":\"https:\/\/catapa.be\/nl\/?s={search_term_string}\"},\"query-input\":{\"@type\":\"PropertyValueSpecification\",\"valueRequired\":true,\"valueName\":\"search_term_string\"}}],\"inLanguage\":\"nl-NL\"},{\"@type\":\"Organization\",\"@id\":\"https:\/\/catapa.be\/nl\/#organization\",\"name\":\"CATAPA vzw\",\"url\":\"https:\/\/catapa.be\/nl\/\",\"logo\":{\"@type\":\"ImageObject\",\"inLanguage\":\"nl-NL\",\"@id\":\"https:\/\/catapa.be\/nl\/#\/schema\/logo\/image\/\",\"url\":\"https:\/\/i0.wp.com\/catapa.be\/wp-content\/uploads\/2019\/02\/NEW20LOGO20SHORT20PNG1.png?fit=1259%2C1321&ssl=1\",\"contentUrl\":\"https:\/\/i0.wp.com\/catapa.be\/wp-content\/uploads\/2019\/02\/NEW20LOGO20SHORT20PNG1.png?fit=1259%2C1321&ssl=1\",\"width\":1259,\"height\":1321,\"caption\":\"CATAPA vzw\"},\"image\":{\"@id\":\"https:\/\/catapa.be\/nl\/#\/schema\/logo\/image\/\"},\"sameAs\":[\"https:\/\/www.facebook.com\/catapa.belgium\/\",\"https:\/\/x.com\/CATAPA_Belgica\",\"https:\/\/www.instagram.com\/catapa_vzw\/\",\"https:\/\/be.linkedin.com\/company\/catapavzw\",\"https:\/\/www.youtube.com\/channel\/UCE52-Fiyv-Fpqf2gi1qhf1g\"]}]}<\/script>\n<!-- \/ Yoast SEO plugin. -->","yoast_head_json":{"title":"Workshops - CATAPA vzw","robots":{"index":"index","follow":"follow","max-snippet":"max-snippet:-1","max-image-preview":"max-image-preview:large","max-video-preview":"max-video-preview:-1"},"canonical":"https:\/\/catapa.be\/nl\/doe-mee\/lessen-en-workshops\/","og_locale":"nl_NL","og_type":"article","og_title":"Workshops - CATAPA vzw","og_description":"[vc_row][vc_column][vc_cta h2=&#8221;Overzicht workshops CATAPA&#8221; style=&#8221;custom&#8221; custom_background=&#8221;#009c55&#8243; custom_text=&#8221;#ffffff&#8221;][\/vc_cta][vc_tta_tour][vc_tta_section title=&#8221;Grenzen aan de groei &amp; Right to Say No&#8221; tab_id=&#8221;1622664127802-61e53e14-366b&#8221;][vc_custom_heading text=&#8221;Grenzen aan de groei &amp; Right to Say No&#8221; font_container=&#8221;tag:h2|font_size:20|text_align:center&#8221; google_fonts=&#8221;font_family:Quicksand%3A300%2Cregular%2C700|font_style:700%20bold%20regular%3A700%3Anormal&#8221;][vc_cta h2=&#8221;&#8221; shape=&#8221;square&#8221; add_icon=&#8221;left&#8221; i_icon_fontawesome=&#8221;fa fa-info&#8221; i_color=&#8221;custom&#8221; i_size=&#8221;lg&#8221;Read More","og_url":"https:\/\/catapa.be\/nl\/doe-mee\/lessen-en-workshops\/","og_site_name":"CATAPA vzw","article_publisher":"https:\/\/www.facebook.com\/catapa.belgium\/","article_modified_time":"2024-01-24T15:53:31+00:00","og_image":[{"url":"https:\/\/catapa.be\/wp-content\/uploads\/2021\/06\/unnamed-1-300x107.png","type":"","width":"","height":""}],"twitter_card":"summary_large_image","twitter_site":"@CATAPA_Belgica","twitter_misc":{"Geschatte leestijd":"3 minuten"},"schema":{"@context":"https:\/\/schema.org","@graph":[{"@type":"WebPage","@id":"https:\/\/catapa.be\/nl\/doe-mee\/lessen-en-workshops\/","url":"https:\/\/catapa.be\/nl\/doe-mee\/lessen-en-workshops\/","name":"Workshops - CATAPA vzw","isPartOf":{"@id":"https:\/\/catapa.be\/nl\/#website"},"primaryImageOfPage":{"@id":"https:\/\/catapa.be\/nl\/doe-mee\/lessen-en-workshops\/#primaryimage"},"image":{"@id":"https:\/\/catapa.be\/nl\/doe-mee\/lessen-en-workshops\/#primaryimage"},"thumbnailUrl":"https:\/\/catapa.be\/wp-content\/uploads\/2021\/06\/unnamed-1-300x107.png","datePublished":"2018-05-23T10:32:22+00:00","dateModified":"2024-01-24T15:53:31+00:00","breadcrumb":{"@id":"https:\/\/catapa.be\/nl\/doe-mee\/lessen-en-workshops\/#breadcrumb"},"inLanguage":"nl-NL","potentialAction":[{"@type":"ReadAction","target":["https:\/\/catapa.be\/nl\/doe-mee\/lessen-en-workshops\/"]}]},{"@type":"ImageObject","inLanguage":"nl-NL","@id":"https:\/\/catapa.be\/nl\/doe-mee\/lessen-en-workshops\/#primaryimage","url":"https:\/\/catapa.be\/wp-content\/uploads\/2021\/06\/unnamed-1-300x107.png","contentUrl":"https:\/\/catapa.be\/wp-content\/uploads\/2021\/06\/unnamed-1-300x107.png"},{"@type":"BreadcrumbList","@id":"https:\/\/catapa.be\/nl\/doe-mee\/lessen-en-workshops\/#breadcrumb","itemListElement":[{"@type":"ListItem","position":1,"name":"Home","item":"https:\/\/catapa.be\/nl\/"},{"@type":"ListItem","position":2,"name":"Doe mee","item":"https:\/\/catapa.be\/nl\/doe-mee\/"},{"@type":"ListItem","position":3,"name":"Workshops"}]},{"@type":"WebSite","@id":"https:\/\/catapa.be\/nl\/#website","url":"https:\/\/catapa.be\/nl\/","name":"CATAPA vzw","description":"Comit\u00e9 Acad\u00e9mico T\u00e9cnico de Asesoramiento a Problemas Ambientales","publisher":{"@id":"https:\/\/catapa.be\/nl\/#organization"},"potentialAction":[{"@type":"SearchAction","target":{"@type":"EntryPoint","urlTemplate":"https:\/\/catapa.be\/nl\/?s={search_term_string}"},"query-input":{"@type":"PropertyValueSpecification","valueRequired":true,"valueName":"search_term_string"}}],"inLanguage":"nl-NL"},{"@type":"Organization","@id":"https:\/\/catapa.be\/nl\/#organization","name":"CATAPA vzw","url":"https:\/\/catapa.be\/nl\/","logo":{"@type":"ImageObject","inLanguage":"nl-NL","@id":"https:\/\/catapa.be\/nl\/#\/schema\/logo\/image\/","url":"https:\/\/i0.wp.com\/catapa.be\/wp-content\/uploads\/2019\/02\/NEW20LOGO20SHORT20PNG1.png?fit=1259%2C1321&ssl=1","contentUrl":"https:\/\/i0.wp.com\/catapa.be\/wp-content\/uploads\/2019\/02\/NEW20LOGO20SHORT20PNG1.png?fit=1259%2C1321&ssl=1","width":1259,"height":1321,"caption":"CATAPA vzw"},"image":{"@id":"https:\/\/catapa.be\/nl\/#\/schema\/logo\/image\/"},"sameAs":["https:\/\/www.facebook.com\/catapa.belgium\/","https:\/\/x.com\/CATAPA_Belgica","https:\/\/www.instagram.com\/catapa_vzw\/","https:\/\/be.linkedin.com\/company\/catapavzw","https:\/\/www.youtube.com\/channel\/UCE52-Fiyv-Fpqf2gi1qhf1g"]}]}},"jetpack_sharing_enabled":true,"jetpack_likes_enabled":true,"jetpack-related-posts":[{"id":2880,"url":"https:\/\/catapa.be\/en\/act-now\/lectures-and-workshops\/","url_meta":{"origin":3050,"position":0},"title":"Workshops","author":"Alienor de Sas","date":"23 mei 2018","format":false,"excerpt":"[vc_row][vc_column][vc_cta h2=\"Overview workshops CATAPA\" style=\"custom\" custom_background=\"#009c55\" custom_text=\"#ffffff\"][\/vc_cta][vc_tta_tour][vc_tta_section title=\"Limits to Growth & Right To Say No\" tab_id=\"1622664127802-61e53e14-366b\"][vc_custom_heading text=\"Limits to Growth\" font_container=\"tag:h2|font_size:20|text_align:center\" google_fonts=\"font_family:Quicksand%3A300%2Cregular%2C700|font_style:700%20bold%20regular%3A700%3Anormal\"][vc_cta h2=\"\" shape=\"square\" add_icon=\"left\" i_icon_fontawesome=\"fa fa-info\" i_color=\"custom\" i_size=\"lg\" i_custom_color=\"#009c55\"]Target group: 18+ Duration: 1,5 - 2 hours Group size: 15-25 people Language: Dutch or English Price: \u20ac 250 (or according to\u2026","rel":"","context":"Soortgelijk bericht","block_context":{"text":"Soortgelijk bericht","link":""},"img":{"alt_text":"","src":"https:\/\/i0.wp.com\/catapa.be\/wp-content\/uploads\/2021\/06\/unnamed-1-300x107.png?resize=350%2C200&ssl=1","width":350,"height":200},"classes":[]},{"id":2957,"url":"https:\/\/catapa.be\/nl\/over-ons\/visie-en-missie\/","url_meta":{"origin":3050,"position":1},"title":"Visie en Missie","author":"Alienor de Sas","date":"20 mei 2018","format":false,"excerpt":"[vc_row css=\".vc_custom_1533807373745{margin-top: -50px !important;margin-bottom: 50px !important;}\"][vc_column][vc_cta h2=\"CATAPA streeft...\" h4=\"...naar een wereld waarin de ontginning van niet-hernieuwbare grondstoffen niet langer nodig is door zich volop te richten op de overgang naar een model dat ontmijnt, ontgroeit en beweegt.\" style=\"custom\" css_animation=\"none\" custom_background=\"#01a053\" custom_text=\"#ffffff\"][\/vc_cta][\/vc_column][\/vc_row][vc_row full_width=\"stretch_row\" content_placement=\"middle\" css=\".vc_custom_1533808586582{margin-top: -100px !important;background-color: #f7f7f7 !important;}\"][vc_column][vc_custom_heading text=\"CATAPA ONTMIJNT\"\u2026","rel":"","context":"Soortgelijk bericht","block_context":{"text":"Soortgelijk bericht","link":""},"img":{"alt_text":"","src":"","width":0,"height":0},"classes":[]},{"id":3052,"url":"https:\/\/catapa.be\/es\/actua-ahora\/ponencias-y-talleres\/","url_meta":{"origin":3050,"position":2},"title":"Talleres","author":"Alienor de Sas","date":"23 mei 2018","format":false,"excerpt":"[vc_row][vc_column][vc_cta h2=\"Resumen de talleres CATAPA\" style=\"custom\" custom_background=\"#009c55\" custom_text=\"#ffffff\"][\/vc_cta][vc_tta_tour][vc_tta_section title=\"Los l\u00edmites del crecimiento\" tab_id=\"1622664968691-cabd0016-57d7\"][vc_custom_heading text=\"Los l\u00edmites del crecimiento\" font_container=\"tag:h2|font_size:20|text_align:center\" google_fonts=\"font_family:Quicksand%3A300%2Cregular%2C700|font_style:700%20bold%20regular%3A700%3Anormal\"][vc_cta h2=\"\" shape=\"square\" add_icon=\"left\" i_icon_fontawesome=\"fa fa-info\" i_color=\"custom\" i_size=\"lg\" i_custom_color=\"#009c55\"]Orientado a mayores de 18 a\u00f1os Duraci\u00f3n: 2-3 horas (se puede adaptar seg\u00fan las necesidades) Tama\u00f1o del grupo: 15-25 personas Idioma: Neerland\u00e9s o ingl\u00e9s\u2026","rel":"","context":"Soortgelijk bericht","block_context":{"text":"Soortgelijk bericht","link":""},"img":{"alt_text":"","src":"https:\/\/i2.wp.com\/catapa.be\/wp-content\/uploads\/2021\/06\/unnamed-1.png?resize=350%2C200&ssl=1","width":350,"height":200},"classes":[]},{"id":3005,"url":"https:\/\/catapa.be\/nl\/","url_meta":{"origin":3050,"position":3},"title":"Home","author":"Alienor de Sas","date":"20 mei 2011","format":false,"excerpt":"[vc_row css=\".vc_custom_1698400141878{margin-top: 1px !important;margin-bottom: 1px !important;border-top-width: 0px !important;border-bottom-width: 0px !important;padding-top: 0px !important;padding-bottom: 0px !important;}\"][vc_column width=\"1\/4\"][vc_cta h2=\"Het recht om 'nee' te zeggen\" txt_align=\"center\" shape=\"square\" add_button=\"bottom\" btn_title=\"De campagne\" btn_color=\"orange\" btn_align=\"center\" btn_link=\"url:https%3A%2F%2Fcatapa.be%2Fnl%2Fons-werk%2Fcampagnes%2Fhet-recht-om-nee-te-zeggen%2F|title:Het%20recht%20om%20'nee'%20te%20zeggen\"]We steunen gemeenschappen hun recht om 'nee' te zeggen tegen mijnbouw en het maatschappelijke systeem dat mijnbouw noodzakelijk maakt. In de Andesregio\u2026","rel":"","context":"Soortgelijk bericht","block_context":{"text":"Soortgelijk bericht","link":""},"img":{"alt_text":"","src":"https:\/\/i0.wp.com\/catapa.be\/wp-content\/uploads\/2023\/10\/Right-to-say-no-250.png?resize=350%2C200&ssl=1","width":350,"height":200},"classes":[]},{"id":2659,"url":"https:\/\/catapa.be\/en\/about-us\/catapistas\/","url_meta":{"origin":3050,"position":4},"title":"Catapistas","author":"Alienor de Sas","date":"20 mei 2018","format":false,"excerpt":"[vc_row equal_height=\"yes\" css=\".vc_custom_1535398842996{margin-top: 0px !important;margin-bottom: 0px !important;}\"][vc_column css_animation=\"none\" css=\".vc_custom_1535398905449{margin-top: 0px !important;margin-bottom: 0px !important;}\"][vc_cta h2=\"The Catapistas\" h4=\"We are a group of around 100 volunteers and more than 1000 subscribers. We offer a specific and action-oriented involvement for anyone who is committed to a more sustainable society.\" style=\"custom\" custom_background=\"#009c55\" custom_text=\"#ffffff\"][\/vc_cta][\/vc_column][\/vc_row][vc_row full_width=\"stretch_row\" content_placement=\"middle\"\u2026","rel":"","context":"Soortgelijk bericht","block_context":{"text":"Soortgelijk bericht","link":""},"img":{"alt_text":"","src":"","width":0,"height":0},"classes":[]},{"id":701,"url":"https:\/\/catapa.be\/en\/catapa-vzw-homepage\/","url_meta":{"origin":3050,"position":5},"title":"Home","author":"Alienor de Sas","date":"20 mei 2011","format":false,"excerpt":"[vc_row full_width=\"stretch_row\"][vc_column][vc_cta h2=\"The right to say 'no'\" txt_align=\"center\" shape=\"square\" add_button=\"bottom\" btn_title=\"Support the campaign\" btn_color=\"orange\" btn_align=\"center\" btn_link=\"url:https%3A%2F%2Fcatapa.be%2Fen%2Fhow-we-work%2Fcatapa-campaigns-and-projects%2Fright-to-say-no|title:The%20right%20to%20say%20'no'\"]We support communities' right to say 'no' to mining and the system that makes mining necessary. In the Andes region and here![\/vc_cta][\/vc_column][vc_column css=\".vc_custom_1535376096604{margin-top: 0px !important;margin-bottom: 0px !important;border-top-width: 0px !important;border-bottom-width: 0px !important;padding-top: 0px !important;padding-bottom: 0px !important;}\"][vc_column_text\u2026","rel":"","context":"Soortgelijk bericht","block_context":{"text":"Soortgelijk bericht","link":""},"img":{"alt_text":"","src":"","width":0,"height":0},"classes":[]}],"_links":{"self":[{"href":"https:\/\/catapa.be\/nl\/wp-json\/wp\/v2\/pages\/3050","targetHints":{"allow":["GET"]}}],"collection":[{"href":"https:\/\/catapa.be\/nl\/wp-json\/wp\/v2\/pages"}],"about":[{"href":"https:\/\/catapa.be\/nl\/wp-json\/wp\/v2\/types\/page"}],"author":[{"embeddable":true,"href":"https:\/\/catapa.be\/nl\/wp-json\/wp\/v2\/users\/2"}],"replies":[{"embeddable":true,"href":"https:\/\/catapa.be\/nl\/wp-json\/wp\/v2\/comments?post=3050"}],"version-history":[{"count":75,"href":"https:\/\/catapa.be\/nl\/wp-json\/wp\/v2\/pages\/3050\/revisions"}],"predecessor-version":[{"id":34771,"href":"https:\/\/catapa.be\/nl\/wp-json\/wp\/v2\/pages\/3050\/revisions\/34771"}],"up":[{"embeddable":true,"href":"https:\/\/catapa.be\/nl\/wp-json\/wp\/v2\/pages\/2964"}],"wp:attachment":[{"href":"https:\/\/catapa.be\/nl\/wp-json\/wp\/v2\/media?parent=3050"}],"curies":[{"name":"wp","href":"https:\/\/api.w.org\/{rel}","templated":true}]}}