{"id":3054,"date":"2017-08-14T17:40:00","date_gmt":"2017-08-14T15:40:00","guid":{"rendered":"http:\/\/catapa.be\/?page_id=3054"},"modified":"2018-06-25T14:09:07","modified_gmt":"2018-06-25T14:09:07","slug":"onderzoek-en-mijnbouw","status":"publish","type":"page","link":"https:\/\/catapa.be\/nl\/onderzoek-en-mijnbouw\/","title":{"rendered":"Onderzoek en Mijnbouw"},"content":{"rendered":"","protected":false},"excerpt":{"rendered":"","protected":false},"author":2,"featured_media":0,"parent":0,"menu_order":0,"comment_status":"closed","ping_status":"closed","template":"","meta":{"_exactmetrics_skip_tracking":false,"_exactmetrics_sitenote_active":false,"_exactmetrics_sitenote_note":"","_exactmetrics_sitenote_category":0,"jetpack_post_was_ever_published":false,"footnotes":""},"class_list":["post-3054","page","type-page","status-publish","hentry"],"yoast_head":"<!-- This site is optimized with the Yoast SEO plugin v26.8 - https:\/\/yoast.com\/product\/yoast-seo-wordpress\/ -->\n<title>Onderzoek en Mijnbouw - CATAPA vzw<\/title>\n<meta name=\"robots\" content=\"index, follow, max-snippet:-1, max-image-preview:large, max-video-preview:-1\" \/>\n<link rel=\"canonical\" href=\"https:\/\/catapa.be\/nl\/onderzoek-en-mijnbouw\/\" \/>\n<meta property=\"og:locale\" content=\"nl_NL\" \/>\n<meta property=\"og:type\" content=\"article\" \/>\n<meta property=\"og:title\" content=\"Onderzoek en Mijnbouw - CATAPA vzw\" \/>\n<meta property=\"og:url\" content=\"https:\/\/catapa.be\/nl\/onderzoek-en-mijnbouw\/\" \/>\n<meta property=\"og:site_name\" content=\"CATAPA vzw\" \/>\n<meta property=\"article:publisher\" content=\"https:\/\/www.facebook.com\/catapa.belgium\/\" \/>\n<meta property=\"article:modified_time\" content=\"2018-06-25T14:09:07+00:00\" \/>\n<meta name=\"twitter:card\" content=\"summary_large_image\" \/>\n<meta name=\"twitter:site\" content=\"@CATAPA_Belgica\" \/>\n<script type=\"application\/ld+json\" class=\"yoast-schema-graph\">{\"@context\":\"https:\/\/schema.org\",\"@graph\":[{\"@type\":\"WebPage\",\"@id\":\"https:\/\/catapa.be\/nl\/onderzoek-en-mijnbouw\/\",\"url\":\"https:\/\/catapa.be\/nl\/onderzoek-en-mijnbouw\/\",\"name\":\"Onderzoek en Mijnbouw - CATAPA vzw\",\"isPartOf\":{\"@id\":\"https:\/\/catapa.be\/nl\/#website\"},\"datePublished\":\"2017-08-14T15:40:00+00:00\",\"dateModified\":\"2018-06-25T14:09:07+00:00\",\"breadcrumb\":{\"@id\":\"https:\/\/catapa.be\/nl\/onderzoek-en-mijnbouw\/#breadcrumb\"},\"inLanguage\":\"nl-NL\",\"potentialAction\":[{\"@type\":\"ReadAction\",\"target\":[\"https:\/\/catapa.be\/nl\/onderzoek-en-mijnbouw\/\"]}]},{\"@type\":\"BreadcrumbList\",\"@id\":\"https:\/\/catapa.be\/nl\/onderzoek-en-mijnbouw\/#breadcrumb\",\"itemListElement\":[{\"@type\":\"ListItem\",\"position\":1,\"name\":\"Home\",\"item\":\"https:\/\/catapa.be\/nl\/\"},{\"@type\":\"ListItem\",\"position\":2,\"name\":\"Onderzoek en Mijnbouw\"}]},{\"@type\":\"WebSite\",\"@id\":\"https:\/\/catapa.be\/nl\/#website\",\"url\":\"https:\/\/catapa.be\/nl\/\",\"name\":\"CATAPA vzw\",\"description\":\"Comit\u00e9 Acad\u00e9mico T\u00e9cnico de Asesoramiento a Problemas Ambientales\",\"publisher\":{\"@id\":\"https:\/\/catapa.be\/nl\/#organization\"},\"potentialAction\":[{\"@type\":\"SearchAction\",\"target\":{\"@type\":\"EntryPoint\",\"urlTemplate\":\"https:\/\/catapa.be\/nl\/?s={search_term_string}\"},\"query-input\":{\"@type\":\"PropertyValueSpecification\",\"valueRequired\":true,\"valueName\":\"search_term_string\"}}],\"inLanguage\":\"nl-NL\"},{\"@type\":\"Organization\",\"@id\":\"https:\/\/catapa.be\/nl\/#organization\",\"name\":\"CATAPA vzw\",\"url\":\"https:\/\/catapa.be\/nl\/\",\"logo\":{\"@type\":\"ImageObject\",\"inLanguage\":\"nl-NL\",\"@id\":\"https:\/\/catapa.be\/nl\/#\/schema\/logo\/image\/\",\"url\":\"https:\/\/i0.wp.com\/catapa.be\/wp-content\/uploads\/2019\/02\/NEW20LOGO20SHORT20PNG1.png?fit=1259%2C1321&ssl=1\",\"contentUrl\":\"https:\/\/i0.wp.com\/catapa.be\/wp-content\/uploads\/2019\/02\/NEW20LOGO20SHORT20PNG1.png?fit=1259%2C1321&ssl=1\",\"width\":1259,\"height\":1321,\"caption\":\"CATAPA vzw\"},\"image\":{\"@id\":\"https:\/\/catapa.be\/nl\/#\/schema\/logo\/image\/\"},\"sameAs\":[\"https:\/\/www.facebook.com\/catapa.belgium\/\",\"https:\/\/x.com\/CATAPA_Belgica\",\"https:\/\/www.instagram.com\/catapa_vzw\/\",\"https:\/\/be.linkedin.com\/company\/catapavzw\",\"https:\/\/www.youtube.com\/channel\/UCE52-Fiyv-Fpqf2gi1qhf1g\"]}]}<\/script>\n<!-- \/ Yoast SEO plugin. -->","yoast_head_json":{"title":"Onderzoek en Mijnbouw - CATAPA vzw","robots":{"index":"index","follow":"follow","max-snippet":"max-snippet:-1","max-image-preview":"max-image-preview:large","max-video-preview":"max-video-preview:-1"},"canonical":"https:\/\/catapa.be\/nl\/onderzoek-en-mijnbouw\/","og_locale":"nl_NL","og_type":"article","og_title":"Onderzoek en Mijnbouw - CATAPA vzw","og_url":"https:\/\/catapa.be\/nl\/onderzoek-en-mijnbouw\/","og_site_name":"CATAPA vzw","article_publisher":"https:\/\/www.facebook.com\/catapa.belgium\/","article_modified_time":"2018-06-25T14:09:07+00:00","twitter_card":"summary_large_image","twitter_site":"@CATAPA_Belgica","schema":{"@context":"https:\/\/schema.org","@graph":[{"@type":"WebPage","@id":"https:\/\/catapa.be\/nl\/onderzoek-en-mijnbouw\/","url":"https:\/\/catapa.be\/nl\/onderzoek-en-mijnbouw\/","name":"Onderzoek en Mijnbouw - CATAPA vzw","isPartOf":{"@id":"https:\/\/catapa.be\/nl\/#website"},"datePublished":"2017-08-14T15:40:00+00:00","dateModified":"2018-06-25T14:09:07+00:00","breadcrumb":{"@id":"https:\/\/catapa.be\/nl\/onderzoek-en-mijnbouw\/#breadcrumb"},"inLanguage":"nl-NL","potentialAction":[{"@type":"ReadAction","target":["https:\/\/catapa.be\/nl\/onderzoek-en-mijnbouw\/"]}]},{"@type":"BreadcrumbList","@id":"https:\/\/catapa.be\/nl\/onderzoek-en-mijnbouw\/#breadcrumb","itemListElement":[{"@type":"ListItem","position":1,"name":"Home","item":"https:\/\/catapa.be\/nl\/"},{"@type":"ListItem","position":2,"name":"Onderzoek en Mijnbouw"}]},{"@type":"WebSite","@id":"https:\/\/catapa.be\/nl\/#website","url":"https:\/\/catapa.be\/nl\/","name":"CATAPA vzw","description":"Comit\u00e9 Acad\u00e9mico T\u00e9cnico de Asesoramiento a Problemas Ambientales","publisher":{"@id":"https:\/\/catapa.be\/nl\/#organization"},"potentialAction":[{"@type":"SearchAction","target":{"@type":"EntryPoint","urlTemplate":"https:\/\/catapa.be\/nl\/?s={search_term_string}"},"query-input":{"@type":"PropertyValueSpecification","valueRequired":true,"valueName":"search_term_string"}}],"inLanguage":"nl-NL"},{"@type":"Organization","@id":"https:\/\/catapa.be\/nl\/#organization","name":"CATAPA vzw","url":"https:\/\/catapa.be\/nl\/","logo":{"@type":"ImageObject","inLanguage":"nl-NL","@id":"https:\/\/catapa.be\/nl\/#\/schema\/logo\/image\/","url":"https:\/\/i0.wp.com\/catapa.be\/wp-content\/uploads\/2019\/02\/NEW20LOGO20SHORT20PNG1.png?fit=1259%2C1321&ssl=1","contentUrl":"https:\/\/i0.wp.com\/catapa.be\/wp-content\/uploads\/2019\/02\/NEW20LOGO20SHORT20PNG1.png?fit=1259%2C1321&ssl=1","width":1259,"height":1321,"caption":"CATAPA vzw"},"image":{"@id":"https:\/\/catapa.be\/nl\/#\/schema\/logo\/image\/"},"sameAs":["https:\/\/www.facebook.com\/catapa.belgium\/","https:\/\/x.com\/CATAPA_Belgica","https:\/\/www.instagram.com\/catapa_vzw\/","https:\/\/be.linkedin.com\/company\/catapavzw","https:\/\/www.youtube.com\/channel\/UCE52-Fiyv-Fpqf2gi1qhf1g"]}]}},"jetpack_sharing_enabled":true,"jetpack_likes_enabled":true,"jetpack-related-posts":[{"id":3071,"url":"https:\/\/catapa.be\/nl\/onderzoek-en-mijnbouw\/experten\/","url_meta":{"origin":3054,"position":0},"title":"Experten","author":"Alienor de Sas","date":"25 juni 2018","format":false,"excerpt":"","rel":"","context":"Soortgelijk bericht","block_context":{"text":"Soortgelijk bericht","link":""},"img":{"alt_text":"","src":"","width":0,"height":0},"classes":[]},{"id":3067,"url":"https:\/\/catapa.be\/nl\/onderzoek-en-mijnbouw\/e-library\/","url_meta":{"origin":3054,"position":1},"title":"e-Library","author":"Alienor de Sas","date":"25 juni 2018","format":false,"excerpt":"","rel":"","context":"Soortgelijk bericht","block_context":{"text":"Soortgelijk bericht","link":""},"img":{"alt_text":"","src":"","width":0,"height":0},"classes":[]},{"id":3046,"url":"https:\/\/catapa.be\/nl\/ons-werk\/werkgroepen\/","url_meta":{"origin":3054,"position":2},"title":"Werkgroepen","author":"Alienor de Sas","date":"20 mei 2018","format":false,"excerpt":"[vc_row css=\".vc_custom_1533807373745{margin-top: -50px !important;margin-bottom: 50px !important;}\"][vc_column][vc_cta 0=\"h4=``...is\" 1=\"opgedeeld\" 2=\"in\" 3=\"werkgroepen uit het Zuiden\" 4=\"die\" 5=\"samenwerken\" 6=\"met\" 7=\"onze\" 8=\"partner\" 9=\"organisaties\" 10=\"in\" 11=\"Latijns\" 12=\"Amerika;\" 13=\"en\" 14=\"``werkgroepen\" 15=\"in\" 16=\"het\" 17=\"Noorden``,\" 18=\"wat\" 19=\"alles\" 20=\"dat\" 21=\"we\" 22=\"vanuit\" 23=\"Belgi\u00eb\" 24=\"uitvoeren\" 25=\"bevat,\" 26=\"waar\" 27=\"onze\" 28=\"organisatie\" 29=\"is\" 30=\"gelocaliseerd.``\" h2=\"Catapa's werk...\" h4=\"...is opgedeeld in ``werkgroepen uit het globale Zuiden``\u2026","rel":"","context":"Soortgelijk bericht","block_context":{"text":"Soortgelijk bericht","link":""},"img":{"alt_text":"","src":"","width":0,"height":0},"classes":[]},{"id":2944,"url":"https:\/\/catapa.be\/nl\/over-ons\/catapistas\/","url_meta":{"origin":3054,"position":3},"title":"Catapistas","author":"Alienor de Sas","date":"20 mei 2018","format":false,"excerpt":"[vc_row equal_height=\"yes\" css=\".vc_custom_1535399082269{margin-top: 0px !important;margin-bottom: 0px !important;}\"][vc_column css_animation=\"none\" css=\".vc_custom_1535399089494{margin-top: 0px !important;margin-bottom: 0px !important;}\"][vc_cta h2=\"De Catapistas\" h4=\"We zijn met een 100-tal jonge vrijwilligers en meer dan 1000 ge\u00efnteresseerden. We bieden een concreet en actiegericht engagement aan iedereen die zich wil inzetten voor een duurzame samenleving.\" style=\"custom\" custom_background=\"#01a053\" custom_text=\"#ffffff\"][\/vc_cta][\/vc_column][\/vc_row][vc_row full_width=\"stretch_row\" content_placement=\"middle\" css=\".vc_custom_1535399100609{margin-top:\u2026","rel":"","context":"Soortgelijk bericht","block_context":{"text":"Soortgelijk bericht","link":""},"img":{"alt_text":"","src":"","width":0,"height":0},"classes":[]},{"id":3041,"url":"https:\/\/catapa.be\/nl\/ons-werk\/strategie\/","url_meta":{"origin":3054,"position":4},"title":"Strategie","author":"Alienor de Sas","date":"20 mei 2018","format":false,"excerpt":"[vc_row css=\".vc_custom_1533807373745{margin-top: -50px !important;margin-bottom: 50px !important;}\"][vc_column][vc_cta h2=\"CATAPA bestaat uit een kritische beweging van actieve burgers.\" h4=\"Over de landsgrenzen heen streven we op een horizontale wijze naar een wereld waarin de ontginning van niet-hernieuwbare grondstoffen niet langer nodig is.\" style=\"custom\" css_animation=\"none\" custom_background=\"#01a053\" custom_text=\"#ffffff\"][\/vc_cta][\/vc_column][\/vc_row][vc_row full_width=\"stretch_row\" content_placement=\"middle\" css=\".vc_custom_1533808586582{margin-top: -100px !important;background-color: #f7f7f7 !important;}\"][vc_column][vc_column_text]CATAPA bestaat\u2026","rel":"","context":"Soortgelijk bericht","block_context":{"text":"Soortgelijk bericht","link":""},"img":{"alt_text":"","src":"","width":0,"height":0},"classes":[]},{"id":3063,"url":"https:\/\/catapa.be\/nl\/onderzoek-en-mijnbouw\/alles-over-mijnbouw\/","url_meta":{"origin":3054,"position":5},"title":"Alles over mijnbouw","author":"Alienor de Sas","date":"20 mei 2018","format":false,"excerpt":"[vc_row full_width=\"stretch_row\" content_placement=\"middle\"][vc_column][vc_cta h2=\"Er is een ongelimiteerde honger naar grondstoffen op een biofysisch beperkte aarde.\" h4=\"De grondstoffenproblematiek zal de volgende decennia hoog op de internationale agenda staan en speelt net als de energieschaarste een sleutelrol in het klimaatverhaal. Goud, zilver, coltan, koper,.. : metalen en mineralen worden op allerlei manieren\u2026","rel":"","context":"Soortgelijk bericht","block_context":{"text":"Soortgelijk bericht","link":""},"img":{"alt_text":"","src":"","width":0,"height":0},"classes":[]}],"_links":{"self":[{"href":"https:\/\/catapa.be\/nl\/wp-json\/wp\/v2\/pages\/3054","targetHints":{"allow":["GET"]}}],"collection":[{"href":"https:\/\/catapa.be\/nl\/wp-json\/wp\/v2\/pages"}],"about":[{"href":"https:\/\/catapa.be\/nl\/wp-json\/wp\/v2\/types\/page"}],"author":[{"embeddable":true,"href":"https:\/\/catapa.be\/nl\/wp-json\/wp\/v2\/users\/2"}],"replies":[{"embeddable":true,"href":"https:\/\/catapa.be\/nl\/wp-json\/wp\/v2\/comments?post=3054"}],"version-history":[{"count":1,"href":"https:\/\/catapa.be\/nl\/wp-json\/wp\/v2\/pages\/3054\/revisions"}],"predecessor-version":[{"id":3055,"href":"https:\/\/catapa.be\/nl\/wp-json\/wp\/v2\/pages\/3054\/revisions\/3055"}],"wp:attachment":[{"href":"https:\/\/catapa.be\/nl\/wp-json\/wp\/v2\/media?parent=3054"}],"curies":[{"name":"wp","href":"https:\/\/api.w.org\/{rel}","templated":true}]}}