{"id":3067,"date":"2018-06-25T14:16:20","date_gmt":"2018-06-25T14:16:20","guid":{"rendered":"http:\/\/catapa.be\/?page_id=3067"},"modified":"2018-06-25T14:16:20","modified_gmt":"2018-06-25T14:16:20","slug":"e-library","status":"publish","type":"page","link":"https:\/\/catapa.be\/nl\/onderzoek-en-mijnbouw\/e-library\/","title":{"rendered":"e-Library"},"content":{"rendered":"","protected":false},"excerpt":{"rendered":"","protected":false},"author":2,"featured_media":0,"parent":3054,"menu_order":3,"comment_status":"closed","ping_status":"closed","template":"","meta":{"_exactmetrics_skip_tracking":false,"_exactmetrics_sitenote_active":false,"_exactmetrics_sitenote_note":"","_exactmetrics_sitenote_category":0,"jetpack_post_was_ever_published":false,"footnotes":""},"class_list":["post-3067","page","type-page","status-publish","hentry"],"yoast_head":"<!-- This site is optimized with the Yoast SEO plugin v26.8 - https:\/\/yoast.com\/product\/yoast-seo-wordpress\/ -->\n<title>e-Library - CATAPA vzw<\/title>\n<meta name=\"robots\" content=\"index, follow, max-snippet:-1, max-image-preview:large, max-video-preview:-1\" \/>\n<link rel=\"canonical\" href=\"https:\/\/catapa.be\/nl\/onderzoek-en-mijnbouw\/e-library\/\" \/>\n<meta property=\"og:locale\" content=\"nl_NL\" \/>\n<meta property=\"og:type\" content=\"article\" \/>\n<meta property=\"og:title\" content=\"e-Library - CATAPA vzw\" \/>\n<meta property=\"og:url\" content=\"https:\/\/catapa.be\/nl\/onderzoek-en-mijnbouw\/e-library\/\" \/>\n<meta property=\"og:site_name\" content=\"CATAPA vzw\" \/>\n<meta property=\"article:publisher\" content=\"https:\/\/www.facebook.com\/catapa.belgium\/\" \/>\n<meta name=\"twitter:card\" content=\"summary_large_image\" \/>\n<meta name=\"twitter:site\" content=\"@CATAPA_Belgica\" \/>\n<script type=\"application\/ld+json\" class=\"yoast-schema-graph\">{\"@context\":\"https:\/\/schema.org\",\"@graph\":[{\"@type\":\"WebPage\",\"@id\":\"https:\/\/catapa.be\/nl\/onderzoek-en-mijnbouw\/e-library\/\",\"url\":\"https:\/\/catapa.be\/nl\/onderzoek-en-mijnbouw\/e-library\/\",\"name\":\"e-Library - CATAPA vzw\",\"isPartOf\":{\"@id\":\"https:\/\/catapa.be\/nl\/#website\"},\"datePublished\":\"2018-06-25T14:16:20+00:00\",\"breadcrumb\":{\"@id\":\"https:\/\/catapa.be\/nl\/onderzoek-en-mijnbouw\/e-library\/#breadcrumb\"},\"inLanguage\":\"nl-NL\",\"potentialAction\":[{\"@type\":\"ReadAction\",\"target\":[\"https:\/\/catapa.be\/nl\/onderzoek-en-mijnbouw\/e-library\/\"]}]},{\"@type\":\"BreadcrumbList\",\"@id\":\"https:\/\/catapa.be\/nl\/onderzoek-en-mijnbouw\/e-library\/#breadcrumb\",\"itemListElement\":[{\"@type\":\"ListItem\",\"position\":1,\"name\":\"Home\",\"item\":\"https:\/\/catapa.be\/nl\/\"},{\"@type\":\"ListItem\",\"position\":2,\"name\":\"Onderzoek en Mijnbouw\",\"item\":\"https:\/\/catapa.be\/nl\/onderzoek-en-mijnbouw\/\"},{\"@type\":\"ListItem\",\"position\":3,\"name\":\"e-Library\"}]},{\"@type\":\"WebSite\",\"@id\":\"https:\/\/catapa.be\/nl\/#website\",\"url\":\"https:\/\/catapa.be\/nl\/\",\"name\":\"CATAPA vzw\",\"description\":\"Comit\u00e9 Acad\u00e9mico T\u00e9cnico de Asesoramiento a Problemas Ambientales\",\"publisher\":{\"@id\":\"https:\/\/catapa.be\/nl\/#organization\"},\"potentialAction\":[{\"@type\":\"SearchAction\",\"target\":{\"@type\":\"EntryPoint\",\"urlTemplate\":\"https:\/\/catapa.be\/nl\/?s={search_term_string}\"},\"query-input\":{\"@type\":\"PropertyValueSpecification\",\"valueRequired\":true,\"valueName\":\"search_term_string\"}}],\"inLanguage\":\"nl-NL\"},{\"@type\":\"Organization\",\"@id\":\"https:\/\/catapa.be\/nl\/#organization\",\"name\":\"CATAPA vzw\",\"url\":\"https:\/\/catapa.be\/nl\/\",\"logo\":{\"@type\":\"ImageObject\",\"inLanguage\":\"nl-NL\",\"@id\":\"https:\/\/catapa.be\/nl\/#\/schema\/logo\/image\/\",\"url\":\"https:\/\/i0.wp.com\/catapa.be\/wp-content\/uploads\/2019\/02\/NEW20LOGO20SHORT20PNG1.png?fit=1259%2C1321&ssl=1\",\"contentUrl\":\"https:\/\/i0.wp.com\/catapa.be\/wp-content\/uploads\/2019\/02\/NEW20LOGO20SHORT20PNG1.png?fit=1259%2C1321&ssl=1\",\"width\":1259,\"height\":1321,\"caption\":\"CATAPA vzw\"},\"image\":{\"@id\":\"https:\/\/catapa.be\/nl\/#\/schema\/logo\/image\/\"},\"sameAs\":[\"https:\/\/www.facebook.com\/catapa.belgium\/\",\"https:\/\/x.com\/CATAPA_Belgica\",\"https:\/\/www.instagram.com\/catapa_vzw\/\",\"https:\/\/be.linkedin.com\/company\/catapavzw\",\"https:\/\/www.youtube.com\/channel\/UCE52-Fiyv-Fpqf2gi1qhf1g\"]}]}<\/script>\n<!-- \/ Yoast SEO plugin. -->","yoast_head_json":{"title":"e-Library - CATAPA vzw","robots":{"index":"index","follow":"follow","max-snippet":"max-snippet:-1","max-image-preview":"max-image-preview:large","max-video-preview":"max-video-preview:-1"},"canonical":"https:\/\/catapa.be\/nl\/onderzoek-en-mijnbouw\/e-library\/","og_locale":"nl_NL","og_type":"article","og_title":"e-Library - CATAPA vzw","og_url":"https:\/\/catapa.be\/nl\/onderzoek-en-mijnbouw\/e-library\/","og_site_name":"CATAPA vzw","article_publisher":"https:\/\/www.facebook.com\/catapa.belgium\/","twitter_card":"summary_large_image","twitter_site":"@CATAPA_Belgica","schema":{"@context":"https:\/\/schema.org","@graph":[{"@type":"WebPage","@id":"https:\/\/catapa.be\/nl\/onderzoek-en-mijnbouw\/e-library\/","url":"https:\/\/catapa.be\/nl\/onderzoek-en-mijnbouw\/e-library\/","name":"e-Library - CATAPA vzw","isPartOf":{"@id":"https:\/\/catapa.be\/nl\/#website"},"datePublished":"2018-06-25T14:16:20+00:00","breadcrumb":{"@id":"https:\/\/catapa.be\/nl\/onderzoek-en-mijnbouw\/e-library\/#breadcrumb"},"inLanguage":"nl-NL","potentialAction":[{"@type":"ReadAction","target":["https:\/\/catapa.be\/nl\/onderzoek-en-mijnbouw\/e-library\/"]}]},{"@type":"BreadcrumbList","@id":"https:\/\/catapa.be\/nl\/onderzoek-en-mijnbouw\/e-library\/#breadcrumb","itemListElement":[{"@type":"ListItem","position":1,"name":"Home","item":"https:\/\/catapa.be\/nl\/"},{"@type":"ListItem","position":2,"name":"Onderzoek en Mijnbouw","item":"https:\/\/catapa.be\/nl\/onderzoek-en-mijnbouw\/"},{"@type":"ListItem","position":3,"name":"e-Library"}]},{"@type":"WebSite","@id":"https:\/\/catapa.be\/nl\/#website","url":"https:\/\/catapa.be\/nl\/","name":"CATAPA vzw","description":"Comit\u00e9 Acad\u00e9mico T\u00e9cnico de Asesoramiento a Problemas Ambientales","publisher":{"@id":"https:\/\/catapa.be\/nl\/#organization"},"potentialAction":[{"@type":"SearchAction","target":{"@type":"EntryPoint","urlTemplate":"https:\/\/catapa.be\/nl\/?s={search_term_string}"},"query-input":{"@type":"PropertyValueSpecification","valueRequired":true,"valueName":"search_term_string"}}],"inLanguage":"nl-NL"},{"@type":"Organization","@id":"https:\/\/catapa.be\/nl\/#organization","name":"CATAPA vzw","url":"https:\/\/catapa.be\/nl\/","logo":{"@type":"ImageObject","inLanguage":"nl-NL","@id":"https:\/\/catapa.be\/nl\/#\/schema\/logo\/image\/","url":"https:\/\/i0.wp.com\/catapa.be\/wp-content\/uploads\/2019\/02\/NEW20LOGO20SHORT20PNG1.png?fit=1259%2C1321&ssl=1","contentUrl":"https:\/\/i0.wp.com\/catapa.be\/wp-content\/uploads\/2019\/02\/NEW20LOGO20SHORT20PNG1.png?fit=1259%2C1321&ssl=1","width":1259,"height":1321,"caption":"CATAPA vzw"},"image":{"@id":"https:\/\/catapa.be\/nl\/#\/schema\/logo\/image\/"},"sameAs":["https:\/\/www.facebook.com\/catapa.belgium\/","https:\/\/x.com\/CATAPA_Belgica","https:\/\/www.instagram.com\/catapa_vzw\/","https:\/\/be.linkedin.com\/company\/catapavzw","https:\/\/www.youtube.com\/channel\/UCE52-Fiyv-Fpqf2gi1qhf1g"]}]}},"jetpack_sharing_enabled":true,"jetpack_likes_enabled":true,"jetpack-related-posts":[{"id":15088,"url":"https:\/\/catapa.be\/nl\/e-library\/","url_meta":{"origin":3067,"position":0},"title":"e-Library","author":"Julie Ballet","date":"3 juli 2020","format":false,"excerpt":"[vc_row][vc_column][vc_column_text el_id=\"e-library\"]CATAPA beschikt over een bibliotheek waar je boeken en artikels kan uitlenen in het Nederlands, Engels, Spaans of Frans. Het hoofdthema is mijnbouw, maar je vindt ook andere gerelateerde thema's terug: Armoede Extractivisme Financi\u00ebn Gezondheid, toxische stoffen Inheemse volkeren, Aboriginals Mensenrechten, migratie, politiek Milieu, ecologie, transitie, water Ngo\u2019s, 11.11.11\u2026","rel":"","context":"Soortgelijk bericht","block_context":{"text":"Soortgelijk bericht","link":""},"img":{"alt_text":"","src":"","width":0,"height":0},"classes":[]},{"id":2708,"url":"https:\/\/catapa.be\/en\/research\/digital-library\/","url_meta":{"origin":3067,"position":1},"title":"Digital Library","author":"Alienor de Sas","date":"20 mei 2018","format":false,"excerpt":"","rel":"","context":"Soortgelijk bericht","block_context":{"text":"Soortgelijk bericht","link":""},"img":{"alt_text":"","src":"","width":0,"height":0},"classes":[]},{"id":15090,"url":"https:\/\/catapa.be\/en\/digital-library\/","url_meta":{"origin":3067,"position":2},"title":"Digital library","author":"Julie Ballet","date":"3 juli 2020","format":false,"excerpt":"[vc_row][vc_column][vc_column_text el_id=\"e-library\"]CATAPA has a library where you can borrow books and articles written in English, Dutch, Spanish or French. The main theme is mining, but you can also find other themes related to it: Developing countries, development cooperation, voluntary work Environment, ecology, transition, water Extractivism Finances Health, toxic substances Humans\u2026","rel":"","context":"Soortgelijk bericht","block_context":{"text":"Soortgelijk bericht","link":""},"img":{"alt_text":"","src":"","width":0,"height":0},"classes":[]},{"id":2227,"url":"https:\/\/catapa.be\/en\/about-us\/contact\/","url_meta":{"origin":3067,"position":3},"title":"Contact","author":"Alienor de Sas","date":"22 juli 2017","format":false,"excerpt":"[vc_row full_width=\"stretch_row_content_no_spaces\" css=\".vc_custom_1500665013519{padding-bottom: 0px !important;}\"][vc_column][\/vc_column][\/vc_row]","rel":"","context":"Soortgelijk bericht","block_context":{"text":"Soortgelijk bericht","link":""},"img":{"alt_text":"","src":"","width":0,"height":0},"classes":[]},{"id":2950,"url":"https:\/\/catapa.be\/nl\/over-ons\/contact\/","url_meta":{"origin":3067,"position":4},"title":"Contact","author":"Alienor de Sas","date":"22 juli 2017","format":false,"excerpt":"[vc_row full_width=\"stretch_row_content_no_spaces\" css=\".vc_custom_1500665013519{padding-bottom: 0px !important;}\"][vc_column][\/vc_column][\/vc_row]","rel":"","context":"Soortgelijk bericht","block_context":{"text":"Soortgelijk bericht","link":""},"img":{"alt_text":"","src":"","width":0,"height":0},"classes":[]},{"id":2688,"url":"https:\/\/catapa.be\/en\/how-we-work\/partners\/","url_meta":{"origin":3067,"position":5},"title":"Partners","author":"Alienor de Sas","date":"20 mei 2018","format":false,"excerpt":"[vc_row][vc_column width=\"1\/2\"][vc_single_image image=\"11574\" img_size=\"medium\" alignment=\"center\"][vc_custom_heading text=\"Bolivia\" font_container=\"tag:h2|text_align:center|color:%23009c55\" google_fonts=\"font_family:Quicksand%3A300%2Cregular%2C700|font_style:700%20bold%20regular%3A700%3Anormal\"][vc_tta_pageable no_fill_content_area=\"1\" active_section=\"0\" pagination_color=\"black\" tab_position=\"top\"][vc_tta_section title=\"Sectie 1\" tab_id=\"CEPA-EN\"][vc_column_text] CEPA Our Bolivian partner organization is CEPA, Centro de Ecolog\u00eda y Pueblos Andinos, (Centre for Ecology and the Peoples of the Andes). CEPA \u2013 as its name suggests\u2013 focuses on ecological problems and the indigenous\u2026","rel":"","context":"Soortgelijk bericht","block_context":{"text":"Soortgelijk bericht","link":""},"img":{"alt_text":"","src":"https:\/\/i0.wp.com\/catapa.be\/wp-content\/uploads\/2019\/01\/cepa.jpg?resize=350%2C200","width":350,"height":200},"classes":[]}],"_links":{"self":[{"href":"https:\/\/catapa.be\/nl\/wp-json\/wp\/v2\/pages\/3067","targetHints":{"allow":["GET"]}}],"collection":[{"href":"https:\/\/catapa.be\/nl\/wp-json\/wp\/v2\/pages"}],"about":[{"href":"https:\/\/catapa.be\/nl\/wp-json\/wp\/v2\/types\/page"}],"author":[{"embeddable":true,"href":"https:\/\/catapa.be\/nl\/wp-json\/wp\/v2\/users\/2"}],"replies":[{"embeddable":true,"href":"https:\/\/catapa.be\/nl\/wp-json\/wp\/v2\/comments?post=3067"}],"version-history":[{"count":1,"href":"https:\/\/catapa.be\/nl\/wp-json\/wp\/v2\/pages\/3067\/revisions"}],"predecessor-version":[{"id":3068,"href":"https:\/\/catapa.be\/nl\/wp-json\/wp\/v2\/pages\/3067\/revisions\/3068"}],"up":[{"embeddable":true,"href":"https:\/\/catapa.be\/nl\/wp-json\/wp\/v2\/pages\/3054"}],"wp:attachment":[{"href":"https:\/\/catapa.be\/nl\/wp-json\/wp\/v2\/media?parent=3067"}],"curies":[{"name":"wp","href":"https:\/\/api.w.org\/{rel}","templated":true}]}}