{"id":30728,"date":"2022-07-05T15:22:31","date_gmt":"2022-07-05T13:22:31","guid":{"rendered":"https:\/\/catapa.be\/?page_id=30728"},"modified":"2022-07-12T18:41:56","modified_gmt":"2022-07-12T16:41:56","slug":"afgelopen-campagnes-en-projecten","status":"publish","type":"page","link":"https:\/\/catapa.be\/nl\/ons-werk\/afgelopen-campagnes-en-projecten\/","title":{"rendered":"Afgelopen campagnes en projecten"},"content":{"rendered":"<div class=\"wpb-content-wrapper\"><p>[vc_row][vc_column][vc_column_text]<\/p>\n<h2>Zie hier een overzicht van onze afgeronde campagnes en (meerjaren)projecten:<\/h2>\n<p>[\/vc_column_text][vc_row_inner][vc_column_inner width=&#8221;1\/3&#8243;][vc_hoverbox image=&#8221;11217&#8243; primary_title=&#8221;&#8221; hover_title=&#8221;Fair ICT Flanders&#8221; hover_title_font_container=&#8221;font_size:50|color:%23ffffff&#8221; hover_title_use_theme_fonts=&#8221;yes&#8221; hover_background_color=&#8221;custom&#8221; use_custom_fonts_hover_title=&#8221;true&#8221; hover_custom_background=&#8221;#009c55&#8243;]Project 2019-2021[\/vc_hoverbox][\/vc_column_inner][vc_column_inner width=&#8221;1\/3&#8243;][vc_hoverbox image=&#8221;12434&#8243; primary_title=&#8221;&#8221; hover_title=&#8221;Make ICT Fair&#8221; hover_title_font_container=&#8221;font_size:50|color:%23ffffff&#8221; hover_title_use_theme_fonts=&#8221;yes&#8221; hover_background_color=&#8221;custom&#8221; use_custom_fonts_hover_title=&#8221;true&#8221; hover_custom_background=&#8221;#009c55&#8243;]Campagne 2017-2021[\/vc_hoverbox][\/vc_column_inner][vc_column_inner width=&#8221;1\/3&#8243;][vc_hoverbox image=&#8221;9198&#8243; primary_title=&#8221;&#8221; hover_title=&#8221;Defensoras&#8221; hover_title_font_container=&#8221;font_size:50|color:%23ffffff&#8221; hover_title_use_theme_fonts=&#8221;yes&#8221; hover_background_color=&#8221;custom&#8221; use_custom_fonts_hover_title=&#8221;true&#8221; hover_custom_background=&#8221;#009c55&#8243;]Project 2018-2019[\/vc_hoverbox][\/vc_column_inner][\/vc_row_inner][vc_row_inner][vc_column_inner width=&#8221;1\/3&#8243;][vc_hoverbox image=&#8221;26886&#8243; primary_title=&#8221;&#8221; hover_title=&#8221;Generatie Transitie&#8221; hover_title_font_container=&#8221;font_size:50|color:%23ffffff&#8221; hover_title_use_theme_fonts=&#8221;yes&#8221; hover_background_color=&#8221;custom&#8221; use_custom_fonts_hover_title=&#8221;true&#8221; hover_custom_background=&#8221;#009c55&#8243;]Campagne 2014-2017[\/vc_hoverbox][\/vc_column_inner][vc_column_inner width=&#8221;1\/3&#8243;][vc_hoverbox image=&#8221;30920&#8243; primary_title=&#8221;&#8221; hover_title=&#8221;Goud:Eerlijk?&#8221; hover_title_font_container=&#8221;font_size:50|color:%23ffffff&#8221; hover_title_use_theme_fonts=&#8221;yes&#8221; hover_background_color=&#8221;custom&#8221; use_custom_fonts_hover_title=&#8221;true&#8221; hover_custom_background=&#8221;#009c55&#8243; hover_title_link=&#8221;url:https%3A%2F%2Fcatapa.be%2Fnl%2Fons-werk%2Fafgelopen-campagnes-en-projecten%2Fgoudeerlijk%2F|title:Goud%3AEerlijk%3F&#8221;]Campagne 2011-2014[\/vc_hoverbox][\/vc_column_inner][vc_column_inner width=&#8221;1\/3&#8243;][vc_hoverbox image=&#8221;8842&#8243; primary_title=&#8221;&#8221; hover_title=&#8221;Mining in Paradise&#8221; hover_title_font_container=&#8221;font_size:50|color:%23ffffff&#8221; hover_title_use_theme_fonts=&#8221;yes&#8221; hover_background_color=&#8221;custom&#8221; use_custom_fonts_hover_title=&#8221;true&#8221; hover_custom_background=&#8221;#009c55&#8243;]Campagne 2008-2011[\/vc_hoverbox][\/vc_column_inner][\/vc_row_inner][\/vc_column][\/vc_row]<\/p>\n<\/div>","protected":false},"excerpt":{"rendered":"<p>[vc_row][vc_column][vc_column_text] Zie hier een overzicht van onze afgeronde campagnes en (meerjaren)projecten: [\/vc_column_text][vc_row_inner][vc_column_inner width=&#8221;1\/3&#8243;][vc_hoverbox image=&#8221;11217&#8243; primary_title=&#8221;&#8221; hover_title=&#8221;Fair ICT Flanders&#8221; hover_title_font_container=&#8221;font_size:50|color:%23ffffff&#8221; hover_title_use_theme_fonts=&#8221;yes&#8221; hover_background_color=&#8221;custom&#8221; use_custom_fonts_hover_title=&#8221;true&#8221; hover_custom_background=&#8221;#009c55&#8243;]Project 2019-2021[\/vc_hoverbox][\/vc_column_inner][vc_column_inner width=&#8221;1\/3&#8243;][vc_hoverbox image=&#8221;12434&#8243; primary_title=&#8221;&#8221; hover_title=&#8221;Make ICT Fair&#8221; hover_title_font_container=&#8221;font_size:50|color:%23ffffff&#8221; hover_title_use_theme_fonts=&#8221;yes&#8221; hover_background_color=&#8221;custom&#8221; use_custom_fonts_hover_title=&#8221;true&#8221; hover_custom_background=&#8221;#009c55&#8243;]Campagne<br \/><a class=\"read-more\" href=\"https:\/\/catapa.be\/nl\/ons-werk\/afgelopen-campagnes-en-projecten\/\">Read More<\/a><\/p>\n","protected":false},"author":17,"featured_media":0,"parent":3034,"menu_order":2,"comment_status":"closed","ping_status":"closed","template":"","meta":{"_exactmetrics_skip_tracking":false,"_exactmetrics_sitenote_active":false,"_exactmetrics_sitenote_note":"","_exactmetrics_sitenote_category":0,"jetpack_post_was_ever_published":false,"footnotes":""},"class_list":["post-30728","page","type-page","status-publish","hentry"],"yoast_head":"<!-- This site is optimized with the Yoast SEO plugin v26.8 - https:\/\/yoast.com\/product\/yoast-seo-wordpress\/ -->\n<title>Afgelopen campagnes en projecten - CATAPA vzw<\/title>\n<meta name=\"description\" content=\"Catapa - campagnes en projecten: Ctrl Alt Delete, Nemo, Fair ICT Flanders, Make ICT Fair, ...\" \/>\n<meta name=\"robots\" content=\"index, follow, max-snippet:-1, max-image-preview:large, max-video-preview:-1\" \/>\n<link rel=\"canonical\" href=\"https:\/\/catapa.be\/nl\/ons-werk\/afgelopen-campagnes-en-projecten\/\" \/>\n<meta property=\"og:locale\" content=\"nl_NL\" \/>\n<meta property=\"og:type\" content=\"article\" \/>\n<meta property=\"og:title\" content=\"Afgelopen campagnes en projecten - CATAPA vzw\" \/>\n<meta property=\"og:description\" content=\"Catapa - campagnes en projecten: Ctrl Alt Delete, Nemo, Fair ICT Flanders, Make ICT Fair, ...\" \/>\n<meta property=\"og:url\" content=\"https:\/\/catapa.be\/nl\/ons-werk\/afgelopen-campagnes-en-projecten\/\" \/>\n<meta property=\"og:site_name\" content=\"CATAPA vzw\" \/>\n<meta property=\"article:publisher\" content=\"https:\/\/www.facebook.com\/catapa.belgium\/\" \/>\n<meta property=\"article:modified_time\" content=\"2022-07-12T16:41:56+00:00\" \/>\n<meta name=\"twitter:card\" content=\"summary_large_image\" \/>\n<meta name=\"twitter:site\" content=\"@CATAPA_Belgica\" \/>\n<meta name=\"twitter:label1\" content=\"Geschatte leestijd\" \/>\n\t<meta name=\"twitter:data1\" content=\"1 minuut\" \/>\n<script type=\"application\/ld+json\" class=\"yoast-schema-graph\">{\"@context\":\"https:\/\/schema.org\",\"@graph\":[{\"@type\":\"WebPage\",\"@id\":\"https:\/\/catapa.be\/nl\/ons-werk\/afgelopen-campagnes-en-projecten\/\",\"url\":\"https:\/\/catapa.be\/nl\/ons-werk\/afgelopen-campagnes-en-projecten\/\",\"name\":\"Afgelopen campagnes en projecten - CATAPA vzw\",\"isPartOf\":{\"@id\":\"https:\/\/catapa.be\/nl\/#website\"},\"datePublished\":\"2022-07-05T13:22:31+00:00\",\"dateModified\":\"2022-07-12T16:41:56+00:00\",\"description\":\"Catapa - campagnes en projecten: Ctrl Alt Delete, Nemo, Fair ICT Flanders, Make ICT Fair, ...\",\"breadcrumb\":{\"@id\":\"https:\/\/catapa.be\/nl\/ons-werk\/afgelopen-campagnes-en-projecten\/#breadcrumb\"},\"inLanguage\":\"nl-NL\",\"potentialAction\":[{\"@type\":\"ReadAction\",\"target\":[\"https:\/\/catapa.be\/nl\/ons-werk\/afgelopen-campagnes-en-projecten\/\"]}]},{\"@type\":\"BreadcrumbList\",\"@id\":\"https:\/\/catapa.be\/nl\/ons-werk\/afgelopen-campagnes-en-projecten\/#breadcrumb\",\"itemListElement\":[{\"@type\":\"ListItem\",\"position\":1,\"name\":\"Home\",\"item\":\"https:\/\/catapa.be\/nl\/\"},{\"@type\":\"ListItem\",\"position\":2,\"name\":\"Ons werk\",\"item\":\"https:\/\/catapa.be\/nl\/ons-werk\/\"},{\"@type\":\"ListItem\",\"position\":3,\"name\":\"Afgelopen campagnes en projecten\"}]},{\"@type\":\"WebSite\",\"@id\":\"https:\/\/catapa.be\/nl\/#website\",\"url\":\"https:\/\/catapa.be\/nl\/\",\"name\":\"CATAPA vzw\",\"description\":\"Comit\u00e9 Acad\u00e9mico T\u00e9cnico de Asesoramiento a Problemas Ambientales\",\"publisher\":{\"@id\":\"https:\/\/catapa.be\/nl\/#organization\"},\"potentialAction\":[{\"@type\":\"SearchAction\",\"target\":{\"@type\":\"EntryPoint\",\"urlTemplate\":\"https:\/\/catapa.be\/nl\/?s={search_term_string}\"},\"query-input\":{\"@type\":\"PropertyValueSpecification\",\"valueRequired\":true,\"valueName\":\"search_term_string\"}}],\"inLanguage\":\"nl-NL\"},{\"@type\":\"Organization\",\"@id\":\"https:\/\/catapa.be\/nl\/#organization\",\"name\":\"CATAPA vzw\",\"url\":\"https:\/\/catapa.be\/nl\/\",\"logo\":{\"@type\":\"ImageObject\",\"inLanguage\":\"nl-NL\",\"@id\":\"https:\/\/catapa.be\/nl\/#\/schema\/logo\/image\/\",\"url\":\"https:\/\/i0.wp.com\/catapa.be\/wp-content\/uploads\/2019\/02\/NEW20LOGO20SHORT20PNG1.png?fit=1259%2C1321&ssl=1\",\"contentUrl\":\"https:\/\/i0.wp.com\/catapa.be\/wp-content\/uploads\/2019\/02\/NEW20LOGO20SHORT20PNG1.png?fit=1259%2C1321&ssl=1\",\"width\":1259,\"height\":1321,\"caption\":\"CATAPA vzw\"},\"image\":{\"@id\":\"https:\/\/catapa.be\/nl\/#\/schema\/logo\/image\/\"},\"sameAs\":[\"https:\/\/www.facebook.com\/catapa.belgium\/\",\"https:\/\/x.com\/CATAPA_Belgica\",\"https:\/\/www.instagram.com\/catapa_vzw\/\",\"https:\/\/be.linkedin.com\/company\/catapavzw\",\"https:\/\/www.youtube.com\/channel\/UCE52-Fiyv-Fpqf2gi1qhf1g\"]}]}<\/script>\n<!-- \/ Yoast SEO plugin. -->","yoast_head_json":{"title":"Afgelopen campagnes en projecten - CATAPA vzw","description":"Catapa - campagnes en projecten: Ctrl Alt Delete, Nemo, Fair ICT Flanders, Make ICT Fair, ...","robots":{"index":"index","follow":"follow","max-snippet":"max-snippet:-1","max-image-preview":"max-image-preview:large","max-video-preview":"max-video-preview:-1"},"canonical":"https:\/\/catapa.be\/nl\/ons-werk\/afgelopen-campagnes-en-projecten\/","og_locale":"nl_NL","og_type":"article","og_title":"Afgelopen campagnes en projecten - CATAPA vzw","og_description":"Catapa - campagnes en projecten: Ctrl Alt Delete, Nemo, Fair ICT Flanders, Make ICT Fair, ...","og_url":"https:\/\/catapa.be\/nl\/ons-werk\/afgelopen-campagnes-en-projecten\/","og_site_name":"CATAPA vzw","article_publisher":"https:\/\/www.facebook.com\/catapa.belgium\/","article_modified_time":"2022-07-12T16:41:56+00:00","twitter_card":"summary_large_image","twitter_site":"@CATAPA_Belgica","twitter_misc":{"Geschatte leestijd":"1 minuut"},"schema":{"@context":"https:\/\/schema.org","@graph":[{"@type":"WebPage","@id":"https:\/\/catapa.be\/nl\/ons-werk\/afgelopen-campagnes-en-projecten\/","url":"https:\/\/catapa.be\/nl\/ons-werk\/afgelopen-campagnes-en-projecten\/","name":"Afgelopen campagnes en projecten - CATAPA vzw","isPartOf":{"@id":"https:\/\/catapa.be\/nl\/#website"},"datePublished":"2022-07-05T13:22:31+00:00","dateModified":"2022-07-12T16:41:56+00:00","description":"Catapa - campagnes en projecten: Ctrl Alt Delete, Nemo, Fair ICT Flanders, Make ICT Fair, ...","breadcrumb":{"@id":"https:\/\/catapa.be\/nl\/ons-werk\/afgelopen-campagnes-en-projecten\/#breadcrumb"},"inLanguage":"nl-NL","potentialAction":[{"@type":"ReadAction","target":["https:\/\/catapa.be\/nl\/ons-werk\/afgelopen-campagnes-en-projecten\/"]}]},{"@type":"BreadcrumbList","@id":"https:\/\/catapa.be\/nl\/ons-werk\/afgelopen-campagnes-en-projecten\/#breadcrumb","itemListElement":[{"@type":"ListItem","position":1,"name":"Home","item":"https:\/\/catapa.be\/nl\/"},{"@type":"ListItem","position":2,"name":"Ons werk","item":"https:\/\/catapa.be\/nl\/ons-werk\/"},{"@type":"ListItem","position":3,"name":"Afgelopen campagnes en projecten"}]},{"@type":"WebSite","@id":"https:\/\/catapa.be\/nl\/#website","url":"https:\/\/catapa.be\/nl\/","name":"CATAPA vzw","description":"Comit\u00e9 Acad\u00e9mico T\u00e9cnico de Asesoramiento a Problemas Ambientales","publisher":{"@id":"https:\/\/catapa.be\/nl\/#organization"},"potentialAction":[{"@type":"SearchAction","target":{"@type":"EntryPoint","urlTemplate":"https:\/\/catapa.be\/nl\/?s={search_term_string}"},"query-input":{"@type":"PropertyValueSpecification","valueRequired":true,"valueName":"search_term_string"}}],"inLanguage":"nl-NL"},{"@type":"Organization","@id":"https:\/\/catapa.be\/nl\/#organization","name":"CATAPA vzw","url":"https:\/\/catapa.be\/nl\/","logo":{"@type":"ImageObject","inLanguage":"nl-NL","@id":"https:\/\/catapa.be\/nl\/#\/schema\/logo\/image\/","url":"https:\/\/i0.wp.com\/catapa.be\/wp-content\/uploads\/2019\/02\/NEW20LOGO20SHORT20PNG1.png?fit=1259%2C1321&ssl=1","contentUrl":"https:\/\/i0.wp.com\/catapa.be\/wp-content\/uploads\/2019\/02\/NEW20LOGO20SHORT20PNG1.png?fit=1259%2C1321&ssl=1","width":1259,"height":1321,"caption":"CATAPA vzw"},"image":{"@id":"https:\/\/catapa.be\/nl\/#\/schema\/logo\/image\/"},"sameAs":["https:\/\/www.facebook.com\/catapa.belgium\/","https:\/\/x.com\/CATAPA_Belgica","https:\/\/www.instagram.com\/catapa_vzw\/","https:\/\/be.linkedin.com\/company\/catapavzw","https:\/\/www.youtube.com\/channel\/UCE52-Fiyv-Fpqf2gi1qhf1g"]}]}},"jetpack_sharing_enabled":false,"jetpack_likes_enabled":false,"jetpack-related-posts":[{"id":3005,"url":"https:\/\/catapa.be\/nl\/","url_meta":{"origin":30728,"position":0},"title":"Home","author":"Alienor de Sas","date":"20 mei 2011","format":false,"excerpt":"[vc_row css=\".vc_custom_1698400141878{margin-top: 1px !important;margin-bottom: 1px !important;border-top-width: 0px !important;border-bottom-width: 0px !important;padding-top: 0px !important;padding-bottom: 0px !important;}\"][vc_column width=\"1\/4\"][vc_cta h2=\"Het recht om 'nee' te zeggen\" txt_align=\"center\" shape=\"square\" add_button=\"bottom\" btn_title=\"De campagne\" btn_color=\"orange\" btn_align=\"center\" btn_link=\"url:https%3A%2F%2Fcatapa.be%2Fnl%2Fons-werk%2Fcampagnes%2Fhet-recht-om-nee-te-zeggen%2F|title:Het%20recht%20om%20'nee'%20te%20zeggen\"]We steunen gemeenschappen hun recht om 'nee' te zeggen tegen mijnbouw en het maatschappelijke systeem dat mijnbouw noodzakelijk maakt. In de Andesregio\u2026","rel":"","context":"Soortgelijk bericht","block_context":{"text":"Soortgelijk bericht","link":""},"img":{"alt_text":"","src":"https:\/\/i0.wp.com\/catapa.be\/wp-content\/uploads\/2023\/10\/Right-to-say-no-250.png?resize=350%2C200&ssl=1","width":350,"height":200},"classes":[]},{"id":30731,"url":"https:\/\/catapa.be\/nl\/ons-werk\/campagnes-en-projecten\/","url_meta":{"origin":30728,"position":1},"title":"Campagnes en projecten","author":"Truike Geerts","date":"5 juli 2022","format":false,"excerpt":"[vc_row css=\".vc_custom_1533807373745{margin-top: -50px !important;margin-bottom: 50px !important;}\"][vc_column width=\"1\/2\"][vc_cta h2=\"Wij werken campagne- en projectmatig.\" h4=\"De campagne Make ICT Fair en de projecten NEMO en Fair ICT Flanders beheersen momenteel voornamelijk onze werking.\" style=\"custom\" css_animation=\"none\" custom_background=\"#01a053\" custom_text=\"#ffffff\"][\/vc_cta][\/vc_column][vc_column width=\"1\/2\"][vc_cta h2=\"Huidige campagne\" style=\"custom\" add_button=\"bottom\" btn_title=\"Ga naar de Ctrl Alt Delete Website!\" btn_color=\"danger\" btn_size=\"lg\" css_animation=\"none\" custom_background=\"#021ce0\"\u2026","rel":"","context":"Soortgelijk bericht","block_context":{"text":"Soortgelijk bericht","link":""},"img":{"alt_text":"geplande veroudering ctrl alt delete campagne","src":"https:\/\/i0.wp.com\/catapa.be\/wp-content\/uploads\/2021\/11\/cropped-cropped-ctrlaltdel-150x150.png?resize=350%2C200&ssl=1","width":350,"height":200},"classes":[]},{"id":3018,"url":"https:\/\/catapa.be\/nl\/ons-werk\/campagnes\/","url_meta":{"origin":30728,"position":2},"title":"Campagnes en projecten","author":"Alienor de Sas","date":"20 mei 2018","format":false,"excerpt":"[vc_row css=\".vc_custom_1533807373745{margin-top: -50px !important;margin-bottom: 50px !important;}\"][vc_column width=\"1\/2\"][vc_cta h2=\"Wij werken campagne- en projectmatig.\" h4=\"De campagne Make ICT Fair en de projecten NEMO en Fair ICT Flanders beheersen momenteel voornamelijk onze werking.\" style=\"custom\" css_animation=\"none\" custom_background=\"#01a053\" custom_text=\"#ffffff\"][\/vc_cta][\/vc_column][vc_column width=\"1\/2\"][vc_cta h2=\"Huidige campagne\" style=\"custom\" add_button=\"bottom\" btn_title=\"Ga naar de Ctrl Alt Delete Website!\" btn_color=\"danger\" btn_size=\"lg\" css_animation=\"none\" custom_background=\"#021ce0\"\u2026","rel":"","context":"Soortgelijk bericht","block_context":{"text":"Soortgelijk bericht","link":""},"img":{"alt_text":"geplande veroudering ctrl alt delete campagne","src":"https:\/\/i0.wp.com\/catapa.be\/wp-content\/uploads\/2021\/11\/cropped-cropped-ctrlaltdel-150x150.png?resize=350%2C200&ssl=1","width":350,"height":200},"classes":[]},{"id":3020,"url":"https:\/\/catapa.be\/nl\/over-ons\/onze-geschiedenis\/","url_meta":{"origin":30728,"position":3},"title":"Onze geschiedenis","author":"Alienor de Sas","date":"20 mei 2018","format":false,"excerpt":"[vc_row full_width=\"stretch_row\" content_placement=\"middle\"][vc_column][vc_cta h2=\"Van BelBol tot...\" h4=\"\u2026horizontale beweging met partnerorganisaties in Peru, Colombia, Ecuador en Bolivia met tal van lopende projecten in Vlaanderen, Europa en in Latijns-Amerika.\" style=\"custom\" custom_background=\"#01a053\" custom_text=\"#ffffff\"][\/vc_cta][\/vc_column][\/vc_row][vc_row full_width=\"stretch_row\" equal_height=\"yes\" css=\".vc_custom_1535455217709{background-color: #f7f7f7 !important;}\" el_id=\"table-of-contents\"][vc_column css_animation=\"none\" width=\"1\/2\"][vc_column_text css=\".vc_custom_1653737462552{padding-left: 50px !important;}\"] Inhoudstafel 2003-2007: van BelBol tot de start van CATAPA\u2026","rel":"","context":"Soortgelijk bericht","block_context":{"text":"Soortgelijk bericht","link":""},"img":{"alt_text":"","src":"https:\/\/i0.wp.com\/catapa.be\/wp-content\/uploads\/2019\/01\/mining-in-paradise-300x300.png?resize=350%2C200&ssl=1","width":350,"height":200},"classes":[]},{"id":28011,"url":"https:\/\/catapa.be\/nl\/ctrlaltdelete-doe-mee-2\/","url_meta":{"origin":30728,"position":4},"title":"DOE MEE!","author":"Mathieu Cieters","date":"17 februari 2022","format":false,"excerpt":"[vc_row css=\".vc_custom_1645369009320{padding-top: 0px !important;padding-right: 0px !important;padding-bottom: 0px !important;padding-left: 20px !important;background-color: #fdf22a !important;}\"][vc_column width=\"1\/2\"][vc_column_text el_class=\"blauwetekst schreefloos hoofdletters\" css=\".vc_custom_1645369211614{padding-top: 35px !important;}\"]Doe mee & Stop #ExpresDefect![\/vc_column_text][vc_column_text el_class=\"blauwetekst schreefloos kleinetekst\"]De Ctrl Alt Delete campagne wil geplande veroudering en dus #ExpresDefect een halt toeroepen. Het bewust ontwerpen van producten met een korte levensduur is niet\u2026","rel":"","context":"Soortgelijk bericht","block_context":{"text":"Soortgelijk bericht","link":""},"img":{"alt_text":"","src":"","width":0,"height":0},"classes":[]},{"id":3041,"url":"https:\/\/catapa.be\/nl\/ons-werk\/strategie\/","url_meta":{"origin":30728,"position":5},"title":"Strategie","author":"Alienor de Sas","date":"20 mei 2018","format":false,"excerpt":"[vc_row css=\".vc_custom_1533807373745{margin-top: -50px !important;margin-bottom: 50px !important;}\"][vc_column][vc_cta h2=\"CATAPA bestaat uit een kritische beweging van actieve burgers.\" h4=\"Over de landsgrenzen heen streven we op een horizontale wijze naar een wereld waarin de ontginning van niet-hernieuwbare grondstoffen niet langer nodig is.\" style=\"custom\" css_animation=\"none\" custom_background=\"#01a053\" custom_text=\"#ffffff\"][\/vc_cta][\/vc_column][\/vc_row][vc_row full_width=\"stretch_row\" content_placement=\"middle\" css=\".vc_custom_1533808586582{margin-top: -100px !important;background-color: #f7f7f7 !important;}\"][vc_column][vc_column_text]CATAPA bestaat\u2026","rel":"","context":"Soortgelijk bericht","block_context":{"text":"Soortgelijk bericht","link":""},"img":{"alt_text":"","src":"","width":0,"height":0},"classes":[]}],"_links":{"self":[{"href":"https:\/\/catapa.be\/nl\/wp-json\/wp\/v2\/pages\/30728","targetHints":{"allow":["GET"]}}],"collection":[{"href":"https:\/\/catapa.be\/nl\/wp-json\/wp\/v2\/pages"}],"about":[{"href":"https:\/\/catapa.be\/nl\/wp-json\/wp\/v2\/types\/page"}],"author":[{"embeddable":true,"href":"https:\/\/catapa.be\/nl\/wp-json\/wp\/v2\/users\/17"}],"replies":[{"embeddable":true,"href":"https:\/\/catapa.be\/nl\/wp-json\/wp\/v2\/comments?post=30728"}],"version-history":[{"count":9,"href":"https:\/\/catapa.be\/nl\/wp-json\/wp\/v2\/pages\/30728\/revisions"}],"predecessor-version":[{"id":30963,"href":"https:\/\/catapa.be\/nl\/wp-json\/wp\/v2\/pages\/30728\/revisions\/30963"}],"up":[{"embeddable":true,"href":"https:\/\/catapa.be\/nl\/wp-json\/wp\/v2\/pages\/3034"}],"wp:attachment":[{"href":"https:\/\/catapa.be\/nl\/wp-json\/wp\/v2\/media?parent=30728"}],"curies":[{"name":"wp","href":"https:\/\/api.w.org\/{rel}","templated":true}]}}