{"id":3085,"date":"2018-06-25T14:22:50","date_gmt":"2018-06-25T12:22:50","guid":{"rendered":"http:\/\/catapa.be\/?page_id=3085"},"modified":"2022-05-28T12:29:09","modified_gmt":"2022-05-28T10:29:09","slug":"guatemala","status":"publish","type":"page","link":"https:\/\/catapa.be\/nl\/cases\/guatemala\/","title":{"rendered":"Guatemala"},"content":{"rendered":"<div class=\"wpb-content-wrapper\"><p>[vc_row][vc_column][vc_cta h2=&#8221;Op de grens van de dorpen San Miguel Ixtahuac\u00e1n en Sipacapa vind je er sinds 2005 de Marlin mijn.&#8221; h4=&#8221;Het scenario van deze mijn diende als een duidelijke waarschuwing voor de rest van Guatemala. Terwijl San Miguel verdeeld raakte, verenigde de rest van het land zich in de bescherming van hun natuurlijke rijkdommen.&#8221; style=&#8221;custom&#8221; custom_background=&#8221;#01a053&#8243; custom_text=&#8221;#ffffff&#8221;][\/vc_cta][\/vc_column][\/vc_row][vc_row full_width=&#8221;stretch_row&#8221; css=&#8221;.vc_custom_1535454810701{background-color: #efefef !important;}&#8221; el_id=&#8221;table-of-contents&#8221;][vc_column width=&#8221;1\/2&#8243;][vc_column_text]<\/p>\n<h2>Inhoudstafel<\/h2>\n<p><a href=\"#de-marlin-mijn\">De Marlin mijn<\/a>[\/vc_column_text][\/vc_column][vc_column width=&#8221;1\/2&#8243;][vc_gmaps link=&#8221;#E-8_JTNDaWZyYW1lJTIwc3JjJTNEJTIyaHR0cHMlM0ElMkYlMkZ3d3cuZ29vZ2xlLmNvbSUyRm1hcHMlMkZlbWJlZCUzRnBiJTNEJTIxMW0xOCUyMTFtMTIlMjExbTMlMjExZDE4NzcwNzQyLjUwMTcxNDU3MiUyMTJkLTkxLjQzNTE1MDcxMTY1MDA0JTIxM2QxNy4xMTU0MDkxMzk5NzMxNjMlMjEybTMlMjExZjAlMjEyZjAlMjEzZjAlMjEzbTIlMjExaTEwMjQlMjEyaTc2OCUyMTRmMTMuMSUyMTNtMyUyMTFtMiUyMTFzMHg4NThlNmFjNDRmNTJhZjc1JTI1M0EweDllYTc3MzJhZWI0NzMxYTElMjEyc1NhbiUyQk1hcmNvcyUyNTJDJTJCR3VhdGVtYWxhJTIxNWUxJTIxM20yJTIxMXNubCUyMTJzYmUlMjE0djE1NDUxNDI5ODc3NzUlMjIlMjB3aWR0aCUzRCUyMjYwMCUyMiUyMGhlaWdodCUzRCUyMjQ1MCUyMiUyMGZyYW1lYm9yZGVyJTNEJTIyMCUyMiUyMHN0eWxlJTNEJTIyYm9yZGVyJTNBMCUyMiUyMGFsbG93ZnVsbHNjcmVlbiUzRSUzQyUyRmlmcmFtZSUzRQ==&#8221; title=&#8221;San Marcos Departement, Guatemala&#8221;][\/vc_column][\/vc_row][vc_row full_width=&#8221;stretch_row&#8221; el_id=&#8221;de-marlin-mijn&#8221; css=&#8221;.vc_custom_1563875776624{background-color: #009c55 !important;background-position: center !important;background-repeat: no-repeat !important;background-size: cover !important;}&#8221;][vc_column][vc_custom_heading text=&#8221;De Marlin mijn&#8221; font_container=&#8221;tag:h1|font_size:50|text_align:left|color:%23ffffff&#8221; google_fonts=&#8221;font_family:Quicksand%3A300%2Cregular%2C700|font_style:400%20regular%3A400%3Anormal&#8221;][\/vc_column][\/vc_row][vc_row][vc_column][vc_column_text]<\/p>\n<p>San Marcos, het verre westen van Guatemala. In de laaglanden vind je er de rijkste koffieplantages. In de hooglanden zit de Maya-bevolking samengepakt op moeilijk te bewerken grond. Op de grens van de dorpen San Miguel Ixtahuac\u00e1n en Sipacapa vind je er sinds 2005 de Marlin mijn.<\/p>\n<p>De beruchte goudmijn is in handen van de Canadese mijnbouwreus Goldcorp. Het is het eerste grote mijnbouwproject in Guatemala na 36 jaar burgeroorlog. Het gewapende conflict dat draaide om het ongelijke landbezit was ge\u00ebindigd op een sisser. Teneergeslagen door de genocidale technieken van het leger, aanvaardde de Guatemalteekse bevolking in 1996 een status quo. Nog geen jaar later werd een nieuwe mijnbouwwet gestemd. De royalties op de waarde van goudstaven die het land uitgaan, zakten van 6% naar 1%.<\/p>\n<p>Buitenlandse mijnbouwbedrijven roken hun kans. In 1998 kwam je in San Miguel Ixtahuac\u00e1n en Sipacapa plots buitenlanders tegen met een bijzondere interesse naar de povere gronden en niet in het minst naar de waterbronnen van de campesino\u2019s. Geruchten deden de ronde. Niemand was ooit ge\u00efnteresseerd in de hooglanden. Vanwaar die plotse interesse? Zonder antwoord op die vragen, gingen de gronden snel van de hand voor het dubbele, driedubbele van de marktwaarde. Wisten zij veel dat het ministerie van mijnbouw de hooglanden had bezaaid met mijnbouwlicenties. Wisten zij veel dat hier 250.000 liter water per uur uit de grond zou gepompt worden om de rotsen, in een mengeling met cyanide te ontdoen van het goud. Wisten zij veel dat de explosies in de open mijnput hun lemen huizen zouden doen scheuren.<\/p>\n<p>\u201cInvesteringen zijn ontwikkeling.\u201d Aan groteske reclameboodschappen ontbreekt het niet in de Guatemalteekse media. Geen uur gaat voorbij zonder dat de Marlin mijn de hemel in wordt geprezen. Middelen genoeg om de strategische belangen van de extractieve industrie te verdedigen. Maar gaat het hier wel om ontwikkeling?<\/p>\n<p>Dat de mijn financi\u00eble opbrengsten verzekert, zal niemand ontkennen. Tussen 2006 en 2010 kwam er in de Marlin mijn 1.5 miljard $ uit de grond. Een recente studie wees uit dat daarvan via belastingen, lonen en projecten 5% in San Miguel Ixtahuac\u00e1n en Sipacapa blijft, terwijl de milieu- en gezondheidsrisico\u2019s voor 100% door hen worden gedragen.<\/p>\n<p>\u2018Moeder Aarde\u2019, een heilig begrip voor de Maya\u2019s, zou moeten opgeofferd worden voor een fractie van de opbrengsten. Bij de aanvang van het mijnbouwproject, besliste Sipacapa een interne volksraadpleging te houden, waaruit bleek dat 97% van de deelnemers het niet eens was met de op til slaande exploitatie. De overheid negeerde hen en gaf het project de wind in de zeilen.<\/p>\n<p>In San Miguel Ixtahuac\u00e1n wordt er ook geprotesteerd. Al verhef je daar best je stem niet. Voor je het weet zit je verwikkeld in een juridische uitputtingsslag. Dat was het lot van zeven campesino\u2019s die de ingang van de mijn blokkeerden. Na maandenlange dagvaardingen, staakten ze hun strijd. Vandaag verhindert de gemeenschap nog steeds de politie om acht huismoeders te arresteren in opdracht van Goldcorp.<\/p>\n<p>Naast tegenstanders zijn er ook voorstanders van de mijn. Je kan het een mijnwerker niet kwalijk nemen dat hij voor zijn loon opkomt. Goldcorp kiest de bevoorrechten echter nauwkeurig uit. In de eerste plaats gaat het om de mensen die iets te zeggen hebben in de gemeenschap, het politieke leiderschap. Op die manier infiltreert de mijn zich razendsnel in de gemeenschappen. De afwezigheid van de staat wordt nu gretig ingevuld door Goldcorp. Wil je dat de straat wordt heraangelegd of dat er een schooltje komt? Kom dan maar niet aandraven met begrippen als \u201cMoeder Aarde\u201d. Anders gaat het geld naar de buurgemeente. Zo puilen de brochures van Goldcorp uit van \u2018liefdadigheid\u2019 en wordt de kiem van conflict kort na het einde van de burgeroorlog opnieuw ingeplant. En soms loopt het uit de hand. In 2010 werd Do\u00f1a Diodora in het oog getroffen door een kogel. Nog in dezelfde week werd het huis van Don Miguel Angel doorzeefd. Allebei zijn ze uitgesproken tegenstanders van de mijn. Lerares Adilia werd weggepest uit haar school nadat ze getuigde over huidaandoeningen bij haar leerlingen. Protesteerders werden ontvoerd en met de dood bedreigd. Bij gebrek aan een rechtsorde geldt in San Miguel Ixtahuac\u00e1n de wet van de sterkste. Zichtbaar ge\u00efntimideerd door het opkomende geweld hullen velen zich er in stilte.<\/p>\n<p>De sociale schade kan je ook meten aan de verkoop van sterke dranken, het toenemende huishoudelijk geweld en de bordelen die plots opdoken in San Miguel Ixtahuac\u00e1n. Gezinnen gaan uit elkaar en broers en zussen staan vaak lijnrecht tegenover elkaar.<\/p>\n<p>Het scenario van de Marlin mijn diende als een duidelijke waarschuwing voor de rest van Guatemala. Er werden al meer dan\u00a060 volksraadplegingen georganiseerd in het hele land, waarbij meer dan een miljoen mensen zich uitspraken tegen mijnbouw in hun leefgebied. Terwijl San Miguel verdeeld raakte, verenigde de rest van het land zich in de bescherming van hun natuurlijke rijkdommen.<\/p>\n<p>[\/vc_column_text][vc_btn title=&#8221;Terug naar boven&#8221; align=&#8221;left&#8221; i_align=&#8221;right&#8221; i_icon_fontawesome=&#8221;fa fa-chevron-right&#8221; add_icon=&#8221;true&#8221; link=&#8221;url:%23table-of-contents|||&#8221;][\/vc_column][\/vc_row]<\/p>\n<\/div>","protected":false},"excerpt":{"rendered":"<p>[vc_row][vc_column][vc_cta h2=&#8221;Op de grens van de dorpen San Miguel Ixtahuac\u00e1n en Sipacapa vind je er sinds 2005 de Marlin mijn.&#8221; h4=&#8221;Het scenario van deze mijn diende als een duidelijke waarschuwing voor de rest van Guatemala.<br \/><a class=\"read-more\" href=\"https:\/\/catapa.be\/nl\/cases\/guatemala\/\">Read More<\/a><\/p>\n","protected":false},"author":2,"featured_media":0,"parent":2995,"menu_order":5,"comment_status":"closed","ping_status":"closed","template":"","meta":{"_exactmetrics_skip_tracking":false,"_exactmetrics_sitenote_active":false,"_exactmetrics_sitenote_note":"","_exactmetrics_sitenote_category":0,"jetpack_post_was_ever_published":false,"footnotes":""},"class_list":["post-3085","page","type-page","status-publish","hentry"],"yoast_head":"<!-- This site is optimized with the Yoast SEO plugin v26.8 - https:\/\/yoast.com\/product\/yoast-seo-wordpress\/ -->\n<title>Guatemala - CATAPA vzw<\/title>\n<meta name=\"robots\" content=\"index, follow, max-snippet:-1, max-image-preview:large, max-video-preview:-1\" \/>\n<link rel=\"canonical\" href=\"https:\/\/catapa.be\/nl\/cases\/guatemala\/\" \/>\n<meta property=\"og:locale\" content=\"nl_NL\" \/>\n<meta property=\"og:type\" content=\"article\" \/>\n<meta property=\"og:title\" content=\"Guatemala - CATAPA vzw\" \/>\n<meta property=\"og:description\" content=\"[vc_row][vc_column][vc_cta h2=&#8221;Op de grens van de dorpen San Miguel Ixtahuac\u00e1n en Sipacapa vind je er sinds 2005 de Marlin mijn.&#8221; h4=&#8221;Het scenario van deze mijn diende als een duidelijke waarschuwing voor de rest van Guatemala.Read More\" \/>\n<meta property=\"og:url\" content=\"https:\/\/catapa.be\/nl\/cases\/guatemala\/\" \/>\n<meta property=\"og:site_name\" content=\"CATAPA vzw\" \/>\n<meta property=\"article:publisher\" content=\"https:\/\/www.facebook.com\/catapa.belgium\/\" \/>\n<meta property=\"article:modified_time\" content=\"2022-05-28T10:29:09+00:00\" \/>\n<meta name=\"twitter:card\" content=\"summary_large_image\" \/>\n<meta name=\"twitter:site\" content=\"@CATAPA_Belgica\" \/>\n<meta name=\"twitter:label1\" content=\"Geschatte leestijd\" \/>\n\t<meta name=\"twitter:data1\" content=\"4 minuten\" \/>\n<script type=\"application\/ld+json\" class=\"yoast-schema-graph\">{\"@context\":\"https:\/\/schema.org\",\"@graph\":[{\"@type\":\"WebPage\",\"@id\":\"https:\/\/catapa.be\/nl\/cases\/guatemala\/\",\"url\":\"https:\/\/catapa.be\/nl\/cases\/guatemala\/\",\"name\":\"Guatemala - CATAPA vzw\",\"isPartOf\":{\"@id\":\"https:\/\/catapa.be\/nl\/#website\"},\"datePublished\":\"2018-06-25T12:22:50+00:00\",\"dateModified\":\"2022-05-28T10:29:09+00:00\",\"breadcrumb\":{\"@id\":\"https:\/\/catapa.be\/nl\/cases\/guatemala\/#breadcrumb\"},\"inLanguage\":\"nl-NL\",\"potentialAction\":[{\"@type\":\"ReadAction\",\"target\":[\"https:\/\/catapa.be\/nl\/cases\/guatemala\/\"]}]},{\"@type\":\"BreadcrumbList\",\"@id\":\"https:\/\/catapa.be\/nl\/cases\/guatemala\/#breadcrumb\",\"itemListElement\":[{\"@type\":\"ListItem\",\"position\":1,\"name\":\"Home\",\"item\":\"https:\/\/catapa.be\/nl\/\"},{\"@type\":\"ListItem\",\"position\":2,\"name\":\"Cases\",\"item\":\"https:\/\/catapa.be\/nl\/cases\/\"},{\"@type\":\"ListItem\",\"position\":3,\"name\":\"Guatemala\"}]},{\"@type\":\"WebSite\",\"@id\":\"https:\/\/catapa.be\/nl\/#website\",\"url\":\"https:\/\/catapa.be\/nl\/\",\"name\":\"CATAPA vzw\",\"description\":\"Comit\u00e9 Acad\u00e9mico T\u00e9cnico de Asesoramiento a Problemas Ambientales\",\"publisher\":{\"@id\":\"https:\/\/catapa.be\/nl\/#organization\"},\"potentialAction\":[{\"@type\":\"SearchAction\",\"target\":{\"@type\":\"EntryPoint\",\"urlTemplate\":\"https:\/\/catapa.be\/nl\/?s={search_term_string}\"},\"query-input\":{\"@type\":\"PropertyValueSpecification\",\"valueRequired\":true,\"valueName\":\"search_term_string\"}}],\"inLanguage\":\"nl-NL\"},{\"@type\":\"Organization\",\"@id\":\"https:\/\/catapa.be\/nl\/#organization\",\"name\":\"CATAPA vzw\",\"url\":\"https:\/\/catapa.be\/nl\/\",\"logo\":{\"@type\":\"ImageObject\",\"inLanguage\":\"nl-NL\",\"@id\":\"https:\/\/catapa.be\/nl\/#\/schema\/logo\/image\/\",\"url\":\"https:\/\/i0.wp.com\/catapa.be\/wp-content\/uploads\/2019\/02\/NEW20LOGO20SHORT20PNG1.png?fit=1259%2C1321&ssl=1\",\"contentUrl\":\"https:\/\/i0.wp.com\/catapa.be\/wp-content\/uploads\/2019\/02\/NEW20LOGO20SHORT20PNG1.png?fit=1259%2C1321&ssl=1\",\"width\":1259,\"height\":1321,\"caption\":\"CATAPA vzw\"},\"image\":{\"@id\":\"https:\/\/catapa.be\/nl\/#\/schema\/logo\/image\/\"},\"sameAs\":[\"https:\/\/www.facebook.com\/catapa.belgium\/\",\"https:\/\/x.com\/CATAPA_Belgica\",\"https:\/\/www.instagram.com\/catapa_vzw\/\",\"https:\/\/be.linkedin.com\/company\/catapavzw\",\"https:\/\/www.youtube.com\/channel\/UCE52-Fiyv-Fpqf2gi1qhf1g\"]}]}<\/script>\n<!-- \/ Yoast SEO plugin. -->","yoast_head_json":{"title":"Guatemala - CATAPA vzw","robots":{"index":"index","follow":"follow","max-snippet":"max-snippet:-1","max-image-preview":"max-image-preview:large","max-video-preview":"max-video-preview:-1"},"canonical":"https:\/\/catapa.be\/nl\/cases\/guatemala\/","og_locale":"nl_NL","og_type":"article","og_title":"Guatemala - CATAPA vzw","og_description":"[vc_row][vc_column][vc_cta h2=&#8221;Op de grens van de dorpen San Miguel Ixtahuac\u00e1n en Sipacapa vind je er sinds 2005 de Marlin mijn.&#8221; h4=&#8221;Het scenario van deze mijn diende als een duidelijke waarschuwing voor de rest van Guatemala.Read More","og_url":"https:\/\/catapa.be\/nl\/cases\/guatemala\/","og_site_name":"CATAPA vzw","article_publisher":"https:\/\/www.facebook.com\/catapa.belgium\/","article_modified_time":"2022-05-28T10:29:09+00:00","twitter_card":"summary_large_image","twitter_site":"@CATAPA_Belgica","twitter_misc":{"Geschatte leestijd":"4 minuten"},"schema":{"@context":"https:\/\/schema.org","@graph":[{"@type":"WebPage","@id":"https:\/\/catapa.be\/nl\/cases\/guatemala\/","url":"https:\/\/catapa.be\/nl\/cases\/guatemala\/","name":"Guatemala - CATAPA vzw","isPartOf":{"@id":"https:\/\/catapa.be\/nl\/#website"},"datePublished":"2018-06-25T12:22:50+00:00","dateModified":"2022-05-28T10:29:09+00:00","breadcrumb":{"@id":"https:\/\/catapa.be\/nl\/cases\/guatemala\/#breadcrumb"},"inLanguage":"nl-NL","potentialAction":[{"@type":"ReadAction","target":["https:\/\/catapa.be\/nl\/cases\/guatemala\/"]}]},{"@type":"BreadcrumbList","@id":"https:\/\/catapa.be\/nl\/cases\/guatemala\/#breadcrumb","itemListElement":[{"@type":"ListItem","position":1,"name":"Home","item":"https:\/\/catapa.be\/nl\/"},{"@type":"ListItem","position":2,"name":"Cases","item":"https:\/\/catapa.be\/nl\/cases\/"},{"@type":"ListItem","position":3,"name":"Guatemala"}]},{"@type":"WebSite","@id":"https:\/\/catapa.be\/nl\/#website","url":"https:\/\/catapa.be\/nl\/","name":"CATAPA vzw","description":"Comit\u00e9 Acad\u00e9mico T\u00e9cnico de Asesoramiento a Problemas Ambientales","publisher":{"@id":"https:\/\/catapa.be\/nl\/#organization"},"potentialAction":[{"@type":"SearchAction","target":{"@type":"EntryPoint","urlTemplate":"https:\/\/catapa.be\/nl\/?s={search_term_string}"},"query-input":{"@type":"PropertyValueSpecification","valueRequired":true,"valueName":"search_term_string"}}],"inLanguage":"nl-NL"},{"@type":"Organization","@id":"https:\/\/catapa.be\/nl\/#organization","name":"CATAPA vzw","url":"https:\/\/catapa.be\/nl\/","logo":{"@type":"ImageObject","inLanguage":"nl-NL","@id":"https:\/\/catapa.be\/nl\/#\/schema\/logo\/image\/","url":"https:\/\/i0.wp.com\/catapa.be\/wp-content\/uploads\/2019\/02\/NEW20LOGO20SHORT20PNG1.png?fit=1259%2C1321&ssl=1","contentUrl":"https:\/\/i0.wp.com\/catapa.be\/wp-content\/uploads\/2019\/02\/NEW20LOGO20SHORT20PNG1.png?fit=1259%2C1321&ssl=1","width":1259,"height":1321,"caption":"CATAPA vzw"},"image":{"@id":"https:\/\/catapa.be\/nl\/#\/schema\/logo\/image\/"},"sameAs":["https:\/\/www.facebook.com\/catapa.belgium\/","https:\/\/x.com\/CATAPA_Belgica","https:\/\/www.instagram.com\/catapa_vzw\/","https:\/\/be.linkedin.com\/company\/catapavzw","https:\/\/www.youtube.com\/channel\/UCE52-Fiyv-Fpqf2gi1qhf1g"]}]}},"jetpack_sharing_enabled":true,"jetpack_likes_enabled":true,"jetpack-related-posts":[{"id":3020,"url":"https:\/\/catapa.be\/nl\/over-ons\/onze-geschiedenis\/","url_meta":{"origin":3085,"position":0},"title":"Onze geschiedenis","author":"Alienor de Sas","date":"20 mei 2018","format":false,"excerpt":"[vc_row full_width=\"stretch_row\" content_placement=\"middle\"][vc_column][vc_cta h2=\"Van BelBol tot...\" h4=\"\u2026horizontale beweging met partnerorganisaties in Peru, Colombia, Ecuador en Bolivia met tal van lopende projecten in Vlaanderen, Europa en in Latijns-Amerika.\" style=\"custom\" custom_background=\"#01a053\" custom_text=\"#ffffff\"][\/vc_cta][\/vc_column][\/vc_row][vc_row full_width=\"stretch_row\" equal_height=\"yes\" css=\".vc_custom_1535455217709{background-color: #f7f7f7 !important;}\" el_id=\"table-of-contents\"][vc_column css_animation=\"none\" width=\"1\/2\"][vc_column_text css=\".vc_custom_1653737462552{padding-left: 50px !important;}\"] Inhoudstafel 2003-2007: van BelBol tot de start van CATAPA\u2026","rel":"","context":"Soortgelijk bericht","block_context":{"text":"Soortgelijk bericht","link":""},"img":{"alt_text":"","src":"https:\/\/i0.wp.com\/catapa.be\/wp-content\/uploads\/2019\/01\/mining-in-paradise-300x300.png?resize=350%2C200&ssl=1","width":350,"height":200},"classes":[]},{"id":2991,"url":"https:\/\/catapa.be\/nl\/bolivia\/","url_meta":{"origin":3085,"position":1},"title":"Bolivia","author":"Alienor de Sas","date":"23 mei 2018","format":false,"excerpt":"[vc_row][vc_column][vc_cta h2=\"Bolivia kenmerkt zich door een economie die gericht is op de extractie van natuurlijke grondstoffen.\" h4=\"Metalen zoals zilver, goud, zink, tin, koper, maar ook aardolie, aardgas en soja vormen de spil van de economie. Het linkse regime waar veel hoop op gericht was, heeft hier helemaal geen verandering in\u2026","rel":"","context":"Soortgelijk bericht","block_context":{"text":"Soortgelijk bericht","link":""},"img":{"alt_text":"","src":"https:\/\/i0.wp.com\/catapa.be\/wp-content\/uploads\/2019\/01\/1-800x793-300x297.jpg?resize=350%2C200","width":350,"height":200},"classes":[]},{"id":3050,"url":"https:\/\/catapa.be\/nl\/doe-mee\/lessen-en-workshops\/","url_meta":{"origin":3085,"position":2},"title":"Workshops","author":"Alienor de Sas","date":"23 mei 2018","format":false,"excerpt":"[vc_row][vc_column][vc_cta h2=\"Overzicht workshops CATAPA\" style=\"custom\" custom_background=\"#009c55\" custom_text=\"#ffffff\"][\/vc_cta][vc_tta_tour][vc_tta_section title=\"Grenzen aan de groei & Right to Say No\" tab_id=\"1622664127802-61e53e14-366b\"][vc_custom_heading text=\"Grenzen aan de groei & Right to Say No\" font_container=\"tag:h2|font_size:20|text_align:center\" google_fonts=\"font_family:Quicksand%3A300%2Cregular%2C700|font_style:700%20bold%20regular%3A700%3Anormal\"][vc_cta h2=\"\" shape=\"square\" add_icon=\"left\" i_icon_fontawesome=\"fa fa-info\" i_color=\"custom\" i_size=\"lg\" i_custom_color=\"#009c55\"]Doelgroep: Volwassenen Duur: 1,5 - 2 uur (+ 1,5 voorbereiding) Omvang groep: 15-25 personen Taal:\u2026","rel":"","context":"Soortgelijk bericht","block_context":{"text":"Soortgelijk bericht","link":""},"img":{"alt_text":"","src":"https:\/\/i0.wp.com\/catapa.be\/wp-content\/uploads\/2021\/06\/unnamed-1-300x107.png?resize=350%2C200&ssl=1","width":350,"height":200},"classes":[]},{"id":3075,"url":"https:\/\/catapa.be\/nl\/cases\/roemenie\/","url_meta":{"origin":3085,"position":3},"title":"Roemeni\u00eb","author":"Alienor de Sas","date":"23 mei 2018","format":false,"excerpt":"[vc_row][vc_column][vc_cta h2=\"De Rosia Montana Gold Corporation maakte in 2000 zijn intenties kenbaar om de grootste open goudmijn van Europa op te starten in Rosia Montana,\" h4=\"een Transsylvanisch dorp in het Apuseni Gebergte. Om dit project uit te voeren wilde de maatschappij vier bergen opblazen, 2064 private eigendommen verhuizen, 975 huizen\u2026","rel":"","context":"Soortgelijk bericht","block_context":{"text":"Soortgelijk bericht","link":""},"img":{"alt_text":"","src":"https:\/\/i0.wp.com\/catapa.be\/wp-content\/uploads\/2018\/08\/logo-salvati-rosia-montana_0-266x300.jpg?resize=350%2C200","width":350,"height":200},"classes":[]},{"id":3079,"url":"https:\/\/catapa.be\/nl\/cases\/spanje\/","url_meta":{"origin":3085,"position":4},"title":"Spanje","author":"Alienor de Sas","date":"23 mei 2018","format":false,"excerpt":"[vc_row][vc_column][vc_cta h2=\"De vooralsnog grootste onontgonnen goudmijn van West-Europa ligt in een dorpje dat net geen 4.000 inwoners telt: Tapia de Casariego.\" h4=\"Deze kleine kustgemeente maakt deel uit van Asturi\u00eb, een autonome regio in het noordwesten van Spanje met net iets meer dan een miljoen inwoners. Het leeft van toerisme, visserij,\u2026","rel":"","context":"Soortgelijk bericht","block_context":{"text":"Soortgelijk bericht","link":""},"img":{"alt_text":"","src":"https:\/\/i0.wp.com\/catapa.be\/sites\/default\/files\/wysiwyg\/users\/user468\/image2.jpg?resize=350%2C200","width":350,"height":200},"classes":[]},{"id":2999,"url":"https:\/\/catapa.be\/nl\/cases\/colombia\/","url_meta":{"origin":3085,"position":5},"title":"Colombia","author":"Alienor de Sas","date":"23 mei 2018","format":false,"excerpt":"[vc_row][vc_column][vc_cta h2=\"De Colombiaanse ondergrond is rijk aan natuurlijke grondstoffen.\" h4=\"Het land bevat niet enkel de grootste steenkoolreserves van Latijns-Amerika; daarnaast bezit het aanzienlijke hoeveelheden aan goud, nikkel, koper, zilver, platina en edelstenen. Bij zijn aantreden in 2010, noemde president Santos de mijnbouw dan ook \u00e9\u00e9n van de vijf locomotieven achter\u2026","rel":"","context":"Soortgelijk bericht","block_context":{"text":"Soortgelijk bericht","link":""},"img":{"alt_text":"","src":"https:\/\/i0.wp.com\/catapa.be\/sites\/default\/files\/resize\/remote\/45c6065047ff3ea0f31dbae064d596f3-600x400.jpg?resize=350%2C200","width":350,"height":200,"srcset":"https:\/\/i0.wp.com\/catapa.be\/sites\/default\/files\/resize\/remote\/45c6065047ff3ea0f31dbae064d596f3-600x400.jpg?resize=350%2C200 1x, https:\/\/i0.wp.com\/catapa.be\/sites\/default\/files\/resize\/remote\/45c6065047ff3ea0f31dbae064d596f3-600x400.jpg?resize=525%2C300 1.5x"},"classes":[]}],"_links":{"self":[{"href":"https:\/\/catapa.be\/nl\/wp-json\/wp\/v2\/pages\/3085","targetHints":{"allow":["GET"]}}],"collection":[{"href":"https:\/\/catapa.be\/nl\/wp-json\/wp\/v2\/pages"}],"about":[{"href":"https:\/\/catapa.be\/nl\/wp-json\/wp\/v2\/types\/page"}],"author":[{"embeddable":true,"href":"https:\/\/catapa.be\/nl\/wp-json\/wp\/v2\/users\/2"}],"replies":[{"embeddable":true,"href":"https:\/\/catapa.be\/nl\/wp-json\/wp\/v2\/comments?post=3085"}],"version-history":[{"count":8,"href":"https:\/\/catapa.be\/nl\/wp-json\/wp\/v2\/pages\/3085\/revisions"}],"predecessor-version":[{"id":29743,"href":"https:\/\/catapa.be\/nl\/wp-json\/wp\/v2\/pages\/3085\/revisions\/29743"}],"up":[{"embeddable":true,"href":"https:\/\/catapa.be\/nl\/wp-json\/wp\/v2\/pages\/2995"}],"wp:attachment":[{"href":"https:\/\/catapa.be\/nl\/wp-json\/wp\/v2\/media?parent=3085"}],"curies":[{"name":"wp","href":"https:\/\/api.w.org\/{rel}","templated":true}]}}