{"id":34274,"date":"2023-10-09T17:25:58","date_gmt":"2023-10-09T15:25:58","guid":{"rendered":"https:\/\/catapa.be\/?page_id=34274"},"modified":"2023-12-06T17:31:21","modified_gmt":"2023-12-06T16:31:21","slug":"digiplussers-voor-het-klimaat","status":"publish","type":"page","link":"https:\/\/catapa.be\/nl\/digiplussers-voor-het-klimaat\/","title":{"rendered":"Digiplussers voor het klimaat"},"content":{"rendered":"<div class=\"wpb-content-wrapper\"><p>[vc_row][vc_column][vc_column_text]<\/p>\n<h2>Wat?<\/h2>\n<p>Vier gratis workshops rond basis digitale vaardigheden met een smartphone, digitalisering en het klimaat.<\/p>\n<ul>\n<li>Digitalisering &amp; klimaat: een intro<\/li>\n<li>Sociale media<\/li>\n<li>Google, Gmail, &amp; Google maps<\/li>\n<li>Fake news &amp; factchecken<\/li>\n<\/ul>\n<h2>Voor wie?<\/h2>\n<p>55+&#8217;ers. Maximum 15 per workshopreeks.<\/p>\n<h2>Waarom?<\/h2>\n<p>Om jou te helpen jouw stem over het klimaatdebat makkelijker te verwoorden binnen het steeds evoluerende digitale landschap.<\/p>\n<h2>Waar en wanneer?<\/h2>\n<p>In Augustinessenklooster Romaanse Poort &amp; Kapel, <strong>Leuven<\/strong>. Telkens op donderdag van 19u tot 21u30.<\/p>\n<ul>\n<li>9\/11 Digitalisering &amp; klimaat: een intro<\/li>\n<li>16\/11 Sociale media<\/li>\n<li>30\/11 Google, Gmail, &amp; Google maps<\/li>\n<li>06\/12 Fake news &amp; factchecken<\/li>\n<\/ul>\n<p><strong>Meer weten? <\/strong>Contacteer <strong><a href=\"mailto:mo.pauwels@catapa.be\">mo.pauwels@catapa.be<\/a>.\u00a0<\/strong>[\/vc_column_text][\/vc_column][\/vc_row][vc_row][vc_column css=&#8221;.vc_custom_1696865114852{margin-top: 0px !important;border-top-width: 0px !important;padding-top: 0px !important;}&#8221;][vc_single_image source=&#8221;featured_image&#8221; img_size=&#8221;full&#8221; alignment=&#8221;center&#8221;][\/vc_column][\/vc_row]<\/p>\n<\/div>","protected":false},"excerpt":{"rendered":"<p>[vc_row][vc_column][vc_column_text] Wat? Vier gratis workshops rond basis digitale vaardigheden met een smartphone, digitalisering en het klimaat. Digitalisering &amp; klimaat: een intro Sociale media Google, Gmail, &amp; Google maps Fake news &amp; factchecken Voor wie? 55+&#8217;ers.<br \/><a class=\"read-more\" href=\"https:\/\/catapa.be\/nl\/digiplussers-voor-het-klimaat\/\">Read More<\/a><\/p>\n","protected":false},"author":68,"featured_media":34275,"parent":0,"menu_order":0,"comment_status":"closed","ping_status":"closed","template":"","meta":{"_exactmetrics_skip_tracking":false,"_exactmetrics_sitenote_active":false,"_exactmetrics_sitenote_note":"","_exactmetrics_sitenote_category":0,"jetpack_post_was_ever_published":false,"footnotes":""},"class_list":["post-34274","page","type-page","status-publish","has-post-thumbnail","hentry"],"yoast_head":"<!-- This site is optimized with the Yoast SEO plugin v26.8 - https:\/\/yoast.com\/product\/yoast-seo-wordpress\/ -->\n<title>Digiplussers voor het klimaat - CATAPA vzw<\/title>\n<meta name=\"description\" content=\"We willen 55+\u2019ers activeren bij gesprekken rond klimaat \u00e9n tegelijkertijd werken we aan hun smartphoneskills. Gratis! In Gent of Leuven.\" \/>\n<meta name=\"robots\" content=\"index, follow, max-snippet:-1, max-image-preview:large, max-video-preview:-1\" \/>\n<link rel=\"canonical\" href=\"https:\/\/catapa.be\/nl\/digiplussers-voor-het-klimaat\/\" \/>\n<meta property=\"og:locale\" content=\"nl_NL\" \/>\n<meta property=\"og:type\" content=\"article\" \/>\n<meta property=\"og:title\" content=\"Digiplussers voor het klimaat - CATAPA vzw\" \/>\n<meta property=\"og:description\" content=\"We willen 55+\u2019ers activeren bij gesprekken rond klimaat \u00e9n tegelijkertijd werken we aan hun smartphoneskills. Gratis! In Gent of Leuven.\" \/>\n<meta property=\"og:url\" content=\"https:\/\/catapa.be\/nl\/digiplussers-voor-het-klimaat\/\" \/>\n<meta property=\"og:site_name\" content=\"CATAPA vzw\" \/>\n<meta property=\"article:publisher\" content=\"https:\/\/www.facebook.com\/catapa.belgium\/\" \/>\n<meta property=\"article:modified_time\" content=\"2023-12-06T16:31:21+00:00\" \/>\n<meta property=\"og:image\" content=\"https:\/\/catapa.be\/wp-content\/uploads\/2023\/10\/digiplussers-voor-het-klimaat.jpg\" \/>\n\t<meta property=\"og:image:width\" content=\"1200\" \/>\n\t<meta property=\"og:image:height\" content=\"800\" \/>\n\t<meta property=\"og:image:type\" content=\"image\/jpeg\" \/>\n<meta name=\"twitter:card\" content=\"summary_large_image\" \/>\n<meta name=\"twitter:site\" content=\"@CATAPA_Belgica\" \/>\n<meta name=\"twitter:label1\" content=\"Geschatte leestijd\" \/>\n\t<meta name=\"twitter:data1\" content=\"1 minuut\" \/>\n<script type=\"application\/ld+json\" class=\"yoast-schema-graph\">{\"@context\":\"https:\/\/schema.org\",\"@graph\":[{\"@type\":\"WebPage\",\"@id\":\"https:\/\/catapa.be\/nl\/digiplussers-voor-het-klimaat\/\",\"url\":\"https:\/\/catapa.be\/nl\/digiplussers-voor-het-klimaat\/\",\"name\":\"Digiplussers voor het klimaat - CATAPA vzw\",\"isPartOf\":{\"@id\":\"https:\/\/catapa.be\/nl\/#website\"},\"primaryImageOfPage\":{\"@id\":\"https:\/\/catapa.be\/nl\/digiplussers-voor-het-klimaat\/#primaryimage\"},\"image\":{\"@id\":\"https:\/\/catapa.be\/nl\/digiplussers-voor-het-klimaat\/#primaryimage\"},\"thumbnailUrl\":\"https:\/\/i0.wp.com\/catapa.be\/wp-content\/uploads\/2023\/10\/digiplussers-voor-het-klimaat.jpg?fit=1200%2C800&ssl=1\",\"datePublished\":\"2023-10-09T15:25:58+00:00\",\"dateModified\":\"2023-12-06T16:31:21+00:00\",\"description\":\"We willen 55+\u2019ers activeren bij gesprekken rond klimaat \u00e9n tegelijkertijd werken we aan hun smartphoneskills. Gratis! In Gent of Leuven.\",\"breadcrumb\":{\"@id\":\"https:\/\/catapa.be\/nl\/digiplussers-voor-het-klimaat\/#breadcrumb\"},\"inLanguage\":\"nl-NL\",\"potentialAction\":[{\"@type\":\"ReadAction\",\"target\":[\"https:\/\/catapa.be\/nl\/digiplussers-voor-het-klimaat\/\"]}]},{\"@type\":\"ImageObject\",\"inLanguage\":\"nl-NL\",\"@id\":\"https:\/\/catapa.be\/nl\/digiplussers-voor-het-klimaat\/#primaryimage\",\"url\":\"https:\/\/i0.wp.com\/catapa.be\/wp-content\/uploads\/2023\/10\/digiplussers-voor-het-klimaat.jpg?fit=1200%2C800&ssl=1\",\"contentUrl\":\"https:\/\/i0.wp.com\/catapa.be\/wp-content\/uploads\/2023\/10\/digiplussers-voor-het-klimaat.jpg?fit=1200%2C800&ssl=1\",\"width\":1200,\"height\":800},{\"@type\":\"BreadcrumbList\",\"@id\":\"https:\/\/catapa.be\/nl\/digiplussers-voor-het-klimaat\/#breadcrumb\",\"itemListElement\":[{\"@type\":\"ListItem\",\"position\":1,\"name\":\"Home\",\"item\":\"https:\/\/catapa.be\/nl\/\"},{\"@type\":\"ListItem\",\"position\":2,\"name\":\"Digiplussers voor het klimaat\"}]},{\"@type\":\"WebSite\",\"@id\":\"https:\/\/catapa.be\/nl\/#website\",\"url\":\"https:\/\/catapa.be\/nl\/\",\"name\":\"CATAPA vzw\",\"description\":\"Comit\u00e9 Acad\u00e9mico T\u00e9cnico de Asesoramiento a Problemas Ambientales\",\"publisher\":{\"@id\":\"https:\/\/catapa.be\/nl\/#organization\"},\"potentialAction\":[{\"@type\":\"SearchAction\",\"target\":{\"@type\":\"EntryPoint\",\"urlTemplate\":\"https:\/\/catapa.be\/nl\/?s={search_term_string}\"},\"query-input\":{\"@type\":\"PropertyValueSpecification\",\"valueRequired\":true,\"valueName\":\"search_term_string\"}}],\"inLanguage\":\"nl-NL\"},{\"@type\":\"Organization\",\"@id\":\"https:\/\/catapa.be\/nl\/#organization\",\"name\":\"CATAPA vzw\",\"url\":\"https:\/\/catapa.be\/nl\/\",\"logo\":{\"@type\":\"ImageObject\",\"inLanguage\":\"nl-NL\",\"@id\":\"https:\/\/catapa.be\/nl\/#\/schema\/logo\/image\/\",\"url\":\"https:\/\/i0.wp.com\/catapa.be\/wp-content\/uploads\/2019\/02\/NEW20LOGO20SHORT20PNG1.png?fit=1259%2C1321&ssl=1\",\"contentUrl\":\"https:\/\/i0.wp.com\/catapa.be\/wp-content\/uploads\/2019\/02\/NEW20LOGO20SHORT20PNG1.png?fit=1259%2C1321&ssl=1\",\"width\":1259,\"height\":1321,\"caption\":\"CATAPA vzw\"},\"image\":{\"@id\":\"https:\/\/catapa.be\/nl\/#\/schema\/logo\/image\/\"},\"sameAs\":[\"https:\/\/www.facebook.com\/catapa.belgium\/\",\"https:\/\/x.com\/CATAPA_Belgica\",\"https:\/\/www.instagram.com\/catapa_vzw\/\",\"https:\/\/be.linkedin.com\/company\/catapavzw\",\"https:\/\/www.youtube.com\/channel\/UCE52-Fiyv-Fpqf2gi1qhf1g\"]}]}<\/script>\n<!-- \/ Yoast SEO plugin. -->","yoast_head_json":{"title":"Digiplussers voor het klimaat - CATAPA vzw","description":"We willen 55+\u2019ers activeren bij gesprekken rond klimaat \u00e9n tegelijkertijd werken we aan hun smartphoneskills. Gratis! In Gent of Leuven.","robots":{"index":"index","follow":"follow","max-snippet":"max-snippet:-1","max-image-preview":"max-image-preview:large","max-video-preview":"max-video-preview:-1"},"canonical":"https:\/\/catapa.be\/nl\/digiplussers-voor-het-klimaat\/","og_locale":"nl_NL","og_type":"article","og_title":"Digiplussers voor het klimaat - CATAPA vzw","og_description":"We willen 55+\u2019ers activeren bij gesprekken rond klimaat \u00e9n tegelijkertijd werken we aan hun smartphoneskills. Gratis! In Gent of Leuven.","og_url":"https:\/\/catapa.be\/nl\/digiplussers-voor-het-klimaat\/","og_site_name":"CATAPA vzw","article_publisher":"https:\/\/www.facebook.com\/catapa.belgium\/","article_modified_time":"2023-12-06T16:31:21+00:00","og_image":[{"width":1200,"height":800,"url":"https:\/\/catapa.be\/wp-content\/uploads\/2023\/10\/digiplussers-voor-het-klimaat.jpg","type":"image\/jpeg"}],"twitter_card":"summary_large_image","twitter_site":"@CATAPA_Belgica","twitter_misc":{"Geschatte leestijd":"1 minuut"},"schema":{"@context":"https:\/\/schema.org","@graph":[{"@type":"WebPage","@id":"https:\/\/catapa.be\/nl\/digiplussers-voor-het-klimaat\/","url":"https:\/\/catapa.be\/nl\/digiplussers-voor-het-klimaat\/","name":"Digiplussers voor het klimaat - CATAPA vzw","isPartOf":{"@id":"https:\/\/catapa.be\/nl\/#website"},"primaryImageOfPage":{"@id":"https:\/\/catapa.be\/nl\/digiplussers-voor-het-klimaat\/#primaryimage"},"image":{"@id":"https:\/\/catapa.be\/nl\/digiplussers-voor-het-klimaat\/#primaryimage"},"thumbnailUrl":"https:\/\/i0.wp.com\/catapa.be\/wp-content\/uploads\/2023\/10\/digiplussers-voor-het-klimaat.jpg?fit=1200%2C800&ssl=1","datePublished":"2023-10-09T15:25:58+00:00","dateModified":"2023-12-06T16:31:21+00:00","description":"We willen 55+\u2019ers activeren bij gesprekken rond klimaat \u00e9n tegelijkertijd werken we aan hun smartphoneskills. Gratis! In Gent of Leuven.","breadcrumb":{"@id":"https:\/\/catapa.be\/nl\/digiplussers-voor-het-klimaat\/#breadcrumb"},"inLanguage":"nl-NL","potentialAction":[{"@type":"ReadAction","target":["https:\/\/catapa.be\/nl\/digiplussers-voor-het-klimaat\/"]}]},{"@type":"ImageObject","inLanguage":"nl-NL","@id":"https:\/\/catapa.be\/nl\/digiplussers-voor-het-klimaat\/#primaryimage","url":"https:\/\/i0.wp.com\/catapa.be\/wp-content\/uploads\/2023\/10\/digiplussers-voor-het-klimaat.jpg?fit=1200%2C800&ssl=1","contentUrl":"https:\/\/i0.wp.com\/catapa.be\/wp-content\/uploads\/2023\/10\/digiplussers-voor-het-klimaat.jpg?fit=1200%2C800&ssl=1","width":1200,"height":800},{"@type":"BreadcrumbList","@id":"https:\/\/catapa.be\/nl\/digiplussers-voor-het-klimaat\/#breadcrumb","itemListElement":[{"@type":"ListItem","position":1,"name":"Home","item":"https:\/\/catapa.be\/nl\/"},{"@type":"ListItem","position":2,"name":"Digiplussers voor het klimaat"}]},{"@type":"WebSite","@id":"https:\/\/catapa.be\/nl\/#website","url":"https:\/\/catapa.be\/nl\/","name":"CATAPA vzw","description":"Comit\u00e9 Acad\u00e9mico T\u00e9cnico de Asesoramiento a Problemas Ambientales","publisher":{"@id":"https:\/\/catapa.be\/nl\/#organization"},"potentialAction":[{"@type":"SearchAction","target":{"@type":"EntryPoint","urlTemplate":"https:\/\/catapa.be\/nl\/?s={search_term_string}"},"query-input":{"@type":"PropertyValueSpecification","valueRequired":true,"valueName":"search_term_string"}}],"inLanguage":"nl-NL"},{"@type":"Organization","@id":"https:\/\/catapa.be\/nl\/#organization","name":"CATAPA vzw","url":"https:\/\/catapa.be\/nl\/","logo":{"@type":"ImageObject","inLanguage":"nl-NL","@id":"https:\/\/catapa.be\/nl\/#\/schema\/logo\/image\/","url":"https:\/\/i0.wp.com\/catapa.be\/wp-content\/uploads\/2019\/02\/NEW20LOGO20SHORT20PNG1.png?fit=1259%2C1321&ssl=1","contentUrl":"https:\/\/i0.wp.com\/catapa.be\/wp-content\/uploads\/2019\/02\/NEW20LOGO20SHORT20PNG1.png?fit=1259%2C1321&ssl=1","width":1259,"height":1321,"caption":"CATAPA vzw"},"image":{"@id":"https:\/\/catapa.be\/nl\/#\/schema\/logo\/image\/"},"sameAs":["https:\/\/www.facebook.com\/catapa.belgium\/","https:\/\/x.com\/CATAPA_Belgica","https:\/\/www.instagram.com\/catapa_vzw\/","https:\/\/be.linkedin.com\/company\/catapavzw","https:\/\/www.youtube.com\/channel\/UCE52-Fiyv-Fpqf2gi1qhf1g"]}]}},"jetpack_sharing_enabled":true,"jetpack_likes_enabled":true,"jetpack-related-posts":[{"id":27190,"url":"https:\/\/catapa.be\/nl\/alles-over-ict-2\/","url_meta":{"origin":34274,"position":0},"title":"Alles over ICT","author":"Siel Vandamme","date":"9 december 2021","format":false,"excerpt":"[vc_row][vc_column][vc_column_text] Het verhaal achter onze ICT-toestellen [\/vc_column_text][vc_cta h2=\"Onze smartphones en mijnbouw zijn sterk met elkaar verstrengeld.\" color=\"sky\"]Met de stijgende productie en consumptie van digitale toestellen,, zit de vraag naar de kostbare metalen en mineralen, die nodig zijn om deze te maken, in de lift. De mijnbouwsector die deze grondstoffen ontgint\u2026","rel":"","context":"Soortgelijk bericht","block_context":{"text":"Soortgelijk bericht","link":""},"img":{"alt_text":"","src":"","width":0,"height":0},"classes":[]},{"id":3050,"url":"https:\/\/catapa.be\/nl\/doe-mee\/lessen-en-workshops\/","url_meta":{"origin":34274,"position":1},"title":"Workshops","author":"Alienor de Sas","date":"23 mei 2018","format":false,"excerpt":"[vc_row][vc_column][vc_cta h2=\"Overzicht workshops CATAPA\" style=\"custom\" custom_background=\"#009c55\" custom_text=\"#ffffff\"][\/vc_cta][vc_tta_tour][vc_tta_section title=\"Grenzen aan de groei & Right to Say No\" tab_id=\"1622664127802-61e53e14-366b\"][vc_custom_heading text=\"Grenzen aan de groei & Right to Say No\" font_container=\"tag:h2|font_size:20|text_align:center\" google_fonts=\"font_family:Quicksand%3A300%2Cregular%2C700|font_style:700%20bold%20regular%3A700%3Anormal\"][vc_cta h2=\"\" shape=\"square\" add_icon=\"left\" i_icon_fontawesome=\"fa fa-info\" i_color=\"custom\" i_size=\"lg\" i_custom_color=\"#009c55\"]Doelgroep: Volwassenen Duur: 1,5 - 2 uur (+ 1,5 voorbereiding) Omvang groep: 15-25 personen Taal:\u2026","rel":"","context":"Soortgelijk bericht","block_context":{"text":"Soortgelijk bericht","link":""},"img":{"alt_text":"","src":"https:\/\/i0.wp.com\/catapa.be\/wp-content\/uploads\/2021\/06\/unnamed-1-300x107.png?resize=350%2C200&ssl=1","width":350,"height":200},"classes":[]},{"id":2999,"url":"https:\/\/catapa.be\/nl\/cases\/colombia\/","url_meta":{"origin":34274,"position":2},"title":"Colombia","author":"Alienor de Sas","date":"23 mei 2018","format":false,"excerpt":"[vc_row][vc_column][vc_cta h2=\"De Colombiaanse ondergrond is rijk aan natuurlijke grondstoffen.\" h4=\"Het land bevat niet enkel de grootste steenkoolreserves van Latijns-Amerika; daarnaast bezit het aanzienlijke hoeveelheden aan goud, nikkel, koper, zilver, platina en edelstenen. Bij zijn aantreden in 2010, noemde president Santos de mijnbouw dan ook \u00e9\u00e9n van de vijf locomotieven achter\u2026","rel":"","context":"Soortgelijk bericht","block_context":{"text":"Soortgelijk bericht","link":""},"img":{"alt_text":"","src":"https:\/\/i0.wp.com\/catapa.be\/sites\/default\/files\/resize\/remote\/45c6065047ff3ea0f31dbae064d596f3-600x400.jpg?resize=350%2C200","width":350,"height":200,"srcset":"https:\/\/i0.wp.com\/catapa.be\/sites\/default\/files\/resize\/remote\/45c6065047ff3ea0f31dbae064d596f3-600x400.jpg?resize=350%2C200 1x, https:\/\/i0.wp.com\/catapa.be\/sites\/default\/files\/resize\/remote\/45c6065047ff3ea0f31dbae064d596f3-600x400.jpg?resize=525%2C300 1.5x"},"classes":[]},{"id":2991,"url":"https:\/\/catapa.be\/nl\/bolivia\/","url_meta":{"origin":34274,"position":3},"title":"Bolivia","author":"Alienor de Sas","date":"23 mei 2018","format":false,"excerpt":"[vc_row][vc_column][vc_cta h2=\"Bolivia kenmerkt zich door een economie die gericht is op de extractie van natuurlijke grondstoffen.\" h4=\"Metalen zoals zilver, goud, zink, tin, koper, maar ook aardolie, aardgas en soja vormen de spil van de economie. Het linkse regime waar veel hoop op gericht was, heeft hier helemaal geen verandering in\u2026","rel":"","context":"Soortgelijk bericht","block_context":{"text":"Soortgelijk bericht","link":""},"img":{"alt_text":"","src":"https:\/\/i0.wp.com\/catapa.be\/wp-content\/uploads\/2019\/01\/1-800x793-300x297.jpg?resize=350%2C200","width":350,"height":200},"classes":[]},{"id":34475,"url":"https:\/\/catapa.be\/nl\/ctrlaltdelete-events-news\/foto-expo\/","url_meta":{"origin":34274,"position":4},"title":"Fototentoonstelling \u2018Stop Mijnbouw = Stop #ExpresDefect\u2019","author":"Simon Berlo","date":"17 november 2023","format":false,"excerpt":"[vc_row full_height=\"yes\" content_placement=\"middle\"][vc_column css=\".vc_custom_1700210605953{margin: 3% !important;padding: 3% !important;}\"][vc_column_text]Welkom op de begeleidende pagina voor de fototentoonstelling \u2018Stop Mijnbouw = Stop #ExpresDefect\u2019. Lees hier meer over de verhalen achter de foto's en de artiesten.[\/vc_column_text][vc_btn title=\"Meer weten over de Stop #ExpresDefect-campagne? Ga dan snel naar de campagnewebsite!\" style=\"custom\" custom_background=\"#f7128b\" custom_text=\"#ffffff\" shape=\"square\" align=\"center\" i_icon_fontawesome=\"fas\u2026","rel":"","context":"Soortgelijk bericht","block_context":{"text":"Soortgelijk bericht","link":""},"img":{"alt_text":"","src":"","width":0,"height":0},"classes":[]},{"id":3063,"url":"https:\/\/catapa.be\/nl\/onderzoek-en-mijnbouw\/alles-over-mijnbouw\/","url_meta":{"origin":34274,"position":5},"title":"Alles over mijnbouw","author":"Alienor de Sas","date":"20 mei 2018","format":false,"excerpt":"[vc_row full_width=\"stretch_row\" content_placement=\"middle\"][vc_column][vc_cta h2=\"Er is een ongelimiteerde honger naar grondstoffen op een biofysisch beperkte aarde.\" h4=\"De grondstoffenproblematiek zal de volgende decennia hoog op de internationale agenda staan en speelt net als de energieschaarste een sleutelrol in het klimaatverhaal. Goud, zilver, coltan, koper,.. : metalen en mineralen worden op allerlei manieren\u2026","rel":"","context":"Soortgelijk bericht","block_context":{"text":"Soortgelijk bericht","link":""},"img":{"alt_text":"","src":"","width":0,"height":0},"classes":[]}],"_links":{"self":[{"href":"https:\/\/catapa.be\/nl\/wp-json\/wp\/v2\/pages\/34274","targetHints":{"allow":["GET"]}}],"collection":[{"href":"https:\/\/catapa.be\/nl\/wp-json\/wp\/v2\/pages"}],"about":[{"href":"https:\/\/catapa.be\/nl\/wp-json\/wp\/v2\/types\/page"}],"author":[{"embeddable":true,"href":"https:\/\/catapa.be\/nl\/wp-json\/wp\/v2\/users\/68"}],"replies":[{"embeddable":true,"href":"https:\/\/catapa.be\/nl\/wp-json\/wp\/v2\/comments?post=34274"}],"version-history":[{"count":7,"href":"https:\/\/catapa.be\/nl\/wp-json\/wp\/v2\/pages\/34274\/revisions"}],"predecessor-version":[{"id":34552,"href":"https:\/\/catapa.be\/nl\/wp-json\/wp\/v2\/pages\/34274\/revisions\/34552"}],"wp:featuredmedia":[{"embeddable":true,"href":"https:\/\/catapa.be\/nl\/wp-json\/wp\/v2\/media\/34275"}],"wp:attachment":[{"href":"https:\/\/catapa.be\/nl\/wp-json\/wp\/v2\/media?parent=34274"}],"curies":[{"name":"wp","href":"https:\/\/api.w.org\/{rel}","templated":true}]}}