{"id":35083,"date":"2024-02-14T17:01:48","date_gmt":"2024-02-14T16:01:48","guid":{"rendered":"https:\/\/catapa.be\/bedankt-om-zorg-hoop-en-veerkracht-mogelijk-te-maken\/"},"modified":"2024-02-14T18:36:51","modified_gmt":"2024-02-14T17:36:51","slug":"bedankt-om-zorg-hoop-en-veerkracht-mogelijk-te-maken","status":"publish","type":"page","link":"https:\/\/catapa.be\/nl\/bedankt-om-zorg-hoop-en-veerkracht-mogelijk-te-maken\/","title":{"rendered":"Bedankt om zorg, hoop en veerkracht mogelijk te maken"},"content":{"rendered":"<p><strong>Afgelopen herfst vroegen we je om een donatie om de Encuentro te realiseren. De bijeenkomst van milieuverdedigers uit de hele Andes en Catapistas gaf de aanzet voor het Network of Territories for the Right To Say No. Catapista Truike was erbij om de zorg, hoop en veerkracht van de verdedigers in zich op te nemen. Lees haar verslag hieronder. Ge\u00efnspireerd maar nog niet gedoneerd? Het is nog niet te laat! <a href=\"https:\/\/catapa.be\/nl\/doe-mee\/doneer-nu\/\">Klik op deze link en doneer aan onze partners in de Andes<\/a>.<\/strong><\/p>\n<p><span style=\"font-weight: 400;\">In november begon een intrigerende reis tijdens de Right to Say No Andes-bijeenkomst (of Encuentro del Derecho a Decir No) &#8211; een uitwisselingsweek waarin we samenkwamen met vertegenwoordigers van onze partnerorganisaties. De essentie van deze ervaring vatten is een uitdaging, maar laten we het proberen met deze drie woorden: zorg, veerkracht en hoop.\u00a0<\/span><\/p>\n<p><span style=\"font-weight: 400;\">Zorg. We kwamen samen om onze ervaringen te delen en verbinding te zoeken met elkaar, maar ook met de natuur en het land dat we verdedigen. We verzamelden in de Ecuadoraanse hoofdstad Quito en de wijdere regio van de stad waar onze partners Acci\u00f3n Ecol\u00f3gica en Red de j\u00f3venes del Choc\u00f3 Andino (RJCA) het gebied beschermen tegen aankomende mijnbouwprojecten, groot- en kleinschalig. Door middel van de grote Quito Sin Miner\u00eda campagne hebben ze er bij de regering op aangedrongen om een referendum te houden over de toekomst van mijnbouw in het gebied. Het referendum was succesvol en zorgde ervoor dat het natuurreservaat &#8216;Choc\u00f3 Andino&#8217; gespaard blijft van toekomstige mijnbouwprojecten. We bezochten het reservaat, spraken met de mensen die een alternatieve toekomst voor hun gebied voor ogen hadden en voelden hun energie en trots voor het land dat ze verdedigden. We bezochten enkele van hun projecten die via ecotoerisme en duurzame landbouw een duurzame toekomst bieden voor de Choc\u00f3 Andino, in tegenstelling tot extractivisme en haar ecologische destructie. Het is een prachtige plek, de verscheidenheid aan fauna en flora, het sociale weefsel, de gemeenschappen, cultuur en sociale geschiedenis tonen allemaal het belang van het behoud van dit land. Het waren hun directe acties en evenementen die mensen bewust maakten van de gevolgen van mijnbouw en ervoor zorgden dat ze kwamen opdagen voor het referendum. Door het land kwamen we ook met elkaar in contact, we luisterden naar elkaars verhalen, deelden elkaars pijn en overwinningen. We gaven advies en leerden van elkaar. We voelden een enorme hoeveelheid wederzijdse zorg en steun.\u00a0<\/span><\/p>\n<p><span style=\"font-weight: 400;\">Veerkracht. Een paar Catapista&#8217;s namen live deel aan de Encuentro, met anderen waren we verbonden via uitwisselingsactiviteiten door het bewegingsweekend dat tegelijkertijd plaatsvond. De andere deelnemers aan de bijeenkomst in Ecuador vertegenwoordigden verschillende gemeenschappen en bewegingen uit Ecuador, Colombia, Brazili\u00eb, Peru en Bolivia. De verhalen van elk van deze activisten waren ontroerend. Sommigen strijden al tientallen jaren voor gerechtigheid nadat mijnrampen hele regio&#8217;s verwoestten of ze strijden tegen mijnbouwprojecten die het gebied al eeuwenlang vervuilen. Ze moeten daarbij vaak ingaan tegen een diepgewortelde cultuur en economie die gebaseerd is op het bestaan van mijnbouw. Anderen mobiliseren zich en zetten grote campagnes op omdat mijnbouwbedrijven gebieden in hun regio, onaangetast door extractivisme en vervuiling,\u00a0 verkennen. Sommigen nemen de rol van sociaal leider of frontlijnverdediger op binnen hun gemeenschap en worden daarom met de dood bedreigd en onderdrukt. Anderen vervullen ondersteunende rollen in grotere milieuorganisaties en -bewegingen die verschillende gemeenschappen verenigen in grotere campagnes of juridische ondersteuning bieden aan de frontlijnverdedigers. Verschillende realiteiten, maar er is \u00e9\u00e9n rode draad in hun verhalen: het niet aflatende verzet tegen grootschalige mijnbouwactiviteiten die hun omgeving bedreigen. Mensen die met gevaar voor eigen leven blijven vechten voor gerechtigheid, omdat er meer op het spel staat als ze dat niet doen. Verhalen van kracht en veerkracht tegenover grote, machtige en manipulatieve multinationals. Hun kracht komt voort uit een diepe liefde voor hun gemeenschappen en gebieden, ze overstijgt de angst voor consequenties in hun strijd om te beschermen wat hen dierbaar is.\u00a0<\/span><\/p>\n<p><span style=\"font-weight: 400;\">Hoop. Samen hebben we ons de toekomst voorgesteld, hebben we een strategie uitgestippeld om meer samen te werken en sterker te staan in het beschermen van ons land, onze gedeelde planeet. Hoop overwint, zelfs wanneer de tegenstand groot en machtig is. De zaden van een nieuw netwerk werden geplant: la Red de los territorios por el derecho a decir no (Netwerk van Grondgebieden voor het Recht om Nee te Zeggen). Blijf op de hoogte voor meer nieuws over dit initiatief. Energiek en gewapend met hernieuwde vastberadenheid vertrokken we met een collectieve toewijding om de wereld rechtvaardiger te maken. Een wereld die vrij is van de vernietiging door mijnbouw, waar gemeenschap en land weer centraal staan. Als we terugkeren naar onze bewegingen en gemeenschappen, delen we onze nieuw verworven kennis en verspreiden we het katalyserende effect van de Encuentro &#8211; een bron van hoop en hernieuwde kracht voor positieve verandering.\u00a0<\/span><\/p>\n<p><span style=\"font-weight: 400;\">Dank aan elke deelnemer voor het bijdragen aan deze reis en aan degenen wier donaties de uitwisseling mogelijk maakten.<br \/>\n<\/span><\/p>\n<p>Wil je graag nog een kijk op de Encuentro? <a href=\"https:\/\/catapa.be\/nl\/verslag-encuentro-del-derecho-a-decir-no\/\">Lees hier het verslag van Connor.<\/a><\/p>\n","protected":false},"excerpt":{"rendered":"<p>Afgelopen herfst vroegen we je om een donatie om de Encuentro te realiseren. De bijeenkomst van milieuverdedigers uit de hele Andes en Catapistas gaf de aanzet voor het Network of Territories for the Right To<br \/><a class=\"read-more\" href=\"https:\/\/catapa.be\/nl\/bedankt-om-zorg-hoop-en-veerkracht-mogelijk-te-maken\/\">Read More<\/a><\/p>\n","protected":false},"author":72,"featured_media":0,"parent":0,"menu_order":0,"comment_status":"closed","ping_status":"closed","template":"","meta":{"_exactmetrics_skip_tracking":false,"_exactmetrics_sitenote_active":false,"_exactmetrics_sitenote_note":"","_exactmetrics_sitenote_category":0,"jetpack_post_was_ever_published":false,"footnotes":""},"class_list":["post-35083","page","type-page","status-publish","hentry"],"yoast_head":"<!-- This site is optimized with the Yoast SEO plugin v26.8 - https:\/\/yoast.com\/product\/yoast-seo-wordpress\/ -->\n<title>Bedankt om zorg, hoop en veerkracht mogelijk te maken - CATAPA vzw<\/title>\n<meta name=\"robots\" content=\"index, follow, max-snippet:-1, max-image-preview:large, max-video-preview:-1\" \/>\n<link rel=\"canonical\" href=\"https:\/\/catapa.be\/nl\/bedankt-om-zorg-hoop-en-veerkracht-mogelijk-te-maken\/\" \/>\n<meta property=\"og:locale\" content=\"nl_NL\" \/>\n<meta property=\"og:type\" content=\"article\" \/>\n<meta property=\"og:title\" content=\"Bedankt om zorg, hoop en veerkracht mogelijk te maken - CATAPA vzw\" \/>\n<meta property=\"og:description\" content=\"Afgelopen herfst vroegen we je om een donatie om de Encuentro te realiseren. De bijeenkomst van milieuverdedigers uit de hele Andes en Catapistas gaf de aanzet voor het Network of Territories for the Right ToRead More\" \/>\n<meta property=\"og:url\" content=\"https:\/\/catapa.be\/nl\/bedankt-om-zorg-hoop-en-veerkracht-mogelijk-te-maken\/\" \/>\n<meta property=\"og:site_name\" content=\"CATAPA vzw\" \/>\n<meta property=\"article:publisher\" content=\"https:\/\/www.facebook.com\/catapa.belgium\/\" \/>\n<meta property=\"article:modified_time\" content=\"2024-02-14T17:36:51+00:00\" \/>\n<meta name=\"twitter:card\" content=\"summary_large_image\" \/>\n<meta name=\"twitter:site\" content=\"@CATAPA_Belgica\" \/>\n<meta name=\"twitter:label1\" content=\"Geschatte leestijd\" \/>\n\t<meta name=\"twitter:data1\" content=\"4 minuten\" \/>\n<script type=\"application\/ld+json\" class=\"yoast-schema-graph\">{\"@context\":\"https:\/\/schema.org\",\"@graph\":[{\"@type\":\"WebPage\",\"@id\":\"https:\/\/catapa.be\/nl\/bedankt-om-zorg-hoop-en-veerkracht-mogelijk-te-maken\/\",\"url\":\"https:\/\/catapa.be\/nl\/bedankt-om-zorg-hoop-en-veerkracht-mogelijk-te-maken\/\",\"name\":\"Bedankt om zorg, hoop en veerkracht mogelijk te maken - CATAPA vzw\",\"isPartOf\":{\"@id\":\"https:\/\/catapa.be\/nl\/#website\"},\"datePublished\":\"2024-02-14T16:01:48+00:00\",\"dateModified\":\"2024-02-14T17:36:51+00:00\",\"breadcrumb\":{\"@id\":\"https:\/\/catapa.be\/nl\/bedankt-om-zorg-hoop-en-veerkracht-mogelijk-te-maken\/#breadcrumb\"},\"inLanguage\":\"nl-NL\",\"potentialAction\":[{\"@type\":\"ReadAction\",\"target\":[\"https:\/\/catapa.be\/nl\/bedankt-om-zorg-hoop-en-veerkracht-mogelijk-te-maken\/\"]}]},{\"@type\":\"BreadcrumbList\",\"@id\":\"https:\/\/catapa.be\/nl\/bedankt-om-zorg-hoop-en-veerkracht-mogelijk-te-maken\/#breadcrumb\",\"itemListElement\":[{\"@type\":\"ListItem\",\"position\":1,\"name\":\"Home\",\"item\":\"https:\/\/catapa.be\/nl\/\"},{\"@type\":\"ListItem\",\"position\":2,\"name\":\"Bedankt om zorg, hoop en veerkracht mogelijk te maken\"}]},{\"@type\":\"WebSite\",\"@id\":\"https:\/\/catapa.be\/nl\/#website\",\"url\":\"https:\/\/catapa.be\/nl\/\",\"name\":\"CATAPA vzw\",\"description\":\"Comit\u00e9 Acad\u00e9mico T\u00e9cnico de Asesoramiento a Problemas Ambientales\",\"publisher\":{\"@id\":\"https:\/\/catapa.be\/nl\/#organization\"},\"potentialAction\":[{\"@type\":\"SearchAction\",\"target\":{\"@type\":\"EntryPoint\",\"urlTemplate\":\"https:\/\/catapa.be\/nl\/?s={search_term_string}\"},\"query-input\":{\"@type\":\"PropertyValueSpecification\",\"valueRequired\":true,\"valueName\":\"search_term_string\"}}],\"inLanguage\":\"nl-NL\"},{\"@type\":\"Organization\",\"@id\":\"https:\/\/catapa.be\/nl\/#organization\",\"name\":\"CATAPA vzw\",\"url\":\"https:\/\/catapa.be\/nl\/\",\"logo\":{\"@type\":\"ImageObject\",\"inLanguage\":\"nl-NL\",\"@id\":\"https:\/\/catapa.be\/nl\/#\/schema\/logo\/image\/\",\"url\":\"https:\/\/i0.wp.com\/catapa.be\/wp-content\/uploads\/2019\/02\/NEW20LOGO20SHORT20PNG1.png?fit=1259%2C1321&ssl=1\",\"contentUrl\":\"https:\/\/i0.wp.com\/catapa.be\/wp-content\/uploads\/2019\/02\/NEW20LOGO20SHORT20PNG1.png?fit=1259%2C1321&ssl=1\",\"width\":1259,\"height\":1321,\"caption\":\"CATAPA vzw\"},\"image\":{\"@id\":\"https:\/\/catapa.be\/nl\/#\/schema\/logo\/image\/\"},\"sameAs\":[\"https:\/\/www.facebook.com\/catapa.belgium\/\",\"https:\/\/x.com\/CATAPA_Belgica\",\"https:\/\/www.instagram.com\/catapa_vzw\/\",\"https:\/\/be.linkedin.com\/company\/catapavzw\",\"https:\/\/www.youtube.com\/channel\/UCE52-Fiyv-Fpqf2gi1qhf1g\"]}]}<\/script>\n<!-- \/ Yoast SEO plugin. -->","yoast_head_json":{"title":"Bedankt om zorg, hoop en veerkracht mogelijk te maken - CATAPA vzw","robots":{"index":"index","follow":"follow","max-snippet":"max-snippet:-1","max-image-preview":"max-image-preview:large","max-video-preview":"max-video-preview:-1"},"canonical":"https:\/\/catapa.be\/nl\/bedankt-om-zorg-hoop-en-veerkracht-mogelijk-te-maken\/","og_locale":"nl_NL","og_type":"article","og_title":"Bedankt om zorg, hoop en veerkracht mogelijk te maken - CATAPA vzw","og_description":"Afgelopen herfst vroegen we je om een donatie om de Encuentro te realiseren. De bijeenkomst van milieuverdedigers uit de hele Andes en Catapistas gaf de aanzet voor het Network of Territories for the Right ToRead More","og_url":"https:\/\/catapa.be\/nl\/bedankt-om-zorg-hoop-en-veerkracht-mogelijk-te-maken\/","og_site_name":"CATAPA vzw","article_publisher":"https:\/\/www.facebook.com\/catapa.belgium\/","article_modified_time":"2024-02-14T17:36:51+00:00","twitter_card":"summary_large_image","twitter_site":"@CATAPA_Belgica","twitter_misc":{"Geschatte leestijd":"4 minuten"},"schema":{"@context":"https:\/\/schema.org","@graph":[{"@type":"WebPage","@id":"https:\/\/catapa.be\/nl\/bedankt-om-zorg-hoop-en-veerkracht-mogelijk-te-maken\/","url":"https:\/\/catapa.be\/nl\/bedankt-om-zorg-hoop-en-veerkracht-mogelijk-te-maken\/","name":"Bedankt om zorg, hoop en veerkracht mogelijk te maken - CATAPA vzw","isPartOf":{"@id":"https:\/\/catapa.be\/nl\/#website"},"datePublished":"2024-02-14T16:01:48+00:00","dateModified":"2024-02-14T17:36:51+00:00","breadcrumb":{"@id":"https:\/\/catapa.be\/nl\/bedankt-om-zorg-hoop-en-veerkracht-mogelijk-te-maken\/#breadcrumb"},"inLanguage":"nl-NL","potentialAction":[{"@type":"ReadAction","target":["https:\/\/catapa.be\/nl\/bedankt-om-zorg-hoop-en-veerkracht-mogelijk-te-maken\/"]}]},{"@type":"BreadcrumbList","@id":"https:\/\/catapa.be\/nl\/bedankt-om-zorg-hoop-en-veerkracht-mogelijk-te-maken\/#breadcrumb","itemListElement":[{"@type":"ListItem","position":1,"name":"Home","item":"https:\/\/catapa.be\/nl\/"},{"@type":"ListItem","position":2,"name":"Bedankt om zorg, hoop en veerkracht mogelijk te maken"}]},{"@type":"WebSite","@id":"https:\/\/catapa.be\/nl\/#website","url":"https:\/\/catapa.be\/nl\/","name":"CATAPA vzw","description":"Comit\u00e9 Acad\u00e9mico T\u00e9cnico de Asesoramiento a Problemas Ambientales","publisher":{"@id":"https:\/\/catapa.be\/nl\/#organization"},"potentialAction":[{"@type":"SearchAction","target":{"@type":"EntryPoint","urlTemplate":"https:\/\/catapa.be\/nl\/?s={search_term_string}"},"query-input":{"@type":"PropertyValueSpecification","valueRequired":true,"valueName":"search_term_string"}}],"inLanguage":"nl-NL"},{"@type":"Organization","@id":"https:\/\/catapa.be\/nl\/#organization","name":"CATAPA vzw","url":"https:\/\/catapa.be\/nl\/","logo":{"@type":"ImageObject","inLanguage":"nl-NL","@id":"https:\/\/catapa.be\/nl\/#\/schema\/logo\/image\/","url":"https:\/\/i0.wp.com\/catapa.be\/wp-content\/uploads\/2019\/02\/NEW20LOGO20SHORT20PNG1.png?fit=1259%2C1321&ssl=1","contentUrl":"https:\/\/i0.wp.com\/catapa.be\/wp-content\/uploads\/2019\/02\/NEW20LOGO20SHORT20PNG1.png?fit=1259%2C1321&ssl=1","width":1259,"height":1321,"caption":"CATAPA vzw"},"image":{"@id":"https:\/\/catapa.be\/nl\/#\/schema\/logo\/image\/"},"sameAs":["https:\/\/www.facebook.com\/catapa.belgium\/","https:\/\/x.com\/CATAPA_Belgica","https:\/\/www.instagram.com\/catapa_vzw\/","https:\/\/be.linkedin.com\/company\/catapavzw","https:\/\/www.youtube.com\/channel\/UCE52-Fiyv-Fpqf2gi1qhf1g"]}]}},"jetpack_sharing_enabled":true,"jetpack_likes_enabled":true,"jetpack-related-posts":[{"id":33923,"url":"https:\/\/catapa.be\/nl\/ons-werk\/campagnes\/het-recht-om-nee-te-zeggen\/right-to-say-no-bijeenkomst-in-de-andes\/","url_meta":{"origin":35083,"position":0},"title":"Right To Say No bijeenkomst in de Andes","author":"Simon Berlo","date":"7 augustus 2023","format":false,"excerpt":"[vc_section][vc_row css=\".vc_custom_1690880892961{margin-top: 0px !important;margin-bottom: 0px !important;border-top-width: 0px !important;border-bottom-width: 0px !important;padding-top: 0px !important;padding-bottom: 0px !important;}\"][vc_column css=\".vc_custom_1690880879850{margin-top: 0px !important;margin-bottom: 0px !important;border-top-width: 0px !important;border-bottom-width: 0px !important;padding-top: 0px !important;padding-bottom: 0px !important;}\"][vc_column_text] Kennisuitwisseling en solidariteit in het verzet tegen mijnbouw [\/vc_column_text][vc_column_text]Om de vier jaar ontmoeten de partners van CATAPA elkaar op het grondgebied van een\u2026","rel":"","context":"Soortgelijk bericht","block_context":{"text":"Soortgelijk bericht","link":""},"img":{"alt_text":"","src":"","width":0,"height":0},"classes":[]},{"id":33786,"url":"https:\/\/catapa.be\/nl\/ons-werk\/campagnes\/het-recht-om-nee-te-zeggen\/","url_meta":{"origin":35083,"position":1},"title":"Het recht om &#8216;nee&#8217; te zeggen","author":"Estefan\u00eda","date":"19 juli 2023","format":false,"excerpt":"[vc_row full_width=\"stretch_row\" css=\".vc_custom_1535376197063{margin-bottom: 0px !important;border-bottom-width: 0px !important;padding-bottom: 0px !important;background-color: #efefef !important;}\" el_id=\"nieuwste-artikelen\"][vc_column css=\".vc_custom_1535376096604{margin-top: 0px !important;margin-bottom: 0px !important;border-top-width: 0px !important;border-bottom-width: 0px !important;padding-top: 0px !important;padding-bottom: 0px !important;}\"][vc_cta h2=\"Steun het recht om 'nee' te zeggen!\" add_button=\"bottom\" btn_title=\"Doneer en steun het recht om 'nee' te zeggen\" btn_color=\"success\" btn_align=\"center\" btn_link=\"url:https%3A%2F%2Fcatapa.be%2Fnl%2Fdoe-mee%2Fdoneer-nu%2F|target:_blank\"]Vraag je je af hoe je\u2026","rel":"","context":"Soortgelijk bericht","block_context":{"text":"Soortgelijk bericht","link":""},"img":{"alt_text":"","src":"https:\/\/i0.wp.com\/catapa.be\/wp-content\/uploads\/2023\/02\/WhatsApp-Image-2023-01-18-at-15.52.04-300x200.jpeg?resize=350%2C200&ssl=1","width":350,"height":200},"classes":[]},{"id":3026,"url":"https:\/\/catapa.be\/nl\/doe-mee\/bewuste-consument\/","url_meta":{"origin":35083,"position":2},"title":"Bewust consumeren","author":"Alienor de Sas","date":"20 mei 2018","format":false,"excerpt":"[vc_row full_width=\"stretch_row\" content_placement=\"middle\" css=\".vc_custom_1534947891952{background-color: #f7f7f7 !important;}\"][vc_column][vc_cta h2=\"BEWUST CONSUMEREN IN 7 STAPPEN\" h4=\"Goud in je laptop, zilver in je horloge, koper in elektriciteitskabels: de wereldwijde vraag naar metalen stijgt exponentieel en de ontginning ervan gaat vaak gepaard met mensenrechtenschendingen en ecologische destructie. Daarnaast is de gebruiksduur van bijvoorbeeld ICT-toestellen zeer kort\u2026","rel":"","context":"Soortgelijk bericht","block_context":{"text":"Soortgelijk bericht","link":""},"img":{"alt_text":"","src":"","width":0,"height":0},"classes":[]},{"id":28011,"url":"https:\/\/catapa.be\/nl\/ctrlaltdelete-doe-mee-2\/","url_meta":{"origin":35083,"position":3},"title":"DOE MEE!","author":"Mathieu Cieters","date":"17 februari 2022","format":false,"excerpt":"[vc_row css=\".vc_custom_1645369009320{padding-top: 0px !important;padding-right: 0px !important;padding-bottom: 0px !important;padding-left: 20px !important;background-color: #fdf22a !important;}\"][vc_column width=\"1\/2\"][vc_column_text el_class=\"blauwetekst schreefloos hoofdletters\" css=\".vc_custom_1645369211614{padding-top: 35px !important;}\"]Doe mee & Stop #ExpresDefect![\/vc_column_text][vc_column_text el_class=\"blauwetekst schreefloos kleinetekst\"]De Ctrl Alt Delete campagne wil geplande veroudering en dus #ExpresDefect een halt toeroepen. Het bewust ontwerpen van producten met een korte levensduur is niet\u2026","rel":"","context":"Soortgelijk bericht","block_context":{"text":"Soortgelijk bericht","link":""},"img":{"alt_text":"","src":"","width":0,"height":0},"classes":[]},{"id":27988,"url":"https:\/\/catapa.be\/nl\/ctrlaltdelete-geplande-veroudering\/","url_meta":{"origin":35083,"position":4},"title":"GEPLANDE VEROUDERING","author":"Mathieu Cieters","date":"17 februari 2022","format":false,"excerpt":"[vc_row equal_height=\"yes\" css=\".vc_custom_1707829404986{padding-top: 0px !important;padding-right: 0px !important;padding-bottom: 0px !important;padding-left: 20px !important;background-color: #ffffff !important;background-position: center !important;background-repeat: no-repeat !important;background-size: cover !important;}\"][vc_column width=\"1\/2\"][vc_column_text el_class=\"blauwetekst schreefloos hoofdletters\" css=\".vc_custom_1645183470052{padding-top: 35px !important;padding-bottom: 0px !important;}\"] Geplande veroudering in een notendop. [\/vc_column_text][vc_column_text el_class=\"blauwetekst schreefloos kleinetekst hoofdletters\"]Al voorgehad dat\u2026[\/vc_column_text][vc_column_text el_class=\"blauwetekst schreefloos kleinetekst\"] Je laptop net na de garantieperiode stuk\u2026","rel":"","context":"Soortgelijk bericht","block_context":{"text":"Soortgelijk bericht","link":""},"img":{"alt_text":"","src":"","width":0,"height":0},"classes":[]},{"id":35171,"url":"https:\/\/catapa.be\/nl\/right-to-say-no-tour-24\/","url_meta":{"origin":35083,"position":5},"title":"Right to Say No Tour &#8217;24","author":"Koerian","date":"7 maart 2024","format":false,"excerpt":"[vc_row css=\".vc_custom_1709819520514{padding-bottom: -500px !important;}\"][vc_column width=\"1\/2\" css=\".vc_custom_1709819510315{padding-bottom: -500px !important;}\"][vc_column_text]De Right To Say No Tour is terug. Dit jaar ontvangen we twee activisten, Carolina en Wilder, die strijden tegen mijnbouw in de regio Falan, Colombia. Kolonialisme maakt er een comeback - drie mijnbouwmultinationals exploreren het gebied op zoek naar edelmetalen. Als het\u2026","rel":"","context":"Soortgelijk bericht","block_context":{"text":"Soortgelijk bericht","link":""},"img":{"alt_text":"","src":"","width":0,"height":0},"classes":[]}],"_links":{"self":[{"href":"https:\/\/catapa.be\/nl\/wp-json\/wp\/v2\/pages\/35083","targetHints":{"allow":["GET"]}}],"collection":[{"href":"https:\/\/catapa.be\/nl\/wp-json\/wp\/v2\/pages"}],"about":[{"href":"https:\/\/catapa.be\/nl\/wp-json\/wp\/v2\/types\/page"}],"author":[{"embeddable":true,"href":"https:\/\/catapa.be\/nl\/wp-json\/wp\/v2\/users\/72"}],"replies":[{"embeddable":true,"href":"https:\/\/catapa.be\/nl\/wp-json\/wp\/v2\/comments?post=35083"}],"version-history":[{"count":1,"href":"https:\/\/catapa.be\/nl\/wp-json\/wp\/v2\/pages\/35083\/revisions"}],"predecessor-version":[{"id":35118,"href":"https:\/\/catapa.be\/nl\/wp-json\/wp\/v2\/pages\/35083\/revisions\/35118"}],"wp:attachment":[{"href":"https:\/\/catapa.be\/nl\/wp-json\/wp\/v2\/media?parent=35083"}],"curies":[{"name":"wp","href":"https:\/\/api.w.org\/{rel}","templated":true}]}}