{"id":7631,"date":"2018-08-27T15:46:42","date_gmt":"2018-08-27T13:46:42","guid":{"rendered":"http:\/\/catapa.be\/?page_id=7631"},"modified":"2019-04-23T19:20:04","modified_gmt":"2019-04-23T17:20:04","slug":"word-een-van-onze-changemakers","status":"publish","type":"page","link":"https:\/\/catapa.be\/nl\/doe-mee\/word-een-van-onze-changemakers\/","title":{"rendered":"Word \u00e9\u00e9n van onze changemakers"},"content":{"rendered":"<div class=\"wpb-content-wrapper\"><p>[vc_row equal_height=&#8221;yes&#8221;][vc_column css_animation=&#8221;none&#8221;][vc_cta h2=&#8221;Ben je benieuwd waar de metalen in je smartphone vandaan komen?&#8221; h4=&#8221;Wist je dat mijnbouw vaak mensenrechten schendt en vernietiging van het milieu teweegbrengt? Wil je meer kennis, vaardigheden en ervaring opdoen om bij te dragen aan een positieve verandering? Neem dan deel aan het changemaker-programma van CATAPA! Tijdens het programma leer je in detail over de ecologische en sociaal-economische impact van mijnbouw en verwerf je skills en strategie\u00ebn rond activisme. Het hele jaar door krijg je inzicht in hoe een volksbeweging functioneert en hoe je acties en bewustmakingsactiviteiten kunt opzetten om verandering te cre\u00ebren.&#8221; style=&#8221;custom&#8221; custom_background=&#8221;#01a053&#8243; custom_text=&#8221;#ffffff&#8221;][\/vc_cta][\/vc_column][\/vc_row][vc_row full_width=&#8221;stretch_row&#8221; content_placement=&#8221;middle&#8221; css=&#8221;.vc_custom_1534947891952{background-color: #f7f7f7 !important;}&#8221;][vc_column][vc_column_text]<\/p>\n<h2>Wat is het changemaker-programma?<\/h2>\n<p><span style=\"font-weight: 400;\">Het changemaker-programma werd ontworpen voor mensen die zich willen inzetten voor verandering en die zich bekommeren om het huidige globale systeem en de impact ervan op de mensen en de natuur. Als changemaker word je opgeleid en begeleid om op basis van je vaardigheden een actieve rol op te nemen binnen CATAPA. <\/span><\/p>\n<p><span style=\"font-weight: 400;\">Het programma maakt deel uit van CATAPA&#8217;s Make ICT Fair-project, waarbij we bewustzijn cre\u00ebren voor de problemen in de ICT-industrie, met specifieke aandacht voor de mijnbouw. <\/span><\/p>\n<div>\n<p>&nbsp;<\/p>\n<h2>Hoe ziet het programma eruit?<\/h2>\n<p><b>Het programma start in oktober<\/b><span style=\"font-weight: 400;\"> met een trainingsweekend over de impact van de mijnbouw, de ICT-industrie en over hoe je best campagne voert. Het exacte programma verandert ieder jaar: hou onze activiteitenpagina dus zeker in gaten! Hierop volgt de uitwerking van een publieke actie. Daarna word je uitgenodigd om deel te nemen aan ons <\/span><i><span style=\"font-weight: 400;\">movement<\/span><\/i><span style=\"font-weight: 400;\"> weekend op een interactieve manier te leren hoe onze organisatie verandering teweeg kan brengen. We stimuleren je om je vaardigheden om te zetten in actie: geef een workshop, organiseer een evenement rond bewustmaking, begeleid een internationale gastspreker tijdens de Open Min(e)d week in Belgi\u00eb &#8230; of vertel ons je eigen idee\u00ebn! <\/span><\/p>\n<p><span style=\"font-weight: 400;\">Eind juni nemen we je mee naar een internationale opleiding in het Verenigd Koninkrijk, georganiseerd door onze partner People &amp; Planet, waar je je kennis kan verbreden, je activistische vaardigheden verder kan ontwikkelen en je ervaringen in een internationale groep kan delen. <\/span><\/p>\n<p><span style=\"font-weight: 400;\">Ben je overweldigd? Dat is helemaal niet nodig. Iedereen kan deelnemen op zijn eigen tempo. Tijdens het programma organiseren we follow-up momenten met de changemakers<\/span><\/p>\n<p>&nbsp;<\/p>\n<h2>Wie kan deelnemen?<\/h2>\n<p><span style=\"font-weight: 400;\">Het changemaker-programma verwelkomt iedereen die: <\/span><\/p>\n<ul>\n<li style=\"font-weight: 400;\"><span style=\"font-weight: 400;\">ge\u00efnteresseerd is in thema&#8217;s rond mijnbouw, ICT-consumptie en -productie, mensenrechten, duurzame ontwikkeling, internationale solidariteit of verwante onderwerpen <\/span><\/li>\n<li style=\"font-weight: 400;\"><span style=\"font-weight: 400;\">leergierig is en zich wil engageren bij CATAPA<\/span><\/li>\n<li style=\"font-weight: 400;\"><span style=\"font-weight: 400;\">zich comfortabel voelt om in het Engels te communiceren<\/span><\/li>\n<\/ul>\n<p>&nbsp;<\/p>\n<h2>Hoe schrijf je je in?<\/h2>\n<p><span style=\"font-weight: 400;\">Idealiter start het programma in oktober of tijdens de internationale opleiding op het einde van juni in het VK. Kan je niet wachten tot dan om je aan te sluiten? Neem een kijkje op <a href=\"https:\/\/catapa.be\/nl\/doe-mee\/word-vrijwilliger\/\">Word vrijwilliger<\/a> of kom eens af naar een van onze <a href=\"\/?page_id=2983\">activiteiten<\/a>.<\/span><\/p>\n<\/div>\n<p>[\/vc_column_text][\/vc_column][\/vc_row][vc_row full_width=&#8221;stretch_row&#8221; content_placement=&#8221;middle&#8221; css=&#8221;.vc_custom_1535570403034{background: #f7f7f7 url(http:\/\/catapa.be\/wp-content\/uploads\/2018\/08\/DSC3118-1.jpg?id=7823) !important;background-position: center !important;background-repeat: no-repeat !important;background-size: cover !important;}&#8221;][vc_column][vc_btn title=&#8221;Heb je vragen? Aarzel niet om contact met ons op te nemen voor meer informatie!&#8221; style=&#8221;custom&#8221; custom_background=&#8221;#01a053&#8243; custom_text=&#8221;#ffffff&#8221; size=&#8221;lg&#8221; align=&#8221;center&#8221; i_align=&#8221;right&#8221; i_icon_fontawesome=&#8221;fa fa-chevron-right&#8221; css_animation=&#8221;bounceInDown&#8221; add_icon=&#8221;true&#8221; link=&#8221;url:http%3A%2F%2Fcatapa.be%2Fnl%2Fover-ons%2Fcontact%2F|||&#8221;][\/vc_column][\/vc_row][vc_row css=&#8221;.vc_custom_1535570488998{margin-top: 0px !important;margin-bottom: 0px !important;border-top-width: 0px !important;border-bottom-width: 0px !important;padding-bottom: 0px !important;}&#8221;][vc_column css=&#8221;.vc_custom_1535570471539{margin-top: 0px !important;margin-bottom: 0px !important;border-top-width: 0px !important;border-bottom-width: 0px !important;padding-top: 0px !important;padding-bottom: 0px !important;}&#8221;][vc_column_text]<\/p>\n<p class=\"highlight\"><img data-recalc-dims=\"1\" loading=\"lazy\" decoding=\"async\" class=\"wp-image-7587 alignleft\" src=\"https:\/\/i0.wp.com\/catapa.be\/wp-content\/uploads\/2018\/08\/flag_yellow_high.jpg?resize=98%2C65&#038;ssl=1\" alt=\"\" width=\"98\" height=\"65\" srcset=\"https:\/\/i0.wp.com\/catapa.be\/wp-content\/uploads\/2018\/08\/flag_yellow_high.jpg?resize=300%2C200&amp;ssl=1 300w, https:\/\/i0.wp.com\/catapa.be\/wp-content\/uploads\/2018\/08\/flag_yellow_high.jpg?resize=768%2C512&amp;ssl=1 768w, https:\/\/i0.wp.com\/catapa.be\/wp-content\/uploads\/2018\/08\/flag_yellow_high.jpg?resize=1024%2C683&amp;ssl=1 1024w, https:\/\/i0.wp.com\/catapa.be\/wp-content\/uploads\/2018\/08\/flag_yellow_high.jpg?w=1280&amp;ssl=1 1280w, https:\/\/i0.wp.com\/catapa.be\/wp-content\/uploads\/2018\/08\/flag_yellow_high.jpg?w=1920&amp;ssl=1 1920w\" sizes=\"auto, (max-width: 98px) 100vw, 98px\" \/>D<span style=\"font-weight: 400;\">it programma wordt georganiseerd met financi\u00eble steun van de Europese Unie. De inhoud van dit evenement valt uitsluitend onder de verantwoordelijkheid van CATAPA en kan in geen geval worden beschouwd als een weerspiegeling van het standpunt van de Europese Unie.<\/span><\/p>\n<p>[\/vc_column_text][\/vc_column][\/vc_row]<\/p>\n<\/div>","protected":false},"excerpt":{"rendered":"<p>[vc_row equal_height=&#8221;yes&#8221;][vc_column css_animation=&#8221;none&#8221;][vc_cta h2=&#8221;Ben je benieuwd waar de metalen in je smartphone vandaan komen?&#8221; h4=&#8221;Wist je dat mijnbouw vaak mensenrechten schendt en vernietiging van het milieu teweegbrengt? Wil je meer kennis, vaardigheden en ervaring opdoen<br \/><a class=\"read-more\" href=\"https:\/\/catapa.be\/nl\/doe-mee\/word-een-van-onze-changemakers\/\">Read More<\/a><\/p>\n","protected":false},"author":2,"featured_media":0,"parent":2964,"menu_order":3,"comment_status":"closed","ping_status":"closed","template":"","meta":{"_exactmetrics_skip_tracking":false,"_exactmetrics_sitenote_active":false,"_exactmetrics_sitenote_note":"","_exactmetrics_sitenote_category":0,"jetpack_post_was_ever_published":false,"footnotes":""},"class_list":["post-7631","page","type-page","status-publish","hentry"],"yoast_head":"<!-- This site is optimized with the Yoast SEO plugin v26.8 - https:\/\/yoast.com\/product\/yoast-seo-wordpress\/ -->\n<title>Word \u00e9\u00e9n van onze changemakers - CATAPA vzw<\/title>\n<meta name=\"robots\" content=\"index, follow, max-snippet:-1, max-image-preview:large, max-video-preview:-1\" \/>\n<link rel=\"canonical\" href=\"https:\/\/catapa.be\/nl\/doe-mee\/word-een-van-onze-changemakers\/\" \/>\n<meta property=\"og:locale\" content=\"nl_NL\" \/>\n<meta property=\"og:type\" content=\"article\" \/>\n<meta property=\"og:title\" content=\"Word \u00e9\u00e9n van onze changemakers - CATAPA vzw\" \/>\n<meta property=\"og:description\" content=\"[vc_row equal_height=&#8221;yes&#8221;][vc_column css_animation=&#8221;none&#8221;][vc_cta h2=&#8221;Ben je benieuwd waar de metalen in je smartphone vandaan komen?&#8221; h4=&#8221;Wist je dat mijnbouw vaak mensenrechten schendt en vernietiging van het milieu teweegbrengt? Wil je meer kennis, vaardigheden en ervaring opdoenRead More\" \/>\n<meta property=\"og:url\" content=\"https:\/\/catapa.be\/nl\/doe-mee\/word-een-van-onze-changemakers\/\" \/>\n<meta property=\"og:site_name\" content=\"CATAPA vzw\" \/>\n<meta property=\"article:publisher\" content=\"https:\/\/www.facebook.com\/catapa.belgium\/\" \/>\n<meta property=\"article:modified_time\" content=\"2019-04-23T17:20:04+00:00\" \/>\n<meta property=\"og:image\" content=\"https:\/\/catapa.be\/wp-content\/uploads\/2018\/08\/flag_yellow_high-300x200.jpg\" \/>\n<meta name=\"twitter:card\" content=\"summary_large_image\" \/>\n<meta name=\"twitter:site\" content=\"@CATAPA_Belgica\" \/>\n<meta name=\"twitter:label1\" content=\"Geschatte leestijd\" \/>\n\t<meta name=\"twitter:data1\" content=\"4 minuten\" \/>\n<script type=\"application\/ld+json\" class=\"yoast-schema-graph\">{\"@context\":\"https:\/\/schema.org\",\"@graph\":[{\"@type\":\"WebPage\",\"@id\":\"https:\/\/catapa.be\/nl\/doe-mee\/word-een-van-onze-changemakers\/\",\"url\":\"https:\/\/catapa.be\/nl\/doe-mee\/word-een-van-onze-changemakers\/\",\"name\":\"Word \u00e9\u00e9n van onze changemakers - CATAPA vzw\",\"isPartOf\":{\"@id\":\"https:\/\/catapa.be\/nl\/#website\"},\"primaryImageOfPage\":{\"@id\":\"https:\/\/catapa.be\/nl\/doe-mee\/word-een-van-onze-changemakers\/#primaryimage\"},\"image\":{\"@id\":\"https:\/\/catapa.be\/nl\/doe-mee\/word-een-van-onze-changemakers\/#primaryimage\"},\"thumbnailUrl\":\"https:\/\/catapa.be\/wp-content\/uploads\/2018\/08\/flag_yellow_high-300x200.jpg\",\"datePublished\":\"2018-08-27T13:46:42+00:00\",\"dateModified\":\"2019-04-23T17:20:04+00:00\",\"breadcrumb\":{\"@id\":\"https:\/\/catapa.be\/nl\/doe-mee\/word-een-van-onze-changemakers\/#breadcrumb\"},\"inLanguage\":\"nl-NL\",\"potentialAction\":[{\"@type\":\"ReadAction\",\"target\":[\"https:\/\/catapa.be\/nl\/doe-mee\/word-een-van-onze-changemakers\/\"]}]},{\"@type\":\"ImageObject\",\"inLanguage\":\"nl-NL\",\"@id\":\"https:\/\/catapa.be\/nl\/doe-mee\/word-een-van-onze-changemakers\/#primaryimage\",\"url\":\"https:\/\/catapa.be\/wp-content\/uploads\/2018\/08\/flag_yellow_high-300x200.jpg\",\"contentUrl\":\"https:\/\/catapa.be\/wp-content\/uploads\/2018\/08\/flag_yellow_high-300x200.jpg\"},{\"@type\":\"BreadcrumbList\",\"@id\":\"https:\/\/catapa.be\/nl\/doe-mee\/word-een-van-onze-changemakers\/#breadcrumb\",\"itemListElement\":[{\"@type\":\"ListItem\",\"position\":1,\"name\":\"Home\",\"item\":\"https:\/\/catapa.be\/nl\/\"},{\"@type\":\"ListItem\",\"position\":2,\"name\":\"Doe mee\",\"item\":\"https:\/\/catapa.be\/nl\/doe-mee\/\"},{\"@type\":\"ListItem\",\"position\":3,\"name\":\"Word \u00e9\u00e9n van onze changemakers\"}]},{\"@type\":\"WebSite\",\"@id\":\"https:\/\/catapa.be\/nl\/#website\",\"url\":\"https:\/\/catapa.be\/nl\/\",\"name\":\"CATAPA vzw\",\"description\":\"Comit\u00e9 Acad\u00e9mico T\u00e9cnico de Asesoramiento a Problemas Ambientales\",\"publisher\":{\"@id\":\"https:\/\/catapa.be\/nl\/#organization\"},\"potentialAction\":[{\"@type\":\"SearchAction\",\"target\":{\"@type\":\"EntryPoint\",\"urlTemplate\":\"https:\/\/catapa.be\/nl\/?s={search_term_string}\"},\"query-input\":{\"@type\":\"PropertyValueSpecification\",\"valueRequired\":true,\"valueName\":\"search_term_string\"}}],\"inLanguage\":\"nl-NL\"},{\"@type\":\"Organization\",\"@id\":\"https:\/\/catapa.be\/nl\/#organization\",\"name\":\"CATAPA vzw\",\"url\":\"https:\/\/catapa.be\/nl\/\",\"logo\":{\"@type\":\"ImageObject\",\"inLanguage\":\"nl-NL\",\"@id\":\"https:\/\/catapa.be\/nl\/#\/schema\/logo\/image\/\",\"url\":\"https:\/\/i0.wp.com\/catapa.be\/wp-content\/uploads\/2019\/02\/NEW20LOGO20SHORT20PNG1.png?fit=1259%2C1321&ssl=1\",\"contentUrl\":\"https:\/\/i0.wp.com\/catapa.be\/wp-content\/uploads\/2019\/02\/NEW20LOGO20SHORT20PNG1.png?fit=1259%2C1321&ssl=1\",\"width\":1259,\"height\":1321,\"caption\":\"CATAPA vzw\"},\"image\":{\"@id\":\"https:\/\/catapa.be\/nl\/#\/schema\/logo\/image\/\"},\"sameAs\":[\"https:\/\/www.facebook.com\/catapa.belgium\/\",\"https:\/\/x.com\/CATAPA_Belgica\",\"https:\/\/www.instagram.com\/catapa_vzw\/\",\"https:\/\/be.linkedin.com\/company\/catapavzw\",\"https:\/\/www.youtube.com\/channel\/UCE52-Fiyv-Fpqf2gi1qhf1g\"]}]}<\/script>\n<!-- \/ Yoast SEO plugin. -->","yoast_head_json":{"title":"Word \u00e9\u00e9n van onze changemakers - CATAPA vzw","robots":{"index":"index","follow":"follow","max-snippet":"max-snippet:-1","max-image-preview":"max-image-preview:large","max-video-preview":"max-video-preview:-1"},"canonical":"https:\/\/catapa.be\/nl\/doe-mee\/word-een-van-onze-changemakers\/","og_locale":"nl_NL","og_type":"article","og_title":"Word \u00e9\u00e9n van onze changemakers - CATAPA vzw","og_description":"[vc_row equal_height=&#8221;yes&#8221;][vc_column css_animation=&#8221;none&#8221;][vc_cta h2=&#8221;Ben je benieuwd waar de metalen in je smartphone vandaan komen?&#8221; h4=&#8221;Wist je dat mijnbouw vaak mensenrechten schendt en vernietiging van het milieu teweegbrengt? Wil je meer kennis, vaardigheden en ervaring opdoenRead More","og_url":"https:\/\/catapa.be\/nl\/doe-mee\/word-een-van-onze-changemakers\/","og_site_name":"CATAPA vzw","article_publisher":"https:\/\/www.facebook.com\/catapa.belgium\/","article_modified_time":"2019-04-23T17:20:04+00:00","og_image":[{"url":"https:\/\/catapa.be\/wp-content\/uploads\/2018\/08\/flag_yellow_high-300x200.jpg","type":"","width":"","height":""}],"twitter_card":"summary_large_image","twitter_site":"@CATAPA_Belgica","twitter_misc":{"Geschatte leestijd":"4 minuten"},"schema":{"@context":"https:\/\/schema.org","@graph":[{"@type":"WebPage","@id":"https:\/\/catapa.be\/nl\/doe-mee\/word-een-van-onze-changemakers\/","url":"https:\/\/catapa.be\/nl\/doe-mee\/word-een-van-onze-changemakers\/","name":"Word \u00e9\u00e9n van onze changemakers - CATAPA vzw","isPartOf":{"@id":"https:\/\/catapa.be\/nl\/#website"},"primaryImageOfPage":{"@id":"https:\/\/catapa.be\/nl\/doe-mee\/word-een-van-onze-changemakers\/#primaryimage"},"image":{"@id":"https:\/\/catapa.be\/nl\/doe-mee\/word-een-van-onze-changemakers\/#primaryimage"},"thumbnailUrl":"https:\/\/catapa.be\/wp-content\/uploads\/2018\/08\/flag_yellow_high-300x200.jpg","datePublished":"2018-08-27T13:46:42+00:00","dateModified":"2019-04-23T17:20:04+00:00","breadcrumb":{"@id":"https:\/\/catapa.be\/nl\/doe-mee\/word-een-van-onze-changemakers\/#breadcrumb"},"inLanguage":"nl-NL","potentialAction":[{"@type":"ReadAction","target":["https:\/\/catapa.be\/nl\/doe-mee\/word-een-van-onze-changemakers\/"]}]},{"@type":"ImageObject","inLanguage":"nl-NL","@id":"https:\/\/catapa.be\/nl\/doe-mee\/word-een-van-onze-changemakers\/#primaryimage","url":"https:\/\/catapa.be\/wp-content\/uploads\/2018\/08\/flag_yellow_high-300x200.jpg","contentUrl":"https:\/\/catapa.be\/wp-content\/uploads\/2018\/08\/flag_yellow_high-300x200.jpg"},{"@type":"BreadcrumbList","@id":"https:\/\/catapa.be\/nl\/doe-mee\/word-een-van-onze-changemakers\/#breadcrumb","itemListElement":[{"@type":"ListItem","position":1,"name":"Home","item":"https:\/\/catapa.be\/nl\/"},{"@type":"ListItem","position":2,"name":"Doe mee","item":"https:\/\/catapa.be\/nl\/doe-mee\/"},{"@type":"ListItem","position":3,"name":"Word \u00e9\u00e9n van onze changemakers"}]},{"@type":"WebSite","@id":"https:\/\/catapa.be\/nl\/#website","url":"https:\/\/catapa.be\/nl\/","name":"CATAPA vzw","description":"Comit\u00e9 Acad\u00e9mico T\u00e9cnico de Asesoramiento a Problemas Ambientales","publisher":{"@id":"https:\/\/catapa.be\/nl\/#organization"},"potentialAction":[{"@type":"SearchAction","target":{"@type":"EntryPoint","urlTemplate":"https:\/\/catapa.be\/nl\/?s={search_term_string}"},"query-input":{"@type":"PropertyValueSpecification","valueRequired":true,"valueName":"search_term_string"}}],"inLanguage":"nl-NL"},{"@type":"Organization","@id":"https:\/\/catapa.be\/nl\/#organization","name":"CATAPA vzw","url":"https:\/\/catapa.be\/nl\/","logo":{"@type":"ImageObject","inLanguage":"nl-NL","@id":"https:\/\/catapa.be\/nl\/#\/schema\/logo\/image\/","url":"https:\/\/i0.wp.com\/catapa.be\/wp-content\/uploads\/2019\/02\/NEW20LOGO20SHORT20PNG1.png?fit=1259%2C1321&ssl=1","contentUrl":"https:\/\/i0.wp.com\/catapa.be\/wp-content\/uploads\/2019\/02\/NEW20LOGO20SHORT20PNG1.png?fit=1259%2C1321&ssl=1","width":1259,"height":1321,"caption":"CATAPA vzw"},"image":{"@id":"https:\/\/catapa.be\/nl\/#\/schema\/logo\/image\/"},"sameAs":["https:\/\/www.facebook.com\/catapa.belgium\/","https:\/\/x.com\/CATAPA_Belgica","https:\/\/www.instagram.com\/catapa_vzw\/","https:\/\/be.linkedin.com\/company\/catapavzw","https:\/\/www.youtube.com\/channel\/UCE52-Fiyv-Fpqf2gi1qhf1g"]}]}},"jetpack_sharing_enabled":true,"jetpack_likes_enabled":true,"jetpack-related-posts":[{"id":35171,"url":"https:\/\/catapa.be\/nl\/right-to-say-no-tour-24\/","url_meta":{"origin":7631,"position":0},"title":"Right to Say No Tour &#8217;24","author":"Koerian","date":"7 maart 2024","format":false,"excerpt":"[vc_row css=\".vc_custom_1709819520514{padding-bottom: -500px !important;}\"][vc_column width=\"1\/2\" css=\".vc_custom_1709819510315{padding-bottom: -500px !important;}\"][vc_column_text]De Right To Say No Tour is terug. Dit jaar ontvangen we twee activisten, Carolina en Wilder, die strijden tegen mijnbouw in de regio Falan, Colombia. Kolonialisme maakt er een comeback - drie mijnbouwmultinationals exploreren het gebied op zoek naar edelmetalen. Als het\u2026","rel":"","context":"Soortgelijk bericht","block_context":{"text":"Soortgelijk bericht","link":""},"img":{"alt_text":"","src":"","width":0,"height":0},"classes":[]},{"id":3032,"url":"https:\/\/catapa.be\/nl\/doe-mee\/doneer-nu\/","url_meta":{"origin":7631,"position":1},"title":"Doneer nu","author":"Alienor de Sas","date":"20 mei 2018","format":false,"excerpt":"[vc_row equal_height=\"yes\"][vc_column css_animation=\"none\"][vc_cta h2=\"Steun CATAPA\" h4=\"CATAPA is een groeiende, eigenzinnige en kritische beweging die durft tegen de stroom in te gaan in het belang van een meer duurzame en rechtvaardige planeet. We ondersteunen gemeenschappen in Latijns-Amerika die bedreigd worden door grootschalige mijnbouwprojecten en de sociale en ecologische impact hiervan. Daarnaast\u2026","rel":"","context":"Soortgelijk bericht","block_context":{"text":"Soortgelijk bericht","link":""},"img":{"alt_text":"","src":"","width":0,"height":0},"classes":[]},{"id":3026,"url":"https:\/\/catapa.be\/nl\/doe-mee\/bewuste-consument\/","url_meta":{"origin":7631,"position":2},"title":"Bewust consumeren","author":"Alienor de Sas","date":"20 mei 2018","format":false,"excerpt":"[vc_row full_width=\"stretch_row\" content_placement=\"middle\" css=\".vc_custom_1534947891952{background-color: #f7f7f7 !important;}\"][vc_column][vc_cta h2=\"BEWUST CONSUMEREN IN 7 STAPPEN\" h4=\"Goud in je laptop, zilver in je horloge, koper in elektriciteitskabels: de wereldwijde vraag naar metalen stijgt exponentieel en de ontginning ervan gaat vaak gepaard met mensenrechtenschendingen en ecologische destructie. Daarnaast is de gebruiksduur van bijvoorbeeld ICT-toestellen zeer kort\u2026","rel":"","context":"Soortgelijk bericht","block_context":{"text":"Soortgelijk bericht","link":""},"img":{"alt_text":"","src":"","width":0,"height":0},"classes":[]},{"id":33786,"url":"https:\/\/catapa.be\/nl\/ons-werk\/campagnes\/het-recht-om-nee-te-zeggen\/","url_meta":{"origin":7631,"position":3},"title":"Het recht om &#8216;nee&#8217; te zeggen","author":"Estefan\u00eda","date":"19 juli 2023","format":false,"excerpt":"[vc_row full_width=\"stretch_row\" css=\".vc_custom_1535376197063{margin-bottom: 0px !important;border-bottom-width: 0px !important;padding-bottom: 0px !important;background-color: #efefef !important;}\" el_id=\"nieuwste-artikelen\"][vc_column css=\".vc_custom_1535376096604{margin-top: 0px !important;margin-bottom: 0px !important;border-top-width: 0px !important;border-bottom-width: 0px !important;padding-top: 0px !important;padding-bottom: 0px !important;}\"][vc_cta h2=\"Steun het recht om 'nee' te zeggen!\" add_button=\"bottom\" btn_title=\"Doneer en steun het recht om 'nee' te zeggen\" btn_color=\"success\" btn_align=\"center\" btn_link=\"url:https%3A%2F%2Fcatapa.be%2Fnl%2Fdoe-mee%2Fdoneer-nu%2F|target:_blank\"]Vraag je je af hoe je\u2026","rel":"","context":"Soortgelijk bericht","block_context":{"text":"Soortgelijk bericht","link":""},"img":{"alt_text":"","src":"https:\/\/i0.wp.com\/catapa.be\/wp-content\/uploads\/2023\/02\/WhatsApp-Image-2023-01-18-at-15.52.04-300x200.jpeg?resize=350%2C200&ssl=1","width":350,"height":200},"classes":[]},{"id":28011,"url":"https:\/\/catapa.be\/nl\/ctrlaltdelete-doe-mee-2\/","url_meta":{"origin":7631,"position":4},"title":"DOE MEE!","author":"Mathieu Cieters","date":"17 februari 2022","format":false,"excerpt":"[vc_row css=\".vc_custom_1645369009320{padding-top: 0px !important;padding-right: 0px !important;padding-bottom: 0px !important;padding-left: 20px !important;background-color: #fdf22a !important;}\"][vc_column width=\"1\/2\"][vc_column_text el_class=\"blauwetekst schreefloos hoofdletters\" css=\".vc_custom_1645369211614{padding-top: 35px !important;}\"]Doe mee & Stop #ExpresDefect![\/vc_column_text][vc_column_text el_class=\"blauwetekst schreefloos kleinetekst\"]De Ctrl Alt Delete campagne wil geplande veroudering en dus #ExpresDefect een halt toeroepen. Het bewust ontwerpen van producten met een korte levensduur is niet\u2026","rel":"","context":"Soortgelijk bericht","block_context":{"text":"Soortgelijk bericht","link":""},"img":{"alt_text":"","src":"","width":0,"height":0},"classes":[]},{"id":32878,"url":"https:\/\/catapa.be\/nl\/catapa-verwelkomt-activistes-uit-ecuador\/","url_meta":{"origin":7631,"position":5},"title":"CATAPA verwelkomt activistes uit Ecuador","author":"Estefan\u00eda","date":"7 februari 2023","format":false,"excerpt":"[vc_row css=\".vc_custom_1675936624176{margin-top: 0px !important;margin-bottom: 0px !important;border-top-width: 0px !important;border-bottom-width: 0px !important;padding-top: 0px !important;padding-bottom: 0px !important;}\"][vc_column width=\"1\/2\"][vc_cta h2=\"Het recht om 'nee' te zeggen, van Ecuador tot Belgi\u00eb\"][\/vc_cta][vc_gallery type=\"flexslider_slide\" interval=\"10\" images=\"32762,32765,32756,32759,32768\" img_size=\"full\"][\/vc_column][vc_column width=\"1\/2\"][vc_cta h2=\"\" style=\"custom\" custom_background=\"#01a053\" custom_text=\"#ffffff\"]Ook dit jaar nodigt CATAPA activisten uit Latijns-Amerika uit om hun persoonlijke verhaal te brengen en het\u2026","rel":"","context":"Soortgelijk bericht","block_context":{"text":"Soortgelijk bericht","link":""},"img":{"alt_text":"","src":"https:\/\/i0.wp.com\/catapa.be\/wp-content\/uploads\/2023\/02\/webteaser.png?fit=1200%2C675&ssl=1&resize=350%2C200","width":350,"height":200,"srcset":"https:\/\/i0.wp.com\/catapa.be\/wp-content\/uploads\/2023\/02\/webteaser.png?fit=1200%2C675&ssl=1&resize=350%2C200 1x, https:\/\/i0.wp.com\/catapa.be\/wp-content\/uploads\/2023\/02\/webteaser.png?fit=1200%2C675&ssl=1&resize=525%2C300 1.5x, https:\/\/i0.wp.com\/catapa.be\/wp-content\/uploads\/2023\/02\/webteaser.png?fit=1200%2C675&ssl=1&resize=700%2C400 2x, https:\/\/i0.wp.com\/catapa.be\/wp-content\/uploads\/2023\/02\/webteaser.png?fit=1200%2C675&ssl=1&resize=1050%2C600 3x"},"classes":[]}],"_links":{"self":[{"href":"https:\/\/catapa.be\/nl\/wp-json\/wp\/v2\/pages\/7631","targetHints":{"allow":["GET"]}}],"collection":[{"href":"https:\/\/catapa.be\/nl\/wp-json\/wp\/v2\/pages"}],"about":[{"href":"https:\/\/catapa.be\/nl\/wp-json\/wp\/v2\/types\/page"}],"author":[{"embeddable":true,"href":"https:\/\/catapa.be\/nl\/wp-json\/wp\/v2\/users\/2"}],"replies":[{"embeddable":true,"href":"https:\/\/catapa.be\/nl\/wp-json\/wp\/v2\/comments?post=7631"}],"version-history":[{"count":9,"href":"https:\/\/catapa.be\/nl\/wp-json\/wp\/v2\/pages\/7631\/revisions"}],"predecessor-version":[{"id":11030,"href":"https:\/\/catapa.be\/nl\/wp-json\/wp\/v2\/pages\/7631\/revisions\/11030"}],"up":[{"embeddable":true,"href":"https:\/\/catapa.be\/nl\/wp-json\/wp\/v2\/pages\/2964"}],"wp:attachment":[{"href":"https:\/\/catapa.be\/nl\/wp-json\/wp\/v2\/media?parent=7631"}],"curies":[{"name":"wp","href":"https:\/\/api.w.org\/{rel}","templated":true}]}}