{"id":8800,"date":"2019-01-10T16:29:26","date_gmt":"2019-01-10T15:29:26","guid":{"rendered":"http:\/\/catapa.be\/?page_id=8800"},"modified":"2019-01-10T16:29:29","modified_gmt":"2019-01-10T15:29:29","slug":"mining-in-paradise","status":"publish","type":"page","link":"https:\/\/catapa.be\/nl\/mining-in-paradise\/","title":{"rendered":"Mining in Paradise"},"content":{"rendered":"<h1 style=\"text-align: center;\">\u00a0Mining in Paradise<\/h1>\n<p>Met de Mining in Paradise-campagne steunden CATAPA de boeren- en milieuorganisaties van vier provincies in Noord-Peru, die geen mijnbouw willen toelaten in hun streek. Omdat mijnbouwbedrijven mensenrechten schenden, lokale ontwikkelingsplannen doorkruisen en de meest biodiverse streek op Aarde, de tropische Andes, onherstelbare milieuschade dreigen toe te brengen. Hieronder vind je een uitgebreide lijst van de verwezenlijkingen van onze campagne.<\/p>\n<p>CATAPA en haar partnerorganisaties wilden met deze campagne:<\/p>\n<ul>\n<li>Tegemoetkomen aan de vraag naar informatie over mijnbouw in lokale boerengemeenschappen en hen ondersteunen in het opzetten van gezamenlijke acties,<\/li>\n<li>Het thema van no-go zones op de agenda van de regionale en nationale Peruaanse politiek krijgen,<\/li>\n<li>Burgers in Belgi\u00eb en andere Europese landen sensibiliseren over de mijnbouwproblematiek in Noord-Peru,<\/li>\n<li>Internationale solidariteit stimuleren met de boerenbevolking van Noord-Peru.<\/li>\n<\/ul>\n<p>Mede dankzij de hulp van de vele vrijwilligers en ondertekenaars van de petitie is onze campagne grotendeels geslaagd.<\/p>\n<h2>De campagne in Peru<\/h2>\n<h3>Op regionaal niveau, in Noord-Peru<\/h3>\n<p>&#8211; Het Frente, met ondersteuning van Red Muqui en CATAPA, gaf een tiental informatieve en participatieve workshops in verschillende dorpen over mijnbouw, globalisering en mensenrechten. In totaal namen meer dan 500 boeren deel aan deze workshops- waaronder heel wat jongeren. Ongeveer 70% van de bevolking in de overwegend rurale streek is arm en heeft weinig tot geen toegang tot onderwijs, noch informatie over mijnbouw.<\/p>\n<p>&#8211; Boerenorganisaties uit de vier provincies formuleerden samen, doorheen de verschillende workshops, de gezamenlijke verklaring &#8216;Zonas libres de miner\u00eda&#8217; (of: &#8216;No-go zones for mining&#8217;), waarin ze argumenteren waarom ze geen mijnbouw willen in hun streek. Hun belangrijkste eisen zijn: een ruimtelijk ordeningsproces met inspraak van de lokale bevolking en respect voor het leefmilieu, investeringen in de lokale ontwikkelingsalternatieven (landbouw en ecotoerisme) en de goedkeuring van een wettelijk mechanisme voor de raadpleging van inheemse volkeren.<\/p>\n<p>&#8211; Op 16 september, de derde verjaardag van een referendum waaruit bleek dat 97% van de lokale bevolking liever geen mijnbouw wil in de streek, werden publieke evenementen georganiseerd in de provincies Ayabaca en Huancabamba. Op die evenementen werden de verklaring publiek gemaakt en de campagnevideo&#8217;s vertoond. Honderden mensen waren hierop aanwezig.<\/p>\n<p>&#8211; Dankzij een persconferentie kreeg de campagne de aandacht van verschillende lokale kranten en radio&#8217;s. Ook werd de verklaring gepubliceerd in El Tiempo de Piura, \u00e9\u00e9n van de meest gelezen kranten in de streek.<\/p>\n<p>&#8211; De kandidaat-burgemeesters voor de lokale verkiezingen van 3 oktober, in de vier Noord-Peruaanse provincies, spraken zich uit over de verklaring, tijdens publieke debatten voorafgaand aan de verkiezingen. Verschillende van hen ondertekenden een &#8216;ethisch pact&#8217;, waarin ze beloofden de eisen van de verklaring respecteren. De sociale organisaties zullen hen aan dat pact houden.<\/p>\n<p>&#8211; Ook de twee nieuwe regionale gouverneurs van de streek beloofden in de media openlijk dat ze werk zouden maken van no-go zones voor mijnbouw. De nieuwe regionale gouverneur van Piura sloot trouwens een persoonlijke overeenkomst af met de boerenorganisaties, waarin hij belooft om geen mijnbouw toe te laten in de p\u00e1ramos en nevelwouden van de Andes, en de boerenorganisaties erkent als &#8216;beschermers van de p\u00e1ramos&#8217;.<\/p>\n<p>&#8211; Op 2 december 2010, 1 jaar na de dood van twee boerenleiders omwille van het mijnbouwconflict, sloten we de lokale campagne af met een evenement in de boerengemeenschap Segunda y Cajas. Hierop werd de dood van de twee leiders herdacht en informatie verspreid over de campagne in Lima en Europa. Ook op dit evenement waren honderden mensen aanwezig.<\/p>\n<h3>Op nationaal niveau, in Lima<\/h3>\n<p>&#8211; Er werd heel wat genetwerkt met ngo&#8217;s en sociale bewegingen, om de steun van het nationale en internationale middenveld voor de campagne te vergroten. Verschillende internationale ngo&#8217;s, zoals Oxfam America en Friends of the Earth US, schaarden zich mee achter de campagne.<\/p>\n<p>&#8211; Het productiehuis Guarango, dat eerder al documentaires over de mijnbouwproblematiek in Peru draaide, blikte i.s.m. CATAPA twee sensibiliserende campagnevideo&#8217;s in. Deze werd zowel vertoond op een tiental infomomenten in de hoofdstad, als in Noord-Peru en Europa.<\/p>\n<p>&#8211; Met ondersteuning van CATAPA en een parlementslid uit Noord-Peru, organiseerden onze partnerorganisaties Fedepaz en Cooperacci\u00f3n een nationaal forum in het Peruaanse Parlement over het campagnethema no-go zones for mining. Op dit forum gaven verschillende experts een lezing, kwamen vertegenwoordigers van lokale boerenbewegingen aan het woord en was er ruimte voor debat. Het forum haalde verschillende nationale kranten.<\/p>\n<p>&#8211; We publiceerden vier (digitale) informatieve bulletins, waarin telkens een bepaald campagnethema centraal stond. Deze bulletins werden door de campagnepartners verspreid naar het bredere publiek. Op het slotevenement van de campagne in Noord-Peru kregen de aanwezigen een samenvattend bulletin van de campagne, met o.a. foto&#8217;s van de verschillende activiteiten.<\/p>\n<p>&#8211; Samen met onze nationale partners en Friends of the Earth US stuurden we een kritische brief naar de aandeelhouders van Zijin, het Chinese mijnbouwbedrijf dat de hoofdaandeelhouder is van het R\u00edo Blanco-mijnbouwproject in Noord-Peru. Deze brief haalde The South China Morning Post, een belangrijke Chinese zakenkrant.<\/p>\n<h2>De campagne in Europa<\/h2>\n<p>&#8211; Op 16 september werd de website mininginparadise.org gelanceerd in 6 talen, met o.a. de verschillende campagnevideo&#8217;s en een online petitie om de verklaring &#8216;Zonas libres de miner\u00eda&#8217; te ondersteunen.<\/p>\n<p>&#8211; Op uitnodiging van CATAPA werd een Europese lezingenreeks met Peruaanse gasten georganiseerd.\u00a0 Onder de Peruaanse gasten bevonden zich onder meer Jos\u00e9 De Echave, econoom en mede-oprichter van CooperAcci\u00f3n, en de Noord-Peruaanse bioloog Fidel Torres. Verder waren er ook getuigen uit gemeenschappen die direct getroffen worden door de mijnbouw, zoals Josefina Aponte, boerenleidster uit Huancabamaba en Magdiel Carri\u00f3n, voozitter van de boerenbeweging FEPROCCA uit Ayabaca. Er waren lezingen met Peruaanse sprekers in Groot-Brittanni\u00eb, Belgi\u00eb, Nederland, Duitsland, Frankrijk, Spanje en Itali\u00eb, om de argumenten voor no-go zones for mining uiteen te zetten. Er waren talrijke lezingen en conferenties aan Vlaamse en Waalse hogescholen en universiteiten, met in totaal honderden aanwezigen.<\/p>\n<p>&#8211; Het hoogtepunt van deze tour was een internationale conferentie in Brussel. Een honderdtal aanwezigen woonden die bij. De conferentie leverde ook een uitgebreid artikel in De Morgen op over de campagne.<\/p>\n<p>&#8211; We schreven een bondig onderzoeksdossier, de wetenschappelijke en juridische fundering van de campagne.<\/p>\n<p>&#8211; In samenwerking met fotograaf Danny Veys werkten we de fototentoonstelling Mining in Paradise? uit, die de realiteit van Noord-Peru en de impact van grootschalige mijnbouw elders in het land in beeld brengt. Deze tentoonstelling was gedurende enkele maanden te bezichtigen in Brussel.<\/p>\n<p>&#8211; De e-petitie werd ondertekend door ongeveer 3000 mensen uit 75 verschillende landen en 140 verschillende grote en kleinere organisaties.<\/p>\n<p>&#8211; We verkochten (en verkopen nog steeds) de heerlijke CATAPA-koffie Caf\u00e9 por el Para\u00edso, i.s.m. Oxfam Wereldwinkels en Cepicaf\u00e9- een koffieco\u00f6peratief uit Noord-Peru.<\/p>\n","protected":false},"excerpt":{"rendered":"<p>\u00a0Mining in Paradise Met de Mining in Paradise-campagne steunden CATAPA de boeren- en milieuorganisaties van vier provincies in Noord-Peru, die geen mijnbouw willen toelaten in hun streek. Omdat mijnbouwbedrijven mensenrechten schenden, lokale ontwikkelingsplannen doorkruisen en<br \/><a class=\"read-more\" href=\"https:\/\/catapa.be\/nl\/mining-in-paradise\/\">Read More<\/a><\/p>\n","protected":false},"author":1,"featured_media":0,"parent":0,"menu_order":0,"comment_status":"closed","ping_status":"closed","template":"","meta":{"_exactmetrics_skip_tracking":false,"_exactmetrics_sitenote_active":false,"_exactmetrics_sitenote_note":"","_exactmetrics_sitenote_category":0,"jetpack_post_was_ever_published":false,"footnotes":""},"class_list":["post-8800","page","type-page","status-publish","hentry"],"yoast_head":"<!-- This site is optimized with the Yoast SEO plugin v26.8 - https:\/\/yoast.com\/product\/yoast-seo-wordpress\/ -->\n<title>Mining in Paradise - CATAPA vzw<\/title>\n<meta name=\"robots\" content=\"index, follow, max-snippet:-1, max-image-preview:large, max-video-preview:-1\" \/>\n<link rel=\"canonical\" href=\"https:\/\/catapa.be\/nl\/mining-in-paradise\/\" \/>\n<meta property=\"og:locale\" content=\"nl_NL\" \/>\n<meta property=\"og:type\" content=\"article\" \/>\n<meta property=\"og:title\" content=\"Mining in Paradise - CATAPA vzw\" \/>\n<meta property=\"og:description\" content=\"\u00a0Mining in Paradise Met de Mining in Paradise-campagne steunden CATAPA de boeren- en milieuorganisaties van vier provincies in Noord-Peru, die geen mijnbouw willen toelaten in hun streek. Omdat mijnbouwbedrijven mensenrechten schenden, lokale ontwikkelingsplannen doorkruisen enRead More\" \/>\n<meta property=\"og:url\" content=\"https:\/\/catapa.be\/nl\/mining-in-paradise\/\" \/>\n<meta property=\"og:site_name\" content=\"CATAPA vzw\" \/>\n<meta property=\"article:publisher\" content=\"https:\/\/www.facebook.com\/catapa.belgium\/\" \/>\n<meta property=\"article:modified_time\" content=\"2019-01-10T15:29:29+00:00\" \/>\n<meta name=\"twitter:card\" content=\"summary_large_image\" \/>\n<meta name=\"twitter:site\" content=\"@CATAPA_Belgica\" \/>\n<meta name=\"twitter:label1\" content=\"Geschatte leestijd\" \/>\n\t<meta name=\"twitter:data1\" content=\"5 minuten\" \/>\n<script type=\"application\/ld+json\" class=\"yoast-schema-graph\">{\"@context\":\"https:\/\/schema.org\",\"@graph\":[{\"@type\":\"WebPage\",\"@id\":\"https:\/\/catapa.be\/nl\/mining-in-paradise\/\",\"url\":\"https:\/\/catapa.be\/nl\/mining-in-paradise\/\",\"name\":\"Mining in Paradise - CATAPA vzw\",\"isPartOf\":{\"@id\":\"https:\/\/catapa.be\/nl\/#website\"},\"datePublished\":\"2019-01-10T15:29:26+00:00\",\"dateModified\":\"2019-01-10T15:29:29+00:00\",\"breadcrumb\":{\"@id\":\"https:\/\/catapa.be\/nl\/mining-in-paradise\/#breadcrumb\"},\"inLanguage\":\"nl-NL\",\"potentialAction\":[{\"@type\":\"ReadAction\",\"target\":[\"https:\/\/catapa.be\/nl\/mining-in-paradise\/\"]}]},{\"@type\":\"BreadcrumbList\",\"@id\":\"https:\/\/catapa.be\/nl\/mining-in-paradise\/#breadcrumb\",\"itemListElement\":[{\"@type\":\"ListItem\",\"position\":1,\"name\":\"Home\",\"item\":\"https:\/\/catapa.be\/nl\/\"},{\"@type\":\"ListItem\",\"position\":2,\"name\":\"Mining in Paradise\"}]},{\"@type\":\"WebSite\",\"@id\":\"https:\/\/catapa.be\/nl\/#website\",\"url\":\"https:\/\/catapa.be\/nl\/\",\"name\":\"CATAPA vzw\",\"description\":\"Comit\u00e9 Acad\u00e9mico T\u00e9cnico de Asesoramiento a Problemas Ambientales\",\"publisher\":{\"@id\":\"https:\/\/catapa.be\/nl\/#organization\"},\"potentialAction\":[{\"@type\":\"SearchAction\",\"target\":{\"@type\":\"EntryPoint\",\"urlTemplate\":\"https:\/\/catapa.be\/nl\/?s={search_term_string}\"},\"query-input\":{\"@type\":\"PropertyValueSpecification\",\"valueRequired\":true,\"valueName\":\"search_term_string\"}}],\"inLanguage\":\"nl-NL\"},{\"@type\":\"Organization\",\"@id\":\"https:\/\/catapa.be\/nl\/#organization\",\"name\":\"CATAPA vzw\",\"url\":\"https:\/\/catapa.be\/nl\/\",\"logo\":{\"@type\":\"ImageObject\",\"inLanguage\":\"nl-NL\",\"@id\":\"https:\/\/catapa.be\/nl\/#\/schema\/logo\/image\/\",\"url\":\"https:\/\/i0.wp.com\/catapa.be\/wp-content\/uploads\/2019\/02\/NEW20LOGO20SHORT20PNG1.png?fit=1259%2C1321&ssl=1\",\"contentUrl\":\"https:\/\/i0.wp.com\/catapa.be\/wp-content\/uploads\/2019\/02\/NEW20LOGO20SHORT20PNG1.png?fit=1259%2C1321&ssl=1\",\"width\":1259,\"height\":1321,\"caption\":\"CATAPA vzw\"},\"image\":{\"@id\":\"https:\/\/catapa.be\/nl\/#\/schema\/logo\/image\/\"},\"sameAs\":[\"https:\/\/www.facebook.com\/catapa.belgium\/\",\"https:\/\/x.com\/CATAPA_Belgica\",\"https:\/\/www.instagram.com\/catapa_vzw\/\",\"https:\/\/be.linkedin.com\/company\/catapavzw\",\"https:\/\/www.youtube.com\/channel\/UCE52-Fiyv-Fpqf2gi1qhf1g\"]}]}<\/script>\n<!-- \/ Yoast SEO plugin. -->","yoast_head_json":{"title":"Mining in Paradise - CATAPA vzw","robots":{"index":"index","follow":"follow","max-snippet":"max-snippet:-1","max-image-preview":"max-image-preview:large","max-video-preview":"max-video-preview:-1"},"canonical":"https:\/\/catapa.be\/nl\/mining-in-paradise\/","og_locale":"nl_NL","og_type":"article","og_title":"Mining in Paradise - CATAPA vzw","og_description":"\u00a0Mining in Paradise Met de Mining in Paradise-campagne steunden CATAPA de boeren- en milieuorganisaties van vier provincies in Noord-Peru, die geen mijnbouw willen toelaten in hun streek. Omdat mijnbouwbedrijven mensenrechten schenden, lokale ontwikkelingsplannen doorkruisen enRead More","og_url":"https:\/\/catapa.be\/nl\/mining-in-paradise\/","og_site_name":"CATAPA vzw","article_publisher":"https:\/\/www.facebook.com\/catapa.belgium\/","article_modified_time":"2019-01-10T15:29:29+00:00","twitter_card":"summary_large_image","twitter_site":"@CATAPA_Belgica","twitter_misc":{"Geschatte leestijd":"5 minuten"},"schema":{"@context":"https:\/\/schema.org","@graph":[{"@type":"WebPage","@id":"https:\/\/catapa.be\/nl\/mining-in-paradise\/","url":"https:\/\/catapa.be\/nl\/mining-in-paradise\/","name":"Mining in Paradise - CATAPA vzw","isPartOf":{"@id":"https:\/\/catapa.be\/nl\/#website"},"datePublished":"2019-01-10T15:29:26+00:00","dateModified":"2019-01-10T15:29:29+00:00","breadcrumb":{"@id":"https:\/\/catapa.be\/nl\/mining-in-paradise\/#breadcrumb"},"inLanguage":"nl-NL","potentialAction":[{"@type":"ReadAction","target":["https:\/\/catapa.be\/nl\/mining-in-paradise\/"]}]},{"@type":"BreadcrumbList","@id":"https:\/\/catapa.be\/nl\/mining-in-paradise\/#breadcrumb","itemListElement":[{"@type":"ListItem","position":1,"name":"Home","item":"https:\/\/catapa.be\/nl\/"},{"@type":"ListItem","position":2,"name":"Mining in Paradise"}]},{"@type":"WebSite","@id":"https:\/\/catapa.be\/nl\/#website","url":"https:\/\/catapa.be\/nl\/","name":"CATAPA vzw","description":"Comit\u00e9 Acad\u00e9mico T\u00e9cnico de Asesoramiento a Problemas Ambientales","publisher":{"@id":"https:\/\/catapa.be\/nl\/#organization"},"potentialAction":[{"@type":"SearchAction","target":{"@type":"EntryPoint","urlTemplate":"https:\/\/catapa.be\/nl\/?s={search_term_string}"},"query-input":{"@type":"PropertyValueSpecification","valueRequired":true,"valueName":"search_term_string"}}],"inLanguage":"nl-NL"},{"@type":"Organization","@id":"https:\/\/catapa.be\/nl\/#organization","name":"CATAPA vzw","url":"https:\/\/catapa.be\/nl\/","logo":{"@type":"ImageObject","inLanguage":"nl-NL","@id":"https:\/\/catapa.be\/nl\/#\/schema\/logo\/image\/","url":"https:\/\/i0.wp.com\/catapa.be\/wp-content\/uploads\/2019\/02\/NEW20LOGO20SHORT20PNG1.png?fit=1259%2C1321&ssl=1","contentUrl":"https:\/\/i0.wp.com\/catapa.be\/wp-content\/uploads\/2019\/02\/NEW20LOGO20SHORT20PNG1.png?fit=1259%2C1321&ssl=1","width":1259,"height":1321,"caption":"CATAPA vzw"},"image":{"@id":"https:\/\/catapa.be\/nl\/#\/schema\/logo\/image\/"},"sameAs":["https:\/\/www.facebook.com\/catapa.belgium\/","https:\/\/x.com\/CATAPA_Belgica","https:\/\/www.instagram.com\/catapa_vzw\/","https:\/\/be.linkedin.com\/company\/catapavzw","https:\/\/www.youtube.com\/channel\/UCE52-Fiyv-Fpqf2gi1qhf1g"]}]}},"jetpack_sharing_enabled":true,"jetpack_likes_enabled":true,"jetpack-related-posts":[{"id":3020,"url":"https:\/\/catapa.be\/nl\/over-ons\/onze-geschiedenis\/","url_meta":{"origin":8800,"position":0},"title":"Onze geschiedenis","author":"Alienor de Sas","date":"20 mei 2018","format":false,"excerpt":"[vc_row full_width=\"stretch_row\" content_placement=\"middle\"][vc_column][vc_cta h2=\"Van BelBol tot...\" h4=\"\u2026horizontale beweging met partnerorganisaties in Peru, Colombia, Ecuador en Bolivia met tal van lopende projecten in Vlaanderen, Europa en in Latijns-Amerika.\" style=\"custom\" custom_background=\"#01a053\" custom_text=\"#ffffff\"][\/vc_cta][\/vc_column][\/vc_row][vc_row full_width=\"stretch_row\" equal_height=\"yes\" css=\".vc_custom_1535455217709{background-color: #f7f7f7 !important;}\" el_id=\"table-of-contents\"][vc_column css_animation=\"none\" width=\"1\/2\"][vc_column_text css=\".vc_custom_1653737462552{padding-left: 50px !important;}\"] Inhoudstafel 2003-2007: van BelBol tot de start van CATAPA\u2026","rel":"","context":"Soortgelijk bericht","block_context":{"text":"Soortgelijk bericht","link":""},"img":{"alt_text":"","src":"https:\/\/i0.wp.com\/catapa.be\/wp-content\/uploads\/2019\/01\/mining-in-paradise-300x300.png?resize=350%2C200&ssl=1","width":350,"height":200},"classes":[]},{"id":3041,"url":"https:\/\/catapa.be\/nl\/ons-werk\/strategie\/","url_meta":{"origin":8800,"position":1},"title":"Strategie","author":"Alienor de Sas","date":"20 mei 2018","format":false,"excerpt":"[vc_row css=\".vc_custom_1533807373745{margin-top: -50px !important;margin-bottom: 50px !important;}\"][vc_column][vc_cta h2=\"CATAPA bestaat uit een kritische beweging van actieve burgers.\" h4=\"Over de landsgrenzen heen streven we op een horizontale wijze naar een wereld waarin de ontginning van niet-hernieuwbare grondstoffen niet langer nodig is.\" style=\"custom\" css_animation=\"none\" custom_background=\"#01a053\" custom_text=\"#ffffff\"][\/vc_cta][\/vc_column][\/vc_row][vc_row full_width=\"stretch_row\" content_placement=\"middle\" css=\".vc_custom_1533808586582{margin-top: -100px !important;background-color: #f7f7f7 !important;}\"][vc_column][vc_column_text]CATAPA bestaat\u2026","rel":"","context":"Soortgelijk bericht","block_context":{"text":"Soortgelijk bericht","link":""},"img":{"alt_text":"","src":"","width":0,"height":0},"classes":[]},{"id":32878,"url":"https:\/\/catapa.be\/nl\/catapa-verwelkomt-activistes-uit-ecuador\/","url_meta":{"origin":8800,"position":2},"title":"CATAPA verwelkomt activistes uit Ecuador","author":"Estefan\u00eda","date":"7 februari 2023","format":false,"excerpt":"[vc_row css=\".vc_custom_1675936624176{margin-top: 0px !important;margin-bottom: 0px !important;border-top-width: 0px !important;border-bottom-width: 0px !important;padding-top: 0px !important;padding-bottom: 0px !important;}\"][vc_column width=\"1\/2\"][vc_cta h2=\"Het recht om 'nee' te zeggen, van Ecuador tot Belgi\u00eb\"][\/vc_cta][vc_gallery type=\"flexslider_slide\" interval=\"10\" images=\"32762,32765,32756,32759,32768\" img_size=\"full\"][\/vc_column][vc_column width=\"1\/2\"][vc_cta h2=\"\" style=\"custom\" custom_background=\"#01a053\" custom_text=\"#ffffff\"]Ook dit jaar nodigt CATAPA activisten uit Latijns-Amerika uit om hun persoonlijke verhaal te brengen en het\u2026","rel":"","context":"Soortgelijk bericht","block_context":{"text":"Soortgelijk bericht","link":""},"img":{"alt_text":"","src":"https:\/\/i0.wp.com\/catapa.be\/wp-content\/uploads\/2023\/02\/webteaser.png?fit=1200%2C675&ssl=1&resize=350%2C200","width":350,"height":200,"srcset":"https:\/\/i0.wp.com\/catapa.be\/wp-content\/uploads\/2023\/02\/webteaser.png?fit=1200%2C675&ssl=1&resize=350%2C200 1x, https:\/\/i0.wp.com\/catapa.be\/wp-content\/uploads\/2023\/02\/webteaser.png?fit=1200%2C675&ssl=1&resize=525%2C300 1.5x, https:\/\/i0.wp.com\/catapa.be\/wp-content\/uploads\/2023\/02\/webteaser.png?fit=1200%2C675&ssl=1&resize=700%2C400 2x, https:\/\/i0.wp.com\/catapa.be\/wp-content\/uploads\/2023\/02\/webteaser.png?fit=1200%2C675&ssl=1&resize=1050%2C600 3x"},"classes":[]},{"id":2957,"url":"https:\/\/catapa.be\/nl\/over-ons\/visie-en-missie\/","url_meta":{"origin":8800,"position":3},"title":"Visie en Missie","author":"Alienor de Sas","date":"20 mei 2018","format":false,"excerpt":"[vc_row css=\".vc_custom_1533807373745{margin-top: -50px !important;margin-bottom: 50px !important;}\"][vc_column][vc_cta h2=\"CATAPA streeft...\" h4=\"...naar een wereld waarin de ontginning van niet-hernieuwbare grondstoffen niet langer nodig is door zich volop te richten op de overgang naar een model dat ontmijnt, ontgroeit en beweegt.\" style=\"custom\" css_animation=\"none\" custom_background=\"#01a053\" custom_text=\"#ffffff\"][\/vc_cta][\/vc_column][\/vc_row][vc_row full_width=\"stretch_row\" content_placement=\"middle\" css=\".vc_custom_1533808586582{margin-top: -100px !important;background-color: #f7f7f7 !important;}\"][vc_column][vc_custom_heading text=\"CATAPA ONTMIJNT\"\u2026","rel":"","context":"Soortgelijk bericht","block_context":{"text":"Soortgelijk bericht","link":""},"img":{"alt_text":"","src":"","width":0,"height":0},"classes":[]},{"id":30808,"url":"https:\/\/catapa.be\/nl\/ons-werk\/afgelopen-campagnes-en-projecten\/goudeerlijk\/","url_meta":{"origin":8800,"position":4},"title":"Goud:Eerlijk?","author":"Truike Geerts","date":"5 juli 2022","format":false,"excerpt":"De campagne GOUD:EERLIJK? was een drie jaar durend initiatief van CATAPA, Ecolife en Netwerk Bewust Verbruiken. Vanuit dit partnerschap namen we een voortrekkersrol in Vlaanderen om de groeiende problematiek die veroorzaakt wordt door (goud)mijnbouw aan te kaarten. Deze sensibiliseringscampagne over de impact van goudontginning op het Zuiden maakte mensen bewust\u2026","rel":"","context":"Soortgelijk bericht","block_context":{"text":"Soortgelijk bericht","link":""},"img":{"alt_text":"P1130975","src":"https:\/\/i0.wp.com\/goudeerlijk.be.catapa.be\/wp-content\/uploads\/2014\/10\/P1130975-300x225.jpg?resize=350%2C200","width":350,"height":200},"classes":[]},{"id":33923,"url":"https:\/\/catapa.be\/nl\/ons-werk\/campagnes\/het-recht-om-nee-te-zeggen\/right-to-say-no-bijeenkomst-in-de-andes\/","url_meta":{"origin":8800,"position":5},"title":"Right To Say No bijeenkomst in de Andes","author":"Simon Berlo","date":"7 augustus 2023","format":false,"excerpt":"[vc_section][vc_row css=\".vc_custom_1690880892961{margin-top: 0px !important;margin-bottom: 0px !important;border-top-width: 0px !important;border-bottom-width: 0px !important;padding-top: 0px !important;padding-bottom: 0px !important;}\"][vc_column css=\".vc_custom_1690880879850{margin-top: 0px !important;margin-bottom: 0px !important;border-top-width: 0px !important;border-bottom-width: 0px !important;padding-top: 0px !important;padding-bottom: 0px !important;}\"][vc_column_text] Kennisuitwisseling en solidariteit in het verzet tegen mijnbouw [\/vc_column_text][vc_column_text]Om de vier jaar ontmoeten de partners van CATAPA elkaar op het grondgebied van een\u2026","rel":"","context":"Soortgelijk bericht","block_context":{"text":"Soortgelijk bericht","link":""},"img":{"alt_text":"","src":"","width":0,"height":0},"classes":[]}],"_links":{"self":[{"href":"https:\/\/catapa.be\/nl\/wp-json\/wp\/v2\/pages\/8800","targetHints":{"allow":["GET"]}}],"collection":[{"href":"https:\/\/catapa.be\/nl\/wp-json\/wp\/v2\/pages"}],"about":[{"href":"https:\/\/catapa.be\/nl\/wp-json\/wp\/v2\/types\/page"}],"author":[{"embeddable":true,"href":"https:\/\/catapa.be\/nl\/wp-json\/wp\/v2\/users\/1"}],"replies":[{"embeddable":true,"href":"https:\/\/catapa.be\/nl\/wp-json\/wp\/v2\/comments?post=8800"}],"version-history":[{"count":2,"href":"https:\/\/catapa.be\/nl\/wp-json\/wp\/v2\/pages\/8800\/revisions"}],"predecessor-version":[{"id":8802,"href":"https:\/\/catapa.be\/nl\/wp-json\/wp\/v2\/pages\/8800\/revisions\/8802"}],"wp:attachment":[{"href":"https:\/\/catapa.be\/nl\/wp-json\/wp\/v2\/media?parent=8800"}],"curies":[{"name":"wp","href":"https:\/\/api.w.org\/{rel}","templated":true}]}}