{"id":9793,"date":"2019-02-19T19:27:50","date_gmt":"2019-02-19T18:27:50","guid":{"rendered":"https:\/\/catapa.be\/avg-privacyverklaring-cookies-info\/"},"modified":"2019-02-19T19:27:51","modified_gmt":"2019-02-19T18:27:51","slug":"avg-privacyverklaring-cookies-info","status":"publish","type":"page","link":"https:\/\/catapa.be\/nl\/avg-privacyverklaring-cookies-info\/","title":{"rendered":"AVG &#8211; Privacyverklaring &#8211; Cookies Info"},"content":{"rendered":"<div class=\"wpb-content-wrapper\"><p>[vc_row][vc_column][vc_column_text]<\/p>\n<h1>AVG &#8211; Privacyverklaring<\/h1>\n<p>[\/vc_column_text][vc_column_text]<b>CATAPA vzw<\/b><span style=\"font-weight: 400;\"> hecht veel waarde aan de bescherming van uw persoonsgegevens (en dat uw privacy wordt gerespecteerd).<\/span><\/p>\n<p><span style=\"font-weight: 400;\">In deze privacyverklaring willen we heldere en transparante informatie geven over hoe wij omgaan met persoonsgegevens. Wij doen er alles aan om uw privacy te waarborgen en gaan daarom zorgvuldig om met persoonsgegevens. CATAPA vzw houdt zich in alle gevallen aan de toepasselijke wet- en regelgeving, waaronder de Algemene Verordening Gegevensbescherming (AVG).<\/span><\/p>\n<p><span style=\"font-weight: 400;\">Dit brengt met zich mee dat wij in ieder geval:<\/span><\/p>\n<ul>\n<li style=\"font-weight: 400;\"><span style=\"font-weight: 400;\">uw persoonsgegevens verwerken in overeenstemming met het doel waarvoor deze zijn verstrekt, deze doelen en type persoonsgegevens zijn beschreven in deze privacyverklaring;<\/span><\/li>\n<li style=\"font-weight: 400;\"><span style=\"font-weight: 400;\">verwerking van uw persoonsgegevens beperkt is tot enkel die gegevens welke minimaal nodig zijn voor de doeleinden waarvoor ze worden verwerkt;<\/span><\/li>\n<li style=\"font-weight: 400;\"><span style=\"font-weight: 400;\">vragen om uw uitdrukkelijke toestemming als wij deze nodig hebben voor de verwerking van uw persoonsgegevens;<\/span><\/li>\n<li style=\"font-weight: 400;\"><span style=\"font-weight: 400;\">passende technische en organisatorische maatregelen hebben genomen zodat de beveiliging van uw persoonsgegevens gewaarborgd is;<\/span><\/li>\n<li style=\"font-weight: 400;\"><span style=\"font-weight: 400;\">geen persoonsgegevens doorgeven aan andere partijen, tenzij dit nodig is voor uitvoering van de doeleinden waarvoor ze zijn verstrekt;<\/span><\/li>\n<li style=\"font-weight: 400;\"><span style=\"font-weight: 400;\">op de hoogte zijn van uw rechten omtrent uw persoonsgegevens, u hierop willen wijzen en deze respecteren.<\/span><\/li>\n<\/ul>\n<p><span style=\"font-weight: 400;\">Als CATAPA vzw zijn wij verantwoordelijk voor de verwerking van uw persoonsgegevens. Indien u na het doornemen van onze privacyverklaring, of in algemenere zin, vragen heeft over de verwerking van uw persoonsgegevens of de uitoefening van uw rechten, kan dit via onderstaande contactgegevens:<\/span><\/p>\n<p><b>CATAPA vzw<\/b><\/p>\n<p><span style=\"font-weight: 400;\">Kon. Maria Hendrikaplein 5\/401<\/span><\/p>\n<p><span style=\"font-weight: 400;\">9000 Gent<\/span><\/p>\n<p><span style=\"font-weight: 400;\">info@catapa.be<\/span><\/p>\n<h2><b>Welke persoonsgegevens verwerken wij en waarom<\/b><\/h2>\n<p><span style=\"font-weight: 400;\">Uw persoonsgegevens worden door CATAPA vzw verwerkt ten behoeve van de volgende doeleinden en rechtsgronden:<\/span><\/p>\n<h3><b>Voor vrijwilligers:<\/b><\/h3>\n<ul>\n<li style=\"font-weight: 400;\"><span style=\"font-weight: 400;\">Het nakomen van onze wettelijke verplichtingen, gekoppeld aan het inzetten van vrijwilligers (verzekeringsplicht, opmaak nominatieve lijst forfaitaire kostenvergoedingen, respecteren van de wettelijke grenzen voor toekenning kostenvergoeding, \u2026);<\/span><\/li>\n<li style=\"font-weight: 400;\"><span style=\"font-weight: 400;\">Het plannen van vrijwilligersactiviteiten en het contacteren van en communiceren met vrijwilligers in dat kader;<\/span><\/li>\n<li style=\"font-weight: 400;\"><span style=\"font-weight: 400;\">Het betalen van kostenvergoedingen aan vrijwilligers.<\/span><\/li>\n<\/ul>\n<h3><b>Voor het algemene publiek:<\/b><\/h3>\n<ul>\n<li style=\"font-weight: 400;\"><span style=\"font-weight: 400;\">Om te kunnen deelnemen aan de activiteiten van CATAPA vzw;<\/span><\/li>\n<li style=\"font-weight: 400;\"><span style=\"font-weight: 400;\">Het versturen van nieuwsbrieven en uitnodigingen;<\/span><\/li>\n<li style=\"font-weight: 400;\"><span style=\"font-weight: 400;\">Het bekomen van subsidi\u00ebring door de overheid.<\/span><\/li>\n<\/ul>\n<h2><b>Voor de bovenstaande doelstellingen kunnen wij de volgende persoonsgegevens van u vragen, verwerken en bewaren:<\/b><\/h2>\n<ul>\n<li style=\"font-weight: 400;\"><span style=\"font-weight: 400;\">Persoonlijke identiteitsgegevens: naam, voornaam, adres, telefoonnummer, e-mailadres<\/span><\/li>\n<li style=\"font-weight: 400;\"><span style=\"font-weight: 400;\">M.b.t kostenvergoedingen: bedrag, bankrekeningnummer voor uitbetaling, bewijsstukken (bij werkelijke kostenvergoeding), aard en bedrag kostenvergoedingen die elders verkregen worden (verklaring op eer)<\/span><\/li>\n<li style=\"font-weight: 400;\"><span style=\"font-weight: 400;\">Over het verrichte vrijwilligerswerk: omschrijving, start- en einddatum, aantal dagen i.f.v. planning, registratie en opmaak nominatieve lijst kostenvergoedingen, interesses aangegeven in contactformulier specifiek voor vrijwilligerswerk bij CATAPA<\/span><\/li>\n<li style=\"font-weight: 400;\"><span style=\"font-weight: 400;\">Handtekening (als onderdeel, deelnemerslijst, kostennota enz.)<\/span><\/li>\n<\/ul>\n<p><span style=\"font-weight: 400;\">We gebruiken de verzamelde gegevens alleen voor de doeleinden waarvoor we de gegevens van u hebben verkregen.<\/span><\/p>\n<h2><b>Verstrekking aan derden:<\/b><\/h2>\n<p><span style=\"font-weight: 400;\">De gegevens die u aan ons geeft, kunnen wij aan derde partijen verstrekken indien dit noodzakelijk is voor de uitvoering van de hierboven beschreven doeleinden.<\/span><\/p>\n<p><span style=\"font-weight: 400;\">Zo maken wij gebruik van derde, gespecialiseerde partijen aan wie wij de volgende taken uitbesteden:<\/span><\/p>\n<ul>\n<li style=\"font-weight: 400;\"><span style=\"font-weight: 400;\">Het verzorgen van de internet omgeving (webhosting, cloudsysteem);<\/span><\/li>\n<li style=\"font-weight: 400;\"><span style=\"font-weight: 400;\">Het verzekeren van onze vrijwilligers;<\/span><\/li>\n<li style=\"font-weight: 400;\"><span style=\"font-weight: 400;\">Het verzorgen (en verspreiden) van nieuwsbrieven en uitnodigingen;<\/span><\/li>\n<li style=\"font-weight: 400;\"><span style=\"font-weight: 400;\">Boekhouding en betalingen (kostenvergoedingen).<\/span><\/li>\n<\/ul>\n<p><span style=\"font-weight: 400;\">Met elk van deze partijen (verwerkers) hebben we een verwerkersovereenkomst afgesloten waarin de nodige afspraken opgenomen zijn om de beveiliging en vertrouwelijkheid van uw persoonsgegevens te waarborgen.<\/span><\/p>\n<p><span style=\"font-weight: 400;\">Verder zullen wij de door u verstrekte gegevens niet aan derden doorgeven, tenzij dit wettelijk verplicht is.<\/span><\/p>\n<p><span style=\"font-weight: 400;\">Tevens kunnen wij persoonsgegevens delen met derden indien u ons hier toestemming voor geeft. U heeft het recht deze toestemming te weigeren en om deze ten allen tijde in te trekken.<\/span><\/p>\n<h2><b>Minderjarigen<\/b><\/h2>\n<p><span style=\"font-weight: 400;\">Wij verwerken enkel en alleen persoonsgegevens van minderjarigen (personen jonger dan 16 jaar) indien daarvoor schriftelijke toestemming is gegeven door de ouder of wettelijke vertegenwoordiger.<\/span><\/p>\n<h2><b>Bewaartermijn<\/b><\/h2>\n<p><span style=\"font-weight: 400;\">CATAPA vzw bewaart persoonsgegevens niet langer dan noodzakelijk voor het doel waarvoor deze zijn verstrekt dan wel op grond van de wet is vereist. CATAPA vzw bewaart persoonsgegevens maximaal 5 jaar na laatste gebruik tenzij het omwille van wettelijke doeleinden langer noodzakelijk is.<\/span><\/p>\n<h2><b>Beveiliging van de gegevens<\/b><\/h2>\n<p><span style=\"font-weight: 400;\">Wij hebben passende technische en organisatorische maatregelen genomen om uw persoonsgegevens te beschermen tegen onrechtmatige verwerking, zo hebben we bijvoorbeeld de volgende maatregelen genomen:<\/span><\/p>\n<ul>\n<li style=\"font-weight: 400;\"><span style=\"font-weight: 400;\">Alle personen die namens CATAPA vzw van uw gegevens kennis kunnen nemen, zijn gehouden aan geheimhouding daarvan. We hanteren een gebruikersnaam en wachtwoordbeleid op al onze systemen;<\/span><\/li>\n<li style=\"font-weight: 400;\"><span style=\"font-weight: 400;\">We zorgen voor de encryptie van persoonsgegevens als daar aanleiding toe is;<\/span><\/li>\n<li style=\"font-weight: 400;\"><span style=\"font-weight: 400;\">Onze medewerkers en vrijwilligers zijn ge\u00efnformeerd over het belang van de bescherming van persoonsgegevens.<\/span><\/li>\n<\/ul>\n<h2><b>Uw rechten omtrent uw gegevens:<\/b><\/h2>\n<p><span style=\"font-weight: 400;\">U heeft recht op inzage en recht op correctie of verwijdering van de persoonsgegeven welke wij van u ontvangen hebben. Tevens kunt u bezwaar (verzet) maken tegen de verwerking van uw persoonsgegevens (of een deel hiervan) door ons of door \u00e9\u00e9n van onze verwerkers.<\/span><\/p>\n<p><b>Bovenaan deze privacyverklaring staat hoe u contact met ons kan opnemen om uw rechten uit te oefenen.<\/b><\/p>\n<h2><b>Klachten<\/b><\/h2>\n<p><span style=\"font-weight: 400;\">Mocht u een klacht hebben over de verwerking van uw persoonsgegevens of over de uitoefening van uw rechten dan vragen wij u hierover direct contact met ons op te nemen.<\/span><\/p>\n<p><span style=\"font-weight: 400;\">U heeft altijd het recht een klacht in te dienen bij de Commissie voor de bescherming van de persoonlijke levenssfeer (CBPL), beter gekend als de privacycommissie, dit is de toezichthoudende autoriteit op het gebied van privacy bescherming.<\/span><\/p>\n<h2><b>Wijziging privacyverklaring<\/b><\/h2>\n<p><b>CATAPA vzw<\/b><span style=\"font-weight: 400;\"> kan haar privacyverklaring wijzigen. De laatste wijziging gebeurde op 20 mei 2018.<\/span>[\/vc_column_text][\/vc_column][\/vc_row][vc_row][vc_column][vc_column_text]<\/p>\n<h1>Cookies informatie<\/h1>\n<p>We zijn er trots op dat we met u de gedetailleerde informatie over het gebruik van cookies op deze website kunnen delen.[\/vc_column_text][vc_column_text]<\/p>\n<p><a href=\"\/\" data-cli_action=\"accept\" id=\"CONSTANT_OPEN_URL\"  class=\"medium cli-plugin-button cli-plugin-main-button cookie_action_close_header cli_action_button wt-cli-accept-btn\" style=\"display:inline-block; \">Accept<\/a> <a href=\"http:\/\/ec.europa.eu\/ipg\/basics\/legal\/cookies\/index_en.htm\" id=\"CONSTANT_OPEN_URL\" target=\"_blank\"  class=\"medium cli-plugin-button cli-plugin-main-button cookie_action_close_header_reject cli_action_button wt-cli-reject-btn\"  data-cli_action=\"reject\">Reject<\/a>[\/vc_column_text][\/vc_column][\/vc_row]<\/p>\n<\/div>","protected":false},"excerpt":{"rendered":"<p>[vc_row][vc_column][vc_column_text] AVG &#8211; Privacyverklaring [\/vc_column_text][vc_column_text]CATAPA vzw hecht veel waarde aan de bescherming van uw persoonsgegevens (en dat uw privacy wordt gerespecteerd). In deze privacyverklaring willen we heldere en transparante informatie geven over hoe wij omgaan<br \/><a class=\"read-more\" href=\"https:\/\/catapa.be\/nl\/avg-privacyverklaring-cookies-info\/\">Read More<\/a><\/p>\n","protected":false},"author":3,"featured_media":0,"parent":0,"menu_order":0,"comment_status":"closed","ping_status":"closed","template":"","meta":{"_exactmetrics_skip_tracking":false,"_exactmetrics_sitenote_active":false,"_exactmetrics_sitenote_note":"","_exactmetrics_sitenote_category":0,"jetpack_post_was_ever_published":false,"footnotes":""},"class_list":["post-9793","page","type-page","status-publish","hentry"],"yoast_head":"<!-- This site is optimized with the Yoast SEO plugin v26.8 - https:\/\/yoast.com\/product\/yoast-seo-wordpress\/ -->\n<title>AVG - Privacyverklaring - Cookies Info - CATAPA vzw<\/title>\n<meta name=\"robots\" content=\"index, follow, max-snippet:-1, max-image-preview:large, max-video-preview:-1\" \/>\n<link rel=\"canonical\" href=\"https:\/\/catapa.be\/nl\/avg-privacyverklaring-cookies-info\/\" \/>\n<meta property=\"og:locale\" content=\"nl_NL\" \/>\n<meta property=\"og:type\" content=\"article\" \/>\n<meta property=\"og:title\" content=\"AVG - Privacyverklaring - Cookies Info - CATAPA vzw\" \/>\n<meta property=\"og:description\" content=\"[vc_row][vc_column][vc_column_text] AVG &#8211; Privacyverklaring [\/vc_column_text][vc_column_text]CATAPA vzw hecht veel waarde aan de bescherming van uw persoonsgegevens (en dat uw privacy wordt gerespecteerd). In deze privacyverklaring willen we heldere en transparante informatie geven over hoe wij omgaanRead More\" \/>\n<meta property=\"og:url\" content=\"https:\/\/catapa.be\/nl\/avg-privacyverklaring-cookies-info\/\" \/>\n<meta property=\"og:site_name\" content=\"CATAPA vzw\" \/>\n<meta property=\"article:publisher\" content=\"https:\/\/www.facebook.com\/catapa.belgium\/\" \/>\n<meta property=\"article:modified_time\" content=\"2019-02-19T18:27:51+00:00\" \/>\n<meta name=\"twitter:card\" content=\"summary_large_image\" \/>\n<meta name=\"twitter:site\" content=\"@CATAPA_Belgica\" \/>\n<meta name=\"twitter:label1\" content=\"Geschatte leestijd\" \/>\n\t<meta name=\"twitter:data1\" content=\"5 minuten\" \/>\n<script type=\"application\/ld+json\" class=\"yoast-schema-graph\">{\"@context\":\"https:\/\/schema.org\",\"@graph\":[{\"@type\":\"WebPage\",\"@id\":\"https:\/\/catapa.be\/nl\/avg-privacyverklaring-cookies-info\/\",\"url\":\"https:\/\/catapa.be\/nl\/avg-privacyverklaring-cookies-info\/\",\"name\":\"AVG - Privacyverklaring - Cookies Info - CATAPA vzw\",\"isPartOf\":{\"@id\":\"https:\/\/catapa.be\/nl\/#website\"},\"datePublished\":\"2019-02-19T18:27:50+00:00\",\"dateModified\":\"2019-02-19T18:27:51+00:00\",\"breadcrumb\":{\"@id\":\"https:\/\/catapa.be\/nl\/avg-privacyverklaring-cookies-info\/#breadcrumb\"},\"inLanguage\":\"nl-NL\",\"potentialAction\":[{\"@type\":\"ReadAction\",\"target\":[\"https:\/\/catapa.be\/nl\/avg-privacyverklaring-cookies-info\/\"]}]},{\"@type\":\"BreadcrumbList\",\"@id\":\"https:\/\/catapa.be\/nl\/avg-privacyverklaring-cookies-info\/#breadcrumb\",\"itemListElement\":[{\"@type\":\"ListItem\",\"position\":1,\"name\":\"Home\",\"item\":\"https:\/\/catapa.be\/nl\/\"},{\"@type\":\"ListItem\",\"position\":2,\"name\":\"AVG &#8211; Privacyverklaring &#8211; Cookies Info\"}]},{\"@type\":\"WebSite\",\"@id\":\"https:\/\/catapa.be\/nl\/#website\",\"url\":\"https:\/\/catapa.be\/nl\/\",\"name\":\"CATAPA vzw\",\"description\":\"Comit\u00e9 Acad\u00e9mico T\u00e9cnico de Asesoramiento a Problemas Ambientales\",\"publisher\":{\"@id\":\"https:\/\/catapa.be\/nl\/#organization\"},\"potentialAction\":[{\"@type\":\"SearchAction\",\"target\":{\"@type\":\"EntryPoint\",\"urlTemplate\":\"https:\/\/catapa.be\/nl\/?s={search_term_string}\"},\"query-input\":{\"@type\":\"PropertyValueSpecification\",\"valueRequired\":true,\"valueName\":\"search_term_string\"}}],\"inLanguage\":\"nl-NL\"},{\"@type\":\"Organization\",\"@id\":\"https:\/\/catapa.be\/nl\/#organization\",\"name\":\"CATAPA vzw\",\"url\":\"https:\/\/catapa.be\/nl\/\",\"logo\":{\"@type\":\"ImageObject\",\"inLanguage\":\"nl-NL\",\"@id\":\"https:\/\/catapa.be\/nl\/#\/schema\/logo\/image\/\",\"url\":\"https:\/\/i0.wp.com\/catapa.be\/wp-content\/uploads\/2019\/02\/NEW20LOGO20SHORT20PNG1.png?fit=1259%2C1321&ssl=1\",\"contentUrl\":\"https:\/\/i0.wp.com\/catapa.be\/wp-content\/uploads\/2019\/02\/NEW20LOGO20SHORT20PNG1.png?fit=1259%2C1321&ssl=1\",\"width\":1259,\"height\":1321,\"caption\":\"CATAPA vzw\"},\"image\":{\"@id\":\"https:\/\/catapa.be\/nl\/#\/schema\/logo\/image\/\"},\"sameAs\":[\"https:\/\/www.facebook.com\/catapa.belgium\/\",\"https:\/\/x.com\/CATAPA_Belgica\",\"https:\/\/www.instagram.com\/catapa_vzw\/\",\"https:\/\/be.linkedin.com\/company\/catapavzw\",\"https:\/\/www.youtube.com\/channel\/UCE52-Fiyv-Fpqf2gi1qhf1g\"]}]}<\/script>\n<!-- \/ Yoast SEO plugin. -->","yoast_head_json":{"title":"AVG - Privacyverklaring - Cookies Info - CATAPA vzw","robots":{"index":"index","follow":"follow","max-snippet":"max-snippet:-1","max-image-preview":"max-image-preview:large","max-video-preview":"max-video-preview:-1"},"canonical":"https:\/\/catapa.be\/nl\/avg-privacyverklaring-cookies-info\/","og_locale":"nl_NL","og_type":"article","og_title":"AVG - Privacyverklaring - Cookies Info - CATAPA vzw","og_description":"[vc_row][vc_column][vc_column_text] AVG &#8211; Privacyverklaring [\/vc_column_text][vc_column_text]CATAPA vzw hecht veel waarde aan de bescherming van uw persoonsgegevens (en dat uw privacy wordt gerespecteerd). In deze privacyverklaring willen we heldere en transparante informatie geven over hoe wij omgaanRead More","og_url":"https:\/\/catapa.be\/nl\/avg-privacyverklaring-cookies-info\/","og_site_name":"CATAPA vzw","article_publisher":"https:\/\/www.facebook.com\/catapa.belgium\/","article_modified_time":"2019-02-19T18:27:51+00:00","twitter_card":"summary_large_image","twitter_site":"@CATAPA_Belgica","twitter_misc":{"Geschatte leestijd":"5 minuten"},"schema":{"@context":"https:\/\/schema.org","@graph":[{"@type":"WebPage","@id":"https:\/\/catapa.be\/nl\/avg-privacyverklaring-cookies-info\/","url":"https:\/\/catapa.be\/nl\/avg-privacyverklaring-cookies-info\/","name":"AVG - Privacyverklaring - Cookies Info - CATAPA vzw","isPartOf":{"@id":"https:\/\/catapa.be\/nl\/#website"},"datePublished":"2019-02-19T18:27:50+00:00","dateModified":"2019-02-19T18:27:51+00:00","breadcrumb":{"@id":"https:\/\/catapa.be\/nl\/avg-privacyverklaring-cookies-info\/#breadcrumb"},"inLanguage":"nl-NL","potentialAction":[{"@type":"ReadAction","target":["https:\/\/catapa.be\/nl\/avg-privacyverklaring-cookies-info\/"]}]},{"@type":"BreadcrumbList","@id":"https:\/\/catapa.be\/nl\/avg-privacyverklaring-cookies-info\/#breadcrumb","itemListElement":[{"@type":"ListItem","position":1,"name":"Home","item":"https:\/\/catapa.be\/nl\/"},{"@type":"ListItem","position":2,"name":"AVG &#8211; Privacyverklaring &#8211; Cookies Info"}]},{"@type":"WebSite","@id":"https:\/\/catapa.be\/nl\/#website","url":"https:\/\/catapa.be\/nl\/","name":"CATAPA vzw","description":"Comit\u00e9 Acad\u00e9mico T\u00e9cnico de Asesoramiento a Problemas Ambientales","publisher":{"@id":"https:\/\/catapa.be\/nl\/#organization"},"potentialAction":[{"@type":"SearchAction","target":{"@type":"EntryPoint","urlTemplate":"https:\/\/catapa.be\/nl\/?s={search_term_string}"},"query-input":{"@type":"PropertyValueSpecification","valueRequired":true,"valueName":"search_term_string"}}],"inLanguage":"nl-NL"},{"@type":"Organization","@id":"https:\/\/catapa.be\/nl\/#organization","name":"CATAPA vzw","url":"https:\/\/catapa.be\/nl\/","logo":{"@type":"ImageObject","inLanguage":"nl-NL","@id":"https:\/\/catapa.be\/nl\/#\/schema\/logo\/image\/","url":"https:\/\/i0.wp.com\/catapa.be\/wp-content\/uploads\/2019\/02\/NEW20LOGO20SHORT20PNG1.png?fit=1259%2C1321&ssl=1","contentUrl":"https:\/\/i0.wp.com\/catapa.be\/wp-content\/uploads\/2019\/02\/NEW20LOGO20SHORT20PNG1.png?fit=1259%2C1321&ssl=1","width":1259,"height":1321,"caption":"CATAPA vzw"},"image":{"@id":"https:\/\/catapa.be\/nl\/#\/schema\/logo\/image\/"},"sameAs":["https:\/\/www.facebook.com\/catapa.belgium\/","https:\/\/x.com\/CATAPA_Belgica","https:\/\/www.instagram.com\/catapa_vzw\/","https:\/\/be.linkedin.com\/company\/catapavzw","https:\/\/www.youtube.com\/channel\/UCE52-Fiyv-Fpqf2gi1qhf1g"]}]}},"jetpack_sharing_enabled":true,"jetpack_likes_enabled":true,"jetpack-related-posts":[{"id":33786,"url":"https:\/\/catapa.be\/nl\/ons-werk\/campagnes\/het-recht-om-nee-te-zeggen\/","url_meta":{"origin":9793,"position":0},"title":"Het recht om &#8216;nee&#8217; te zeggen","author":"Estefan\u00eda","date":"19 juli 2023","format":false,"excerpt":"[vc_row full_width=\"stretch_row\" css=\".vc_custom_1535376197063{margin-bottom: 0px !important;border-bottom-width: 0px !important;padding-bottom: 0px !important;background-color: #efefef !important;}\" el_id=\"nieuwste-artikelen\"][vc_column css=\".vc_custom_1535376096604{margin-top: 0px !important;margin-bottom: 0px !important;border-top-width: 0px !important;border-bottom-width: 0px !important;padding-top: 0px !important;padding-bottom: 0px !important;}\"][vc_cta h2=\"Steun het recht om 'nee' te zeggen!\" add_button=\"bottom\" btn_title=\"Doneer en steun het recht om 'nee' te zeggen\" btn_color=\"success\" btn_align=\"center\" btn_link=\"url:https%3A%2F%2Fcatapa.be%2Fnl%2Fdoe-mee%2Fdoneer-nu%2F|target:_blank\"]Vraag je je af hoe je\u2026","rel":"","context":"Soortgelijk bericht","block_context":{"text":"Soortgelijk bericht","link":""},"img":{"alt_text":"","src":"https:\/\/i0.wp.com\/catapa.be\/wp-content\/uploads\/2023\/02\/WhatsApp-Image-2023-01-18-at-15.52.04-300x200.jpeg?resize=350%2C200&ssl=1","width":350,"height":200},"classes":[]},{"id":28009,"url":"https:\/\/catapa.be\/nl\/ctrlaltdelete-onze-eisen-visie\/","url_meta":{"origin":9793,"position":1},"title":"ONZE EISEN &#038; VISIE","author":"Mathieu Cieters","date":"17 februari 2022","format":false,"excerpt":"[vc_row css=\".vc_custom_1645205900541{padding-right: 20px !important;padding-left: 20px !important;background-color: #1767fd !important;}\"][vc_column width=\"1\/12\"][\/vc_column][vc_column width=\"10\/12\"][vc_column_text el_class=\"geletekst typtekst\" css=\".vc_custom_1645208839289{padding-top: 35px !important;}\"] Ctrl Alt DELETE. Stop #EXPRESDEFECT [\/vc_column_text][vc_column_text el_class=\"typtekst\"] CTRL [\/vc_column_text][vc_column_text el_class=\"wittetekst schreefloos\"] CONTROLE & transparantie op de productie van ICT. [\/vc_column_text][vc_column_text el_class=\"typtekst\"] ALT [\/vc_column_text][vc_column_text el_class=\"wittetekst schreefloos\"] Een ALTERNATIEVE wetgeving die geplande veroudering aan banden legt. [\/vc_column_text][vc_column_text\u2026","rel":"","context":"Soortgelijk bericht","block_context":{"text":"Soortgelijk bericht","link":""},"img":{"alt_text":"","src":"https:\/\/i0.wp.com\/catapa.be\/wp-content\/uploads\/2023\/03\/Mechelen_RGB-300x102.jpg?resize=350%2C200&ssl=1","width":350,"height":200},"classes":[]},{"id":32878,"url":"https:\/\/catapa.be\/nl\/catapa-verwelkomt-activistes-uit-ecuador\/","url_meta":{"origin":9793,"position":2},"title":"CATAPA verwelkomt activistes uit Ecuador","author":"Estefan\u00eda","date":"7 februari 2023","format":false,"excerpt":"[vc_row css=\".vc_custom_1675936624176{margin-top: 0px !important;margin-bottom: 0px !important;border-top-width: 0px !important;border-bottom-width: 0px !important;padding-top: 0px !important;padding-bottom: 0px !important;}\"][vc_column width=\"1\/2\"][vc_cta h2=\"Het recht om 'nee' te zeggen, van Ecuador tot Belgi\u00eb\"][\/vc_cta][vc_gallery type=\"flexslider_slide\" interval=\"10\" images=\"32762,32765,32756,32759,32768\" img_size=\"full\"][\/vc_column][vc_column width=\"1\/2\"][vc_cta h2=\"\" style=\"custom\" custom_background=\"#01a053\" custom_text=\"#ffffff\"]Ook dit jaar nodigt CATAPA activisten uit Latijns-Amerika uit om hun persoonlijke verhaal te brengen en het\u2026","rel":"","context":"Soortgelijk bericht","block_context":{"text":"Soortgelijk bericht","link":""},"img":{"alt_text":"","src":"https:\/\/i0.wp.com\/catapa.be\/wp-content\/uploads\/2023\/02\/webteaser.png?fit=1200%2C675&ssl=1&resize=350%2C200","width":350,"height":200,"srcset":"https:\/\/i0.wp.com\/catapa.be\/wp-content\/uploads\/2023\/02\/webteaser.png?fit=1200%2C675&ssl=1&resize=350%2C200 1x, https:\/\/i0.wp.com\/catapa.be\/wp-content\/uploads\/2023\/02\/webteaser.png?fit=1200%2C675&ssl=1&resize=525%2C300 1.5x, https:\/\/i0.wp.com\/catapa.be\/wp-content\/uploads\/2023\/02\/webteaser.png?fit=1200%2C675&ssl=1&resize=700%2C400 2x, https:\/\/i0.wp.com\/catapa.be\/wp-content\/uploads\/2023\/02\/webteaser.png?fit=1200%2C675&ssl=1&resize=1050%2C600 3x"},"classes":[]},{"id":3010,"url":"https:\/\/catapa.be\/nl\/cases\/griekenland\/","url_meta":{"origin":9793,"position":3},"title":"Griekenland","author":"Alienor de Sas","date":"23 mei 2018","format":false,"excerpt":"[vc_row][vc_column][vc_cta h2=\"Skouries is een kleine plaats in de Griekse provincie Halkidiki. Dit schiereiland wordt het geheime paradijs van dit land genoemd.\" h4=\"De wilde natuur, rijke biodiversiteit en mix aan bergen, bossen, zee en strand maken van dit gebied \u00e9\u00e9n van de meest toeristische plaatsen van Griekenland. De mensen in deze\u2026","rel":"","context":"Soortgelijk bericht","block_context":{"text":"Soortgelijk bericht","link":""},"img":{"alt_text":"","src":"https:\/\/i0.wp.com\/catapa.be\/sites\/default\/files\/resize\/wysiwyg\/Cases\/Greece\/greece_hellasgold-300x197.jpg?resize=350%2C200","width":350,"height":200},"classes":[]},{"id":30808,"url":"https:\/\/catapa.be\/nl\/ons-werk\/afgelopen-campagnes-en-projecten\/goudeerlijk\/","url_meta":{"origin":9793,"position":4},"title":"Goud:Eerlijk?","author":"Truike Geerts","date":"5 juli 2022","format":false,"excerpt":"De campagne GOUD:EERLIJK? was een drie jaar durend initiatief van CATAPA, Ecolife en Netwerk Bewust Verbruiken. Vanuit dit partnerschap namen we een voortrekkersrol in Vlaanderen om de groeiende problematiek die veroorzaakt wordt door (goud)mijnbouw aan te kaarten. Deze sensibiliseringscampagne over de impact van goudontginning op het Zuiden maakte mensen bewust\u2026","rel":"","context":"Soortgelijk bericht","block_context":{"text":"Soortgelijk bericht","link":""},"img":{"alt_text":"P1130975","src":"https:\/\/i0.wp.com\/goudeerlijk.be.catapa.be\/wp-content\/uploads\/2014\/10\/P1130975-300x225.jpg?resize=350%2C200","width":350,"height":200},"classes":[]},{"id":27988,"url":"https:\/\/catapa.be\/nl\/ctrlaltdelete-geplande-veroudering\/","url_meta":{"origin":9793,"position":5},"title":"GEPLANDE VEROUDERING","author":"Mathieu Cieters","date":"17 februari 2022","format":false,"excerpt":"[vc_row equal_height=\"yes\" css=\".vc_custom_1707829404986{padding-top: 0px !important;padding-right: 0px !important;padding-bottom: 0px !important;padding-left: 20px !important;background-color: #ffffff !important;background-position: center !important;background-repeat: no-repeat !important;background-size: cover !important;}\"][vc_column width=\"1\/2\"][vc_column_text el_class=\"blauwetekst schreefloos hoofdletters\" css=\".vc_custom_1645183470052{padding-top: 35px !important;padding-bottom: 0px !important;}\"] Geplande veroudering in een notendop. [\/vc_column_text][vc_column_text el_class=\"blauwetekst schreefloos kleinetekst hoofdletters\"]Al voorgehad dat\u2026[\/vc_column_text][vc_column_text el_class=\"blauwetekst schreefloos kleinetekst\"] Je laptop net na de garantieperiode stuk\u2026","rel":"","context":"Soortgelijk bericht","block_context":{"text":"Soortgelijk bericht","link":""},"img":{"alt_text":"","src":"","width":0,"height":0},"classes":[]}],"_links":{"self":[{"href":"https:\/\/catapa.be\/nl\/wp-json\/wp\/v2\/pages\/9793","targetHints":{"allow":["GET"]}}],"collection":[{"href":"https:\/\/catapa.be\/nl\/wp-json\/wp\/v2\/pages"}],"about":[{"href":"https:\/\/catapa.be\/nl\/wp-json\/wp\/v2\/types\/page"}],"author":[{"embeddable":true,"href":"https:\/\/catapa.be\/nl\/wp-json\/wp\/v2\/users\/3"}],"replies":[{"embeddable":true,"href":"https:\/\/catapa.be\/nl\/wp-json\/wp\/v2\/comments?post=9793"}],"version-history":[{"count":1,"href":"https:\/\/catapa.be\/nl\/wp-json\/wp\/v2\/pages\/9793\/revisions"}],"predecessor-version":[{"id":9794,"href":"https:\/\/catapa.be\/nl\/wp-json\/wp\/v2\/pages\/9793\/revisions\/9794"}],"wp:attachment":[{"href":"https:\/\/catapa.be\/nl\/wp-json\/wp\/v2\/media?parent=9793"}],"curies":[{"name":"wp","href":"https:\/\/api.w.org\/{rel}","templated":true}]}}